{"id":4470,"date":"2021-08-25T12:19:13","date_gmt":"2021-08-25T10:19:13","guid":{"rendered":"https:\/\/www.kaduk-bauelemente.de\/leistungen\/rollladen-bardowick\/"},"modified":"2021-08-25T12:19:13","modified_gmt":"2021-08-25T10:19:13","slug":"rollladen-bardowick","status":"publish","type":"page","link":"https:\/\/www.kaduk-bauelemente.de\/leistungen\/rollladen-bardowick\/","title":{"rendered":"Rollladen &#8211; Bardowick"},"content":{"rendered":"<h3>Der passende Rollladen erh\u00f6ht den Wohnwert<\/h3>\n<p>Ein Rollladen wird von au\u00dfen an ein Fenster oder an die T\u00fcr angebracht. Er n\u00fctzt als erweiterte Befestigung. In der Regel wird der Rollladen als Sichtschutz und als Einbruchsschutz verwendet. Hin und wieder dient ein Rollladen aber auch als zus\u00e4tzliche W\u00e4rmeisolierung. Gerade im Sommer bewahrt der Rollladen die Innenr\u00e4ume eines Geb\u00e4udes vor enormer W\u00e4rme. Auch unterst\u00fctzt ein Rollladen dabei, wertvolle Energie zu sparen. Ein Rollladen erinnert in Beschaffenheit sowie Bauart an ein Rolltor. Die jeweiligen Einzelelemente sind dynamisch und k\u00f6nnen entweder h\u00e4ndisch oder automatisch runter- und hochgefahren werden. Fachgerecht montiert, bietet ein Rollladen einen einwandfreien und sicheren Verschluss f\u00fcr ein Fenster beziehungsweise eine T\u00fcr. <\/p>\n<p>Der Rollladen ist in unterschiedlichen Varianten erh\u00e4ltlich. Die meisten Kunden entscheiden sich f\u00fcr einen Rollladen aus geh\u00e4rtetem PVC oder aus Aluminium. Seltener werden Holz oder Stahl als Materialien verwendet. Wir raten unseren Kunden meistens zu einem Rollladen aus Aluminium. <\/p>\n<h3>Ein neuer Rollladen f\u00fcr Ihre Immobilie<\/h3>\n<p>F\u00fcr den Fall das Ihr gebrauchter Rollladen nicht mehr funktioniert, so steht Ihnen unser Team auch f\u00fcr Wartungsarbeiten und Reparaturen bereit. Nicht grunds\u00e4tzlich ist eine komplette Neulieferung angezeigt. Selbst wenn die urspr\u00fcngliche Installation nicht durch uns ausgef\u00fchrt wurde: Scheuen Sie sich nicht und rufen Sie uns an. Wir reparieren Ihren Rollladen mit Vergn\u00fcgen.<\/p>\n","protected":false},"excerpt":{"rendered":"<p>Der passende Rollladen erh\u00f6ht den Wohnwert Ein Rollladen wird von au\u00dfen an ein Fenster oder an die T\u00fcr angebracht. Er n\u00fctzt als erweiterte Befestigung. In der Regel wird der Rollladen als Sichtschutz und als Einbruchsschutz verwendet. Hin und wieder dient ein Rollladen aber auch als zus\u00e4tzliche W\u00e4rmeisolierung. Gerade im Sommer bewahrt der Rollladen die Innenr\u00e4ume [&hellip;]<\/p>\n","protected":false},"author":1,"featured_media":0,"parent":0,"menu_order":0,"comment_status":"closed","ping_status":"closed","template":"","meta":{"footnotes":""},"class_list":["post-4470","page","type-page","status-publish","hentry"],"meta_box":{"popseo_subtitel":"Kaduk Bauelemente ist Ihr Spezialist f\u00fcr Rollladen in Bardowick","popseo_subtitel2":"Rollladen - unsere Spezialisten kennen sich aus!","popseo_lasttitel":"Rollladen: F\u00fcr weitere Informationen sprechen Sie uns bitte an","popseo_region":"Bardowick","popseo_sachwort":"Rollladen","popseo_noupdate":"","popseo_einleitungstext":"<p>Sehr gerne informieren wir Sie n\u00e4her \u00fcber unsere Produkte und unser Aufgabengebiet. Wir nennen Ihnen mit Vergn\u00fcgen auch ein paar Referenzen, die Ihnen einen Einblick in unsere Firment\u00e4tigkeit geben.<br \/>\nSchenken Sie uns Ihr Vertrauen. Rufen Sie uns doch einfach einmal an oder schicken Sie uns eine kurze E-Mail. Wir freuen uns auf den Kontakt zu Ihnen.<\/p>","popseo_schlusstext":"<p>Wenn Sie ein erfahrenes Unternehmen f\u00fcr moderne Sicherheits- und Sonnenschutzprodukte suchen, sind Sie bei uns genau richtig. Sie m\u00f6chten mehr \u00fcber uns erfahren? Als auf Bauelemente spezialisierte Handwerksfirma sind wir f\u00fcr Ihr Vorhaben der optimale Dienstleister und freuen uns \u00fcber Ihre Kontaktaufnahme, egal ob durch Griff zum Telefonh\u00f6rer oder E-Mail. Worauf Sie neben unserem fachlichen Know-how setzen d\u00fcrfen: Unser Team arbeitet absolut zuverl\u00e4ssig und wird mit Elan und Schwung f\u00fcr Sie t\u00e4tig. Wir freuen uns auf Sie!<\/p>","popseo_stadttext":"<h3>Vor Ort in Bardowick<\/h3>\n<p>Bardowick ist ein Flecken in der unmittelbaren Nachbarschaft von Winsen (Luhe) und L\u00fcneburg. Verwaltungstechnisch geh\u00f6rt die Gemeinde zum Landkreis L\u00fcneburg. Bardowick hat etwas weniger als 7.000 gemeldete B\u00fcrger und streckt sich \u00fcber eine Fl\u00e4che von etwa 23 km\u00b2. Die Gemeinde ist Verwaltungssitz der Samtgemeinde Bardowick, einer Vereinigung von sieben kleineren Orten \u2013 neben Bardowick selbst sind dies Barum, Handorf, Mechtersen, Radbruch, Wittorf und V\u00f6gelsen. Die Samtgemeinde z\u00e4hlt insgesamt etwa 18.000 B\u00fcrger und erstreckt sich \u00fcber eine Fl\u00e4che von etwas mehr als 100 km\u00b2.<\/p>\n<p>Durch unsere Vertriebst\u00e4tigkeit haben wir uns einen sehr guten \u00dcberblick \u00fcber die Architektur der Gemeinden und St\u00e4dte unseres Einzugsbereiches machen k\u00f6nnen. Sie kommen aus der Samtgemeinde Bardowick und sind hier im World Wide Web auf unsere Website gesto\u00dfen? Das finden wir klasse. Sehr gerne pr\u00e4sentieren wir Ihnen unser komplettes Leistungsspektrum und beantworten Ihre Fragen. Wir freuen uns darauf, mit Ihnen in Kontakt zu treten. <\/p>\n<h3>Gute Gr\u00fcnde sprechen f\u00fcr den Wohnort Bardowick<\/h3>\n<p>Die Wirtschaft der Samtgemeinde Bardowick wird dominiert von kleinen Unternehmen.  Schwerpunkt ist die Landwirtschaft, hier speziell der M\u00f6hren- und Spargelanbau. In jedem Jahr wird in der Gemeinde aus diesem Grund auch die sogenannte Wurzelk\u00f6nigin gew\u00e4hlt \u2013 ein Titel, der vermutlich einmalig ist. Verkehrstechnisch ist der Flecken Bardowick gut erreichbar: In direkter N\u00e4he des Gemeindegebietes liegt eine Anschlussstelle zur BAB 39 in Richtung Hamburg. Au\u00dferdem erreicht man den Ort mit der Eisenbahn auf der Streckenverbindung Hamburg-Hannover. Bardowick ist ein attraktiver Ort mit einem l\u00e4ndlichem Charme. Der charmante Flecken ist eine familiengerechte Ortschaft und bietet den Einwohnern ein besonders abwechslungsreiches Umfeld zum Leben und Arbeiten.       <\/p>\n<h4>Hohe Qualit\u00e4t f\u00fcr Kunden aus Bardowick<\/h4>\n<p>Sie wohnen in Bardowick, Barum, Handorf, Mechtersen, Radbruch, V\u00f6gelsen oder Wittorf und interessieren sich f\u00fcr unser Leistungsangebot. Prima, dass Sie diese Seite gefunden haben. F\u00fcr R\u00fcckfragen sind wir jederzeit f\u00fcr Sie da. Unser engagiertes Team freut sich auf Sie.<\/p>","popseo_zusatztext":"<h3>G\u00fcnstig und preiswert \u2013 darauf d\u00fcrfen Sie setzen<\/h3>\n<p>Bauelemente m\u00fcssen h\u00f6chsten Erwartungen standhalten. Trotzdem darf es g\u00fcnstig und preiswert sein. Das muss generell kein Gegensatz sein. <\/p>\n<p>Als Fachunternehmen f\u00fcr Sonnenschutz und Sicherheit verwenden wir ausschlie\u00dflich ausgezeichnete Erzeugnisse. Nichtsdestotrotz achten wir grunds\u00e4tzlich auf ein passendes Preis-Leistungsverh\u00e4ltnis. Wir m\u00f6chten Ihnen Qualit\u00e4t bieten, die gleichzeitig auch g\u00fcnstig und preiswert ist. Geben Sie Ihrem Heim g\u00fcnstig und preiswert das besondere Mehr an Qualit\u00e4t. Markisen und Rolll\u00e4den oder andere Sonnenschutzl\u00f6sungen sehen nicht nur schmuck aus, sie leisten auch einen wichtigen Beitrag zur W\u00e4rmed\u00e4mmung.  <\/p>\n<h3>G\u00fcnstig und preiswert ohne Abstriche bei der Qualit\u00e4t<\/h3>\n<p>D\u00fcrfen wir Sie informieren, wie Sie g\u00fcnstig und preiswert einen optimalen Sonnenschutz f\u00fcr Ihr Haus verwirklichen? Toll, dann warten Sie bitte nicht und nehmen am besten sofort heute noch Verbindung mit uns auf. Ein kurzer Telefonanruf oder eine kurze eMail gen\u00fcgen. Gerne beraten Sie unsere perfekt geschulten Fachleute \u00fcber die diversen M\u00f6glichkeiten, wie Sie Ihr Heim g\u00fcnstig und preiswert mit Rolll\u00e4den und Markisen oder anderen Sonnenschutzprodukten versehen. Wir freuen uns auf den Austausch mit Ihnen. <\/p>\n<h4>G\u00fcnstig und preiswert \u2013 manchmal macht auch der Preis den Unterschied<\/h4>\n<p>Z\u00e4hlen Sie beim Thema Sonnenschutz und Sicherheit auf den Spezialisten. Nur ein Spezialbetrieb kennt die unterschiedlichen Optionen, wie Sie g\u00fcnstig und preiswert, gleichzeitig qualitativ hochwertig einen optimalen Sonnenschutz verwirklichen. Qualit\u00e4tsbewusst, g\u00fcnstig und preiswert: Wir empfehlen uns als spezialisiertes Unternehmen im n\u00f6rdlichen Raum. Unsere langj\u00e4hrige Erfahrung zeichnet uns aus.<\/p>","popseo_links":"<a href=\"https:\/\/www.kaduk-bauelemente.de\/leistungen\/haustueren-geesthacht\/\">Haust\u00fcren Geesthacht<\/a>, <a href=\"https:\/\/www.kaduk-bauelemente.de\/leistungen\/sektionaltore-ebstorf\/\">Sektionaltore Ebstorf<\/a>, <a href=\"https:\/\/www.kaduk-bauelemente.de\/leistungen\/garagentore-ebstorf\/\">Garagentore Ebstorf<\/a>, <a href=\"https:\/\/www.kaduk-bauelemente.de\/leistungen\/fliegengitter-boizenburg\/\">Fliegengitter Boizenburg<\/a>, <a href=\"https:\/\/www.kaduk-bauelemente.de\/leistungen\/terrassenueberdachungen-aus-aluminium-maschen\/\">Terrassen\u00fcberdachungen aus Aluminium Maschen<\/a>, <a href=\"https:\/\/www.kaduk-bauelemente.de\/leistungen\/sektionaltore-jesteburg\/\">Sektionaltore Jesteburg<\/a>, <a href=\"https:\/\/www.kaduk-bauelemente.de\/leistungen\/garagen-bergedorf-wentorf\/\">Garagen Bergedorf Wentorf<\/a>, <a href=\"https:\/\/www.kaduk-bauelemente.de\/leistungen\/zaeune-amt-neuhaus\/\">Z\u00e4une Amt Neuhaus<\/a>, <a href=\"https:\/\/www.kaduk-bauelemente.de\/leistungen\/holzfenster-boizenburg\/\">Holzfenster Boizenburg<\/a>, <a href=\"https:\/\/www.kaduk-bauelemente.de\/leistungen\/rolltore-bardowick\/\">Rolltore Bardowick<\/a>, <a href=\"https:\/\/www.kaduk-bauelemente.de\/leistungen\/terrassenueberdachungen-aus-holz-stelle\/\">Terrassen\u00fcberdachungen aus Holz Stelle<\/a>, <a href=\"https:\/\/www.kaduk-bauelemente.de\/leistungen\/rolltore-herzogtum-lauenburg\/\">Rolltore Herzogtum Lauenburg<\/a>, <a href=\"https:\/\/www.kaduk-bauelemente.de\/leistungen\/insektenschutz-reinbek-glinde\/\">Insektenschutz Reinbek Glinde<\/a>, <a href=\"https:\/\/www.kaduk-bauelemente.de\/leistungen\/fliegengitter-harburg\/\">Fliegengitter Harburg<\/a>, <a href=\"https:\/\/www.kaduk-bauelemente.de\/leistungen\/rolltore-uelzen\/\">Rolltore Uelzen<\/a>, <a href=\"https:\/\/www.kaduk-bauelemente.de\/leistungen\/terrassendaecher-aus-aluminium-schwarzenbek\/\">Terrassend\u00e4cher aus Aluminium Schwarzenbek<\/a>, <a href=\"https:\/\/www.kaduk-bauelemente.de\/leistungen\/rolllaeden-lueneburg\/\">Rolll\u00e4den L\u00fcneburg<\/a>, <a href=\"https:\/\/www.kaduk-bauelemente.de\/leistungen\/holzfenster-tostedt-sittensen\/\">Holzfenster Tostedt Sittensen<\/a>, <a href=\"https:\/\/www.kaduk-bauelemente.de\/leistungen\/aussenjalousien-harburg\/\">Au\u00dfenjalousien Harburg<\/a>, <a href=\"https:\/\/www.kaduk-bauelemente.de\/leistungen\/tueren-bergedorf-wentorf\/\">T\u00fcren Bergedorf Wentorf<\/a>, <a href=\"https:\/\/www.kaduk-bauelemente.de\/leistungen\/insektenschutz-seevetal-rosengarten\/\">Insektenschutz Seevetal Rosengarten<\/a>, <a href=\"https:\/\/www.kaduk-bauelemente.de\/leistungen\/kunststofffenster-hanstedt\/\">Kunststofffenster Hanstedt<\/a>, <a href=\"https:\/\/www.kaduk-bauelemente.de\/leistungen\/insektenschutz-uelzen\/\">Insektenschutz Uelzen<\/a>, <a href=\"https:\/\/www.kaduk-bauelemente.de\/leistungen\/garagentore-boizenburg\/\">Garagentore Boizenburg<\/a>, <a href=\"https:\/\/www.kaduk-bauelemente.de\/leistungen\/raffstores-herzogtum-lauenburg\/\">Raffstores Herzogtum Lauenburg<\/a>, <a href=\"https:\/\/www.kaduk-bauelemente.de\/leistungen\/fliegengitter-bergedorf-wentorf\/\">Fliegengitter Bergedorf Wentorf<\/a>"},"_links":{"self":[{"href":"https:\/\/www.kaduk-bauelemente.de\/leistungen\/wp-json\/wp\/v2\/pages\/4470","targetHints":{"allow":["GET"]}}],"collection":[{"href":"https:\/\/www.kaduk-bauelemente.de\/leistungen\/wp-json\/wp\/v2\/pages"}],"about":[{"href":"https:\/\/www.kaduk-bauelemente.de\/leistungen\/wp-json\/wp\/v2\/types\/page"}],"author":[{"embeddable":true,"href":"https:\/\/www.kaduk-bauelemente.de\/leistungen\/wp-json\/wp\/v2\/users\/1"}],"replies":[{"embeddable":true,"href":"https:\/\/www.kaduk-bauelemente.de\/leistungen\/wp-json\/wp\/v2\/comments?post=4470"}],"version-history":[{"count":0,"href":"https:\/\/www.kaduk-bauelemente.de\/leistungen\/wp-json\/wp\/v2\/pages\/4470\/revisions"}],"wp:attachment":[{"href":"https:\/\/www.kaduk-bauelemente.de\/leistungen\/wp-json\/wp\/v2\/media?parent=4470"}],"curies":[{"name":"wp","href":"https:\/\/api.w.org\/{rel}","templated":true}]}}