{"id":4469,"date":"2021-08-25T12:19:13","date_gmt":"2021-08-25T10:19:13","guid":{"rendered":"https:\/\/www.kaduk-bauelemente.de\/leistungen\/rollladen-bad-bevensen\/"},"modified":"2021-08-25T12:19:13","modified_gmt":"2021-08-25T10:19:13","slug":"rollladen-bad-bevensen","status":"publish","type":"page","link":"https:\/\/www.kaduk-bauelemente.de\/leistungen\/rollladen-bad-bevensen\/","title":{"rendered":"Rollladen &#8211; Bad Bevensen"},"content":{"rendered":"<h3>Der Rollladen \u2013 nutzbringend und attraktiv!<\/h3>\n<p>Ein Rollladen wird von au\u00dfen an ein Fenster beziehungsweise an die T\u00fcr angebaut. Er wird verwendet als zus\u00e4tzliche Befestigung. Meistens wird der Rollladen als Sichtschutz und als Einbruchssicherung genutzt. Bisweilen dient ein Rollladen allerdings auch als zus\u00e4tzliche Isolierung. Besonders im Sommer bewahrt der Rollladen die R\u00e4ume eines Hauses vor gro\u00dfer W\u00e4rme. Auch hilft ein Rollladen dabei, kostbare Energie einzusparen. Ein Rollladen erinnert in Aufbau und Bauart an ein Rolltor. Die jeweiligen Elemente sind dynamisch und k\u00f6nnen entweder mechanisch oder automatisch hoch- und runtergefahren werden. Fachm\u00e4nnisch installiert, bietet ein Rollladen einen einwandfreien und einbruchshemmenden Verschluss f\u00fcr ein Fenster bzw. eine T\u00fcr. <\/p>\n<p>Der Rollladen ist in verschiedenen Varianten zu bekommen. Die meisten Interessenten entscheiden sich f\u00fcr einen Rollladen aus geh\u00e4rtetem PVC oder auch aus Aluminium. Selten werden Holz oder Stahl als Materialien verwendet. Wir raten unseren Interessenten meistens zu einem Rollladen aus Aluminium. <\/p>\n<h3>Ein neuer Rollladen ist immer eine gute Idee!<\/h3>\n<p>F\u00fcr den Fall das Ihr gebrauchter Rollladen nicht mehr seinen Dienst tut, so steht Ihnen unser Mitarbeiterteam auch f\u00fcr Wartungsarbeiten und Instandssetzungen bereit. Nicht immer ist eine vollumf\u00e4ngliche Neuinstallation angezeigt. Selbst wenn die damalige Installation nicht durch uns ausgef\u00fchrt wurde: \u00dcberlegen Sie nicht und rufen Sie uns an. Wir reparieren Ihren Rollladen mit Vergn\u00fcgen.<\/p>\n","protected":false},"excerpt":{"rendered":"<p>Der Rollladen \u2013 nutzbringend und attraktiv! Ein Rollladen wird von au\u00dfen an ein Fenster beziehungsweise an die T\u00fcr angebaut. Er wird verwendet als zus\u00e4tzliche Befestigung. Meistens wird der Rollladen als Sichtschutz und als Einbruchssicherung genutzt. Bisweilen dient ein Rollladen allerdings auch als zus\u00e4tzliche Isolierung. Besonders im Sommer bewahrt der Rollladen die R\u00e4ume eines Hauses vor [&hellip;]<\/p>\n","protected":false},"author":1,"featured_media":0,"parent":0,"menu_order":0,"comment_status":"closed","ping_status":"closed","template":"","meta":{"footnotes":""},"class_list":["post-4469","page","type-page","status-publish","hentry"],"meta_box":{"popseo_subtitel":"Kaduk Bauelemente ist Ihr Partner f\u00fcr Rollladen im Raum Bad Bevensen","popseo_subtitel2":"Rollladen - von den Experten unserer Firma","popseo_lasttitel":"Rollladen: Sie haben Fragen? Dann melden Sie sich bei uns","popseo_region":"Bad Bevensen","popseo_sachwort":"Rollladen","popseo_noupdate":"","popseo_einleitungstext":"<p>Sie wollen Ihr Wohn- oder Gesch\u00e4ftshaus mit zeitgem\u00e4\u00dfen Bauelementen ausstatten lassen interessieren sich f\u00fcr unser Leistungs- und Produktangebot? Prima, dann sind Sie auf dieser Seite genau richtig. Unser Produktsortiment umfasst zum Beispiel Terrassend\u00e4cher, Markisen, Rolltore, T\u00fcren, Au\u00dfenjalousien, Fenster, Rolll\u00e4den und Carports. Als auf Sonnenschutz und Sicherheit fokussiertes Unternehmen \u00fcbernehmen wir insbesondere auch Reparatur- und Montagearbeiten. Erfahren Sie auf dieser und den nachfolgenden Seiten mehr \u00fcber uns und unser Angebot. Ihr Interesse freut uns sehr.<\/p>","popseo_schlusstext":"<p>Sehr gerne informieren wir Sie n\u00e4her \u00fcber unsere Produkte und unser Aufgabenfeld. Wir pr\u00e4sentieren Ihnen mit Vergn\u00fcgen auch ein paar Referenzprojekte, die Ihnen einen Einblick in unsere Arbeit geben.<br \/>\nVertrauen Sie den Spezialisten der Firma Kaduk. Rufen Sie uns doch einfach einmal an oder senden Sie uns eine kurze E-Mail. Wir freuen uns auf den Kontakt zu Ihnen.<\/p>","popseo_stadttext":"<h3>Anfragen erhalten wir auch aus Bad Bevensen<\/h3>\n<p>Durch unsere Vertriebst\u00e4tigkeit haben wir uns einen sehr guten \u00dcberblick \u00fcber die Architektur der Gemeinden und St\u00e4dte unseres Einzugsbereiches machen k\u00f6nnen. Selbstverst\u00e4ndlich z\u00e4hlt auch Bad Bevensen zu unserem unmittelbaren Wirkungskreis. Sie kommen aus der Region und sind hier im Internet auf unsere Homepage gesto\u00dfen? Das finden wir klasse. Gerne pr\u00e4sentieren wir Ihnen unser gesamtes Leistungsspektrum und beantworten Ihre Fragen. Wir freuen uns darauf, mit Ihnen ins Gespr\u00e4ch zu treten. <\/p>\n<h3>Interessante Fakten zu Bad Bevensen<\/h3>\n<p>Bad Bevensen hat \u00fcber 9.000 gemeldete B\u00fcrger und erstreckt sich \u00fcber eine Fl\u00e4che von etwa 48 qkm. Hinsichtlich der Verkehrssituation ist die Kleinstadt gut erreichbar: In direkter N\u00e4he des Gemeindegebietes liegt eine Anschlussstelle zur Autobahn B4. Au\u00dferdem erreicht man Bad Bevensen \u00fcber die L252 und mit der Eisenbahn auf der Strecke Hamburg-Hannover.<\/p>\n<p>Bad Bevensee befindet sich in der L\u00fcneburger Heide und geh\u00f6rt formell zum Landkreis Uelzen. Die Gemeinde ist Amtssitz der Samtgemeinde Bevensen-Ebstorf, einem Zusammenschluss von 13 kleineren Orten. Die Samtgemeinde z\u00e4hlt insgesamt knapp 26.000 B\u00fcrger und erstreckt sich \u00fcber ein Areal von zirka 479 km\u00b2.<\/p>\n<p>Bad Bevensen ist unbestritten ein guter Platz zum Leben. Die charmante Kleinstadt verf\u00fcgt \u00fcber eine hervorragende Infrastruktur und attraktiv ausgebaute Wohnviertel.    <\/p>\n<h4>Privat- und Gesch\u00e4ftskunden aus Bad Bevensen sch\u00e4tzen unsere Leistungen!<\/h4>\n<p>Sie wohnen in Bad Bevensen oder einem anderen Ort der Samtgemeinde und interessieren sich f\u00fcr unser Leistungsangebot. Klasse, dass Sie uns hier auf dieser Website entdeckt haben. F\u00fcr R\u00fcckfragen stehen wir Ihnen jederzeit zur Verf\u00fcgung. Auf den Kontakt zu Ihnen freuen wir uns.<\/p>","popseo_zusatztext":"<h3>Kaduk Bauelemente ist Ihr Fachbetrieb in Sachen Sicht- und Sonnenschutz<\/h3>\n<p>Vertrauen Sie in Sachen Sonnenschutz und Sicherheit auf jeden Fall auf die fachspezifische Leistung vom Fachbetrieb. Nur ein Fachbetrieb kennt die Priorit\u00e4ten, wie man zu einem hervorragenden Ergebnis kommt. Um sich mit Fug und Recht Fachbetrieb nennen zu d\u00fcrfen, braucht es eine qualifizierte Ausbildung der Mitarbeiter und eine langj\u00e4hrige Berufserfahrung.  <\/p>\n<p>Unser Unternehmen empfiehlt sich als Ihr fachkundiger Fachbetrieb f\u00fcr Sicherheit und Sonnenschutz. Erreichen Sie Ihr Ziel und schenken Sie unserem Fachbetrieb Ihr Vertrauen. Wir bieten Ihnen unter anderem hochwertige Rolll\u00e4den und Markisen und legen allerh\u00f6chsten Wert auf einen 1a- Service. Schon seit vielen Jahren sind wir sachkundiger Fachbetrieb f\u00fcr Rolll\u00e4den, Markisen, Terrassend\u00e4cher und Au\u00dfenjalousien im Raum L\u00fcneburg. Es ist uns wichtig, dass Sie dauerhaft viel Freude an Ihrem Sicht und Sonnenschutz haben. Von einem Fachbetrieb d\u00fcrfen Sie ohne Wenn und Aber eine fehlerfreie Top-Leistung erwarten.<\/p>\n<h3>Sicht- und Sonnenschutz\u2013 ein Thema f\u00fcr den Fachbetrieb<\/h3>\n<p>Als Fachbetrieb darf sich ein Unternehmen bezeichnen, deren Angestellte \u00fcber dokumentierte Qualifikationen verf\u00fcgen. Dies ist unter anderem eine entsprechende Ausbildung oder ein Meisterbrief. Des Weiteren zeichnet eine langj\u00e4hrige praktische Erfahrung einen Fachbetrieb aus. Schon seit vielen Jahren konzentrieren wir uns als spezialisiertes Unternehmen auf Sonnenschutz und Sicherheit von Geb\u00e4uden. In diesen vielen Jahren haben wir uns das Attribut Fachbetrieb ganz sicher verdient. Wir verwenden nur hervorragende Artikel. Hierbei achten wir stets auf ein perfektes Preis-Leistungsverh\u00e4ltnis. Unsere \u00dcberzeugung als Fachbetrieb: Wir bieten Ihnen 1a-Qualit\u00e4t zu einem 1a- Preis.<\/p>","popseo_links":"<a href=\"https:\/\/www.kaduk-bauelemente.de\/leistungen\/insektenschutz-reinbek-glinde\/\">Insektenschutz Reinbek Glinde<\/a>, <a href=\"https:\/\/www.kaduk-bauelemente.de\/leistungen\/garagen-bad-bevensen\/\">Garagen Bad Bevensen<\/a>, <a href=\"https:\/\/www.kaduk-bauelemente.de\/leistungen\/haustueren-buechen\/\">Haust\u00fcren B\u00fcchen<\/a>, <a href=\"https:\/\/www.kaduk-bauelemente.de\/leistungen\/terrassendaecher-aus-holz-bispingen\/\">Terrassend\u00e4cher aus Holz Bispingen<\/a>, <a href=\"https:\/\/www.kaduk-bauelemente.de\/leistungen\/holzfenster-harburg\/\">Holzfenster Harburg<\/a>, <a href=\"https:\/\/www.kaduk-bauelemente.de\/leistungen\/sektionaltore-seevetal-rosengarten\/\">Sektionaltore Seevetal Rosengarten<\/a>, <a href=\"https:\/\/www.kaduk-bauelemente.de\/leistungen\/zaeune-schwarzenbek\/\">Z\u00e4une Schwarzenbek<\/a>, <a href=\"https:\/\/www.kaduk-bauelemente.de\/leistungen\/terrassendaecher-aus-aluminium-geesthacht\/\">Terrassend\u00e4cher aus Aluminium Geesthacht<\/a>, <a href=\"https:\/\/www.kaduk-bauelemente.de\/leistungen\/haustueren-hanstedt\/\">Haust\u00fcren Hanstedt<\/a>, <a href=\"https:\/\/www.kaduk-bauelemente.de\/leistungen\/insektenschutz-buechen\/\">Insektenschutz B\u00fcchen<\/a>, <a href=\"https:\/\/www.kaduk-bauelemente.de\/leistungen\/zaunbau-geesthacht\/\">Zaunbau Geesthacht<\/a>, <a href=\"https:\/\/www.kaduk-bauelemente.de\/leistungen\/fenster-tostedt-sittensen\/\">Fenster Tostedt Sittensen<\/a>, <a href=\"https:\/\/www.kaduk-bauelemente.de\/leistungen\/tueren-stelle\/\">T\u00fcren Stelle<\/a>, <a href=\"https:\/\/www.kaduk-bauelemente.de\/leistungen\/zaeune-amelinghausen\/\">Z\u00e4une Amelinghausen<\/a>, <a href=\"https:\/\/www.kaduk-bauelemente.de\/leistungen\/sektionaltore-bienenbuettel\/\">Sektionaltore Bienenb\u00fcttel<\/a>, <a href=\"https:\/\/www.kaduk-bauelemente.de\/leistungen\/terrassendaecher-aus-aluminium-reinbek-glinde\/\">Terrassend\u00e4cher aus Aluminium Reinbek Glinde<\/a>, <a href=\"https:\/\/www.kaduk-bauelemente.de\/leistungen\/terrassenueberdachungen-aus-aluminium-geesthacht\/\">Terrassen\u00fcberdachungen aus Aluminium Geesthacht<\/a>, <a href=\"https:\/\/www.kaduk-bauelemente.de\/leistungen\/markisen-boizenburg\/\">Markisen Boizenburg<\/a>, <a href=\"https:\/\/www.kaduk-bauelemente.de\/leistungen\/zaunbau-salzhausen\/\">Zaunbau Salzhausen<\/a>, <a href=\"https:\/\/www.kaduk-bauelemente.de\/leistungen\/kunststofffenster-amelinghausen\/\">Kunststofffenster Amelinghausen<\/a>, <a href=\"https:\/\/www.kaduk-bauelemente.de\/leistungen\/rolltore-harburg\/\">Rolltore Harburg<\/a>, <a href=\"https:\/\/www.kaduk-bauelemente.de\/leistungen\/garagentore-salzhausen\/\">Garagentore Salzhausen<\/a>, <a href=\"https:\/\/www.kaduk-bauelemente.de\/leistungen\/insektenschutz-maschen\/\">Insektenschutz Maschen<\/a>, <a href=\"https:\/\/www.kaduk-bauelemente.de\/leistungen\/fliegengitter-amelinghausen\/\">Fliegengitter Amelinghausen<\/a>, <a href=\"https:\/\/www.kaduk-bauelemente.de\/leistungen\/raffstores-tostedt-sittensen\/\">Raffstores Tostedt Sittensen<\/a>, <a href=\"https:\/\/www.kaduk-bauelemente.de\/leistungen\/terrassendaecher-aus-aluminium-tostedt-sittensen\/\">Terrassend\u00e4cher aus Aluminium Tostedt Sittensen<\/a>"},"_links":{"self":[{"href":"https:\/\/www.kaduk-bauelemente.de\/leistungen\/wp-json\/wp\/v2\/pages\/4469","targetHints":{"allow":["GET"]}}],"collection":[{"href":"https:\/\/www.kaduk-bauelemente.de\/leistungen\/wp-json\/wp\/v2\/pages"}],"about":[{"href":"https:\/\/www.kaduk-bauelemente.de\/leistungen\/wp-json\/wp\/v2\/types\/page"}],"author":[{"embeddable":true,"href":"https:\/\/www.kaduk-bauelemente.de\/leistungen\/wp-json\/wp\/v2\/users\/1"}],"replies":[{"embeddable":true,"href":"https:\/\/www.kaduk-bauelemente.de\/leistungen\/wp-json\/wp\/v2\/comments?post=4469"}],"version-history":[{"count":0,"href":"https:\/\/www.kaduk-bauelemente.de\/leistungen\/wp-json\/wp\/v2\/pages\/4469\/revisions"}],"wp:attachment":[{"href":"https:\/\/www.kaduk-bauelemente.de\/leistungen\/wp-json\/wp\/v2\/media?parent=4469"}],"curies":[{"name":"wp","href":"https:\/\/api.w.org\/{rel}","templated":true}]}}