{"id":4467,"date":"2021-08-25T12:19:13","date_gmt":"2021-08-25T10:19:13","guid":{"rendered":"https:\/\/www.kaduk-bauelemente.de\/leistungen\/rollladen-amelinghausen\/"},"modified":"2021-08-25T12:19:13","modified_gmt":"2021-08-25T10:19:13","slug":"rollladen-amelinghausen","status":"publish","type":"page","link":"https:\/\/www.kaduk-bauelemente.de\/leistungen\/rollladen-amelinghausen\/","title":{"rendered":"Rollladen &#8211; Amelinghausen"},"content":{"rendered":"<h3>Ihr neuer Rollladen \u2013 auch optisch ein Highlight!<\/h3>\n<p>Ein Rollladen wird von au\u00dfen an ein Fenster beziehungsweise an die T\u00fcr angebaut. Er dient als erweiterte Befestigung. Normalerweise wird der Rollladen als Sichtschutz oder als Einbruchssicherung genutzt. Manchmal dient ein Rollladen aber auch als zus\u00e4tzliche W\u00e4rmed\u00e4mmung. Gerade in der Sommerzeit sch\u00fctzt der Rollladen die Zimmer eines Geb\u00e4udes vor st\u00f6render W\u00e4rme. Auch unterst\u00fctzt ein Rollladen dabei, kostbare Energie zu sparen. Ein Rollladen erinnert in Aufbau sowie Eigenart an ein Rolltor. Die einzelnen Einzelelemente sind beweglich und k\u00f6nnen entweder mechanisch oder auf Knopfdruck hoch- und runtergefahren werden. Durch den Fachmann angebracht, bietet ein Rollladen einen einwandfreien und sicheren Verschluss f\u00fcr ein Fenster bzw. eine T\u00fcr. <\/p>\n<p>Der Rollladen ist in verschiedenen Varianten zu bekommen. Die meisten Kunden entscheiden sich f\u00fcr einen Rollladen aus geh\u00e4rtetem PVC oder aus Aluminium. Seltener werden Holz oder Stahl als Ausgangsmaterialien verwendet. Wir raten unseren Interessenten oft zu einem Rollladen aus Aluminium. <\/p>\n<h3>Ein neuer Rollladen f\u00fcr Ihre Immobilie<\/h3>\n<p>F\u00fcr den Fall das Ihr gebrauchter Rollladen nicht mehr funktioniert, so steht Ihnen unser Mitarbeiterteam auch f\u00fcr Instandsetzungen und Wartungsarbeiten bereit. Nicht immer ist eine vollumf\u00e4ngliche Erneuerung von N\u00f6ten. Selbst wenn die damalige Montage nicht durch uns ausgef\u00fchrt wurde: Z\u00f6gern Sie nicht und rufen Sie uns an. Wir reparieren Ihren Rollladen sehr gerne.<\/p>\n","protected":false},"excerpt":{"rendered":"<p>Ihr neuer Rollladen \u2013 auch optisch ein Highlight! Ein Rollladen wird von au\u00dfen an ein Fenster beziehungsweise an die T\u00fcr angebaut. Er dient als erweiterte Befestigung. Normalerweise wird der Rollladen als Sichtschutz oder als Einbruchssicherung genutzt. Manchmal dient ein Rollladen aber auch als zus\u00e4tzliche W\u00e4rmed\u00e4mmung. Gerade in der Sommerzeit sch\u00fctzt der Rollladen die Zimmer eines [&hellip;]<\/p>\n","protected":false},"author":1,"featured_media":0,"parent":0,"menu_order":0,"comment_status":"closed","ping_status":"closed","template":"","meta":{"footnotes":""},"class_list":["post-4467","page","type-page","status-publish","hentry"],"meta_box":{"popseo_subtitel":"Kaduk Bauelemente ist Ihr Fachanbieter f\u00fcr Rollladen im Raum Amelinghausen","popseo_subtitel2":"Rollladen vom Fachbetrieb","popseo_lasttitel":"Rollladen: F\u00fcr weitere Informationen sprechen Sie uns bitte an","popseo_region":"Amelinghausen","popseo_sachwort":"Rollladen","popseo_noupdate":"","popseo_einleitungstext":"<p>Wenn es um Sonnenschutz und Sicherheit geht, sind Sie bei der Firma Kaduk genau an der richtigen Adresse. Seit unserer Gr\u00fcndung sind wir Ihr lokaler Fachbetrieb f\u00fcr hochwertige Bauelemente. Zu unserem Produktangebot geh\u00f6ren zum Beispiel Markisen, Rolltore, Terrassend\u00e4cher, Fenster, Au\u00dfenjalousien, T\u00fcren, Carports und Rolll\u00e4den. Unsere Fachleute erledigen Montage- und Reparaturarbeiten und zeigen Ihnen, wie Sie Ihre Wohn- oder Gesch\u00e4ftsgeb\u00e4ude mit modernen Bauelementen ausr\u00fcsten k\u00f6nnen. Im Folgenden haben wir einige erste Informationen f\u00fcr Sie zusammengestellt.<\/p>","popseo_schlusstext":"<p>Sehr gerne informieren wir Sie n\u00e4her \u00fcber unser Produkt- und Leistungsprogramm. Wir nennen Ihnen mit Vergn\u00fcgen auch einige Projekte, die Ihnen einen Einblick in unsere Arbeit geben.<br \/>\nVertrauen Sie auf das Urteil eines erfahrenen Fachbetriebes. Rufen Sie uns doch einfach einmal an oder schicken Sie uns eine schnelle E-Mail. Wir freuen uns auf den Kontakt zu Ihnen.<\/p>","popseo_stadttext":"<h3>F\u00fcr Sie da in Amelinghausen<\/h3>\n<p>Durch unsere Gesch\u00e4ftst\u00e4tigkeit haben wir uns einen ausgezeichneten \u00dcberblick \u00fcber die Stadtarchitektur der Gemeinden und St\u00e4dte unseres Vertriebsgebietes machen k\u00f6nnen. Unser Einzugsbereich umfasst nat\u00fcrlich auch Amelinghausen. Wir f\u00fchlen uns der Region verpflichtet und freuen uns dar\u00fcber auch einen Teil zur gesunden Infrastruktur der Gemeinde beizusteuern zu k\u00f6nnen.  <\/p>\n<p><h3>Lebensmittelpunkt Amelinghausen<\/h3><br \/>\nAmelinghausen befindet sich in der L\u00fcneburger Heide. Etwas \u00fcber 4.000 Menschen leben in Amelinghausen auf einer Gesamtfl\u00e4che von gut 16 Quadratkilometern. Erreichbar ist der Ort mit dem Auto \u00fcber die Bundesstra\u00dfe 209. Die Umgebung ist ideal f\u00fcr Ausfl\u00fcge ins Gr\u00fcne. Die Baustruktur in der Region ist \u00fcberwiegend gepr\u00e4gt von einer ansprechenden Einzelhausbebauung. Gerade junge Familien profitieren von dem ruhigen Leben in Amelinghausen. Die r\u00e4umliche N\u00e4he zur Stadt L\u00fcneburg mit sehr guten Verkehrverbindungen und Freizeitangeboten machen die Gemeinde Amelinghausen so attraktiv.<br \/>\nDie Gemeinde ist Sitz der Samtgemeinde Amelinghausen, einem Zusammenschluss von f\u00fcnf kleineren Orten. Dies sind neben Amelinghausen selbst die Gemeinden Oldendorf (Luhe), Betzendorf, Soderstorf und Rehlingen. Die Samtgemeinde z\u00e4hlt in Summe knapp 8.000 Einwohner und streckt sich \u00fcber ein Areal von etwas mehr als 194 Quadratkilometern.<\/p>\n<h4>Wir f\u00fcr Sie in Amelinghausen!<\/h4>\n<p>Sie leben in Amelinghausen, Betzendorf, Oldendorf (Luhe), Soderstorf oder Rehlingen und interessieren sich f\u00fcr unser Leistungsangebot. Prima, dass Sie diese Seite gefunden haben. F\u00fcr R\u00fcckfragen sind wir jederzeit f\u00fcr Sie da. Unser freundliches Team freut sich auf Sie.<\/p>","popseo_zusatztext":"<h3>Wir sind Fachbetrieb f\u00fcr Sicht- und Sonnenschutz<\/h3>\n<p>Vertrauen Sie bei Sicherheit und Sonnenschutz auf jeden Fall auf die sachspezifische Leistung vom Fachbetrieb. Nur ein Fachbetrieb kennt die Tricks und Tipps, wie man zu einem \u00fcberzeugenden Ergebnis kommt. Um sich mit Fug und Recht Fachbetrieb nennen zu k\u00f6nnen, braucht es eine qualifizierte Ausbildung der Mitarbeiter und eine langj\u00e4hrige Fachkenntnis.  <\/p>\n<p>Unser Fachbetrieb empfiehlt sich als Ihr qualifizierter Fachbetrieb f\u00fcr Sonnenschutz und Sicherheit. Setzen Sie auf Qualit\u00e4t und schenken Sie unserem Fachbetrieb Ihr Vertrauen. Wir bieten Ihnen unter anderem hochwertige Markisen und Rolll\u00e4den und legen massiv Wert auf einen 1a- Service. Schon seit vielen Jahren sind wir sachkundiger Fachbetrieb f\u00fcr Markisen, Terrassend\u00e4cher, Rolll\u00e4den und Au\u00dfenjalousien im Raum L\u00fcneburg. Es ist unser Bestreben, dass Sie viele Jahre viel Freude an Ihrem Sicht und Sonnenschutz haben. Von einem Fachbetrieb d\u00fcrfen Sie nat\u00fcrlich eine fehlerfreie Top-Leistung erwarten.<\/p>\n<h3>Auf einen Fachbetrieb ist Verlass<\/h3>\n<p>Als Fachbetrieb darf sich eine Unternehmung bezeichnen, deren Mitarbeiter \u00fcber nachweisbare Qualifikationen verf\u00fcgen. Dies ist z.B. eine entsprechende Berufsausbildung oder ein Meisterbrief. Au\u00dferdem zeichnet eine intensive praktische Erfahrung einen Fachbetrieb aus. Schon seit vielen Jahren konzentrieren wir uns als spezialisiertes Unternehmen auf Sonnenschutz und Sicherheit von Geb\u00e4uden. In diesen langen Jahren haben wir uns die Bezeichnung Fachbetrieb ganz sicher verdient. Wir benutzen nur qualitativ hochwertige Materialien. Hierbei achten wir stets auf ein angemessenes Preis-Leistungsverh\u00e4ltnis. Unser Motto als Fachbetrieb: Wir bieten Ihnen beste Qualit\u00e4t zu einem konkurrenzlosem Preis.<\/p>","popseo_links":"<a href=\"https:\/\/www.kaduk-bauelemente.de\/leistungen\/garagen-reppenstedt\/\">Garagen Reppenstedt<\/a>, <a href=\"https:\/\/www.kaduk-bauelemente.de\/leistungen\/garagen-seevetal-rosengarten\/\">Garagen Seevetal Rosengarten<\/a>, <a href=\"https:\/\/www.kaduk-bauelemente.de\/leistungen\/rolltore-uelzen\/\">Rolltore Uelzen<\/a>, <a href=\"https:\/\/www.kaduk-bauelemente.de\/leistungen\/garagentore-reinbek-glinde\/\">Garagentore Reinbek Glinde<\/a>, <a href=\"https:\/\/www.kaduk-bauelemente.de\/leistungen\/fliegengitter-bispingen\/\">Fliegengitter Bispingen<\/a>, <a href=\"https:\/\/www.kaduk-bauelemente.de\/leistungen\/terrassenueberdachungen-aus-aluminium-harburg\/\">Terrassen\u00fcberdachungen aus Aluminium Harburg<\/a>, <a href=\"https:\/\/www.kaduk-bauelemente.de\/leistungen\/markisen-amt-neuhaus\/\">Markisen Amt Neuhaus<\/a>, <a href=\"https:\/\/www.kaduk-bauelemente.de\/leistungen\/garagen-maschen\/\">Garagen Maschen<\/a>, <a href=\"https:\/\/www.kaduk-bauelemente.de\/leistungen\/sektionaltore-adendorf\/\">Sektionaltore Adendorf<\/a>, <a href=\"https:\/\/www.kaduk-bauelemente.de\/leistungen\/terrassendaecher-aus-aluminium-reinbek-glinde\/\">Terrassend\u00e4cher aus Aluminium Reinbek Glinde<\/a>, <a href=\"https:\/\/www.kaduk-bauelemente.de\/leistungen\/terrassendaecher-aus-aluminium-bispingen\/\">Terrassend\u00e4cher aus Aluminium Bispingen<\/a>, <a href=\"https:\/\/www.kaduk-bauelemente.de\/leistungen\/aussenjalousien-bad-bevensen\/\">Au\u00dfenjalousien Bad Bevensen<\/a>, <a href=\"https:\/\/www.kaduk-bauelemente.de\/leistungen\/rolltore-schwarzenbek\/\">Rolltore Schwarzenbek<\/a>, <a href=\"https:\/\/www.kaduk-bauelemente.de\/leistungen\/insektenschutz-hanstedt\/\">Insektenschutz Hanstedt<\/a>, <a href=\"https:\/\/www.kaduk-bauelemente.de\/leistungen\/aussenjalousien-winsen-luhe\/\">Au\u00dfenjalousien Winsen Luhe<\/a>, <a href=\"https:\/\/www.kaduk-bauelemente.de\/leistungen\/terrassenueberdachungen-aus-holz-reppenstedt\/\">Terrassen\u00fcberdachungen aus Holz Reppenstedt<\/a>, <a href=\"https:\/\/www.kaduk-bauelemente.de\/leistungen\/sektionaltore-reinbek-glinde\/\">Sektionaltore Reinbek Glinde<\/a>, <a href=\"https:\/\/www.kaduk-bauelemente.de\/leistungen\/zaunbau-hanstedt\/\">Zaunbau Hanstedt<\/a>, <a href=\"https:\/\/www.kaduk-bauelemente.de\/leistungen\/carports-bergedorf-wentorf\/\">Carports Bergedorf Wentorf<\/a>, <a href=\"https:\/\/www.kaduk-bauelemente.de\/leistungen\/terrassendaecher-aus-aluminium-buchholz\/\">Terrassend\u00e4cher aus Aluminium Buchholz<\/a>, <a href=\"https:\/\/www.kaduk-bauelemente.de\/leistungen\/insektenschutz-stelle\/\">Insektenschutz Stelle<\/a>, <a href=\"https:\/\/www.kaduk-bauelemente.de\/leistungen\/haustueren-jesteburg\/\">Haust\u00fcren Jesteburg<\/a>, <a href=\"https:\/\/www.kaduk-bauelemente.de\/leistungen\/terrassenueberdachungen-aus-aluminium-hanstedt\/\">Terrassen\u00fcberdachungen aus Aluminium Hanstedt<\/a>, <a href=\"https:\/\/www.kaduk-bauelemente.de\/leistungen\/carports-salzhausen\/\">Carports Salzhausen<\/a>, <a href=\"https:\/\/www.kaduk-bauelemente.de\/leistungen\/garagen-adendorf\/\">Garagen Adendorf<\/a>, <a href=\"https:\/\/www.kaduk-bauelemente.de\/leistungen\/fenster-hanstedt\/\">Fenster Hanstedt<\/a>"},"_links":{"self":[{"href":"https:\/\/www.kaduk-bauelemente.de\/leistungen\/wp-json\/wp\/v2\/pages\/4467","targetHints":{"allow":["GET"]}}],"collection":[{"href":"https:\/\/www.kaduk-bauelemente.de\/leistungen\/wp-json\/wp\/v2\/pages"}],"about":[{"href":"https:\/\/www.kaduk-bauelemente.de\/leistungen\/wp-json\/wp\/v2\/types\/page"}],"author":[{"embeddable":true,"href":"https:\/\/www.kaduk-bauelemente.de\/leistungen\/wp-json\/wp\/v2\/users\/1"}],"replies":[{"embeddable":true,"href":"https:\/\/www.kaduk-bauelemente.de\/leistungen\/wp-json\/wp\/v2\/comments?post=4467"}],"version-history":[{"count":0,"href":"https:\/\/www.kaduk-bauelemente.de\/leistungen\/wp-json\/wp\/v2\/pages\/4467\/revisions"}],"wp:attachment":[{"href":"https:\/\/www.kaduk-bauelemente.de\/leistungen\/wp-json\/wp\/v2\/media?parent=4467"}],"curies":[{"name":"wp","href":"https:\/\/api.w.org\/{rel}","templated":true}]}}