{"id":4463,"date":"2021-08-25T12:19:13","date_gmt":"2021-08-25T10:19:13","guid":{"rendered":"https:\/\/www.kaduk-bauelemente.de\/leistungen\/raffstores-tostedt-sittensen\/"},"modified":"2021-08-25T12:19:13","modified_gmt":"2021-08-25T10:19:13","slug":"raffstores-tostedt-sittensen","status":"publish","type":"page","link":"https:\/\/www.kaduk-bauelemente.de\/leistungen\/raffstores-tostedt-sittensen\/","title":{"rendered":"Raffstores &#8211; Tostedt Sittensen"},"content":{"rendered":"<h3>Raffstores &#8211; eine gute  Investition<\/h3>\n<p>Raffstores zeichnen sich durch extrem dicke und widerstandsf\u00e4hige Lamellen aus. Das stabile Material ist erforderlich, da Raffstores bisweilen heftigen Belastungen durch Regen, Hagel oder Sturm ausgesetzt sind. Meistens sind Raffstores seil- oder schienengef\u00fchrt.   <\/p>\n<p>Raffstores werden f\u00fcr gew\u00f6hnlich an der Au\u00dfenwand angeschraubt. F\u00fcr die Montage bieten sich Blenden und Schienen an. Die Blenden haben den Vorteil, dass die Lamellen vollst\u00e4ndig eingefahren werden k\u00f6nnen. Mit exklusiven und fachgerecht installierten Raffstores kann ein sehr guter W\u00e4rmeschutz gew\u00e4hrleistet werden. Durch die Au\u00dfenmontage wird die Einstrahlung der Sonne minimiert und kann nur zum geringen Teil ins Hausinnere dringen. Vorh\u00e4nge oder Sichtschutzrollos sind im Gegensatz zu Raffstores deutlich weniger wirksam.<\/p>\n<h3>Raffstores sind immer eine gute Idee!<\/h3>\n<p>Je nach Gr\u00f6\u00dfe und Formgebung des Fensters sind verschiedene Ausf\u00fchrungen lieferbar. Raffstores erm\u00f6glichen einen optimalen Licht- und Blendschutz. Komplett unabh\u00e4ngig von Jahres- oder Tageszeit: Die auch unter dem Wort Au\u00dfenjalousie bekannten Raffstores geben Ihnen die willkommene Chance, stets die f\u00fcr Sie geeignete Helligkeit einzustellen. Auch wirken sich Raffstores positiv auf den Energieverbrauch aus: Durch den Einsatz von Raffstores l\u00e4sst sich der Gebrauch der Klimaanlage doch erkennbar reduzieren, ohne dass w\u00e4hrenddessen auf behagliche Temperatur verzichtet werden muss.<\/p>\n","protected":false},"excerpt":{"rendered":"<p>Raffstores &#8211; eine gute Investition Raffstores zeichnen sich durch extrem dicke und widerstandsf\u00e4hige Lamellen aus. Das stabile Material ist erforderlich, da Raffstores bisweilen heftigen Belastungen durch Regen, Hagel oder Sturm ausgesetzt sind. Meistens sind Raffstores seil- oder schienengef\u00fchrt. Raffstores werden f\u00fcr gew\u00f6hnlich an der Au\u00dfenwand angeschraubt. F\u00fcr die Montage bieten sich Blenden und Schienen an. [&hellip;]<\/p>\n","protected":false},"author":1,"featured_media":0,"parent":0,"menu_order":0,"comment_status":"closed","ping_status":"closed","template":"","meta":{"footnotes":""},"class_list":["post-4463","page","type-page","status-publish","hentry"],"meta_box":{"popseo_subtitel":"Kaduk Bauelemente ist Ihr Partner f\u00fcr Raffstores im Raum Tostedt Sittensen","popseo_subtitel2":"Raffstores vom Fachbetrieb","popseo_lasttitel":"Raffstores: Unsere Mitarbeiter beantworten gerne Ihre Fragen","popseo_region":"Tostedt Sittensen","popseo_sachwort":"Raffstores","popseo_noupdate":"","popseo_einleitungstext":"<p>Gerne informieren wir Sie n\u00e4her \u00fcber unser Produkt- und T\u00e4tigkeitsspektrum. Wir pr\u00e4sentieren Ihnen mit Vergn\u00fcgen auch ein paar Projekte, die Ihnen einen Einblick in unsere Unternehmenst\u00e4tigkeit geben.<br \/>\nWir sind f\u00fcr Sie da. Rufen Sie uns doch einfach einmal an oder schreiben Sie uns eine kurze E-Mail. Wir freuen uns auf den Kontakt zu Ihnen.<\/p>","popseo_schlusstext":"<p>Sie ben\u00f6tigen einen Profi f\u00fcr moderne Sonnenschutz- und Sicherheitsl\u00f6sungen. Dann kontaktieren Sie uns bitte schnell. Wir freuen uns auf das Gespr\u00e4ch mit Ihnen. Wenn es um Bauelemente geht, sind wir Ihr erfahrener Handwerks- und Handelspartner. Wir bieten Ihnen hochwertige Produkte und eine fachgerecht durchgef\u00fchrte Arbeit nach dem jeweils derzeitigen Stand der Technik.<\/p>","popseo_stadttext":"<h3>Unser Produktsortiment f\u00fcr Kunden aus Sittensen und Tostedt<\/h3>\n<p>Durch unsere Gesch\u00e4ftst\u00e4tigkeit haben wir uns einen guten \u00dcberblick \u00fcber die Stadtarchitektur der St\u00e4dte und Gemeinden unseres Einzugsbereiches erarbeiten k\u00f6nnen. Nat\u00fcrlich geh\u00f6ren auch Tostedt und Sittensen zu unserem unmittelbaren Gesch\u00e4ftsgebiet. Wir freuen uns darauf, mit Ihnen in Kontakt zu treten. <\/p>\n<h3>Ein paar Hintergrundinformationen zu Tostedt und Sittensen<\/h3>\n<p>Wer in Tostedt lebt, wohnt in kleinst\u00e4dtischem Flair, ohne auf die Vorteile der nahen Gro\u00dfstadt Hamburg zu verzichten. Die Hansestadt ist nur wenige Kilometer entfernt. Als Lebensmittelpunkt bietet Tostedt ideale Bedingungen f\u00fcr die \u00fcber 13.000 Einwohner. Tostedt begeistert durch seine reizvollen Wohngebiete. Wer gerne im Gr\u00fcnen lebt, jedoch urbanes Treiben sch\u00e4tzt, ist in Tostedt richtig. Eine hervorragend entwickelte Infrastruktur mit zahlreichen Einkaufsm\u00f6glichkeiten sowie  breitgef\u00e4cherten Sport- und Freizeitm\u00f6glichkeiten, verleihen Tostedt eine sehr gute Lebensqualit\u00e4t. <\/p>\n<h3>Tostedt und Sittensen \u2013 attraktive Wohnorte<\/h3>\n<p>Gerade einmal 20 Kilometer von Tostedt entfernt liegt die Gemeinde Sittensen. Das St\u00e4dtchen z\u00e4hlt organisatorisch zum Landkreis Harburg. In Sittensen leben aktuell knapp 5.600 Einwohner auf einem Areal von nicht ganz 18 km\u00b2. Auch Sittensen \u00fcberzeugt durch eine reizvolle Lage: Geografisch befindet sich Sittensen in der Zevener Geest, einem Landstrich am Elbe-Weser-Dreieck zwischen Bremen und Hamburg. <\/p>\n<p>Die liebenswerte Gemeinde ist Amtssitz der Samtgemeinde Sittensen, einer Vereinigung von neun kleineren Orten, n\u00e4mlich Gro\u00df und Klein Meckelsen, Kalbe, Hamersen, Lengenbostel, Sittensen, Tiste, Wohnste und Vierden. Die Samtgemeinde z\u00e4hlt insgesamt rund 11.000 B\u00fcrger und streckt sich \u00fcber eine Fl\u00e4che von zirka 138 qkm. Als Wohnstatt verbindet Sittensen urbanes Leben mit dem Wohnen in der Peripherie auf musterhafte Art und Weise. Die beiden norddeutschen Hansest\u00e4dte Bremen und Hamburg sind von Sittensen aus in rund 45 Minuten erreichbar. <\/p>\n<h4>Hohe Qualit\u00e4t f\u00fcr Kunden aus Sittensen und Tostedt<\/h4>\n<p>Sie interessieren sich f\u00fcr unser Leistungsangebot und sind hier im Internet auf unsere Homepage gesto\u00dfen? Dar\u00fcber freuen wir uns sehr. Gerne pr\u00e4sentieren wir Ihnen unser komplettes Leistungsspektrum und beantworten Ihre Fragen. Unser egagiertes Team freut sich auf Sie.<\/p>","popseo_zusatztext":"<h3>G\u00fcnstig und preiswert \u2013 unser Angebot f\u00fcr Sie<\/h3>\n<p>Bauelemente m\u00fcssen hohen Anforderungen standhalten. Gleichzeitig mu\u00df es g\u00fcnstig und preiswert sein. Das muss generell kein Gegensatz sein. <\/p>\n<p>Als Fachbetrieb f\u00fcr Sonnenschutz- und Sicherheitsl\u00f6sungen verwenden wir ausschlie\u00dflich hochwertige Erzeugnisse. Gleichwohl achten wir grunds\u00e4tzlich auf ein angemessenes Preis-Leistungsverh\u00e4ltnis. Wir m\u00f6chten Ihnen Qualit\u00e4t bieten, die gleichzeitig auch g\u00fcnstig und preiswert ist. Geben Sie Ihrem Heim g\u00fcnstig und preiswert das besondere Plus an Qualit\u00e4t. Rolll\u00e4den und Markisen oder andere Sonnenschutzl\u00f6sungen sehen nicht nur hervorragend aus, sie leisten auch einen bedeutenden Beitrag zur W\u00e4rmed\u00e4mmung.  <\/p>\n<h3>G\u00fcnstig und preiswert \u2013 es muss wirklich nicht immer teuer sein<\/h3>\n<p>D\u00fcrfen wir Sie beraten, wie Sie g\u00fcnstig und preiswert einen optimalen Sonnenschutz f\u00fcr Ihr Haus realisieren? Prima, dann z\u00f6gern Sie bitte nicht und nehmen am besten gleich heute noch Kontakt mit uns auf. Ein kurzer Anruf oder eine kurze Mail gen\u00fcgen. Mit Vergn\u00fcgen informieren Sie unsere perfekt ausgebildeten Fachleute \u00fcber die verschiedenen M\u00f6glichkeiten, wie Sie Ihr Zuhause g\u00fcnstig und preiswert mit Markisen und Rolll\u00e4den oder anderen Sonnenschutzprodukten versehen. Wir freuen uns auf das Gespr\u00e4ch mit Ihnen. <\/p>\n<h4>Hochwertige Arbeit g\u00fcnstig und preiswert<\/h4>\n<p>Setzen Sie beim Thema Sonnenschutz und Sicherheit auf den Experten. Nur ein Fachbetrieb kennt die verschiedenen Optionen, wie Sie g\u00fcnstig und preiswert, trotzdem qualitativ hochwertig einen optimalen Sonnenschutz erreichen. Qualit\u00e4tsbewusst, g\u00fcnstig und preiswert: Wir empfehlen uns als spezialisiertes Unternehmen im norddeutschen Raum. Unsere langj\u00e4hrige Erfahrung spricht f\u00fcr uns.<\/p>","popseo_links":"<a href=\"https:\/\/www.kaduk-bauelemente.de\/leistungen\/zaeune-bergedorf-wentorf\/\">Z\u00e4une Bergedorf Wentorf<\/a>, <a href=\"https:\/\/www.kaduk-bauelemente.de\/leistungen\/terrassendaecher-aus-aluminium-buchholz\/\">Terrassend\u00e4cher aus Aluminium Buchholz<\/a>, <a href=\"https:\/\/www.kaduk-bauelemente.de\/leistungen\/fliegengitter-bardowick\/\">Fliegengitter Bardowick<\/a>, <a href=\"https:\/\/www.kaduk-bauelemente.de\/leistungen\/sektionaltore-winsen-luhe\/\">Sektionaltore Winsen Luhe<\/a>, <a href=\"https:\/\/www.kaduk-bauelemente.de\/leistungen\/fenster-jesteburg\/\">Fenster Jesteburg<\/a>, <a href=\"https:\/\/www.kaduk-bauelemente.de\/leistungen\/terrassenueberdachungen-aus-holz-reppenstedt\/\">Terrassen\u00fcberdachungen aus Holz Reppenstedt<\/a>, <a href=\"https:\/\/www.kaduk-bauelemente.de\/leistungen\/terrassenueberdachungen-aus-holz-schwarzenbek\/\">Terrassen\u00fcberdachungen aus Holz Schwarzenbek<\/a>, <a href=\"https:\/\/www.kaduk-bauelemente.de\/leistungen\/zaunbau-reinbek-glinde\/\">Zaunbau Reinbek Glinde<\/a>, <a href=\"https:\/\/www.kaduk-bauelemente.de\/leistungen\/rolllaeden-buchholz\/\">Rolll\u00e4den Buchholz<\/a>, <a href=\"https:\/\/www.kaduk-bauelemente.de\/leistungen\/carports-amt-neuhaus\/\">Carports Amt Neuhaus<\/a>, <a href=\"https:\/\/www.kaduk-bauelemente.de\/leistungen\/terrassenueberdachungen-aus-aluminium-bergedorf-wentorf\/\">Terrassen\u00fcberdachungen aus Aluminium Bergedorf Wentorf<\/a>, <a href=\"https:\/\/www.kaduk-bauelemente.de\/leistungen\/tueren-herzogtum-lauenburg\/\">T\u00fcren Herzogtum Lauenburg<\/a>, <a href=\"https:\/\/www.kaduk-bauelemente.de\/leistungen\/fenster-hanstedt\/\">Fenster Hanstedt<\/a>, <a href=\"https:\/\/www.kaduk-bauelemente.de\/leistungen\/fliegengitter-maschen\/\">Fliegengitter Maschen<\/a>, <a href=\"https:\/\/www.kaduk-bauelemente.de\/leistungen\/terrassendaecher-aus-holz-bad-bevensen\/\">Terrassend\u00e4cher aus Holz Bad Bevensen<\/a>, <a href=\"https:\/\/www.kaduk-bauelemente.de\/leistungen\/fliegengitter-harburg\/\">Fliegengitter Harburg<\/a>, <a href=\"https:\/\/www.kaduk-bauelemente.de\/leistungen\/fenster-bardowick\/\">Fenster Bardowick<\/a>, <a href=\"https:\/\/www.kaduk-bauelemente.de\/leistungen\/rollladen-uelzen\/\">Rollladen Uelzen<\/a>, <a href=\"https:\/\/www.kaduk-bauelemente.de\/leistungen\/terrassendaecher-aus-aluminium-jesteburg\/\">Terrassend\u00e4cher aus Aluminium Jesteburg<\/a>, <a href=\"https:\/\/www.kaduk-bauelemente.de\/leistungen\/garagentore-hanstedt\/\">Garagentore Hanstedt<\/a>, <a href=\"https:\/\/www.kaduk-bauelemente.de\/leistungen\/holzfenster-ebstorf\/\">Holzfenster Ebstorf<\/a>, <a href=\"https:\/\/www.kaduk-bauelemente.de\/leistungen\/terrassendaecher-aus-holz-buechen\/\">Terrassend\u00e4cher aus Holz B\u00fcchen<\/a>, <a href=\"https:\/\/www.kaduk-bauelemente.de\/leistungen\/rollladen-buechen\/\">Rollladen B\u00fcchen<\/a>, <a href=\"https:\/\/www.kaduk-bauelemente.de\/leistungen\/carports-boizenburg\/\">Carports Boizenburg<\/a>, <a href=\"https:\/\/www.kaduk-bauelemente.de\/leistungen\/garagentore-jesteburg\/\">Garagentore Jesteburg<\/a>, <a href=\"https:\/\/www.kaduk-bauelemente.de\/leistungen\/rollladen-bispingen\/\">Rollladen Bispingen<\/a>"},"_links":{"self":[{"href":"https:\/\/www.kaduk-bauelemente.de\/leistungen\/wp-json\/wp\/v2\/pages\/4463","targetHints":{"allow":["GET"]}}],"collection":[{"href":"https:\/\/www.kaduk-bauelemente.de\/leistungen\/wp-json\/wp\/v2\/pages"}],"about":[{"href":"https:\/\/www.kaduk-bauelemente.de\/leistungen\/wp-json\/wp\/v2\/types\/page"}],"author":[{"embeddable":true,"href":"https:\/\/www.kaduk-bauelemente.de\/leistungen\/wp-json\/wp\/v2\/users\/1"}],"replies":[{"embeddable":true,"href":"https:\/\/www.kaduk-bauelemente.de\/leistungen\/wp-json\/wp\/v2\/comments?post=4463"}],"version-history":[{"count":0,"href":"https:\/\/www.kaduk-bauelemente.de\/leistungen\/wp-json\/wp\/v2\/pages\/4463\/revisions"}],"wp:attachment":[{"href":"https:\/\/www.kaduk-bauelemente.de\/leistungen\/wp-json\/wp\/v2\/media?parent=4463"}],"curies":[{"name":"wp","href":"https:\/\/api.w.org\/{rel}","templated":true}]}}