{"id":4454,"date":"2021-08-25T12:19:13","date_gmt":"2021-08-25T10:19:13","guid":{"rendered":"https:\/\/www.kaduk-bauelemente.de\/leistungen\/raffstores-jesteburg\/"},"modified":"2021-08-25T12:19:13","modified_gmt":"2021-08-25T10:19:13","slug":"raffstores-jesteburg","status":"publish","type":"page","link":"https:\/\/www.kaduk-bauelemente.de\/leistungen\/raffstores-jesteburg\/","title":{"rendered":"Raffstores &#8211; Jesteburg"},"content":{"rendered":"<h3>Raffstores \u2013 wir beraten Sie!<\/h3>\n<p>Raffstores zeichnen sich durch extrem dicke und belastbare Lamellen aus. Das unempfindliche Material ist notwendig, da Raffstores bisweilen kr\u00e4ftigen Belastungen durch Regen, Hagel oder Sturm ausgesetzt sind. Im Allgemeinen sind Raffstores schienen- oder seilgef\u00fchrt.   <\/p>\n<p>Raffstores werden zumeist an der Au\u00dfenwand montiert. F\u00fcr die Montage bieten sich Blenden und Oberschienen an. Die Blenden haben den Vorteil, dass die Lamellen vollst\u00e4ndig eingefahren werden k\u00f6nnen. Mit exklusiven und fachm\u00e4nnisch installierten Raffstores kann ein verbesserter W\u00e4rmeschutz garantiert werden. Durch die Au\u00dfenanbringung wird die Einstrahlung der Sonne verringert und kann nur zum Teil ins Geb\u00e4udeinnere gelangen. Vorh\u00e4nge oder Rollos sind im Gegensatz zu Raffstores deutlich weniger effizient.<\/p>\n<h3>Raffstores \u2013 wir informieren Sie \u00fcber Ihre M\u00f6glichkeiten!<\/h3>\n<p>Je nach Ausma\u00df und Formgebung des Fensters sind diverse Produkte lieferbar. Raffstores erm\u00f6glichen einen optimalen Licht- und Blendschutz. Komplett unabh\u00e4ngig von Jahres- oder Tageszeit: Die auch unter dem Fachbegriff Au\u00dfenjalousie bekannten Raffstores geben Ihnen die sehr gute Gelegenheit, immer die f\u00fcr Sie richtige Helligkeit einzustellen. Auch wirken sich Raffstores positiv auf den Stromhaushalt aus: Durch den Gebrauch von Raffstores l\u00e4sst sich die Nutzung der Klimaanlage durchaus erkennbar reduzieren, ohne dass im gleichen Zuge auf angenehmen K\u00fchle verzichtet werden muss.<\/p>\n","protected":false},"excerpt":{"rendered":"<p>Raffstores \u2013 wir beraten Sie! Raffstores zeichnen sich durch extrem dicke und belastbare Lamellen aus. Das unempfindliche Material ist notwendig, da Raffstores bisweilen kr\u00e4ftigen Belastungen durch Regen, Hagel oder Sturm ausgesetzt sind. Im Allgemeinen sind Raffstores schienen- oder seilgef\u00fchrt. Raffstores werden zumeist an der Au\u00dfenwand montiert. F\u00fcr die Montage bieten sich Blenden und Oberschienen an. [&hellip;]<\/p>\n","protected":false},"author":1,"featured_media":0,"parent":0,"menu_order":0,"comment_status":"closed","ping_status":"closed","template":"","meta":{"footnotes":""},"class_list":["post-4454","page","type-page","status-publish","hentry"],"meta_box":{"popseo_subtitel":"Wir sind Ihr Fachanbieter f\u00fcr Raffstores in Jesteburg","popseo_subtitel2":"Raffstores - eine vorteilhafte Sache!","popseo_lasttitel":"Raffstores: F\u00fcr weitere Informationen sprechen Sie uns bitte an","popseo_region":"Jesteburg","popseo_sachwort":"Raffstores","popseo_noupdate":"","popseo_einleitungstext":"<p>Auf Wunsch informieren wir Sie n\u00e4her \u00fcber unser Produkt- und T\u00e4tigkeitsspektrum. Wir pr\u00e4sentieren Ihnen mit Vergn\u00fcgen auch einige Referenzen, die Ihnen einen Einblick in unsere Arbeit geben.<br \/>\nDie Fachleute der Firma Kaduk sind gerne f\u00fcr Sie im Einsatz. Rufen Sie uns doch einfach einmal an oder senden Sie uns eine kurze E-Mail. Wir freuen uns auf den Kontakt zu Ihnen.<\/p>","popseo_schlusstext":"<p>Sie ben\u00f6tigen einen Spezialisten f\u00fcr hochwertige Sicherheits- und Sonnenschutzl\u00f6sungen. Dann kontaktieren Sie uns bitte schnell. Wir freuen uns auf das Gespr\u00e4ch mit Ihnen. Wenn es um Bauelemente geht, sind wir Ihr erfahrener Handels- und Handwerkspartner. Wir stehen f\u00fcr hochwertige Produkte und eine fachgerecht ausgef\u00fchrte Arbeit nach dem stets aktuellsten Stand der Technik.<\/p>","popseo_stadttext":"<h3>Unser Einzugsbereich umfasst auch Jesteburg<\/h3>\n<p>Durch unsere Gesch\u00e4ftst\u00e4tigkeit haben wir uns einen sehr guten \u00dcberblick \u00fcber die Stadtarchitektur der Gemeinden und St\u00e4dte unseres Einzugsbereiches erarbeiten k\u00f6nnen. Nat\u00fcrlich z\u00e4hlt auch Jesteburg zu unserem unmittelbaren Wirkungskreis. Wir freuen uns darauf, mit Ihnen in Kontakt zu kommen. <\/p>\n<h3>Einige interessante Informationen \u00fcber Jesteburg<\/h3>\n<p>Jesteburg liegt im n\u00f6rdlichen Niedersachsen und ist knapp 30 Kilometer von von der Metropole Hamburg entfernt. Auf einem Gebiet von cirka 28 km\u00b2 leben gut 8.000 B\u00fcrger. <\/p>\n<p>Formell z\u00e4hlt Jesteburg zum Kreis Harburg. Nur zehn Kilometer von Jesteburg entfernt beginnt die L\u00fcneburger Heide, ein nach wie vor wunderbarer Naturpark. Jesteburg hat insgesamt vier Ortsteile: Wiedenhof, L\u00fcllau, Reindorfer Osterberg und Itzenb\u00fcttel. Berufspendler bewerten an Jesteburg speziell die zentrale Lage positiv. Wer seinen Arbeitsplatz zum Beispiel in Hamburg hat, genie\u00dft sowohl die N\u00e4he zur Metropole als auch das entspannte Leben im \"Speckg\u00fcrtel\". Jesteburg ist ganz unbestritten ein prima Ort zum Wohnen. \u00dcberregional bekannt ist Jesteburg durch die allj\u00e4hrlich stattfindende Kunstwoche Jesteburg. \u00dcber 60 K\u00fcnstler stellen auf dem renommierten Kunstevent ihre Werke aus. In der Kunstst\u00e4tte Bossard werden au\u00dferdem Werke aus den Bereichen Malerei, Architektur und Bildhauerei pr\u00e4sentiert. <\/p>\n<h4>Hohe Qualit\u00e4t f\u00fcr Kunden aus Jesteburg<\/h4>\n<p>Sie interessieren sich f\u00fcr unser Angebot und sind hier im World Wide Web auf unsere Website gesto\u00dfen? Dar\u00fcber freuen wir uns sehr. Gerne pr\u00e4sentieren wir Ihnen unser gesamtes Leistungsspektrum und beantworten Ihre Fragen. Unser engagiertes Team freut sich auf Sie.<\/p>","popseo_zusatztext":"<h3>Gute Qualit\u00e4t \u2013 g\u00fcnstig und preiswert<\/h3>\n<p>Bauelemente m\u00fcssen h\u00f6chsten Erwartungen standhalten. Nichtsdestrotrotz darf es g\u00fcnstig und preiswert sein. Das muss absolut kein Gegensatz sein. <\/p>\n<p>Als Fachunternehmen f\u00fcr Sonnenschutz- und Sicherheitssysteme verwenden wir ausschlie\u00dflich qualitativ hochwertige Erzeugnisse. Trotzdem schauen wir stets auf ein gutes Preis-Leistungsverh\u00e4ltnis. Wir m\u00f6chten Ihnen Spitzenqualit\u00e4t bieten, die zugleich auch g\u00fcnstig und preiswert ist. Geben Sie Ihrem Zuhause g\u00fcnstig und preiswert das gewisse Mehr an Qualit\u00e4t. Markisen und Rolll\u00e4den oder andere Sonnenschutzl\u00f6sungen sehen nicht nur hervorragend aus, sie leisten auch einen bedeutenden Anteil zur W\u00e4rmed\u00e4mmung.  <\/p>\n<h3>G\u00fcnstig und preiswert ohne Abstriche bei der Qualit\u00e4t<\/h3>\n<p>D\u00fcrfen wir Sie informieren, wie Sie g\u00fcnstig und preiswert einen perfekten Sonnenschutz f\u00fcr Ihr Haus umsetzen? Klasse, dann z\u00f6gern Sie bitte nicht und nehmen am besten sofort heute noch Kontakt mit uns auf. Ein kurzer Telefonanruf oder auch eine schnelle E-Mail gen\u00fcgen. Gern informieren Sie unsere perfekt geschulten Fachleute \u00fcber die verschiedenen Optionen, wie Sie Ihr Heim g\u00fcnstig und preiswert mit Rolll\u00e4den und Markisen oder anderen Sonnenschutzprodukten ausstatten. Wir freuen uns auf das Gespr\u00e4ch mit Ihnen. <\/p>\n<h4>Hochwertige Arbeit g\u00fcnstig und preiswert<\/h4>\n<p>Setzen Sie beim Thema Sonnenschutz und Sicherheit auf den Profi. Nur ein Fachbetrieb kennt die diversen Optionen, wie Sie g\u00fcnstig und preiswert, gleichzeitig qualitativ spitze einen optimalen Sonnenschutz erreichen. Qualit\u00e4tsbewusst, g\u00fcnstig und preiswert: Wir empfehlen uns als spezialisiertes Unternehmen im norddeutschen Raum. Unsere gro\u00dfe Erfahrung zeichnet uns aus.<\/p>","popseo_links":"<a href=\"https:\/\/www.kaduk-bauelemente.de\/leistungen\/fliegengitter-buchholz\/\">Fliegengitter Buchholz<\/a>, <a href=\"https:\/\/www.kaduk-bauelemente.de\/leistungen\/insektenschutz-maschen\/\">Insektenschutz Maschen<\/a>, <a href=\"https:\/\/www.kaduk-bauelemente.de\/leistungen\/markisen-reppenstedt\/\">Markisen Reppenstedt<\/a>, <a href=\"https:\/\/www.kaduk-bauelemente.de\/leistungen\/zaunbau-maschen\/\">Zaunbau Maschen<\/a>, <a href=\"https:\/\/www.kaduk-bauelemente.de\/leistungen\/terrassendaecher-aus-holz-winsen-luhe\/\">Terrassend\u00e4cher aus Holz Winsen Luhe<\/a>, <a href=\"https:\/\/www.kaduk-bauelemente.de\/leistungen\/terrassenueberdachungen-aus-holz-bad-bevensen\/\">Terrassen\u00fcberdachungen aus Holz Bad Bevensen<\/a>, <a href=\"https:\/\/www.kaduk-bauelemente.de\/leistungen\/holzfenster-hanstedt\/\">Holzfenster Hanstedt<\/a>, <a href=\"https:\/\/www.kaduk-bauelemente.de\/leistungen\/rolllaeden-reppenstedt\/\">Rolll\u00e4den Reppenstedt<\/a>, <a href=\"https:\/\/www.kaduk-bauelemente.de\/leistungen\/terrassenueberdachungen-aus-aluminium-seevetal-rosengarten\/\">Terrassen\u00fcberdachungen aus Aluminium Seevetal Rosengarten<\/a>, <a href=\"https:\/\/www.kaduk-bauelemente.de\/leistungen\/kunststofffenster-bergedorf-wentorf\/\">Kunststofffenster Bergedorf Wentorf<\/a>, <a href=\"https:\/\/www.kaduk-bauelemente.de\/leistungen\/kunststofffenster-bad-bevensen\/\">Kunststofffenster Bad Bevensen<\/a>, <a href=\"https:\/\/www.kaduk-bauelemente.de\/leistungen\/kunststofffenster-amt-neuhaus\/\">Kunststofffenster Amt Neuhaus<\/a>, <a href=\"https:\/\/www.kaduk-bauelemente.de\/leistungen\/haustueren-bergedorf-wentorf\/\">Haust\u00fcren Bergedorf Wentorf<\/a>, <a href=\"https:\/\/www.kaduk-bauelemente.de\/leistungen\/terrassendaecher-aus-holz-buchholz\/\">Terrassend\u00e4cher aus Holz Buchholz<\/a>, <a href=\"https:\/\/www.kaduk-bauelemente.de\/leistungen\/garagen-ebstorf\/\">Garagen Ebstorf<\/a>, <a href=\"https:\/\/www.kaduk-bauelemente.de\/leistungen\/rolltore-bergedorf-wentorf\/\">Rolltore Bergedorf Wentorf<\/a>, <a href=\"https:\/\/www.kaduk-bauelemente.de\/leistungen\/fliegengitter-bispingen\/\">Fliegengitter Bispingen<\/a>, <a href=\"https:\/\/www.kaduk-bauelemente.de\/leistungen\/rollladen-boizenburg\/\">Rollladen Boizenburg<\/a>, <a href=\"https:\/\/www.kaduk-bauelemente.de\/leistungen\/rolltore-amelinghausen\/\">Rolltore Amelinghausen<\/a>, <a href=\"https:\/\/www.kaduk-bauelemente.de\/leistungen\/zaunbau-tostedt-sittensen\/\">Zaunbau Tostedt Sittensen<\/a>, <a href=\"https:\/\/www.kaduk-bauelemente.de\/leistungen\/markisen-bienenbuettel\/\">Markisen Bienenb\u00fcttel<\/a>, <a href=\"https:\/\/www.kaduk-bauelemente.de\/leistungen\/garagentore-adendorf\/\">Garagentore Adendorf<\/a>, <a href=\"https:\/\/www.kaduk-bauelemente.de\/leistungen\/carports-harburg\/\">Carports Harburg<\/a>, <a href=\"https:\/\/www.kaduk-bauelemente.de\/leistungen\/carports-reinbek-glinde\/\">Carports Reinbek Glinde<\/a>, <a href=\"https:\/\/www.kaduk-bauelemente.de\/leistungen\/rolltore-buechen\/\">Rolltore B\u00fcchen<\/a>, <a href=\"https:\/\/www.kaduk-bauelemente.de\/leistungen\/terrassenueberdachungen-aus-aluminium-amelinghausen\/\">Terrassen\u00fcberdachungen aus Aluminium Amelinghausen<\/a>"},"_links":{"self":[{"href":"https:\/\/www.kaduk-bauelemente.de\/leistungen\/wp-json\/wp\/v2\/pages\/4454","targetHints":{"allow":["GET"]}}],"collection":[{"href":"https:\/\/www.kaduk-bauelemente.de\/leistungen\/wp-json\/wp\/v2\/pages"}],"about":[{"href":"https:\/\/www.kaduk-bauelemente.de\/leistungen\/wp-json\/wp\/v2\/types\/page"}],"author":[{"embeddable":true,"href":"https:\/\/www.kaduk-bauelemente.de\/leistungen\/wp-json\/wp\/v2\/users\/1"}],"replies":[{"embeddable":true,"href":"https:\/\/www.kaduk-bauelemente.de\/leistungen\/wp-json\/wp\/v2\/comments?post=4454"}],"version-history":[{"count":0,"href":"https:\/\/www.kaduk-bauelemente.de\/leistungen\/wp-json\/wp\/v2\/pages\/4454\/revisions"}],"wp:attachment":[{"href":"https:\/\/www.kaduk-bauelemente.de\/leistungen\/wp-json\/wp\/v2\/media?parent=4454"}],"curies":[{"name":"wp","href":"https:\/\/api.w.org\/{rel}","templated":true}]}}