{"id":4452,"date":"2021-08-25T12:19:13","date_gmt":"2021-08-25T10:19:13","guid":{"rendered":"https:\/\/www.kaduk-bauelemente.de\/leistungen\/raffstores-harburg\/"},"modified":"2021-08-25T12:19:13","modified_gmt":"2021-08-25T10:19:13","slug":"raffstores-harburg","status":"publish","type":"page","link":"https:\/\/www.kaduk-bauelemente.de\/leistungen\/raffstores-harburg\/","title":{"rendered":"Raffstores &#8211; Harburg"},"content":{"rendered":"<h3>Raffstores \u2013 wir beraten Sie!<\/h3>\n<p>Raffstores zeichnen sich durch extrem dicke und kr\u00e4ftige Lamellen aus. Das unempfindliche Material ist erforderlich, da Raffstores bisweilen kr\u00e4ftigen negativen Belastungen durch Sturm und Regen ausgesetzt sind. Gew\u00f6hnlich sind Raffstores seil- oder schienengef\u00fchrt.   <\/p>\n<p>Raffstores werden zumeist an der Au\u00dfenwand angebracht. F\u00fcr die Installation bieten sich Blenden und Oberschienen an. Die Blenden haben den Nutzen, dass die Lamellen komplett eingefahren werden k\u00f6nnen. Mit hochwertigen und fachm\u00e4nnisch montierten Raffstores kann ein hoher W\u00e4rmeschutz gew\u00e4hrleistet werden. Durch die Au\u00dfenanbringung wird die Einstrahlung der Sonne verringert und kann nur zum Teil ins Hausinnere dringen. Stores oder Rollos sind im Vergleich zu Raffstores erheblich weniger wirksam.<\/p>\n<h3>Raffstores \u2013 wir informieren Sie \u00fcber Ihre M\u00f6glichkeiten!<\/h3>\n<p>Je nach Ma\u00df und Form des Fensters sind diverse Produkte erh\u00e4ltlich. Raffstores erm\u00f6glichen einen perfekten Licht- und Blendschutz. V\u00f6llig unabh\u00e4ngig von Jahres- oder Tageszeit: Die auch unter dem Begriff Au\u00dfenjalousie bekannten Raffstores geben Ihnen die gute Gelegenheit, stets die f\u00fcr Sie optimale Helligkeit einzustellen. Auch wirken sich Raffstores positiv auf den Energieverbrauch aus: Durch die Nutzung von Raffstores l\u00e4sst sich die Anwendung der Klimaanlage doch erkennbar verringern, ohne dass gleichzeitig auf behagliche K\u00fchle verzichtet werden muss.<\/p>\n","protected":false},"excerpt":{"rendered":"<p>Raffstores \u2013 wir beraten Sie! Raffstores zeichnen sich durch extrem dicke und kr\u00e4ftige Lamellen aus. Das unempfindliche Material ist erforderlich, da Raffstores bisweilen kr\u00e4ftigen negativen Belastungen durch Sturm und Regen ausgesetzt sind. Gew\u00f6hnlich sind Raffstores seil- oder schienengef\u00fchrt. Raffstores werden zumeist an der Au\u00dfenwand angebracht. F\u00fcr die Installation bieten sich Blenden und Oberschienen an. Die [&hellip;]<\/p>\n","protected":false},"author":1,"featured_media":0,"parent":0,"menu_order":0,"comment_status":"closed","ping_status":"closed","template":"","meta":{"footnotes":""},"class_list":["post-4452","page","type-page","status-publish","hentry"],"meta_box":{"popseo_subtitel":"Kaduk Bauelemente ist Ihr Experte f\u00fcr Raffstores im Raum Harburg","popseo_subtitel2":"Raffstores - von den Experten unserer Firma","popseo_lasttitel":"Raffstores: F\u00fcr weitere Informationen sprechen Sie uns bitte an","popseo_region":"Harburg","popseo_sachwort":"Raffstores","popseo_noupdate":"","popseo_einleitungstext":"<p>Auf Wunsch informieren wir Sie n\u00e4her \u00fcber unser Produkt- und T\u00e4tigkeitsspektrum. Wir zeigen Ihnen mit Vergn\u00fcgen auch ein paar Referenzprojekte, die Ihnen einen Einblick in unsere Arbeit geben.<br \/>\nVertrauen Sie auf das Urteil eines erfahrenen Fachbetriebes. Rufen Sie uns doch rasch einmal an oder schreiben Sie uns eine schnelle E-Mail. Wir freuen uns auf den Kontakt zu Ihnen.<\/p>","popseo_schlusstext":"<p>Sie suchen einen Profi f\u00fcr moderne Sonnenschutz- und Sicherheitsl\u00f6sungen. Dann kontaktieren Sie uns bitte schnell. Wir freuen uns auf das Gespr\u00e4ch mit Ihnen. Wenn es um Bauelemente geht, sind wir Ihr verl\u00e4sslicher Handwerks- und Handelspartner. Wir garantieren hochwertige Produkte und eine sachkundig durchgef\u00fchrte Arbeit nach dem jeweils aktuellsten Stand der Technik.<\/p>","popseo_stadttext":"<h3>Unser Leistungskatalog f\u00fcr Kunden aus Harburg<\/h2>\n<p>Durch unsere Gesch\u00e4ftst\u00e4tigkeit haben wir uns einen ausgezeichneten \u00dcberblick \u00fcber die Stadtarchitektur der Gemeinden und St\u00e4dte unseres Einzugsbereiches erarbeiten k\u00f6nnen. Selbstverst\u00e4ndlich z\u00e4hlt auch Harburg zu unserem unmittelbaren Gesch\u00e4ftsgebiet. Wir freuen uns darauf, mit Ihnen in Kontakt zu kommen. <\/p>\n<h3>Wissenswertes \u00fcber Harburg<\/h3>\n<p>Harburg ist ein Stadtteil von Hamburg. Harburg war einstmals selbst\u00e4ndig. Im Jahre 1927 erfolgte zun\u00e4chst die Vereinigung mit Wilhelmsburg zur damals 110.000 Anwohner z\u00e4hlenden Gro\u00dfstadt Harburg-Wilhelmsburg. Zehn Jahre sp\u00e4ter ordnete die verantwortliche Beh\u00f6rde schlie\u00dflich dieses neu gebildete Stadtkonstrukt dem Hamburger Staat zu. Harburg verlor damit seine Autonomie. Anno 1951 entstand auch der Verwaltungsbezirk Harburg. Harburg liegt an der S\u00fcderelbe. Der Stadtteil grenzt an Wilhelmsburg und HH-Neuland und an die nieders\u00e4chsischen Kreise Harburg und Stade.  <\/p>\n<h3>Reizvolles Harburg!<\/h3>\n<p>Speziell die Erweiterung des Binnenhafens Mitte des 19. Jahrhunderts war f\u00fcr die Entwicklung von Harburg wichtig. Die kautschuk- und \u00f6lverarbeitende Industrie sorgte in Harburg f\u00fcr best\u00e4ndiges Wachstum. Ab den 60er Jahren zog sich die Hafenindustrie gro\u00dffl\u00e4chig aus Harburg zur\u00fcck. Best\u00e4ndig mehr Geb\u00e4ude und Industriefl\u00e4chen lagen brach. Der Strukturwandel wirkte sich erheblich auf das Leben im Stadtteil Harburg aus. <\/p>\n<p>In den vergangenen Dekaden hat sich Harburg erkennbar entwickelt und sich vorrangig als Wohnquartier einen Namen erworben. Die Infrastruktur von Harburg ist ausgezeichnet: Die City hat sich zu einem Einzelhandelszentrum entfaltet. Allein drei gro\u00dfe Shoppingzentren sind in Harburg beheimatet. Der Stadtteil verf\u00fcgt ferner \u00fcber viele ruhige und h\u00fcbsch gelegene Wohngebiete. Ein weiterer Pluspunkt: Mit der S-Bahn f\u00e4hrt man weniger als 15 Minuten bis zum Hamburger Hauptbahnhof. In den vergangenen Jahren wurden zahlreiche Neubauprojekte in Harburg begonnen. Speziell der hafennahe Bereich um die Schlossinsel Harburg sowie das Gebiet um den Veritaskai wurden stadtarchitektonisch erneuert. Harburg ist f\u00fcr sein Bildungsangebot beliebt. Die Technische Universit\u00e4t Hamburg-Harburg, die K\u00fchne School of Logistics und das Northern Institut of Technology besitzen einen ausgezeichneten Ruf. <\/p>\n<h4>Wir f\u00fcr Sie in Harburg!<\/h4>\n<p>Sie interessieren sich f\u00fcr unser Angebot und sind hier im Internet auf unsere Homepage gesto\u00dfen? Dar\u00fcber freuen wir uns sehr. Gerne pr\u00e4sentieren wir Ihnen unser gesamtes Leistungsspektrum und beantworten Ihre Fragen. Auf Ihre Anfragen freuen wir uns.<\/p>","popseo_zusatztext":"<h3>G\u00fcnstig und preiswert \u2013 darauf d\u00fcrfen Sie setzen<\/h3>\n<p>Bauelemente m\u00fcssen hohen Anforderungen standhalten. Nichtsdestrotrotz darf es g\u00fcnstig und preiswert sein. Das muss absolut kein Widerspruch sein. <\/p>\n<p>Als Fachbetrieb f\u00fcr Sonnenschutz und Sicherheit verarbeiten wir ausschlie\u00dflich hochwertige Produkte. Nichtsdestotrotz achten wir stets auf ein angemessenes Preis-Leistungsverh\u00e4ltnis. Wir m\u00f6chten Ihnen Spitzenqualit\u00e4t anbieten, die zugleich auch g\u00fcnstig und preiswert ist. Geben Sie Ihrem Zuhause g\u00fcnstig und preiswert das besondere Plus an Qualit\u00e4t. Markisen und Rolll\u00e4den oder andere Sonnenschutzl\u00f6sungen sehen nicht nur schick aus, sie leisten auch einen bedeutsamen Beitrag zur W\u00e4rmed\u00e4mmung.  <\/p>\n<h3>G\u00fcnstig und preiswert ohne Abstriche bei der Qualit\u00e4t<\/h3>\n<p>D\u00fcrfen wir Sie informieren, wie Sie g\u00fcnstig und preiswert einen optimalen Sonnenschutz f\u00fcr Ihr Heim umsetzen? Toll, dann z\u00f6gern Sie bitte nicht und nehmen am besten gleich heute noch Kontakt mit uns auf. Ein kurzer Telefonanruf oder eine schnelle Mail gen\u00fcgen. Gerne informieren Sie unsere gut ausgebildeten Profis \u00fcber die verschiedenen M\u00f6glichkeiten, wie Sie Ihr Heim g\u00fcnstig und preiswert mit Markisen und Rolll\u00e4den oder anderen Sonnenschutzprodukten versehen. Wir freuen uns auf das Gespr\u00e4ch mit Ihnen. <\/p>\n<h4>G\u00fcnstig und preiswert \u2013 manchmal macht auch der Preis den Unterschied<\/h4>\n<p>Z\u00e4hlen Sie beim Thema Sonnenschutz und Sicherheit auf den Spezialisten. Nur ein Spezialbetrieb kennt die verschiedenen M\u00f6glichkeiten, wie Sie g\u00fcnstig und preiswert, trotzdem qualitativ hochwertig einen perfekten Sonnenschutz erreichen. Qualit\u00e4tsbewusst, g\u00fcnstig und preiswert: Wir empfehlen uns als spezialisiertes Unternehmen im Norden. Unsere langj\u00e4hrige Erfahrung spricht f\u00fcr uns.<\/p>","popseo_links":"<a href=\"https:\/\/www.kaduk-bauelemente.de\/leistungen\/insektenschutz-geesthacht\/\">Insektenschutz Geesthacht<\/a>, <a href=\"https:\/\/www.kaduk-bauelemente.de\/leistungen\/terrassendaecher-aus-aluminium-lueneburg\/\">Terrassend\u00e4cher aus Aluminium L\u00fcneburg<\/a>, <a href=\"https:\/\/www.kaduk-bauelemente.de\/leistungen\/rollladen-seevetal-rosengarten\/\">Rollladen Seevetal Rosengarten<\/a>, <a href=\"https:\/\/www.kaduk-bauelemente.de\/leistungen\/garagen-bad-bevensen\/\">Garagen Bad Bevensen<\/a>, <a href=\"https:\/\/www.kaduk-bauelemente.de\/leistungen\/kunststofffenster-boizenburg\/\">Kunststofffenster Boizenburg<\/a>, <a href=\"https:\/\/www.kaduk-bauelemente.de\/leistungen\/rolltore-harburg\/\">Rolltore Harburg<\/a>, <a href=\"https:\/\/www.kaduk-bauelemente.de\/leistungen\/terrassendaecher-aus-holz-tostedt-sittensen\/\">Terrassend\u00e4cher aus Holz Tostedt Sittensen<\/a>, <a href=\"https:\/\/www.kaduk-bauelemente.de\/leistungen\/fliegengitter-seevetal-rosengarten\/\">Fliegengitter Seevetal Rosengarten<\/a>, <a href=\"https:\/\/www.kaduk-bauelemente.de\/leistungen\/sektionaltore-bad-bevensen\/\">Sektionaltore Bad Bevensen<\/a>, <a href=\"https:\/\/www.kaduk-bauelemente.de\/leistungen\/terrassenueberdachungen-aus-aluminium-bispingen\/\">Terrassen\u00fcberdachungen aus Aluminium Bispingen<\/a>, <a href=\"https:\/\/www.kaduk-bauelemente.de\/leistungen\/fenster-reppenstedt\/\">Fenster Reppenstedt<\/a>, <a href=\"https:\/\/www.kaduk-bauelemente.de\/leistungen\/aussenjalousien-jesteburg\/\">Au\u00dfenjalousien Jesteburg<\/a>, <a href=\"https:\/\/www.kaduk-bauelemente.de\/leistungen\/rolltore-adendorf\/\">Rolltore Adendorf<\/a>, <a href=\"https:\/\/www.kaduk-bauelemente.de\/leistungen\/terrassendaecher-aus-holz-geesthacht\/\">Terrassend\u00e4cher aus Holz Geesthacht<\/a>, <a href=\"https:\/\/www.kaduk-bauelemente.de\/leistungen\/terrassenueberdachungen-aus-aluminium-maschen\/\">Terrassen\u00fcberdachungen aus Aluminium Maschen<\/a>, <a href=\"https:\/\/www.kaduk-bauelemente.de\/leistungen\/holzfenster-amelinghausen\/\">Holzfenster Amelinghausen<\/a>, <a href=\"https:\/\/www.kaduk-bauelemente.de\/leistungen\/fliegengitter-amt-neuhaus\/\">Fliegengitter Amt Neuhaus<\/a>, <a href=\"https:\/\/www.kaduk-bauelemente.de\/leistungen\/haustueren-bienenbuettel\/\">Haust\u00fcren Bienenb\u00fcttel<\/a>, <a href=\"https:\/\/www.kaduk-bauelemente.de\/leistungen\/insektenschutz-lueneburg\/\">Insektenschutz L\u00fcneburg<\/a>, <a href=\"https:\/\/www.kaduk-bauelemente.de\/leistungen\/aussenjalousien-bardowick\/\">Au\u00dfenjalousien Bardowick<\/a>, <a href=\"https:\/\/www.kaduk-bauelemente.de\/leistungen\/garagentore-tostedt-sittensen\/\">Garagentore Tostedt Sittensen<\/a>, <a href=\"https:\/\/www.kaduk-bauelemente.de\/leistungen\/fliegengitter-bienenbuettel\/\">Fliegengitter Bienenb\u00fcttel<\/a>, <a href=\"https:\/\/www.kaduk-bauelemente.de\/leistungen\/zaeune-bergedorf-wentorf\/\">Z\u00e4une Bergedorf Wentorf<\/a>, <a href=\"https:\/\/www.kaduk-bauelemente.de\/leistungen\/insektenschutz-maschen\/\">Insektenschutz Maschen<\/a>, <a href=\"https:\/\/www.kaduk-bauelemente.de\/leistungen\/fenster-winsen-luhe\/\">Fenster Winsen Luhe<\/a>, <a href=\"https:\/\/www.kaduk-bauelemente.de\/leistungen\/zaeune-schwarzenbek\/\">Z\u00e4une Schwarzenbek<\/a>"},"_links":{"self":[{"href":"https:\/\/www.kaduk-bauelemente.de\/leistungen\/wp-json\/wp\/v2\/pages\/4452","targetHints":{"allow":["GET"]}}],"collection":[{"href":"https:\/\/www.kaduk-bauelemente.de\/leistungen\/wp-json\/wp\/v2\/pages"}],"about":[{"href":"https:\/\/www.kaduk-bauelemente.de\/leistungen\/wp-json\/wp\/v2\/types\/page"}],"author":[{"embeddable":true,"href":"https:\/\/www.kaduk-bauelemente.de\/leistungen\/wp-json\/wp\/v2\/users\/1"}],"replies":[{"embeddable":true,"href":"https:\/\/www.kaduk-bauelemente.de\/leistungen\/wp-json\/wp\/v2\/comments?post=4452"}],"version-history":[{"count":0,"href":"https:\/\/www.kaduk-bauelemente.de\/leistungen\/wp-json\/wp\/v2\/pages\/4452\/revisions"}],"wp:attachment":[{"href":"https:\/\/www.kaduk-bauelemente.de\/leistungen\/wp-json\/wp\/v2\/media?parent=4452"}],"curies":[{"name":"wp","href":"https:\/\/api.w.org\/{rel}","templated":true}]}}