{"id":4448,"date":"2021-08-25T12:19:13","date_gmt":"2021-08-25T10:19:13","guid":{"rendered":"https:\/\/www.kaduk-bauelemente.de\/leistungen\/raffstores-buechen\/"},"modified":"2021-08-25T12:19:13","modified_gmt":"2021-08-25T10:19:13","slug":"raffstores-buechen","status":"publish","type":"page","link":"https:\/\/www.kaduk-bauelemente.de\/leistungen\/raffstores-buechen\/","title":{"rendered":"Raffstores &#8211; B\u00fcchen"},"content":{"rendered":"<h3>Raffstores &#8211; eine gute  Investition<\/h3>\n<p>Raffstores zeichnen sich durch besonders dicke und kr\u00e4ftige Lamellen aus. Das stabile Material ist notwendig, da Raffstores bisweilen heftigen negativen Belastungen durch Regen, Hagel oder Sturm ausgesetzt sind. Gew\u00f6hnlich sind Raffstores seil- oder schienengef\u00fchrt.   <\/p>\n<p>Raffstores werden zumeist an der Au\u00dfenwand angeschraubt. F\u00fcr die Installation bieten sich Blenden und Schienen an. Die Blenden haben den Vorteil, dass die Lamellen vollst\u00e4ndig eingezogen werden k\u00f6nnen. Mit exklusiven und fachm\u00e4nnisch montierten Raffstores kann ein verbesserter W\u00e4rmeschutz gew\u00e4hrleistet werden. Durch die Au\u00dfenanbringung wird die Sonneneinstrahlung minimiert und kann nur zum geringen Teil ins Hausinnere gelangen. Stores oder Sichtschutzrollos sind im Gegensatz zu Raffstores deutlich weniger wirkungsvoll.<\/p>\n<h3>Raffstores sind immer eine gute Idee!<\/h3>\n<p>Je nach Gr\u00f6\u00dfe und Formgebung des Fensters sind unterschiedliche Ausf\u00fchrungen lieferbar. Raffstores erm\u00f6glichen einen optimalen Licht- und Blendschutz. V\u00f6llig losgel\u00f6st von Jahres- oder Tageszeit: Die auch unter dem Wort Au\u00dfenjalousie bekannten Raffstores geben Ihnen die gute M\u00f6glichkeit, immer die f\u00fcr Sie richtige Helligkeit zu justieren. Auch wirken sich Raffstores positiv auf den Energieverbrauch aus: Durch den Einsatz von Raffstores l\u00e4sst sich der Gebrauch der Klimaanlage durchaus erkennbar verringern, ohne dass w\u00e4hrenddessen auf angenehmen Temperatur verzichtet werden muss.<\/p>\n","protected":false},"excerpt":{"rendered":"<p>Raffstores &#8211; eine gute Investition Raffstores zeichnen sich durch besonders dicke und kr\u00e4ftige Lamellen aus. Das stabile Material ist notwendig, da Raffstores bisweilen heftigen negativen Belastungen durch Regen, Hagel oder Sturm ausgesetzt sind. Gew\u00f6hnlich sind Raffstores seil- oder schienengef\u00fchrt. Raffstores werden zumeist an der Au\u00dfenwand angeschraubt. F\u00fcr die Installation bieten sich Blenden und Schienen an. [&hellip;]<\/p>\n","protected":false},"author":1,"featured_media":0,"parent":0,"menu_order":0,"comment_status":"closed","ping_status":"closed","template":"","meta":{"footnotes":""},"class_list":["post-4448","page","type-page","status-publish","hentry"],"meta_box":{"popseo_subtitel":"Kaduk Bauelemente ist Ihr Fachanbieter f\u00fcr Raffstores im Raum B\u00fcchen","popseo_subtitel2":"Raffstores - unsere Spezialisten kennen sich aus!","popseo_lasttitel":"Raffstores: Wir beantworten Ihre Fragen!","popseo_region":"B\u00fcchen","popseo_sachwort":"Raffstores","popseo_noupdate":"","popseo_einleitungstext":"<p>Sehr gerne informieren wir Sie n\u00e4her \u00fcber unsere Produkte und unser Aufgabenfeld. Wir pr\u00e4sentieren Ihnen mit Vergn\u00fcgen auch ein paar Projekte, die Ihnen einen Einblick in unsere T\u00e4tigkeit geben.<br \/>\nVertrauen Sie den Spezialisten der Firma Kaduk. Rufen Sie uns doch einfach einmal an oder senden Sie uns eine schnelle E-Mail. Wir freuen uns auf Sie.<\/p>","popseo_schlusstext":"<p>Gerne informieren wir Sie n\u00e4her \u00fcber unser Produkt- und Leistungsprogramm. Wir zeigen Ihnen mit Vergn\u00fcgen auch einige Referenzprojekte, die Ihnen einen Einblick in unsere Firment\u00e4tigkeit geben.<br \/>\nWir sind f\u00fcr Sie da. Rufen Sie uns doch einfach einmal an oder senden Sie uns eine schnelle E-Mail. Wir freuen uns auf Sie.<\/p>","popseo_stadttext":"<h3>Wir freuen uns \u00fcber zufriedene Kunden aus B\u00fcchen<\/h3>\n<p>Durch unsere Vertriebst\u00e4tigkeit haben wir uns einen guten \u00dcberblick \u00fcber die Architektur der St\u00e4dte und Gemeinden unseres Einzugsbereiches erarbeiten k\u00f6nnen. Selbstverst\u00e4ndlich z\u00e4hlt auch B\u00fcchen zu unserem unmittelbaren Wirkungskreis. Wir freuen uns darauf, mit Ihnen in Kontakt zu treten. <\/p>\n<h3>Ein paar Fakten \u00fcber B\u00fcchen<\/h3>\n<p>B\u00fcchen befindet sich im M\u00fcndungsbereich des Elbe-L\u00fcbeck-Kanals im Landkreis Herzogtum-Lauenburg im s\u00fcdlichen Schleswig-Holstein. In Summe 5.700 Einwohner leben in B\u00fcchen auf einer Gesamtfl\u00e4che von 16 qkm. Die Entfernung zwischen B\u00fcchen und der Hansestadt Hamburg bel\u00e4uft sich auf knapp 40 Kilometer. Zahllose Pendler haben ihren Wohnsitz in der Gemeinde B\u00fcchen. Wer seine Arbeitsstelle in Hamburg hat, das private Lebensumfeld allerdings lieber ein weniger \u00fcbersichtlicher hat, wei\u00df die Vorteile der Gemeinde B\u00fcchen zu sch\u00e4tzen.<\/p>\n<p>B\u00fcchen ist ein Bahnhof auf den Eisenbahnstrecken L\u00fcbeck-L\u00fcneburg und Berlin-Hamburg. Wer die Zeit der DDR-Diktatur erlebt hat, erinnert sich sicherlich noch an die intensiven Passkontrollen im Bahnhof von B\u00fcchen. Bis 1990 lag B\u00fcchen im unmittelbaren Grenzgebiet zwischen der alten Bundesrepublik und der damaligen DDR. Wer mit dem PKW reist, erreicht die Stadt B\u00fcchen idealerweise \u00fcber die Autobahn A24. Die Auffahrt B\u00fcchen befindet sich cirka acht Kilometer von der City entfernt.<\/p>\n<h3>Wir kennen uns aus in B\u00fcchen<\/h3>\n<p>Die heutige Stadt B\u00fcchen ist eine Verbindung mehrerer kleinerer Orte. Dem namensgebenden B\u00fcchen selbst gemeindete man in den 30er Jahren des letzten Jahrhunderst die Orte N\u00fcssau und P\u00f6trau ein. Das Amt B\u00fcchen z\u00e4hlt zusammen 15 Gemeinden. Durch die r\u00e4umliche N\u00e4he zur Stadt Hamburg hat sich in B\u00fcchen ein erstaunlich ansehnliches Wirtschaftsleben etabliert. Der Wirtschaftsstandort ist g\u00fcnstig gelegen und bietet Unternehmen ausgezeichnete Konditionen. <\/p>\n<p>Sehr gesch\u00e4tzt wird B\u00fcchen von Naturliebhabern wegen seines beachtlichen Naherholungswertes. In B\u00fcchen startet man sehr gerne zu ausgedehnten Touren durch den Naturpark Lauenburgische Seen. Besonders f\u00fcr Familien ist B\u00fcchen gut geeignet. Die beschauliche Lage sowie eine ausgezeichnete Infrastruktur zeichnen die Stadt aus. Alle Schulformen sind vorhanden und auch die \u00f6rtliche Jugendbegegnungsst\u00e4tte genie\u00dft regen Zuspruch. <\/p>\n<h4>Unsere Leistung f\u00fcr qualit\u00e4tsbewusste Kunden aus B\u00fcchen<\/h4>\n<p>Wir finden es klasse, dass Sie unsere Internetseite entdeckt haben. Privat- und Gesch\u00e4ftskunden profitieren von einem sehr guten Preis-Leistungs-Verh\u00e4ltnis. Sie m\u00f6chten mehr \u00fcber uns wissen? F\u00fcr R\u00fcckfragen stehen wir Ihnen jederzeit zur Verf\u00fcgung. Auf den Kontakt zu Ihnen freuen wir uns.<\/p>","popseo_zusatztext":"<h3>Gute Qualit\u00e4t \u2013 g\u00fcnstig und preiswert<\/h3>\n<p>Bauelemente m\u00fcssen gehobenen Anforderungen standhalten. Trotzdem darf es g\u00fcnstig und preiswert sein. Das muss durchaus kein Widerspruch sein. <\/p>\n<p>Als Fachunternehmen f\u00fcr Sonnenschutz und Sicherheit verarbeiten wir ausschlie\u00dflich hochwertige Erzeugnisse. Nichtsdestotrotz schauen wir stets auf ein gutes Preis-Leistungsverh\u00e4ltnis. Wir m\u00f6chten Ihnen Spitzenqualit\u00e4t bieten, die zugleich auch g\u00fcnstig und preiswert ist. Verleihen Sie Ihrem Zuhause g\u00fcnstig und preiswert das besondere Mehr an Qualit\u00e4t. Markisen und Rolll\u00e4den oder andere Sonnenschutzl\u00f6sungen sehen nicht nur h\u00fcbsch aus, sie leisten auch einen bedeutenden Anteil zur W\u00e4rmed\u00e4mmung.  <\/p>\n<h3>G\u00fcnstig und preiswert \u2013 es muss wirklich nicht immer teuer sein<\/h3>\n<p>D\u00fcrfen wir Sie informieren, wie Sie g\u00fcnstig und preiswert einen perfekten Sonnenschutz f\u00fcr Ihr Zuhause umsetzen? Klasse, dann z\u00f6gern Sie bitte nicht und nehmen am besten gleich heute noch Verbindung mit uns auf. Ein kurzer Telefonanruf oder auch eine kurze Mail gen\u00fcgen. Sehr gerne informieren Sie unsere perfekt geschulten Fachleute \u00fcber die diversen M\u00f6glichkeiten, wie Sie Ihr Zuhause g\u00fcnstig und preiswert mit Markisen und Rolll\u00e4den oder anderen Sonnenschutzprodukten versehen. Wir freuen uns auf den Austausch mit Ihnen. <\/p>\n<h4>Top-Qualit\u00e4t g\u00fcnstig und preiswert<\/h4>\n<p>Z\u00e4hlen Sie beim Thema Sonnenschutz und Sicherheit auf den Spezialisten. Nur ein Fachbetrieb kennt die verschiedenen Optionen, wie Sie g\u00fcnstig und preiswert, gleichzeitig qualitativ spitze einen perfekten Sonnenschutz verwirklichen. Qualit\u00e4tsbewusst, g\u00fcnstig und preiswert: Wir empfehlen uns als spezialisiertes Fachunternehmen im Norden. Unsere jahrelange Erfahrung zeichnet uns aus.<\/p>","popseo_links":"<a href=\"https:\/\/www.kaduk-bauelemente.de\/leistungen\/tueren-bienenbuettel\/\">T\u00fcren Bienenb\u00fcttel<\/a>, <a href=\"https:\/\/www.kaduk-bauelemente.de\/leistungen\/kunststofffenster-amt-neuhaus\/\">Kunststofffenster Amt Neuhaus<\/a>, <a href=\"https:\/\/www.kaduk-bauelemente.de\/leistungen\/terrassenueberdachungen-aus-holz-herzogtum-lauenburg\/\">Terrassen\u00fcberdachungen aus Holz Herzogtum Lauenburg<\/a>, <a href=\"https:\/\/www.kaduk-bauelemente.de\/leistungen\/zaunbau-jesteburg\/\">Zaunbau Jesteburg<\/a>, <a href=\"https:\/\/www.kaduk-bauelemente.de\/leistungen\/garagen-amelinghausen\/\">Garagen Amelinghausen<\/a>, <a href=\"https:\/\/www.kaduk-bauelemente.de\/leistungen\/rolltore-bienenbuettel\/\">Rolltore Bienenb\u00fcttel<\/a>, <a href=\"https:\/\/www.kaduk-bauelemente.de\/leistungen\/terrassenueberdachungen-aus-holz-uelzen\/\">Terrassen\u00fcberdachungen aus Holz Uelzen<\/a>, <a href=\"https:\/\/www.kaduk-bauelemente.de\/leistungen\/rolllaeden-schwarzenbek\/\">Rolll\u00e4den Schwarzenbek<\/a>, <a href=\"https:\/\/www.kaduk-bauelemente.de\/leistungen\/carports-bispingen\/\">Carports Bispingen<\/a>, <a href=\"https:\/\/www.kaduk-bauelemente.de\/leistungen\/terrassenueberdachungen-aus-holz-seevetal-rosengarten\/\">Terrassen\u00fcberdachungen aus Holz Seevetal Rosengarten<\/a>, <a href=\"https:\/\/www.kaduk-bauelemente.de\/leistungen\/rolltore-schwarzenbek\/\">Rolltore Schwarzenbek<\/a>, <a href=\"https:\/\/www.kaduk-bauelemente.de\/leistungen\/haustueren-tostedt-sittensen\/\">Haust\u00fcren Tostedt Sittensen<\/a>, <a href=\"https:\/\/www.kaduk-bauelemente.de\/leistungen\/rollladen-bergedorf-wentorf\/\">Rollladen Bergedorf Wentorf<\/a>, <a href=\"https:\/\/www.kaduk-bauelemente.de\/leistungen\/fliegengitter-boizenburg\/\">Fliegengitter Boizenburg<\/a>, <a href=\"https:\/\/www.kaduk-bauelemente.de\/leistungen\/markisen-bergedorf-wentorf\/\">Markisen Bergedorf Wentorf<\/a>, <a href=\"https:\/\/www.kaduk-bauelemente.de\/leistungen\/sektionaltore-schwarzenbek\/\">Sektionaltore Schwarzenbek<\/a>, <a href=\"https:\/\/www.kaduk-bauelemente.de\/leistungen\/garagen-bergedorf-wentorf\/\">Garagen Bergedorf Wentorf<\/a>, <a href=\"https:\/\/www.kaduk-bauelemente.de\/leistungen\/rolltore-tostedt-sittensen\/\">Rolltore Tostedt Sittensen<\/a>, <a href=\"https:\/\/www.kaduk-bauelemente.de\/leistungen\/tueren-reinbek-glinde\/\">T\u00fcren Reinbek Glinde<\/a>, <a href=\"https:\/\/www.kaduk-bauelemente.de\/leistungen\/kunststofffenster-buechen\/\">Kunststofffenster B\u00fcchen<\/a>, <a href=\"https:\/\/www.kaduk-bauelemente.de\/leistungen\/terrassendaecher-aus-holz-bergedorf-wentorf\/\">Terrassend\u00e4cher aus Holz Bergedorf Wentorf<\/a>, <a href=\"https:\/\/www.kaduk-bauelemente.de\/leistungen\/markisen-schwarzenbek\/\">Markisen Schwarzenbek<\/a>, <a href=\"https:\/\/www.kaduk-bauelemente.de\/leistungen\/rolllaeden-ebstorf\/\">Rolll\u00e4den Ebstorf<\/a>, <a href=\"https:\/\/www.kaduk-bauelemente.de\/leistungen\/holzfenster-adendorf\/\">Holzfenster Adendorf<\/a>, <a href=\"https:\/\/www.kaduk-bauelemente.de\/leistungen\/terrassenueberdachungen-aus-holz-boizenburg\/\">Terrassen\u00fcberdachungen aus Holz Boizenburg<\/a>, <a href=\"https:\/\/www.kaduk-bauelemente.de\/leistungen\/terrassenueberdachungen-aus-aluminium-buchholz\/\">Terrassen\u00fcberdachungen aus Aluminium Buchholz<\/a>"},"_links":{"self":[{"href":"https:\/\/www.kaduk-bauelemente.de\/leistungen\/wp-json\/wp\/v2\/pages\/4448","targetHints":{"allow":["GET"]}}],"collection":[{"href":"https:\/\/www.kaduk-bauelemente.de\/leistungen\/wp-json\/wp\/v2\/pages"}],"about":[{"href":"https:\/\/www.kaduk-bauelemente.de\/leistungen\/wp-json\/wp\/v2\/types\/page"}],"author":[{"embeddable":true,"href":"https:\/\/www.kaduk-bauelemente.de\/leistungen\/wp-json\/wp\/v2\/users\/1"}],"replies":[{"embeddable":true,"href":"https:\/\/www.kaduk-bauelemente.de\/leistungen\/wp-json\/wp\/v2\/comments?post=4448"}],"version-history":[{"count":0,"href":"https:\/\/www.kaduk-bauelemente.de\/leistungen\/wp-json\/wp\/v2\/pages\/4448\/revisions"}],"wp:attachment":[{"href":"https:\/\/www.kaduk-bauelemente.de\/leistungen\/wp-json\/wp\/v2\/media?parent=4448"}],"curies":[{"name":"wp","href":"https:\/\/api.w.org\/{rel}","templated":true}]}}