{"id":4446,"date":"2021-08-25T12:19:13","date_gmt":"2021-08-25T10:19:13","guid":{"rendered":"https:\/\/www.kaduk-bauelemente.de\/leistungen\/raffstores-boizenburg\/"},"modified":"2021-08-25T12:19:13","modified_gmt":"2021-08-25T10:19:13","slug":"raffstores-boizenburg","status":"publish","type":"page","link":"https:\/\/www.kaduk-bauelemente.de\/leistungen\/raffstores-boizenburg\/","title":{"rendered":"Raffstores &#8211; Boizenburg"},"content":{"rendered":"<h3>Raffstores &#8211; eine gute  Investition<\/h3>\n<p>Raffstores zeichnen sich durch sehr dicke und widerstandsf\u00e4hige Lamellen aus. Das stabile Material ist erforderlich, da Raffstores bisweilen st\u00e4rkeren Belastungen durch Regen, Hagel oder Sturm ausgesetzt sind. Normalerweise sind Raffstores seil- oder schienengef\u00fchrt.   <\/p>\n<p>Raffstores werden normalerweise an der Au\u00dfenwand verd\u00fcbelt. F\u00fcr die Installation bieten sich Blenden und Schienen an. Die Blenden haben den Nutzen, dass die Lamellen vollst\u00e4ndig eingezogen werden k\u00f6nnen. Mit schicken und fachgerecht installierten Raffstores kann ein guter W\u00e4rmeschutz gew\u00e4hrleistet werden. Durch die Au\u00dfenmontage wird die Einstrahlung der Sonne verringert und kann nur zum geringen Teil ins Geb\u00e4udeinnere dringen. Stores oder Verdunklungsrollos sind im Vergleich zu Raffstores erheblich weniger wirksam.<\/p>\n<h3>Raffstores \u2013 wir informieren Sie \u00fcber Ihre M\u00f6glichkeiten!<\/h3>\n<p>Je nach Ma\u00df und Form des Fensters sind verschiedene Produkte im Programm. Raffstores erm\u00f6glichen einen perfekten Licht- und Blendschutz. V\u00f6llig losgel\u00f6st von Jahres- oder Tageszeit: Die auch unter dem Fachbegriff Au\u00dfenjalousie bekannten Raffstores geben Ihnen die sehr gute Gelegenheit, stets die f\u00fcr Sie richtige Helligkeit herzustellen. Auch wirken sich Raffstores positiv auf den Stromhaushalt aus: Durch den Einsatz von Raffstores l\u00e4sst sich die Anwendung der Klimaanlage doch erkennbar minimieren, ohne dass in der Folge auf wohlige Temperatur verzichtet werden muss.<\/p>\n","protected":false},"excerpt":{"rendered":"<p>Raffstores &#8211; eine gute Investition Raffstores zeichnen sich durch sehr dicke und widerstandsf\u00e4hige Lamellen aus. Das stabile Material ist erforderlich, da Raffstores bisweilen st\u00e4rkeren Belastungen durch Regen, Hagel oder Sturm ausgesetzt sind. Normalerweise sind Raffstores seil- oder schienengef\u00fchrt. Raffstores werden normalerweise an der Au\u00dfenwand verd\u00fcbelt. F\u00fcr die Installation bieten sich Blenden und Schienen an. Die [&hellip;]<\/p>\n","protected":false},"author":1,"featured_media":0,"parent":0,"menu_order":0,"comment_status":"closed","ping_status":"closed","template":"","meta":{"footnotes":""},"class_list":["post-4446","page","type-page","status-publish","hentry"],"meta_box":{"popseo_subtitel":"Wir sind Ihr Partner f\u00fcr Raffstores im Raum Boizenburg","popseo_subtitel2":"Raffstores - eine vorteilhafte Sache!","popseo_lasttitel":"Raffstores: D\u00fcrfen wir Ihre Fragen beantworten?","popseo_region":"Boizenburg","popseo_sachwort":"Raffstores","popseo_noupdate":"","popseo_einleitungstext":"<p>Sie wollen Ihre Gesch\u00e4fts- oder Wohnimmobilie mit zeitgem\u00e4\u00dfen Bauelementen ausstatten lassen interessieren sich f\u00fcr unser Leistungs- und Produktangebot? Klasse, dann sind Sie auf dieser Seite an der richtigen Adresse. Unser Produktportfolio umfasst zum Beispiel Markisen, Terrassend\u00e4cher, Rolltore, Au\u00dfenjalousien, Fenster, T\u00fcren, Carports und Rolll\u00e4den. Als auf Sonnenschutz und Sicherheit fokussiertes Unternehmen \u00fcbernehmen wir insbesondere auch Montage- und Reparaturarbeiten. Erfahren Sie nachfolgend mehr \u00fcber unser Unternehmen und dessen Angebot. Ihr Interesse freut uns sehr.<\/p>","popseo_schlusstext":"<p>Gerne informieren wir Sie n\u00e4her \u00fcber unser Produkt- und Leistungsprogramm. Wir pr\u00e4sentieren Ihnen mit Vergn\u00fcgen auch ein paar Referenzen, die Ihnen einen Einblick in unsere Firment\u00e4tigkeit geben.<br \/>\nVertrauen Sie auf das Urteil eines erfahrenen Fachbetriebes. Rufen Sie uns doch rasch einmal an oder senden Sie uns eine schnelle E-Mail. Wir freuen uns auf Sie.<\/p>","popseo_stadttext":"<h3>Leben und Wohnen in Boizenburg<\/h3>\n<p>Unser Gesch\u00e4ftsbereich umfasst auch Boizenburg. Durch unsere T\u00e4tigkeit haben wir uns einen guten \u00dcberblick \u00fcber die Architektur der Gemeinden und St\u00e4dte unseres Vertriebsgebietes machen k\u00f6nnen. Wir f\u00fchlen uns der Region verpflichtet und sind stolz darauf, auch einen Anteil zur ausgezeichneten Infrastruktur der Stadt Boizenburg beisteuern zu k\u00f6nnen.  <\/p>\n<h3>Leben und Arbeiten in Boizenburg<\/h3>\n<p>Die Stadt Boizenburg liegt im Kreis Ludwigslust-Parchim im Bundesland Mecklenburg-Vorpommern. In Boizenburg leben circa 10.000 Einwohner auf einer Fl\u00e4che von 47 qkm. Die Bezeichnung Boizenburg leitet sich ab vom Fluss Boitze. Dieser flie\u00dft direkt durch das Stadtgebiet. Etwas bekannter d\u00fcrfte jedoch sein, dass Boizenburg an der Elbe liegt. Boizenburg teilt sich auf in zusammen f\u00fcnf Stadtteile. Dies sind Gehrum, Bahlen, Bahlenburg, Heide und Gothmann. <\/p>\n<p>Boizenburg ist eine verh\u00e4ltnism\u00e4\u00dfig alte Stadt. Zum ersten Mal erw\u00e4hnt wurde die Ortschaft bereits anno 1171. W\u00e4hrend der der Zeit der deutschen Teilung war Boizenburg zu gro\u00dfen Teilen abgeschieden. Die ehemalige Deutsch-Deutsche-Grenze verlief unmittelbar entlang des Stadtgebietes von Boizenburg. Damals war Boizenburg Sperrzone. B\u00fcrger und G\u00e4ste der Stadt ben\u00f6tigten f\u00fcher einen speziellen Passierschein. Eine Einschr\u00e4nkung der pers\u00f6nlichen Freiheit, die jetzt Gott sei Dank nur noch schwer vorstellbar ist. <\/p>\n<h3>Wir kennen uns aus in Boizenburg<\/h3>\n<p>Nach dem Zusammenschluss der zwei deutschen Staaten bl\u00fchte Boizenburg massiv auf. Der historische Stadtkern wurde modernisiert. Auch der kleine Elbhafen wurde vollst\u00e4ndig umgebaut. Heute ist Boizenburg eine herrlich gelegene Kleinstadt, die ihren Einwohnern ein gutes Lebensumfeld bietet. Der Stadtkern von Boizenburg wird von einer mittelalterlichen Wallanlage dominiert. Viele Fachwerkh\u00e4user runden das Stadtbild ab. Besonders ins Auge stechend ist auch das Rathaus Boizenburg - das sch\u00f6ne Fachwerkhaus wurde im Jahre 1711 errichtet. Dar\u00fcber hinaus pr\u00e4gt besonders die Sankt Marien Kirche die Silouette der mecklenburgischen Stadt.<\/p>\n<p>Das Wirtschaftsleben von Boizenburg ist gepr\u00e4gt von mittelst\u00e4ndischen Unternehmen. Reichlich 50 Hektar Gewerbefl\u00e4che steht in Boizenburg bereit. Eine weitere Ausdehnung ist in Planung. F\u00fcr junge Familien ist Boizenburg als Wohnort von Interesse. Das Kultur- und Sportangebot \u00fcberrascht durch seine Vielfalt. Schulische Einrichtungen aller Art sowie Kindertagesst\u00e4tten sind in gen\u00fcgender Zahl vorhanden.  <\/p>\n<h4>Wir f\u00fcr Sie in Boizenburg!<\/h4>\n<p>Klasse, dass Sie diese Website gefunden haben. Wenn Sie ein Fachunternehmen suchen, sind Sie bei uns genau richtig. Sie m\u00f6chten mehr \u00fcber uns erfahren? F\u00fcr R\u00fcckfragen stehen wir Ihnen jederzeit zur Verf\u00fcgung. Auf den Kontakt zu Ihnen freuen wir uns.<\/p>","popseo_zusatztext":"<h3>In Sachen Sicht- und Sonnenschutz sind wir Ihr qualifizierter Fachbetrieb<\/h3>\n<p>Vertrauen Sie bei Sonnenschutz und Sicherheit unbedingt auf die fachspezifische Leistung vom Fachbetrieb. Nur ein Fachbetrieb kennt die Priorit\u00e4ten, wie man zu einem sachgerechten Ergebnis kommt. Um sich mit Fug und Recht Fachbetrieb nennen zu d\u00fcrfen, braucht es eine qualifizierte Ausbildung der Mitarbeiter und eine langj\u00e4hrige Fachkenntnis.  <\/p>\n<p>Unser Betrieb empfiehlt sich als Ihr qualifizierter Fachbetrieb f\u00fcr Sonnenschutz und Sicherheit. Kommen Sie zum Ziel und schenken Sie unserem Fachbetrieb Ihr Vertrauen. Wir bieten Ihnen u.a. hervorragende Rolll\u00e4den und Markisen und legen allerh\u00f6chsten Wert auf einen sehr guten Service. Schon seit vielen Jahren sind wir qualifizierter Fachbetrieb f\u00fcr Au\u00dfenjalousien, Rolll\u00e4den, Markisen und Terrassend\u00e4cher im Raum L\u00fcneburg. Es ist uns ein Anliegen, dass Sie lange Jahre viel Freude an Ihrem Sicht und Sonnenschutz haben. Von einem Fachbetrieb d\u00fcrfen Sie ohne Frage eine fehlerfreie Top-Leistung erwarten.<\/p>\n<h3>Sicht- und Sonnenschutz\u2013 ein Thema f\u00fcr den Fachbetrieb<\/h3>\n<p>Als Fachbetrieb darf sich ein Unternehmen bezeichnen, deren Mitarbeiter \u00fcber dokumentierte Qualifikationen verf\u00fcgen. Dies ist zum Beispiel eine entsprechende Ausbildung oder ein Meisterbrief. Au\u00dferdem zeichnet eine intensive praktische Erfahrung einen Fachbetrieb aus. Bereits seit vielen Jahren konzentrieren wir uns als spezialisiertes Unternehmen auf Sonnenschutz und Sicherheit von Immobilien. In diesen vielen Jahren haben wir uns die Bezeichnung Fachbetrieb sicher verdient. Wir nutzen nur hervorragende Produkte. Dabei achten wir stets auf ein sehr gutes Preis-Leistungsverh\u00e4ltnis. Unser Credo als Fachbetrieb: Wir bieten Ihnen hervorragende Qualit\u00e4t zu einem fairen Preis.<\/p>","popseo_links":"<a href=\"https:\/\/www.kaduk-bauelemente.de\/leistungen\/holzfenster-bad-bevensen\/\">Holzfenster Bad Bevensen<\/a>, <a href=\"https:\/\/www.kaduk-bauelemente.de\/leistungen\/zaunbau-uelzen\/\">Zaunbau Uelzen<\/a>, <a href=\"https:\/\/www.kaduk-bauelemente.de\/leistungen\/rolllaeden-reinbek-glinde\/\">Rolll\u00e4den Reinbek Glinde<\/a>, <a href=\"https:\/\/www.kaduk-bauelemente.de\/leistungen\/terrassenueberdachungen-aus-holz-bispingen\/\">Terrassen\u00fcberdachungen aus Holz Bispingen<\/a>, <a href=\"https:\/\/www.kaduk-bauelemente.de\/leistungen\/terrassendaecher-aus-aluminium-uelzen\/\">Terrassend\u00e4cher aus Aluminium Uelzen<\/a>, <a href=\"https:\/\/www.kaduk-bauelemente.de\/leistungen\/garagen-winsen-luhe\/\">Garagen Winsen Luhe<\/a>, <a href=\"https:\/\/www.kaduk-bauelemente.de\/leistungen\/kunststofffenster-amt-neuhaus\/\">Kunststofffenster Amt Neuhaus<\/a>, <a href=\"https:\/\/www.kaduk-bauelemente.de\/leistungen\/rollladen-jesteburg\/\">Rollladen Jesteburg<\/a>, <a href=\"https:\/\/www.kaduk-bauelemente.de\/leistungen\/terrassenueberdachungen-aus-holz-maschen\/\">Terrassen\u00fcberdachungen aus Holz Maschen<\/a>, <a href=\"https:\/\/www.kaduk-bauelemente.de\/leistungen\/fliegengitter-geesthacht\/\">Fliegengitter Geesthacht<\/a>, <a href=\"https:\/\/www.kaduk-bauelemente.de\/leistungen\/carports-maschen\/\">Carports Maschen<\/a>, <a href=\"https:\/\/www.kaduk-bauelemente.de\/leistungen\/fliegengitter-hanstedt\/\">Fliegengitter Hanstedt<\/a>, <a href=\"https:\/\/www.kaduk-bauelemente.de\/leistungen\/terrassenueberdachungen-aus-holz-stelle\/\">Terrassen\u00fcberdachungen aus Holz Stelle<\/a>, <a href=\"https:\/\/www.kaduk-bauelemente.de\/leistungen\/garagentore-buchholz\/\">Garagentore Buchholz<\/a>, <a href=\"https:\/\/www.kaduk-bauelemente.de\/leistungen\/markisen-jesteburg\/\">Markisen Jesteburg<\/a>, <a href=\"https:\/\/www.kaduk-bauelemente.de\/leistungen\/garagentore-buechen\/\">Garagentore B\u00fcchen<\/a>, <a href=\"https:\/\/www.kaduk-bauelemente.de\/leistungen\/markisen-winsen-luhe\/\">Markisen Winsen Luhe<\/a>, <a href=\"https:\/\/www.kaduk-bauelemente.de\/leistungen\/terrassendaecher-aus-aluminium-buchholz\/\">Terrassend\u00e4cher aus Aluminium Buchholz<\/a>, <a href=\"https:\/\/www.kaduk-bauelemente.de\/leistungen\/insektenschutz-schwarzenbek\/\">Insektenschutz Schwarzenbek<\/a>, <a href=\"https:\/\/www.kaduk-bauelemente.de\/leistungen\/garagen-bad-bevensen\/\">Garagen Bad Bevensen<\/a>, <a href=\"https:\/\/www.kaduk-bauelemente.de\/leistungen\/markisen-tostedt-sittensen\/\">Markisen Tostedt Sittensen<\/a>, <a href=\"https:\/\/www.kaduk-bauelemente.de\/leistungen\/garagentore-harburg\/\">Garagentore Harburg<\/a>, <a href=\"https:\/\/www.kaduk-bauelemente.de\/leistungen\/terrassendaecher-aus-aluminium-stelle\/\">Terrassend\u00e4cher aus Aluminium Stelle<\/a>, <a href=\"https:\/\/www.kaduk-bauelemente.de\/leistungen\/terrassendaecher-aus-holz-herzogtum-lauenburg\/\">Terrassend\u00e4cher aus Holz Herzogtum Lauenburg<\/a>, <a href=\"https:\/\/www.kaduk-bauelemente.de\/leistungen\/fenster-amt-neuhaus\/\">Fenster Amt Neuhaus<\/a>, <a href=\"https:\/\/www.kaduk-bauelemente.de\/leistungen\/fliegengitter-bergedorf-wentorf\/\">Fliegengitter Bergedorf Wentorf<\/a>"},"_links":{"self":[{"href":"https:\/\/www.kaduk-bauelemente.de\/leistungen\/wp-json\/wp\/v2\/pages\/4446","targetHints":{"allow":["GET"]}}],"collection":[{"href":"https:\/\/www.kaduk-bauelemente.de\/leistungen\/wp-json\/wp\/v2\/pages"}],"about":[{"href":"https:\/\/www.kaduk-bauelemente.de\/leistungen\/wp-json\/wp\/v2\/types\/page"}],"author":[{"embeddable":true,"href":"https:\/\/www.kaduk-bauelemente.de\/leistungen\/wp-json\/wp\/v2\/users\/1"}],"replies":[{"embeddable":true,"href":"https:\/\/www.kaduk-bauelemente.de\/leistungen\/wp-json\/wp\/v2\/comments?post=4446"}],"version-history":[{"count":0,"href":"https:\/\/www.kaduk-bauelemente.de\/leistungen\/wp-json\/wp\/v2\/pages\/4446\/revisions"}],"wp:attachment":[{"href":"https:\/\/www.kaduk-bauelemente.de\/leistungen\/wp-json\/wp\/v2\/media?parent=4446"}],"curies":[{"name":"wp","href":"https:\/\/api.w.org\/{rel}","templated":true}]}}