{"id":4445,"date":"2021-08-25T12:19:13","date_gmt":"2021-08-25T10:19:13","guid":{"rendered":"https:\/\/www.kaduk-bauelemente.de\/leistungen\/raffstores-bispingen\/"},"modified":"2021-08-25T12:19:13","modified_gmt":"2021-08-25T10:19:13","slug":"raffstores-bispingen","status":"publish","type":"page","link":"https:\/\/www.kaduk-bauelemente.de\/leistungen\/raffstores-bispingen\/","title":{"rendered":"Raffstores &#8211; Bispingen"},"content":{"rendered":"<h3>Raffstores &#8211; eine gute  Investition<\/h3>\n<p>Raffstores zeichnen sich durch sehr dicke und robuste Lamellen aus. Das stabile Material ist erforderlich, da Raffstores bisweilen kr\u00e4ftigen negativen Belastungen durch Sturm und Regen ausgesetzt sind. Gew\u00f6hnlich sind Raffstores schienen- oder seilgef\u00fchrt.   <\/p>\n<p>Raffstores werden meistens an der Hauswand verd\u00fcbelt. F\u00fcr die Installation bieten sich Blenden und Oberschienen an. Die Blenden haben den Vorteil, dass die Lamellen vollst\u00e4ndig eingezogen werden k\u00f6nnen. Mit schicken und fachm\u00e4nnisch installierten Raffstores kann ein verbesserter W\u00e4rmeschutz garantiert werden. Durch die Au\u00dfenmontage wird die Einstrahlung der Sonne verringert und kann nur zum geringen Teil ins Hausinnere eindringen. Gardinen oder Rollos sind im Vergleich zu Raffstores deutlich weniger wirkungsvoll.<\/p>\n<h3>Raffstores \u2013 besuchen Sie unsere Ausstellung!<\/h3>\n<p>Je nach Ausma\u00df und Formgebung des Fensters sind diverse Produkte lieferbar. Raffstores erm\u00f6glichen einen idealen Licht- und Blendschutz. V\u00f6llig unabh\u00e4ngig von Jahres- oder Tageszeit: Die auch unter dem Fachbegriff Au\u00dfenjalousie bekannten Raffstores geben Ihnen die sch\u00f6ne Chance, stets die f\u00fcr Sie optimale Helligkeit herzustellen. Auch wirken sich Raffstores positiv auf den Energiehaushalt aus: Durch die Nutzung von Raffstores l\u00e4sst sich die Anwendung der Klimaanlage durchaus erkennbar minimieren, ohne dass gleichzeitig auf angenehmen Temperatur verzichtet werden muss.<\/p>\n","protected":false},"excerpt":{"rendered":"<p>Raffstores &#8211; eine gute Investition Raffstores zeichnen sich durch sehr dicke und robuste Lamellen aus. Das stabile Material ist erforderlich, da Raffstores bisweilen kr\u00e4ftigen negativen Belastungen durch Sturm und Regen ausgesetzt sind. Gew\u00f6hnlich sind Raffstores schienen- oder seilgef\u00fchrt. Raffstores werden meistens an der Hauswand verd\u00fcbelt. F\u00fcr die Installation bieten sich Blenden und Oberschienen an. Die [&hellip;]<\/p>\n","protected":false},"author":1,"featured_media":0,"parent":0,"menu_order":0,"comment_status":"closed","ping_status":"closed","template":"","meta":{"footnotes":""},"class_list":["post-4445","page","type-page","status-publish","hentry"],"meta_box":{"popseo_subtitel":"Kaduk Bauelemente ist Ihr Fachunternehmen f\u00fcr Raffstores in Bispingen","popseo_subtitel2":"Raffstores - unsere Experten informieren Sie gerne","popseo_lasttitel":"Raffstores: Wir informieren Sie gerne auch pers\u00f6nlich!","popseo_region":"Bispingen","popseo_sachwort":"Raffstores","popseo_noupdate":"","popseo_einleitungstext":"<p>Wenn es um Sonnenschutz und Sicherheit geht, sind Sie bei der Firma Kaduk genau an der richtigen Adresse. Seit Unternehmensgr\u00fcndung sind wir Ihre lokalen Experten f\u00fcr qualitativ hochwertige Bauelemente. Zu unserem Produktangebot z\u00e4hlen zum Beispiel Markisen, Terrassend\u00e4cher, Rolltore, Au\u00dfenjalousien, Fenster, T\u00fcren, Rolll\u00e4den und Carports. Wir erledigen Montage- und Reparaturarbeiten und zeigen Ihnen, wie Sie Ihre Immobilie mit zeitgem\u00e4\u00dfen Bauelementen ausstatten k\u00f6nnen. Im Folgenden haben wir erste Informationen f\u00fcr Sie notiert.<\/p>","popseo_schlusstext":"<p>Wenn Sie mehr wissen m\u00f6chten, informieren wir Sie n\u00e4her \u00fcber unser Produkt- und T\u00e4tigkeitsspektrum. Wir zeigen Ihnen mit Vergn\u00fcgen auch einige Projekte, die Ihnen einen Einblick in unsere T\u00e4tigkeit geben.<br \/>\nWir sind f\u00fcr Sie da. Rufen Sie uns doch einfach einmal an oder schreiben Sie uns eine schnelle E-Mail. Wir freuen uns auf Sie.<\/p>","popseo_stadttext":"<h3>Die Einheitsgemeinde Bispingen<\/h3>\n<p>Bispingen ist eine Einheitsgemeinde in der Mitte der L\u00fcneburger Heide. Formell z\u00e4hlt die Gemeinde zum Landkreis Heidekreis. Bispingen hat etwa 6.000 Einwohner und erstreckt sich \u00fcber ein Gesamtareal von knapp 128 Quadratkilometer. Man erreicht man den Ort mit dem Auto \u00fcber die Bundesautobahn A7. Direkt an der Ausfahrt 43 erkennt man bereits von Weitem dem Snow Dome Bispingen, eine Skihalle, die sich seit 2006 gr\u00f6\u00dfter Popularit\u00e4t erfreut<\/p>\n<p>Durch unsere Vertriebst\u00e4tigkeit haben wir uns einen guten \u00dcberblick \u00fcber die Stadtarchitektur der Gemeinden und St\u00e4dte unseres Einzugsbereiches machen k\u00f6nnen. Sie kommen aus Bispingen und sind hier im Internet auf unsere Website gesto\u00dfen? Das finden wir klasse. Gerne pr\u00e4sentieren wir Ihnen unser komplettes Leistungsspektrum und beantworten Ihre Fragen. Wir freuen uns darauf, mit Ihnen ins Gespr\u00e4ch zu treten. <\/p>\n<h3>Einige Details zu Bispingen<\/h3>\n<p>Durch die Heideregion und den Snowdome ist die attraktive Gemeinde f\u00fcr Tagesbesucher und Touristen besonders interessant. Neben einem ausgewogenen Mix von unterschiedlichen Einzelhandelsgesch\u00e4ften, finden sich au\u00dferdem zahlreiche Hotels, Pensionen und Gastst\u00e4tten im Gemeindezentrum.  Bispingen ist ansonsten ein sehr familiengerechter Ort und bietet den Einwohnern ein absolut interessantes Umfeld zum Leben und Arbeiten. Die Gemeinde Bispingen hat eine hervorragende Infrastruktur und attraktiv ausgebaute Wohngebiete. Die Einzelhausbebauung hat Vorrang. Gr\u00f6\u00dfere Wohnblocks gibt es in Bispingen nicht.<\/p>\n<h4>Privat- und Gesch\u00e4ftskunden aus Bispingenl sch\u00e4tzen unsere Leistungen!<\/h4>\n<p>Sie leben in Bispingen oder Umgebung und interessieren sich f\u00fcr unser Angebot. Toll, dass Sie diese Website gefunden haben. F\u00fcr R\u00fcckfragen stehen wir Ihnen jederzeit zur Verf\u00fcgung. Auf Ihre Anfragen freuen wir uns.<\/p>","popseo_zusatztext":"<h3>Qualit\u00e4t kann auch g\u00fcnstig und preiswert sein<\/h3>\n<p>Bauelemente m\u00fcssen gehobenen Anspr\u00fcchen gerecht werden. Gleichwohl mu\u00df es g\u00fcnstig und preiswert sein. Das muss absolut kein Gegensatz sein. <\/p>\n<p>Als Fachunternehmen f\u00fcr Sonnenschutz- und Sicherheitsl\u00f6sungen verarbeiten wir nur qualitativ hochwertige Produkte. Gleichwohl schauen wir immer auf ein passendes Preis-Leistungsverh\u00e4ltnis. Wir m\u00f6chten Ihnen Qualit\u00e4t anbieten, die gleichzeitig auch g\u00fcnstig und preiswert ist. Geben Sie Ihrem Heim g\u00fcnstig und preiswert das besondere Plus an Qualit\u00e4t. Rolll\u00e4den und Markisen oder andere Sonnenschutzl\u00f6sungen sehen nicht nur schmuck aus, sie leisten auch einen bedeutsamen Anteil zur W\u00e4rmed\u00e4mmung.  <\/p>\n<h3>G\u00fcnstig und preiswert \u2013 unsere Leistung \u00fcberzeugt<\/h3>\n<p>D\u00fcrfen wir Sie beraten, wie Sie g\u00fcnstig und preiswert einen optimalen Sonnenschutz f\u00fcr Ihr Heim umsetzen? Prima, dann z\u00f6gern Sie bitte nicht und nehmen am besten sofort heute noch Kontakt mit uns auf. Ein kurzer Telefonanruf oder eine schnelle Email gen\u00fcgen. Sehr gerne informieren Sie unsere perfekt ausgebildeten Profis \u00fcber die verschiedenen Optionen, wie Sie Ihr Heim g\u00fcnstig und preiswert mit Rolll\u00e4den und Markisen oder anderen Sonnenschutzprodukten ausstatten. Wir freuen uns auf den Austausch mit Ihnen. <\/p>\n<h4>Hochwertige Arbeit g\u00fcnstig und preiswert<\/h4>\n<p>Setzen Sie beim Thema Sonnenschutz und Sicherheit auf den Profi. Nur ein Fachbetrieb kennt die verschiedenen Optionen, wie Sie g\u00fcnstig und preiswert, gleichzeitig qualitativ spitze einen optimalen Sonnenschutz erreichen. Qualit\u00e4tsbewusst, g\u00fcnstig und preiswert: Wir empfehlen uns als spezialisiertes Fachunternehmen im n\u00f6rdlichen Raum. Unsere jahrelange Erfahrung spricht f\u00fcr uns.<\/p>","popseo_links":"<a href=\"https:\/\/www.kaduk-bauelemente.de\/leistungen\/rolltore-jesteburg\/\">Rolltore Jesteburg<\/a>, <a href=\"https:\/\/www.kaduk-bauelemente.de\/leistungen\/insektenschutz-jesteburg\/\">Insektenschutz Jesteburg<\/a>, <a href=\"https:\/\/www.kaduk-bauelemente.de\/leistungen\/fenster-bad-bevensen\/\">Fenster Bad Bevensen<\/a>, <a href=\"https:\/\/www.kaduk-bauelemente.de\/leistungen\/terrassendaecher-aus-aluminium-bergedorf-wentorf\/\">Terrassend\u00e4cher aus Aluminium Bergedorf Wentorf<\/a>, <a href=\"https:\/\/www.kaduk-bauelemente.de\/leistungen\/haustueren-winsen-luhe\/\">Haust\u00fcren Winsen Luhe<\/a>, <a href=\"https:\/\/www.kaduk-bauelemente.de\/leistungen\/rollladen-herzogtum-lauenburg\/\">Rollladen Herzogtum Lauenburg<\/a>, <a href=\"https:\/\/www.kaduk-bauelemente.de\/leistungen\/fliegengitter-winsen-luhe\/\">Fliegengitter Winsen Luhe<\/a>, <a href=\"https:\/\/www.kaduk-bauelemente.de\/leistungen\/garagentore-schwarzenbek\/\">Garagentore Schwarzenbek<\/a>, <a href=\"https:\/\/www.kaduk-bauelemente.de\/leistungen\/rolllaeden-hanstedt\/\">Rolll\u00e4den Hanstedt<\/a>, <a href=\"https:\/\/www.kaduk-bauelemente.de\/leistungen\/fliegengitter-buchholz\/\">Fliegengitter Buchholz<\/a>, <a href=\"https:\/\/www.kaduk-bauelemente.de\/leistungen\/terrassendaecher-aus-holz-reppenstedt\/\">Terrassend\u00e4cher aus Holz Reppenstedt<\/a>, <a href=\"https:\/\/www.kaduk-bauelemente.de\/leistungen\/fliegengitter-bienenbuettel\/\">Fliegengitter Bienenb\u00fcttel<\/a>, <a href=\"https:\/\/www.kaduk-bauelemente.de\/leistungen\/zaunbau-buchholz\/\">Zaunbau Buchholz<\/a>, <a href=\"https:\/\/www.kaduk-bauelemente.de\/leistungen\/rolltore-schwarzenbek\/\">Rolltore Schwarzenbek<\/a>, <a href=\"https:\/\/www.kaduk-bauelemente.de\/leistungen\/terrassenueberdachungen-aus-aluminium-bardowick\/\">Terrassen\u00fcberdachungen aus Aluminium Bardowick<\/a>, <a href=\"https:\/\/www.kaduk-bauelemente.de\/leistungen\/carports-salzhausen\/\">Carports Salzhausen<\/a>, <a href=\"https:\/\/www.kaduk-bauelemente.de\/leistungen\/garagen-amt-neuhaus\/\">Garagen Amt Neuhaus<\/a>, <a href=\"https:\/\/www.kaduk-bauelemente.de\/leistungen\/rolllaeden-stelle\/\">Rolll\u00e4den Stelle<\/a>, <a href=\"https:\/\/www.kaduk-bauelemente.de\/leistungen\/fliegengitter-bispingen\/\">Fliegengitter Bispingen<\/a>, <a href=\"https:\/\/www.kaduk-bauelemente.de\/leistungen\/markisen-lueneburg\/\">Markisen L\u00fcneburg<\/a>, <a href=\"https:\/\/www.kaduk-bauelemente.de\/leistungen\/zaunbau-geesthacht\/\">Zaunbau Geesthacht<\/a>, <a href=\"https:\/\/www.kaduk-bauelemente.de\/leistungen\/haustueren-bardowick\/\">Haust\u00fcren Bardowick<\/a>, <a href=\"https:\/\/www.kaduk-bauelemente.de\/leistungen\/terrassenueberdachungen-aus-holz-adendorf\/\">Terrassen\u00fcberdachungen aus Holz Adendorf<\/a>, <a href=\"https:\/\/www.kaduk-bauelemente.de\/leistungen\/rolltore-bardowick\/\">Rolltore Bardowick<\/a>, <a href=\"https:\/\/www.kaduk-bauelemente.de\/leistungen\/haustueren-lueneburg\/\">Haust\u00fcren L\u00fcneburg<\/a>, <a href=\"https:\/\/www.kaduk-bauelemente.de\/leistungen\/garagentore-herzogtum-lauenburg\/\">Garagentore Herzogtum Lauenburg<\/a>"},"_links":{"self":[{"href":"https:\/\/www.kaduk-bauelemente.de\/leistungen\/wp-json\/wp\/v2\/pages\/4445","targetHints":{"allow":["GET"]}}],"collection":[{"href":"https:\/\/www.kaduk-bauelemente.de\/leistungen\/wp-json\/wp\/v2\/pages"}],"about":[{"href":"https:\/\/www.kaduk-bauelemente.de\/leistungen\/wp-json\/wp\/v2\/types\/page"}],"author":[{"embeddable":true,"href":"https:\/\/www.kaduk-bauelemente.de\/leistungen\/wp-json\/wp\/v2\/users\/1"}],"replies":[{"embeddable":true,"href":"https:\/\/www.kaduk-bauelemente.de\/leistungen\/wp-json\/wp\/v2\/comments?post=4445"}],"version-history":[{"count":0,"href":"https:\/\/www.kaduk-bauelemente.de\/leistungen\/wp-json\/wp\/v2\/pages\/4445\/revisions"}],"wp:attachment":[{"href":"https:\/\/www.kaduk-bauelemente.de\/leistungen\/wp-json\/wp\/v2\/media?parent=4445"}],"curies":[{"name":"wp","href":"https:\/\/api.w.org\/{rel}","templated":true}]}}