{"id":4442,"date":"2021-08-25T12:19:13","date_gmt":"2021-08-25T10:19:13","guid":{"rendered":"https:\/\/www.kaduk-bauelemente.de\/leistungen\/raffstores-bardowick\/"},"modified":"2021-08-25T12:19:13","modified_gmt":"2021-08-25T10:19:13","slug":"raffstores-bardowick","status":"publish","type":"page","link":"https:\/\/www.kaduk-bauelemente.de\/leistungen\/raffstores-bardowick\/","title":{"rendered":"Raffstores &#8211; Bardowick"},"content":{"rendered":"<h3>Raffstores \u2013 wir beraten Sie!<\/h3>\n<p>Raffstores zeichnen sich durch sehr dicke und robuste Lamellen aus. Das stabile Material ist erforderlich, da Raffstores bisweilen st\u00e4rkeren Belastungen durch Regen, Hagel oder Sturm ausgesetzt sind. Im Allgemeinen sind Raffstores seil- oder schienengef\u00fchrt.   <\/p>\n<p>Raffstores werden im Allgemeinen an der Hausfassade angebracht. F\u00fcr die Installation bieten sich Blenden und Oberschienen an. Die Blenden haben den Vorteil, dass die Lamellen vollst\u00e4ndig eingefahren werden k\u00f6nnen. Mit edlen und fachm\u00e4nnisch installierten Raffstores kann ein sehr guter W\u00e4rmeschutz gew\u00e4hrleistet werden. Durch die Au\u00dfenmontage wird die Einstrahlung der Sonne verringert und kann nur zum Teil ins Geb\u00e4ude dringen. Gardinen oder Verdunklungsrollos sind im Vergleich zu Raffstores erheblich weniger effektiv.<\/p>\n<h3>Raffstores \u2013 wir informieren Sie \u00fcber Ihre M\u00f6glichkeiten!<\/h3>\n<p>Je nach Ma\u00df und Form des Fensters sind unterschiedliche Produkte erh\u00e4ltlich. Raffstores erm\u00f6glichen einen optimalen Licht- und Blendschutz. Ganz unabh\u00e4ngig von Jahres- oder Tageszeit: Die auch unter dem Begriff Au\u00dfenjalousie bekannten Raffstores geben Ihnen die sehr gute Chance, immer die f\u00fcr Sie optimale Helligkeit herzustellen. Auch wirken sich Raffstores positiv auf den Energiehaushalt aus: Durch den Gebrauch von Raffstores l\u00e4sst sich die Nutzung der Klimaanlage doch erkennbar verringern, ohne dass w\u00e4hrenddessen auf wohlige Temperatur verzichtet werden muss.<\/p>\n","protected":false},"excerpt":{"rendered":"<p>Raffstores \u2013 wir beraten Sie! Raffstores zeichnen sich durch sehr dicke und robuste Lamellen aus. Das stabile Material ist erforderlich, da Raffstores bisweilen st\u00e4rkeren Belastungen durch Regen, Hagel oder Sturm ausgesetzt sind. Im Allgemeinen sind Raffstores seil- oder schienengef\u00fchrt. Raffstores werden im Allgemeinen an der Hausfassade angebracht. F\u00fcr die Installation bieten sich Blenden und Oberschienen [&hellip;]<\/p>\n","protected":false},"author":1,"featured_media":0,"parent":0,"menu_order":0,"comment_status":"closed","ping_status":"closed","template":"","meta":{"footnotes":""},"class_list":["post-4442","page","type-page","status-publish","hentry"],"meta_box":{"popseo_subtitel":"Kaduk Bauelemente ist Ihr Fachbetrieb f\u00fcr Raffstores in Bardowick","popseo_subtitel2":"Raffstores vom Fachbetrieb","popseo_lasttitel":"Raffstores: Wir informieren Sie gerne auch pers\u00f6nlich!","popseo_region":"Bardowick","popseo_sachwort":"Raffstores","popseo_noupdate":"","popseo_einleitungstext":"<p>Auf Wunsch informieren wir Sie n\u00e4her \u00fcber unser Produkt- und Leistungsprogramm. Wir nennen Ihnen mit Vergn\u00fcgen auch einige Projekte, die Ihnen einen Einblick in unsere Unternehmenst\u00e4tigkeit geben.<br \/>\nWir sind f\u00fcr Sie da. Rufen Sie uns doch einfach einmal an oder senden Sie uns eine schnelle E-Mail. Wir freuen uns auf Sie.<\/p>","popseo_schlusstext":"<p>Sehr gerne informieren wir Sie n\u00e4her \u00fcber unsere Produkte und unser Aufgabengebiet. Wir nennen Ihnen mit Vergn\u00fcgen auch ein paar Referenzprojekte, die Ihnen einen Einblick in unsere Firment\u00e4tigkeit geben.<br \/>\nWir sind f\u00fcr Sie da. Rufen Sie uns doch rasch einmal an oder schreiben Sie uns eine kurze E-Mail. Wir freuen uns auf Sie.<\/p>","popseo_stadttext":"<h3>Wohn- und Gewerbestandort Bardowick<\/h3>\n<p>Bardowick ist ein Flecken in der unmittelbaren Nachbarschaft von L\u00fcneburg und Winsen (Luhe. Formell z\u00e4hlt die Gemeinde zum Landkreis L\u00fcneburg. Bardowick hat knapp 7.000 gemeldete B\u00fcrger und streckt sich \u00fcber eine Gesamtfl\u00e4che von zirka 23 qkm. Die Gemeinde ist Amtssitz der Samtgemeinde Bardowick, einer Vereinigung von sieben kleineren Orten \u2013 neben Bardowick selbst sind dies Handorf, Barum, Radbruch, Mechtersen, Wittorf und V\u00f6gelsen. Die Samtgemeinde z\u00e4hlt insgesamt etwa 18.000 Einwohner und erstreckt sich \u00fcber ein Areal von zirka 100 Quadratkilometern.<\/p>\n<p>Durch unsere Gesch\u00e4ftst\u00e4tigkeit haben wir uns einen sehr guten \u00dcberblick \u00fcber die Stadtarchitektur der St\u00e4dte und Gemeinden unseres Einzugsbereiches erarbeiten k\u00f6nnen. Sie kommen aus der Samtgemeinde Bardowick und sind hier im Internet auf unsere Website gesto\u00dfen? Das finden wir toll. Sehr gerne pr\u00e4sentieren wir Ihnen unser komplettes Leistungsspektrum und beantworten Ihre Fragen. Wir freuen uns darauf, mit Ihnen in Kontakt zu kommen. <\/p>\n<h3>Einige Details zu Bardowick<\/h3>\n<p>Die Wirtschaft der Samtgemeinde Bardowick wird beherrscht von kleinen Unternehmen.  Mittelpunkt ist die Landwirtschaft, hier insbesondere der Spargel- und M\u00f6hrenanbau. In jedem Jahr wird vor Ort aus diesem Grund auch die sogenannte Wurzelk\u00f6nigin gek\u00fcrt \u2013 ein Titel, der wohl einmalig ist. Verkehrstechnisch ist der Flecken Bardowick gut erreichbar: In direkter Umgebung des Gemeindegebietes befindet sich eine Anschlussstelle zur BAB 39 in Richtung Hamburg. Au\u00dferdem erreicht man den Ort mit der Eisenbahn auf der Strecke Hamburg-Hannover. Bardowick ist ein attraktiver Ort mit einem bukolischem Charme. Der charmante Flecken ist eine familiengerechte Ortschaft und bietet den B\u00fcrgern ein besonders interessantes Umfeld zum Arbeiten und Leben.       <\/p>\n<h4>Unsere Leistung f\u00fcr qualit\u00e4tsbewusste Kunden aus Bardowick<\/h4>\n<p>Sie wohnen in Bardowick, Barum, Handorf, Mechtersen, Radbruch, V\u00f6gelsen oder Wittorf und interessieren sich f\u00fcr unser Angebot. Klasse, dass Sie uns hier auf dieser Website entdeckt haben. F\u00fcr R\u00fcckfragen sind wir jederzeit f\u00fcr Sie da. Unser engagiertes Team freut sich auf Sie.<\/p>","popseo_zusatztext":"<h3>Tradition und Erfahrung zeichnen unseren Fachbetrieb aus<\/h3>\n<p>Vertrauen Sie bei Sicherheit und Sonnenschutz unbedingt auf die sachspezifische Leistung vom Fachbetrieb. Nur ein Fachbetrieb kennt die Tricks und Tipps, wie man zu einem \u00fcberzeugenden Ergebnis kommt. Um sich mit Fug und Recht als Fachbetrieb zu titulieren, braucht es eine anerkannte Ausbildung der Mitarbeiter und eine jahrelange Fachkenntnis.  <\/p>\n<p>Unsere Unternehmung empfiehlt sich als Ihr qualifizierter Fachbetrieb f\u00fcr Sicherheit und Sonnenschutz. Setzen Sie auf Qualit\u00e4t und schenken Sie unserem Fachbetrieb Ihr Vertrauen. Wir bieten Ihnen z.B. hervorragende Markisen und Rolll\u00e4den und legen h\u00f6chsten Wert auf einen indivduellen Service. Schon seit vielen Jahren sind wir erfahrener Fachbetrieb f\u00fcr Terrassend\u00e4cher, Au\u00dfenjalousien, Rolll\u00e4den im Raum L\u00fcneburg. Es ist unser Bestreben, dass Sie dauerhaft viel Freude an Ihrem Sicht und Sonnenschutz haben. Von einem Fachbetrieb d\u00fcrfen Sie zu Recht eine absolute Top-Leistung erwarten.<\/p>\n<h3>Auf einen Fachbetrieb ist Verlass<\/h3>\n<p>Als Fachbetrieb darf sich eine Unternehmung bezeichnen, deren Mitarbeiter \u00fcber dokumentierte Qualifikationen verf\u00fcgen. Dies ist z.B. eine entsprechende Berufsausbildung oder ein Meisterbrief. Auch zeichnet eine intensive praktische Erfahrung einen Fachbetrieb aus. Bereits seit vielen Jahren konzentrieren wir uns als spezialisiertes Unternehmen auf Sicherheit und Sonnenschutz von Wohn- und Gesch\u00e4ftsh\u00e4usern. In diesen vielen Jahren haben wir uns die Bezeichnung Fachbetrieb bestimmt verdient. Wir verwenden uneingeschr\u00e4nkt qualitativ beste Artikel. Dabei achten wir immer auf ein perfektes Preis-Leistungsverh\u00e4ltnis. Unser Motto als Fachbetrieb: Wir bieten Ihnen 1a-Leistung zu einem 1a- Preis.<\/p>","popseo_links":"<a href=\"https:\/\/www.kaduk-bauelemente.de\/leistungen\/carports-salzhausen\/\">Carports Salzhausen<\/a>, <a href=\"https:\/\/www.kaduk-bauelemente.de\/leistungen\/haustueren-buchholz\/\">Haust\u00fcren Buchholz<\/a>, <a href=\"https:\/\/www.kaduk-bauelemente.de\/leistungen\/garagen-boizenburg\/\">Garagen Boizenburg<\/a>, <a href=\"https:\/\/www.kaduk-bauelemente.de\/leistungen\/aussenjalousien-winsen-luhe\/\">Au\u00dfenjalousien Winsen Luhe<\/a>, <a href=\"https:\/\/www.kaduk-bauelemente.de\/leistungen\/garagen-harburg\/\">Garagen Harburg<\/a>, <a href=\"https:\/\/www.kaduk-bauelemente.de\/leistungen\/garagentore-maschen\/\">Garagentore Maschen<\/a>, <a href=\"https:\/\/www.kaduk-bauelemente.de\/leistungen\/garagen-uelzen\/\">Garagen Uelzen<\/a>, <a href=\"https:\/\/www.kaduk-bauelemente.de\/leistungen\/holzfenster-buchholz\/\">Holzfenster Buchholz<\/a>, <a href=\"https:\/\/www.kaduk-bauelemente.de\/leistungen\/terrassenueberdachungen-aus-holz-uelzen\/\">Terrassen\u00fcberdachungen aus Holz Uelzen<\/a>, <a href=\"https:\/\/www.kaduk-bauelemente.de\/leistungen\/carports-bergedorf-wentorf\/\">Carports Bergedorf Wentorf<\/a>, <a href=\"https:\/\/www.kaduk-bauelemente.de\/leistungen\/terrassendaecher-aus-holz-bad-bevensen\/\">Terrassend\u00e4cher aus Holz Bad Bevensen<\/a>, <a href=\"https:\/\/www.kaduk-bauelemente.de\/leistungen\/zaunbau-bardowick\/\">Zaunbau Bardowick<\/a>, <a href=\"https:\/\/www.kaduk-bauelemente.de\/leistungen\/aussenjalousien-bergedorf-wentorf\/\">Au\u00dfenjalousien Bergedorf Wentorf<\/a>, <a href=\"https:\/\/www.kaduk-bauelemente.de\/leistungen\/holzfenster-stelle\/\">Holzfenster Stelle<\/a>, <a href=\"https:\/\/www.kaduk-bauelemente.de\/leistungen\/sektionaltore-salzhausen\/\">Sektionaltore Salzhausen<\/a>, <a href=\"https:\/\/www.kaduk-bauelemente.de\/leistungen\/rollladen-herzogtum-lauenburg\/\">Rollladen Herzogtum Lauenburg<\/a>, <a href=\"https:\/\/www.kaduk-bauelemente.de\/leistungen\/garagentore-geesthacht\/\">Garagentore Geesthacht<\/a>, <a href=\"https:\/\/www.kaduk-bauelemente.de\/leistungen\/tueren-reppenstedt\/\">T\u00fcren Reppenstedt<\/a>, <a href=\"https:\/\/www.kaduk-bauelemente.de\/leistungen\/zaeune-seevetal-rosengarten\/\">Z\u00e4une Seevetal Rosengarten<\/a>, <a href=\"https:\/\/www.kaduk-bauelemente.de\/leistungen\/haustueren-maschen\/\">Haust\u00fcren Maschen<\/a>, <a href=\"https:\/\/www.kaduk-bauelemente.de\/leistungen\/zaeune-lueneburg\/\">Z\u00e4une L\u00fcneburg<\/a>, <a href=\"https:\/\/www.kaduk-bauelemente.de\/leistungen\/rolltore-winsen-luhe\/\">Rolltore Winsen Luhe<\/a>, <a href=\"https:\/\/www.kaduk-bauelemente.de\/leistungen\/kunststofffenster-boizenburg\/\">Kunststofffenster Boizenburg<\/a>, <a href=\"https:\/\/www.kaduk-bauelemente.de\/leistungen\/terrassendaecher-aus-holz-maschen\/\">Terrassend\u00e4cher aus Holz Maschen<\/a>, <a href=\"https:\/\/www.kaduk-bauelemente.de\/leistungen\/fenster-jesteburg\/\">Fenster Jesteburg<\/a>, <a href=\"https:\/\/www.kaduk-bauelemente.de\/leistungen\/haustueren-hanstedt\/\">Haust\u00fcren Hanstedt<\/a>"},"_links":{"self":[{"href":"https:\/\/www.kaduk-bauelemente.de\/leistungen\/wp-json\/wp\/v2\/pages\/4442","targetHints":{"allow":["GET"]}}],"collection":[{"href":"https:\/\/www.kaduk-bauelemente.de\/leistungen\/wp-json\/wp\/v2\/pages"}],"about":[{"href":"https:\/\/www.kaduk-bauelemente.de\/leistungen\/wp-json\/wp\/v2\/types\/page"}],"author":[{"embeddable":true,"href":"https:\/\/www.kaduk-bauelemente.de\/leistungen\/wp-json\/wp\/v2\/users\/1"}],"replies":[{"embeddable":true,"href":"https:\/\/www.kaduk-bauelemente.de\/leistungen\/wp-json\/wp\/v2\/comments?post=4442"}],"version-history":[{"count":0,"href":"https:\/\/www.kaduk-bauelemente.de\/leistungen\/wp-json\/wp\/v2\/pages\/4442\/revisions"}],"wp:attachment":[{"href":"https:\/\/www.kaduk-bauelemente.de\/leistungen\/wp-json\/wp\/v2\/media?parent=4442"}],"curies":[{"name":"wp","href":"https:\/\/api.w.org\/{rel}","templated":true}]}}