{"id":4439,"date":"2021-08-25T12:19:13","date_gmt":"2021-08-25T10:19:13","guid":{"rendered":"https:\/\/www.kaduk-bauelemente.de\/leistungen\/raffstores-amelinghausen\/"},"modified":"2021-08-25T12:19:13","modified_gmt":"2021-08-25T10:19:13","slug":"raffstores-amelinghausen","status":"publish","type":"page","link":"https:\/\/www.kaduk-bauelemente.de\/leistungen\/raffstores-amelinghausen\/","title":{"rendered":"Raffstores &#8211; Amelinghausen"},"content":{"rendered":"<h3>Die passenden Raffstores erh\u00f6hen den Wohnwert<\/h3>\n<p>Raffstores zeichnen sich durch extrem dicke und robuste Lamellen aus. Das unempfindliche Material ist notwendig, da Raffstores bisweilen st\u00e4rkeren negativen Belastungen durch Sturm und Regen ausgesetzt sind. In der Regel sind Raffstores seil- oder schienengef\u00fchrt.   <\/p>\n<p>Raffstores werden im Allgemeinen an der Hauswand installiert. F\u00fcr die Installation bieten sich Blenden und Oberschienen an. Die Blenden haben den Vorteil, dass die Lamellen vollst\u00e4ndig eingezogen werden k\u00f6nnen. Mit exquisiten und fachgerecht installierten Raffstores kann ein hoher W\u00e4rmeschutz garantiert werden. Durch die Au\u00dfenmontage wird die Einstrahlung der Sonne minimiert und kann nur zum Teil ins Haus gelangen. Gardinen oder Rollos sind im Gegensatz zu Raffstores deutlich weniger effizient.<\/p>\n<h3>Neue Raffstores f\u00fcr Ihre Immobilie<\/h3>\n<p>Je nach Ma\u00df und Formgebung des Fensters sind verschiedene Ausf\u00fchrungen vorr\u00e4tig. Raffstores erm\u00f6glichen einen optimalen Licht- und Blendschutz. Komplett losgel\u00f6st von Jahres- oder Tageszeit: Die auch unter dem Begriff Au\u00dfenjalousie bekannten Raffstores geben Ihnen die willkommene Chance, immer die f\u00fcr Sie geeignete Helligkeit herzustellen. Auch wirken sich Raffstores positiv auf den Stromhaushalt aus: Durch den Gebrauch von Raffstores l\u00e4sst sich der Gebrauch der Klimaanlage schon erkennbar reduzieren, ohne dass gleichzeitig auf gew\u00fcnschte K\u00fchle verzichtet werden muss.<\/p>\n","protected":false},"excerpt":{"rendered":"<p>Die passenden Raffstores erh\u00f6hen den Wohnwert Raffstores zeichnen sich durch extrem dicke und robuste Lamellen aus. Das unempfindliche Material ist notwendig, da Raffstores bisweilen st\u00e4rkeren negativen Belastungen durch Sturm und Regen ausgesetzt sind. In der Regel sind Raffstores seil- oder schienengef\u00fchrt. Raffstores werden im Allgemeinen an der Hauswand installiert. F\u00fcr die Installation bieten sich Blenden [&hellip;]<\/p>\n","protected":false},"author":1,"featured_media":0,"parent":0,"menu_order":0,"comment_status":"closed","ping_status":"closed","template":"","meta":{"footnotes":""},"class_list":["post-4439","page","type-page","status-publish","hentry"],"meta_box":{"popseo_subtitel":"Wir sind Ihr erfahrener Fachbetrieb f\u00fcr Raffstores im Raum Amelinghausen","popseo_subtitel2":"Raffstores - bei uns in gro\u00dfer Auswahl","popseo_lasttitel":"Raffstores: Unsere Experten beantworten Ihre Fragen","popseo_region":"Amelinghausen","popseo_sachwort":"Raffstores","popseo_noupdate":"","popseo_einleitungstext":"<p>Die Firma Kaduk ist Ihr erfahrener und qualifizierter Fachbetrieb f\u00fcr Sicherheit und Sonnenschutz im Norden. Mit unserem Firmenstandort in Adendorf bei L\u00fcneburg decken wir ein geografisch gro\u00dfes Gebiet ab. Bei uns finden Sie erstklassige Bauelemente in gro\u00dfer Auswahl. Zu unserem Produktsortiment geh\u00f6ren unter anderem Au\u00dfenjalousien, T\u00fcren, Fenster, Terrassend\u00e4cher, Markisen, Rolltore, Rolll\u00e4den und Carports. Selbstverst\u00e4ndlich erledigen wir auch alle damit verbundenen Montage- und Reparaturarbeiten f\u00fcr Sie. Auf unserer Website finden Sie unser gesamtes Produkt- und Dienstleistungsangebot ausf\u00fchrlich beschrieben. Fachgerecht und kompetent beraten wir Sie \u00fcber Ihre M\u00f6glichkeiten und f\u00fchren alle anfallenden Arbeiten mit Sachverstand und gewissenhaft aus - so wie Sie es von einem spezialisierten Fachbetrieb erwarten d\u00fcrfen.<\/p>","popseo_schlusstext":"<p>Sie suchen einen Profi f\u00fcr moderne Sonnenschutz- und Sicherheitsl\u00f6sungen. Dann rufen Sie uns bitte rasch an. Wir freuen uns auf Ihren Anruf oder Ihre E-Mail. Wenn es um Bauelemente geht, sind wir Ihr erfahrener Handels- und Handwerkspartner. Wir bieten Ihnen hochwertige Produkte und eine fachkundig durchgef\u00fchrte Arbeit nach dem jeweils neuesten Stand der Technik.<\/p>","popseo_stadttext":"<h3>Wir sind Ihr Partner auch in Amelinghausen<\/h3>\n<p>Durch unsere T\u00e4tigkeit haben wir uns einen sehr guten \u00dcberblick \u00fcber die Architektur der St\u00e4dte und Gemeinden unseres Vertriebsgebietes machen k\u00f6nnen. Unser Einzugsgebiet umfasst nat\u00fcrlich auch Amelinghausen. Wir f\u00fchlen uns der Region verpflichtet und freuen uns dar\u00fcber auch unseren Teil zur guten Infrastruktur der Gemeinde beizusteuern zu k\u00f6nnen.  <\/p>\n<p><h3>Einige interessante Informationen \u00fcber Amelinghausen<\/h3><br \/>\nAmelinghausen liegt in der L\u00fcneburger Heide. Ann\u00e4hernd 4.000 Menschen leben in Amelinghausen auf einer Fl\u00e4che von ca. 16 qkm. Erreichbar ist der Ort mit dem Auto \u00fcber die B209. Die Umgebung l\u00e4dt zu Ausfahrten am Wochenende ein. Die Bebauungsstruktur in der Region ist \u00fcberwiegend gepr\u00e4gt von einer angenehmen Einzelhausbebauung. In erster Line junge Familien sch\u00e4tzen das beschauliche Leben in Amelinghausen. Die N\u00e4he zur Stadt L\u00fcneburg mit sehr guten Verkehrverbindungen und Freizeitangeboten machen den Ort Amelinghausen so angenehm.<br \/>\nDie Gemeinde ist Amtssitz der Samtgemeinde Amelinghausen, einer Vereinigung von f\u00fcnf kleineren Orten. Dies sind neben Amelinghausen selbst die Gemeinden Oldendorf (Luhe), Betzendorf, Rehlingen und Soderstorf. Die Samtgemeinde z\u00e4hlt in Summe knapp 8.000 Einwohner und streckt sich \u00fcber eine Fl\u00e4che von etwas mehr als 194 km\u00b2.<\/p>\n<h4>Unsere Leistung f\u00fcr qualit\u00e4tsbewusste Kunden aus Amelinghausen<\/h4>\n<p>Sie leben in Amelinghausen, Betzendorf, Oldendorf (Luhe), Soderstorf oder Rehlingen und interessieren sich f\u00fcr unser Angebot. Toll, dass Sie uns hier auf dieser Website entdeckt haben. F\u00fcr R\u00fcckfragen sind wir jederzeit f\u00fcr Sie da. Auf den Kontakt zu Ihnen freuen wir uns.<\/p>","popseo_zusatztext":"<h3>Qualit\u00e4t kann auch g\u00fcnstig und preiswert sein<\/h3>\n<p>Bauelemente m\u00fcssen h\u00f6chsten Anforderungen gerecht werden. Gleichzeitig mu\u00df es g\u00fcnstig und preiswert sein. Das muss generell kein Gegensatz sein. <\/p>\n<p>Als Fachbetrieb f\u00fcr Sonnenschutz und Sicherheit verwenden wir ausnahmslos qualitativ hochwertige Produkte. Nichtsdestotrotz achten wir grunds\u00e4tzlich auf ein passendes Preis-Leistungsverh\u00e4ltnis. Wir m\u00f6chten Ihnen Qualit\u00e4t anbieten, die trotzdem auch g\u00fcnstig und preiswert ist. Geben Sie Ihrem Heim g\u00fcnstig und preiswert das gewisse Mehr an Qualit\u00e4t. Markisen und Rolll\u00e4den oder andere Sonnenschutzl\u00f6sungen sehen nicht nur hervorragend aus, sie leisten auch einen bedeutenden Anteil zur W\u00e4rmed\u00e4mmung.  <\/p>\n<h3>G\u00fcnstig und preiswert \u2013 trotzdem individuell und schick<\/h3>\n<p>D\u00fcrfen wir Sie beraten, wie Sie g\u00fcnstig und preiswert einen perfekten Sonnenschutz f\u00fcr Ihr Haus verwirklichen? Toll, dann z\u00f6gern Sie bitte nicht und nehmen am besten gleich heute noch Kontakt mit uns auf. Ein kurzer Anruf oder eine schnelle E-Mail gen\u00fcgen. Mit Vergn\u00fcgen informieren Sie unsere gut ausgebildeten Spezialisten \u00fcber die unterschiedlichen Optionen, wie Sie Ihr Haus g\u00fcnstig und preiswert mit Markisen und Rolll\u00e4den oder anderen Sonnenschutzprodukten versehen. Wir freuen uns auf das Gespr\u00e4ch mit Ihnen. <\/p>\n<h4>Hochwertige Arbeit g\u00fcnstig und preiswert<\/h4>\n<p>Vertrauen Sie beim Thema Sonnenschutz und Sicherheit auf den Profi. Nur ein Spezialbetrieb kennt die diversen M\u00f6glichkeiten, wie Sie g\u00fcnstig und preiswert, zugleich qualitativ spitze einen optimalen Sonnenschutz verwirklichen. Qualit\u00e4tsbewusst, g\u00fcnstig und preiswert: Wir empfehlen uns als spezialisiertes Unternehmen im norddeutschen Gebiet. Unsere gro\u00dfe Erfahrung spricht f\u00fcr uns.<\/p>","popseo_links":"<a href=\"https:\/\/www.kaduk-bauelemente.de\/leistungen\/tueren-boizenburg\/\">T\u00fcren Boizenburg<\/a>, <a href=\"https:\/\/www.kaduk-bauelemente.de\/leistungen\/garagen-amt-neuhaus\/\">Garagen Amt Neuhaus<\/a>, <a href=\"https:\/\/www.kaduk-bauelemente.de\/leistungen\/markisen-salzhausen\/\">Markisen Salzhausen<\/a>, <a href=\"https:\/\/www.kaduk-bauelemente.de\/leistungen\/tueren-bergedorf-wentorf\/\">T\u00fcren Bergedorf Wentorf<\/a>, <a href=\"https:\/\/www.kaduk-bauelemente.de\/leistungen\/rolltore-uelzen\/\">Rolltore Uelzen<\/a>, <a href=\"https:\/\/www.kaduk-bauelemente.de\/leistungen\/holzfenster-harburg\/\">Holzfenster Harburg<\/a>, <a href=\"https:\/\/www.kaduk-bauelemente.de\/leistungen\/terrassenueberdachungen-aus-aluminium-bad-bevensen\/\">Terrassen\u00fcberdachungen aus Aluminium Bad Bevensen<\/a>, <a href=\"https:\/\/www.kaduk-bauelemente.de\/leistungen\/tueren-stelle\/\">T\u00fcren Stelle<\/a>, <a href=\"https:\/\/www.kaduk-bauelemente.de\/leistungen\/tueren-ebstorf\/\">T\u00fcren Ebstorf<\/a>, <a href=\"https:\/\/www.kaduk-bauelemente.de\/leistungen\/terrassenueberdachungen-aus-aluminium-bienenbuettel\/\">Terrassen\u00fcberdachungen aus Aluminium Bienenb\u00fcttel<\/a>, <a href=\"https:\/\/www.kaduk-bauelemente.de\/leistungen\/zaeune-tostedt-sittensen\/\">Z\u00e4une Tostedt Sittensen<\/a>, <a href=\"https:\/\/www.kaduk-bauelemente.de\/leistungen\/terrassendaecher-aus-aluminium-uelzen\/\">Terrassend\u00e4cher aus Aluminium Uelzen<\/a>, <a href=\"https:\/\/www.kaduk-bauelemente.de\/leistungen\/carports-ebstorf\/\">Carports Ebstorf<\/a>, <a href=\"https:\/\/www.kaduk-bauelemente.de\/leistungen\/fenster-bardowick\/\">Fenster Bardowick<\/a>, <a href=\"https:\/\/www.kaduk-bauelemente.de\/leistungen\/terrassendaecher-aus-holz-reinbek-glinde\/\">Terrassend\u00e4cher aus Holz Reinbek Glinde<\/a>, <a href=\"https:\/\/www.kaduk-bauelemente.de\/leistungen\/tueren-uelzen\/\">T\u00fcren Uelzen<\/a>, <a href=\"https:\/\/www.kaduk-bauelemente.de\/leistungen\/garagen-maschen\/\">Garagen Maschen<\/a>, <a href=\"https:\/\/www.kaduk-bauelemente.de\/leistungen\/sektionaltore-buchholz\/\">Sektionaltore Buchholz<\/a>, <a href=\"https:\/\/www.kaduk-bauelemente.de\/leistungen\/rollladen-reinbek-glinde\/\">Rollladen Reinbek Glinde<\/a>, <a href=\"https:\/\/www.kaduk-bauelemente.de\/leistungen\/haustueren-bardowick\/\">Haust\u00fcren Bardowick<\/a>, <a href=\"https:\/\/www.kaduk-bauelemente.de\/leistungen\/rollladen-adendorf\/\">Rollladen Adendorf<\/a>, <a href=\"https:\/\/www.kaduk-bauelemente.de\/leistungen\/tueren-bispingen\/\">T\u00fcren Bispingen<\/a>, <a href=\"https:\/\/www.kaduk-bauelemente.de\/leistungen\/rolltore-herzogtum-lauenburg\/\">Rolltore Herzogtum Lauenburg<\/a>, <a href=\"https:\/\/www.kaduk-bauelemente.de\/leistungen\/garagen-seevetal-rosengarten\/\">Garagen Seevetal Rosengarten<\/a>, <a href=\"https:\/\/www.kaduk-bauelemente.de\/leistungen\/haustueren-reppenstedt\/\">Haust\u00fcren Reppenstedt<\/a>, <a href=\"https:\/\/www.kaduk-bauelemente.de\/leistungen\/terrassenueberdachungen-aus-aluminium-boizenburg\/\">Terrassen\u00fcberdachungen aus Aluminium Boizenburg<\/a>"},"_links":{"self":[{"href":"https:\/\/www.kaduk-bauelemente.de\/leistungen\/wp-json\/wp\/v2\/pages\/4439","targetHints":{"allow":["GET"]}}],"collection":[{"href":"https:\/\/www.kaduk-bauelemente.de\/leistungen\/wp-json\/wp\/v2\/pages"}],"about":[{"href":"https:\/\/www.kaduk-bauelemente.de\/leistungen\/wp-json\/wp\/v2\/types\/page"}],"author":[{"embeddable":true,"href":"https:\/\/www.kaduk-bauelemente.de\/leistungen\/wp-json\/wp\/v2\/users\/1"}],"replies":[{"embeddable":true,"href":"https:\/\/www.kaduk-bauelemente.de\/leistungen\/wp-json\/wp\/v2\/comments?post=4439"}],"version-history":[{"count":0,"href":"https:\/\/www.kaduk-bauelemente.de\/leistungen\/wp-json\/wp\/v2\/pages\/4439\/revisions"}],"wp:attachment":[{"href":"https:\/\/www.kaduk-bauelemente.de\/leistungen\/wp-json\/wp\/v2\/media?parent=4439"}],"curies":[{"name":"wp","href":"https:\/\/api.w.org\/{rel}","templated":true}]}}