{"id":4436,"date":"2021-08-25T12:19:13","date_gmt":"2021-08-25T10:19:13","guid":{"rendered":"https:\/\/www.kaduk-bauelemente.de\/leistungen\/markisen-uelzen\/"},"modified":"2021-08-25T12:19:13","modified_gmt":"2021-08-25T10:19:13","slug":"markisen-uelzen","status":"publish","type":"page","link":"https:\/\/www.kaduk-bauelemente.de\/leistungen\/markisen-uelzen\/","title":{"rendered":"Markisen &#8211; Uelzen"},"content":{"rendered":"<h3>Passende Markisen erh\u00f6hen den Wohnwert<\/h3>\n<p>Markisen fungieren als qualitativ hochwertiger Sonnen-, Regen- oder Blendschutz. Die Markisen werden zusammen mit einem speziellen Gestell zur Bedienung und Aufbewahrung meistens \u00fcber einem Fenster beziehungsweise einer T\u00fcr montiert. Im Spezialgesch\u00e4ft bekommt man die sog. Roll-Markisen, die Falt-Markisen sowie die Fest-Markisen. Bei den erstgenannten Markisen l\u00e4sst sich die Bespannung mittels einer Welle aufrollen. Die zweite Produktart rafft das Tuch beim Aus- oder Einfahren und die festverbauten Markisen schlu\u00dfendlich sind in der Form unver\u00e4nderbar. Lieferbar sind die Markisen mit einem Gelenkarm sowie als sog. Kassettenmarkisen. Standardm\u00e4\u00dfg verf\u00fcgen die Markisen \u00fcber eine regenfeste Bespannung. <\/p>\n<p>In unserem qualit\u00e4tsbewussten Fachgesch\u00e4ft finden Sie f\u00fcr jeden Wunsch eine praktische und formsch\u00f6ne Markise. Selbstverst\u00e4ndlich f\u00fchren wir Markisen in allen Farben, Designs und Formen. Ihr pers\u00f6nlicher Wohnstil gibt die Auswahl vor! Individuelle Anwendungsbeispiele halten wir f\u00fcr Fassaden, Winterg\u00e4rten und Fenster bereit. <\/p>\n<h3>Markisen \u2013 besuchen Sie unsere Ausstellung!<\/h3>\n<p>In der Sommerzeit werden die Markisen h\u00e4ufig als optisch gelungener Blendschutz verwendet. Als zus\u00e4tzlicher Nebeneffekt zeichnen sich die Markisen indes als absolut wirkungsvolle W\u00e4rmed\u00e4mmung aus. Die Markisen spenden Beschattung und sch\u00fctzen gleichzeitig die Innenr\u00e4ume eines Hauses vor \u00fcberm\u00e4\u00dfiger Hitze. Richtig montiert, werden Sie lange Zeit Ihre Freude an den Markisen haben. Und mal nebenbei: Die Markisen werten ein Haus mitunter optisch ganz erheblich auf.<\/p>\n","protected":false},"excerpt":{"rendered":"<p>Passende Markisen erh\u00f6hen den Wohnwert Markisen fungieren als qualitativ hochwertiger Sonnen-, Regen- oder Blendschutz. Die Markisen werden zusammen mit einem speziellen Gestell zur Bedienung und Aufbewahrung meistens \u00fcber einem Fenster beziehungsweise einer T\u00fcr montiert. Im Spezialgesch\u00e4ft bekommt man die sog. Roll-Markisen, die Falt-Markisen sowie die Fest-Markisen. Bei den erstgenannten Markisen l\u00e4sst sich die Bespannung mittels [&hellip;]<\/p>\n","protected":false},"author":1,"featured_media":0,"parent":0,"menu_order":0,"comment_status":"closed","ping_status":"closed","template":"","meta":{"footnotes":""},"class_list":["post-4436","page","type-page","status-publish","hentry"],"meta_box":{"popseo_subtitel":"Wir sind Ihr erfahrener Fachbetrieb f\u00fcr Markisen im Raum Uelzen","popseo_subtitel2":"Markisen - von den Spezialisten unserer Firma","popseo_lasttitel":"Markisen: Gerne beantworten wir Ihre Fragen!","popseo_region":"Uelzen","popseo_sachwort":"Markisen","popseo_noupdate":"","popseo_einleitungstext":"<p>Sehr gerne informieren wir Sie n\u00e4her \u00fcber unser Produkt- und T\u00e4tigkeitsspektrum. Wir nennen Ihnen mit Vergn\u00fcgen auch ein paar Projekte, die Ihnen einen Einblick in unsere Unternehmenst\u00e4tigkeit geben.<br \/>\nWir sind f\u00fcr Sie da. Rufen Sie uns doch einfach einmal an oder senden Sie uns eine schnelle E-Mail. Wir freuen uns auf den Kontakt zu Ihnen.<\/p>","popseo_schlusstext":"<p>Sehr gerne informieren wir Sie n\u00e4her \u00fcber unser Produkt- und T\u00e4tigkeitsspektrum. Wir nennen Ihnen mit Vergn\u00fcgen auch ein paar Projekte, die Ihnen einen Einblick in unsere Arbeit geben.<br \/>\nSchenken Sie uns Ihr Vertrauen. Rufen Sie uns doch einfach einmal an oder schreiben Sie uns eine schnelle E-Mail. Wir freuen uns auf den Kontakt zu Ihnen.<\/p>","popseo_stadttext":"<h3>Die Stadt Uelzen<\/h3>\n<p>Durch unsere Vertriebst\u00e4tigkeit haben wir uns einen sehr guten \u00dcberblick \u00fcber die Architektur der Gemeinden und St\u00e4dte unseres Einzugsbereiches erarbeiten k\u00f6nnen. Nat\u00fcrlich z\u00e4hlt auch die Stadt Uelzen zu unserem unmittelbaren Gesch\u00e4ftsgebiet. Wir freuen uns darauf, mit Ihnen in Kontakt zu kommen. <\/p>\n<h3>Einige Details zu Uelzen<\/h3>\n<p>Uelzen ist die Kreisstadt des nieders\u00e4chsischen Landkreises Uelzen. In Summe wohnen 33.000 Einwohner in der zur Metropolregion Hamburg geh\u00f6renden Stadt. Das Stadtgebiet umfasst eine Gesamtfl\u00e4che von knapp 135 km\u00b2. St\u00e4dte in der n\u00e4heren Umgebung sind z.B. Bad Berversen, Rosche und Ebstorf. Geographisch liegt Uelzen am am s\u00fcdlichen Zipfel der L\u00fcneburger Heide. Die Stadt ist inmitten gro\u00dfen Naturparks wundersch\u00f6n gelegen. Neben der L\u00fcneburger Heide ist auch das Naturreservat Elbufer-Drawehn sowie der Naturpark Nieders\u00e4chsische Elbtalaue von Uelzen aus geschwind zu erreichen. Uelzen selbst liegt an der Ilmenau. Uelzen verf\u00fcgt \u00fcber zahlreiche nett gelegene Wohnquartier. Die Stadt ist ein idealer Ort zum Wohnen und Arbeiten. Wer das eher \u00fcbersichtliche Leben in einer kleineren Stadt lieber mag, gleichwohl aber nicht auf die Vorteile der Metropole verzichten will, trifft es in Uelzen genau richtig. <\/p>\n<h3>Wir kennen uns aus in Uelzen<\/h3>\n<p>Die Stadt Uelzen gliedert sich in insgesamt 18 Gemeindeteile. Die Architektur von Uelzen wird gepr\u00e4gt von vielen Fachwerkh\u00e4usern, die der Stadt einen durchaus als m\u00e4rchenhaft zu bezeichnenden Charme verleihen. Auch historische Bauwerke im Stil der Backsteingotik pr\u00e4gen das Stadtbild von Uelzen. Das Wahrzeichen der Stadt ist das sogenannte \"Goldene Schiff\". Die Plastik befindet sich an der St. Marien-Kirche zu Uelzen. Wahrscheinlich stammt die Skulptur aus der Zeit der Hanse. F\u00fcr Kunstliebhaber ist Uelzen nahezu eine Pilgerst\u00e4tte. Der Ausnahmek\u00fcnstler Friedensreich Hundertwasser erschuf kurz vor seinem Tod im Jahre 2000 den st\u00e4dtischen Bahnhof. Das auffallende Geb\u00e4ude tr\u00e4gt den Namen Hundertwasserbahnhof Uelzen.<\/p>\n<p>Die Wirtschaft von Uelzen ist mittelst\u00e4ndisch orientiert. Hauptbereiche sind der Lebensmittelsektor und Betriebe aus dem Dienstleistungsgewerbe. Die Wirtschaftsf\u00f6rderung der Stadt Uelzen muss als vorbildlich benannt werden. Um den Zuzug weiterer Betriebe bem\u00fchen sich sich die Stadtvertreter erkennbar. Die bedeutendsten Arbeitgeber in Uelzen sind die Nordzucker AG und die Uelzena AG. Der Konzern Nestl\u00e9 Schoeller f\u00fchrt in Uelzen ein Werk mit etwa 500 Arbeitnehmern. <\/p>\n<h4>Privat- und Gesch\u00e4ftskunden aus Uelzen sch\u00e4tzen unsere Leistungen!<\/h4>\n<p>Sie wohnen in Uelzen und interessieren sich f\u00fcr unser Leistungsangebot. Toll, das Sie unsere Internetseite entdeckt haben. F\u00fcr R\u00fcckfragen sind wir jederzeit f\u00fcr Sie da. Unser engagiertes Team freut sich auf Sie.<\/p>","popseo_zusatztext":"<h3>Gute Qualit\u00e4t \u2013 g\u00fcnstig und preiswert<\/h3>\n<p>Bauelemente m\u00fcssen h\u00f6chsten Erwartungen gerecht werden. Nichtsdestrotrotz mu\u00df es g\u00fcnstig und preiswert sein. Das muss generell kein Widerspruch sein. <\/p>\n<p>Als Fachbetrieb f\u00fcr Sonnenschutz und Sicherheit verarbeiten wir ausschlie\u00dflich ausgezeichnete Erzeugnisse. Trotzdem schauen wir immer auf ein passendes Preis-Leistungsverh\u00e4ltnis. Wir m\u00f6chten Ihnen Qualit\u00e4t anbieten, die trotzdem auch g\u00fcnstig und preiswert ist. Geben Sie Ihrem Zuhause g\u00fcnstig und preiswert das besondere Plus an Qualit\u00e4t. Markisen und Rolll\u00e4den oder andere Sonnenschutzl\u00f6sungen sehen nicht nur hervorragend aus, sie leisten auch einen wichtigen Anteil zur W\u00e4rmed\u00e4mmung.  <\/p>\n<h3>G\u00fcnstig und preiswert \u2013 trotzdem individuell und schick<\/h3>\n<p>D\u00fcrfen wir Sie beraten, wie Sie g\u00fcnstig und preiswert einen perfekten Sonnenschutz f\u00fcr Ihr Zuhause verwirklichen? Klasse, dann warten Sie bitte nicht und nehmen am besten gleich heute noch Verbindung mit uns auf. Ein kurzer Anruf oder eine schnelle E-Mail gen\u00fcgen. Gern informieren Sie unsere gut geschulten Profis \u00fcber die unterschiedlichen M\u00f6glichkeiten, wie Sie Ihr Heim g\u00fcnstig und preiswert mit Markisen und Rolll\u00e4den oder anderen Sonnenschutzprodukten ausstatten. Wir freuen uns auf den Austausch mit Ihnen. <\/p>\n<h4>G\u00fcnstig und preiswert \u2013 manchmal macht auch der Preis den Unterschied<\/h4>\n<p>Z\u00e4hlen Sie beim Thema Sonnenschutz und Sicherheit auf den Fachmann. Nur ein Fachbetrieb kennt die unterschiedlichen M\u00f6glichkeiten, wie Sie g\u00fcnstig und preiswert, gleichzeitig qualitativ hochwertig einen tadellosen Sonnenschutz erreichen. Qualit\u00e4tsbewusst, g\u00fcnstig und preiswert: Wir empfehlen uns als spezialisiertes Fachunternehmen im norddeutschen Raum. Unsere langj\u00e4hrige Erfahrung zeichnet uns aus.<\/p>","popseo_links":"<a href=\"https:\/\/www.kaduk-bauelemente.de\/leistungen\/terrassenueberdachungen-aus-aluminium-buechen\/\">Terrassen\u00fcberdachungen aus Aluminium B\u00fcchen<\/a>, <a href=\"https:\/\/www.kaduk-bauelemente.de\/leistungen\/garagentore-stelle\/\">Garagentore Stelle<\/a>, <a href=\"https:\/\/www.kaduk-bauelemente.de\/leistungen\/fenster-geesthacht\/\">Fenster Geesthacht<\/a>, <a href=\"https:\/\/www.kaduk-bauelemente.de\/leistungen\/tueren-boizenburg\/\">T\u00fcren Boizenburg<\/a>, <a href=\"https:\/\/www.kaduk-bauelemente.de\/leistungen\/holzfenster-tostedt-sittensen\/\">Holzfenster Tostedt Sittensen<\/a>, <a href=\"https:\/\/www.kaduk-bauelemente.de\/leistungen\/terrassenueberdachungen-aus-aluminium-tostedt-sittensen\/\">Terrassen\u00fcberdachungen aus Aluminium Tostedt Sittensen<\/a>, <a href=\"https:\/\/www.kaduk-bauelemente.de\/leistungen\/rolltore-boizenburg\/\">Rolltore Boizenburg<\/a>, <a href=\"https:\/\/www.kaduk-bauelemente.de\/leistungen\/sektionaltore-adendorf\/\">Sektionaltore Adendorf<\/a>, <a href=\"https:\/\/www.kaduk-bauelemente.de\/leistungen\/garagentore-schwarzenbek\/\">Garagentore Schwarzenbek<\/a>, <a href=\"https:\/\/www.kaduk-bauelemente.de\/leistungen\/terrassenueberdachungen-aus-holz-herzogtum-lauenburg\/\">Terrassen\u00fcberdachungen aus Holz Herzogtum Lauenburg<\/a>, <a href=\"https:\/\/www.kaduk-bauelemente.de\/leistungen\/garagentore-buchholz\/\">Garagentore Buchholz<\/a>, <a href=\"https:\/\/www.kaduk-bauelemente.de\/leistungen\/aussenjalousien-geesthacht\/\">Au\u00dfenjalousien Geesthacht<\/a>, <a href=\"https:\/\/www.kaduk-bauelemente.de\/leistungen\/terrassendaecher-aus-holz-bienenbuettel\/\">Terrassend\u00e4cher aus Holz Bienenb\u00fcttel<\/a>, <a href=\"https:\/\/www.kaduk-bauelemente.de\/leistungen\/zaunbau-hanstedt\/\">Zaunbau Hanstedt<\/a>, <a href=\"https:\/\/www.kaduk-bauelemente.de\/leistungen\/terrassendaecher-aus-aluminium-seevetal-rosengarten\/\">Terrassend\u00e4cher aus Aluminium Seevetal Rosengarten<\/a>, <a href=\"https:\/\/www.kaduk-bauelemente.de\/leistungen\/haustueren-hanstedt\/\">Haust\u00fcren Hanstedt<\/a>, <a href=\"https:\/\/www.kaduk-bauelemente.de\/leistungen\/fliegengitter-hanstedt\/\">Fliegengitter Hanstedt<\/a>, <a href=\"https:\/\/www.kaduk-bauelemente.de\/leistungen\/insektenschutz-uelzen\/\">Insektenschutz Uelzen<\/a>, <a href=\"https:\/\/www.kaduk-bauelemente.de\/leistungen\/garagen-maschen\/\">Garagen Maschen<\/a>, <a href=\"https:\/\/www.kaduk-bauelemente.de\/leistungen\/sektionaltore-herzogtum-lauenburg\/\">Sektionaltore Herzogtum Lauenburg<\/a>, <a href=\"https:\/\/www.kaduk-bauelemente.de\/leistungen\/holzfenster-bardowick\/\">Holzfenster Bardowick<\/a>, <a href=\"https:\/\/www.kaduk-bauelemente.de\/leistungen\/fliegengitter-winsen-luhe\/\">Fliegengitter Winsen Luhe<\/a>, <a href=\"https:\/\/www.kaduk-bauelemente.de\/leistungen\/insektenschutz-winsen-luhe\/\">Insektenschutz Winsen Luhe<\/a>, <a href=\"https:\/\/www.kaduk-bauelemente.de\/leistungen\/kunststofffenster-reinbek-glinde\/\">Kunststofffenster Reinbek Glinde<\/a>, <a href=\"https:\/\/www.kaduk-bauelemente.de\/leistungen\/holzfenster-maschen\/\">Holzfenster Maschen<\/a>, <a href=\"https:\/\/www.kaduk-bauelemente.de\/leistungen\/rolllaeden-reppenstedt\/\">Rolll\u00e4den Reppenstedt<\/a>"},"_links":{"self":[{"href":"https:\/\/www.kaduk-bauelemente.de\/leistungen\/wp-json\/wp\/v2\/pages\/4436","targetHints":{"allow":["GET"]}}],"collection":[{"href":"https:\/\/www.kaduk-bauelemente.de\/leistungen\/wp-json\/wp\/v2\/pages"}],"about":[{"href":"https:\/\/www.kaduk-bauelemente.de\/leistungen\/wp-json\/wp\/v2\/types\/page"}],"author":[{"embeddable":true,"href":"https:\/\/www.kaduk-bauelemente.de\/leistungen\/wp-json\/wp\/v2\/users\/1"}],"replies":[{"embeddable":true,"href":"https:\/\/www.kaduk-bauelemente.de\/leistungen\/wp-json\/wp\/v2\/comments?post=4436"}],"version-history":[{"count":0,"href":"https:\/\/www.kaduk-bauelemente.de\/leistungen\/wp-json\/wp\/v2\/pages\/4436\/revisions"}],"wp:attachment":[{"href":"https:\/\/www.kaduk-bauelemente.de\/leistungen\/wp-json\/wp\/v2\/media?parent=4436"}],"curies":[{"name":"wp","href":"https:\/\/api.w.org\/{rel}","templated":true}]}}