{"id":4434,"date":"2021-08-25T12:19:13","date_gmt":"2021-08-25T10:19:13","guid":{"rendered":"https:\/\/www.kaduk-bauelemente.de\/leistungen\/markisen-stelle\/"},"modified":"2021-08-25T12:19:13","modified_gmt":"2021-08-25T10:19:13","slug":"markisen-stelle","status":"publish","type":"page","link":"https:\/\/www.kaduk-bauelemente.de\/leistungen\/markisen-stelle\/","title":{"rendered":"Markisen &#8211; Stelle"},"content":{"rendered":"<h3>Markisen \u2013 nutzbringend und attraktiv!<\/h3>\n<p>Markisen dienen als wirksamer Regen-, Blend- oder Sonnenschutz. Die Markisen werden zusammen mit einem speziellen Gestell zur Aufbewahrung und Bedienung in der Regel \u00fcber einem Fenster oder einer T\u00fcr montiert. Im Spezialgesch\u00e4ft bekommt man die sog. Roll-Markisen, die Falt-Markisen sowie die Fest-Markisen. Bei den zuerst genannten Markisen l\u00e4sst sich die Bespannung mittels einer Tuchwelle aufwickeln. Die zweite Produktart rafft den Stoff beim Aus- oder Einfahren und die festverbauten Markisen schlie\u00dflich bleiben in der Form nicht ver\u00e4nderbar. Lieferbar sind die Markisen mit Gelenkarm und als sogenannte Kassettenmarkisen. Als Standard verf\u00fcgen die Markisen \u00fcber eine wetterfeste Bespannung. <\/p>\n<p>In unserem qualit\u00e4tsbewussten Fachunternehmen finden Sie f\u00fcr jeden Einsatzwunsch eine zweckm\u00e4\u00dfge und h\u00fcbsche Markise. Selbstverst\u00e4ndlich f\u00fchren wir Markisen in s\u00e4mtlichen Formen, Farben und Designs. Ihr pers\u00f6nlicher Geschmack gibt die Richtung vor! Passende Anwendungsbeispiele halten wir f\u00fcr Fenster, Winterg\u00e4rten und Fassaden bereit. <\/p>\n<h3>Markisen \u2013 besuchen Sie unsere Ausstellung!<\/h3>\n<p>Im Sommer werden die Markisen st\u00e4ndig als optisch gelungener Blendschutz verwendet. Als angenehmer Nutzen zeichnen sich die Markisen indes als fraglos effiziente W\u00e4rmeisolierung aus. Die Markisen spenden Beschattung und sch\u00fctzen zugleich die Innenr\u00e4ume eines Geb\u00e4udes vor \u00fcberm\u00e4\u00dfiger Hitze. Korrekt installiert, werden Sie langfristig Ihre Freude an den Markisen haben. Und ganz nebenbei: Die Markisen werten ein Wohn- oder Gesch\u00e4ftshaus des \u00f6fteren optisch ganz erheblich auf.<\/p>\n","protected":false},"excerpt":{"rendered":"<p>Markisen \u2013 nutzbringend und attraktiv! Markisen dienen als wirksamer Regen-, Blend- oder Sonnenschutz. Die Markisen werden zusammen mit einem speziellen Gestell zur Aufbewahrung und Bedienung in der Regel \u00fcber einem Fenster oder einer T\u00fcr montiert. Im Spezialgesch\u00e4ft bekommt man die sog. Roll-Markisen, die Falt-Markisen sowie die Fest-Markisen. Bei den zuerst genannten Markisen l\u00e4sst sich die [&hellip;]<\/p>\n","protected":false},"author":1,"featured_media":0,"parent":0,"menu_order":0,"comment_status":"closed","ping_status":"closed","template":"","meta":{"footnotes":""},"class_list":["post-4434","page","type-page","status-publish","hentry"],"meta_box":{"popseo_subtitel":"Wir sind Ihr Spezialist f\u00fcr Markisen in Stelle","popseo_subtitel2":"Markisen - unsere Fachleute beraten Sie","popseo_lasttitel":"Markisen: Gerne beantworten wir Ihre Fragen!","popseo_region":"Stelle","popseo_sachwort":"Markisen","popseo_noupdate":"","popseo_einleitungstext":"<p>Wenn es um Sicherheit und Sonnenschutz geht, sind Sie bei der Firma Kaduk genau an der richtigen Adresse. Seit Firmengr\u00fcndung sind wir Ihre lokalen Spezialisten f\u00fcr hochwertige Bauelemente. Zu unserem Produktsortiment z\u00e4hlen unter anderem Markisen, Terrassend\u00e4cher, Rolltore, T\u00fcren, Fenster, Au\u00dfenjalousien, Carports und Rolll\u00e4den. Wir \u00fcbernehmen Montage- und Reparaturarbeiten und zeigen Ihnen, wie Sie Ihre Immobilie mit zeitgem\u00e4\u00dfen Bauelementen ausstatten k\u00f6nnen. Nachfolgend haben wir erste Informationen f\u00fcr Sie notiert.<\/p>","popseo_schlusstext":"<p>Sehr gerne informieren wir Sie n\u00e4her \u00fcber unser Produkt- und Leistungsprogramm. Wir nennen Ihnen mit Vergn\u00fcgen auch ein paar Referenzen, die Ihnen einen Einblick in unsere Firment\u00e4tigkeit geben.<br \/>\nWir sind f\u00fcr Sie da. Rufen Sie uns doch einfach einmal an oder schreiben Sie uns eine schnelle E-Mail. Wir freuen uns auf den Kontakt zu Ihnen.<\/p>","popseo_stadttext":"<h3>Unser Vertriebsgebiet umfasst auch in|Dach- und Fassadensanierung in|Unsere Spezialisten kommen zu Ihnen nach} Stelle<\/h2>\n<p>Unser Einzugsgebiet umfasst auch Stelle. Durch unsere Gesch\u00e4ftst\u00e4tigkeit haben wir uns einen sehr guten \u00dcberblick \u00fcber die Stadtarchitektur der Gemeinden und St\u00e4dte unseres Vertriebsgebietes erarbeiten k\u00f6nnen. Wir f\u00fchlen uns der Region verpflichtet und freuen uns dar\u00fcber, auch unseren Anteil zur gesunden Infrastruktur der Gemeinde beizusteuern zu d\u00fcrfen.  <\/p>\n<h3>Lebensmittelpunkt Stelle<\/h3>\n<p>In der zum Kreis Harburg z\u00e4hlenden Gemeinde Stelle leben in Summe rund 11.000 Anwohner auf einer Gesamtfl\u00e4che von zirka 38 Quadratkilometer. Unmittelbar an Hamburg angrenzend, z\u00e4hlt Stelle zum sog. \u201eSpeckg\u00fcrtel\u201c der Elbmetropole. Die Bev\u00f6lkerungszahl mit 288 Einwohnern pro Quadratkilometer ist nicht sonderlich hoch, was die Stadt zu einer begehrten Wohngegend macht. Viele sch\u00f6ne Siedlungen mit einer schmucken Bebauung machen Stelle insbesondere f\u00fcr Familien attraktiv. Leben in einem fast d\u00f6rflichen Umfeld, dabei die Metropole direkt vor der Haust\u00fcr  \u2013 ein Lebensentwurf, der f\u00fcr sehr viele Menschen attraktiv ist. Ungez\u00e4hlte W\u00e4lder und Wiesen verleihen der Gemeinde einen zuweilen fast bukolischen Charakter. Das lokale Wirtschaftsleben von Stelle ist dominiert von kleinen und mittelst\u00e4ndigen Betrieben. <\/p>\n<p>Stelle ist f\u00fcr Pendler sehr gut geeignet. Wer seinen Arbeitsplatz in der Hansestadt Hamburg hat, genie\u00dft das eher beschauliche Leben in der Peripherie. Stelle verf\u00fcgt \u00fcber zahlreiche sch\u00f6ne Wohnviertel, die von einer angenehmen Einzelhausbebauung bestimmt sind. <\/p>\n<h4>Wir f\u00fcr Sie in Stelle!<\/h4>\n<p>Gerne werden wir auch f\u00fcr Sie im Raum Stelle t\u00e4tig. D\u00fcrfen wir Sie detailliert beraten? Kontaktieren sie uns per Telefon oder schicken Sie uns eine eMail. Wir freuen uns auf Sie! Hand in Hand arbeitet das perfekt eingespielte Team unseres Fachbetriebes \u2013 zielorientiert und immer fachlich versiert.<\/p>","popseo_zusatztext":"<h3>Kaduk Bauelemente ist Ihr Fachbetrieb f\u00fcr Sonnen- und Sichtschutz<\/h3>\n<p>Vertrauen Sie bei Sonnenschutz und Sicherheit unbedingt auf die fachliche Leistung vom Fachbetrieb. Nur ein Fachbetrieb kennt die Tipps und Tricks, wie man zu einem fachgerechten Ergebnis kommt. Um sich mit Fug und Recht als Fachbetrieb bezeichnen zu d\u00fcrfen, braucht es eine qualifizierte Ausbildung der Mitarbeiter und eine langj\u00e4hrige Berufserfahrung.  <\/p>\n<p>Unsere Unternehmung empfiehlt sich als Ihr erfahrener Fachbetrieb f\u00fcr Sicherheit und Sonnenschutz. Setzen Sie auf Qualit\u00e4t und schenken Sie unserem Fachbetrieb Ihr Vertrauen. Wir bieten Ihnen u.a. hervorragende Markisen und Rolll\u00e4den und legen allerh\u00f6chsten Wert auf einen indivduellen Service. Schon seit vielen Jahren sind wir spezialisierter Fachbetrieb f\u00fcr Terrassend\u00e4cher, Markisen, Rolll\u00e4den und Au\u00dfenjalousien im Raum L\u00fcneburg. Es ist uns ein Anliegen, dass Sie \u00fcber lange Zeit viel Freude an Ihrem Sicht und Sonnenschutz haben. Von einem Fachbetrieb d\u00fcrfen Sie nat\u00fcrlich eine absolute Top-Leistung erwarten.<\/p>\n<h3>Dirk Kaduk Bauelemente \u2013 Ihr Fachbetrieb f\u00fcr Sicherheit und Sonnenschutz<\/h3>\n<p>Als Fachbetrieb darf sich eine Firma bezeichnen, deren Angestellte \u00fcber nachweisbare Qualifikationen verf\u00fcgen. Dies ist zum Beispiel eine entsprechende Ausbildung oder ein Meisterbrief. Au\u00dferdem zeichnet eine intensive praktische Erfahrung einen Fachbetrieb aus. Bereits seit vielen Jahren konzentrieren wir uns als spezialisiertes Unternehmen auf Sonnenschutz und Sicherheit von H\u00e4usern. In diesen langen Jahren haben wir uns das Attribut Fachbetrieb ganz sicher erarbeitet. Wir nutzen lediglich hervorragende Produkte. Hierbei achten wir immer auf ein perfektes Preis-Leistungsverh\u00e4ltnis. Unser Credo als Fachbetrieb: Wir bieten Ihnen Top-Leistung zu einem fairen Preis.<\/p>","popseo_links":"<a href=\"https:\/\/www.kaduk-bauelemente.de\/leistungen\/terrassenueberdachungen-aus-holz-reppenstedt\/\">Terrassen\u00fcberdachungen aus Holz Reppenstedt<\/a>, <a href=\"https:\/\/www.kaduk-bauelemente.de\/leistungen\/insektenschutz-bispingen\/\">Insektenschutz Bispingen<\/a>, <a href=\"https:\/\/www.kaduk-bauelemente.de\/leistungen\/terrassendaecher-aus-holz-seevetal-rosengarten\/\">Terrassend\u00e4cher aus Holz Seevetal Rosengarten<\/a>, <a href=\"https:\/\/www.kaduk-bauelemente.de\/leistungen\/kunststofffenster-boizenburg\/\">Kunststofffenster Boizenburg<\/a>, <a href=\"https:\/\/www.kaduk-bauelemente.de\/leistungen\/zaunbau-amelinghausen\/\">Zaunbau Amelinghausen<\/a>, <a href=\"https:\/\/www.kaduk-bauelemente.de\/leistungen\/insektenschutz-bardowick\/\">Insektenschutz Bardowick<\/a>, <a href=\"https:\/\/www.kaduk-bauelemente.de\/leistungen\/haustueren-hanstedt\/\">Haust\u00fcren Hanstedt<\/a>, <a href=\"https:\/\/www.kaduk-bauelemente.de\/leistungen\/garagen-bienenbuettel\/\">Garagen Bienenb\u00fcttel<\/a>, <a href=\"https:\/\/www.kaduk-bauelemente.de\/leistungen\/rolltore-jesteburg\/\">Rolltore Jesteburg<\/a>, <a href=\"https:\/\/www.kaduk-bauelemente.de\/leistungen\/tueren-buchholz\/\">T\u00fcren Buchholz<\/a>, <a href=\"https:\/\/www.kaduk-bauelemente.de\/leistungen\/raffstores-adendorf\/\">Raffstores Adendorf<\/a>, <a href=\"https:\/\/www.kaduk-bauelemente.de\/leistungen\/tueren-stelle\/\">T\u00fcren Stelle<\/a>, <a href=\"https:\/\/www.kaduk-bauelemente.de\/leistungen\/fliegengitter-harburg\/\">Fliegengitter Harburg<\/a>, <a href=\"https:\/\/www.kaduk-bauelemente.de\/leistungen\/holzfenster-jesteburg\/\">Holzfenster Jesteburg<\/a>, <a href=\"https:\/\/www.kaduk-bauelemente.de\/leistungen\/rolllaeden-jesteburg\/\">Rolll\u00e4den Jesteburg<\/a>, <a href=\"https:\/\/www.kaduk-bauelemente.de\/leistungen\/garagentore-ebstorf\/\">Garagentore Ebstorf<\/a>, <a href=\"https:\/\/www.kaduk-bauelemente.de\/leistungen\/aussenjalousien-amelinghausen\/\">Au\u00dfenjalousien Amelinghausen<\/a>, <a href=\"https:\/\/www.kaduk-bauelemente.de\/leistungen\/raffstores-boizenburg\/\">Raffstores Boizenburg<\/a>, <a href=\"https:\/\/www.kaduk-bauelemente.de\/leistungen\/zaunbau-boizenburg\/\">Zaunbau Boizenburg<\/a>, <a href=\"https:\/\/www.kaduk-bauelemente.de\/leistungen\/sektionaltore-harburg\/\">Sektionaltore Harburg<\/a>, <a href=\"https:\/\/www.kaduk-bauelemente.de\/leistungen\/fliegengitter-reppenstedt\/\">Fliegengitter Reppenstedt<\/a>, <a href=\"https:\/\/www.kaduk-bauelemente.de\/leistungen\/terrassendaecher-aus-aluminium-boizenburg\/\">Terrassend\u00e4cher aus Aluminium Boizenburg<\/a>, <a href=\"https:\/\/www.kaduk-bauelemente.de\/leistungen\/raffstores-buchholz\/\">Raffstores Buchholz<\/a>, <a href=\"https:\/\/www.kaduk-bauelemente.de\/leistungen\/zaunbau-hanstedt\/\">Zaunbau Hanstedt<\/a>, <a href=\"https:\/\/www.kaduk-bauelemente.de\/leistungen\/carports-maschen\/\">Carports Maschen<\/a>, <a href=\"https:\/\/www.kaduk-bauelemente.de\/leistungen\/rolltore-bispingen\/\">Rolltore Bispingen<\/a>"},"_links":{"self":[{"href":"https:\/\/www.kaduk-bauelemente.de\/leistungen\/wp-json\/wp\/v2\/pages\/4434","targetHints":{"allow":["GET"]}}],"collection":[{"href":"https:\/\/www.kaduk-bauelemente.de\/leistungen\/wp-json\/wp\/v2\/pages"}],"about":[{"href":"https:\/\/www.kaduk-bauelemente.de\/leistungen\/wp-json\/wp\/v2\/types\/page"}],"author":[{"embeddable":true,"href":"https:\/\/www.kaduk-bauelemente.de\/leistungen\/wp-json\/wp\/v2\/users\/1"}],"replies":[{"embeddable":true,"href":"https:\/\/www.kaduk-bauelemente.de\/leistungen\/wp-json\/wp\/v2\/comments?post=4434"}],"version-history":[{"count":0,"href":"https:\/\/www.kaduk-bauelemente.de\/leistungen\/wp-json\/wp\/v2\/pages\/4434\/revisions"}],"wp:attachment":[{"href":"https:\/\/www.kaduk-bauelemente.de\/leistungen\/wp-json\/wp\/v2\/media?parent=4434"}],"curies":[{"name":"wp","href":"https:\/\/api.w.org\/{rel}","templated":true}]}}