{"id":4431,"date":"2021-08-25T12:19:13","date_gmt":"2021-08-25T10:19:13","guid":{"rendered":"https:\/\/www.kaduk-bauelemente.de\/leistungen\/markisen-salzhausen\/"},"modified":"2021-08-25T12:19:13","modified_gmt":"2021-08-25T10:19:13","slug":"markisen-salzhausen","status":"publish","type":"page","link":"https:\/\/www.kaduk-bauelemente.de\/leistungen\/markisen-salzhausen\/","title":{"rendered":"Markisen &#8211; Salzhausen"},"content":{"rendered":"<h3>Markisen &#8211; eine gute  Investition<\/h3>\n<p>Markisen dienen als hervorragender Sonnen-, Regen- oder Blendschutz. Die Markisen werden zusammen mit einem passenden Metallgestell zur Aufbewahrung und Bedienung zumeist \u00fcber einem Fenster beziehungsweise einer T\u00fcr angebracht. Im Fachhandel bekommt man die sogenannten Roll-Markisen, die Falt-Markisen sowie die Fest-Markisen. Bei den zuerst genannten Markisen kann man die Bespannung mit Hilfe einer Welle aufrollen. Die zweite Produktart rafft das Tuch beim Ein- oder Ausfahren und die festverbauten Markisen schlu\u00dfendlich bleiben in der Form nicht ver\u00e4nderbar. Erh\u00e4ltlich sind die Markisen mit Gelenkarm sowie als so bezeichnete Kassettenmarkisen. Regelm\u00e4\u00dfg verf\u00fcgen die Markisen \u00fcber eine witterungsbest\u00e4ndige Bespannung. <\/p>\n<p>In unserem qualit\u00e4tsbewussten Fachunternehmen finden Sie f\u00fcr jeden Wunsch eine praktische und formsch\u00f6ne Markise. Nat\u00fcrlich haben wir Markisen in allen Designs, Farben und Formen. Ihr pers\u00f6nlicher Wohnstil gibt die Auswahl vor! Individuelle Musterl\u00f6sungen halten wir f\u00fcr Fenster, Winterg\u00e4rten und Fassaden bereit. <\/p>\n<h3>Wir informieren Sie \u00fcber Markisen!<\/h3>\n<p>In den Sommermonaten werden die Markisen regelm\u00e4\u00dfg als optisch sch\u00f6ner Blendschutz verwendet. Als zus\u00e4tzlicher Nebeneffekt zeichnen sich die Markisen aber auch als absolut effektive Isolierung aus. Die Markisen geben Beschattung und sch\u00fctzen auch den Innenraum eines Wohn- oder Gesch\u00e4ftsgeb\u00e4udes vor gro\u00dfer Hitze. Fachm\u00e4nnisch installiert, werden Sie auf lange Zeit Ihren Nutzen an den Markisen haben. Und mal nebenbei: Die Markisen werten ein Haus mitunter optisch ganz entscheidend auf.<\/p>\n","protected":false},"excerpt":{"rendered":"<p>Markisen &#8211; eine gute Investition Markisen dienen als hervorragender Sonnen-, Regen- oder Blendschutz. Die Markisen werden zusammen mit einem passenden Metallgestell zur Aufbewahrung und Bedienung zumeist \u00fcber einem Fenster beziehungsweise einer T\u00fcr angebracht. Im Fachhandel bekommt man die sogenannten Roll-Markisen, die Falt-Markisen sowie die Fest-Markisen. Bei den zuerst genannten Markisen kann man die Bespannung mit [&hellip;]<\/p>\n","protected":false},"author":1,"featured_media":0,"parent":0,"menu_order":0,"comment_status":"closed","ping_status":"closed","template":"","meta":{"footnotes":""},"class_list":["post-4431","page","type-page","status-publish","hentry"],"meta_box":{"popseo_subtitel":"Wir sind Ihr Fachbetrieb f\u00fcr Markisen im Raum Salzhausen","popseo_subtitel2":"Markisen - unsere Spezialisten kennen sich aus!","popseo_lasttitel":"Markisen: F\u00fcr weitere Informationen sprechen Sie uns bitte an","popseo_region":"Salzhausen","popseo_sachwort":"Markisen","popseo_noupdate":"","popseo_einleitungstext":"<p>Wenn es um Sicherheit und Sonnenschutz geht, sind Sie bei der Firma Kaduk genau an der richtigen Adresse. Seit Firmengr\u00fcndung sind wir Ihre lokalen Experten f\u00fcr qualitativ hochwertige Bauelemente. Zu unserem Produktsortiment z\u00e4hlen zum Beispiel Markisen, Rolltore, Terrassend\u00e4cher, Au\u00dfenjalousien, Fenster, T\u00fcren, Carports und Rolll\u00e4den. Wir erledigen Montage- und Reparaturarbeiten und zeigen Ihnen Wege auf, wie Sie Ihre Wohn- oder Gesch\u00e4ftsgeb\u00e4ude mit modernen Bauelementen ausstatten k\u00f6nnen. Im Folgenden haben wir erste Informationen f\u00fcr Sie zusammengetragen.<\/p>","popseo_schlusstext":"<p>H\u00f6chste Anspr\u00fcche an unsere eigenen Leistungen sind f\u00fcr uns selbstverst\u00e4ndlich. Know-how, Zuverl\u00e4ssigkeit und Fachkompetenz sorgen f\u00fcr erfolgreiche Sonnenschutz- und Sicherheitsprojekte zum Vorteil unserer Kunden. Die Zufriedenheit unserer Kunden steht f\u00fcr uns immer im Vordergrund}. Unsere Experten freuen sich \u00fcber Ihre Kontaktaufnahme, unabh\u00e4ngig davon ob per Anruf oder Mail.<\/p>","popseo_stadttext":"<h3>Unser Leistungsprogramm f\u00fcr Kunden aus Salzhausen<\/h3>\n<p>Sie kommen aus Salzhausen und sind hier im Internet auf unsere Website gesto\u00dfen? Das finden wir toll. Sehr gerne pr\u00e4sentieren wir Ihnen unser komplettes Leistungsspektrum und beantworten Ihre Fragen. Durch unsere Vertriebst\u00e4tigkeit haben wir uns einen ausgezeichneten \u00dcberblick \u00fcber die Architektur der Gemeinden und St\u00e4dte unseres Einzugsbereiches erarbeiten k\u00f6nnen. Nat\u00fcrlich geh\u00f6rt auch Salhausen zu unserem unmittelbaren Wirkungskreis. Wir freuen uns darauf, mit Ihnen ins Gespr\u00e4ch zu treten. <\/p>\n<h3>Einige Informationen zur Samtgemeinde Salzhausen<\/h3>\n<p>Rund 5.000 Einwohner wohnen in Salzhausen auf einer Fl\u00e4che von 34 qkm. Der speziell als Wohnstatt begehrte Ort gilt als echte Pendlerstadt. Von Salzhausen f\u00e4hrt man ins nahe Hamburg in gerade einmal 35 Minuten. Das lokale Mittelzentrum L\u00fcneburg ist lediglich 20 Kilometer entfernt. Salzhausen ist Teil der Metropolregion Hamburg und z\u00e4hlt organisatorisch zum Landkreis Harburg.<\/p>\n<p>Der beschauliche kleine Ort ist Verwaltungssitz der Samtgemeinde Salzhausen, einer Vereinigung von 13 kleineren Ortschaften und acht Mitgliedsgemeinden. Die Samtgemeinde Salzhausen z\u00e4hlt insgesamt rund 14.000 Einwohner und erstreckt sich \u00fcber eine Fl\u00e4che von zirka 148 km\u00b2. Einige der bekanntesten Ortschaften sind Eyendorf, Garlsdorf, G\u00f6denstorf, Garstedt, Toppenstedt und Luhm\u00fchlen. Salzhausen wie auch die \u00fcbrigen Ortschaften der Samtgemeinde sind besonders familiengerechte Wohnst\u00e4tten. Salzhausen gef\u00e4llt durch eine eher bukolische Anmutung. Ausgedehnte Naherholungsgebiete und landwirtschaftlich genutzte Fl\u00e4chen laden zur Erholung ein.<\/p>\n<h4>Hohe Qualit\u00e4t f\u00fcr Kunden aus Salzhausen<\/h4>\n<p>Das Leben in Salzhausen, Garlsdorf, Eyendorf, G\u00f6denstorf, Garstedt, Luhm\u00fchlen und Toppenstedt ist romantisch. Alle Orte der Samtgemeinde Salzhausen verf\u00fcgen \u00fcber sch\u00f6ne Wohngebiete, die besonders von einer ansprechenden Einzelhausbebauung gepr\u00e4gt sind. Sie interessieren sich f\u00fcr unser Leistungsangebot und haben deshalb unsere Homepage besucht? Dar\u00fcber freuen wir uns sehr. Unser freundliches Team nimmt gerne Ihren Anruf entgegen oder beantwortet Ihre E-Mail.<\/p>","popseo_zusatztext":"<h3>Kaduk Bauelemente ist Ihr Fachbetrieb f\u00fcr Sonnen- und Sichtschutz<\/h3>\n<p>Vertrauen Sie bei Sicherheit und Sonnenschutz auf jeden Fall auf die sachliche Leistung vom Fachbetrieb. Nur ein Fachbetrieb kennt die Tipps und Tricks, wie man zu einem sachgerechten Ergebnis kommt. Um sich mit Fug und Recht als Fachbetrieb bezeichnen zu d\u00fcrfen, braucht es eine anerkannte Ausbildung der Mitarbeiter und eine jahrelange Erfahrung.  <\/p>\n<p>Unser Fachbetrieb empfiehlt sich als Ihr fachkundiger Fachbetrieb f\u00fcr Sonnenschutz und Sicherheit. Setzen Sie auf Qualit\u00e4t und schenken Sie unserem Fachbetrieb Ihr Vertrauen. Wir bieten Ihnen unter anderem hochwertige Markisen und Rolll\u00e4den und legen massiv Wert auf einen sehr guten Service. Schon seit vielen Jahren sind wir spezialisierter Fachbetrieb f\u00fcr Markisen, Terrassend\u00e4cher, Rolll\u00e4den und Au\u00dfenjalousien im Raum L\u00fcneburg. Es ist uns wichtig, dass Sie viele Jahre viel Freude an Ihrem Sicht und Sonnenschutz haben. Von einem Fachbetrieb d\u00fcrfen Sie nat\u00fcrlich eine fehlerfreie Top-Leistung erwarten.<\/p>\n<h3>Sicht- und Sonnenschutz\u2013 ein Thema f\u00fcr den Fachbetrieb<\/h3>\n<p>Als Fachbetrieb darf sich ein Unternehmen bezeichnen, deren Mitarbeiter \u00fcber nachweisbare Qualifikationen verf\u00fcgen. Dies ist zum Beispiel eine entsprechende Berufsausbildung oder ein Meisterbrief. Dar\u00fcber hinaus zeichnet eine intensive praktische Erfahrung einen Fachbetrieb aus. Schon seit vielen Jahren konzentrieren wir uns als spezialisiertes Unternehmen auf Sicherheit und Sonnenschutz von Wohn- und Gesch\u00e4ftsgeb\u00e4uden. In diesen langen Jahren haben wir uns das Attribut Fachbetrieb sicher verdient. Wir nutzen lediglich hervorragende Produkte. Dabei achten wir immer auf ein sehr gutes Preis-Leistungsverh\u00e4ltnis. Unser Versprechen als Fachbetrieb: Wir bieten Ihnen hervorragende Qualit\u00e4t zu einem fairen Preis.<\/p>","popseo_links":"<a href=\"https:\/\/www.kaduk-bauelemente.de\/leistungen\/aussenjalousien-buchholz\/\">Au\u00dfenjalousien Buchholz<\/a>, <a href=\"https:\/\/www.kaduk-bauelemente.de\/leistungen\/terrassenueberdachungen-aus-aluminium-schwarzenbek\/\">Terrassen\u00fcberdachungen aus Aluminium Schwarzenbek<\/a>, <a href=\"https:\/\/www.kaduk-bauelemente.de\/leistungen\/raffstores-amt-neuhaus\/\">Raffstores Amt Neuhaus<\/a>, <a href=\"https:\/\/www.kaduk-bauelemente.de\/leistungen\/sektionaltore-bad-bevensen\/\">Sektionaltore Bad Bevensen<\/a>, <a href=\"https:\/\/www.kaduk-bauelemente.de\/leistungen\/aussenjalousien-adendorf\/\">Au\u00dfenjalousien Adendorf<\/a>, <a href=\"https:\/\/www.kaduk-bauelemente.de\/leistungen\/garagen-maschen\/\">Garagen Maschen<\/a>, <a href=\"https:\/\/www.kaduk-bauelemente.de\/leistungen\/zaeune-herzogtum-lauenburg\/\">Z\u00e4une Herzogtum Lauenburg<\/a>, <a href=\"https:\/\/www.kaduk-bauelemente.de\/leistungen\/sektionaltore-amt-neuhaus\/\">Sektionaltore Amt Neuhaus<\/a>, <a href=\"https:\/\/www.kaduk-bauelemente.de\/leistungen\/terrassenueberdachungen-aus-holz-tostedt-sittensen\/\">Terrassen\u00fcberdachungen aus Holz Tostedt Sittensen<\/a>, <a href=\"https:\/\/www.kaduk-bauelemente.de\/leistungen\/fliegengitter-seevetal-rosengarten\/\">Fliegengitter Seevetal Rosengarten<\/a>, <a href=\"https:\/\/www.kaduk-bauelemente.de\/leistungen\/garagentore-winsen-luhe\/\">Garagentore Winsen Luhe<\/a>, <a href=\"https:\/\/www.kaduk-bauelemente.de\/leistungen\/terrassenueberdachungen-aus-holz-winsen-luhe\/\">Terrassen\u00fcberdachungen aus Holz Winsen Luhe<\/a>, <a href=\"https:\/\/www.kaduk-bauelemente.de\/leistungen\/sektionaltore-salzhausen\/\">Sektionaltore Salzhausen<\/a>, <a href=\"https:\/\/www.kaduk-bauelemente.de\/leistungen\/tueren-bergedorf-wentorf\/\">T\u00fcren Bergedorf Wentorf<\/a>, <a href=\"https:\/\/www.kaduk-bauelemente.de\/leistungen\/insektenschutz-tostedt-sittensen\/\">Insektenschutz Tostedt Sittensen<\/a>, <a href=\"https:\/\/www.kaduk-bauelemente.de\/leistungen\/zaeune-hanstedt\/\">Z\u00e4une Hanstedt<\/a>, <a href=\"https:\/\/www.kaduk-bauelemente.de\/leistungen\/terrassenueberdachungen-aus-holz-uelzen\/\">Terrassen\u00fcberdachungen aus Holz Uelzen<\/a>, <a href=\"https:\/\/www.kaduk-bauelemente.de\/leistungen\/terrassendaecher-aus-holz-bad-bevensen\/\">Terrassend\u00e4cher aus Holz Bad Bevensen<\/a>, <a href=\"https:\/\/www.kaduk-bauelemente.de\/leistungen\/zaeune-schwarzenbek\/\">Z\u00e4une Schwarzenbek<\/a>, <a href=\"https:\/\/www.kaduk-bauelemente.de\/leistungen\/fliegengitter-lueneburg\/\">Fliegengitter L\u00fcneburg<\/a>, <a href=\"https:\/\/www.kaduk-bauelemente.de\/leistungen\/terrassenueberdachungen-aus-aluminium-boizenburg\/\">Terrassen\u00fcberdachungen aus Aluminium Boizenburg<\/a>, <a href=\"https:\/\/www.kaduk-bauelemente.de\/leistungen\/raffstores-buechen\/\">Raffstores B\u00fcchen<\/a>, <a href=\"https:\/\/www.kaduk-bauelemente.de\/leistungen\/rollladen-amt-neuhaus\/\">Rollladen Amt Neuhaus<\/a>, <a href=\"https:\/\/www.kaduk-bauelemente.de\/leistungen\/terrassendaecher-aus-aluminium-seevetal-rosengarten\/\">Terrassend\u00e4cher aus Aluminium Seevetal Rosengarten<\/a>, <a href=\"https:\/\/www.kaduk-bauelemente.de\/leistungen\/tueren-boizenburg\/\">T\u00fcren Boizenburg<\/a>, <a href=\"https:\/\/www.kaduk-bauelemente.de\/leistungen\/tueren-reinbek-glinde\/\">T\u00fcren Reinbek Glinde<\/a>"},"_links":{"self":[{"href":"https:\/\/www.kaduk-bauelemente.de\/leistungen\/wp-json\/wp\/v2\/pages\/4431","targetHints":{"allow":["GET"]}}],"collection":[{"href":"https:\/\/www.kaduk-bauelemente.de\/leistungen\/wp-json\/wp\/v2\/pages"}],"about":[{"href":"https:\/\/www.kaduk-bauelemente.de\/leistungen\/wp-json\/wp\/v2\/types\/page"}],"author":[{"embeddable":true,"href":"https:\/\/www.kaduk-bauelemente.de\/leistungen\/wp-json\/wp\/v2\/users\/1"}],"replies":[{"embeddable":true,"href":"https:\/\/www.kaduk-bauelemente.de\/leistungen\/wp-json\/wp\/v2\/comments?post=4431"}],"version-history":[{"count":0,"href":"https:\/\/www.kaduk-bauelemente.de\/leistungen\/wp-json\/wp\/v2\/pages\/4431\/revisions"}],"wp:attachment":[{"href":"https:\/\/www.kaduk-bauelemente.de\/leistungen\/wp-json\/wp\/v2\/media?parent=4431"}],"curies":[{"name":"wp","href":"https:\/\/api.w.org\/{rel}","templated":true}]}}