{"id":4429,"date":"2021-08-25T12:19:04","date_gmt":"2021-08-25T10:19:04","guid":{"rendered":"https:\/\/www.kaduk-bauelemente.de\/leistungen\/markisen-reinbek-glinde\/"},"modified":"2021-08-25T12:19:04","modified_gmt":"2021-08-25T10:19:04","slug":"markisen-reinbek-glinde","status":"publish","type":"page","link":"https:\/\/www.kaduk-bauelemente.de\/leistungen\/markisen-reinbek-glinde\/","title":{"rendered":"Markisen &#8211; Reinbek Glinde"},"content":{"rendered":"<h3>Passende Markisen erh\u00f6hen den Wohnwert<\/h3>\n<p>Markisen fungieren als hervorragender Regen-, Blend- oder Sonnenschutz. Die Markisen werden in Verbindung mit einem speziellen Gestell zur Aufbewahrung und Bedienung meistens \u00fcber einem Fenster oder einer T\u00fcr angeschraubt. Im Spezialgesch\u00e4ft erh\u00e4lt man die sogenannten Roll-Markisen, die Falt-Markisen und die Fest-Markisen. Bei den erstgenannten Markisen l\u00e4sst sich die Bespannung mit Hilfe einer Welle aufrollen. Die zweite Produktart rafft das Tuch beim Ein- oder Ausfahren und die festverbauten Markisen schlu\u00dfendlich sind in der Form nicht ver\u00e4nderbar. Lieferbar sind die Markisen mit einem Gelenkarm und als so bezeichnete Kassettenmarkisen. Als Standard verf\u00fcgen die Markisen \u00fcber eine witterungsbest\u00e4ndige Bespannung. <\/p>\n<p>In unserem etablierten Fachgesch\u00e4ft finden Sie f\u00fcr jeden Einsatzwunsch eine praktische und h\u00fcbsche Markise. Selbstverst\u00e4ndlich haben wir Markisen in s\u00e4mtlichen Designs, Formen und Farben. Ihr individueller Wohnstil gibt die Richtung vor! Passende Anwendungsbeispiele halten wir f\u00fcr Winterg\u00e4rten, Fenster und Fassaden bereit. <\/p>\n<h3>Markisen \u2013 besuchen Sie unsere Ausstellung!<\/h3>\n<p>W\u00e4hrend des Sommers werden die Markisen oft als optisch gelungener Blendschutz verwendet. Als angenehmer Effekt zeichnen sich die Markisen indes als durchaus wirksame W\u00e4rmeisolierung aus. Die Markisen spenden Beschattung und sch\u00fctzen auch die Innenr\u00e4ume eines Wohn- oder Gesch\u00e4ftsgeb\u00e4udes vor \u00fcberm\u00e4\u00dfiger Hitze. Richtig montiert, werden Sie langfristig Ihre Freude an den Markisen haben. Und ganz nebenbei: Die Markisen werten ein Geb\u00e4ude des \u00f6fteren optisch ganz erheblich auf.<\/p>\n","protected":false},"excerpt":{"rendered":"<p>Passende Markisen erh\u00f6hen den Wohnwert Markisen fungieren als hervorragender Regen-, Blend- oder Sonnenschutz. Die Markisen werden in Verbindung mit einem speziellen Gestell zur Aufbewahrung und Bedienung meistens \u00fcber einem Fenster oder einer T\u00fcr angeschraubt. Im Spezialgesch\u00e4ft erh\u00e4lt man die sogenannten Roll-Markisen, die Falt-Markisen und die Fest-Markisen. Bei den erstgenannten Markisen l\u00e4sst sich die Bespannung mit [&hellip;]<\/p>\n","protected":false},"author":1,"featured_media":0,"parent":0,"menu_order":0,"comment_status":"closed","ping_status":"closed","template":"","meta":{"footnotes":""},"class_list":["post-4429","page","type-page","status-publish","hentry"],"meta_box":{"popseo_subtitel":"Wir sind Ihr Spezialist f\u00fcr Markisen im Raum Reinbek Glinde","popseo_subtitel2":"Markisen - von den Experten unserer Firma","popseo_lasttitel":"Markisen: Wir beantworten Ihre Fragen!","popseo_region":"Reinbek Glinde","popseo_sachwort":"Markisen","popseo_noupdate":"","popseo_einleitungstext":"<p>Sie wollen Ihre Immobilie mit modernen Bauelementen ausstatten lassen interessieren sich f\u00fcr unser Leistungs- und Produktangebot? Wunderbar, dann sind Sie auf dieser Seite an der richtigen Adresse. Unser Produktportfolio umfasst unter anderem Terrassend\u00e4cher, Markisen, Rolltore, T\u00fcren, Au\u00dfenjalousien, Fenster, Carports und Rolll\u00e4den. Als auf Sicherheit und Sonnenschutz spezialisiertes Unternehmen \u00fcbernehmen wir vor allem auch Montage- und Reparaturarbeiten. Erfahren Sie auf dieser und den nachfolgenden Seiten mehr \u00fcber uns und unser Angebot. Ihr Interesse freut uns sehr.<\/p>","popseo_schlusstext":"<p>Wenn Sie mehr wissen m\u00f6chten, informieren wir Sie n\u00e4her \u00fcber unser Produkt- und Leistungsprogramm. Wir zeigen Ihnen mit Vergn\u00fcgen auch ein paar Projekte, die Ihnen einen Einblick in unsere T\u00e4tigkeit geben.<br \/>\nDie Fachleute der Firma Kaduk sind gerne f\u00fcr Sie im Einsatz. Rufen Sie uns doch einfach einmal an oder schreiben Sie uns eine kurze E-Mail. Wir freuen uns auf den Kontakt zu Ihnen.<\/p>","popseo_stadttext":"<h3>Zufriedene Kunden haben wir auch in Reinbek und Glinde<\/h3>\n<p>Wir arbeiten f\u00fcr Kunden aus Reinbek und Glinde. Durch unsere Gesch\u00e4ftst\u00e4tigkeit haben wir uns einen ausgezeichneten \u00dcberblick \u00fcber die Stadtarchitektur der Gemeinden und St\u00e4dte unseres Einzugsbereiches machen k\u00f6nnen. Nat\u00fcrlich z\u00e4hlt auch Reinbek zu unserem unmittelbaren Gesch\u00e4ftsgebiet. Wir freuen uns darauf, mit Ihnen in Kontakt zu kommen. <\/p>\n<h3>Leben und Arbeiten in Reinbek und Glinde<\/h3>\n<p>Die schleswig-holsteinische Stadt Reinbek ist eine Gemeinde im Landkreis Stormarn. Aktuell z\u00e4hlt Reinbek gut 26.000 Einwohner. Das Stadtgebiet erstreckt sich \u00fcber eine Fl\u00e4che von circa 31 Quadratkilometer. Reinbek rechnet man zur Metropolregion Hamburg und liegt knapp 20 Kilometer \u00f6stlich der Hansestadt. Die Stadt Reinbek geh\u00f6rt \u00fcber die S21 zum Hamburger Verkehrsverbund. Der kurze Fahrweg von knapp 25 Minuten macht Reinbek in erster Line reizvoll f\u00fcr Arbeitnehmer, die nach Hamburg pendeln m\u00fcssen. Wer seinen Arbeitgeber in Gro\u00dfstadt Hamburg hat, genie\u00dft in Reinbek das Beste aus zwei Welten: Die rege Betriebsamkeit der Hansestadt findet in der ruhigen Wohnstatt von Reinbek seinen reizvollen Kontrast. <\/p>\n<p>Die Stadt Glinde liegt im S\u00fcden von Schleswig-Holstein, im Bereich der Metropolregion Hamburg, \u00fcber 20 Kilometer s\u00fcd\u00f6stlich vom Hamburger Stadtkern entfernt. Aufgrund der au\u00dferordentlich guten Infrastruktur hat sich Glinde zu einem idealen Lebensmittelpunkt f\u00fcr Familien entwickelt, obwohl bereits mehr als die H\u00e4lfte der Stadtfl\u00e4che von Glinde landwirtschaftlich genutzt wird oder aus Park- oder Wasserfl\u00e4chen besteht. Rund 33% der Gesamtfl\u00e4che stehen in Glinde f\u00fcr Wohnzwecke zur Verf\u00fcgung.  <\/p>\n<h3>Reinbek und Glinde haben Charme!<\/h3>\n<p>Das Stadtbild Reinbeks besteht vor allem aus vielen Einfamilen- und Doppelh\u00e4usern, welche ihren Bewohnern einen hohen Wohnkomfort gew\u00e4hrleisten. Reinbek zeichnet sich neben der hohen Wohnqualit\u00e4t zus\u00e4tzlich durch seine gro\u00dfe wirtschaftliche Produktivit\u00e4t aus. Wer das Auto bevorzugt, findet in Reinbek ebenfalls gute Bedingungen: Die Autobahnen A24 und A1 sowie die Bundesstra\u00dfe B5 befinden sich in der N\u00e4he von Reinbek. Auf der Landstra\u00dfe gelangt man \u00fcber Neusch\u00f6nningstedt nach Reinbek. <\/p>\n<h4>Privat- und Gesch\u00e4ftskunden aus Reinbek und Glinde sch\u00e4tzen unsere Leistungen!<\/h4>\n<p>Toll, das Sie unsere Internetseite entdeckt haben. Wenn Sie ein Fachunternehmen suchen, sind Sie bei uns richtig. Sie m\u00f6chten mehr \u00fcber uns erfahren? F\u00fcr R\u00fcckfragen stehen wir Ihnen jederzeit zur Verf\u00fcgung. Unser freundliches Team freut sich auf Sie.<\/p>","popseo_zusatztext":"<h3>Kaduk Bauelemente \u2013 Ihr Fachbetrieb f\u00fcr Sicht- und Sonnenschutz<\/h3>\n<p>Setzen Sie in Sachen Sicherheit und Sonnenschutz auf jeden Fall auf die fachspezifische Leistung vom Fachbetrieb. Nur ein Fachbetrieb kennt die Alternativen, wie man zu einem sehr guten Ergebnis kommt. Um sich mit Fug und Recht als Fachbetrieb bezeichnen zu d\u00fcrfen, braucht es eine qualifizierte Ausbildung der Mitarbeiter und eine langj\u00e4hrige Fachkenntnis.  <\/p>\n<p>Unsere Unternehmung empfiehlt sich als Ihr kompetenter Fachbetrieb f\u00fcr Sicherheit und Sonnenschutz. Setzen Sie auf Qualit\u00e4t und schenken Sie unserem Fachbetrieb Ihr Vertrauen. Wir bieten Ihnen z.B. qualitativ ausgezeichnete Rolll\u00e4den und Markisen und legen h\u00f6chsten Wert auf einen sehr guten Service. Schon seit vielen Jahren sind wir spezialisierter Fachbetrieb f\u00fcr Terrassend\u00e4cher, Markisen, Rolll\u00e4den und Au\u00dfenjalousien im Raum L\u00fcneburg. Es ist uns ein Anliegen, dass Sie viele Jahre viel Freude an Ihrem Sicht und Sonnenschutz haben. Von einem Fachbetrieb d\u00fcrfen Sie ohne Wenn und Aber eine fehlerfreie Top-Leistung erwarten.<\/p>\n<h3>Auf einen Fachbetrieb ist Verlass<\/h3>\n<p>Als Fachbetrieb darf sich eine Unternehmung bezeichnen, deren Angestellte \u00fcber dokumentierte Qualifikationen verf\u00fcgen. Dies ist unter anderem eine entsprechende Ausbildung oder ein Meisterbrief. Des Weiteren zeichnet eine intensive praktische Erfahrung einen Fachbetrieb aus. Bereits seit vielen Jahren konzentrieren wir uns als spezialisiertes Unternehmen auf Sicherheit und Sonnenschutz von Immobilien. In diesen langen Jahren haben wir uns das Attribut Fachbetrieb sicherlich erarbeitet. Wir benutzen uneingeschr\u00e4nkt hervorragende Materialien. Hierbei achten wir immer auf ein sehr gutes Preis-Leistungsverh\u00e4ltnis. Unser Credo als Fachbetrieb: Wir bieten Ihnen 1a-Leistung zu einem sehr guten Preis.<\/p>","popseo_links":"<a href=\"https:\/\/www.kaduk-bauelemente.de\/leistungen\/tueren-bad-bevensen\/\">T\u00fcren Bad Bevensen<\/a>, <a href=\"https:\/\/www.kaduk-bauelemente.de\/leistungen\/carports-buchholz\/\">Carports Buchholz<\/a>, <a href=\"https:\/\/www.kaduk-bauelemente.de\/leistungen\/raffstores-geesthacht\/\">Raffstores Geesthacht<\/a>, <a href=\"https:\/\/www.kaduk-bauelemente.de\/leistungen\/garagen-bardowick\/\">Garagen Bardowick<\/a>, <a href=\"https:\/\/www.kaduk-bauelemente.de\/leistungen\/haustueren-bardowick\/\">Haust\u00fcren Bardowick<\/a>, <a href=\"https:\/\/www.kaduk-bauelemente.de\/leistungen\/kunststofffenster-buechen\/\">Kunststofffenster B\u00fcchen<\/a>, <a href=\"https:\/\/www.kaduk-bauelemente.de\/leistungen\/haustueren-geesthacht\/\">Haust\u00fcren Geesthacht<\/a>, <a href=\"https:\/\/www.kaduk-bauelemente.de\/leistungen\/terrassendaecher-aus-aluminium-boizenburg\/\">Terrassend\u00e4cher aus Aluminium Boizenburg<\/a>, <a href=\"https:\/\/www.kaduk-bauelemente.de\/leistungen\/carports-uelzen\/\">Carports Uelzen<\/a>, <a href=\"https:\/\/www.kaduk-bauelemente.de\/leistungen\/zaunbau-stelle\/\">Zaunbau Stelle<\/a>, <a href=\"https:\/\/www.kaduk-bauelemente.de\/leistungen\/terrassenueberdachungen-aus-aluminium-salzhausen\/\">Terrassen\u00fcberdachungen aus Aluminium Salzhausen<\/a>, <a href=\"https:\/\/www.kaduk-bauelemente.de\/leistungen\/terrassendaecher-aus-aluminium-amt-neuhaus\/\">Terrassend\u00e4cher aus Aluminium Amt Neuhaus<\/a>, <a href=\"https:\/\/www.kaduk-bauelemente.de\/leistungen\/rolltore-amelinghausen\/\">Rolltore Amelinghausen<\/a>, <a href=\"https:\/\/www.kaduk-bauelemente.de\/leistungen\/raffstores-lueneburg\/\">Raffstores L\u00fcneburg<\/a>, <a href=\"https:\/\/www.kaduk-bauelemente.de\/leistungen\/fliegengitter-maschen\/\">Fliegengitter Maschen<\/a>, <a href=\"https:\/\/www.kaduk-bauelemente.de\/leistungen\/terrassenueberdachungen-aus-holz-herzogtum-lauenburg\/\">Terrassen\u00fcberdachungen aus Holz Herzogtum Lauenburg<\/a>, <a href=\"https:\/\/www.kaduk-bauelemente.de\/leistungen\/rolllaeden-seevetal-rosengarten\/\">Rolll\u00e4den Seevetal Rosengarten<\/a>, <a href=\"https:\/\/www.kaduk-bauelemente.de\/leistungen\/kunststofffenster-bispingen\/\">Kunststofffenster Bispingen<\/a>, <a href=\"https:\/\/www.kaduk-bauelemente.de\/leistungen\/fenster-bienenbuettel\/\">Fenster Bienenb\u00fcttel<\/a>, <a href=\"https:\/\/www.kaduk-bauelemente.de\/leistungen\/raffstores-amt-neuhaus\/\">Raffstores Amt Neuhaus<\/a>, <a href=\"https:\/\/www.kaduk-bauelemente.de\/leistungen\/rollladen-bad-bevensen\/\">Rollladen Bad Bevensen<\/a>, <a href=\"https:\/\/www.kaduk-bauelemente.de\/leistungen\/garagentore-bispingen\/\">Garagentore Bispingen<\/a>, <a href=\"https:\/\/www.kaduk-bauelemente.de\/leistungen\/holzfenster-reinbek-glinde\/\">Holzfenster Reinbek Glinde<\/a>, <a href=\"https:\/\/www.kaduk-bauelemente.de\/leistungen\/fliegengitter-harburg\/\">Fliegengitter Harburg<\/a>, <a href=\"https:\/\/www.kaduk-bauelemente.de\/leistungen\/carports-bergedorf-wentorf\/\">Carports Bergedorf Wentorf<\/a>, <a href=\"https:\/\/www.kaduk-bauelemente.de\/leistungen\/garagentore-stelle\/\">Garagentore Stelle<\/a>"},"_links":{"self":[{"href":"https:\/\/www.kaduk-bauelemente.de\/leistungen\/wp-json\/wp\/v2\/pages\/4429","targetHints":{"allow":["GET"]}}],"collection":[{"href":"https:\/\/www.kaduk-bauelemente.de\/leistungen\/wp-json\/wp\/v2\/pages"}],"about":[{"href":"https:\/\/www.kaduk-bauelemente.de\/leistungen\/wp-json\/wp\/v2\/types\/page"}],"author":[{"embeddable":true,"href":"https:\/\/www.kaduk-bauelemente.de\/leistungen\/wp-json\/wp\/v2\/users\/1"}],"replies":[{"embeddable":true,"href":"https:\/\/www.kaduk-bauelemente.de\/leistungen\/wp-json\/wp\/v2\/comments?post=4429"}],"version-history":[{"count":0,"href":"https:\/\/www.kaduk-bauelemente.de\/leistungen\/wp-json\/wp\/v2\/pages\/4429\/revisions"}],"wp:attachment":[{"href":"https:\/\/www.kaduk-bauelemente.de\/leistungen\/wp-json\/wp\/v2\/media?parent=4429"}],"curies":[{"name":"wp","href":"https:\/\/api.w.org\/{rel}","templated":true}]}}