{"id":4428,"date":"2021-08-25T12:19:04","date_gmt":"2021-08-25T10:19:04","guid":{"rendered":"https:\/\/www.kaduk-bauelemente.de\/leistungen\/markisen-maschen\/"},"modified":"2021-08-25T12:19:04","modified_gmt":"2021-08-25T10:19:04","slug":"markisen-maschen","status":"publish","type":"page","link":"https:\/\/www.kaduk-bauelemente.de\/leistungen\/markisen-maschen\/","title":{"rendered":"Markisen &#8211; Maschen"},"content":{"rendered":"<h3>Markisen \u2013 d\u00fcrfen wir Ihre Fragen beantworten?<\/h3>\n<p>Markisen dienen als wirksamer Sonnen-, Regen- oder Blendschutz. Die Markisen werden in Verbindung mit einem speziellen Gestell zur Bedienung und Aufbewahrung in der Regel \u00fcber einem Fenster oder einer T\u00fcr montiert. Im Fachgesch\u00e4ft erh\u00e4lt man die sogenannten Roll-Markisen, die Falt-Markisen und die Fest-Markisen. Bei den erstgenannten Markisen kann man die Bespannung mittels einer Tuchwelle einrollen. Die zweite Produktart rafft die Bespannung beim Ein- oder Ausfahren und die festverbauten Markisen schlie\u00dflich bleiben in der Form nicht ver\u00e4nderbar. Erh\u00e4ltlich sind die Markisen mit einem Gelenkarm und als so bezeichnete Kassettenmarkisen. Als Standard verf\u00fcgen die Markisen \u00fcber eine regenfeste Bespannung. <\/p>\n<p>In unserem qualit\u00e4tsbewussten Fachgesch\u00e4ft finden Sie f\u00fcr jeden Zweck eine praktische und h\u00fcbsche Markise. Nat\u00fcrlich haben wir Markisen in s\u00e4mtlichen Farben, Formen und Designs. Ihr individueller Geschmack gibt die Richtung vor! Passende Musterl\u00f6sungen halten wir f\u00fcr Winterg\u00e4rten, Fassaden und Fenster bereit. <\/p>\n<h3>Wir informieren Sie \u00fcber Markisen!<\/h3>\n<p>In den Sommermonaten werden die Markisen st\u00e4ndig als optisch gelungener Blendschutz genutzt. Als angenehmer Effekt zeichnen sich die Markisen aber auch als absolut effiziente W\u00e4rmeisolierung aus. Die Markisen geben Schatten und sch\u00fctzen gleichzeitig den Innenraum eines Wohn- oder Gesch\u00e4ftsgeb\u00e4udes vor \u00fcberm\u00e4\u00dfiger Hitze. Fachgerecht angebracht, werden Sie langfristig Ihre Freude an den Markisen haben. Und ganz nebenbei: Die Markisen werten ein Gesch\u00e4fts- oder Wohnhaus des \u00f6fteren optisch ganz erheblich auf.<\/p>\n","protected":false},"excerpt":{"rendered":"<p>Markisen \u2013 d\u00fcrfen wir Ihre Fragen beantworten? Markisen dienen als wirksamer Sonnen-, Regen- oder Blendschutz. Die Markisen werden in Verbindung mit einem speziellen Gestell zur Bedienung und Aufbewahrung in der Regel \u00fcber einem Fenster oder einer T\u00fcr montiert. Im Fachgesch\u00e4ft erh\u00e4lt man die sogenannten Roll-Markisen, die Falt-Markisen und die Fest-Markisen. Bei den erstgenannten Markisen kann [&hellip;]<\/p>\n","protected":false},"author":1,"featured_media":0,"parent":0,"menu_order":0,"comment_status":"closed","ping_status":"closed","template":"","meta":{"footnotes":""},"class_list":["post-4428","page","type-page","status-publish","hentry"],"meta_box":{"popseo_subtitel":"Wir sind Ihr Fachunternehmen f\u00fcr Markisen in Maschen","popseo_subtitel2":"Markisen - wir beraten Sie gerne!","popseo_lasttitel":"Markisen: Unsere Experten beantworten Ihre Fragen","popseo_region":"Maschen","popseo_sachwort":"Markisen","popseo_noupdate":"","popseo_einleitungstext":"<p>Wenn es um Sonnenschutz und Sicherheit geht, sind Sie bei der Firma Kaduk genau an der richtigen Adresse. Seit Unternehmensgr\u00fcndung sind wir Ihre lokalen Experten f\u00fcr qualitativ hochwertige Bauelemente. Zu unserem Produktsortiment geh\u00f6ren beispielsweise Terrassend\u00e4cher, Markisen, Rolltore, Fenster, T\u00fcren, Au\u00dfenjalousien, Carports und Rolll\u00e4den. Wir \u00fcbernehmen Reparatur- und Montagearbeiten und zeigen Ihnen, wie Sie Ihre Wohn- oder Gesch\u00e4ftsgeb\u00e4ude mit modernen Bauelementen ausstatten k\u00f6nnen. Nachfolgend haben wir einige erste Informationen f\u00fcr Sie zusammengestellt.<\/p>","popseo_schlusstext":"<p>Ihre Zufriedenheit freut uns und ist uns ein steter Ansporn. Know-how, Zuverl\u00e4ssigkeit und Fachkompetenz garantieren erfolgreiche Sonnenschutz- und Sicherheitsprojekte zum Vorteil unserer Kunden. Die Zufriedenheit unserer Kunden steht f\u00fcr uns immer im Vordergrund}. Unsere Experten freuen sich \u00fcber Ihre Anfrage, unabh\u00e4ngig davon ob per Griff zum Telefonh\u00f6rer oder Mail.<\/p>","popseo_stadttext":"<h3>Unser Einzugsbereich umfasst auch Maschen<\/h2>\n<p>Unser Gesch\u00e4ftsbereich umfasst auch Maschen. Durch unsere T\u00e4tigkeit haben wir uns einen ausgezeichneten \u00dcberblick \u00fcber die Architektur der St\u00e4dte und Gemeinden unseres Vertriebsgebietes machen k\u00f6nnen. Wir f\u00fchlen uns der Region verpflichtet und freuen uns dar\u00fcber, auch einen Teil zur gesunden Infrastruktur der Gemeinde beizusteuern zu k\u00f6nnen.  <\/p>\n<h3>Einige Details zu Maschen<\/h3>\n<p>In der zum Kreis Harburg z\u00e4hlenden Gemeinde Maschen leben in Summe zirka 9.000 Bewohner. Direkt an Hamburg angrenzend, z\u00e4hlt Maschen zum sog. \u201eSpeckg\u00fcrtel\u201c der Freien und Hansestadt. Die Bev\u00f6lkerungsdichte ist nicht sonderlich hoch, was die Stadt zu einer begehrten Wohngegend macht. Maschen ist f\u00fcr Berufspendler wunderbar geeignet. Wer seinen Arbeitsplatz in der Hansestadt Hamburg hat, genie\u00dft das durchaus entspannte Leben in der Peripherie. Maschen verf\u00fcgt \u00fcber zahlreiche idyllische Wohngebiete, die von einer typischen Einzelhausbebauung bestimmt sind. Zahlreiche sch\u00f6ne Quartiere machen Maschen f\u00fcr viele Menschen besonders anziehend. Leben in einem fast d\u00f6rflichen Umfeld, dabei die Gro\u00dfstadt unmittelbar vor der T\u00fcr \u2013 ein Lebensentwurf, der f\u00fcr viele Menschen attraktiv ist. Zahlreiche W\u00e4lder und Wiesen verleihen der Gemeinde einen zuweilen nahezu d\u00f6rflichen Charakter. <\/p>\n<h4>Hohe Qualit\u00e4t f\u00fcr Kunden aus Maschen<\/h4>\n<p>Gerne werden wir auch f\u00fcr Sie im Raum Maschen t\u00e4tig. D\u00fcrfen wir Sie detailliert informieren? Sie erreichen uns telefonisch oder senden Sie uns eine eMail. Wir freuen uns auf das Gespr\u00e4ch mit Ihnen! Hand in Hand arbeitet das perfekt eingespielte Team unseres Fachbetriebes \u2013 zielorientiert und immer fachlich versiert.<\/p>","popseo_zusatztext":"<h3>Wir sind Fachbetrieb f\u00fcr Sicht- und Sonnenschutz<\/h3>\n<p>Vertrauen Sie bei Sicherheit und Sonnenschutz auf jeden Fall auf die sachliche Leistung vom Fachbetrieb. Nur ein Fachbetrieb kennt die Tipps und Tricks, wie man zu einem sachgerechten Ergebnis kommt. Um sich mit Fug und Recht als Fachbetrieb bezeichnen zu d\u00fcrfen, bedarf es einer qualifizierten Ausbildung der Mitarbeiter und einer jahrelangen Fachkenntnis.  <\/p>\n<p>Unser Betrieb empfiehlt sich als Ihr qualifizierter Fachbetrieb f\u00fcr Sonnenschutz und Sicherheit. Setzen Sie auf Qualit\u00e4t und schenken Sie unserem Fachbetrieb Ihr Vertrauen. Wir bieten Ihnen beispielsweise schicke Markisen und Rolll\u00e4den und legen massiv Wert auf einen perfekten Service. Schon seit vielen Jahren sind wir qualifizierter Fachbetrieb f\u00fcr Terrassend\u00e4cher, Au\u00dfenjalousien, Rolll\u00e4den im Raum L\u00fcneburg. Es ist uns wichtig, dass Sie \u00fcber lange Zeit viel Freude an Ihrem Sicht und Sonnenschutz haben. Von einem Fachbetrieb d\u00fcrfen Sie ohne Wenn und Aber eine fehlerfreie Top-Leistung erwarten.<\/p>\n<h3>Auf einen Fachbetrieb ist Verlass<\/h3>\n<p>Als Fachbetrieb darf sich eine Firma bezeichnen, deren Mitarbeiter \u00fcber dokumentierte Qualifikationen verf\u00fcgen. Dies ist unter anderem eine entsprechende Ausbildung oder ein Meisterbrief. Dar\u00fcber hinaus zeichnet eine langj\u00e4hrige praktische Erfahrung einen Fachbetrieb aus. Schon seit vielen Jahren konzentrieren wir uns als spezialisiertes Unternehmen auf Sonnenschutz und Sicherheit von Wohn- und Gesch\u00e4ftsgeb\u00e4uden. In diesen vielen Jahren haben wir uns das Attribut Fachbetrieb ganz sicher erarbeitet. Wir verarbeiten lediglich qualitativ beste Produkte. Dabei achten wir stets auf ein faires Preis-Leistungsverh\u00e4ltnis. Unser Credo als Fachbetrieb: Wir bieten Ihnen 1a-Leistung zu einem erstaunlichen Preis.<\/p>","popseo_links":"<a href=\"https:\/\/www.kaduk-bauelemente.de\/leistungen\/tueren-schwarzenbek\/\">T\u00fcren Schwarzenbek<\/a>, <a href=\"https:\/\/www.kaduk-bauelemente.de\/leistungen\/kunststofffenster-harburg\/\">Kunststofffenster Harburg<\/a>, <a href=\"https:\/\/www.kaduk-bauelemente.de\/leistungen\/tueren-bergedorf-wentorf\/\">T\u00fcren Bergedorf Wentorf<\/a>, <a href=\"https:\/\/www.kaduk-bauelemente.de\/leistungen\/fliegengitter-jesteburg\/\">Fliegengitter Jesteburg<\/a>, <a href=\"https:\/\/www.kaduk-bauelemente.de\/leistungen\/terrassenueberdachungen-aus-holz-geesthacht\/\">Terrassen\u00fcberdachungen aus Holz Geesthacht<\/a>, <a href=\"https:\/\/www.kaduk-bauelemente.de\/leistungen\/tueren-herzogtum-lauenburg\/\">T\u00fcren Herzogtum Lauenburg<\/a>, <a href=\"https:\/\/www.kaduk-bauelemente.de\/leistungen\/carports-hanstedt\/\">Carports Hanstedt<\/a>, <a href=\"https:\/\/www.kaduk-bauelemente.de\/leistungen\/terrassendaecher-aus-aluminium-lueneburg\/\">Terrassend\u00e4cher aus Aluminium L\u00fcneburg<\/a>, <a href=\"https:\/\/www.kaduk-bauelemente.de\/leistungen\/sektionaltore-uelzen\/\">Sektionaltore Uelzen<\/a>, <a href=\"https:\/\/www.kaduk-bauelemente.de\/leistungen\/terrassenueberdachungen-aus-aluminium-schwarzenbek\/\">Terrassen\u00fcberdachungen aus Aluminium Schwarzenbek<\/a>, <a href=\"https:\/\/www.kaduk-bauelemente.de\/leistungen\/rolltore-stelle\/\">Rolltore Stelle<\/a>, <a href=\"https:\/\/www.kaduk-bauelemente.de\/leistungen\/tueren-hanstedt\/\">T\u00fcren Hanstedt<\/a>, <a href=\"https:\/\/www.kaduk-bauelemente.de\/leistungen\/carports-bienenbuettel\/\">Carports Bienenb\u00fcttel<\/a>, <a href=\"https:\/\/www.kaduk-bauelemente.de\/leistungen\/kunststofffenster-bad-bevensen\/\">Kunststofffenster Bad Bevensen<\/a>, <a href=\"https:\/\/www.kaduk-bauelemente.de\/leistungen\/terrassendaecher-aus-holz-bad-bevensen\/\">Terrassend\u00e4cher aus Holz Bad Bevensen<\/a>, <a href=\"https:\/\/www.kaduk-bauelemente.de\/leistungen\/tueren-adendorf\/\">T\u00fcren Adendorf<\/a>, <a href=\"https:\/\/www.kaduk-bauelemente.de\/leistungen\/fenster-geesthacht\/\">Fenster Geesthacht<\/a>, <a href=\"https:\/\/www.kaduk-bauelemente.de\/leistungen\/zaunbau-buechen\/\">Zaunbau B\u00fcchen<\/a>, <a href=\"https:\/\/www.kaduk-bauelemente.de\/leistungen\/rollladen-bienenbuettel\/\">Rollladen Bienenb\u00fcttel<\/a>, <a href=\"https:\/\/www.kaduk-bauelemente.de\/leistungen\/terrassenueberdachungen-aus-aluminium-salzhausen\/\">Terrassen\u00fcberdachungen aus Aluminium Salzhausen<\/a>, <a href=\"https:\/\/www.kaduk-bauelemente.de\/leistungen\/rolllaeden-buechen\/\">Rolll\u00e4den B\u00fcchen<\/a>, <a href=\"https:\/\/www.kaduk-bauelemente.de\/leistungen\/holzfenster-schwarzenbek\/\">Holzfenster Schwarzenbek<\/a>, <a href=\"https:\/\/www.kaduk-bauelemente.de\/leistungen\/rolltore-reinbek-glinde\/\">Rolltore Reinbek Glinde<\/a>, <a href=\"https:\/\/www.kaduk-bauelemente.de\/leistungen\/kunststofffenster-bardowick\/\">Kunststofffenster Bardowick<\/a>, <a href=\"https:\/\/www.kaduk-bauelemente.de\/leistungen\/sektionaltore-stelle\/\">Sektionaltore Stelle<\/a>, <a href=\"https:\/\/www.kaduk-bauelemente.de\/leistungen\/rollladen-buechen\/\">Rollladen B\u00fcchen<\/a>"},"_links":{"self":[{"href":"https:\/\/www.kaduk-bauelemente.de\/leistungen\/wp-json\/wp\/v2\/pages\/4428","targetHints":{"allow":["GET"]}}],"collection":[{"href":"https:\/\/www.kaduk-bauelemente.de\/leistungen\/wp-json\/wp\/v2\/pages"}],"about":[{"href":"https:\/\/www.kaduk-bauelemente.de\/leistungen\/wp-json\/wp\/v2\/types\/page"}],"author":[{"embeddable":true,"href":"https:\/\/www.kaduk-bauelemente.de\/leistungen\/wp-json\/wp\/v2\/users\/1"}],"replies":[{"embeddable":true,"href":"https:\/\/www.kaduk-bauelemente.de\/leistungen\/wp-json\/wp\/v2\/comments?post=4428"}],"version-history":[{"count":0,"href":"https:\/\/www.kaduk-bauelemente.de\/leistungen\/wp-json\/wp\/v2\/pages\/4428\/revisions"}],"wp:attachment":[{"href":"https:\/\/www.kaduk-bauelemente.de\/leistungen\/wp-json\/wp\/v2\/media?parent=4428"}],"curies":[{"name":"wp","href":"https:\/\/api.w.org\/{rel}","templated":true}]}}