{"id":4426,"date":"2021-08-25T12:19:04","date_gmt":"2021-08-25T10:19:04","guid":{"rendered":"https:\/\/www.kaduk-bauelemente.de\/leistungen\/markisen-jesteburg\/"},"modified":"2021-08-25T12:19:04","modified_gmt":"2021-08-25T10:19:04","slug":"markisen-jesteburg","status":"publish","type":"page","link":"https:\/\/www.kaduk-bauelemente.de\/leistungen\/markisen-jesteburg\/","title":{"rendered":"Markisen &#8211; Jesteburg"},"content":{"rendered":"<h3>Markisen \u2013 auch optisch ein Highlight!<\/h3>\n<p>Markisen fungieren als effektiver Blend-, Sonnen- oder Regenschutz. Die Markisen werden zusammen mit einem speziellen Gestell zur Aufbewahrung und Bedienung \u00fcberwiegend \u00fcber einem Fenster oder auch einer T\u00fcr angebracht. Im Spezialgesch\u00e4ft bekommt man die sog. Roll-Markisen, die Falt-Markisen und die Fest-Markisen. Bei den erstgenannten Markisen l\u00e4sst sich die Bespannung mit Hilfe einer Tuchwelle aufrollen. Die zweite Produktgattung rafft das Tuch beim Ein- oder Ausfahren und die festverbauten Markisen schlu\u00dfendlich bleiben in der Form nicht ver\u00e4nderbar. Erh\u00e4ltlich sind die Markisen mit Gelenkarm sowie als sogenannte Kassettenmarkisen. Als Standard verf\u00fcgen die Markisen \u00fcber eine regenfeste Bespannung. <\/p>\n<p>In unserem etablierten Fachgesch\u00e4ft finden Sie f\u00fcr jeden Wunsch eine zweckm\u00e4\u00dfge und formsch\u00f6ne Markise. Selbstverst\u00e4ndlich f\u00fchren wir Markisen in s\u00e4mtlichen Designs, Farben und Formen. Ihr individueller Geschmack gibt die Auswahl vor! Individuelle L\u00f6sungen halten wir f\u00fcr Fenster, Winterg\u00e4rten und Fassaden vorr\u00e4tig. <\/p>\n<h3>Markisen \u2013 besuchen Sie unsere Ausstellung!<\/h3>\n<p>Im Sommer werden die Markisen h\u00e4ufig als optisch gelungener Blendschutz verwendet. Als zus\u00e4tzlicher Nutzen zeichnen sich die Markisen gleichwohl als fraglos effektive W\u00e4rmeisolierung aus. Die Markisen spenden Beschattung und sch\u00fctzen zugleich die Innenr\u00e4ume eines Wohn- oder Gesch\u00e4ftsgeb\u00e4udes vor \u00fcberm\u00e4\u00dfiger Hitze. Fachm\u00e4nnisch angebracht, werden Sie lange Jahre Ihre Freude an den Markisen haben. Und ganz nebenbei: Die Markisen werten ein Wohn- oder Gesch\u00e4ftshaus des \u00f6fteren optisch ganz erheblich auf.<\/p>\n","protected":false},"excerpt":{"rendered":"<p>Markisen \u2013 auch optisch ein Highlight! Markisen fungieren als effektiver Blend-, Sonnen- oder Regenschutz. Die Markisen werden zusammen mit einem speziellen Gestell zur Aufbewahrung und Bedienung \u00fcberwiegend \u00fcber einem Fenster oder auch einer T\u00fcr angebracht. Im Spezialgesch\u00e4ft bekommt man die sog. Roll-Markisen, die Falt-Markisen und die Fest-Markisen. Bei den erstgenannten Markisen l\u00e4sst sich die Bespannung [&hellip;]<\/p>\n","protected":false},"author":1,"featured_media":0,"parent":0,"menu_order":0,"comment_status":"closed","ping_status":"closed","template":"","meta":{"footnotes":""},"class_list":["post-4426","page","type-page","status-publish","hentry"],"meta_box":{"popseo_subtitel":"Kaduk Bauelemente ist Ihr Spezialist f\u00fcr Markisen im Raum Jesteburg","popseo_subtitel2":"Markisen - von den Spezialisten unserer Firma","popseo_lasttitel":"Markisen: Wir informieren Sie gerne auch pers\u00f6nlich!","popseo_region":"Jesteburg","popseo_sachwort":"Markisen","popseo_noupdate":"","popseo_einleitungstext":"<p>Sie wollen Ihr Wohn- oder Gesch\u00e4ftshaus mit modernen Bauelementen ausstatten lassen und m\u00f6chten sich \u00fcber unser Produkt- und Leistungsangebot informieren? Wunderbar, dann sind Sie auf dieser Seite genau richtig. Unser Produktsortiment umfasst unter anderem Markisen, Terrassend\u00e4cher, Rolltore, T\u00fcren, Fenster, Au\u00dfenjalousien, Rolll\u00e4den und Carports. Als auf Sicherheit und Sonnenschutz fokussiertes Fachunternehmen \u00fcbernehmen wir insbesondere auch Reparatur- und Montagearbeiten. Erfahren Sie nachfolgend mehr \u00fcber uns und unser Angebot. Ihr Interesse freut uns sehr.<\/p>","popseo_schlusstext":"<p>Auf Wunsch informieren wir Sie n\u00e4her \u00fcber unser Produkt- und T\u00e4tigkeitsspektrum. Wir zeigen Ihnen mit Vergn\u00fcgen auch einige Projekte, die Ihnen einen Einblick in unsere Arbeit geben.<br \/>\nVertrauen Sie auf das Urteil eines erfahrenen Fachbetriebes. Rufen Sie uns doch rasch einmal an oder senden Sie uns eine schnelle E-Mail. Wir freuen uns auf Sie.<\/p>","popseo_stadttext":"<h3>Unsere Produkte und Dienstleistungen auch f\u00fcr Kunden aus Jesteburg<\/h3>\n<p>Durch unsere Gesch\u00e4ftst\u00e4tigkeit haben wir uns einen guten \u00dcberblick \u00fcber die Stadtarchitektur der St\u00e4dte und Gemeinden unseres Einzugsbereiches erarbeiten k\u00f6nnen. Nat\u00fcrlich geh\u00f6rt auch Jesteburg zu unserem unmittelbaren Vertriebsgebiet. Wir freuen uns darauf, mit Ihnen ins Gespr\u00e4ch zu kommen. <\/p>\n<h3>Wissenswertes \u00fcber Jesteburg<\/h3>\n<p>Jesteburg liegt im n\u00f6rdlichen Niedersachsen und ist in etwa 30 Kilometer von der Hansestadt Hamburg entfernt. Auf einer Gesamtfl\u00e4che von ca. 28 Quadratkilometern leben rund 8.000 Menschen. <\/p>\n<p>Formell geh\u00f6rt Jesteburg zum Landkreis Harburg. lediglich zehn Kilometer von Jesteburg entfernt liegt die L\u00fcneburger Heide, ein immer wieder faszinierender Naturpark. Jesteburg hat zusammen vier Gemeindeteile: Itzenb\u00fcttel, Reindorfer Osterberg, L\u00fcllau und Wiedenhof. Pendler bewerten an Jesteburg ganz besonders die gute Lage positiv. Wer seinen Arbeitsplatz zum Beispiel in der Hansestadt Hamburg hat, genie\u00dft sowohl die N\u00e4he zur Gro\u00dfstadt als auch das entspannte Leben im \"Speckg\u00fcrtel\". Jesteburg ist ohne Wenn und Aber ein ausgezeichneter Ort zum Wohnen. \u00dcber die Stadtgrenzen hinaus bekannt ist Jesteburg durch die j\u00e4hrlich stattfindende Kunstwoche Jesteburg. Mehr als 60 K\u00fcnstler stellen auf dem angesehenen Kunstevent ihre Arbeiten aus. In der Kunstst\u00e4tte Bossard werden des Weiteren Arbeiten aus den Genres Bildhauerei, Architektur und Malerei pr\u00e4sentiert. <\/p>\n<h4>Hohe Qualit\u00e4t f\u00fcr Kunden aus Jesteburg<\/h4>\n<p>Sie interessieren sich f\u00fcr unser Leistungsprogramm und sind hier im Internet auf unsere Homepage gesto\u00dfen? Dar\u00fcber freuen wir uns sehr. Sehr gerne pr\u00e4sentieren wir Ihnen unser gesamtes Leistungsspektrum und beantworten Ihre Fragen. Auf Ihre Anfragen freuen wir uns.<\/p>","popseo_zusatztext":"<h3>G\u00fcnstig und preiswert \u2013 Leistung vom Fachbetrieb<\/h3>\n<p>Bauelemente m\u00fcssen h\u00f6chsten Anspr\u00fcchen standhalten. Nichtsdestrotrotz soll es g\u00fcnstig und preiswert sein. Das muss durchaus kein Widerspruch sein. <\/p>\n<p>Als Fachunternehmen f\u00fcr Sonnenschutz- und Sicherheitsl\u00f6sungen verwenden wir ausnahmslos ausgezeichnete Produkte. Gleichwohl schauen wir immer auf ein angemessenes Preis-Leistungsverh\u00e4ltnis. Wir m\u00f6chten Ihnen Spitzenqualit\u00e4t bieten, die gleichzeitig auch g\u00fcnstig und preiswert ist. Verleihen Sie Ihrem Heim g\u00fcnstig und preiswert das gewisse Plus an Qualit\u00e4t. Rolll\u00e4den und Markisen oder andere Sonnenschutzl\u00f6sungen sehen nicht nur hervorragend aus, sie leisten auch einen bedeutenden Beitrag zur W\u00e4rmed\u00e4mmung.  <\/p>\n<h3>G\u00fcnstig und preiswert ohne Abstriche bei der Qualit\u00e4t<\/h3>\n<p>D\u00fcrfen wir Sie beraten, wie Sie g\u00fcnstig und preiswert einen perfekten Sonnenschutz f\u00fcr Ihr Zuhause verwirklichen? Klasse, dann z\u00f6gern Sie bitte nicht und nehmen am besten sofort heute noch Verbindung mit uns auf. Ein kurzer Telefonanruf oder eine schnelle eMail gen\u00fcgen. Gerne informieren Sie unsere gut ausgebildeten Profis \u00fcber die diversen M\u00f6glichkeiten, wie Sie Ihr Zuhause g\u00fcnstig und preiswert mit Markisen und Rolll\u00e4den oder anderen Sonnenschutzprodukten versehen. Wir freuen uns auf das Gespr\u00e4ch mit Ihnen. <\/p>\n<h4>Top-Qualit\u00e4t g\u00fcnstig und preiswert<\/h4>\n<p>Setzen Sie beim Thema Sonnenschutz und Sicherheit auf den Experten. Nur ein Spezialbetrieb kennt die diversen Optionen, wie Sie g\u00fcnstig und preiswert, zugleich qualitativ h\u00f6herwertig einen perfekten Sonnenschutz erreichen. Qualit\u00e4tsbewusst, g\u00fcnstig und preiswert: Wir empfehlen uns als spezialisiertes Unternehmen im Norden. Unsere jahrelange Erfahrung zeichnet uns aus.<\/p>","popseo_links":"<a href=\"https:\/\/www.kaduk-bauelemente.de\/leistungen\/rolltore-salzhausen\/\">Rolltore Salzhausen<\/a>, <a href=\"https:\/\/www.kaduk-bauelemente.de\/leistungen\/garagen-reppenstedt\/\">Garagen Reppenstedt<\/a>, <a href=\"https:\/\/www.kaduk-bauelemente.de\/leistungen\/garagen-adendorf\/\">Garagen Adendorf<\/a>, <a href=\"https:\/\/www.kaduk-bauelemente.de\/leistungen\/carports-geesthacht\/\">Carports Geesthacht<\/a>, <a href=\"https:\/\/www.kaduk-bauelemente.de\/leistungen\/insektenschutz-bergedorf-wentorf\/\">Insektenschutz Bergedorf Wentorf<\/a>, <a href=\"https:\/\/www.kaduk-bauelemente.de\/leistungen\/rolllaeden-amelinghausen\/\">Rolll\u00e4den Amelinghausen<\/a>, <a href=\"https:\/\/www.kaduk-bauelemente.de\/leistungen\/fliegengitter-adendorf\/\">Fliegengitter Adendorf<\/a>, <a href=\"https:\/\/www.kaduk-bauelemente.de\/leistungen\/holzfenster-boizenburg\/\">Holzfenster Boizenburg<\/a>, <a href=\"https:\/\/www.kaduk-bauelemente.de\/leistungen\/haustueren-salzhausen\/\">Haust\u00fcren Salzhausen<\/a>, <a href=\"https:\/\/www.kaduk-bauelemente.de\/leistungen\/garagentore-winsen-luhe\/\">Garagentore Winsen Luhe<\/a>, <a href=\"https:\/\/www.kaduk-bauelemente.de\/leistungen\/tueren-reinbek-glinde\/\">T\u00fcren Reinbek Glinde<\/a>, <a href=\"https:\/\/www.kaduk-bauelemente.de\/leistungen\/raffstores-harburg\/\">Raffstores Harburg<\/a>, <a href=\"https:\/\/www.kaduk-bauelemente.de\/leistungen\/tueren-uelzen\/\">T\u00fcren Uelzen<\/a>, <a href=\"https:\/\/www.kaduk-bauelemente.de\/leistungen\/terrassendaecher-aus-holz-maschen\/\">Terrassend\u00e4cher aus Holz Maschen<\/a>, <a href=\"https:\/\/www.kaduk-bauelemente.de\/leistungen\/carports-buechen\/\">Carports B\u00fcchen<\/a>, <a href=\"https:\/\/www.kaduk-bauelemente.de\/leistungen\/haustueren-tostedt-sittensen\/\">Haust\u00fcren Tostedt Sittensen<\/a>, <a href=\"https:\/\/www.kaduk-bauelemente.de\/leistungen\/rollladen-schwarzenbek\/\">Rollladen Schwarzenbek<\/a>, <a href=\"https:\/\/www.kaduk-bauelemente.de\/leistungen\/rollladen-reinbek-glinde\/\">Rollladen Reinbek Glinde<\/a>, <a href=\"https:\/\/www.kaduk-bauelemente.de\/leistungen\/insektenschutz-bispingen\/\">Insektenschutz Bispingen<\/a>, <a href=\"https:\/\/www.kaduk-bauelemente.de\/leistungen\/aussenjalousien-reinbek-glinde\/\">Au\u00dfenjalousien Reinbek Glinde<\/a>, <a href=\"https:\/\/www.kaduk-bauelemente.de\/leistungen\/sektionaltore-bardowick\/\">Sektionaltore Bardowick<\/a>, <a href=\"https:\/\/www.kaduk-bauelemente.de\/leistungen\/terrassendaecher-aus-holz-hanstedt\/\">Terrassend\u00e4cher aus Holz Hanstedt<\/a>, <a href=\"https:\/\/www.kaduk-bauelemente.de\/leistungen\/rollladen-bispingen\/\">Rollladen Bispingen<\/a>, <a href=\"https:\/\/www.kaduk-bauelemente.de\/leistungen\/tueren-jesteburg\/\">T\u00fcren Jesteburg<\/a>, <a href=\"https:\/\/www.kaduk-bauelemente.de\/leistungen\/zaunbau-bispingen\/\">Zaunbau Bispingen<\/a>, <a href=\"https:\/\/www.kaduk-bauelemente.de\/leistungen\/kunststofffenster-amelinghausen\/\">Kunststofffenster Amelinghausen<\/a>"},"_links":{"self":[{"href":"https:\/\/www.kaduk-bauelemente.de\/leistungen\/wp-json\/wp\/v2\/pages\/4426","targetHints":{"allow":["GET"]}}],"collection":[{"href":"https:\/\/www.kaduk-bauelemente.de\/leistungen\/wp-json\/wp\/v2\/pages"}],"about":[{"href":"https:\/\/www.kaduk-bauelemente.de\/leistungen\/wp-json\/wp\/v2\/types\/page"}],"author":[{"embeddable":true,"href":"https:\/\/www.kaduk-bauelemente.de\/leistungen\/wp-json\/wp\/v2\/users\/1"}],"replies":[{"embeddable":true,"href":"https:\/\/www.kaduk-bauelemente.de\/leistungen\/wp-json\/wp\/v2\/comments?post=4426"}],"version-history":[{"count":0,"href":"https:\/\/www.kaduk-bauelemente.de\/leistungen\/wp-json\/wp\/v2\/pages\/4426\/revisions"}],"wp:attachment":[{"href":"https:\/\/www.kaduk-bauelemente.de\/leistungen\/wp-json\/wp\/v2\/media?parent=4426"}],"curies":[{"name":"wp","href":"https:\/\/api.w.org\/{rel}","templated":true}]}}