{"id":4423,"date":"2021-08-25T12:19:04","date_gmt":"2021-08-25T10:19:04","guid":{"rendered":"https:\/\/www.kaduk-bauelemente.de\/leistungen\/markisen-hanstedt\/"},"modified":"2021-08-25T12:19:04","modified_gmt":"2021-08-25T10:19:04","slug":"markisen-hanstedt","status":"publish","type":"page","link":"https:\/\/www.kaduk-bauelemente.de\/leistungen\/markisen-hanstedt\/","title":{"rendered":"Markisen &#8211; Hanstedt"},"content":{"rendered":"<h3>Markisen \u2013 nutzbringend und attraktiv!<\/h3>\n<p>Markisen fungieren als sehr guter Regen-, Sonnen- oder Blendschutz. Die Markisen werden in Verbindung mit einem passenden Gestell zur Bedienung und Aufbewahrung in der Regel \u00fcber einem Fenster beziehungsweise einer T\u00fcr angeschraubt. Im Fachhandel bekommt man die sog. Roll-Markisen, die Falt-Markisen und die Fest-Markisen. Bei den zuerst genannten Markisen l\u00e4sst sich die Bespannung mittels einer Tuchwelle einrollen. Die zweite Produktgattung rafft das Tuch beim Ein- oder Ausfahren und die festverbauten Markisen schlu\u00dfendlich sind in der Form unver\u00e4nderbar. Erh\u00e4ltlich sind die Markisen mit einem Gelenkarm sowie als sogenannte Kassettenmarkisen. Regelm\u00e4\u00dfg verf\u00fcgen die Markisen \u00fcber eine wetterfeste Bespannung. <\/p>\n<p>In unserem traditionsreichen Fachunternehmen finden Sie f\u00fcr jeden Zweck eine praktische und formsch\u00f6ne Markise. Nat\u00fcrlich haben wir Markisen in s\u00e4mtlichen Formen, Farben und Designs. Ihr pers\u00f6nlicher Geschmack gibt die Richtung vor! Individuelle Anwendungsbeispiele halten wir f\u00fcr Fassaden, Winterg\u00e4rten und Fenster bereit. <\/p>\n<h3>Markisen f\u00fcr Ihre Immobilie<\/h3>\n<p>W\u00e4hrend der Sommermonate werden die Markisen regelm\u00e4\u00dfg als optisch gelungener Blendschutz genutzt. Als zus\u00e4tzlicher Nutzen zeichnen sich die Markisen gleichwohl als absolut effektive Isolierung aus. Die Markisen geben Schatten und sch\u00fctzen gleichzeitig den Innenraum eines Geb\u00e4udes vor gro\u00dfer Hitze. Fachgerecht angebracht, werden Sie auf lange Zeit Ihren Nutzen an den Markisen haben. Und ganz nebenbei: Die Markisen werten ein Gesch\u00e4fts- oder Wohnhaus des \u00f6fteren optisch ganz entscheidend auf.<\/p>\n","protected":false},"excerpt":{"rendered":"<p>Markisen \u2013 nutzbringend und attraktiv! Markisen fungieren als sehr guter Regen-, Sonnen- oder Blendschutz. Die Markisen werden in Verbindung mit einem passenden Gestell zur Bedienung und Aufbewahrung in der Regel \u00fcber einem Fenster beziehungsweise einer T\u00fcr angeschraubt. Im Fachhandel bekommt man die sog. Roll-Markisen, die Falt-Markisen und die Fest-Markisen. Bei den zuerst genannten Markisen l\u00e4sst [&hellip;]<\/p>\n","protected":false},"author":1,"featured_media":0,"parent":0,"menu_order":0,"comment_status":"closed","ping_status":"closed","template":"","meta":{"footnotes":""},"class_list":["post-4423","page","type-page","status-publish","hentry"],"meta_box":{"popseo_subtitel":"Wir sind Ihr erfahrener Fachbetrieb f\u00fcr Markisen im Raum Hanstedt","popseo_subtitel2":"Markisen - wir haben die richtige L\u00f6sung f\u00fcr Sie","popseo_lasttitel":"Markisen: D\u00fcrfen wir Ihre Fragen beantworten?","popseo_region":"Hanstedt","popseo_sachwort":"Markisen","popseo_noupdate":"","popseo_einleitungstext":"<p>Sie wollen Ihre Gesch\u00e4fts- oder Wohnimmobilie mit modernen Bauelementen ausstatten lassen und m\u00f6chten sich \u00fcber unser Produkt- und Leistungsangebot informieren? Wunderbar, dann sind Sie auf dieser Seite genau richtig. Unser Produktportfolio umfasst zum Beispiel Rolltore, Terrassend\u00e4cher, Markisen, Au\u00dfenjalousien, T\u00fcren, Fenster, Carports und Rolll\u00e4den. Als auf Sicherheit und Sonnenschutz fokussiertes Fachunternehmen \u00fcbernehmen wir insbesondere auch Reparatur- und Montagearbeiten. Erfahren Sie auf dieser und den nachfolgenden Seiten mehr \u00fcber uns und unser Angebot. Ihr Interesse freut uns sehr.<\/p>","popseo_schlusstext":"<p>Gerne informieren wir Sie n\u00e4her \u00fcber unser Produkt- und T\u00e4tigkeitsspektrum. Wir zeigen Ihnen mit Vergn\u00fcgen auch einige Referenzen, die Ihnen einen Einblick in unsere Firment\u00e4tigkeit geben.<br \/>\nDie Fachleute der Firma Kaduk sind gerne f\u00fcr Sie im Einsatz. Rufen Sie uns doch einfach einmal an oder senden Sie uns eine kurze E-Mail. Wir freuen uns auf den Kontakt zu Ihnen.<\/p>","popseo_stadttext":"<h3>Wir freuen uns \u00fcber Anfragen aus Hanstedt (Harburg)<\/h3>\n<p>Sie kommen aus Hanstedt (Harburg) und sind hier im World Wide Web auf unsere Website gesto\u00dfen? Das finden wir klasse. Sehr gerne pr\u00e4sentieren wir Ihnen unser komplettes Leistungsspektrum und beantworten Ihre Fragen. Durch unsere Gesch\u00e4ftst\u00e4tigkeit haben wir uns einen sehr guten \u00dcberblick \u00fcber die Architektur der St\u00e4dte und Gemeinden unseres Einzugsbereiches machen k\u00f6nnen. Selbstverst\u00e4ndlich geh\u00f6rt auch Hanstedt (Harburg) unserem unmittelbaren Gesch\u00e4ftsgebiet. Wir freuen uns darauf, mit Ihnen ins Gespr\u00e4ch zu kommen. <\/p>\n<h3>Wissenswertes \u00fcber Hanstedt (Harburg)<\/h3>\n<p>Etwa 5.800 Anwohner z\u00e4hlt Hanstedt (Harburg). Das Gemeindegebiet umfasst ein Gesamtareal von ziemlich genau 59 Quadratkilometer. Das Wirtschaftsleben von Hanstedt lebt von der verkehrstechnisch sehr guten Lage in der L\u00fcneburger Heide. Insbesondere f\u00fcr die mittelst\u00e4ndischen Betriebe erweist sich die Zentralit\u00e4t des Ortes als Wachstumsmotor. Wirtschaftlich betrachtet wird Hanstedt vor allem durch mittelst\u00e4ndische Betriebe aus den Bereichen Dienstleistung und Handwerk gepr\u00e4gt. Diese Wirtschaftszweign sind ausgesprochen prominent vertreten. Des Weiteren wurde der Tourismus zu einem wichtigen Standbein der \u00f6rtlichen Wirtschaft. Erholungssuchende finden in Hanstedt (Harburg) zahlreiche M\u00f6glichkeiten zum Wandern und f\u00fcr Radtouren. Insbesondere die ausdehnten Heidefl\u00e4chen des Naturschutzgebietes L\u00fcneburger Heide sowie die Hanstedter Berge ziehen viele Tagesbesucher und Touristen in die Region. <\/p>\n<p>Hanstedt (Harburg) ist ein familiengeeigneter Ort. Die Gemeinde \u00fcberzeugt durch eine ausgezeichnete Infrastruktur. Organisatorisch z\u00e4hlt Hanstedt zum Landkreis Harburg.<\/p>\n<h4>Wir f\u00fcr Sie in Hanstedt (Harburg)!<\/h4>\n<p>Das Leben in Hanstedt (Harburg) ist ruhig. Die Gemeinde verf\u00fcgt \u00fcber zahlreiche sch\u00f6ne Wohngebiete, die vor allem von einer ansprechenden Einzelhausbebauung gepr\u00e4gt sind. Sie interessieren sich f\u00fcr unser Leistungsangebot und haben deshalb unsere Website besucht? Das freut uns sehr. Unser engagiertes Team nimmt gerne Ihren Anruf entgegen oder beantwortet Ihre E-Mail.<\/p>","popseo_zusatztext":"<h3>Qualit\u00e4t kann auch g\u00fcnstig und preiswert sein<\/h3>\n<p>Bauelemente m\u00fcssen h\u00f6chsten Anspr\u00fcchen standhalten. Nichtsdestrotrotz mu\u00df es g\u00fcnstig und preiswert sein. Das muss generell kein Gegensatz sein. <\/p>\n<p>Als Fachunternehmen f\u00fcr Sonnenschutz und Sicherheit verwenden wir nur ausgezeichnete Erzeugnisse. Trotzdem achten wir immer auf ein gutes Preis-Leistungsverh\u00e4ltnis. Wir m\u00f6chten Ihnen Qualit\u00e4t anbieten, die zugleich auch g\u00fcnstig und preiswert ist. Verleihen Sie Ihrem Zuhause g\u00fcnstig und preiswert das besondere Plus an Qualit\u00e4t. Rolll\u00e4den und Markisen oder andere Sonnenschutzl\u00f6sungen sehen nicht nur hervorragend aus, sie leisten auch einen wichtigen Anteil zur W\u00e4rmed\u00e4mmung.  <\/p>\n<h3>G\u00fcnstig und preiswert \u2013 unsere Leistung \u00fcberzeugt<\/h3>\n<p>D\u00fcrfen wir Sie informieren, wie Sie g\u00fcnstig und preiswert einen perfekten Sonnenschutz f\u00fcr Ihr Heim umsetzen? Super, dann z\u00f6gern Sie bitte nicht und nehmen am besten gleich heute noch Kontakt mit uns auf. Ein kurzer Telefonanruf oder auch eine kurze eMail gen\u00fcgen. Gerne beraten Sie unsere perfekt ausgebildeten Fachleute \u00fcber die verschiedenen M\u00f6glichkeiten, wie Sie Ihr Haus g\u00fcnstig und preiswert mit Markisen und Rolll\u00e4den oder anderen Sonnenschutzprodukten versehen. Wir freuen uns auf das Gespr\u00e4ch mit Ihnen. <\/p>\n<h4>Top-Qualit\u00e4t g\u00fcnstig und preiswert<\/h4>\n<p>Vertrauen Sie beim Thema Sonnenschutz und Sicherheit auf den Profi. Nur ein Fachbetrieb kennt die verschiedenen M\u00f6glichkeiten, wie Sie g\u00fcnstig und preiswert, zugleich qualitativ hochwertig einen tadellosen Sonnenschutz verwirklichen. Qualit\u00e4tsbewusst, g\u00fcnstig und preiswert: Wir empfehlen uns als spezialisiertes Fachunternehmen im norddeutschen Raum. Unsere langj\u00e4hrige Erfahrung spricht f\u00fcr uns.<\/p>","popseo_links":"<a href=\"https:\/\/www.kaduk-bauelemente.de\/leistungen\/terrassendaecher-aus-aluminium-geesthacht\/\">Terrassend\u00e4cher aus Aluminium Geesthacht<\/a>, <a href=\"https:\/\/www.kaduk-bauelemente.de\/leistungen\/fenster-maschen\/\">Fenster Maschen<\/a>, <a href=\"https:\/\/www.kaduk-bauelemente.de\/leistungen\/rollladen-bispingen\/\">Rollladen Bispingen<\/a>, <a href=\"https:\/\/www.kaduk-bauelemente.de\/leistungen\/aussenjalousien-herzogtum-lauenburg\/\">Au\u00dfenjalousien Herzogtum Lauenburg<\/a>, <a href=\"https:\/\/www.kaduk-bauelemente.de\/leistungen\/insektenschutz-bergedorf-wentorf\/\">Insektenschutz Bergedorf Wentorf<\/a>, <a href=\"https:\/\/www.kaduk-bauelemente.de\/leistungen\/fenster-buechen\/\">Fenster B\u00fcchen<\/a>, <a href=\"https:\/\/www.kaduk-bauelemente.de\/leistungen\/garagen-maschen\/\">Garagen Maschen<\/a>, <a href=\"https:\/\/www.kaduk-bauelemente.de\/leistungen\/aussenjalousien-bergedorf-wentorf\/\">Au\u00dfenjalousien Bergedorf Wentorf<\/a>, <a href=\"https:\/\/www.kaduk-bauelemente.de\/leistungen\/rolltore-hanstedt\/\">Rolltore Hanstedt<\/a>, <a href=\"https:\/\/www.kaduk-bauelemente.de\/leistungen\/kunststofffenster-bispingen\/\">Kunststofffenster Bispingen<\/a>, <a href=\"https:\/\/www.kaduk-bauelemente.de\/leistungen\/rollladen-buchholz\/\">Rollladen Buchholz<\/a>, <a href=\"https:\/\/www.kaduk-bauelemente.de\/leistungen\/insektenschutz-ebstorf\/\">Insektenschutz Ebstorf<\/a>, <a href=\"https:\/\/www.kaduk-bauelemente.de\/leistungen\/terrassendaecher-aus-holz-bispingen\/\">Terrassend\u00e4cher aus Holz Bispingen<\/a>, <a href=\"https:\/\/www.kaduk-bauelemente.de\/leistungen\/haustueren-herzogtum-lauenburg\/\">Haust\u00fcren Herzogtum Lauenburg<\/a>, <a href=\"https:\/\/www.kaduk-bauelemente.de\/leistungen\/zaunbau-buechen\/\">Zaunbau B\u00fcchen<\/a>, <a href=\"https:\/\/www.kaduk-bauelemente.de\/leistungen\/sektionaltore-amt-neuhaus\/\">Sektionaltore Amt Neuhaus<\/a>, <a href=\"https:\/\/www.kaduk-bauelemente.de\/leistungen\/fenster-bergedorf-wentorf\/\">Fenster Bergedorf Wentorf<\/a>, <a href=\"https:\/\/www.kaduk-bauelemente.de\/leistungen\/insektenschutz-reppenstedt\/\">Insektenschutz Reppenstedt<\/a>, <a href=\"https:\/\/www.kaduk-bauelemente.de\/leistungen\/rollladen-amelinghausen\/\">Rollladen Amelinghausen<\/a>, <a href=\"https:\/\/www.kaduk-bauelemente.de\/leistungen\/carports-buechen\/\">Carports B\u00fcchen<\/a>, <a href=\"https:\/\/www.kaduk-bauelemente.de\/leistungen\/raffstores-seevetal-rosengarten\/\">Raffstores Seevetal Rosengarten<\/a>, <a href=\"https:\/\/www.kaduk-bauelemente.de\/leistungen\/rolllaeden-geesthacht\/\">Rolll\u00e4den Geesthacht<\/a>, <a href=\"https:\/\/www.kaduk-bauelemente.de\/leistungen\/kunststofffenster-buchholz\/\">Kunststofffenster Buchholz<\/a>, <a href=\"https:\/\/www.kaduk-bauelemente.de\/leistungen\/rolllaeden-reppenstedt\/\">Rolll\u00e4den Reppenstedt<\/a>, <a href=\"https:\/\/www.kaduk-bauelemente.de\/leistungen\/terrassendaecher-aus-holz-stelle\/\">Terrassend\u00e4cher aus Holz Stelle<\/a>, <a href=\"https:\/\/www.kaduk-bauelemente.de\/leistungen\/kunststofffenster-adendorf\/\">Kunststofffenster Adendorf<\/a>"},"_links":{"self":[{"href":"https:\/\/www.kaduk-bauelemente.de\/leistungen\/wp-json\/wp\/v2\/pages\/4423","targetHints":{"allow":["GET"]}}],"collection":[{"href":"https:\/\/www.kaduk-bauelemente.de\/leistungen\/wp-json\/wp\/v2\/pages"}],"about":[{"href":"https:\/\/www.kaduk-bauelemente.de\/leistungen\/wp-json\/wp\/v2\/types\/page"}],"author":[{"embeddable":true,"href":"https:\/\/www.kaduk-bauelemente.de\/leistungen\/wp-json\/wp\/v2\/users\/1"}],"replies":[{"embeddable":true,"href":"https:\/\/www.kaduk-bauelemente.de\/leistungen\/wp-json\/wp\/v2\/comments?post=4423"}],"version-history":[{"count":0,"href":"https:\/\/www.kaduk-bauelemente.de\/leistungen\/wp-json\/wp\/v2\/pages\/4423\/revisions"}],"wp:attachment":[{"href":"https:\/\/www.kaduk-bauelemente.de\/leistungen\/wp-json\/wp\/v2\/media?parent=4423"}],"curies":[{"name":"wp","href":"https:\/\/api.w.org\/{rel}","templated":true}]}}