{"id":4421,"date":"2021-08-25T12:19:04","date_gmt":"2021-08-25T10:19:04","guid":{"rendered":"https:\/\/www.kaduk-bauelemente.de\/leistungen\/markisen-ebstorf\/"},"modified":"2021-08-25T12:19:04","modified_gmt":"2021-08-25T10:19:04","slug":"markisen-ebstorf","status":"publish","type":"page","link":"https:\/\/www.kaduk-bauelemente.de\/leistungen\/markisen-ebstorf\/","title":{"rendered":"Markisen &#8211; Ebstorf"},"content":{"rendered":"<h3>Passende Markisen erh\u00f6hen den Wohnwert<\/h3>\n<p>Markisen fungieren als sehr guter Regen-, Blend- oder Sonnenschutz. Die Markisen werden zusammen mit einem speziellen Metallgestell zur Aufbewahrung und Bedienung i.d.R. \u00fcber einem Fenster oder auch einer T\u00fcr angeschraubt. Im Spezialgesch\u00e4ft erh\u00e4lt man die sog. Roll-Markisen, die Falt-Markisen sowie die Fest-Markisen. Bei den zuerst genannten Markisen l\u00e4sst sich die Bespannung mit Hilfe einer Tuchwelle aufrollen. Die zweite Produktart rafft den Stoff beim Aus- oder Einfahren und die festverbauten Markisen schlie\u00dflich sind in der Form unver\u00e4nderbar. Lieferbar sind die Markisen mit einem Gelenkarm und als so bezeichnete Kassettenmarkisen. Als Standard verf\u00fcgen die Markisen \u00fcber eine regenfeste Bespannung. <\/p>\n<p>In unserem etablierten Fachgesch\u00e4ft finden Sie f\u00fcr jeden Einsatzzweck eine praktische und h\u00fcbsche Markise. Selbstverst\u00e4ndlich f\u00fchren wir Markisen in s\u00e4mtlichen Farben, Designs und Formen. Ihr pers\u00f6nlicher Wohnstil gibt die Auswahl vor! Individuelle Musterl\u00f6sungen halten wir f\u00fcr Winterg\u00e4rten, Fassaden und Fenster bereit. <\/p>\n<h3>Markisen sind immer eine gute Idee!<\/h3>\n<p>In den Sommermonaten werden die Markisen h\u00e4ufig als optisch gelungener Blendschutz genutzt. Als positiver Effekt zeichnen sich die Markisen aber auch als fraglos wirksame W\u00e4rmeisolierung aus. Die Markisen spenden Beschattung und sch\u00fctzen zugleich die Innenr\u00e4ume eines Hauses vor gro\u00dfer Hitze. Richtig montiert, werden Sie lange Zeit Ihren Nutzen an den Markisen haben. Und mal nebenbei: Die Markisen werten ein Wohn- oder Gesch\u00e4ftshaus des \u00f6fteren optisch ganz erheblich auf.<\/p>\n","protected":false},"excerpt":{"rendered":"<p>Passende Markisen erh\u00f6hen den Wohnwert Markisen fungieren als sehr guter Regen-, Blend- oder Sonnenschutz. Die Markisen werden zusammen mit einem speziellen Metallgestell zur Aufbewahrung und Bedienung i.d.R. \u00fcber einem Fenster oder auch einer T\u00fcr angeschraubt. Im Spezialgesch\u00e4ft erh\u00e4lt man die sog. Roll-Markisen, die Falt-Markisen sowie die Fest-Markisen. Bei den zuerst genannten Markisen l\u00e4sst sich die [&hellip;]<\/p>\n","protected":false},"author":1,"featured_media":0,"parent":0,"menu_order":0,"comment_status":"closed","ping_status":"closed","template":"","meta":{"footnotes":""},"class_list":["post-4421","page","type-page","status-publish","hentry"],"meta_box":{"popseo_subtitel":"Kaduk Bauelemente ist Ihr Spezialist f\u00fcr Markisen in Ebstorf","popseo_subtitel2":"Markisen - wir haben die richtige L\u00f6sung f\u00fcr Sie","popseo_lasttitel":"Markisen: D\u00fcrfen wir Ihre Fragen beantworten?","popseo_region":"Ebstorf","popseo_sachwort":"Markisen","popseo_noupdate":"","popseo_einleitungstext":"<p>Wenn es um Sonnenschutz und Sicherheit geht, sind Sie bei der Firma Kaduk genau an der richtigen Adresse. Seit Unternehmensgr\u00fcndung sind wir Ihr lokaler Fachbetrieb f\u00fcr qualitativ hochwertige Bauelemente. Zu unserem Produktsortiment geh\u00f6ren unter anderem Rolltore, Terrassend\u00e4cher, Markisen, Au\u00dfenjalousien, Fenster, T\u00fcren, Rolll\u00e4den und Carports. Unsere Fachleute erledigen Montage- und Reparaturarbeiten und zeigen Ihnen M\u00f6glichkeiten auf, wie Sie Ihre Immobilie mit modernen Bauelementen ausstatten k\u00f6nnen. Auf diesen Seiten haben wir einige erste Informationen f\u00fcr Sie notiert.<\/p>","popseo_schlusstext":"<p>Sie haben Fragen zu unserem Produkt- und Leistungskatalog? Wenn Sie m\u00f6chten, informieren wir Sie gerne n\u00e4her \u00fcber unser gesamtes Aufgabengebiet. Mit Vergn\u00fcgen pr\u00e4sentieren wir Ihnen einige Referenzen, die Ihnen einen Einblick in unsere Arbeit geben. Rufen Sie uns doch einfach einmal an oder schicken Sie uns eine E-Mail. Unser freundliches Team arbeitet fachkundig und immer kundenorientiert. Unser Kontakttelefon f\u00fcr Sie: <\/p>\n<p>04131 \u2013 40 81 45<\/p>","popseo_stadttext":"<h3>Unser Einzugsbereich umfasst auch Ebstorf<\/h3>\n<p>Ebstorf befindet sich mittig in der L\u00fcneburger Heide und geh\u00f6rt juristisch zum Landkreis Uelzen. Die Gemeinde hat \u00fcber 5.000 registrierte Einwohner und streckt sich \u00fcber eine Gesamtfl\u00e4che von knapp 27 qkm. Ebstorf ist z\u00e4hlt zur Samtgemeinde Bevensen-Ebstorf, einem Zusammenschluss von 13 kleineren Orten. Die Samtgemeinde z\u00e4hlt in Summe rund 26.000 Einwohner und erstreckt sich \u00fcber ein Areal von etwas mehr als 479 Quadratkilometern.<\/p>\n<p>Durch unsere Vertriebst\u00e4tigkeit haben wir uns einen sehr guten \u00dcberblick \u00fcber die Architektur der Gemeinden und St\u00e4dte unseres Einzugsbereiches erarbeiten k\u00f6nnen. Selbstverst\u00e4ndlich geh\u00f6rt auch Ebstorf unserem unmittelbaren Gesch\u00e4ftsgebiet. Sie kommen aus der Region und sind hier im Internet auf unsere Website gesto\u00dfen? Das finden wir toll. Gerne pr\u00e4sentieren wir Ihnen unser komplettes Leistungsspektrum und beantworten Ihre Fragen. Wir freuen uns darauf, mit Ihnen in Kontakt zu treten. <\/p>\n<h3>Gute Gr\u00fcnde sprechen f\u00fcr den Wohnort Ebstorf<\/h3>\n<p>\u00dcber die Landesstra\u00dfen L 250 und L 233 ist Ebstorf einfach und bequem mit dem Wagen zu erreichen. Des Weiteren erreicht man die Gemeinde mit der Eisenbahn auf der Streckenverbindung Langwedel-Uelzen. Ebstorf ist damit sehr gut an die beiden Mittelzentren Uelzen und L\u00fcneburg angebunden. Zahlreiche B\u00fcrger arbeiten in den nahegelegenen St\u00e4dten, m\u00f6gen jedoch Ebstorf als Wohnort und Lebensmittelpunkt. Ebstorf kann entsprechend auch als Pendlergemeinde bezeichnet werden. \u00dcberregional bekannt ist der Ort au\u00dferdem als Sitz eines Klosters. Das Kloster Ebstorf ist eines von insgesamt sechs Heidekl\u00f6stern in der Region L\u00fcneburg. Ebstorf ist unstreitig ein reizvoller Platz zum Leben. Die charmante Kleinstadt verf\u00fcgt \u00fcber eine ausgezeichnete Infrastruktur und bestens ausgebaute Wohngebiete.    <\/p>\n<h4>Unsere Leistung f\u00fcr qualit\u00e4tsbewusste Kunden aus Ebstorf<\/h4>\n<p>Sie leben in Ebstorf und interessieren sich f\u00fcr unser Leistungsangebot. Klasse, dass Sie diese Seite gefunden haben. F\u00fcr R\u00fcckfragen stehen wir Ihnen jederzeit zur Verf\u00fcgung. Auf den Kontakt zu Ihnen freuen wir uns.<\/p>","popseo_zusatztext":"<h3>G\u00fcnstig und preiswert ohne Abstriche bei der Qualit\u00e4t<\/h3>\n<p>Bauelemente m\u00fcssen h\u00f6chsten Anforderungen standhalten. Gleichwohl mu\u00df es g\u00fcnstig und preiswert sein. Das muss generell kein Gegensatz sein. <\/p>\n<p>Als Fachunternehmen f\u00fcr Sonnenschutz- und Sicherheitsl\u00f6sungen verwenden wir ausnahmslos ausgezeichnete Erzeugnisse. Gleichwohl schauen wir grunds\u00e4tzlich auf ein angemessenes Preis-Leistungsverh\u00e4ltnis. Wir m\u00f6chten Ihnen Spitzenqualit\u00e4t bieten, die zugleich auch g\u00fcnstig und preiswert ist. Geben Sie Ihrem Haus g\u00fcnstig und preiswert das gewisse Plus an Qualit\u00e4t. Markisen und Rolll\u00e4den oder andere Sonnenschutzl\u00f6sungen sehen nicht nur hervorragend aus, sie leisten auch einen wichtigen Anteil zur W\u00e4rmed\u00e4mmung.  <\/p>\n<h3>G\u00fcnstig und preiswert ohne Abstriche bei der Qualit\u00e4t<\/h3>\n<p>D\u00fcrfen wir Sie beraten, wie Sie g\u00fcnstig und preiswert einen optimalen Sonnenschutz f\u00fcr Ihr Haus realisieren? Super, dann warten Sie bitte nicht und nehmen am besten sofort heute noch Verbindung mit uns auf. Ein kurzer Telefonanruf oder auch eine schnelle Email gen\u00fcgen. Sehr gerne informieren Sie unsere gut ausgebildeten Profis \u00fcber die verschiedenen Optionen, wie Sie Ihr Zuhause g\u00fcnstig und preiswert mit Rolll\u00e4den und Markisen oder anderen Sonnenschutzprodukten ausstatten. Wir freuen uns auf den Austausch mit Ihnen. <\/p>\n<h4>G\u00fcnstig und preiswert \u2013 manchmal macht auch der Preis den Unterschied<\/h4>\n<p>Z\u00e4hlen Sie beim Thema Sonnenschutz und Sicherheit auf den Profi. Nur ein Fachbetrieb kennt die unterschiedlichen M\u00f6glichkeiten, wie Sie g\u00fcnstig und preiswert, trotzdem qualitativ spitze einen optimalen Sonnenschutz erreichen. Qualit\u00e4tsbewusst, g\u00fcnstig und preiswert: Wir empfehlen uns als spezialisiertes Unternehmen im norddeutschen Gebiet. Unsere langj\u00e4hrige Erfahrung spricht f\u00fcr uns.<\/p>","popseo_links":"<a href=\"https:\/\/www.kaduk-bauelemente.de\/leistungen\/garagentore-ebstorf\/\">Garagentore Ebstorf<\/a>, <a href=\"https:\/\/www.kaduk-bauelemente.de\/leistungen\/carports-tostedt-sittensen\/\">Carports Tostedt Sittensen<\/a>, <a href=\"https:\/\/www.kaduk-bauelemente.de\/leistungen\/aussenjalousien-amt-neuhaus\/\">Au\u00dfenjalousien Amt Neuhaus<\/a>, <a href=\"https:\/\/www.kaduk-bauelemente.de\/leistungen\/rollladen-winsen-luhe\/\">Rollladen Winsen Luhe<\/a>, <a href=\"https:\/\/www.kaduk-bauelemente.de\/leistungen\/terrassendaecher-aus-holz-lueneburg\/\">Terrassend\u00e4cher aus Holz L\u00fcneburg<\/a>, <a href=\"https:\/\/www.kaduk-bauelemente.de\/leistungen\/raffstores-tostedt-sittensen\/\">Raffstores Tostedt Sittensen<\/a>, <a href=\"https:\/\/www.kaduk-bauelemente.de\/leistungen\/haustueren-bienenbuettel\/\">Haust\u00fcren Bienenb\u00fcttel<\/a>, <a href=\"https:\/\/www.kaduk-bauelemente.de\/leistungen\/insektenschutz-lueneburg\/\">Insektenschutz L\u00fcneburg<\/a>, <a href=\"https:\/\/www.kaduk-bauelemente.de\/leistungen\/terrassendaecher-aus-holz-herzogtum-lauenburg\/\">Terrassend\u00e4cher aus Holz Herzogtum Lauenburg<\/a>, <a href=\"https:\/\/www.kaduk-bauelemente.de\/leistungen\/terrassendaecher-aus-holz-schwarzenbek\/\">Terrassend\u00e4cher aus Holz Schwarzenbek<\/a>, <a href=\"https:\/\/www.kaduk-bauelemente.de\/leistungen\/zaunbau-lueneburg\/\">Zaunbau L\u00fcneburg<\/a>, <a href=\"https:\/\/www.kaduk-bauelemente.de\/leistungen\/terrassenueberdachungen-aus-holz-ebstorf\/\">Terrassen\u00fcberdachungen aus Holz Ebstorf<\/a>, <a href=\"https:\/\/www.kaduk-bauelemente.de\/leistungen\/terrassendaecher-aus-aluminium-winsen-luhe\/\">Terrassend\u00e4cher aus Aluminium Winsen Luhe<\/a>, <a href=\"https:\/\/www.kaduk-bauelemente.de\/leistungen\/tueren-salzhausen\/\">T\u00fcren Salzhausen<\/a>, <a href=\"https:\/\/www.kaduk-bauelemente.de\/leistungen\/kunststofffenster-bienenbuettel\/\">Kunststofffenster Bienenb\u00fcttel<\/a>, <a href=\"https:\/\/www.kaduk-bauelemente.de\/leistungen\/aussenjalousien-ebstorf\/\">Au\u00dfenjalousien Ebstorf<\/a>, <a href=\"https:\/\/www.kaduk-bauelemente.de\/leistungen\/aussenjalousien-tostedt-sittensen\/\">Au\u00dfenjalousien Tostedt Sittensen<\/a>, <a href=\"https:\/\/www.kaduk-bauelemente.de\/leistungen\/terrassendaecher-aus-holz-ebstorf\/\">Terrassend\u00e4cher aus Holz Ebstorf<\/a>, <a href=\"https:\/\/www.kaduk-bauelemente.de\/leistungen\/tueren-stelle\/\">T\u00fcren Stelle<\/a>, <a href=\"https:\/\/www.kaduk-bauelemente.de\/leistungen\/haustueren-harburg\/\">Haust\u00fcren Harburg<\/a>, <a href=\"https:\/\/www.kaduk-bauelemente.de\/leistungen\/tueren-harburg\/\">T\u00fcren Harburg<\/a>, <a href=\"https:\/\/www.kaduk-bauelemente.de\/leistungen\/tueren-jesteburg\/\">T\u00fcren Jesteburg<\/a>, <a href=\"https:\/\/www.kaduk-bauelemente.de\/leistungen\/fliegengitter-uelzen\/\">Fliegengitter Uelzen<\/a>, <a href=\"https:\/\/www.kaduk-bauelemente.de\/leistungen\/carports-bardowick\/\">Carports Bardowick<\/a>, <a href=\"https:\/\/www.kaduk-bauelemente.de\/leistungen\/rolltore-bergedorf-wentorf\/\">Rolltore Bergedorf Wentorf<\/a>, <a href=\"https:\/\/www.kaduk-bauelemente.de\/leistungen\/kunststofffenster-buechen\/\">Kunststofffenster B\u00fcchen<\/a>"},"_links":{"self":[{"href":"https:\/\/www.kaduk-bauelemente.de\/leistungen\/wp-json\/wp\/v2\/pages\/4421","targetHints":{"allow":["GET"]}}],"collection":[{"href":"https:\/\/www.kaduk-bauelemente.de\/leistungen\/wp-json\/wp\/v2\/pages"}],"about":[{"href":"https:\/\/www.kaduk-bauelemente.de\/leistungen\/wp-json\/wp\/v2\/types\/page"}],"author":[{"embeddable":true,"href":"https:\/\/www.kaduk-bauelemente.de\/leistungen\/wp-json\/wp\/v2\/users\/1"}],"replies":[{"embeddable":true,"href":"https:\/\/www.kaduk-bauelemente.de\/leistungen\/wp-json\/wp\/v2\/comments?post=4421"}],"version-history":[{"count":0,"href":"https:\/\/www.kaduk-bauelemente.de\/leistungen\/wp-json\/wp\/v2\/pages\/4421\/revisions"}],"wp:attachment":[{"href":"https:\/\/www.kaduk-bauelemente.de\/leistungen\/wp-json\/wp\/v2\/media?parent=4421"}],"curies":[{"name":"wp","href":"https:\/\/api.w.org\/{rel}","templated":true}]}}