{"id":4417,"date":"2021-08-25T12:19:04","date_gmt":"2021-08-25T10:19:04","guid":{"rendered":"https:\/\/www.kaduk-bauelemente.de\/leistungen\/markisen-bispingen\/"},"modified":"2021-08-25T12:19:04","modified_gmt":"2021-08-25T10:19:04","slug":"markisen-bispingen","status":"publish","type":"page","link":"https:\/\/www.kaduk-bauelemente.de\/leistungen\/markisen-bispingen\/","title":{"rendered":"Markisen &#8211; Bispingen"},"content":{"rendered":"<h3>Passende Markisen erh\u00f6hen den Wohnwert<\/h3>\n<p>Markisen fungieren als wirksamer Regen-, Blend- oder Sonnenschutz. Die Markisen werden in Verbindung mit einem passenden Metallgestell zur Bedienung und Aufbewahrung meistens \u00fcber einem Fenster oder auch einer T\u00fcr befestigt. Im Spezialgesch\u00e4ft bekommt man die sog. Roll-Markisen, die Falt-Markisen wie auch die Fest-Markisen. Bei den erstgenannten Markisen kann man die Bespannung mit Hilfe einer Welle aufrollen. Die zweite Produktgattung rafft die Bespannung beim Aus- oder Einfahren und die festverbauten Markisen schlu\u00dfendlich sind in der Form unver\u00e4nderbar. Lieferbar sind die Markisen mit Gelenkarm sowie als sog. Kassettenmarkisen. Als Standard verf\u00fcgen die Markisen \u00fcber eine regenfeste Bespannung. <\/p>\n<p>In unserem qualit\u00e4tsbewussten Fachunternehmen finden Sie f\u00fcr jeden Zweck eine zweckm\u00e4\u00dfge und formsch\u00f6ne Markise. Nat\u00fcrlich haben wir Markisen in s\u00e4mtlichen Farben, Designs und Formen. Ihr individueller Geschmack gibt die Auswahl vor! Individuelle Musterl\u00f6sungen halten wir f\u00fcr Winterg\u00e4rten, Fenster und Fassaden vorr\u00e4tig. <\/p>\n<h3>Markisen sind immer eine gute Idee!<\/h3>\n<p>W\u00e4hrend der Sommermonate werden die Markisen regelm\u00e4\u00dfg als optisch gelungener Blendschutz verwendet. Als positiver Nutzen zeichnen sich die Markisen gleichwohl als fraglos wirkungsvolle Isolierung aus. Die Markisen spenden Beschattung und sch\u00fctzen zugleich den Innenraum eines Hauses vor gro\u00dfer Hitze. Fachgerecht montiert, werden Sie auf lange Zeit Ihren Nutzen an den Markisen haben. Und mal nebenbei: Die Markisen werten ein Haus mitunter optisch ganz erheblich auf.<\/p>\n","protected":false},"excerpt":{"rendered":"<p>Passende Markisen erh\u00f6hen den Wohnwert Markisen fungieren als wirksamer Regen-, Blend- oder Sonnenschutz. Die Markisen werden in Verbindung mit einem passenden Metallgestell zur Bedienung und Aufbewahrung meistens \u00fcber einem Fenster oder auch einer T\u00fcr befestigt. Im Spezialgesch\u00e4ft bekommt man die sog. Roll-Markisen, die Falt-Markisen wie auch die Fest-Markisen. Bei den erstgenannten Markisen kann man die [&hellip;]<\/p>\n","protected":false},"author":1,"featured_media":0,"parent":0,"menu_order":0,"comment_status":"closed","ping_status":"closed","template":"","meta":{"footnotes":""},"class_list":["post-4417","page","type-page","status-publish","hentry"],"meta_box":{"popseo_subtitel":"Kaduk Bauelemente ist Ihr erfahrener Experte f\u00fcr Markisen in Bispingen","popseo_subtitel2":"Markisen - setzen Sie auf unsere Erfahrung","popseo_lasttitel":"Markisen: Unsere Experten beantworten Ihre Fragen","popseo_region":"Bispingen","popseo_sachwort":"Markisen","popseo_noupdate":"","popseo_einleitungstext":"<p>Die Firma Dirk Kaduk Bauelemente ist Ihr qualifizierter und erfahrener Fachbetrieb f\u00fcr Sonnenschutz und Sicherheit im Norden. Mit unserem Unternehmenssitz in Adendorf bei L\u00fcneburg decken wir ein geografisch gro\u00dfes Gebiet ab. Bei uns erhalten Sie qualitativ hochwertige Bauelemente in gro\u00dfer Auswahl. Zu unserem Produktsortiment geh\u00f6ren unter anderem T\u00fcren, Au\u00dfenjalousien, Fenster, Rolltore, Markisen, Terrassend\u00e4cher, Carports und Rolll\u00e4den. Selbstverst\u00e4ndlich erledigen wir auch Reparatur- und Montagearbeiten f\u00fcr Sie. Auf unserer Homepage finden Sie unser gesamtes Produkt- und Dienstleistungsangebot detailliert beschrieben. Kompetent und sachgerecht beraten wir Sie \u00fcber Ihre M\u00f6glichkeiten und f\u00fchren alle anfallenden Arbeiten mit Sachverstand und gewissenhaft aus - so wie Sie es von einem spezialisierten Fachbetrieb erwarten k\u00f6nnen.<\/p>","popseo_schlusstext":"<p>Auf Wunsch informieren wir Sie n\u00e4her \u00fcber unser Produkt- und Leistungsprogramm. Wir nennen Ihnen mit Vergn\u00fcgen auch ein paar Referenzprojekte, die Ihnen einen Einblick in unsere Firment\u00e4tigkeit geben.<br \/>\nDie Fachleute der Firma Kaduk sind gerne f\u00fcr Sie im Einsatz. Rufen Sie uns doch einfach einmal an oder senden Sie uns eine schnelle E-Mail. Wir freuen uns auf Ihre Kontaktaufnahme.<\/p>","popseo_stadttext":"<h3>Die Einheitsgemeinde Bispingen<\/h3>\n<p>Bispingen ist eine Einheitsgemeinde in der Mitte der L\u00fcneburger Heide. Formell z\u00e4hlt die Gemeinde zum Landkreis Heidekreis. Bispingen hat etwa 6.000 registrierte Einwohner und erstreckt sich \u00fcber ein Areal von rund 128 Quadratkilometer. Man erreicht man den Ort mit dem PKW \u00fcber die Bundesautobahn BAB 7. Direkt an der Abfahrt 43 erkennt man schon von Weitem dem Snow Dome Bispingen, eine Skihalle, die sich seit dem Jahr 2006 gr\u00f6\u00dfter Popularit\u00e4t erfreut<\/p>\n<p>Durch unsere Vertriebst\u00e4tigkeit haben wir uns einen sehr guten \u00dcberblick \u00fcber die Stadtarchitektur der St\u00e4dte und Gemeinden unseres Einzugsbereiches machen k\u00f6nnen. Sie kommen aus Bispingen und sind hier im World Wide Web auf unsere Website gesto\u00dfen? Das finden wir toll. Sehr gerne pr\u00e4sentieren wir Ihnen unser komplettes Leistungsspektrum und beantworten Ihre Fragen. Wir freuen uns darauf, mit Ihnen ins Gespr\u00e4ch zu treten. <\/p>\n<h3>Interessante Fakten zu Bispingen<\/h3>\n<p>Durch die die Gemeinde umgebende Heideregion und den Snowdome ist die attraktive Gemeinde touristisch von hohem Interesse. Neben einem ausgewogenen Mix von unterschiedlichen Einzelhandelsgesch\u00e4ften, finden sich fernerhin etliche Hotels, Pensionen und Schank- und Speisewirtschaften im Gemeindezentrum.  Bispingen ist ansonsten ein sehr familiengerechter Ort und bietet den Einwohnern ein absolut interessantes Umfeld zum Arbeiten und Leben. Die Gemeinde Bispingen hat eine gute Infrastruktur und attraktiv ausgebaute Wohnviertel. Die Einzelhausbebauung \u00fcberwiegt. Gr\u00f6\u00dfere Hochh\u00e4user gibt es in Bispingen nicht.<\/p>\n<h4>Privat- und Gesch\u00e4ftskunden aus Bispingenl sch\u00e4tzen unsere Leistungen!<\/h4>\n<p>Sie leben in Bispingen oder Umgebung und interessieren sich f\u00fcr unser Leistungsangebot. Klasse, dass Sie diese Website gefunden haben. F\u00fcr R\u00fcckfragen sind wir jederzeit f\u00fcr Sie da. Auf Ihre Anfragen freuen wir uns.<\/p>","popseo_zusatztext":"<h3>In Sachen Sicht- und Sonnenschutz sind wir Ihr qualifizierter Fachbetrieb<\/h3>\n<p>Setzen Sie in Sachen Sicherheit und Sonnenschutz auf alle F\u00e4lle auf die sachspezifische Leistung vom Fachbetrieb. Nur ein Fachbetrieb wei\u00df von den M\u00f6glichkeiten, wie man zu einem hervorragenden Ergebnis kommt. Um sich mit Fug und Recht als Fachbetrieb zu titulieren, bedarf es einer qualifizierten Ausbildung der Mitarbeiter und einer jahrelangen Berufserfahrung.  <\/p>\n<p>Unser Unternehmen empfiehlt sich als Ihr erfahrener Fachbetrieb f\u00fcr Sonnenschutz und Sicherheit. Erreichen Sie Ihr Ziel und schenken Sie unserem Fachbetrieb Ihr Vertrauen. Wir bieten Ihnen beispielsweise hochqualitative Markisen und Rolll\u00e4den und legen allergr\u00f6\u00dften Wert auf einen 1a- Service. Schon seit vielen Jahren sind wir erfahrener Fachbetrieb f\u00fcr Terrassend\u00e4cher, Au\u00dfenjalousien, Rolll\u00e4den im Raum L\u00fcneburg. Es ist unser Bestreben, dass Sie lange Jahre viel Freude an Ihrem Sicht und Sonnenschutz haben. Von einem Fachbetrieb d\u00fcrfen Sie zu Recht eine fehlerfreie Top-Leistung erwarten.<\/p>\n<h3>Dirk Kaduk Bauelemente \u2013 Ihr Fachbetrieb f\u00fcr Sicherheit und Sonnenschutz<\/h3>\n<p>Als Fachbetrieb darf sich ein Unternehmen bezeichnen, deren Angestellte \u00fcber nachweisbare Qualifikationen verf\u00fcgen. Dies ist beispielsweise eine entsprechende Berufsausbildung oder ein Meisterbrief. Auch zeichnet eine langj\u00e4hrige praktische Erfahrung einen Fachbetrieb aus. Bereits seit vielen Jahren konzentrieren wir uns als spezialisiertes Unternehmen auf Sicherheit und Sonnenschutz von Immobilien. In diesen vielen Jahren haben wir uns das Attribut Fachbetrieb bestimmt erarbeitet. Wir nutzen nur hervorragende Artikel. Dabei achten wir immer auf ein faires Preis-Leistungsverh\u00e4ltnis. Unser Credo als Fachbetrieb: Wir bieten Ihnen 1a-Leistung zu einem sehr guten Preis.<\/p>","popseo_links":"<a href=\"https:\/\/www.kaduk-bauelemente.de\/leistungen\/zaunbau-tostedt-sittensen\/\">Zaunbau Tostedt Sittensen<\/a>, <a href=\"https:\/\/www.kaduk-bauelemente.de\/leistungen\/rollladen-seevetal-rosengarten\/\">Rollladen Seevetal Rosengarten<\/a>, <a href=\"https:\/\/www.kaduk-bauelemente.de\/leistungen\/fliegengitter-buchholz\/\">Fliegengitter Buchholz<\/a>, <a href=\"https:\/\/www.kaduk-bauelemente.de\/leistungen\/zaeune-maschen\/\">Z\u00e4une Maschen<\/a>, <a href=\"https:\/\/www.kaduk-bauelemente.de\/leistungen\/zaunbau-bispingen\/\">Zaunbau Bispingen<\/a>, <a href=\"https:\/\/www.kaduk-bauelemente.de\/leistungen\/insektenschutz-reppenstedt\/\">Insektenschutz Reppenstedt<\/a>, <a href=\"https:\/\/www.kaduk-bauelemente.de\/leistungen\/zaunbau-buchholz\/\">Zaunbau Buchholz<\/a>, <a href=\"https:\/\/www.kaduk-bauelemente.de\/leistungen\/garagen-salzhausen\/\">Garagen Salzhausen<\/a>, <a href=\"https:\/\/www.kaduk-bauelemente.de\/leistungen\/rolllaeden-schwarzenbek\/\">Rolll\u00e4den Schwarzenbek<\/a>, <a href=\"https:\/\/www.kaduk-bauelemente.de\/leistungen\/carports-bardowick\/\">Carports Bardowick<\/a>, <a href=\"https:\/\/www.kaduk-bauelemente.de\/leistungen\/terrassendaecher-aus-holz-hanstedt\/\">Terrassend\u00e4cher aus Holz Hanstedt<\/a>, <a href=\"https:\/\/www.kaduk-bauelemente.de\/leistungen\/rolllaeden-salzhausen\/\">Rolll\u00e4den Salzhausen<\/a>, <a href=\"https:\/\/www.kaduk-bauelemente.de\/leistungen\/fenster-lueneburg\/\">Fenster L\u00fcneburg<\/a>, <a href=\"https:\/\/www.kaduk-bauelemente.de\/leistungen\/terrassenueberdachungen-aus-holz-buchholz\/\">Terrassen\u00fcberdachungen aus Holz Buchholz<\/a>, <a href=\"https:\/\/www.kaduk-bauelemente.de\/leistungen\/insektenschutz-herzogtum-lauenburg\/\">Insektenschutz Herzogtum Lauenburg<\/a>, <a href=\"https:\/\/www.kaduk-bauelemente.de\/leistungen\/terrassenueberdachungen-aus-holz-amt-neuhaus\/\">Terrassen\u00fcberdachungen aus Holz Amt Neuhaus<\/a>, <a href=\"https:\/\/www.kaduk-bauelemente.de\/leistungen\/terrassenueberdachungen-aus-holz-uelzen\/\">Terrassen\u00fcberdachungen aus Holz Uelzen<\/a>, <a href=\"https:\/\/www.kaduk-bauelemente.de\/leistungen\/garagentore-ebstorf\/\">Garagentore Ebstorf<\/a>, <a href=\"https:\/\/www.kaduk-bauelemente.de\/leistungen\/sektionaltore-hanstedt\/\">Sektionaltore Hanstedt<\/a>, <a href=\"https:\/\/www.kaduk-bauelemente.de\/leistungen\/terrassendaecher-aus-holz-amt-neuhaus\/\">Terrassend\u00e4cher aus Holz Amt Neuhaus<\/a>, <a href=\"https:\/\/www.kaduk-bauelemente.de\/leistungen\/sektionaltore-amt-neuhaus\/\">Sektionaltore Amt Neuhaus<\/a>, <a href=\"https:\/\/www.kaduk-bauelemente.de\/leistungen\/raffstores-ebstorf\/\">Raffstores Ebstorf<\/a>, <a href=\"https:\/\/www.kaduk-bauelemente.de\/leistungen\/aussenjalousien-hanstedt\/\">Au\u00dfenjalousien Hanstedt<\/a>, <a href=\"https:\/\/www.kaduk-bauelemente.de\/leistungen\/rolllaeden-maschen\/\">Rolll\u00e4den Maschen<\/a>, <a href=\"https:\/\/www.kaduk-bauelemente.de\/leistungen\/raffstores-bispingen\/\">Raffstores Bispingen<\/a>, <a href=\"https:\/\/www.kaduk-bauelemente.de\/leistungen\/garagen-boizenburg\/\">Garagen Boizenburg<\/a>"},"_links":{"self":[{"href":"https:\/\/www.kaduk-bauelemente.de\/leistungen\/wp-json\/wp\/v2\/pages\/4417","targetHints":{"allow":["GET"]}}],"collection":[{"href":"https:\/\/www.kaduk-bauelemente.de\/leistungen\/wp-json\/wp\/v2\/pages"}],"about":[{"href":"https:\/\/www.kaduk-bauelemente.de\/leistungen\/wp-json\/wp\/v2\/types\/page"}],"author":[{"embeddable":true,"href":"https:\/\/www.kaduk-bauelemente.de\/leistungen\/wp-json\/wp\/v2\/users\/1"}],"replies":[{"embeddable":true,"href":"https:\/\/www.kaduk-bauelemente.de\/leistungen\/wp-json\/wp\/v2\/comments?post=4417"}],"version-history":[{"count":0,"href":"https:\/\/www.kaduk-bauelemente.de\/leistungen\/wp-json\/wp\/v2\/pages\/4417\/revisions"}],"wp:attachment":[{"href":"https:\/\/www.kaduk-bauelemente.de\/leistungen\/wp-json\/wp\/v2\/media?parent=4417"}],"curies":[{"name":"wp","href":"https:\/\/api.w.org\/{rel}","templated":true}]}}