{"id":4414,"date":"2021-08-25T12:19:04","date_gmt":"2021-08-25T10:19:04","guid":{"rendered":"https:\/\/www.kaduk-bauelemente.de\/leistungen\/markisen-bardowick\/"},"modified":"2021-08-25T12:19:04","modified_gmt":"2021-08-25T10:19:04","slug":"markisen-bardowick","status":"publish","type":"page","link":"https:\/\/www.kaduk-bauelemente.de\/leistungen\/markisen-bardowick\/","title":{"rendered":"Markisen &#8211; Bardowick"},"content":{"rendered":"<h3>Markisen \u2013 nutzbringend und attraktiv!<\/h3>\n<p>Markisen fungieren als hervorragender Blend-, Regen- oder Sonnenschutz. Die Markisen werden zusammen mit einem passenden Metallgestell zur Aufbewahrung und Bedienung in der Regel \u00fcber einem Fenster bzw. einer T\u00fcr angeschraubt. Im Fachhandel bekommt man die sogenannten Roll-Markisen, die Falt-Markisen wie auch die Fest-Markisen. Bei den erstgenannten Markisen l\u00e4sst sich die Bespannung mit Hilfe einer Welle aufrollen. Die zweite Produktgattung rafft die Bespannung beim Ein- oder Ausfahren und die festverbauten Markisen schlie\u00dflich sind in der Form unver\u00e4nderbar. Erh\u00e4ltlich sind die Markisen mit einem Gelenkarm sowie als so bezeichnete Kassettenmarkisen. Regelm\u00e4\u00dfg verf\u00fcgen die Markisen \u00fcber eine witterungsbest\u00e4ndige Bespannung. <\/p>\n<p>In unserem etablierten Fachgesch\u00e4ft finden Sie f\u00fcr jeden Zweck eine n\u00fctzliche und h\u00fcbsche Markise. Selbstverst\u00e4ndlich haben wir Markisen in allen Designs, Farben und Formen. Ihr individueller Geschmack gibt die Richtung vor! Passende Anwendungsbeispiele halten wir f\u00fcr Winterg\u00e4rten, Fenster und Fassaden bereit. <\/p>\n<h3>Markisen f\u00fcr Ihre Immobilie<\/h3>\n<p>In den Sommermonaten werden die Markisen oft als optisch gelungener Blendschutz genutzt. Als angenehmer Effekt zeichnen sich die Markisen gleichwohl als fraglos wirkungsvolle W\u00e4rmeisolierung aus. Die Markisen spenden Beschattung und sch\u00fctzen gleichzeitig den Innenraum eines Wohn- oder Gesch\u00e4ftsgeb\u00e4udes vor \u00fcberm\u00e4\u00dfiger Hitze. Richtig montiert, werden Sie auf lange Zeit Ihre Freude an den Markisen haben. Und ganz nebenbei: Die Markisen werten ein Gesch\u00e4fts- oder Wohnhaus des \u00f6fteren optisch ganz erheblich auf.<\/p>\n","protected":false},"excerpt":{"rendered":"<p>Markisen \u2013 nutzbringend und attraktiv! Markisen fungieren als hervorragender Blend-, Regen- oder Sonnenschutz. Die Markisen werden zusammen mit einem passenden Metallgestell zur Aufbewahrung und Bedienung in der Regel \u00fcber einem Fenster bzw. einer T\u00fcr angeschraubt. Im Fachhandel bekommt man die sogenannten Roll-Markisen, die Falt-Markisen wie auch die Fest-Markisen. Bei den erstgenannten Markisen l\u00e4sst sich die [&hellip;]<\/p>\n","protected":false},"author":1,"featured_media":0,"parent":0,"menu_order":0,"comment_status":"closed","ping_status":"closed","template":"","meta":{"footnotes":""},"class_list":["post-4414","page","type-page","status-publish","hentry"],"meta_box":{"popseo_subtitel":"Kaduk Bauelemente ist Ihr Spezialist f\u00fcr Markisen in Bardowick","popseo_subtitel2":"Markisen - wir beraten Sie gerne!","popseo_lasttitel":"Markisen: Gerne beantworten wir Ihre Fragen!","popseo_region":"Bardowick","popseo_sachwort":"Markisen","popseo_noupdate":"","popseo_einleitungstext":"<p>Die Firma Dirk Kaduk Bauelemente ist Ihr qualifizierter und erfahrener Fachbetrieb f\u00fcr Sonnenschutz und Sicherheit im Norden. Mit unserem Unternehmensstandort in Adendorf bei L\u00fcneburg decken wir ein fl\u00e4chenm\u00e4\u00dfig gro\u00dfes Gebiet ab. Bei uns finden Sie qualitativ hochwertige Bauelemente in gro\u00dfer Auswahl. Zu unserem Produktsortiment geh\u00f6ren unter anderem Au\u00dfenjalousien, Fenster, T\u00fcren, Markisen, Terrassend\u00e4cher, Rolltore, Rolll\u00e4den und Carports. Nat\u00fcrlich erledigen wir auch Reparatur- und Montagearbeiten f\u00fcr Sie. Auf unserer Homepage finden Sie unser gesamtes Produkt- und Dienstleistungsangebot ausf\u00fchrlich beschrieben. Kompetent und sachgerecht beraten wir Sie \u00fcber Ihre M\u00f6glichkeiten und f\u00fchren s\u00e4mtliche Arbeiten gewissenhaft und mit Sachverstand aus - so wie Sie es von einem kompetenten Fachbetrieb erwarten d\u00fcrfen.<\/p>","popseo_schlusstext":"<p>Auf Wunsch informieren wir Sie n\u00e4her \u00fcber unser Produkt- und T\u00e4tigkeitsspektrum. Wir zeigen Ihnen mit Vergn\u00fcgen auch ein paar Referenzprojekte, die Ihnen einen Einblick in unsere Firment\u00e4tigkeit geben.<br \/>\nSchenken Sie uns Ihr Vertrauen. Rufen Sie uns doch einfach einmal an oder schreiben Sie uns eine schnelle E-Mail. Wir freuen uns auf den Kontakt zu Ihnen.<\/p>","popseo_stadttext":"<h3>Der Flecken Bardowick<\/h3>\n<p>Bardowick ist ein Flecken in der Nachbarschaft von L\u00fcneburg und Winsen (Luhe. Formell z\u00e4hlt die Gemeinde zum Landkreis L\u00fcneburg. Bardowick hat knapp 7.000 Einwohner und erstreckt sich \u00fcber eine Gesamtfl\u00e4che von etwa 23 Quadratkilometer. Die Gemeinde ist Amtssitz der Samtgemeinde Bardowick, einem Zusammenschluss von sieben kleineren Orten \u2013 neben Bardowick selbst sind dies Barum, Handorf, Radbruch, Mechtersen, Wittorf und V\u00f6gelsen. Die Samtgemeinde z\u00e4hlt in Summe etwa 18.000 B\u00fcrger und streckt sich \u00fcber ein Areal von etwas mehr als 100 Quadratkilometern.<\/p>\n<p>Durch unsere Gesch\u00e4ftst\u00e4tigkeit haben wir uns einen sehr guten \u00dcberblick \u00fcber die Architektur der St\u00e4dte und Gemeinden unseres Einzugsbereiches machen k\u00f6nnen. Sie kommen aus der Samtgemeinde Bardowick und sind hier im World Wide Web auf unsere Website gesto\u00dfen? Das finden wir toll. Gerne pr\u00e4sentieren wir Ihnen unser gesamtes Leistungsspektrum und beantworten Ihre Fragen. Wir freuen uns darauf, mit Ihnen in Kontakt zu treten. <\/p>\n<h3>Gute Gr\u00fcnde sprechen f\u00fcr den Wohnort Bardowick<\/h3>\n<p>Die \u00d6konomie der Samtgemeinde Bardowick wird beherrscht von kleinen Unternehmen.  Schwerpunkt ist die Landwirtschaft, hier vor allem der M\u00f6hren- und Spargelanbau. Jahr f\u00fcr Jahr wird vor Ort daher auch die sogenannte Wurzelk\u00f6nigin gek\u00fcrt \u2013 ein Titel, der wohl einmalig ist. Hinsichtlich der Verkehrssituation ist der Flecken Bardowick gut zu erreichen: In direkter N\u00e4he des Gemeindegebietes liegt eine Zufahrt zur BAB 39 in Richtung Hamburg. Dar\u00fcber hinaus erreicht man den Ort mit der Eisenbahn auf der Strecke Hamburg-Hannover. Bardowick ist ein attraktiver Ort mit einem bukolischem Flair. Der charmante Flecken ist eine familiengerechte Ortschaft und bietet den Einwohnern ein absolut interessantes Umfeld zum Leben und Arbeiten.       <\/p>\n<h4>Privat- und Gesch\u00e4ftskunden aus Bardowick sch\u00e4tzen unsere Leistungen!<\/h4>\n<p>Sie wohnen in Bardowick, Handorf, Barum, Radbruch, Mechtersen, V\u00f6gelsen oder Wittorf und interessieren sich f\u00fcr unser Angebot. Toll, dass Sie diese Website gefunden haben. F\u00fcr R\u00fcckfragen sind wir jederzeit f\u00fcr Sie da. Auf Ihre Anfragen freuen wir uns.<\/p>","popseo_zusatztext":"<h3>G\u00fcnstig und preiswert \u2013 Leistung vom Fachbetrieb<\/h3>\n<p>Bauelemente m\u00fcssen h\u00f6chsten Erwartungen standhalten. Gleichwohl soll es g\u00fcnstig und preiswert sein. Das muss absolut kein Widerspruch sein. <\/p>\n<p>Als Fachbetrieb f\u00fcr Sonnenschutz und Sicherheit verwenden wir ausnahmslos ausgezeichnete Erzeugnisse. Nichtsdestotrotz achten wir immer auf ein angemessenes Preis-Leistungsverh\u00e4ltnis. Wir m\u00f6chten Ihnen Spitzenqualit\u00e4t anbieten, die gleichzeitig auch g\u00fcnstig und preiswert ist. Geben Sie Ihrem Zuhause g\u00fcnstig und preiswert das besondere Plus an Qualit\u00e4t. Rolll\u00e4den und Markisen oder andere Sonnenschutzl\u00f6sungen sehen nicht nur schmuck aus, sie leisten auch einen bedeutsamen Anteil zur W\u00e4rmed\u00e4mmung.  <\/p>\n<h3>G\u00fcnstig und preiswert \u2013 trotzdem individuell und schick<\/h3>\n<p>D\u00fcrfen wir Sie informieren, wie Sie g\u00fcnstig und preiswert einen optimalen Sonnenschutz f\u00fcr Ihr Haus verwirklichen? Klasse, dann z\u00f6gern Sie bitte nicht und nehmen am besten sofort heute noch Kontakt mit uns auf. Ein kurzer Telefonanruf oder auch eine schnelle E-Mail gen\u00fcgen. Gerne informieren Sie unsere perfekt ausgebildeten Mitarbeiter \u00fcber die verschiedenen M\u00f6glichkeiten, wie Sie Ihr Zuhause g\u00fcnstig und preiswert mit Markisen und Rolll\u00e4den oder anderen Sonnenschutzprodukten ausstatten. Wir freuen uns auf das Gespr\u00e4ch mit Ihnen. <\/p>\n<h4>Top-Qualit\u00e4t g\u00fcnstig und preiswert<\/h4>\n<p>Z\u00e4hlen Sie beim Thema Sonnenschutz und Sicherheit auf den Spezialisten. Nur ein Fachbetrieb kennt die unterschiedlichen M\u00f6glichkeiten, wie Sie g\u00fcnstig und preiswert, trotzdem qualitativ spitze einen perfekten Sonnenschutz erreichen. Qualit\u00e4tsbewusst, g\u00fcnstig und preiswert: Wir empfehlen uns als spezialisiertes Fachunternehmen im Norden. Unsere langj\u00e4hrige Erfahrung spricht f\u00fcr uns.<\/p>","popseo_links":"<a href=\"https:\/\/www.kaduk-bauelemente.de\/leistungen\/raffstores-bad-bevensen\/\">Raffstores Bad Bevensen<\/a>, <a href=\"https:\/\/www.kaduk-bauelemente.de\/leistungen\/zaunbau-hanstedt\/\">Zaunbau Hanstedt<\/a>, <a href=\"https:\/\/www.kaduk-bauelemente.de\/leistungen\/terrassenueberdachungen-aus-aluminium-lueneburg\/\">Terrassen\u00fcberdachungen aus Aluminium L\u00fcneburg<\/a>, <a href=\"https:\/\/www.kaduk-bauelemente.de\/leistungen\/terrassendaecher-aus-aluminium-herzogtum-lauenburg\/\">Terrassend\u00e4cher aus Aluminium Herzogtum Lauenburg<\/a>, <a href=\"https:\/\/www.kaduk-bauelemente.de\/leistungen\/kunststofffenster-reppenstedt\/\">Kunststofffenster Reppenstedt<\/a>, <a href=\"https:\/\/www.kaduk-bauelemente.de\/leistungen\/kunststofffenster-amelinghausen\/\">Kunststofffenster Amelinghausen<\/a>, <a href=\"https:\/\/www.kaduk-bauelemente.de\/leistungen\/rolllaeden-geesthacht\/\">Rolll\u00e4den Geesthacht<\/a>, <a href=\"https:\/\/www.kaduk-bauelemente.de\/leistungen\/aussenjalousien-winsen-luhe\/\">Au\u00dfenjalousien Winsen Luhe<\/a>, <a href=\"https:\/\/www.kaduk-bauelemente.de\/leistungen\/terrassendaecher-aus-holz-uelzen\/\">Terrassend\u00e4cher aus Holz Uelzen<\/a>, <a href=\"https:\/\/www.kaduk-bauelemente.de\/leistungen\/zaeune-bispingen\/\">Z\u00e4une Bispingen<\/a>, <a href=\"https:\/\/www.kaduk-bauelemente.de\/leistungen\/zaunbau-bardowick\/\">Zaunbau Bardowick<\/a>, <a href=\"https:\/\/www.kaduk-bauelemente.de\/leistungen\/terrassendaecher-aus-holz-stelle\/\">Terrassend\u00e4cher aus Holz Stelle<\/a>, <a href=\"https:\/\/www.kaduk-bauelemente.de\/leistungen\/zaeune-tostedt-sittensen\/\">Z\u00e4une Tostedt Sittensen<\/a>, <a href=\"https:\/\/www.kaduk-bauelemente.de\/leistungen\/tueren-bad-bevensen\/\">T\u00fcren Bad Bevensen<\/a>, <a href=\"https:\/\/www.kaduk-bauelemente.de\/leistungen\/kunststofffenster-lueneburg\/\">Kunststofffenster L\u00fcneburg<\/a>, <a href=\"https:\/\/www.kaduk-bauelemente.de\/leistungen\/terrassendaecher-aus-holz-bardowick\/\">Terrassend\u00e4cher aus Holz Bardowick<\/a>, <a href=\"https:\/\/www.kaduk-bauelemente.de\/leistungen\/aussenjalousien-reinbek-glinde\/\">Au\u00dfenjalousien Reinbek Glinde<\/a>, <a href=\"https:\/\/www.kaduk-bauelemente.de\/leistungen\/kunststofffenster-harburg\/\">Kunststofffenster Harburg<\/a>, <a href=\"https:\/\/www.kaduk-bauelemente.de\/leistungen\/tueren-boizenburg\/\">T\u00fcren Boizenburg<\/a>, <a href=\"https:\/\/www.kaduk-bauelemente.de\/leistungen\/fenster-salzhausen\/\">Fenster Salzhausen<\/a>, <a href=\"https:\/\/www.kaduk-bauelemente.de\/leistungen\/garagen-bispingen\/\">Garagen Bispingen<\/a>, <a href=\"https:\/\/www.kaduk-bauelemente.de\/leistungen\/terrassenueberdachungen-aus-aluminium-jesteburg\/\">Terrassen\u00fcberdachungen aus Aluminium Jesteburg<\/a>, <a href=\"https:\/\/www.kaduk-bauelemente.de\/leistungen\/raffstores-bienenbuettel\/\">Raffstores Bienenb\u00fcttel<\/a>, <a href=\"https:\/\/www.kaduk-bauelemente.de\/leistungen\/rolltore-amt-neuhaus\/\">Rolltore Amt Neuhaus<\/a>, <a href=\"https:\/\/www.kaduk-bauelemente.de\/leistungen\/garagentore-bergedorf-wentorf\/\">Garagentore Bergedorf Wentorf<\/a>, <a href=\"https:\/\/www.kaduk-bauelemente.de\/leistungen\/fliegengitter-seevetal-rosengarten\/\">Fliegengitter Seevetal Rosengarten<\/a>"},"_links":{"self":[{"href":"https:\/\/www.kaduk-bauelemente.de\/leistungen\/wp-json\/wp\/v2\/pages\/4414","targetHints":{"allow":["GET"]}}],"collection":[{"href":"https:\/\/www.kaduk-bauelemente.de\/leistungen\/wp-json\/wp\/v2\/pages"}],"about":[{"href":"https:\/\/www.kaduk-bauelemente.de\/leistungen\/wp-json\/wp\/v2\/types\/page"}],"author":[{"embeddable":true,"href":"https:\/\/www.kaduk-bauelemente.de\/leistungen\/wp-json\/wp\/v2\/users\/1"}],"replies":[{"embeddable":true,"href":"https:\/\/www.kaduk-bauelemente.de\/leistungen\/wp-json\/wp\/v2\/comments?post=4414"}],"version-history":[{"count":0,"href":"https:\/\/www.kaduk-bauelemente.de\/leistungen\/wp-json\/wp\/v2\/pages\/4414\/revisions"}],"wp:attachment":[{"href":"https:\/\/www.kaduk-bauelemente.de\/leistungen\/wp-json\/wp\/v2\/media?parent=4414"}],"curies":[{"name":"wp","href":"https:\/\/api.w.org\/{rel}","templated":true}]}}