{"id":4411,"date":"2021-08-25T12:19:04","date_gmt":"2021-08-25T10:19:04","guid":{"rendered":"https:\/\/www.kaduk-bauelemente.de\/leistungen\/markisen-amelinghausen\/"},"modified":"2021-08-25T12:19:04","modified_gmt":"2021-08-25T10:19:04","slug":"markisen-amelinghausen","status":"publish","type":"page","link":"https:\/\/www.kaduk-bauelemente.de\/leistungen\/markisen-amelinghausen\/","title":{"rendered":"Markisen &#8211; Amelinghausen"},"content":{"rendered":"<h3>Markisen \u2013 nutzbringend und attraktiv!<\/h3>\n<p>Markisen dienen als effektiver Regen-, Blend- oder Sonnenschutz. Die Markisen werden zusammen mit einem speziellen Metallgestell zur Bedienung und Aufbewahrung \u00fcberwiegend \u00fcber einem Fenster bzw. einer T\u00fcr angeschraubt. Im Spezialgesch\u00e4ft erh\u00e4lt man die sog. Roll-Markisen, die Falt-Markisen und die Fest-Markisen. Bei den erstgenannten Markisen kann man die Bespannung mit Hilfe einer Welle einrollen. Die zweite Produktgattung rafft den Stoff beim Aus- oder Einfahren und die festverbauten Markisen schlie\u00dflich sind in der Form unver\u00e4nderbar. Lieferbar sind die Markisen mit einem Gelenkarm sowie als sog. Kassettenmarkisen. Standardm\u00e4\u00dfg verf\u00fcgen die Markisen \u00fcber eine wetterfeste Bespannung. <\/p>\n<p>In unserem qualit\u00e4tsbewussten Fachunternehmen finden Sie f\u00fcr jeden Einsatzzweck eine n\u00fctzliche und formsch\u00f6ne Markise. Selbstverst\u00e4ndlich haben wir Markisen in allen Formen, Designs und Farben. Ihr individueller Geschmack gibt die Richtung vor! Passgenaue Anwendungsbeispiele halten wir f\u00fcr Fenster, Fassaden und Winterg\u00e4rten vorr\u00e4tig. <\/p>\n<h3>Wir informieren Sie \u00fcber Markisen!<\/h3>\n<p>W\u00e4hrend der Sommerzeit werden die Markisen regelm\u00e4\u00dfg als optisch ansprechender Blendschutz verwendet. Als zus\u00e4tzlicher Effekt zeichnen sich die Markisen indes als fraglos effiziente W\u00e4rmeisolierung aus. Die Markisen spenden Beschattung und sch\u00fctzen zugleich den Innenraum eines Wohn- oder Gesch\u00e4ftsgeb\u00e4udes vor \u00fcberm\u00e4\u00dfiger Hitze. Fachm\u00e4nnisch montiert, werden Sie langfristig Ihren Nutzen an den Markisen haben. Und mal nebenbei: Die Markisen werten ein Wohn- oder Gesch\u00e4ftshaus manchmal optisch ganz entscheidend auf.<\/p>\n","protected":false},"excerpt":{"rendered":"<p>Markisen \u2013 nutzbringend und attraktiv! Markisen dienen als effektiver Regen-, Blend- oder Sonnenschutz. Die Markisen werden zusammen mit einem speziellen Metallgestell zur Bedienung und Aufbewahrung \u00fcberwiegend \u00fcber einem Fenster bzw. einer T\u00fcr angeschraubt. Im Spezialgesch\u00e4ft erh\u00e4lt man die sog. Roll-Markisen, die Falt-Markisen und die Fest-Markisen. Bei den erstgenannten Markisen kann man die Bespannung mit Hilfe [&hellip;]<\/p>\n","protected":false},"author":1,"featured_media":0,"parent":0,"menu_order":0,"comment_status":"closed","ping_status":"closed","template":"","meta":{"footnotes":""},"class_list":["post-4411","page","type-page","status-publish","hentry"],"meta_box":{"popseo_subtitel":"Kaduk Bauelemente ist Ihr erfahrener Experte f\u00fcr Markisen im Raum Amelinghausen","popseo_subtitel2":"Markisen - unsere Experten informieren Sie gerne","popseo_lasttitel":"Markisen: Wir informieren Sie gerne auch pers\u00f6nlich!","popseo_region":"Amelinghausen","popseo_sachwort":"Markisen","popseo_noupdate":"","popseo_einleitungstext":"<p>Wenn es um Sicherheit und Sonnenschutz geht, sind Sie bei der Firma Kaduk genau an der richtigen Adresse. Seit Unternehmensgr\u00fcndung sind wir Ihr lokaler Fachbetrieb f\u00fcr qualitativ hochwertige Bauelemente. Zu unserem Produktangebot z\u00e4hlen unter anderem Markisen, Terrassend\u00e4cher, Rolltore, Fenster, Au\u00dfenjalousien, T\u00fcren, Carports und Rolll\u00e4den. Unsere Fachleute erledigen Reparatur- und Montagearbeiten und zeigen Ihnen, wie Sie Ihr Gesch\u00e4fts- oder Wohnhaus mit modernen Bauelementen ausstatten k\u00f6nnen. Auf diesen Seiten haben wir erste Informationen f\u00fcr Sie notiert.<\/p>","popseo_schlusstext":"<p>Sie suchen einen Profi f\u00fcr hochwertige Sicherheits- und Sonnenschutzl\u00f6sungen. Dann melden Sie sich am besten noch heute bei uns. Wir freuen uns auf Ihren Anruf oder Ihre E-Mail. Wenn es um Bauelemente geht, sind wir Ihr erfahrener Handels- und Handwerkspartner. Wir sorgen f\u00fcr hochwertige Produkte und eine sachkundig ausgef\u00fchrte Arbeit nach dem immer aktuellsten Stand der Technik.<\/p>","popseo_stadttext":"<h3>Unser Produktsortiment f\u00fcr Kunden aus Amelinghausen<\/h3>\n<p>Durch unsere T\u00e4tigkeit haben wir uns einen ausgezeichneten \u00dcberblick \u00fcber die Stadtarchitektur der St\u00e4dte und Gemeinden unseres Vertriebsgebietes machen k\u00f6nnen. Unser Einzugsgebiet umfasst nat\u00fcrlich auch Amelinghausen. Wir f\u00fchlen uns der Region verpflichtet und sind stolz darauf auch einen Teil zur gesunden Infrastruktur der Gemeinde beizusteuern zu d\u00fcrfen.  <\/p>\n<p><h3>Einige interessante Informationen \u00fcber Amelinghausen<\/h3><br \/>\nAmelinghausen befindet sich in der L\u00fcneburger Heide. Etwas mehr als 4.000 Anwohner leben in Amelinghausen auf einer Fl\u00e4che von cirka 16 km\u00b2. In den Ort gelangt man mit dem Auto \u00fcber die B209. Das Umland ist ideal f\u00fcr Ausfl\u00fcge ins Gr\u00fcne. Die Bebauungsstruktur in der Region ist \u00fcberwiegend gekennzeichnet von einer ansprechenden Einzelhausbebauung. Vor allem junge Familien sch\u00e4tzen das beschauliche Leben in Amelinghausen. Die r\u00e4umliche N\u00e4he zur Stadt L\u00fcneburg mit optimalen Verkehrverbindungen und Freizeitangeboten machen die Gemeinde Amelinghausen so angenehm.<br \/>\nDie Gemeinde ist Verwaltungssitz der Samtgemeinde Amelinghausen, einer Vereinigung von f\u00fcnf kleineren Orten. Dies sind neben Amelinghausen selbst die Gemeinden Oldendorf (Luhe), Betzendorf, Soderstorf und Rehlingen. Die Samtgemeinde z\u00e4hlt insgesamt knapp 8.000 B\u00fcrger und streckt sich \u00fcber ein Areal von zirka 194 km\u00b2.<\/p>\n<h4>Privat- und Gesch\u00e4ftskunden aus Amelinghausen sch\u00e4tzen unsere Leistungen!<\/h4>\n<p>Sie leben in Amelinghausen, Oldendorf (Luhe), Betzendorf, Soderstorf oder Rehlingen und interessieren sich f\u00fcr unser Angebot. Klasse, das Sie unsere Internetseite entdeckt haben. F\u00fcr R\u00fcckfragen sind wir jederzeit f\u00fcr Sie da. Auf Ihre Anfragen freuen wir uns.<\/p>","popseo_zusatztext":"<h3>G\u00fcnstig und preiswert \u2013 unser Angebot f\u00fcr Sie<\/h3>\n<p>Bauelemente m\u00fcssen hohen Anforderungen standhalten. Gleichzeitig mu\u00df es g\u00fcnstig und preiswert sein. Das muss generell kein Gegensatz sein. <\/p>\n<p>Als Fachbetrieb f\u00fcr Sonnenschutz- und Sicherheitsl\u00f6sungen verwenden wir ausschlie\u00dflich hochwertige Erzeugnisse. Gleichwohl achten wir grunds\u00e4tzlich auf ein angemessenes Preis-Leistungsverh\u00e4ltnis. Wir m\u00f6chten Ihnen Qualit\u00e4t bieten, die gleichzeitig auch g\u00fcnstig und preiswert ist. Geben Sie Ihrem Heim g\u00fcnstig und preiswert das besondere Plus an Qualit\u00e4t. Rolll\u00e4den und Markisen oder andere Sonnenschutzl\u00f6sungen sehen nicht nur hervorragend aus, sie leisten auch einen bedeutenden Beitrag zur W\u00e4rmed\u00e4mmung.  <\/p>\n<h3>G\u00fcnstig und preiswert \u2013 es muss wirklich nicht immer teuer sein<\/h3>\n<p>D\u00fcrfen wir Sie beraten, wie Sie g\u00fcnstig und preiswert einen optimalen Sonnenschutz f\u00fcr Ihr Haus realisieren? Prima, dann z\u00f6gern Sie bitte nicht und nehmen am besten gleich heute noch Kontakt mit uns auf. Ein kurzer Anruf oder eine kurze Mail gen\u00fcgen. Mit Vergn\u00fcgen informieren Sie unsere perfekt ausgebildeten Fachleute \u00fcber die verschiedenen M\u00f6glichkeiten, wie Sie Ihr Zuhause g\u00fcnstig und preiswert mit Markisen und Rolll\u00e4den oder anderen Sonnenschutzprodukten versehen. Wir freuen uns auf das Gespr\u00e4ch mit Ihnen. <\/p>\n<h4>Hochwertige Arbeit g\u00fcnstig und preiswert<\/h4>\n<p>Setzen Sie beim Thema Sonnenschutz und Sicherheit auf den Experten. Nur ein Fachbetrieb kennt die verschiedenen Optionen, wie Sie g\u00fcnstig und preiswert, trotzdem qualitativ hochwertig einen optimalen Sonnenschutz erreichen. Qualit\u00e4tsbewusst, g\u00fcnstig und preiswert: Wir empfehlen uns als spezialisiertes Unternehmen im norddeutschen Raum. Unsere langj\u00e4hrige Erfahrung spricht f\u00fcr uns.<\/p>","popseo_links":"<a href=\"https:\/\/www.kaduk-bauelemente.de\/leistungen\/garagentore-ebstorf\/\">Garagentore Ebstorf<\/a>, <a href=\"https:\/\/www.kaduk-bauelemente.de\/leistungen\/terrassendaecher-aus-aluminium-amt-neuhaus\/\">Terrassend\u00e4cher aus Aluminium Amt Neuhaus<\/a>, <a href=\"https:\/\/www.kaduk-bauelemente.de\/leistungen\/aussenjalousien-jesteburg\/\">Au\u00dfenjalousien Jesteburg<\/a>, <a href=\"https:\/\/www.kaduk-bauelemente.de\/leistungen\/carports-jesteburg\/\">Carports Jesteburg<\/a>, <a href=\"https:\/\/www.kaduk-bauelemente.de\/leistungen\/tueren-bispingen\/\">T\u00fcren Bispingen<\/a>, <a href=\"https:\/\/www.kaduk-bauelemente.de\/leistungen\/garagentore-uelzen\/\">Garagentore Uelzen<\/a>, <a href=\"https:\/\/www.kaduk-bauelemente.de\/leistungen\/fliegengitter-jesteburg\/\">Fliegengitter Jesteburg<\/a>, <a href=\"https:\/\/www.kaduk-bauelemente.de\/leistungen\/rolltore-reinbek-glinde\/\">Rolltore Reinbek Glinde<\/a>, <a href=\"https:\/\/www.kaduk-bauelemente.de\/leistungen\/rolllaeden-buchholz\/\">Rolll\u00e4den Buchholz<\/a>, <a href=\"https:\/\/www.kaduk-bauelemente.de\/leistungen\/kunststofffenster-bispingen\/\">Kunststofffenster Bispingen<\/a>, <a href=\"https:\/\/www.kaduk-bauelemente.de\/leistungen\/kunststofffenster-hanstedt\/\">Kunststofffenster Hanstedt<\/a>, <a href=\"https:\/\/www.kaduk-bauelemente.de\/leistungen\/raffstores-bergedorf-wentorf\/\">Raffstores Bergedorf Wentorf<\/a>, <a href=\"https:\/\/www.kaduk-bauelemente.de\/leistungen\/garagentore-winsen-luhe\/\">Garagentore Winsen Luhe<\/a>, <a href=\"https:\/\/www.kaduk-bauelemente.de\/leistungen\/rolllaeden-maschen\/\">Rolll\u00e4den Maschen<\/a>, <a href=\"https:\/\/www.kaduk-bauelemente.de\/leistungen\/garagen-salzhausen\/\">Garagen Salzhausen<\/a>, <a href=\"https:\/\/www.kaduk-bauelemente.de\/leistungen\/sektionaltore-stelle\/\">Sektionaltore Stelle<\/a>, <a href=\"https:\/\/www.kaduk-bauelemente.de\/leistungen\/fliegengitter-buchholz\/\">Fliegengitter Buchholz<\/a>, <a href=\"https:\/\/www.kaduk-bauelemente.de\/leistungen\/kunststofffenster-jesteburg\/\">Kunststofffenster Jesteburg<\/a>, <a href=\"https:\/\/www.kaduk-bauelemente.de\/leistungen\/fenster-reinbek-glinde\/\">Fenster Reinbek Glinde<\/a>, <a href=\"https:\/\/www.kaduk-bauelemente.de\/leistungen\/insektenschutz-winsen-luhe\/\">Insektenschutz Winsen Luhe<\/a>, <a href=\"https:\/\/www.kaduk-bauelemente.de\/leistungen\/terrassenueberdachungen-aus-holz-tostedt-sittensen\/\">Terrassen\u00fcberdachungen aus Holz Tostedt Sittensen<\/a>, <a href=\"https:\/\/www.kaduk-bauelemente.de\/leistungen\/rollladen-bispingen\/\">Rollladen Bispingen<\/a>, <a href=\"https:\/\/www.kaduk-bauelemente.de\/leistungen\/kunststofffenster-bienenbuettel\/\">Kunststofffenster Bienenb\u00fcttel<\/a>, <a href=\"https:\/\/www.kaduk-bauelemente.de\/leistungen\/fenster-reppenstedt\/\">Fenster Reppenstedt<\/a>, <a href=\"https:\/\/www.kaduk-bauelemente.de\/leistungen\/holzfenster-lueneburg\/\">Holzfenster L\u00fcneburg<\/a>, <a href=\"https:\/\/www.kaduk-bauelemente.de\/leistungen\/fliegengitter-bardowick\/\">Fliegengitter Bardowick<\/a>"},"_links":{"self":[{"href":"https:\/\/www.kaduk-bauelemente.de\/leistungen\/wp-json\/wp\/v2\/pages\/4411","targetHints":{"allow":["GET"]}}],"collection":[{"href":"https:\/\/www.kaduk-bauelemente.de\/leistungen\/wp-json\/wp\/v2\/pages"}],"about":[{"href":"https:\/\/www.kaduk-bauelemente.de\/leistungen\/wp-json\/wp\/v2\/types\/page"}],"author":[{"embeddable":true,"href":"https:\/\/www.kaduk-bauelemente.de\/leistungen\/wp-json\/wp\/v2\/users\/1"}],"replies":[{"embeddable":true,"href":"https:\/\/www.kaduk-bauelemente.de\/leistungen\/wp-json\/wp\/v2\/comments?post=4411"}],"version-history":[{"count":0,"href":"https:\/\/www.kaduk-bauelemente.de\/leistungen\/wp-json\/wp\/v2\/pages\/4411\/revisions"}],"wp:attachment":[{"href":"https:\/\/www.kaduk-bauelemente.de\/leistungen\/wp-json\/wp\/v2\/media?parent=4411"}],"curies":[{"name":"wp","href":"https:\/\/api.w.org\/{rel}","templated":true}]}}