{"id":4407,"date":"2021-08-25T12:19:04","date_gmt":"2021-08-25T10:19:04","guid":{"rendered":"https:\/\/www.kaduk-bauelemente.de\/leistungen\/kunststofffenster-tostedt-sittensen\/"},"modified":"2021-08-25T12:19:04","modified_gmt":"2021-08-25T10:19:04","slug":"kunststofffenster-tostedt-sittensen","status":"publish","type":"page","link":"https:\/\/www.kaduk-bauelemente.de\/leistungen\/kunststofffenster-tostedt-sittensen\/","title":{"rendered":"Kunststofffenster &#8211; Tostedt Sittensen"},"content":{"rendered":"<h3>Kunststofffenster \u2013 wir beraten Sie!<\/h3>\n<p>Kunststofffenster bestechen durch ihre Funktionalit\u00e4t. Gleichwohl weisen Kunststofffenster fraglos eine \u00e4sthetische Komponente aus. Die Fenster sind zeitlos im Design und wirken sich positiv auf den Wohnkomfort aus. Es ist eindeutig: Kunststofffenster haben haben sich im heutigen Fensterbau qualifiziert. Zeitgem\u00e4\u00dfe Kunststofffenster sind witterungsbest\u00e4ndig und erf\u00fcllen alle Anforderungen einer bestm\u00f6glichen Energieeffizienz. Speziell in Sachen Optik liegen Kunststofffenster an der Spitze. Nahezu jede Gr\u00f6\u00dfe und auch fast jede Form lassen sich mit diesen Fenstern gestalten. Insbesondere im Preis-Leistungs-Verh\u00e4ltnis sind Kunststofffenster im Vergleich zu herk\u00f6mmlichen Holzfenstern oftmals unschlagbar g\u00fcnstig. Vom Preis bis zur Produktlebenszeit haben Kunststofffenster etliche Vorz\u00fcge. Ein weiterer Vorteil ist des Weiteren, dass viele Modelle \u00e4u\u00dferst pflegeleicht sind. Beim Fensterputzen wird der Rahmen lediglich mit einem feuchten Lappen und einem Reinigungsmittel gereinigt. Die glatte Oberfl\u00e4che vereinfacht das Putzen zus\u00e4tzlich.<\/p>\n<h3>Kunststofffenster f\u00fcr Ihre Privat- oder Gesch\u00e4ftsimmobilie<\/h3>\n<p>Unser Angebotsspektrum h\u00e4lt eine Reihe qualitativ hochwertiger Kunststofffenster der f\u00fchrenden Produzenten f\u00fcr Sie bereit. Als spezialisierter Fachbetrieb bieten wir Ihnen nat\u00fcrlich etliche besonders ausgesuchte Produkte. Verabreden Sie doch einfach mal ganz unverbindlich einen Gespr\u00e4chstermin mit einem unserer Fachkr\u00e4fte.<\/p>\n","protected":false},"excerpt":{"rendered":"<p>Kunststofffenster \u2013 wir beraten Sie! Kunststofffenster bestechen durch ihre Funktionalit\u00e4t. Gleichwohl weisen Kunststofffenster fraglos eine \u00e4sthetische Komponente aus. Die Fenster sind zeitlos im Design und wirken sich positiv auf den Wohnkomfort aus. Es ist eindeutig: Kunststofffenster haben haben sich im heutigen Fensterbau qualifiziert. Zeitgem\u00e4\u00dfe Kunststofffenster sind witterungsbest\u00e4ndig und erf\u00fcllen alle Anforderungen einer bestm\u00f6glichen Energieeffizienz. Speziell [&hellip;]<\/p>\n","protected":false},"author":1,"featured_media":0,"parent":0,"menu_order":0,"comment_status":"closed","ping_status":"closed","template":"","meta":{"footnotes":""},"class_list":["post-4407","page","type-page","status-publish","hentry"],"meta_box":{"popseo_subtitel":"Wir sind Ihr Experte f\u00fcr Kunststofffenster im Raum Tostedt Sittensen","popseo_subtitel2":"Kunststofffenster - von den Spezialisten unserer Firma","popseo_lasttitel":"Kunststofffenster: D\u00fcrfen wir Ihre Fragen beantworten?","popseo_region":"Tostedt Sittensen","popseo_sachwort":"Kunststofffenster","popseo_noupdate":"","popseo_einleitungstext":"<p>Die Firma Kaduk ist Ihr erfahrener und qualifizierter Fachbetrieb f\u00fcr Sonnenschutz und Sicherheit im Norden. Mit unserem Firmenstandort in Adendorf bei L\u00fcneburg decken wir ein fl\u00e4chenm\u00e4\u00dfig gro\u00dfes Gebiet ab. Bei uns finden Sie hochwertige Bauelemente in erstaunlich gro\u00dfer Auswahl. Zu unserem Produktangebot geh\u00f6ren unter anderem Fenster, Au\u00dfenjalousien, T\u00fcren, Terrassend\u00e4cher, Markisen, Rolltore, Rolll\u00e4den und Carports. Selbstverst\u00e4ndlich erledigen wir auch alle damit verbundenen Montage- und Reparaturarbeiten f\u00fcr Sie. Auf unserer Website finden Sie unser gesamtes Dienstleistungs- und Produktportfolio ausf\u00fchrlich beschrieben. Fachgerecht und kompetent beraten wir Sie \u00fcber Ihre M\u00f6glichkeiten und f\u00fchren alle anfallenden Arbeiten gewissenhaft und mit Sachverstand aus - so wie Sie es von einem spezialisierten Fachbetrieb erwarten d\u00fcrfen.<\/p>","popseo_schlusstext":"<p>Wenn Sie mehr wissen m\u00f6chten, informieren wir Sie n\u00e4her \u00fcber unser Produkt- und Leistungsprogramm. Wir zeigen Ihnen mit Vergn\u00fcgen auch einige Referenzprojekte, die Ihnen einen Einblick in unsere T\u00e4tigkeit geben.<br \/>\nSchenken Sie uns Ihr Vertrauen. Rufen Sie uns doch rasch einmal an oder senden Sie uns eine schnelle E-Mail. Wir freuen uns auf Sie.<\/p>","popseo_stadttext":"<h3>Unser Einzugsbereich umfasst auch Sittensen und Tostedt<\/h3>\n<p>Durch unsere Vertriebst\u00e4tigkeit haben wir uns einen ausgezeichneten \u00dcberblick \u00fcber die Architektur der St\u00e4dte und Gemeinden unseres Einzugsbereiches erarbeiten k\u00f6nnen. Selbstverst\u00e4ndlich z\u00e4hlen auch Tostedt und Sittensen zu unserem unmittelbaren Gesch\u00e4ftsgebiet. Wir freuen uns darauf, mit Ihnen in Kontakt zu kommen. <\/p>\n<h3>Einige Informationen zu den Gemeinden Tostedt und Sittensen<\/h3>\n<p>Wer in Tostedt zuhause ist, wohnt in kleinst\u00e4dtischem Flair, ohne auf die Angebote und Abwechslungen der nahen Gro\u00dfstadt Hamburg verzichten zu m\u00fcssen. Die Hansestadt ist lediglich ein paar Kilometer entfernt. Als Wohnstatt bietet Tostedt gute Gr\u00fcnde f\u00fcr die gut 13.000 Einwohner. Tostedt \u00fcberzeugt durch seine vielen Wohnviertel. Wer das Leben abseits der st\u00e4dtischen Hektik liebt, gleichwohl urbanes Leben sch\u00e4tzt, ist in Tostedt richtig. Eine gut funktionierende Infrastruktur mit abwechslungsreichen Einkaufsm\u00f6glichkeiten sowie  vielen Sport- und Freizeitm\u00f6glichkeiten, verleihen Tostedt eine sehr gute Lebens- und Wohnqualit\u00e4t. <\/p>\n<h3>Tostedt und Sittensen \u2013 attraktive Wohnorte<\/h3>\n<p>Gerade einmal 20 Kilometer von Tostedt entfernt liegt die Gemeinde Sittensen. Das St\u00e4dtchen geh\u00f6rt verwaltungstechnisch zum Landkreis Harburg. In Sittensen leben aktuell ca. 5.600 Einwohner auf einer Fl\u00e4che von rund 18 km\u00b2. Auch Sittensen \u00fcberzeugt durch eine reizvolle Lage: Geografisch liegt Sittensen in der Zevener Geest, einem Landstrich am Elbe-Weser-Dreieck zwischen Hamburg. <\/p>\n<p>Die lebenswerte Gemeinde ist Sitz der Samtgemeinde Sittensen, einer Vereinigung von neun kleineren Orten, n\u00e4mlich Kalbe, Klein und Gro\u00df Meckelsen, Hamersen, Sittensen, Lengenbostel, Tiste, Wohnste und Vierden. Die Samtgemeinde z\u00e4hlt insgesamt rund 11.000 B\u00fcrger und streckt sich \u00fcber ein Areal von zirka 138 qkm. Als Wohnstatt verbindet Sittensen st\u00e4dtisches Leben mit dem Wohnen in der Peripherie auf lobenswerte Art und Weise. Die beiden norddeutschen Hansest\u00e4dte Bremen und Hamburg sind von Sittensen aus in weniger als 45 Minuten zu erreichen. <\/p>\n<h4>Privat- und Gesch\u00e4ftskunden aus Sittensen und Tostedt sch\u00e4tzen unsere Leistungen!<\/h4>\n<p>Sie interessieren sich f\u00fcr unser Angebot und sind hier im World Wide Web auf unsere Website gesto\u00dfen? Dar\u00fcber freuen wir uns sehr. Sehr gerne pr\u00e4sentieren wir Ihnen unser komplettes Leistungsspektrum und beantworten Ihre Fragen. Auf Ihre Anfragen freuen wir uns.<\/p>","popseo_zusatztext":"<h3>G\u00fcnstig und preiswert \u2013 vergleichen Sie!<\/h3>\n<p>Bauelemente m\u00fcssen hohen Anspr\u00fcchen gerecht werden. Trotzdem soll es g\u00fcnstig und preiswert sein. Das muss absolut kein Gegensatz sein. <\/p>\n<p>Als Fachbetrieb f\u00fcr Sonnenschutz- und Sicherheitsl\u00f6sungen verwenden wir ausnahmslos hochwertige Produkte. Trotzdem achten wir grunds\u00e4tzlich auf ein passendes Preis-Leistungsverh\u00e4ltnis. Wir m\u00f6chten Ihnen Qualit\u00e4t bieten, die trotzdem auch g\u00fcnstig und preiswert ist. Geben Sie Ihrem Zuhause g\u00fcnstig und preiswert das besondere Mehr an Qualit\u00e4t. Markisen und Rolll\u00e4den oder andere Sonnenschutzl\u00f6sungen sehen nicht nur schick aus, sie leisten auch einen bedeutenden Beitrag zur W\u00e4rmed\u00e4mmung.  <\/p>\n<h3>G\u00fcnstig und preiswert ohne Abstriche bei der Qualit\u00e4t<\/h3>\n<p>D\u00fcrfen wir Sie beraten, wie Sie g\u00fcnstig und preiswert einen perfekten Sonnenschutz f\u00fcr Ihr Zuhause verwirklichen? Super, dann warten Sie bitte nicht und nehmen am besten sofort heute noch Verbindung mit uns auf. Ein kurzer Telefonanruf oder eine schnelle eMail gen\u00fcgen. Sehr gerne beraten Sie unsere gut ausgebildeten Profis \u00fcber die unterschiedlichen Optionen, wie Sie Ihr Haus g\u00fcnstig und preiswert mit Markisen und Rolll\u00e4den oder anderen Sonnenschutzprodukten ausstatten. Wir freuen uns auf das Gespr\u00e4ch mit Ihnen. <\/p>\n<h4>Top-Qualit\u00e4t g\u00fcnstig und preiswert<\/h4>\n<p>Setzen Sie beim Thema Sonnenschutz und Sicherheit auf den Spezialisten. Nur ein Spezialbetrieb kennt die unterschiedlichen Optionen, wie Sie g\u00fcnstig und preiswert, gleichzeitig qualitativ h\u00f6herwertig einen tadellosen Sonnenschutz verwirklichen. Qualit\u00e4tsbewusst, g\u00fcnstig und preiswert: Wir empfehlen uns als spezialisiertes Unternehmen im norddeutschen Gebiet. Unsere jahrelange Erfahrung zeichnet uns aus.<\/p>","popseo_links":"<a href=\"https:\/\/www.kaduk-bauelemente.de\/leistungen\/markisen-amt-neuhaus\/\">Markisen Amt Neuhaus<\/a>, <a href=\"https:\/\/www.kaduk-bauelemente.de\/leistungen\/terrassenueberdachungen-aus-holz-buchholz\/\">Terrassen\u00fcberdachungen aus Holz Buchholz<\/a>, <a href=\"https:\/\/www.kaduk-bauelemente.de\/leistungen\/rollladen-maschen\/\">Rollladen Maschen<\/a>, <a href=\"https:\/\/www.kaduk-bauelemente.de\/leistungen\/holzfenster-seevetal-rosengarten\/\">Holzfenster Seevetal Rosengarten<\/a>, <a href=\"https:\/\/www.kaduk-bauelemente.de\/leistungen\/zaunbau-seevetal-rosengarten\/\">Zaunbau Seevetal Rosengarten<\/a>, <a href=\"https:\/\/www.kaduk-bauelemente.de\/leistungen\/terrassendaecher-aus-aluminium-jesteburg\/\">Terrassend\u00e4cher aus Aluminium Jesteburg<\/a>, <a href=\"https:\/\/www.kaduk-bauelemente.de\/leistungen\/zaunbau-winsen-luhe\/\">Zaunbau Winsen Luhe<\/a>, <a href=\"https:\/\/www.kaduk-bauelemente.de\/leistungen\/rollladen-schwarzenbek\/\">Rollladen Schwarzenbek<\/a>, <a href=\"https:\/\/www.kaduk-bauelemente.de\/leistungen\/aussenjalousien-adendorf\/\">Au\u00dfenjalousien Adendorf<\/a>, <a href=\"https:\/\/www.kaduk-bauelemente.de\/leistungen\/rollladen-bardowick\/\">Rollladen Bardowick<\/a>, <a href=\"https:\/\/www.kaduk-bauelemente.de\/leistungen\/fenster-bardowick\/\">Fenster Bardowick<\/a>, <a href=\"https:\/\/www.kaduk-bauelemente.de\/leistungen\/insektenschutz-reppenstedt\/\">Insektenschutz Reppenstedt<\/a>, <a href=\"https:\/\/www.kaduk-bauelemente.de\/leistungen\/insektenschutz-salzhausen\/\">Insektenschutz Salzhausen<\/a>, <a href=\"https:\/\/www.kaduk-bauelemente.de\/leistungen\/sektionaltore-harburg\/\">Sektionaltore Harburg<\/a>, <a href=\"https:\/\/www.kaduk-bauelemente.de\/leistungen\/holzfenster-amt-neuhaus\/\">Holzfenster Amt Neuhaus<\/a>, <a href=\"https:\/\/www.kaduk-bauelemente.de\/leistungen\/garagentore-ebstorf\/\">Garagentore Ebstorf<\/a>, <a href=\"https:\/\/www.kaduk-bauelemente.de\/leistungen\/rolllaeden-uelzen\/\">Rolll\u00e4den Uelzen<\/a>, <a href=\"https:\/\/www.kaduk-bauelemente.de\/leistungen\/holzfenster-lueneburg\/\">Holzfenster L\u00fcneburg<\/a>, <a href=\"https:\/\/www.kaduk-bauelemente.de\/leistungen\/terrassenueberdachungen-aus-aluminium-boizenburg\/\">Terrassen\u00fcberdachungen aus Aluminium Boizenburg<\/a>, <a href=\"https:\/\/www.kaduk-bauelemente.de\/leistungen\/fenster-lueneburg\/\">Fenster L\u00fcneburg<\/a>, <a href=\"https:\/\/www.kaduk-bauelemente.de\/leistungen\/insektenschutz-seevetal-rosengarten\/\">Insektenschutz Seevetal Rosengarten<\/a>, <a href=\"https:\/\/www.kaduk-bauelemente.de\/leistungen\/terrassendaecher-aus-holz-stelle\/\">Terrassend\u00e4cher aus Holz Stelle<\/a>, <a href=\"https:\/\/www.kaduk-bauelemente.de\/leistungen\/zaeune-buechen\/\">Z\u00e4une B\u00fcchen<\/a>, <a href=\"https:\/\/www.kaduk-bauelemente.de\/leistungen\/holzfenster-tostedt-sittensen\/\">Holzfenster Tostedt Sittensen<\/a>, <a href=\"https:\/\/www.kaduk-bauelemente.de\/leistungen\/zaeune-bad-bevensen\/\">Z\u00e4une Bad Bevensen<\/a>, <a href=\"https:\/\/www.kaduk-bauelemente.de\/leistungen\/raffstores-ebstorf\/\">Raffstores Ebstorf<\/a>"},"_links":{"self":[{"href":"https:\/\/www.kaduk-bauelemente.de\/leistungen\/wp-json\/wp\/v2\/pages\/4407","targetHints":{"allow":["GET"]}}],"collection":[{"href":"https:\/\/www.kaduk-bauelemente.de\/leistungen\/wp-json\/wp\/v2\/pages"}],"about":[{"href":"https:\/\/www.kaduk-bauelemente.de\/leistungen\/wp-json\/wp\/v2\/types\/page"}],"author":[{"embeddable":true,"href":"https:\/\/www.kaduk-bauelemente.de\/leistungen\/wp-json\/wp\/v2\/users\/1"}],"replies":[{"embeddable":true,"href":"https:\/\/www.kaduk-bauelemente.de\/leistungen\/wp-json\/wp\/v2\/comments?post=4407"}],"version-history":[{"count":0,"href":"https:\/\/www.kaduk-bauelemente.de\/leistungen\/wp-json\/wp\/v2\/pages\/4407\/revisions"}],"wp:attachment":[{"href":"https:\/\/www.kaduk-bauelemente.de\/leistungen\/wp-json\/wp\/v2\/media?parent=4407"}],"curies":[{"name":"wp","href":"https:\/\/api.w.org\/{rel}","templated":true}]}}