{"id":4406,"date":"2021-08-25T12:19:04","date_gmt":"2021-08-25T10:19:04","guid":{"rendered":"https:\/\/www.kaduk-bauelemente.de\/leistungen\/kunststofffenster-stelle\/"},"modified":"2021-08-25T12:19:04","modified_gmt":"2021-08-25T10:19:04","slug":"kunststofffenster-stelle","status":"publish","type":"page","link":"https:\/\/www.kaduk-bauelemente.de\/leistungen\/kunststofffenster-stelle\/","title":{"rendered":"Kunststofffenster &#8211; Stelle"},"content":{"rendered":"<h3>Kunststofffenster &#8211; eine gute  Investition<\/h3>\n<p>Kunststofffenster \u00fcberzeugen durch ihre Funktionalit\u00e4t. Gleichzeitig weisen Kunststofffenster ohne Frage eine \u00e4sthetische Komponente aus. Die Fenster sind zeitlos im Design und haben einen positiven Einfluss auf den Wohnkomfort. Es ist eindeutig: Kunststofffenster haben im heutigen Fensterbau feste Standards gesetzt. Moderne Kunststofffenster sind witterungsresistent und erf\u00fcllen alle Anforderungen einer bestm\u00f6glichen Energieeffizienz. Besonders auch in Sachen Optik liegen Kunststofffenster ganz weit vorne. Beinahe jede Gr\u00f6\u00dfe und Form k\u00f6nnen mit diesen Fenstern realisiert werden. Insbesondere im Preis-Leistungs-Verh\u00e4ltnis sind Kunststofffenster im Vergleich zu klassischen Holzfenstern oft unschlagbar g\u00fcnstig. Vom Preis bis zur Haltbarkeit haben Kunststofffenster viele Vorteile. Ein erheblicher Vorteil ist dar\u00fcber hinaus, dass viele Modelle ausgesprochen pflegeleicht sind. Beim Fensterputzen wird der Rahmen nur mit einem feuchten Lappen und einem Reinigungsmittel sauber gemacht. Die glatte Fl\u00e4che vereinfacht das Putzen zus\u00e4tzlich.<\/p>\n<h3>Kunststofffenster \u2013 besuchen Sie unsere Ausstellung!<\/h3>\n<p>Unser Angebotsportfolio h\u00e4lt eine Reihe qualitativ hochwertiger Kunststofffenster der f\u00fchrenden Hersteller f\u00fcr Sie bereit. Als spezialisierter Fachbetrieb bieten wir Ihnen selbstverst\u00e4ndlich etliche besonders ausgesuchte Produkte. Vereinbaren Sie doch einfach mal ganz unverbindlich einen Termin mit einem unserer Experten.<\/p>\n","protected":false},"excerpt":{"rendered":"<p>Kunststofffenster &#8211; eine gute Investition Kunststofffenster \u00fcberzeugen durch ihre Funktionalit\u00e4t. Gleichzeitig weisen Kunststofffenster ohne Frage eine \u00e4sthetische Komponente aus. Die Fenster sind zeitlos im Design und haben einen positiven Einfluss auf den Wohnkomfort. Es ist eindeutig: Kunststofffenster haben im heutigen Fensterbau feste Standards gesetzt. Moderne Kunststofffenster sind witterungsresistent und erf\u00fcllen alle Anforderungen einer bestm\u00f6glichen Energieeffizienz. [&hellip;]<\/p>\n","protected":false},"author":1,"featured_media":0,"parent":0,"menu_order":0,"comment_status":"closed","ping_status":"closed","template":"","meta":{"footnotes":""},"class_list":["post-4406","page","type-page","status-publish","hentry"],"meta_box":{"popseo_subtitel":"Kaduk Bauelemente ist Ihr Spezialist f\u00fcr Kunststofffenster im Raum Stelle","popseo_subtitel2":"Kunststofffenster - setzen Sie auf hochwertige L\u00f6sungen","popseo_lasttitel":"Kunststofffenster: F\u00fcr weitere Informationen sprechen Sie uns bitte an","popseo_region":"Stelle","popseo_sachwort":"Kunststofffenster","popseo_noupdate":"","popseo_einleitungstext":"<p>Sie wollen Ihre Gesch\u00e4fts- oder Wohnimmobilie mit zeitgem\u00e4\u00dfen Bauelementen ausstatten lassen interessieren sich f\u00fcr unser Leistungs- und Produktangebot? Prima, dann sind Sie auf dieser Seite an der richtigen Adresse. Unser Produktportfolio umfasst unter anderem Terrassend\u00e4cher, Markisen, Rolltore, Au\u00dfenjalousien, Fenster, T\u00fcren, Rolll\u00e4den und Carports. Als auf Sicherheit und Sonnenschutz fokussiertes Fachunternehmen \u00fcbernehmen wir gerne auch Montage- und Reparaturarbeiten. Erfahren Sie nachfolgend mehr \u00fcber unser Unternehmen und dessen Angebot. \u00dcber Ihr Interesse freuen wir uns sehr.<\/p>","popseo_schlusstext":"<p>Sie suchen einen Profi f\u00fcr hochwertige Sicherheits- und Sonnenschutzl\u00f6sungen. Dann melden Sie sich am besten noch heute bei uns. Wir freuen uns auf Ihren Anruf oder Ihre E-Mail. Wenn es um Bauelemente geht, sind wir Ihr erfahrener Handwerks- und Handelspartner. Wir sorgen f\u00fcr hochwertige Produkte und eine fachgerecht ausgef\u00fchrte Arbeit nach dem stets aktuellsten Stand der Technik.<\/p>","popseo_stadttext":"<h3>Unser Vertriebsgebiet umfasst auch in|Dach- und Fassadensanierung in|Unsere Spezialisten kommen zu Ihnen nach} Stelle<\/h2>\n<p>Unser Gesch\u00e4ftsbereich umfasst auch Stelle. Durch unsere T\u00e4tigkeit haben wir uns einen sehr guten \u00dcberblick \u00fcber die Stadtarchitektur der St\u00e4dte und Gemeinden unseres Vertriebsgebietes machen k\u00f6nnen. Wir f\u00fchlen uns der Region verpflichtet und freuen uns dar\u00fcber, auch unseren Anteil zur gesunden Infrastruktur der Gemeinde beizusteuern zu k\u00f6nnen.  <\/p>\n<h3>Einige Informationen zur Gemeinde Stelle<\/h3>\n<p>In der zum Kreis Harburg z\u00e4hlenden Gemeinde Stelle leben insgesamt zirka 11.000 Bewohner auf einer Gesamtfl\u00e4che von zirka 38 qkm. Direkt an Hamburg grenzend, z\u00e4hlt Stelle zum sogenannten \u201eSpeckg\u00fcrtel\u201c der Elbmetropole. Die Bev\u00f6lkerungszahl mit 288 Bewohnern pro Quadratkilometer ist nicht sonderlich hoch, was die Stadt zu einer bevorzugten Wohngegend macht. Zahlreiche sch\u00f6ne Quartiere mit einer angenehmen Bebauung machen Stelle f\u00fcr viele Menschen besonders anziehend. Leben in l\u00e4ndlicher Umgebung, dabei die Gro\u00dfstadt unmittelbar vor der T\u00fcr  \u2013 ein Lebensentwurf, der f\u00fcr sehr viele Menschen von Interesse ist. Ungez\u00e4hlte Wiesen und W\u00e4lder verleihen der Gemeinde einen zuweilen fast d\u00f6rflichen Charakter. Die lokale Wirtschaft von Stelle ist gepr\u00e4gt von kleinen und mittelst\u00e4ndigen Betrieben. <\/p>\n<p>Stelle ist f\u00fcr Berufspendler bestens geeignet. Wer seinen Arbeitsplatz in Hamburg hat, genie\u00dft das durchaus ruhige Leben in der Peripherie. Stelle verf\u00fcgt \u00fcber zahlreiche idyllische Wohnviertel, die von einer typischen Einzelhausbebauung bestimmt sind. <\/p>\n<h4>Privat- und Gesch\u00e4ftskunden aus Stelle sch\u00e4tzen unsere Leistungen!<\/h4>\n<p>Sehr gerne \u00fcbernehmen wir auch Arbeiten in Stelle und Umgebung. D\u00fcrfen wir Sie detailliert informieren? Rufen Sie uns an oder senden Sie uns eine Mail. Wir freuen uns auf das Gespr\u00e4ch mit Ihnen! Das qualifizierte Team unseres Unternehmens arbeitet \u201eHand in Hand\u201c, dabei stets zielorientiert und sorgsam.<\/p>","popseo_zusatztext":"<h3>G\u00fcnstig und preiswert \u2013 darauf d\u00fcrfen Sie setzen<\/h3>\n<p>Bauelemente m\u00fcssen h\u00f6chsten Anspr\u00fcchen standhalten. Gleichzeitig darf es g\u00fcnstig und preiswert sein. Das muss absolut kein Widerspruch sein. <\/p>\n<p>Als Fachbetrieb f\u00fcr Sonnenschutz und Sicherheit verwenden wir ausnahmslos hochwertige Produkte. Trotzdem schauen wir stets auf ein angemessenes Preis-Leistungsverh\u00e4ltnis. Wir m\u00f6chten Ihnen Qualit\u00e4t bieten, die trotzdem auch g\u00fcnstig und preiswert ist. Verleihen Sie Ihrem Heim g\u00fcnstig und preiswert das besondere Mehr an Qualit\u00e4t. Rolll\u00e4den und Markisen oder andere Sonnenschutzl\u00f6sungen sehen nicht nur hervorragend aus, sie leisten auch einen bedeutsamen Anteil zur W\u00e4rmed\u00e4mmung.  <\/p>\n<h3>G\u00fcnstig und preiswert \u2013 unsere Leistung \u00fcberzeugt<\/h3>\n<p>D\u00fcrfen wir Sie beraten, wie Sie g\u00fcnstig und preiswert einen optimalen Sonnenschutz f\u00fcr Ihr Haus verwirklichen? Toll, dann warten Sie bitte nicht und nehmen am besten gleich heute noch Verbindung mit uns auf. Ein kurzer Telefonanruf oder eine schnelle Email gen\u00fcgen. Gerne beraten Sie unsere perfekt ausgebildeten Spezialisten \u00fcber die unterschiedlichen M\u00f6glichkeiten, wie Sie Ihr Heim g\u00fcnstig und preiswert mit Rolll\u00e4den und Markisen oder anderen Sonnenschutzprodukten versehen. Wir freuen uns auf das Gespr\u00e4ch mit Ihnen. <\/p>\n<h4>Top-Qualit\u00e4t g\u00fcnstig und preiswert<\/h4>\n<p>Setzen Sie beim Thema Sonnenschutz und Sicherheit auf den Profi. Nur ein Spezialbetrieb kennt die diversen Optionen, wie Sie g\u00fcnstig und preiswert, gleichzeitig qualitativ h\u00f6herwertig einen perfekten Sonnenschutz erreichen. Qualit\u00e4tsbewusst, g\u00fcnstig und preiswert: Wir empfehlen uns als spezialisiertes Fachunternehmen im norddeutschen Gebiet. Unsere langj\u00e4hrige Erfahrung spricht f\u00fcr uns.<\/p>","popseo_links":"<a href=\"https:\/\/www.kaduk-bauelemente.de\/leistungen\/rolltore-buchholz\/\">Rolltore Buchholz<\/a>, <a href=\"https:\/\/www.kaduk-bauelemente.de\/leistungen\/aussenjalousien-bispingen\/\">Au\u00dfenjalousien Bispingen<\/a>, <a href=\"https:\/\/www.kaduk-bauelemente.de\/leistungen\/zaunbau-tostedt-sittensen\/\">Zaunbau Tostedt Sittensen<\/a>, <a href=\"https:\/\/www.kaduk-bauelemente.de\/leistungen\/markisen-schwarzenbek\/\">Markisen Schwarzenbek<\/a>, <a href=\"https:\/\/www.kaduk-bauelemente.de\/leistungen\/rollladen-jesteburg\/\">Rollladen Jesteburg<\/a>, <a href=\"https:\/\/www.kaduk-bauelemente.de\/leistungen\/raffstores-hanstedt\/\">Raffstores Hanstedt<\/a>, <a href=\"https:\/\/www.kaduk-bauelemente.de\/leistungen\/tueren-harburg\/\">T\u00fcren Harburg<\/a>, <a href=\"https:\/\/www.kaduk-bauelemente.de\/leistungen\/sektionaltore-boizenburg\/\">Sektionaltore Boizenburg<\/a>, <a href=\"https:\/\/www.kaduk-bauelemente.de\/leistungen\/fliegengitter-bardowick\/\">Fliegengitter Bardowick<\/a>, <a href=\"https:\/\/www.kaduk-bauelemente.de\/leistungen\/terrassendaecher-aus-holz-jesteburg\/\">Terrassend\u00e4cher aus Holz Jesteburg<\/a>, <a href=\"https:\/\/www.kaduk-bauelemente.de\/leistungen\/carports-herzogtum-lauenburg\/\">Carports Herzogtum Lauenburg<\/a>, <a href=\"https:\/\/www.kaduk-bauelemente.de\/leistungen\/aussenjalousien-schwarzenbek\/\">Au\u00dfenjalousien Schwarzenbek<\/a>, <a href=\"https:\/\/www.kaduk-bauelemente.de\/leistungen\/raffstores-buchholz\/\">Raffstores Buchholz<\/a>, <a href=\"https:\/\/www.kaduk-bauelemente.de\/leistungen\/rolltore-bienenbuettel\/\">Rolltore Bienenb\u00fcttel<\/a>, <a href=\"https:\/\/www.kaduk-bauelemente.de\/leistungen\/garagen-amt-neuhaus\/\">Garagen Amt Neuhaus<\/a>, <a href=\"https:\/\/www.kaduk-bauelemente.de\/leistungen\/aussenjalousien-ebstorf\/\">Au\u00dfenjalousien Ebstorf<\/a>, <a href=\"https:\/\/www.kaduk-bauelemente.de\/leistungen\/aussenjalousien-bardowick\/\">Au\u00dfenjalousien Bardowick<\/a>, <a href=\"https:\/\/www.kaduk-bauelemente.de\/leistungen\/insektenschutz-reinbek-glinde\/\">Insektenschutz Reinbek Glinde<\/a>, <a href=\"https:\/\/www.kaduk-bauelemente.de\/leistungen\/terrassendaecher-aus-holz-reinbek-glinde\/\">Terrassend\u00e4cher aus Holz Reinbek Glinde<\/a>, <a href=\"https:\/\/www.kaduk-bauelemente.de\/leistungen\/raffstores-stelle\/\">Raffstores Stelle<\/a>, <a href=\"https:\/\/www.kaduk-bauelemente.de\/leistungen\/tueren-tostedt-sittensen\/\">T\u00fcren Tostedt Sittensen<\/a>, <a href=\"https:\/\/www.kaduk-bauelemente.de\/leistungen\/zaeune-amelinghausen\/\">Z\u00e4une Amelinghausen<\/a>, <a href=\"https:\/\/www.kaduk-bauelemente.de\/leistungen\/holzfenster-maschen\/\">Holzfenster Maschen<\/a>, <a href=\"https:\/\/www.kaduk-bauelemente.de\/leistungen\/terrassenueberdachungen-aus-holz-bispingen\/\">Terrassen\u00fcberdachungen aus Holz Bispingen<\/a>, <a href=\"https:\/\/www.kaduk-bauelemente.de\/leistungen\/terrassenueberdachungen-aus-holz-adendorf\/\">Terrassen\u00fcberdachungen aus Holz Adendorf<\/a>, <a href=\"https:\/\/www.kaduk-bauelemente.de\/leistungen\/holzfenster-stelle\/\">Holzfenster Stelle<\/a>"},"_links":{"self":[{"href":"https:\/\/www.kaduk-bauelemente.de\/leistungen\/wp-json\/wp\/v2\/pages\/4406","targetHints":{"allow":["GET"]}}],"collection":[{"href":"https:\/\/www.kaduk-bauelemente.de\/leistungen\/wp-json\/wp\/v2\/pages"}],"about":[{"href":"https:\/\/www.kaduk-bauelemente.de\/leistungen\/wp-json\/wp\/v2\/types\/page"}],"author":[{"embeddable":true,"href":"https:\/\/www.kaduk-bauelemente.de\/leistungen\/wp-json\/wp\/v2\/users\/1"}],"replies":[{"embeddable":true,"href":"https:\/\/www.kaduk-bauelemente.de\/leistungen\/wp-json\/wp\/v2\/comments?post=4406"}],"version-history":[{"count":0,"href":"https:\/\/www.kaduk-bauelemente.de\/leistungen\/wp-json\/wp\/v2\/pages\/4406\/revisions"}],"wp:attachment":[{"href":"https:\/\/www.kaduk-bauelemente.de\/leistungen\/wp-json\/wp\/v2\/media?parent=4406"}],"curies":[{"name":"wp","href":"https:\/\/api.w.org\/{rel}","templated":true}]}}