{"id":4400,"date":"2021-08-25T12:19:04","date_gmt":"2021-08-25T10:19:04","guid":{"rendered":"https:\/\/www.kaduk-bauelemente.de\/leistungen\/kunststofffenster-maschen\/"},"modified":"2021-08-25T12:19:04","modified_gmt":"2021-08-25T10:19:04","slug":"kunststofffenster-maschen","status":"publish","type":"page","link":"https:\/\/www.kaduk-bauelemente.de\/leistungen\/kunststofffenster-maschen\/","title":{"rendered":"Kunststofffenster &#8211; Maschen"},"content":{"rendered":"<h3>Kunststofffenster \u2013 formsch\u00f6n und praktisch!<\/h3>\n<p>Kunststofffenster \u00fcberzeugen durch ihre Funktionalit\u00e4t. Gleichzeitig weisen Kunststofffenster ohne Frage eine \u00e4sthetische Komponente aus. Die Fenster verf\u00fcgen \u00fcber ein zeitloses Design und wirken sich positiv auf den Wohnkomfort aus. Es ist eindeutig: Kunststofffenster haben im heutigen Fensterbau feste Standards gesetzt. Moderne Kunststofffenster sind witterungsbest\u00e4ndig und erf\u00fcllen alle Voraussetzungen einer bestm\u00f6glichen Energieeffizienz. Auch in Sachen Optik liegen Kunststofffenster an erster Stelle. Fast jede Gr\u00f6\u00dfe und Form lassen sich mit diesen Fenstern gestalten. Ebenfalls im Preis-Leistungs-Verh\u00e4ltnis sind Kunststofffenster verglichen mit herk\u00f6mmlichen Holzfenstern nicht selten unschlagbar preiswert. Vom Preis bis zur Produktlebenszeit haben Kunststofffenster zahlreiche Vorteile. Ein erheblicher Vorzug ist zudem, dass viele Modelle ausgesprochen pflegeleicht sind. Beim Fensterputzen wird der Rahmen nur mit einem feuchten Lappen und einem Reiniger sauber gemacht. Die glatte Oberfl\u00e4che erleichert das Putzen zus\u00e4tzlich.<\/p>\n<h3>Kunststofffenster \u2013 besuchen Sie unsere Ausstellung!<\/h3>\n<p>Unser Angebotsspektrum h\u00e4lt eine Reihe hochwertiger Kunststofffenster der f\u00fchrenden Produzenten f\u00fcr Sie bereit. Als spezialisierter Fachbetrieb bieten wir Ihnen nat\u00fcrlich etliche besonders exklusive Produkte. Verabreden Sie doch einfach einmal ganz unverbindlich einen Termin mit einem unserer Fachleute.<\/p>\n","protected":false},"excerpt":{"rendered":"<p>Kunststofffenster \u2013 formsch\u00f6n und praktisch! Kunststofffenster \u00fcberzeugen durch ihre Funktionalit\u00e4t. Gleichzeitig weisen Kunststofffenster ohne Frage eine \u00e4sthetische Komponente aus. Die Fenster verf\u00fcgen \u00fcber ein zeitloses Design und wirken sich positiv auf den Wohnkomfort aus. Es ist eindeutig: Kunststofffenster haben im heutigen Fensterbau feste Standards gesetzt. Moderne Kunststofffenster sind witterungsbest\u00e4ndig und erf\u00fcllen alle Voraussetzungen einer bestm\u00f6glichen [&hellip;]<\/p>\n","protected":false},"author":1,"featured_media":0,"parent":0,"menu_order":0,"comment_status":"closed","ping_status":"closed","template":"","meta":{"footnotes":""},"class_list":["post-4400","page","type-page","status-publish","hentry"],"meta_box":{"popseo_subtitel":"Kaduk Bauelemente ist Ihr Fachunternehmen f\u00fcr Kunststofffenster im Raum Maschen","popseo_subtitel2":"Kunststofffenster - wir haben die richtige L\u00f6sung f\u00fcr Sie","popseo_lasttitel":"Kunststofffenster: Wir informieren Sie gerne auch pers\u00f6nlich!","popseo_region":"Maschen","popseo_sachwort":"Kunststofffenster","popseo_noupdate":"","popseo_einleitungstext":"<p>Sie wollen Ihre Gesch\u00e4fts- oder Wohnimmobilie mit zeitgem\u00e4\u00dfen Bauelementen ausstatten lassen und m\u00f6chten sich \u00fcber unser Produkt- und Leistungsangebot informieren? Wunderbar, dann sind Sie auf dieser Seite genau richtig. Unser Produktportfolio umfasst beispielsweise Markisen, Rolltore, Terrassend\u00e4cher, Fenster, Au\u00dfenjalousien, T\u00fcren, Carports und Rolll\u00e4den. Als auf Sonnenschutz und Sicherheit fokussiertes Unternehmen \u00fcbernehmen wir sehr gerne auch Montage- und Reparaturarbeiten. Erfahren Sie nachfolgend mehr \u00fcber uns und unser Angebot. Ihr Interesse freut uns sehr.<\/p>","popseo_schlusstext":"<p>Sehr gerne informieren wir Sie n\u00e4her \u00fcber unser Produkt- und T\u00e4tigkeitsspektrum. Wir zeigen Ihnen mit Vergn\u00fcgen auch ein paar Projekte, die Ihnen einen Einblick in unsere Firment\u00e4tigkeit geben.<br \/>\nSetzen Sie auf die Expertise eines erfahrenen Fachbetriebes. Rufen Sie uns doch rasch einmal an oder schicken Sie uns eine kurze E-Mail. Wir freuen uns auf den Kontakt zu Ihnen.<\/p>","popseo_stadttext":"<h3>Leben und Wohnen in Maschen<\/h2>\n<p>Unser Einzugsbereich umfasst auch Maschen. Durch unsere T\u00e4tigkeit haben wir uns einen ausgezeichneten \u00dcberblick \u00fcber die Stadtarchitektur der St\u00e4dte und Gemeinden unseres Vertriebsgebietes erarbeiten k\u00f6nnen. Wir f\u00fchlen uns der Region verpflichtet und sind stolz darauf, auch einen Teil zur gesunden Infrastruktur der Gemeinde beizusteuern zu k\u00f6nnen.  <\/p>\n<h3>Ein paar Fakten \u00fcber Maschen<\/h3>\n<p>In der zum Landkreis Harburg geh\u00f6renden Gemeinde Maschen leben insgesamt rund 9.000 Bewohner. Direkt an Hamburg grenzend, z\u00e4hlt Maschen zum sog. \u201eSpeckg\u00fcrtel\u201c der Elbmetropole. Die Bev\u00f6lkerungszahl ist eher niedrig, was den Ort zu einer favorisierten Wohngegend macht. Maschen ist f\u00fcr Berufspendler wunderbar ideal. Wer seinen Arbeitsplatz in der Hansestadt Hamburg hat, genie\u00dft das eher beschauliche Leben in der Peripherie. Maschen verf\u00fcgt \u00fcber zahlreiche sch\u00f6ne Wohngebiete, die von einer angenehmen Einzelhausbebauung gepr\u00e4gt sind. Zahlreiche sch\u00f6ne Siedlungen machen Maschen attraktiv. Leben in einem fast d\u00f6rflichen Umfeld, dabei die Hansestadt direkt vor der T\u00fcr \u2013 ein Wohnmodell, das f\u00fcr sehr viele Menschen interessant ist. Zahlreiche Wiesen und W\u00e4lder verleihen dem Ort einen zuweilen fast d\u00f6rflichen Charakter. <\/p>\n<h4>Unsere Leistung f\u00fcr qualit\u00e4tsbewusste Kunden aus Maschen<\/h4>\n<p>Gerne werden wir auch f\u00fcr Sie im Raum Maschen t\u00e4tig. D\u00fcrfen wir Sie detailliert beraten? Rufen Sie uns an oder schicken Sie uns eine Email. Wir freuen uns, wenn wir ihnen helfen k\u00f6nnen! Das perfekt eingespielte Team unseres Unternehmens zeichnet sich durch eine zielgerichtete Arbeit aus.<\/p>","popseo_zusatztext":"<h3>G\u00fcnstig und preiswert \u2013 unser Angebot f\u00fcr Sie<\/h3>\n<p>Bauelemente m\u00fcssen h\u00f6chsten Anforderungen gerecht werden. Nichtsdestrotrotz mu\u00df es g\u00fcnstig und preiswert sein. Das muss durchaus kein Widerspruch sein. <\/p>\n<p>Als Fachbetrieb f\u00fcr Sonnenschutz- und Sicherheitssysteme verwenden wir ausnahmslos hochwertige Produkte. Gleichwohl achten wir stets auf ein gutes Preis-Leistungsverh\u00e4ltnis. Wir m\u00f6chten Ihnen Spitzenqualit\u00e4t bieten, die gleichzeitig auch g\u00fcnstig und preiswert ist. Verleihen Sie Ihrem Zuhause g\u00fcnstig und preiswert das gewisse Plus an Qualit\u00e4t. Markisen und Rolll\u00e4den oder andere Sonnenschutzl\u00f6sungen sehen nicht nur toll aus, sie leisten auch einen bedeutsamen Beitrag zur W\u00e4rmed\u00e4mmung.  <\/p>\n<h3>G\u00fcnstig und preiswert \u2013 unsere Leistung \u00fcberzeugt<\/h3>\n<p>D\u00fcrfen wir Sie informieren, wie Sie g\u00fcnstig und preiswert einen perfekten Sonnenschutz f\u00fcr Ihr Zuhause verwirklichen? Toll, dann warten Sie bitte nicht und nehmen am besten sofort heute noch Verbindung mit uns auf. Ein kurzer Telefonanruf oder auch eine schnelle eMail gen\u00fcgen. Gerne informieren Sie unsere gut geschulten Profis \u00fcber die diversen M\u00f6glichkeiten, wie Sie Ihr Zuhause g\u00fcnstig und preiswert mit Rolll\u00e4den und Markisen oder anderen Sonnenschutzprodukten ausstatten. Wir freuen uns auf das Gespr\u00e4ch mit Ihnen. <\/p>\n<h4>Hochwertige Arbeit g\u00fcnstig und preiswert<\/h4>\n<p>Setzen Sie beim Thema Sonnenschutz und Sicherheit auf den Profi. Nur ein Fachbetrieb kennt die unterschiedlichen Optionen, wie Sie g\u00fcnstig und preiswert, gleichzeitig qualitativ spitze einen optimalen Sonnenschutz verwirklichen. Qualit\u00e4tsbewusst, g\u00fcnstig und preiswert: Wir empfehlen uns als spezialisiertes Fachunternehmen im norddeutschen Gebiet. Unsere jahrelange Erfahrung spricht f\u00fcr uns.<\/p>","popseo_links":"<a href=\"https:\/\/www.kaduk-bauelemente.de\/leistungen\/fenster-bardowick\/\">Fenster Bardowick<\/a>, <a href=\"https:\/\/www.kaduk-bauelemente.de\/leistungen\/terrassenueberdachungen-aus-aluminium-bardowick\/\">Terrassen\u00fcberdachungen aus Aluminium Bardowick<\/a>, <a href=\"https:\/\/www.kaduk-bauelemente.de\/leistungen\/sektionaltore-adendorf\/\">Sektionaltore Adendorf<\/a>, <a href=\"https:\/\/www.kaduk-bauelemente.de\/leistungen\/garagen-geesthacht\/\">Garagen Geesthacht<\/a>, <a href=\"https:\/\/www.kaduk-bauelemente.de\/leistungen\/zaeune-bardowick\/\">Z\u00e4une Bardowick<\/a>, <a href=\"https:\/\/www.kaduk-bauelemente.de\/leistungen\/rolltore-tostedt-sittensen\/\">Rolltore Tostedt Sittensen<\/a>, <a href=\"https:\/\/www.kaduk-bauelemente.de\/leistungen\/aussenjalousien-stelle\/\">Au\u00dfenjalousien Stelle<\/a>, <a href=\"https:\/\/www.kaduk-bauelemente.de\/leistungen\/haustueren-reppenstedt\/\">Haust\u00fcren Reppenstedt<\/a>, <a href=\"https:\/\/www.kaduk-bauelemente.de\/leistungen\/rolllaeden-bad-bevensen\/\">Rolll\u00e4den Bad Bevensen<\/a>, <a href=\"https:\/\/www.kaduk-bauelemente.de\/leistungen\/sektionaltore-maschen\/\">Sektionaltore Maschen<\/a>, <a href=\"https:\/\/www.kaduk-bauelemente.de\/leistungen\/terrassenueberdachungen-aus-holz-ebstorf\/\">Terrassen\u00fcberdachungen aus Holz Ebstorf<\/a>, <a href=\"https:\/\/www.kaduk-bauelemente.de\/leistungen\/terrassendaecher-aus-aluminium-salzhausen\/\">Terrassend\u00e4cher aus Aluminium Salzhausen<\/a>, <a href=\"https:\/\/www.kaduk-bauelemente.de\/leistungen\/fliegengitter-harburg\/\">Fliegengitter Harburg<\/a>, <a href=\"https:\/\/www.kaduk-bauelemente.de\/leistungen\/zaunbau-salzhausen\/\">Zaunbau Salzhausen<\/a>, <a href=\"https:\/\/www.kaduk-bauelemente.de\/leistungen\/aussenjalousien-jesteburg\/\">Au\u00dfenjalousien Jesteburg<\/a>, <a href=\"https:\/\/www.kaduk-bauelemente.de\/leistungen\/holzfenster-buechen\/\">Holzfenster B\u00fcchen<\/a>, <a href=\"https:\/\/www.kaduk-bauelemente.de\/leistungen\/insektenschutz-lueneburg\/\">Insektenschutz L\u00fcneburg<\/a>, <a href=\"https:\/\/www.kaduk-bauelemente.de\/leistungen\/terrassenueberdachungen-aus-aluminium-adendorf\/\">Terrassen\u00fcberdachungen aus Aluminium Adendorf<\/a>, <a href=\"https:\/\/www.kaduk-bauelemente.de\/leistungen\/garagen-buchholz\/\">Garagen Buchholz<\/a>, <a href=\"https:\/\/www.kaduk-bauelemente.de\/leistungen\/rolltore-reinbek-glinde\/\">Rolltore Reinbek Glinde<\/a>, <a href=\"https:\/\/www.kaduk-bauelemente.de\/leistungen\/garagentore-seevetal-rosengarten\/\">Garagentore Seevetal Rosengarten<\/a>, <a href=\"https:\/\/www.kaduk-bauelemente.de\/leistungen\/zaeune-amt-neuhaus\/\">Z\u00e4une Amt Neuhaus<\/a>, <a href=\"https:\/\/www.kaduk-bauelemente.de\/leistungen\/zaeune-reppenstedt\/\">Z\u00e4une Reppenstedt<\/a>, <a href=\"https:\/\/www.kaduk-bauelemente.de\/leistungen\/zaeune-ebstorf\/\">Z\u00e4une Ebstorf<\/a>, <a href=\"https:\/\/www.kaduk-bauelemente.de\/leistungen\/terrassenueberdachungen-aus-aluminium-buechen\/\">Terrassen\u00fcberdachungen aus Aluminium B\u00fcchen<\/a>, <a href=\"https:\/\/www.kaduk-bauelemente.de\/leistungen\/rolltore-harburg\/\">Rolltore Harburg<\/a>"},"_links":{"self":[{"href":"https:\/\/www.kaduk-bauelemente.de\/leistungen\/wp-json\/wp\/v2\/pages\/4400","targetHints":{"allow":["GET"]}}],"collection":[{"href":"https:\/\/www.kaduk-bauelemente.de\/leistungen\/wp-json\/wp\/v2\/pages"}],"about":[{"href":"https:\/\/www.kaduk-bauelemente.de\/leistungen\/wp-json\/wp\/v2\/types\/page"}],"author":[{"embeddable":true,"href":"https:\/\/www.kaduk-bauelemente.de\/leistungen\/wp-json\/wp\/v2\/users\/1"}],"replies":[{"embeddable":true,"href":"https:\/\/www.kaduk-bauelemente.de\/leistungen\/wp-json\/wp\/v2\/comments?post=4400"}],"version-history":[{"count":0,"href":"https:\/\/www.kaduk-bauelemente.de\/leistungen\/wp-json\/wp\/v2\/pages\/4400\/revisions"}],"wp:attachment":[{"href":"https:\/\/www.kaduk-bauelemente.de\/leistungen\/wp-json\/wp\/v2\/media?parent=4400"}],"curies":[{"name":"wp","href":"https:\/\/api.w.org\/{rel}","templated":true}]}}