{"id":4399,"date":"2021-08-25T12:19:04","date_gmt":"2021-08-25T10:19:04","guid":{"rendered":"https:\/\/www.kaduk-bauelemente.de\/leistungen\/kunststofffenster-lueneburg\/"},"modified":"2021-08-25T12:19:04","modified_gmt":"2021-08-25T10:19:04","slug":"kunststofffenster-lueneburg","status":"publish","type":"page","link":"https:\/\/www.kaduk-bauelemente.de\/leistungen\/kunststofffenster-lueneburg\/","title":{"rendered":"Kunststofffenster &#8211; L\u00fcneburg"},"content":{"rendered":"<h3>Kunststofffenster &#8211; eine gute  Investition<\/h3>\n<p>Kunststofffenster \u00fcberzeugen durch ihre Funktionalit\u00e4t. Gleichwohl weisen Kunststofffenster fraglos eine \u00e4sthetische Komponente aus. Die Fenster sind zeitlos im Design und haben einen positiven Einfluss auf den Wohnkomfort. Ohne Frage: Kunststofffenster haben haben sich im heutigen Fensterbau qualifiziert. Moderne Kunststofffenster sind witterungsresistent und erf\u00fcllen alle Voraussetzungen einer optimalen Energieeffizienz. Besonders auch in Sachen Optik liegen Kunststofffenster an erster Stelle. Beinahe jede Form und Gr\u00f6\u00dfe lassen sich mit diesen Fenstern gestalten. Ebenfalls im Preis-Leistungs-Verh\u00e4ltnis sind Kunststofffenster verglichen mit herk\u00f6mmlichen Holzfenstern oftmals unschlagbar preiswert. Vom Preis bis zur Haltbarkeit haben Kunststofffenster viele Vorteile. Ein weiterer Vorzug ist zudem, dass viele Modelle sehr pflegeleicht sind. Beim Reinigen wird der Rahmen lediglich mit einem feuchten Lappen und einem Reinigungsmittel sauber gemacht. Die glatte Oberfl\u00e4che vereinfacht das Putzen zus\u00e4tzlich.<\/p>\n<h3>Kunststofffenster \u2013 besuchen Sie unsere Ausstellung!<\/h3>\n<p>Unser Angebotsportfolio h\u00e4lt eine Reihe qualitativ hochwertiger Kunststofffenster der f\u00fchrenden Hersteller f\u00fcr Sie bereit. Als spezialisierter Fachbetrieb bieten wir Ihnen nat\u00fcrlich etliche besonders ausgesuchte Produkte. Verabreden Sie doch einfach einmal ganz unverbindlich einen Gespr\u00e4chstermin mit einem unserer Fachkr\u00e4fte.<\/p>\n","protected":false},"excerpt":{"rendered":"<p>Kunststofffenster &#8211; eine gute Investition Kunststofffenster \u00fcberzeugen durch ihre Funktionalit\u00e4t. Gleichwohl weisen Kunststofffenster fraglos eine \u00e4sthetische Komponente aus. Die Fenster sind zeitlos im Design und haben einen positiven Einfluss auf den Wohnkomfort. Ohne Frage: Kunststofffenster haben haben sich im heutigen Fensterbau qualifiziert. Moderne Kunststofffenster sind witterungsresistent und erf\u00fcllen alle Voraussetzungen einer optimalen Energieeffizienz. Besonders auch [&hellip;]<\/p>\n","protected":false},"author":1,"featured_media":0,"parent":0,"menu_order":0,"comment_status":"closed","ping_status":"closed","template":"","meta":{"footnotes":""},"class_list":["post-4399","page","type-page","status-publish","hentry"],"meta_box":{"popseo_subtitel":"Kaduk Bauelemente ist Ihr Partner f\u00fcr Kunststofffenster in L\u00fcneburg","popseo_subtitel2":"Kunststofffenster vom Fachbetrieb","popseo_lasttitel":"Kunststofffenster: Treten Sie in Kontakt mit uns!","popseo_region":"L\u00fcneburg","popseo_sachwort":"Kunststofffenster","popseo_noupdate":"","popseo_einleitungstext":"<p>Wenn es um Sonnenschutz und Sicherheit geht, sind Sie bei der Firma Dirk Kaduk Bauelemte genau an der richtigen Adresse. Seit Firmengr\u00fcndung sind wir Ihr lokaler Fachbetrieb f\u00fcr qualitativ hochwertige Bauelemente. Zu unserem Produktangebot z\u00e4hlen unter anderem Terrassend\u00e4cher, Markisen, Rolltore, T\u00fcren, Fenster, Au\u00dfenjalousien, Carports und Rolll\u00e4den. Wir \u00fcbernehmen Reparatur- und Montagearbeiten und zeigen Ihnen, wie Sie Ihr Gesch\u00e4fts- oder Wohnhaus mit modernen Bauelementen ausstatten k\u00f6nnen. Nachfolgend haben wir einige erste Informationen f\u00fcr Sie zusammengetragen.<\/p>","popseo_schlusstext":"<p>Gerne informieren wir Sie n\u00e4her \u00fcber unsere Produkte und unser Aufgabengebiet. Wir pr\u00e4sentieren Ihnen mit Vergn\u00fcgen auch ein paar Projekte, die Ihnen einen Einblick in unsere Arbeit geben.<br \/>\nSetzen Sie auf die Expertise eines erfahrenen Fachbetriebes. Rufen Sie uns doch einfach einmal an oder senden Sie uns eine schnelle E-Mail. Wir freuen uns auf Sie.<\/p>","popseo_stadttext":"<h3>Wir freuen uns \u00fcber zufriedene Kunden aus L\u00fcneburg und Bleckede<\/h3>\n<p>Wir betreuen Kunden aus L\u00fcneburg und Bleckede. Durch unsere Vertriebst\u00e4tigkeit haben wir uns einen sehr guten \u00dcberblick \u00fcber die Stadtarchitektur der Gemeinden und St\u00e4dte unseres Einzugsbereiches machen k\u00f6nnen. Selbstverst\u00e4ndlich geh\u00f6rt auch Ihre Region zu unserem unmittelbaren Vertriebsgebiet. Wir freuen uns darauf, mit Ihnen in Kontakt zu kommen. <\/p>\n<h3>Einige Informationen zu den St\u00e4dten L\u00fcneburg und Bleckede<\/h3>\n<p>In der zirka 40 km s\u00fcdlich von Hansestadt Hamburg gelegenen Stadt L\u00fcneburg wohnen etwa 70.000 Anwohner. Das Stadtgebiet verl\u00e4uft \u00fcber ein Areal von 70 Quadratkilometer. L\u00fcneburg ist Kreisstadt des Landkreises L\u00fcneburg und geh\u00f6rt zur Metropolregion Hamburg. Was viele nicht wissen: L\u00fcneburg ist eine historische Hansestadt. Wunderh\u00fcbsch an der Ilmenau gelegen, erfreut sich L\u00fcneburg massiver Beliebtheit bei Tagesbesuchern und Touristen. Die \u00fcber 300.000 \u00dcbernachtungen, die das nieders\u00e4chsische Landesamt f\u00fcr Statistik festgestellt hat, sprechen eine sehr klare Sprache. Insbesondere sehenswert ist die Innenstadt von L\u00fcneburg. Ungez\u00e4hlte geschichtstr\u00e4chtige Geb\u00e4ude verleihen der Stadt einen absolut einmaligen Charme. Bei einem Bummel durch die Altstadt von L\u00fcneburg sollte man auf jeden Fall die Kirche St. Nicolai im Wasserviertel, das Stadtschloss am Markt und den Stintmarkt am L\u00fcneburger Hafen besuchen. Wer ein wenig Zeit zur Verf\u00fcgung hat, macht Halt in einem der zahllosen sch\u00f6nen Caf\u00e9s am Marktplatz und l\u00e4sst einfach die herrliche Atmosp\u00e4hre von L\u00fcneburg auf sich wirken. Die vielen Fachwerkh\u00e4user verleihen dem st\u00e4dtischen Ensemble eine g\u00e4nzlich einmalige Aura. Die beschauliche Universit\u00e4tsstadt ist bekannt f\u00fcr die Salzgewinnung. In L\u00fcneburg liegt ein ein alter Salzstock. Dort wurde \u00fcber Jahrhunderte in gro\u00dfem Stile Salz abgebaut. Das Deutsche Salzmuseum L\u00fcneburg erinnert heute an diesen historischen Teil der Stadtgeschichte. Au\u00dferdem ist der Stint eine ber\u00fchmte kulinarische Spezialit\u00e4t. Dem kleinen Fisch begegnet man in L\u00fcneburg fast pausenlos. Bei einem Besuch der nieders\u00e4chsischen Kreisstadt sollte man ein Stint-Essen auf keinen Fall vers\u00e4umen.      <\/p>\n<p>L\u00fcneburg befindet sich an der Schnellstra\u00dfe A39. Auch \u00fcber die Bundesstra\u00dfen B4, B209 und B216 gelangt man schnell und sicher in die nieders\u00e4chsische Stadt. Auch das Umland \u2013 unter anderem Egestorf, Fleestedt, Hanstedt, Salzhausen, Bienenb\u00fcttel, Scharnebeck und Amelinghausen - ist gut angebunden. Wer mit der Eisenbahn nach L\u00fcneburg reisen m\u00f6chte, kann dies \u00fcber die Bahnverbindung Hamburg-Hannover tun. Dar\u00fcber hinaus besteht eine Regionalbahnverbindung durch den Verkehrsbetrieb Metronom. Die Reisezeit zwischen Hamburg und L\u00fcneburg betr\u00e4gt nur 30 Minuten. <\/p>\n<h3>L\u00fcneburg und Bleckede: Attraktive Lebensmittelpunkte!<\/h3>\n<p>Die Ortschaft Bleckede liegt im nieders\u00e4chsischen Kreis L\u00fcneburg. Bleckede hat nicht ganz 10.000 Einwohner. Das Stadtgebiet erstreckt sich \u00fcber eine Gesamtfl\u00e4che von ungef\u00e4hr 139 km\u00b2. In direkter N\u00e4he finden sich die Ortschaften Thomasburg, Vastorf, Amt Neuhaus und Dahlenburg. Zu Bleckede z\u00e4hlen alles in allem 15 Gemeindeteile. Die ausgezeichnete Lage direkt an der Elbe macht Bleckede interessant f\u00fcr Tagesbesucher und Touristen. Insbesondere auf zwei R\u00e4dern lohnt sich ein Ausflug nach Bleckede. Der Elbradweg sowie der Mecklenburgische Seen-Radweg laden zum erholsamen Radfahren ein. Kennzeichnend f\u00fcr Bleckede sind die vielen Fachwerkbauten. Per pedes l\u00e4sst sich die herrliche Architektur besonders gut bewundern. Entsprechend stolz sind die B\u00fcrgervertreter von Bleckede darauf, dass der Ort Teil der Deutschen Fachwerkstra\u00dfe ist. Besonders sch\u00f6n ist der Hafen von Bleckede. Bis heute machen viele Frachtschiffe hier Station. Besucher sch\u00e4tzen dar\u00fcber hinaus den Fahrgastverkehr auf der Elbe. Ein touristischer Clou: Der altehrw\u00fcrdige Raddampfer Kaiser-Wilhelm legt regelm\u00e4\u00dfig in Bleckede an. Gut geignet ist der Hafen auch f\u00fcr die Sportschifffahrt. Die zahllosen Sportbootliegepl\u00e4tze veranschaulichen die Anziehungskraft des Hafen eindrucksvoll. Bleckede ist bekannt f\u00fcr seine sch\u00f6ne Umgebung. Neben der bereits erw\u00e4hnten Deutschen Fachwerkstra\u00dfe f\u00fchrt auch die Deutsche Storchenstra\u00dfe durch Bleckede. Das innerst\u00e4dtisch zu beobachtende Storchennest ist eine ganz bedeutende Attraktion. Aus Richtung L\u00fcneburg kommend, kann man dar\u00fcber hinaus auch mit einer historischen Eisenbahn nach Bleckede reisen. Die Fahrt mit dem sog. Heide-Elbe-Express ist ein Reisetipp f\u00fcr Besucher der Region.<\/p>\n<h4>Wir f\u00fcr Sie in L\u00fcneburg und Bleckede!<\/h4>\n<p>Prima, dass Sie diese Seite gefunden haben. Wenn Sie ein Fachunternehmen suchen, sind Sie bei uns richtig. Sie m\u00f6chten mehr \u00fcber uns erfahren? F\u00fcr R\u00fcckfragen stehen wir Ihnen jederzeit zur Verf\u00fcgung. Unser engagiertes Team freut sich auf Sie.<\/p>","popseo_zusatztext":"<h3>G\u00fcnstig und preiswert \u2013 vergleichen Sie!<\/h3>\n<p>Bauelemente m\u00fcssen gehobenen Anforderungen gerecht werden. Trotzdem mu\u00df es g\u00fcnstig und preiswert sein. Das muss absolut kein Widerspruch sein. <\/p>\n<p>Als Fachunternehmen f\u00fcr Sonnenschutz und Sicherheit verarbeiten wir ausschlie\u00dflich qualitativ hochwertige Erzeugnisse. Nichtsdestotrotz schauen wir immer auf ein gutes Preis-Leistungsverh\u00e4ltnis. Wir m\u00f6chten Ihnen Qualit\u00e4t bieten, die gleichzeitig auch g\u00fcnstig und preiswert ist. Geben Sie Ihrem Zuhause g\u00fcnstig und preiswert das besondere Mehr an Qualit\u00e4t. Markisen und Rolll\u00e4den oder andere Sonnenschutzl\u00f6sungen sehen nicht nur hervorragend aus, sie leisten auch einen bedeutsamen Beitrag zur W\u00e4rmed\u00e4mmung.  <\/p>\n<h3>G\u00fcnstig und preiswert \u2013 trotzdem individuell und schick<\/h3>\n<p>D\u00fcrfen wir Sie informieren, wie Sie g\u00fcnstig und preiswert einen optimalen Sonnenschutz f\u00fcr Ihr Zuhause realisieren? Prima, dann z\u00f6gern Sie bitte nicht und nehmen am besten gleich heute noch Verbindung mit uns auf. Ein kurzer Telefonanruf oder auch eine schnelle eMail gen\u00fcgen. Gern beraten Sie unsere gut geschulten Spezialisten \u00fcber die diversen Optionen, wie Sie Ihr Haus g\u00fcnstig und preiswert mit Rolll\u00e4den und Markisen oder anderen Sonnenschutzprodukten ausstatten. Wir freuen uns auf das Gespr\u00e4ch mit Ihnen. <\/p>\n<h4>Top-Qualit\u00e4t g\u00fcnstig und preiswert<\/h4>\n<p>Z\u00e4hlen Sie beim Thema Sonnenschutz und Sicherheit auf den Spezialisten. Nur ein Spezialbetrieb kennt die diversen Optionen, wie Sie g\u00fcnstig und preiswert, zugleich qualitativ spitze einen optimalen Sonnenschutz erreichen. Qualit\u00e4tsbewusst, g\u00fcnstig und preiswert: Wir empfehlen uns als spezialisiertes Unternehmen im Norden. Unsere langj\u00e4hrige Erfahrung zeichnet uns aus.<\/p>","popseo_links":"<a href=\"https:\/\/www.kaduk-bauelemente.de\/leistungen\/fliegengitter-geesthacht\/\">Fliegengitter Geesthacht<\/a>, <a href=\"https:\/\/www.kaduk-bauelemente.de\/leistungen\/aussenjalousien-jesteburg\/\">Au\u00dfenjalousien Jesteburg<\/a>, <a href=\"https:\/\/www.kaduk-bauelemente.de\/leistungen\/terrassendaecher-aus-aluminium-bardowick\/\">Terrassend\u00e4cher aus Aluminium Bardowick<\/a>, <a href=\"https:\/\/www.kaduk-bauelemente.de\/leistungen\/terrassenueberdachungen-aus-aluminium-bad-bevensen\/\">Terrassen\u00fcberdachungen aus Aluminium Bad Bevensen<\/a>, <a href=\"https:\/\/www.kaduk-bauelemente.de\/leistungen\/terrassenueberdachungen-aus-holz-bardowick\/\">Terrassen\u00fcberdachungen aus Holz Bardowick<\/a>, <a href=\"https:\/\/www.kaduk-bauelemente.de\/leistungen\/fliegengitter-lueneburg\/\">Fliegengitter L\u00fcneburg<\/a>, <a href=\"https:\/\/www.kaduk-bauelemente.de\/leistungen\/carports-seevetal-rosengarten\/\">Carports Seevetal Rosengarten<\/a>, <a href=\"https:\/\/www.kaduk-bauelemente.de\/leistungen\/fliegengitter-herzogtum-lauenburg\/\">Fliegengitter Herzogtum Lauenburg<\/a>, <a href=\"https:\/\/www.kaduk-bauelemente.de\/leistungen\/haustueren-bad-bevensen\/\">Haust\u00fcren Bad Bevensen<\/a>, <a href=\"https:\/\/www.kaduk-bauelemente.de\/leistungen\/terrassendaecher-aus-holz-hanstedt\/\">Terrassend\u00e4cher aus Holz Hanstedt<\/a>, <a href=\"https:\/\/www.kaduk-bauelemente.de\/leistungen\/carports-reppenstedt\/\">Carports Reppenstedt<\/a>, <a href=\"https:\/\/www.kaduk-bauelemente.de\/leistungen\/garagen-schwarzenbek\/\">Garagen Schwarzenbek<\/a>, <a href=\"https:\/\/www.kaduk-bauelemente.de\/leistungen\/insektenschutz-adendorf\/\">Insektenschutz Adendorf<\/a>, <a href=\"https:\/\/www.kaduk-bauelemente.de\/leistungen\/rolllaeden-hanstedt\/\">Rolll\u00e4den Hanstedt<\/a>, <a href=\"https:\/\/www.kaduk-bauelemente.de\/leistungen\/rollladen-hanstedt\/\">Rollladen Hanstedt<\/a>, <a href=\"https:\/\/www.kaduk-bauelemente.de\/leistungen\/garagentore-buchholz\/\">Garagentore Buchholz<\/a>, <a href=\"https:\/\/www.kaduk-bauelemente.de\/leistungen\/terrassendaecher-aus-aluminium-bispingen\/\">Terrassend\u00e4cher aus Aluminium Bispingen<\/a>, <a href=\"https:\/\/www.kaduk-bauelemente.de\/leistungen\/holzfenster-amt-neuhaus\/\">Holzfenster Amt Neuhaus<\/a>, <a href=\"https:\/\/www.kaduk-bauelemente.de\/leistungen\/rolltore-maschen\/\">Rolltore Maschen<\/a>, <a href=\"https:\/\/www.kaduk-bauelemente.de\/leistungen\/aussenjalousien-reppenstedt\/\">Au\u00dfenjalousien Reppenstedt<\/a>, <a href=\"https:\/\/www.kaduk-bauelemente.de\/leistungen\/sektionaltore-uelzen\/\">Sektionaltore Uelzen<\/a>, <a href=\"https:\/\/www.kaduk-bauelemente.de\/leistungen\/rollladen-seevetal-rosengarten\/\">Rollladen Seevetal Rosengarten<\/a>, <a href=\"https:\/\/www.kaduk-bauelemente.de\/leistungen\/garagen-amelinghausen\/\">Garagen Amelinghausen<\/a>, <a href=\"https:\/\/www.kaduk-bauelemente.de\/leistungen\/carports-bergedorf-wentorf\/\">Carports Bergedorf Wentorf<\/a>, <a href=\"https:\/\/www.kaduk-bauelemente.de\/leistungen\/aussenjalousien-uelzen\/\">Au\u00dfenjalousien Uelzen<\/a>, <a href=\"https:\/\/www.kaduk-bauelemente.de\/leistungen\/fenster-geesthacht\/\">Fenster Geesthacht<\/a>"},"_links":{"self":[{"href":"https:\/\/www.kaduk-bauelemente.de\/leistungen\/wp-json\/wp\/v2\/pages\/4399","targetHints":{"allow":["GET"]}}],"collection":[{"href":"https:\/\/www.kaduk-bauelemente.de\/leistungen\/wp-json\/wp\/v2\/pages"}],"about":[{"href":"https:\/\/www.kaduk-bauelemente.de\/leistungen\/wp-json\/wp\/v2\/types\/page"}],"author":[{"embeddable":true,"href":"https:\/\/www.kaduk-bauelemente.de\/leistungen\/wp-json\/wp\/v2\/users\/1"}],"replies":[{"embeddable":true,"href":"https:\/\/www.kaduk-bauelemente.de\/leistungen\/wp-json\/wp\/v2\/comments?post=4399"}],"version-history":[{"count":0,"href":"https:\/\/www.kaduk-bauelemente.de\/leistungen\/wp-json\/wp\/v2\/pages\/4399\/revisions"}],"wp:attachment":[{"href":"https:\/\/www.kaduk-bauelemente.de\/leistungen\/wp-json\/wp\/v2\/media?parent=4399"}],"curies":[{"name":"wp","href":"https:\/\/api.w.org\/{rel}","templated":true}]}}