{"id":4393,"date":"2021-08-25T12:19:04","date_gmt":"2021-08-25T10:19:04","guid":{"rendered":"https:\/\/www.kaduk-bauelemente.de\/leistungen\/kunststofffenster-ebstorf\/"},"modified":"2021-08-25T12:19:04","modified_gmt":"2021-08-25T10:19:04","slug":"kunststofffenster-ebstorf","status":"publish","type":"page","link":"https:\/\/www.kaduk-bauelemente.de\/leistungen\/kunststofffenster-ebstorf\/","title":{"rendered":"Kunststofffenster &#8211; Ebstorf"},"content":{"rendered":"<h3>Kunststofffenster \u2013 formsch\u00f6n und praktisch!<\/h3>\n<p>Kunststofffenster \u00fcberzeugen durch ihre Funktionalit\u00e4t. Gleichwohl weisen Kunststofffenster ohne Frage eine \u00e4sthetische Komponente aus. Die Fenster sind zeitlos im Design und wirken sich positiv auf den Wohnkomfort aus. Es ist eindeutig: Kunststofffenster haben haben ihren festen Platz im heutigen Fensterbau. Moderne Kunststofffenster sind witterungsresistent und erf\u00fcllen alle Anforderungen einer optimalen Energieeffizienz. Auch hinsichtlich der Optik liegen Kunststofffenster an der Spitze. Fast jede Gr\u00f6\u00dfe und auch fast jede Form lassen sich mit diesen Fenstern gestalten. Ebenfalls im Preis-Leistungs-Verh\u00e4ltnis sind Kunststofffenster im Vergleich zu klassischen Holzfenstern oft unschlagbar preisg\u00fcnstig. Vom Preis bis zur Produktlebenszeit haben Kunststofffenster etliche Vorteile. Ein weiterer Vorzug ist des Weiteren, dass viele Modelle \u00e4u\u00dferst pflegeleicht sind. Beim Fensterputzen wird der Rahmen lediglich mit einem feuchten Tuch und einem Reiniger gereinigt. Die glatte Oberfl\u00e4che erleichert das Putzen zus\u00e4tzlich.<\/p>\n<h3>Kunststofffenster \u2013 besuchen Sie unsere Ausstellung!<\/h3>\n<p>Unser Angebotsspektrum h\u00e4lt eine Reihe hochwertiger Kunststofffenster der f\u00fchrenden Produzenten f\u00fcr Sie bereit. Als spezialisierter Fachbetrieb bieten wir Ihnen selbstverst\u00e4ndlich etliche besonders ausgesuchte Produkte. Verabreden Sie doch einfach mal ganz unverbindlich einen Gespr\u00e4chstermin mit einem unserer Fachkr\u00e4fte.<\/p>\n","protected":false},"excerpt":{"rendered":"<p>Kunststofffenster \u2013 formsch\u00f6n und praktisch! Kunststofffenster \u00fcberzeugen durch ihre Funktionalit\u00e4t. Gleichwohl weisen Kunststofffenster ohne Frage eine \u00e4sthetische Komponente aus. Die Fenster sind zeitlos im Design und wirken sich positiv auf den Wohnkomfort aus. Es ist eindeutig: Kunststofffenster haben haben ihren festen Platz im heutigen Fensterbau. Moderne Kunststofffenster sind witterungsresistent und erf\u00fcllen alle Anforderungen einer optimalen [&hellip;]<\/p>\n","protected":false},"author":1,"featured_media":0,"parent":0,"menu_order":0,"comment_status":"closed","ping_status":"closed","template":"","meta":{"footnotes":""},"class_list":["post-4393","page","type-page","status-publish","hentry"],"meta_box":{"popseo_subtitel":"Wir sind Ihr Fachbetrieb f\u00fcr Kunststofffenster in Ebstorf","popseo_subtitel2":"Kunststofffenster - setzen Sie auf unsere Erfahrung","popseo_lasttitel":"Kunststofffenster: Wir beantworten Ihre Fragen!","popseo_region":"Ebstorf","popseo_sachwort":"Kunststofffenster","popseo_noupdate":"","popseo_einleitungstext":"<p>Sehr gerne informieren wir Sie n\u00e4her \u00fcber unsere Produkte und unser Aufgabenfeld. Wir nennen Ihnen mit Vergn\u00fcgen auch einige Referenzprojekte, die Ihnen einen Einblick in unsere T\u00e4tigkeit geben.<br \/>\nWir sind f\u00fcr Sie da. Rufen Sie uns doch einfach einmal an oder senden Sie uns eine kurze E-Mail. Wir freuen uns auf Sie.<\/p>","popseo_schlusstext":"<p>Auf Wunsch informieren wir Sie n\u00e4her \u00fcber unser Produkt- und T\u00e4tigkeitsspektrum. Wir pr\u00e4sentieren Ihnen mit Vergn\u00fcgen auch ein paar Referenzen, die Ihnen einen Einblick in unsere T\u00e4tigkeit geben.<br \/>\nVertrauen Sie den Spezialisten der Firma Kaduk. Rufen Sie uns doch einfach einmal an oder schicken Sie uns eine kurze E-Mail. Wir freuen uns auf den Kontakt zu Ihnen.<\/p>","popseo_stadttext":"<h3>Wir freuen uns \u00fcber Anfragen aus Ebstorf<\/h3>\n<p>Ebstorf befindet sich mittig in der L\u00fcneburger Heide und geh\u00f6rt formell zum Landkreis Uelzen. Die Gemeinde hat rund 5.000 Einwohner und streckt sich \u00fcber eine Gesamtfl\u00e4che von rund 27 Quadratkilometer. Ebstorf ist Teil der Samtgemeinde Bevensen-Ebstorf, einem Zusammenschluss von 13 kleineren Orten. Die Samtgemeinde z\u00e4hlt in Summe etwa 26.000 Einwohner und erstreckt sich \u00fcber eine Fl\u00e4che von zirka 479 qkm.<\/p>\n<p>Durch unsere Vertriebst\u00e4tigkeit haben wir uns einen ausgezeichneten \u00dcberblick \u00fcber die Architektur der St\u00e4dte und Gemeinden unseres Einzugsbereiches erarbeiten k\u00f6nnen. Selbstverst\u00e4ndlich geh\u00f6rt auch Ebstorf unserem unmittelbaren Vertriebsgebiet. Sie kommen aus der Region und sind hier im Internet auf unsere Website gesto\u00dfen? Das finden wir toll. Sehr gerne pr\u00e4sentieren wir Ihnen unser gesamtes Leistungsspektrum und beantworten Ihre Fragen. Wir freuen uns darauf, mit Ihnen in Kontakt zu treten. <\/p>\n<h3>Wissenswertes \u00fcber Ebstorf<\/h3>\n<p>\u00dcber die Landesstra\u00dfen L 250 und L 233 ist Ebstorf bequem mit dem Auto zu erreichen. Au\u00dferdem erreicht man die Gemeinde mit der Eisenbahn auf der Streckenverbindung Langwedel-Uelzen. Ebstorf ist damit sehr gut an die beiden Mittelzentren L\u00fcneburg und Uelzen angebunden. Zahlreiche Einwohner arbeiten in den nahegelegenen St\u00e4dten, m\u00f6gen jedoch Ebstorf als Wohnort und Lebensmittelpunkt. Ebstorf ist also eine durchaus typische Pendlergemeinde. \u00dcber die Grenzen hinaus bekannt ist der Ort au\u00dferdem als Sitz eines Klosters. Das Kloster Ebstorf ist eines von zusammen sechs Heidekl\u00f6stern im Umkreis von L\u00fcneburg. Ebstorf ist fraglos ein reizvoller Platz zum Leben. Die charmante Kleinstadt verf\u00fcgt \u00fcber eine ausgezeichnete Infrastruktur und bestens ausgebaute Wohnviertel.    <\/p>\n<h4>Privat- und Gesch\u00e4ftskunden aus Ebstorf sch\u00e4tzen unsere Leistungen!<\/h4>\n<p>Sie wohnen in Ebstorf und interessieren sich f\u00fcr unser Angebot. Toll, dass Sie diese Seite gefunden haben. F\u00fcr R\u00fcckfragen stehen wir Ihnen jederzeit zur Verf\u00fcgung. Auf den Kontakt zu Ihnen freuen wir uns.<\/p>","popseo_zusatztext":"<h3>G\u00fcnstig und preiswert \u2013 Leistung vom Fachbetrieb<\/h3>\n<p>Bauelemente m\u00fcssen h\u00f6chsten Anspr\u00fcchen gerecht werden. Trotzdem soll es g\u00fcnstig und preiswert sein. Das muss durchaus kein Widerspruch sein. <\/p>\n<p>Als Fachbetrieb f\u00fcr Sonnenschutz- und Sicherheitsl\u00f6sungen verarbeiten wir ausschlie\u00dflich qualitativ hochwertige Erzeugnisse. Nichtsdestotrotz schauen wir stets auf ein passendes Preis-Leistungsverh\u00e4ltnis. Wir m\u00f6chten Ihnen Qualit\u00e4t anbieten, die zugleich auch g\u00fcnstig und preiswert ist. Geben Sie Ihrem Zuhause g\u00fcnstig und preiswert das gewisse Plus an Qualit\u00e4t. Markisen und Rolll\u00e4den oder andere Sonnenschutzl\u00f6sungen sehen nicht nur h\u00fcbsch aus, sie leisten auch einen bedeutsamen Anteil zur W\u00e4rmed\u00e4mmung.  <\/p>\n<h3>G\u00fcnstig und preiswert \u2013 es muss wirklich nicht immer teuer sein<\/h3>\n<p>D\u00fcrfen wir Sie beraten, wie Sie g\u00fcnstig und preiswert einen perfekten Sonnenschutz f\u00fcr Ihr Zuhause umsetzen? Klasse, dann warten Sie bitte nicht und nehmen am besten sofort heute noch Kontakt mit uns auf. Ein kurzer Telefonanruf oder eine schnelle Email gen\u00fcgen. Gern informieren Sie unsere gut ausgebildeten Fachleute \u00fcber die unterschiedlichen Optionen, wie Sie Ihr Haus g\u00fcnstig und preiswert mit Markisen und Rolll\u00e4den oder anderen Sonnenschutzprodukten ausstatten. Wir freuen uns auf den Austausch mit Ihnen. <\/p>\n<h4>G\u00fcnstig und preiswert \u2013 manchmal macht auch der Preis den Unterschied<\/h4>\n<p>Setzen Sie beim Thema Sonnenschutz und Sicherheit auf den Spezialisten. Nur ein Fachbetrieb kennt die diversen M\u00f6glichkeiten, wie Sie g\u00fcnstig und preiswert, gleichzeitig qualitativ spitze einen optimalen Sonnenschutz verwirklichen. Qualit\u00e4tsbewusst, g\u00fcnstig und preiswert: Wir empfehlen uns als spezialisiertes Unternehmen im Norden. Unsere gro\u00dfe Erfahrung zeichnet uns aus.<\/p>","popseo_links":"<a href=\"https:\/\/www.kaduk-bauelemente.de\/leistungen\/terrassendaecher-aus-holz-ebstorf\/\">Terrassend\u00e4cher aus Holz Ebstorf<\/a>, <a href=\"https:\/\/www.kaduk-bauelemente.de\/leistungen\/markisen-bad-bevensen\/\">Markisen Bad Bevensen<\/a>, <a href=\"https:\/\/www.kaduk-bauelemente.de\/leistungen\/sektionaltore-ebstorf\/\">Sektionaltore Ebstorf<\/a>, <a href=\"https:\/\/www.kaduk-bauelemente.de\/leistungen\/terrassendaecher-aus-holz-bad-bevensen\/\">Terrassend\u00e4cher aus Holz Bad Bevensen<\/a>, <a href=\"https:\/\/www.kaduk-bauelemente.de\/leistungen\/fenster-amt-neuhaus\/\">Fenster Amt Neuhaus<\/a>, <a href=\"https:\/\/www.kaduk-bauelemente.de\/leistungen\/zaeune-bardowick\/\">Z\u00e4une Bardowick<\/a>, <a href=\"https:\/\/www.kaduk-bauelemente.de\/leistungen\/garagentore-bergedorf-wentorf\/\">Garagentore Bergedorf Wentorf<\/a>, <a href=\"https:\/\/www.kaduk-bauelemente.de\/leistungen\/terrassenueberdachungen-aus-aluminium-schwarzenbek\/\">Terrassen\u00fcberdachungen aus Aluminium Schwarzenbek<\/a>, <a href=\"https:\/\/www.kaduk-bauelemente.de\/leistungen\/garagen-amt-neuhaus\/\">Garagen Amt Neuhaus<\/a>, <a href=\"https:\/\/www.kaduk-bauelemente.de\/leistungen\/terrassenueberdachungen-aus-holz-amelinghausen\/\">Terrassen\u00fcberdachungen aus Holz Amelinghausen<\/a>, <a href=\"https:\/\/www.kaduk-bauelemente.de\/leistungen\/terrassenueberdachungen-aus-holz-herzogtum-lauenburg\/\">Terrassen\u00fcberdachungen aus Holz Herzogtum Lauenburg<\/a>, <a href=\"https:\/\/www.kaduk-bauelemente.de\/leistungen\/terrassendaecher-aus-aluminium-seevetal-rosengarten\/\">Terrassend\u00e4cher aus Aluminium Seevetal Rosengarten<\/a>, <a href=\"https:\/\/www.kaduk-bauelemente.de\/leistungen\/garagen-jesteburg\/\">Garagen Jesteburg<\/a>, <a href=\"https:\/\/www.kaduk-bauelemente.de\/leistungen\/zaunbau-bardowick\/\">Zaunbau Bardowick<\/a>, <a href=\"https:\/\/www.kaduk-bauelemente.de\/leistungen\/zaeune-bad-bevensen\/\">Z\u00e4une Bad Bevensen<\/a>, <a href=\"https:\/\/www.kaduk-bauelemente.de\/leistungen\/fliegengitter-reinbek-glinde\/\">Fliegengitter Reinbek Glinde<\/a>, <a href=\"https:\/\/www.kaduk-bauelemente.de\/leistungen\/insektenschutz-hanstedt\/\">Insektenschutz Hanstedt<\/a>, <a href=\"https:\/\/www.kaduk-bauelemente.de\/leistungen\/aussenjalousien-bispingen\/\">Au\u00dfenjalousien Bispingen<\/a>, <a href=\"https:\/\/www.kaduk-bauelemente.de\/leistungen\/sektionaltore-boizenburg\/\">Sektionaltore Boizenburg<\/a>, <a href=\"https:\/\/www.kaduk-bauelemente.de\/leistungen\/rolllaeden-uelzen\/\">Rolll\u00e4den Uelzen<\/a>, <a href=\"https:\/\/www.kaduk-bauelemente.de\/leistungen\/rolltore-bispingen\/\">Rolltore Bispingen<\/a>, <a href=\"https:\/\/www.kaduk-bauelemente.de\/leistungen\/garagen-geesthacht\/\">Garagen Geesthacht<\/a>, <a href=\"https:\/\/www.kaduk-bauelemente.de\/leistungen\/fliegengitter-schwarzenbek\/\">Fliegengitter Schwarzenbek<\/a>, <a href=\"https:\/\/www.kaduk-bauelemente.de\/leistungen\/holzfenster-bienenbuettel\/\">Holzfenster Bienenb\u00fcttel<\/a>, <a href=\"https:\/\/www.kaduk-bauelemente.de\/leistungen\/terrassendaecher-aus-holz-amt-neuhaus\/\">Terrassend\u00e4cher aus Holz Amt Neuhaus<\/a>, <a href=\"https:\/\/www.kaduk-bauelemente.de\/leistungen\/holzfenster-harburg\/\">Holzfenster Harburg<\/a>"},"_links":{"self":[{"href":"https:\/\/www.kaduk-bauelemente.de\/leistungen\/wp-json\/wp\/v2\/pages\/4393","targetHints":{"allow":["GET"]}}],"collection":[{"href":"https:\/\/www.kaduk-bauelemente.de\/leistungen\/wp-json\/wp\/v2\/pages"}],"about":[{"href":"https:\/\/www.kaduk-bauelemente.de\/leistungen\/wp-json\/wp\/v2\/types\/page"}],"author":[{"embeddable":true,"href":"https:\/\/www.kaduk-bauelemente.de\/leistungen\/wp-json\/wp\/v2\/users\/1"}],"replies":[{"embeddable":true,"href":"https:\/\/www.kaduk-bauelemente.de\/leistungen\/wp-json\/wp\/v2\/comments?post=4393"}],"version-history":[{"count":0,"href":"https:\/\/www.kaduk-bauelemente.de\/leistungen\/wp-json\/wp\/v2\/pages\/4393\/revisions"}],"wp:attachment":[{"href":"https:\/\/www.kaduk-bauelemente.de\/leistungen\/wp-json\/wp\/v2\/media?parent=4393"}],"curies":[{"name":"wp","href":"https:\/\/api.w.org\/{rel}","templated":true}]}}