{"id":4392,"date":"2021-08-25T12:19:04","date_gmt":"2021-08-25T10:19:04","guid":{"rendered":"https:\/\/www.kaduk-bauelemente.de\/leistungen\/kunststofffenster-buechen\/"},"modified":"2021-08-25T12:19:04","modified_gmt":"2021-08-25T10:19:04","slug":"kunststofffenster-buechen","status":"publish","type":"page","link":"https:\/\/www.kaduk-bauelemente.de\/leistungen\/kunststofffenster-buechen\/","title":{"rendered":"Kunststofffenster &#8211; B\u00fcchen"},"content":{"rendered":"<h3>Kunststofffenster \u2013 formsch\u00f6n und praktisch!<\/h3>\n<p>Kunststofffenster bestechen durch ihre Funktionalit\u00e4t. Gleichzeitig weisen Kunststofffenster fraglos eine \u00e4sthetische Komponente aus. Die Fenster sind zeitlos im Design und wirken sich positiv auf den Wohnkomfort aus. Ganz klar: Kunststofffenster haben haben ihren festen Platz im heutigen Fensterbau. Moderne Kunststofffenster sind witterungsfest und erf\u00fcllen alle Anforderungen einer bestm\u00f6glichen Energieeffizienz. Speziell hinsichtlich der Optik liegen Kunststofffenster an der Spitze. Fast jede Form und Gr\u00f6\u00dfe k\u00f6nnen mit diesen Fenstern realisiert werden. Ebenfalls im Preis-Leistungs-Verh\u00e4ltnis sind Kunststofffenster verglichen mit klassischen Holzfenstern oft unschlagbar g\u00fcnstig. Vom Preis bis zur Haltbarkeit haben Kunststofffenster viele Vorteile. Ein weiterer Vorteil ist des Weiteren, dass viele Modelle ausgesprochen pflegeleicht sind. Beim Fensterputzen wird der Rahmen nur mit einem feuchten Tuch und einem Reiniger sauber gemacht. Die glatte Fl\u00e4che vereinfacht das Putzen zus\u00e4tzlich.<\/p>\n<h3>Kunststofffenster \u2013 wir informieren Sie \u00fcber Ihre M\u00f6glichkeiten!<\/h3>\n<p>Unser Angebotsportfolio h\u00e4lt eine Reihe qualitativ hochwertiger Kunststofffenster der f\u00fchrenden Produzenten f\u00fcr Sie bereit. Als spezialisierter Fachbetrieb bieten wir Ihnen nat\u00fcrlich etliche besonders ausgesuchte Produkte. Vereinbaren Sie doch einfach mal ganz unverbindlich einen Termin mit einem unserer Fachleute.<\/p>\n","protected":false},"excerpt":{"rendered":"<p>Kunststofffenster \u2013 formsch\u00f6n und praktisch! Kunststofffenster bestechen durch ihre Funktionalit\u00e4t. Gleichzeitig weisen Kunststofffenster fraglos eine \u00e4sthetische Komponente aus. Die Fenster sind zeitlos im Design und wirken sich positiv auf den Wohnkomfort aus. Ganz klar: Kunststofffenster haben haben ihren festen Platz im heutigen Fensterbau. Moderne Kunststofffenster sind witterungsfest und erf\u00fcllen alle Anforderungen einer bestm\u00f6glichen Energieeffizienz. Speziell [&hellip;]<\/p>\n","protected":false},"author":1,"featured_media":0,"parent":0,"menu_order":0,"comment_status":"closed","ping_status":"closed","template":"","meta":{"footnotes":""},"class_list":["post-4392","page","type-page","status-publish","hentry"],"meta_box":{"popseo_subtitel":"Kaduk Bauelemente ist Ihr Fachunternehmen f\u00fcr Kunststofffenster in B\u00fcchen","popseo_subtitel2":"Kunststofffenster vom Fachbetrieb","popseo_lasttitel":"Kunststofffenster: Gerne beantworten wir Ihre Fragen!","popseo_region":"B\u00fcchen","popseo_sachwort":"Kunststofffenster","popseo_noupdate":"","popseo_einleitungstext":"<p>Wenn Sie mehr wissen m\u00f6chten, informieren wir Sie n\u00e4her \u00fcber unsere Produkte und unser Aufgabengebiet. Wir zeigen Ihnen mit Vergn\u00fcgen auch einige Projekte, die Ihnen einen Einblick in unsere Arbeit geben.<br \/>\nWir sind f\u00fcr Sie da. Rufen Sie uns doch rasch einmal an oder schicken Sie uns eine kurze E-Mail. Wir freuen uns auf Sie.<\/p>","popseo_schlusstext":"<p>Gerne informieren wir Sie n\u00e4her \u00fcber unser Produkt- und Leistungsprogramm. Wir zeigen Ihnen mit Vergn\u00fcgen auch einige Referenzprojekte, die Ihnen einen Einblick in unsere Unternehmenst\u00e4tigkeit geben.<br \/>\nSetzen Sie auf die Expertise eines erfahrenen Fachbetriebes. Rufen Sie uns doch rasch einmal an oder senden Sie uns eine schnelle E-Mail. Wir freuen uns auf Ihre Kontaktaufnahme.<\/p>","popseo_stadttext":"<h3>Anfragen erhalten wir auch aus B\u00fcchen<\/h3>\n<p>Durch unsere Vertriebst\u00e4tigkeit haben wir uns einen guten \u00dcberblick \u00fcber die Stadtarchitektur der Gemeinden und St\u00e4dte unseres Einzugsbereiches erarbeiten k\u00f6nnen. Nat\u00fcrlich z\u00e4hlt auch B\u00fcchen zu unserem unmittelbaren Vertriebsgebiet. Wir freuen uns darauf, mit Ihnen in Kontakt zu kommen. <\/p>\n<h3>Lebensmittelpunkt B\u00fcchen<\/h3>\n<p>B\u00fcchen befindet sich im M\u00fcndungsbereich des Elbe-L\u00fcbeck-Kanals im Landkreis Herzogtum-Lauenburg im s\u00fcdlichen Schleswig-Holstein. In Summe 5.700 Einwohner leben in B\u00fcchen auf einer Gesamtfl\u00e4che von 16 qkm. Die Entfernung zwischen B\u00fcchen und der Hansestadt Hamburg bel\u00e4uft sich auf zirka 40 Kilometer. Viele Pendler leben in der Gemeinde B\u00fcchen. Wer seinen Arbeitsplatz in Hamburg hat, das private Umfeld allerdings lieber etwas beschaulicher hat, wei\u00df die Vorz\u00fcge der Gemeinde B\u00fcchen zu sch\u00e4tzen.<\/p>\n<p>B\u00fcchen ist ein Bahnhof auf den Bahnstrecken L\u00fcbeck-L\u00fcneburg und Berlin-Hamburg. Wer die Zeit der beiden deutschen Staaten erlebt hat, erinnert sich wahrscheinlich noch an die intensiven Passkontrollen im Bahnhof von B\u00fcchen. Bis 1990 lag B\u00fcchen im direkten Grenzgebiet zwischen der alten Bundesrepublik und der fr\u00fcheren DDR. Wer mit dem PKW reist, erreicht die Gemeinde B\u00fcchen z.B. \u00fcber die Bundesautobahn A24. Die Auffahrt B\u00fcchen findet sich etwa acht Kilometer von der Innenstadt entfernt.<\/p>\n<h3>B\u00fcchen - St\u00e4dtchen mit Herz<\/h3>\n<p>Die heutige Stadt B\u00fcchen ist eine Verbindung verschiedener kleinerer Ortschaften. Dem namensgebenden B\u00fcchen selbst gemeindete man in den 1930er Jahren die Ortschaften P\u00f6trau und N\u00fcssau ein. Das Amt B\u00fcchen z\u00e4hlt addiert 15 Gemeinden. Durch die r\u00e4umliche N\u00e4he zur Gro\u00dfstadt Hamburg hat sich in B\u00fcchen ein recht munteres Wirtschaftsleben etabliert. Der Standort ist g\u00fcnstig gelegen und bietet Gewerbetreibenden gute Konditionen. <\/p>\n<p>Sehr gesch\u00e4tzt wird B\u00fcchen von Naturliebhabern wegen seines gro\u00dfen Erholungswertes. In B\u00fcchen startet man gerne zu ausgedehnten Touren durch den Naturpark Lauenburgische Seen. Speziell f\u00fcr Familien ist B\u00fcchen geeignet. Die ruhige Lage sowie eine ausgezeichnete Infrastruktur zeichnen die Gemeinde aus. Alle Schulformen sind vorhanden und auch das \u00f6rtliche Jugendzentrum erfreut sich regem Zuspruch. <\/p>\n<h4>Hohe Qualit\u00e4t f\u00fcr Kunden aus B\u00fcchen<\/h4>\n<p>Wir finden es toll, dass Sie unsere Internetseite entdeckt haben. Privat- und Gesch\u00e4ftskunden profitieren von einem sehr guten Preis-Leistungs-Verh\u00e4ltnis. Sie m\u00f6chten mehr \u00fcber uns wissen? F\u00fcr R\u00fcckfragen stehen wir Ihnen jederzeit zur Verf\u00fcgung. Auf Ihre Anfragen freuen wir uns.<\/p>","popseo_zusatztext":"<h3>Kaduk Bauelemente \u2013 Ihr Fachbetrieb f\u00fcr Sicht- und Sonnenschutz<\/h3>\n<p>Vertrauen Sie in Sachen Sonnenschutz und Sicherheit auf jeden Fall auf die sachspezifische Leistung vom Fachbetrieb. Nur ein Fachbetrieb kennt die Tipps und Tricks, wie man zu einem \u00fcberzeugenden Ergebnis kommt. Um sich mit Fug und Recht Fachbetrieb nennen zu d\u00fcrfen, braucht es eine anerkannte Ausbildung der Mitarbeiter und eine jahrelange Berufserfahrung.  <\/p>\n<p>Unsere Unternehmung empfiehlt sich als Ihr sachkundiger Fachbetrieb f\u00fcr Sonnenschutz und Sicherheit. Erreichen Sie Ihr Ziel und schenken Sie unserem Fachbetrieb Ihr Vertrauen. Wir bieten Ihnen z.B. qualitativ ausgezeichnete Markisen und Rolll\u00e4den und legen allerh\u00f6chsten Wert auf einen perfekten Service. Schon seit vielen Jahren sind wir fachkundiger Fachbetrieb f\u00fcr Terrassend\u00e4cher, Au\u00dfenjalousien, Rolll\u00e4den im Raum L\u00fcneburg. Es ist uns wichtig, dass Sie lange Jahre viel Freude an Ihrem Sicht und Sonnenschutz haben. Von einem Fachbetrieb d\u00fcrfen Sie nat\u00fcrlich eine absolute Top-Leistung erwarten.<\/p>\n<h3>Auf einen Fachbetrieb ist Verlass<\/h3>\n<p>Als Fachbetrieb darf sich ein Unternehmen bezeichnen, deren Mitarbeiter \u00fcber dokumentierte Qualifikationen verf\u00fcgen. Dies ist zum Beispiel eine entsprechende Ausbildung oder ein Meisterbrief. Des Weiteren zeichnet eine intensive praktische Erfahrung einen Fachbetrieb aus. Bereits seit vielen Jahren konzentrieren wir uns als spezialisiertes Unternehmen auf Sonnenschutz und Sicherheit von Wohn- und Gesch\u00e4ftsh\u00e4usern. In diesen langen Jahren haben wir uns die Bezeichnung Fachbetrieb sicher verdient. Wir verarbeiten ausnahmslos hervorragende Materialien. Dabei achten wir immer auf ein sehr gutes Preis-Leistungsverh\u00e4ltnis. Unser Motto als Fachbetrieb: Wir bieten Ihnen hervorragende Qualit\u00e4t zu einem 1a- Preis.<\/p>","popseo_links":"<a href=\"https:\/\/www.kaduk-bauelemente.de\/leistungen\/holzfenster-bergedorf-wentorf\/\">Holzfenster Bergedorf Wentorf<\/a>, <a href=\"https:\/\/www.kaduk-bauelemente.de\/leistungen\/aussenjalousien-geesthacht\/\">Au\u00dfenjalousien Geesthacht<\/a>, <a href=\"https:\/\/www.kaduk-bauelemente.de\/leistungen\/terrassendaecher-aus-aluminium-hanstedt\/\">Terrassend\u00e4cher aus Aluminium Hanstedt<\/a>, <a href=\"https:\/\/www.kaduk-bauelemente.de\/leistungen\/garagen-amt-neuhaus\/\">Garagen Amt Neuhaus<\/a>, <a href=\"https:\/\/www.kaduk-bauelemente.de\/leistungen\/carports-herzogtum-lauenburg\/\">Carports Herzogtum Lauenburg<\/a>, <a href=\"https:\/\/www.kaduk-bauelemente.de\/leistungen\/terrassendaecher-aus-aluminium-bardowick\/\">Terrassend\u00e4cher aus Aluminium Bardowick<\/a>, <a href=\"https:\/\/www.kaduk-bauelemente.de\/leistungen\/tueren-reinbek-glinde\/\">T\u00fcren Reinbek Glinde<\/a>, <a href=\"https:\/\/www.kaduk-bauelemente.de\/leistungen\/rolllaeden-buchholz\/\">Rolll\u00e4den Buchholz<\/a>, <a href=\"https:\/\/www.kaduk-bauelemente.de\/leistungen\/terrassenueberdachungen-aus-aluminium-winsen-luhe\/\">Terrassen\u00fcberdachungen aus Aluminium Winsen Luhe<\/a>, <a href=\"https:\/\/www.kaduk-bauelemente.de\/leistungen\/terrassenueberdachungen-aus-aluminium-lueneburg\/\">Terrassen\u00fcberdachungen aus Aluminium L\u00fcneburg<\/a>, <a href=\"https:\/\/www.kaduk-bauelemente.de\/leistungen\/carports-buechen\/\">Carports B\u00fcchen<\/a>, <a href=\"https:\/\/www.kaduk-bauelemente.de\/leistungen\/fliegengitter-bad-bevensen\/\">Fliegengitter Bad Bevensen<\/a>, <a href=\"https:\/\/www.kaduk-bauelemente.de\/leistungen\/holzfenster-uelzen\/\">Holzfenster Uelzen<\/a>, <a href=\"https:\/\/www.kaduk-bauelemente.de\/leistungen\/terrassendaecher-aus-aluminium-harburg\/\">Terrassend\u00e4cher aus Aluminium Harburg<\/a>, <a href=\"https:\/\/www.kaduk-bauelemente.de\/leistungen\/fliegengitter-amt-neuhaus\/\">Fliegengitter Amt Neuhaus<\/a>, <a href=\"https:\/\/www.kaduk-bauelemente.de\/leistungen\/terrassendaecher-aus-holz-lueneburg\/\">Terrassend\u00e4cher aus Holz L\u00fcneburg<\/a>, <a href=\"https:\/\/www.kaduk-bauelemente.de\/leistungen\/terrassenueberdachungen-aus-holz-winsen-luhe\/\">Terrassen\u00fcberdachungen aus Holz Winsen Luhe<\/a>, <a href=\"https:\/\/www.kaduk-bauelemente.de\/leistungen\/fliegengitter-ebstorf\/\">Fliegengitter Ebstorf<\/a>, <a href=\"https:\/\/www.kaduk-bauelemente.de\/leistungen\/holzfenster-amt-neuhaus\/\">Holzfenster Amt Neuhaus<\/a>, <a href=\"https:\/\/www.kaduk-bauelemente.de\/leistungen\/tueren-bad-bevensen\/\">T\u00fcren Bad Bevensen<\/a>, <a href=\"https:\/\/www.kaduk-bauelemente.de\/leistungen\/rollladen-bardowick\/\">Rollladen Bardowick<\/a>, <a href=\"https:\/\/www.kaduk-bauelemente.de\/leistungen\/zaeune-reppenstedt\/\">Z\u00e4une Reppenstedt<\/a>, <a href=\"https:\/\/www.kaduk-bauelemente.de\/leistungen\/tueren-uelzen\/\">T\u00fcren Uelzen<\/a>, <a href=\"https:\/\/www.kaduk-bauelemente.de\/leistungen\/garagen-bergedorf-wentorf\/\">Garagen Bergedorf Wentorf<\/a>, <a href=\"https:\/\/www.kaduk-bauelemente.de\/leistungen\/rolltore-amt-neuhaus\/\">Rolltore Amt Neuhaus<\/a>, <a href=\"https:\/\/www.kaduk-bauelemente.de\/leistungen\/rolllaeden-maschen\/\">Rolll\u00e4den Maschen<\/a>"},"_links":{"self":[{"href":"https:\/\/www.kaduk-bauelemente.de\/leistungen\/wp-json\/wp\/v2\/pages\/4392","targetHints":{"allow":["GET"]}}],"collection":[{"href":"https:\/\/www.kaduk-bauelemente.de\/leistungen\/wp-json\/wp\/v2\/pages"}],"about":[{"href":"https:\/\/www.kaduk-bauelemente.de\/leistungen\/wp-json\/wp\/v2\/types\/page"}],"author":[{"embeddable":true,"href":"https:\/\/www.kaduk-bauelemente.de\/leistungen\/wp-json\/wp\/v2\/users\/1"}],"replies":[{"embeddable":true,"href":"https:\/\/www.kaduk-bauelemente.de\/leistungen\/wp-json\/wp\/v2\/comments?post=4392"}],"version-history":[{"count":0,"href":"https:\/\/www.kaduk-bauelemente.de\/leistungen\/wp-json\/wp\/v2\/pages\/4392\/revisions"}],"wp:attachment":[{"href":"https:\/\/www.kaduk-bauelemente.de\/leistungen\/wp-json\/wp\/v2\/media?parent=4392"}],"curies":[{"name":"wp","href":"https:\/\/api.w.org\/{rel}","templated":true}]}}