{"id":4391,"date":"2021-08-25T12:19:04","date_gmt":"2021-08-25T10:19:04","guid":{"rendered":"https:\/\/www.kaduk-bauelemente.de\/leistungen\/kunststofffenster-buchholz\/"},"modified":"2021-08-25T12:19:04","modified_gmt":"2021-08-25T10:19:04","slug":"kunststofffenster-buchholz","status":"publish","type":"page","link":"https:\/\/www.kaduk-bauelemente.de\/leistungen\/kunststofffenster-buchholz\/","title":{"rendered":"Kunststofffenster &#8211; Buchholz"},"content":{"rendered":"<h3>Kunststofffenster \u2013 auch optisch ein Highlight!<\/h3>\n<p>Kunststofffenster bestechen durch ihre Funktionalit\u00e4t. Gleichwohl weisen Kunststofffenster ohne Frage eine \u00e4sthetische Komponente aus. Die Fenster verf\u00fcgen \u00fcber ein zeitloses Design und wirken sich positiv auf den Wohnkomfort aus. Keine Frage: Kunststofffenster haben haben sich im heutigen Fensterbau qualifiziert. Zeitgem\u00e4\u00dfe Kunststofffenster sind witterungsfest und erf\u00fcllen alle Voraussetzungen einer bestm\u00f6glichen Energieeffizienz. Speziell optisch liegen Kunststofffenster an der Spitze. Fast jede Gr\u00f6\u00dfe und auch fast jede Form k\u00f6nnen mit diesen Fenstern realisiert werden. Insbesondere im Preis-Leistungs-Verh\u00e4ltnis sind Kunststofffenster verglichen mit herk\u00f6mmlichen Holzfenstern oft unschlagbar g\u00fcnstig. Vom Preis bis zur Haltbarkeit haben Kunststofffenster viele Vorz\u00fcge. Ein gro\u00dfer Vorteil ist au\u00dferdem, dass viele Modelle \u00e4u\u00dferst pflegeleicht sind. Beim Reinigen wird der Rahmen nur mit einem feuchten Lappen und einem Reiniger gereinigt. Die glatte Fl\u00e4che vereinfacht das Putzen zus\u00e4tzlich.<\/p>\n<h3>Kunststofffenster \u2013 besuchen Sie unsere Ausstellung!<\/h3>\n<p>Unser Angebotsportfolio h\u00e4lt eine Reihe qualitativ hochwertiger Kunststofffenster der f\u00fchrenden Produzenten f\u00fcr Sie bereit. Als spezialisierter Fachbetrieb bieten wir Ihnen nat\u00fcrlich etliche besonders exklusive Produkte. Verabreden Sie doch einfach einmal ganz unverbindlich einen Gespr\u00e4chstermin mit einem unserer Experten.<\/p>\n","protected":false},"excerpt":{"rendered":"<p>Kunststofffenster \u2013 auch optisch ein Highlight! Kunststofffenster bestechen durch ihre Funktionalit\u00e4t. Gleichwohl weisen Kunststofffenster ohne Frage eine \u00e4sthetische Komponente aus. Die Fenster verf\u00fcgen \u00fcber ein zeitloses Design und wirken sich positiv auf den Wohnkomfort aus. Keine Frage: Kunststofffenster haben haben sich im heutigen Fensterbau qualifiziert. Zeitgem\u00e4\u00dfe Kunststofffenster sind witterungsfest und erf\u00fcllen alle Voraussetzungen einer bestm\u00f6glichen [&hellip;]<\/p>\n","protected":false},"author":1,"featured_media":0,"parent":0,"menu_order":0,"comment_status":"closed","ping_status":"closed","template":"","meta":{"footnotes":""},"class_list":["post-4391","page","type-page","status-publish","hentry"],"meta_box":{"popseo_subtitel":"Wir sind Ihr erfahrener Fachbetrieb f\u00fcr Kunststofffenster in Buchholz","popseo_subtitel2":"Kunststofffenster - unsere Experten informieren Sie gerne","popseo_lasttitel":"Kunststofffenster: Wir informieren Sie gerne auch pers\u00f6nlich!","popseo_region":"Buchholz","popseo_sachwort":"Kunststofffenster","popseo_noupdate":"","popseo_einleitungstext":"<p>Wenn es um Sicherheit und Sonnenschutz geht, sind Sie bei der Firma Dirk Kaduk Bauelemte genau an der richtigen Adresse. Seit Unternehmensgr\u00fcndung sind wir Ihr lokaler Fachbetrieb f\u00fcr hochwertige Bauelemente. Zu unserem Produktsortiment geh\u00f6ren beispielsweise Markisen, Rolltore, Terrassend\u00e4cher, Fenster, Au\u00dfenjalousien, T\u00fcren, Carports und Rolll\u00e4den. Unsere Fachleute erledigen Montage- und Reparaturarbeiten und zeigen Ihnen M\u00f6glichkeiten auf, wie Sie Ihre Wohn- oder Gesch\u00e4ftsgeb\u00e4ude mit zeitgem\u00e4\u00dfen Bauelementen ausstatten k\u00f6nnen. Auf diesen Seiten haben wir einige erste Informationen f\u00fcr Sie zusammengetragen.<\/p>","popseo_schlusstext":"<p>Sie haben Fragen zu unserem Produkt- und Leistungskatalog? Wenn Sie m\u00f6chten, informieren wir Sie gerne n\u00e4her \u00fcber unser gesamtes T\u00e4tigkeitsspektrum. Mit Vergn\u00fcgen nennen wir Ihnen ein paar Referenzen, die Ihnen einen Einblick in unsere T\u00e4tigkeit geben. Rufen Sie uns doch einfach einmal an oder schicken Sie uns eine E-Mail. Unser freundliches Team arbeitet stets fachkundig und l\u00f6sungsorientiert. Unsere Telefonnummer: <\/p>\n<p>04131 \u2013 40 81 45<\/p>","popseo_stadttext":"<h3>Wohn- und Gewerbestandort Buchholz i.d. Nordheide<\/h3>\n<p>Buchholz geh\u00f6rt zum nieders\u00e4chsischen Kreis Harburg und befindet sich in der Nordheide. Um Verwechslungen mit anderen Orten zu verhindern, tr\u00e4gt die Stadt Buchholz beh\u00f6rtlich die Namenserweiterung \"Buchholz in der Nordheide\". Durch unsere Gesch\u00e4ftst\u00e4tigkeit haben wir uns einen guten \u00dcberblick \u00fcber die Stadtarchitektur der Gemeinden und St\u00e4dte unseres Einzugsbereiches machen k\u00f6nnen. Nat\u00fcrlich geh\u00f6rt auch Buchholz i.d. Nordheide zu unserem unmittelbaren Gesch\u00e4ftsgebiet. Wir freuen uns darauf, mit Ihnen ins Gespr\u00e4ch zu kommen. <\/p>\n<h3>Ein paar Fakten \u00fcber Buchholz i.d. Nordheide<\/h3>\n<p>Buchholz ist eine g\u00fcnstig gelegene Stadt. Bis in die Metropole Hamburg sind es nur 20 km. Entsprechend viele Berufspendler wohnen in Buchholz. Wer seinen Arbeitsplatz in Hamburg hat, gleichzeitig aber eine eher weniger hektische Wohnlage pr\u00e4feriert, hat es in Buchholz hervorragend getroffen. Der \u00fcbersichtliche und angenehme Ort bietet ein besonders attraktives Lebensumfeld. <\/p>\n<p>Alles in allem leben rund 37.000 B\u00fcrger in Buchholz. Stadt und Umkreis erstrecken sich \u00fcber eine Fl\u00e4che von ungef\u00e4hr 75 qkm. Buchholz gliedert sich in insgesamt sechs Stadtteile. Eine kleine Besonderheit von Buchholz: Jeder Stadtteil hat einen eigenen Ortsb\u00fcrgermeister.<\/p>\n<h3>Wir kennen uns aus in Buchholz<\/h3>\n<p>Trotz der r\u00e4umlichen N\u00e4he zur Metropole Hamburg, verf\u00fcgt Buchholz \u00fcber ein munteres Wirtschaftsleben, welches sich auf insgesamt drei Gewerbegebiete verteilt. Gro\u00dfe Einzelh\u00e4ndler wie zum Beispiel M\u00f6bel Kraft oder Media Markt f\u00fchren in Buchholz Niederlassungen. Beherrscht wird die Wirtschaft von Buchholz weitgehend von mittelst\u00e4ndischen Unternehmen aus den Bereichen Dienstleistung und Gro\u00dfhandel. Dar\u00fcber hinaus finden sich in Buchholz etliche Autoh\u00e4user. \u00dcber die Auffahrt Dibbersen ist Buchholz an die Bundesautobahn A1 angeschlossen. Das Buchholzer Dreieck stellt dar\u00fcber hinaus eine Autobahnverbindung mit der A7 her. Au\u00dferdem erreicht man Buchholz mit dem Wagen auch bequem \u00fcber die Bundesstra\u00dfe 75. Wer mit der Bahn nach Buchholz reist, benutzt die Bahnlinie Bremen-Hamburg. Der Verkehrsbetrieb Metronom f\u00e4hrt Buchholz mit der Expresslinie Bremen-Hamburg sowie \u00fcber eine Nahverkehrslinie an.  <\/p>\n<h4>Unsere Leistung f\u00fcr qualit\u00e4tsbewusste Kunden aus Buchholz<\/h4>\n<p>Wir finden es klasse, dass Sie unsere Internetseite entdeckt haben. Unsere Erfahrung und die Qualit\u00e4t von Material und Ausf\u00fchrung garantiert Ihnen ein sehr gutes Preis-Leistungsverh\u00e4ltnis. Sie m\u00f6chten mehr \u00fcber uns wissen? F\u00fcr R\u00fcckfragen stehen wir Ihnen jederzeit zur Verf\u00fcgung. Auf Ihre Anfragen freuen wir uns.<\/p>","popseo_zusatztext":"<h3>Kaduk Bauelemente ist Ihr Fachbetrieb f\u00fcr Sonnen- und Sichtschutz<\/h3>\n<p>Vertrauen Sie bei Sicherheit und Sonnenschutz unbedingt auf die fachspezifische Leistung vom Fachbetrieb. Nur ein Fachbetrieb kennt die Priorit\u00e4ten, wie man zu einem sachgerechten Ergebnis kommt. Um sich mit Fug und Recht Fachbetrieb nennen zu d\u00fcrfen, bedarf es einer qualifizierten Ausbildung der Mitarbeiter und einer jahrelangen Fachkenntnis.  <\/p>\n<p>Unser Fachbetrieb empfiehlt sich als Ihr kompetenter Fachbetrieb f\u00fcr Sonnenschutz und Sicherheit. Setzen Sie auf Qualit\u00e4t und schenken Sie unserem Fachbetrieb Ihr Vertrauen. Wir bieten Ihnen unter anderem schicke Markisen und Rolll\u00e4den und legen massiv Wert auf einen indivduellen Service. Schon seit vielen Jahren sind wir spezialisierter Fachbetrieb f\u00fcr Rolll\u00e4den, Markisen, Terrassend\u00e4cher und Au\u00dfenjalousien im Raum L\u00fcneburg. Es ist uns wichtig, dass Sie lange Jahre viel Freude an Ihrem Sicht und Sonnenschutz haben. Von einem Fachbetrieb d\u00fcrfen Sie zu Recht eine absolute Top-Leistung erwarten.<\/p>\n<h3>Dirk Kaduk Bauelemente \u2013 Ihr Fachbetrieb f\u00fcr Sicherheit und Sonnenschutz<\/h3>\n<p>Als Fachbetrieb darf sich ein Unternehmen bezeichnen, deren Angestellte \u00fcber nachweisbare Qualifikationen verf\u00fcgen. Dies ist beispielsweise eine entsprechende Berufsausbildung oder ein Meisterbrief. Auch zeichnet eine langj\u00e4hrige praktische Erfahrung einen Fachbetrieb aus. Bereits seit vielen Jahren konzentrieren wir uns als spezialisiertes Unternehmen auf Sonnenschutz und Sicherheit von H\u00e4usern. In diesen langen Jahren haben wir uns das Attribut Fachbetrieb ganz sicher erarbeitet. Wir verarbeiten nur hervorragende Materialien. Dabei achten wir stets auf ein sehr gutes Preis-Leistungsverh\u00e4ltnis. Unsere \u00dcberzeugung als Fachbetrieb: Wir bieten Ihnen hervorragende Qualit\u00e4t zu einem 1a- Preis.<\/p>","popseo_links":"<a href=\"https:\/\/www.kaduk-bauelemente.de\/leistungen\/insektenschutz-bispingen\/\">Insektenschutz Bispingen<\/a>, <a href=\"https:\/\/www.kaduk-bauelemente.de\/leistungen\/sektionaltore-tostedt-sittensen\/\">Sektionaltore Tostedt Sittensen<\/a>, <a href=\"https:\/\/www.kaduk-bauelemente.de\/leistungen\/terrassenueberdachungen-aus-holz-jesteburg\/\">Terrassen\u00fcberdachungen aus Holz Jesteburg<\/a>, <a href=\"https:\/\/www.kaduk-bauelemente.de\/leistungen\/terrassenueberdachungen-aus-aluminium-harburg\/\">Terrassen\u00fcberdachungen aus Aluminium Harburg<\/a>, <a href=\"https:\/\/www.kaduk-bauelemente.de\/leistungen\/holzfenster-ebstorf\/\">Holzfenster Ebstorf<\/a>, <a href=\"https:\/\/www.kaduk-bauelemente.de\/leistungen\/rolllaeden-maschen\/\">Rolll\u00e4den Maschen<\/a>, <a href=\"https:\/\/www.kaduk-bauelemente.de\/leistungen\/garagentore-amelinghausen\/\">Garagentore Amelinghausen<\/a>, <a href=\"https:\/\/www.kaduk-bauelemente.de\/leistungen\/raffstores-bienenbuettel\/\">Raffstores Bienenb\u00fcttel<\/a>, <a href=\"https:\/\/www.kaduk-bauelemente.de\/leistungen\/carports-maschen\/\">Carports Maschen<\/a>, <a href=\"https:\/\/www.kaduk-bauelemente.de\/leistungen\/terrassenueberdachungen-aus-holz-bardowick\/\">Terrassen\u00fcberdachungen aus Holz Bardowick<\/a>, <a href=\"https:\/\/www.kaduk-bauelemente.de\/leistungen\/rolltore-bienenbuettel\/\">Rolltore Bienenb\u00fcttel<\/a>, <a href=\"https:\/\/www.kaduk-bauelemente.de\/leistungen\/insektenschutz-hanstedt\/\">Insektenschutz Hanstedt<\/a>, <a href=\"https:\/\/www.kaduk-bauelemente.de\/leistungen\/terrassendaecher-aus-holz-seevetal-rosengarten\/\">Terrassend\u00e4cher aus Holz Seevetal Rosengarten<\/a>, <a href=\"https:\/\/www.kaduk-bauelemente.de\/leistungen\/rollladen-hanstedt\/\">Rollladen Hanstedt<\/a>, <a href=\"https:\/\/www.kaduk-bauelemente.de\/leistungen\/holzfenster-boizenburg\/\">Holzfenster Boizenburg<\/a>, <a href=\"https:\/\/www.kaduk-bauelemente.de\/leistungen\/holzfenster-winsen-luhe\/\">Holzfenster Winsen Luhe<\/a>, <a href=\"https:\/\/www.kaduk-bauelemente.de\/leistungen\/rolllaeden-lueneburg\/\">Rolll\u00e4den L\u00fcneburg<\/a>, <a href=\"https:\/\/www.kaduk-bauelemente.de\/leistungen\/fliegengitter-bardowick\/\">Fliegengitter Bardowick<\/a>, <a href=\"https:\/\/www.kaduk-bauelemente.de\/leistungen\/markisen-geesthacht\/\">Markisen Geesthacht<\/a>, <a href=\"https:\/\/www.kaduk-bauelemente.de\/leistungen\/fliegengitter-herzogtum-lauenburg\/\">Fliegengitter Herzogtum Lauenburg<\/a>, <a href=\"https:\/\/www.kaduk-bauelemente.de\/leistungen\/markisen-winsen-luhe\/\">Markisen Winsen Luhe<\/a>, <a href=\"https:\/\/www.kaduk-bauelemente.de\/leistungen\/terrassendaecher-aus-aluminium-seevetal-rosengarten\/\">Terrassend\u00e4cher aus Aluminium Seevetal Rosengarten<\/a>, <a href=\"https:\/\/www.kaduk-bauelemente.de\/leistungen\/fenster-salzhausen\/\">Fenster Salzhausen<\/a>, <a href=\"https:\/\/www.kaduk-bauelemente.de\/leistungen\/garagentore-tostedt-sittensen\/\">Garagentore Tostedt Sittensen<\/a>, <a href=\"https:\/\/www.kaduk-bauelemente.de\/leistungen\/terrassendaecher-aus-aluminium-amelinghausen\/\">Terrassend\u00e4cher aus Aluminium Amelinghausen<\/a>, <a href=\"https:\/\/www.kaduk-bauelemente.de\/leistungen\/garagen-buechen\/\">Garagen B\u00fcchen<\/a>"},"_links":{"self":[{"href":"https:\/\/www.kaduk-bauelemente.de\/leistungen\/wp-json\/wp\/v2\/pages\/4391","targetHints":{"allow":["GET"]}}],"collection":[{"href":"https:\/\/www.kaduk-bauelemente.de\/leistungen\/wp-json\/wp\/v2\/pages"}],"about":[{"href":"https:\/\/www.kaduk-bauelemente.de\/leistungen\/wp-json\/wp\/v2\/types\/page"}],"author":[{"embeddable":true,"href":"https:\/\/www.kaduk-bauelemente.de\/leistungen\/wp-json\/wp\/v2\/users\/1"}],"replies":[{"embeddable":true,"href":"https:\/\/www.kaduk-bauelemente.de\/leistungen\/wp-json\/wp\/v2\/comments?post=4391"}],"version-history":[{"count":0,"href":"https:\/\/www.kaduk-bauelemente.de\/leistungen\/wp-json\/wp\/v2\/pages\/4391\/revisions"}],"wp:attachment":[{"href":"https:\/\/www.kaduk-bauelemente.de\/leistungen\/wp-json\/wp\/v2\/media?parent=4391"}],"curies":[{"name":"wp","href":"https:\/\/api.w.org\/{rel}","templated":true}]}}