{"id":4383,"date":"2021-08-25T12:19:04","date_gmt":"2021-08-25T10:19:04","guid":{"rendered":"https:\/\/www.kaduk-bauelemente.de\/leistungen\/kunststofffenster-amelinghausen\/"},"modified":"2021-08-25T12:19:04","modified_gmt":"2021-08-25T10:19:04","slug":"kunststofffenster-amelinghausen","status":"publish","type":"page","link":"https:\/\/www.kaduk-bauelemente.de\/leistungen\/kunststofffenster-amelinghausen\/","title":{"rendered":"Kunststofffenster &#8211; Amelinghausen"},"content":{"rendered":"<h3>Kunststofffenster \u2013 formsch\u00f6n und praktisch!<\/h3>\n<p>Kunststofffenster \u00fcberzeugen durch ihre Funktionalit\u00e4t. Gleichzeitig weisen Kunststofffenster ohne Frage eine \u00e4sthetische Komponente aus. Die Fenster verf\u00fcgen \u00fcber ein zeitloses Design und haben einen positiven Einfluss auf den Wohnkomfort. Keine Frage: Kunststofffenster haben haben ihren festen Platz im heutigen Fensterbau. Moderne Kunststofffenster sind witterungsresistent und erf\u00fcllen alle Anforderungen einer perfekten Energieeffizienz. Besonders auch in Sachen Optik liegen Kunststofffenster an erster Stelle. Nahezu jede Gr\u00f6\u00dfe und Form k\u00f6nnen mit diesen Fenstern realisiert werden. Ebenfalls im Preis-Leistungs-Verh\u00e4ltnis sind Kunststofffenster im Vergleich zu herk\u00f6mmlichen Holzfenstern nicht selten unschlagbar preisg\u00fcnstig. Vom Preis bis zur Haltbarkeit haben Kunststofffenster etliche Vorteile. Ein weiterer Vorzug ist dar\u00fcber hinaus, dass viele Modelle sehr pflegeleicht sind. Beim Fensterputzen wird der Rahmen nur mit einem feuchten Lappen und einem Reinigungsmittel gereinigt. Die glatte Oberfl\u00e4che vereinfacht das Putzen zus\u00e4tzlich.<\/p>\n<h3>Kunststofffenster f\u00fcr Ihre Privat- oder Gesch\u00e4ftsimmobilie<\/h3>\n<p>Unser Angebotsportfolio h\u00e4lt eine Reihe qualitativ hochwertiger Kunststofffenster der f\u00fchrenden Produzenten f\u00fcr Sie bereit. Als spezialisierter Fachbetrieb bieten wir Ihnen nat\u00fcrlich etliche besonders exklusive Produkte. Verabreden Sie doch einfach mal ganz unverbindlich einen Gespr\u00e4chstermin mit einem unserer Spezialisten.<\/p>\n","protected":false},"excerpt":{"rendered":"<p>Kunststofffenster \u2013 formsch\u00f6n und praktisch! Kunststofffenster \u00fcberzeugen durch ihre Funktionalit\u00e4t. Gleichzeitig weisen Kunststofffenster ohne Frage eine \u00e4sthetische Komponente aus. Die Fenster verf\u00fcgen \u00fcber ein zeitloses Design und haben einen positiven Einfluss auf den Wohnkomfort. Keine Frage: Kunststofffenster haben haben ihren festen Platz im heutigen Fensterbau. Moderne Kunststofffenster sind witterungsresistent und erf\u00fcllen alle Anforderungen einer perfekten [&hellip;]<\/p>\n","protected":false},"author":1,"featured_media":0,"parent":0,"menu_order":0,"comment_status":"closed","ping_status":"closed","template":"","meta":{"footnotes":""},"class_list":["post-4383","page","type-page","status-publish","hentry"],"meta_box":{"popseo_subtitel":"Kaduk Bauelemente ist Ihr erfahrener Experte f\u00fcr Kunststofffenster im Raum Amelinghausen","popseo_subtitel2":"Kunststofffenster - von den Experten unserer Firma","popseo_lasttitel":"Kunststofffenster: Unsere Mitarbeiter beantworten gerne Ihre Fragen","popseo_region":"Amelinghausen","popseo_sachwort":"Kunststofffenster","popseo_noupdate":"","popseo_einleitungstext":"<p>Wenn Sie mehr wissen m\u00f6chten, informieren wir Sie n\u00e4her \u00fcber unsere Produkte und unser Aufgabengebiet. Wir zeigen Ihnen mit Vergn\u00fcgen auch einige Projekte, die Ihnen einen Einblick in unsere Firment\u00e4tigkeit geben.<br \/>\nWir sind f\u00fcr Sie da. Rufen Sie uns doch einfach einmal an oder schicken Sie uns eine schnelle E-Mail. Wir freuen uns auf Sie.<\/p>","popseo_schlusstext":"<p>Auf Wunsch informieren wir Sie n\u00e4her \u00fcber unser Produkt- und T\u00e4tigkeitsspektrum. Wir pr\u00e4sentieren Ihnen mit Vergn\u00fcgen auch einige Referenzen, die Ihnen einen Einblick in unsere Unternehmenst\u00e4tigkeit geben.<br \/>\nDie Fachleute der Firma Kaduk sind gerne f\u00fcr Sie im Einsatz. Rufen Sie uns doch rasch einmal an oder schreiben Sie uns eine schnelle E-Mail. Wir freuen uns auf den Kontakt zu Ihnen.<\/p>","popseo_stadttext":"<h3>Unsere Produkte und Dienstleistungen auch f\u00fcr Kunden aus Amelinghausen<\/h3>\n<p>Durch unsere T\u00e4tigkeit haben wir uns einen sehr guten \u00dcberblick \u00fcber die Architektur der St\u00e4dte und Gemeinden unseres Vertriebsgebietes erarbeiten k\u00f6nnen. Unser Gesch\u00e4ftsbereich umfasst nat\u00fcrlich auch Amelinghausen. Wir f\u00fchlen uns der Region verpflichtet und freuen uns dar\u00fcber auch einen Anteil zur gesunden Infrastruktur der Gemeinde beizusteuern zu k\u00f6nnen.  <\/p>\n<p><h3>Einige interessante Informationen \u00fcber Amelinghausen<\/h3><br \/>\nAmelinghausen liegt in der L\u00fcneburger Heide. Etwas \u00fcber 4.000 B\u00fcrger leben in Amelinghausen auf einer Gesamtfl\u00e4che von ca. 16 qkm. Den charmanten kleinen Ort erreicht man mit dem Auto \u00fcber die B209. Die Umgebung ist ideal f\u00fcr Ausfl\u00fcge ins Gr\u00fcne. Die Baustruktur in der Region ist \u00fcberwiegend dominiert von einer angenehmen Einzelhausbebauung. Vor allem junge Familien genie\u00dfen das Leben in Amelinghausen. Die N\u00e4he zur Stadt L\u00fcneburg mit hervorragenden Verkehrverbindungen und Freizeitangeboten machen den Ort Amelinghausen so angenehm.<br \/>\nDie Gemeinde ist Sitz der Samtgemeinde Amelinghausen, einer Vereinigung von f\u00fcnf kleineren Orten. Dies sind neben Amelinghausen selbst die Gemeinden Oldendorf (Luhe), Betzendorf, Rehlingen und Soderstorf. Die Samtgemeinde z\u00e4hlt insgesamt etwa 8.000 Einwohner und streckt sich \u00fcber eine Fl\u00e4che von etwas mehr als 194 qkm.<\/p>\n<h4>Hohe Qualit\u00e4t f\u00fcr Kunden aus Amelinghausen<\/h4>\n<p>Sie wohnen in Amelinghausen, Oldendorf (Luhe), Betzendorf, Soderstorf oder Rehlingen und interessieren sich f\u00fcr unser Angebot. Prima, dass Sie uns hier auf dieser Website entdeckt haben. F\u00fcr R\u00fcckfragen sind wir jederzeit f\u00fcr Sie da. Auf den Kontakt zu Ihnen freuen wir uns.<\/p>","popseo_zusatztext":"<h3>Wir sind Fachbetrieb f\u00fcr Sicht- und Sonnenschutz<\/h3>\n<p>Vertrauen Sie bei Sicherheit und Sonnenschutz auf jeden Fall auf die sachspezifische Leistung vom Fachbetrieb. Nur ein Fachbetrieb kennt die Tricks und Tipps, wie man zu einem \u00fcberzeugenden Ergebnis kommt. Um sich mit Fug und Recht Fachbetrieb nennen zu k\u00f6nnen, braucht es eine qualifizierte Ausbildung der Mitarbeiter und eine langj\u00e4hrige Fachkenntnis.  <\/p>\n<p>Unser Fachbetrieb empfiehlt sich als Ihr qualifizierter Fachbetrieb f\u00fcr Sonnenschutz und Sicherheit. Setzen Sie auf Qualit\u00e4t und schenken Sie unserem Fachbetrieb Ihr Vertrauen. Wir bieten Ihnen unter anderem hochwertige Markisen und Rolll\u00e4den und legen massiv Wert auf einen 1a- Service. Schon seit vielen Jahren sind wir sachkundiger Fachbetrieb f\u00fcr Markisen, Terrassend\u00e4cher, Rolll\u00e4den und Au\u00dfenjalousien im Raum L\u00fcneburg. Es ist unser Bestreben, dass Sie viele Jahre viel Freude an Ihrem Sicht und Sonnenschutz haben. Von einem Fachbetrieb d\u00fcrfen Sie nat\u00fcrlich eine fehlerfreie Top-Leistung erwarten.<\/p>\n<h3>Auf einen Fachbetrieb ist Verlass<\/h3>\n<p>Als Fachbetrieb darf sich eine Unternehmung bezeichnen, deren Mitarbeiter \u00fcber nachweisbare Qualifikationen verf\u00fcgen. Dies ist z.B. eine entsprechende Berufsausbildung oder ein Meisterbrief. Au\u00dferdem zeichnet eine intensive praktische Erfahrung einen Fachbetrieb aus. Schon seit vielen Jahren konzentrieren wir uns als spezialisiertes Unternehmen auf Sonnenschutz und Sicherheit von Geb\u00e4uden. In diesen langen Jahren haben wir uns die Bezeichnung Fachbetrieb ganz sicher verdient. Wir benutzen nur qualitativ hochwertige Materialien. Hierbei achten wir stets auf ein angemessenes Preis-Leistungsverh\u00e4ltnis. Unser Motto als Fachbetrieb: Wir bieten Ihnen beste Qualit\u00e4t zu einem konkurrenzlosem Preis.<\/p>","popseo_links":"<a href=\"https:\/\/www.kaduk-bauelemente.de\/leistungen\/zaeune-geesthacht\/\">Z\u00e4une Geesthacht<\/a>, <a href=\"https:\/\/www.kaduk-bauelemente.de\/leistungen\/carports-jesteburg\/\">Carports Jesteburg<\/a>, <a href=\"https:\/\/www.kaduk-bauelemente.de\/leistungen\/sektionaltore-boizenburg\/\">Sektionaltore Boizenburg<\/a>, <a href=\"https:\/\/www.kaduk-bauelemente.de\/leistungen\/fliegengitter-buechen\/\">Fliegengitter B\u00fcchen<\/a>, <a href=\"https:\/\/www.kaduk-bauelemente.de\/leistungen\/rollladen-winsen-luhe\/\">Rollladen Winsen Luhe<\/a>, <a href=\"https:\/\/www.kaduk-bauelemente.de\/leistungen\/tueren-salzhausen\/\">T\u00fcren Salzhausen<\/a>, <a href=\"https:\/\/www.kaduk-bauelemente.de\/leistungen\/terrassendaecher-aus-aluminium-buchholz\/\">Terrassend\u00e4cher aus Aluminium Buchholz<\/a>, <a href=\"https:\/\/www.kaduk-bauelemente.de\/leistungen\/garagentore-geesthacht\/\">Garagentore Geesthacht<\/a>, <a href=\"https:\/\/www.kaduk-bauelemente.de\/leistungen\/rolllaeden-herzogtum-lauenburg\/\">Rolll\u00e4den Herzogtum Lauenburg<\/a>, <a href=\"https:\/\/www.kaduk-bauelemente.de\/leistungen\/markisen-tostedt-sittensen\/\">Markisen Tostedt Sittensen<\/a>, <a href=\"https:\/\/www.kaduk-bauelemente.de\/leistungen\/zaunbau-harburg\/\">Zaunbau Harburg<\/a>, <a href=\"https:\/\/www.kaduk-bauelemente.de\/leistungen\/terrassenueberdachungen-aus-holz-bienenbuettel\/\">Terrassen\u00fcberdachungen aus Holz Bienenb\u00fcttel<\/a>, <a href=\"https:\/\/www.kaduk-bauelemente.de\/leistungen\/raffstores-tostedt-sittensen\/\">Raffstores Tostedt Sittensen<\/a>, <a href=\"https:\/\/www.kaduk-bauelemente.de\/leistungen\/sektionaltore-herzogtum-lauenburg\/\">Sektionaltore Herzogtum Lauenburg<\/a>, <a href=\"https:\/\/www.kaduk-bauelemente.de\/leistungen\/aussenjalousien-bardowick\/\">Au\u00dfenjalousien Bardowick<\/a>, <a href=\"https:\/\/www.kaduk-bauelemente.de\/leistungen\/zaunbau-hanstedt\/\">Zaunbau Hanstedt<\/a>, <a href=\"https:\/\/www.kaduk-bauelemente.de\/leistungen\/terrassenueberdachungen-aus-holz-bispingen\/\">Terrassen\u00fcberdachungen aus Holz Bispingen<\/a>, <a href=\"https:\/\/www.kaduk-bauelemente.de\/leistungen\/rolllaeden-tostedt-sittensen\/\">Rolll\u00e4den Tostedt Sittensen<\/a>, <a href=\"https:\/\/www.kaduk-bauelemente.de\/leistungen\/zaunbau-adendorf\/\">Zaunbau Adendorf<\/a>, <a href=\"https:\/\/www.kaduk-bauelemente.de\/leistungen\/rolllaeden-lueneburg\/\">Rolll\u00e4den L\u00fcneburg<\/a>, <a href=\"https:\/\/www.kaduk-bauelemente.de\/leistungen\/sektionaltore-tostedt-sittensen\/\">Sektionaltore Tostedt Sittensen<\/a>, <a href=\"https:\/\/www.kaduk-bauelemente.de\/leistungen\/rollladen-harburg\/\">Rollladen Harburg<\/a>, <a href=\"https:\/\/www.kaduk-bauelemente.de\/leistungen\/rolltore-geesthacht\/\">Rolltore Geesthacht<\/a>, <a href=\"https:\/\/www.kaduk-bauelemente.de\/leistungen\/terrassenueberdachungen-aus-holz-geesthacht\/\">Terrassen\u00fcberdachungen aus Holz Geesthacht<\/a>, <a href=\"https:\/\/www.kaduk-bauelemente.de\/leistungen\/carports-uelzen\/\">Carports Uelzen<\/a>, <a href=\"https:\/\/www.kaduk-bauelemente.de\/leistungen\/garagen-winsen-luhe\/\">Garagen Winsen Luhe<\/a>"},"_links":{"self":[{"href":"https:\/\/www.kaduk-bauelemente.de\/leistungen\/wp-json\/wp\/v2\/pages\/4383","targetHints":{"allow":["GET"]}}],"collection":[{"href":"https:\/\/www.kaduk-bauelemente.de\/leistungen\/wp-json\/wp\/v2\/pages"}],"about":[{"href":"https:\/\/www.kaduk-bauelemente.de\/leistungen\/wp-json\/wp\/v2\/types\/page"}],"author":[{"embeddable":true,"href":"https:\/\/www.kaduk-bauelemente.de\/leistungen\/wp-json\/wp\/v2\/users\/1"}],"replies":[{"embeddable":true,"href":"https:\/\/www.kaduk-bauelemente.de\/leistungen\/wp-json\/wp\/v2\/comments?post=4383"}],"version-history":[{"count":0,"href":"https:\/\/www.kaduk-bauelemente.de\/leistungen\/wp-json\/wp\/v2\/pages\/4383\/revisions"}],"wp:attachment":[{"href":"https:\/\/www.kaduk-bauelemente.de\/leistungen\/wp-json\/wp\/v2\/media?parent=4383"}],"curies":[{"name":"wp","href":"https:\/\/api.w.org\/{rel}","templated":true}]}}