{"id":4382,"date":"2021-08-25T12:19:04","date_gmt":"2021-08-25T10:19:04","guid":{"rendered":"https:\/\/www.kaduk-bauelemente.de\/leistungen\/kunststofffenster-adendorf\/"},"modified":"2021-08-25T12:19:04","modified_gmt":"2021-08-25T10:19:04","slug":"kunststofffenster-adendorf","status":"publish","type":"page","link":"https:\/\/www.kaduk-bauelemente.de\/leistungen\/kunststofffenster-adendorf\/","title":{"rendered":"Kunststofffenster &#8211; Adendorf"},"content":{"rendered":"<h3>Kunststofffenster \u2013 wir beraten Sie!<\/h3>\n<p>Kunststofffenster bestechen durch ihre Funktionalit\u00e4t. Gleichwohl weisen Kunststofffenster ohne Frage eine \u00e4sthetische Komponente aus. Die Fenster sind zeitlos im Design und haben einen positiven Einfluss auf den Wohnkomfort. Ohne Frage: Kunststofffenster haben haben sich im heutigen Fensterbau qualifiziert. Moderne Kunststofffenster sind witterungsresistent und erf\u00fcllen alle Voraussetzungen einer optimalen Energieeffizienz. Speziell in Sachen Optik liegen Kunststofffenster an erster Stelle. Nahezu jede Gr\u00f6\u00dfe und auch fast jede Form lassen sich mit diesen Fenstern gestalten. Insbesondere im Preis-Leistungs-Verh\u00e4ltnis sind Kunststofffenster verglichen mit klassischen Holzfenstern oftmals unschlagbar preiswert. Vom Preis bis zur Haltbarkeit haben Kunststofffenster viele Vorteile. Ein erheblicher Vorzug ist dar\u00fcber hinaus, dass viele Modelle \u00e4u\u00dferst pflegeleicht sind. Beim Fensterputzen wird der Rahmen lediglich mit einem feuchten Tuch und einem Reiniger gereinigt. Die glatte Fl\u00e4che erleichert das Putzen zus\u00e4tzlich.<\/p>\n<h3>Kunststofffenster sind besonders vorteilhaft!<\/h3>\n<p>Unser Angebotsportfolio h\u00e4lt eine Reihe qualitativ hochwertiger Kunststofffenster der f\u00fchrenden Produzenten f\u00fcr Sie bereit. Als spezialisierter Fachbetrieb bieten wir Ihnen selbstverst\u00e4ndlich etliche besonders ausgesuchte Produkte. Vereinbaren Sie doch einfach mal ganz unverbindlich einen Gespr\u00e4chstermin mit einem unserer Spezialisten.<\/p>\n","protected":false},"excerpt":{"rendered":"<p>Kunststofffenster \u2013 wir beraten Sie! Kunststofffenster bestechen durch ihre Funktionalit\u00e4t. Gleichwohl weisen Kunststofffenster ohne Frage eine \u00e4sthetische Komponente aus. Die Fenster sind zeitlos im Design und haben einen positiven Einfluss auf den Wohnkomfort. Ohne Frage: Kunststofffenster haben haben sich im heutigen Fensterbau qualifiziert. Moderne Kunststofffenster sind witterungsresistent und erf\u00fcllen alle Voraussetzungen einer optimalen Energieeffizienz. Speziell [&hellip;]<\/p>\n","protected":false},"author":1,"featured_media":0,"parent":0,"menu_order":0,"comment_status":"closed","ping_status":"closed","template":"","meta":{"footnotes":""},"class_list":["post-4382","page","type-page","status-publish","hentry"],"meta_box":{"popseo_subtitel":"Kaduk Bauelemente ist Ihr Fachanbieter f\u00fcr Kunststofffenster im Raum Adendorf","popseo_subtitel2":"Kunststofffenster - eine vorteilhafte Sache!","popseo_lasttitel":"Kunststofffenster: F\u00fcr weitere Informationen sprechen Sie uns bitte an","popseo_region":"Adendorf","popseo_sachwort":"Kunststofffenster","popseo_noupdate":"","popseo_einleitungstext":"<p>Wenn es um Sonnenschutz und Sicherheit geht, sind Sie bei der Firma Kaduk genau an der richtigen Adresse. Seit Unternehmensgr\u00fcndung sind wir Ihr lokaler Fachbetrieb f\u00fcr hochwertige Bauelemente. Zu unserem Produktangebot geh\u00f6ren beispielsweise Rolltore, Markisen, Terrassend\u00e4cher, Au\u00dfenjalousien, Fenster, T\u00fcren, Carports und Rolll\u00e4den. Wir \u00fcbernehmen Montage- und Reparaturarbeiten und zeigen Ihnen M\u00f6glichkeiten auf, wie Sie Ihr Gesch\u00e4fts- oder Wohnhaus mit modernen Bauelementen ausr\u00fcsten k\u00f6nnen. Nachfolgend haben wir erste Informationen f\u00fcr Sie zusammengetragen.<\/p>","popseo_schlusstext":"<p>Wenn Sie mehr wissen m\u00f6chten, informieren wir Sie n\u00e4her \u00fcber unsere Produkte und unser Aufgabengebiet. Wir nennen Ihnen mit Vergn\u00fcgen auch ein paar Referenzen, die Ihnen einen Einblick in unsere Arbeit geben.<br \/>\nVertrauen Sie den Spezialisten der Firma Kaduk. Rufen Sie uns doch einfach einmal an oder schreiben Sie uns eine schnelle E-Mail. Wir freuen uns auf den Kontakt zu Ihnen.<\/p>","popseo_stadttext":"<h3>Wir arbeiten gerne f\u00fcr Kunden aus Adendorf<\/h3>\n<p>Unser Gesch\u00e4ftsbereich umfasst auch Adendorf. Durch unsere T\u00e4tigkeit haben wir uns einen sehr guten \u00dcberblick \u00fcber die Stadtarchitektur der Gemeinden und St\u00e4dte unseres Vertriebsgebietes machen k\u00f6nnen. Wir f\u00fchlen uns der Region verpflichtet und sind stolz darauf, auch unseren Anteil zur ausgezeichneten Infrastruktur der Gemeinde beizusteuern zu k\u00f6nnen.  <\/p>\n<h3>Ein paar Fakten \u00fcber Adendorf<\/h3><br \/>\nAdendorf befindet sich knapp vier Kilometer von L\u00fcneburg entfernt zwischen Illmenau und dem Elbe-Seitenkanal. Etwas weniger als 11.000 Anwohner leben in Aldendorf auf einem Areal von rund 16 km\u00b2. Die \u00d6konomie der Gemeinde wird dominiert von kleinen und mittelst\u00e4ndischen Betrieben aus den Gesch\u00e4ftsfeldern Dienstleistung und Handwerk. In den Ort gelangt man mit dem Auto \u00fcber die B209. Aldendorf verf\u00fcgt dar\u00fcber hinaus \u00fcber eine Anschlussstelle an die Bundesautobahn 39. Der Personennahverkehr wird \u00fcber verschiedene Buslinien sichergestellt. Die Umgebung erm\u00f6glicht erlebnisreiche Ausfl\u00fcge. Die Baustruktur in der Region ist \u00fcberwiegend gekennzeichnet von einer ansprechenden Einzelhausbebauung. Besonders junge Familien sch\u00e4tzen das beschauliche Leben in Adendorf.<br \/>\n<h4>Hohe Qualit\u00e4t f\u00fcr Kunden aus Adendorf<\/h4>\n<p>Sie wohnen in Adendorf und interessieren sich f\u00fcr unser Angebot. Prima, dass Sie uns hier auf dieser Website entdeckt haben. F\u00fcr R\u00fcckfragen stehen wir Ihnen jederzeit zur Verf\u00fcgung. Unser freundliches Team freut sich auf Sie.<\/p>","popseo_zusatztext":"<h3>Kaduk Bauelemente ist Ihr Fachbetrieb in Sachen Sicht- und Sonnenschutz<\/h3>\n<p>Vertrauen Sie bei Sicherheit und Sonnenschutz unbedingt auf die fachliche Leistung vom Fachbetrieb. Nur ein Fachbetrieb kennt die Tipps und Tricks, wie man zu einem fachgerechten Ergebnis kommt. Um sich mit Fug und Recht als Fachbetrieb bezeichnen zu d\u00fcrfen, braucht man eine gute Ausbildung der Mitarbeiter und eine jahrelange Erfahrung.  <\/p>\n<p>Unsere Firma empfiehlt sich als Ihr sachkundiger Fachbetrieb f\u00fcr Sicherheit und Sonnenschutz. Kommen Sie zum Ziel und schenken Sie unserem Fachbetrieb Ihr Vertrauen. Wir bieten Ihnen beispielsweise hochqualitative Markisen und Rolll\u00e4den und legen allerh\u00f6chsten Wert auf einen sehr guten Service. Schon seit vielen Jahren sind wir sachkundiger Fachbetrieb f\u00fcr Terrassend\u00e4cher, Au\u00dfenjalousien, Rolll\u00e4den im Raum L\u00fcneburg. Es ist uns ein Anliegen, dass Sie lange viel Freude an Ihrem Sicht und Sonnenschutz haben. Von einem Fachbetrieb d\u00fcrfen Sie zu Recht eine absolute Top-Leistung erwarten.<\/p>\n<h3>Ein Fachbetrieb wei\u00df Rat!<\/h3>\n<p>Als Fachbetrieb darf sich eine Firma bezeichnen, deren Angestellte \u00fcber nachweisbare Qualifikationen verf\u00fcgen. Dies ist unter anderem eine entsprechende Berufsausbildung oder ein Meisterbrief. Auch zeichnet eine intensive praktische Erfahrung einen Fachbetrieb aus. Bereits seit vielen Jahren konzentrieren wir uns als spezialisiertes Unternehmen auf Sicherheit und Sonnenschutz von Wohn- und Gesch\u00e4ftsh\u00e4usern. In diesen vielen Jahren haben wir uns die Bezeichnung Fachbetrieb sicher erarbeitet. Wir nutzen nur qualitativ hochwertige Produkte. Hierbei achten wir immer auf ein angemessenes Preis-Leistungsverh\u00e4ltnis. Unsere \u00dcberzeugung als Fachbetrieb: Wir bieten Ihnen 1a-Leistung zu einem fairen Preis.<\/p>","popseo_links":"<a href=\"https:\/\/www.kaduk-bauelemente.de\/leistungen\/terrassenueberdachungen-aus-aluminium-buchholz\/\">Terrassen\u00fcberdachungen aus Aluminium Buchholz<\/a>, <a href=\"https:\/\/www.kaduk-bauelemente.de\/leistungen\/zaunbau-ebstorf\/\">Zaunbau Ebstorf<\/a>, <a href=\"https:\/\/www.kaduk-bauelemente.de\/leistungen\/aussenjalousien-hanstedt\/\">Au\u00dfenjalousien Hanstedt<\/a>, <a href=\"https:\/\/www.kaduk-bauelemente.de\/leistungen\/fenster-uelzen\/\">Fenster Uelzen<\/a>, <a href=\"https:\/\/www.kaduk-bauelemente.de\/leistungen\/holzfenster-boizenburg\/\">Holzfenster Boizenburg<\/a>, <a href=\"https:\/\/www.kaduk-bauelemente.de\/leistungen\/garagentore-winsen-luhe\/\">Garagentore Winsen Luhe<\/a>, <a href=\"https:\/\/www.kaduk-bauelemente.de\/leistungen\/fliegengitter-maschen\/\">Fliegengitter Maschen<\/a>, <a href=\"https:\/\/www.kaduk-bauelemente.de\/leistungen\/haustueren-herzogtum-lauenburg\/\">Haust\u00fcren Herzogtum Lauenburg<\/a>, <a href=\"https:\/\/www.kaduk-bauelemente.de\/leistungen\/holzfenster-jesteburg\/\">Holzfenster Jesteburg<\/a>, <a href=\"https:\/\/www.kaduk-bauelemente.de\/leistungen\/zaeune-bispingen\/\">Z\u00e4une Bispingen<\/a>, <a href=\"https:\/\/www.kaduk-bauelemente.de\/leistungen\/holzfenster-uelzen\/\">Holzfenster Uelzen<\/a>, <a href=\"https:\/\/www.kaduk-bauelemente.de\/leistungen\/raffstores-maschen\/\">Raffstores Maschen<\/a>, <a href=\"https:\/\/www.kaduk-bauelemente.de\/leistungen\/tueren-adendorf\/\">T\u00fcren Adendorf<\/a>, <a href=\"https:\/\/www.kaduk-bauelemente.de\/leistungen\/markisen-amelinghausen\/\">Markisen Amelinghausen<\/a>, <a href=\"https:\/\/www.kaduk-bauelemente.de\/leistungen\/terrassendaecher-aus-aluminium-schwarzenbek\/\">Terrassend\u00e4cher aus Aluminium Schwarzenbek<\/a>, <a href=\"https:\/\/www.kaduk-bauelemente.de\/leistungen\/raffstores-stelle\/\">Raffstores Stelle<\/a>, <a href=\"https:\/\/www.kaduk-bauelemente.de\/leistungen\/carports-reppenstedt\/\">Carports Reppenstedt<\/a>, <a href=\"https:\/\/www.kaduk-bauelemente.de\/leistungen\/rolltore-reinbek-glinde\/\">Rolltore Reinbek Glinde<\/a>, <a href=\"https:\/\/www.kaduk-bauelemente.de\/leistungen\/rolltore-jesteburg\/\">Rolltore Jesteburg<\/a>, <a href=\"https:\/\/www.kaduk-bauelemente.de\/leistungen\/tueren-harburg\/\">T\u00fcren Harburg<\/a>, <a href=\"https:\/\/www.kaduk-bauelemente.de\/leistungen\/fenster-geesthacht\/\">Fenster Geesthacht<\/a>, <a href=\"https:\/\/www.kaduk-bauelemente.de\/leistungen\/fliegengitter-tostedt-sittensen\/\">Fliegengitter Tostedt Sittensen<\/a>, <a href=\"https:\/\/www.kaduk-bauelemente.de\/leistungen\/tueren-ebstorf\/\">T\u00fcren Ebstorf<\/a>, <a href=\"https:\/\/www.kaduk-bauelemente.de\/leistungen\/markisen-buchholz\/\">Markisen Buchholz<\/a>, <a href=\"https:\/\/www.kaduk-bauelemente.de\/leistungen\/rollladen-bad-bevensen\/\">Rollladen Bad Bevensen<\/a>, <a href=\"https:\/\/www.kaduk-bauelemente.de\/leistungen\/holzfenster-herzogtum-lauenburg\/\">Holzfenster Herzogtum Lauenburg<\/a>"},"_links":{"self":[{"href":"https:\/\/www.kaduk-bauelemente.de\/leistungen\/wp-json\/wp\/v2\/pages\/4382","targetHints":{"allow":["GET"]}}],"collection":[{"href":"https:\/\/www.kaduk-bauelemente.de\/leistungen\/wp-json\/wp\/v2\/pages"}],"about":[{"href":"https:\/\/www.kaduk-bauelemente.de\/leistungen\/wp-json\/wp\/v2\/types\/page"}],"author":[{"embeddable":true,"href":"https:\/\/www.kaduk-bauelemente.de\/leistungen\/wp-json\/wp\/v2\/users\/1"}],"replies":[{"embeddable":true,"href":"https:\/\/www.kaduk-bauelemente.de\/leistungen\/wp-json\/wp\/v2\/comments?post=4382"}],"version-history":[{"count":0,"href":"https:\/\/www.kaduk-bauelemente.de\/leistungen\/wp-json\/wp\/v2\/pages\/4382\/revisions"}],"wp:attachment":[{"href":"https:\/\/www.kaduk-bauelemente.de\/leistungen\/wp-json\/wp\/v2\/media?parent=4382"}],"curies":[{"name":"wp","href":"https:\/\/api.w.org\/{rel}","templated":true}]}}