{"id":4381,"date":"2021-08-25T12:19:04","date_gmt":"2021-08-25T10:19:04","guid":{"rendered":"https:\/\/www.kaduk-bauelemente.de\/leistungen\/insektenschutz-winsen-luhe\/"},"modified":"2021-08-25T12:19:04","modified_gmt":"2021-08-25T10:19:04","slug":"insektenschutz-winsen-luhe","status":"publish","type":"page","link":"https:\/\/www.kaduk-bauelemente.de\/leistungen\/insektenschutz-winsen-luhe\/","title":{"rendered":"Insektenschutz &#8211; Winsen Luhe"},"content":{"rendered":"<h3>Insektenschutz \u2013 wir beraten Sie!<\/h3>\n<p>Sie m\u00f6gen Ihren Garten und sch\u00e4tzen es, im Sommer auf der Terrasse zu sitzen. W\u00e4ren da nur nicht immer diese st\u00f6renden Insekten. Jedoch nicht nur im Garten, auch in den vier W\u00e4nden sind Insekten mehr als nur l\u00e4stige G\u00e4ste. Mit einem zweckdienlichen und zuverl\u00e4ssigen Insektenschutz halten Sie sich die kleinen Qu\u00e4lgeister best\u00e4ndig vom Leibe.<\/p>\n<p>Wir bieten Ihnen eine Menge Artikel f\u00fcr einen durchgreifenden Insektenschutz. Rollos, Spannrahmen oder Schiebet\u00fcren k\u00f6nnen \u2013 korrekt montiert &#8211; n\u00fctzliche Dienste f\u00fcr einen umfangreichen Insektenschutz bieten. Fragen Sie unsere Profis! <\/p>\n<h3>Insektenschutz &#8211; wir informieren Sie gerne<\/h3>\n<p>Insektenschutz f\u00fcr T\u00fcren und Fenster geh\u00f6rt zu unserem Leistungskatalog. Wir bieten Ihnen eine erstaunliche Angebotspalette f\u00fcr einen nachhaltigen Insektenschutz: Neben simplen Fliegengittern entdecken Sie bei uns auch spezielle L\u00f6sungen f\u00fcr Dachfenster und Au\u00dfent\u00fcren. Nat\u00fcrlich l\u00e4sst sich der effiziente Insektenschutz in unterschiedlichen Ausf\u00fchrungen und Ma\u00dfen umsetzen.<\/p>\n","protected":false},"excerpt":{"rendered":"<p>Insektenschutz \u2013 wir beraten Sie! Sie m\u00f6gen Ihren Garten und sch\u00e4tzen es, im Sommer auf der Terrasse zu sitzen. W\u00e4ren da nur nicht immer diese st\u00f6renden Insekten. Jedoch nicht nur im Garten, auch in den vier W\u00e4nden sind Insekten mehr als nur l\u00e4stige G\u00e4ste. Mit einem zweckdienlichen und zuverl\u00e4ssigen Insektenschutz halten Sie sich die kleinen [&hellip;]<\/p>\n","protected":false},"author":1,"featured_media":0,"parent":0,"menu_order":0,"comment_status":"closed","ping_status":"closed","template":"","meta":{"footnotes":""},"class_list":["post-4381","page","type-page","status-publish","hentry"],"meta_box":{"popseo_subtitel":"Wir sind Ihr Fachanbieter f\u00fcr Insektenschutz in Winsen Luhe","popseo_subtitel2":"Insektenschutz - unsere Fachkr\u00e4fte beraten Sie gerne","popseo_lasttitel":"Insektenschutz: Gerne beantworten wir Ihre Fragen!","popseo_region":"Winsen Luhe","popseo_sachwort":"Insektenschutz","popseo_noupdate":"","popseo_einleitungstext":"<p>Die Firma Kaduk ist Ihr erfahrener und qualifizierter Fachbetrieb f\u00fcr Sicherheit und Sonnenschutz im Norden. Mit unserem Unternehmensstandort in Adendorf bei L\u00fcneburg decken wir ein fl\u00e4chenm\u00e4\u00dfig gro\u00dfes Gebiet ab. Bei uns erhalten Sie erstklassige Bauelemente in erstaunlich gro\u00dfer Auswahl. Zu unserem Produktsortiment geh\u00f6ren unter anderem T\u00fcren, Au\u00dfenjalousien, Fenster, Terrassend\u00e4cher, Markisen, Rolltore, Carports und Rolll\u00e4den. Nat\u00fcrlich erledigen wir auch Reparatur- und Montagearbeiten f\u00fcr Sie. Auf unserer Internetseite finden Sie unser gesamtes Produkt- und Dienstleistungsangebot detailliert beschrieben. Kompetent und sachgerecht beraten wir Sie \u00fcber Ihre M\u00f6glichkeiten und f\u00fchren alle anfallenden Arbeiten gewissenhaft und mit Sachverstand aus - so wie Sie es von einem spezialisierten Fachbetrieb erwarten d\u00fcrfen.<\/p>","popseo_schlusstext":"<p>Wenn Sie mehr wissen m\u00f6chten, informieren wir Sie n\u00e4her \u00fcber unser Produkt- und T\u00e4tigkeitsspektrum. Wir nennen Ihnen mit Vergn\u00fcgen auch einige Projekte, die Ihnen einen Einblick in unsere Unternehmenst\u00e4tigkeit geben.<br \/>\nSetzen Sie auf die Expertise eines erfahrenen Fachbetriebes. Rufen Sie uns doch rasch einmal an oder schicken Sie uns eine schnelle E-Mail. Wir freuen uns auf Sie.<\/p>","popseo_stadttext":"<h3>Unser Leistungskatalog f\u00fcr Kunden aus Winsen (Luhe)<\/h3>\n<p>Winsen (Luhe) ist eine Stadt aus der Metropolregion Hamburg. Die Kreisstadt des Landkreises Harburg hat 32.000 Anwohner und streckt sich \u00fcber eine Gesamtfl\u00e4che von 109 km\u00b2. Winsen (Luhe) ist ideal gelegen. In die norddeutsche Gro\u00dfstadt Hamburg sind es nur gut 30 km, L\u00fcneburg erreicht man bereits nach gut 20 Kilometern. Winsen (Luhe) besteht in der heutigen Struktur seit 1972. Seinerzeit wurden 13 eigenst\u00e4ndige Gemeinden zur Gesamtgemeinde Winsen (Luhe) zusammengef\u00fchrt.  <\/p>\n<p>Durch unsere Vertriebst\u00e4tigkeit haben wir uns einen ausgezeichneten \u00dcberblick \u00fcber die Stadtarchitektur der Gemeinden und St\u00e4dte unseres Einzugsbereiches erarbeiten k\u00f6nnen. Selbstverst\u00e4ndlich z\u00e4hlt auch Winsen (Luhe) zu unserem unmittelbaren Wirkungskreis. Wir freuen uns darauf, mit Ihnen in Kontakt zu treten. <\/p>\n<h3>Ein paar Hintergrundinformationen zu Winsen (Luhe)<\/h3>\n<p>Obwohl Winsen (Luhe) zweifelsfrei als eine Pendlerstadt gelten darf, ist das mittelst\u00e4ndisch orientierte Wirtschaftsleben erstaunlich. Viele Firmen u.a. aus den Bereichen Maschinenbau, Pharma, Logistik und Bauwesen haben sich in Winsen (Luhe) niedergelassen. Wer von den Menschen aus Winsen (Luhe) nicht in einem Unternehmen seiner Heimatstadt arbeitet, pendelt meistens in die Hansestadt Hamburg. Mit dem PKW f\u00e4hrt man \u00fcber die Bundesautobahn A39 nach Winsen (Luhe). Die Schnellstra\u00dfe ist mit der A1 und der A7 verbunden. Wer die Bahn lieber mag, erreicht Winsen (Luhe) \u00fcber das Streckennetz Hamburg-Hannover. Dar\u00fcber hinaus bietet der Metronom eine gerne genutzte Regionallinie an. <\/p>\n<h3>Winsen (Luhe) hat Charme!<\/h3>\n<p>Menschen, die das etwas \u00fcberschaubarere Leben in einer kleineren Gemeinde der Unruhe einer Gro\u00dfstadt vorziehen, finden in Winsen (Luhe) ausgezeichnete Bedingungen vor. Die Infrastruktur in Winsen (Luhe) haut hin! Sehr gute Shoppingm\u00f6glichkeiten, ein mehr als ausreichendes Sport- und Freizeitangebot sowie eine bet\u00f6rende Umgebung sind Pluspunkte, die Winsen (Luhe) auf der Habenseite verbuchen kann. Auch Familien sch\u00e4tzen die Stadt: Alle Schularten sowie eine ausreichende Zahl an Kindertagesst\u00e4tten stehen in Winsen (Luhe) zur Verf\u00fcgung. <\/p>\n<h4>Hohe Qualit\u00e4t f\u00fcr Kunden aus Winsen (Luhe)<\/h4>\n<p>Toll, dass Sie uns hier auf dieser Website entdeckt haben. Wenn Sie eine erfahrene Fachfirma ben\u00f6tigen, sind Sie bei uns an der richtigen Adresse. Sie m\u00f6chten mehr \u00fcber uns erfahren? F\u00fcr R\u00fcckfragen stehen wir Ihnen jederzeit zur Verf\u00fcgung. Auf den Kontakt zu Ihnen freuen wir uns.<\/p>","popseo_zusatztext":"<h3>Wir k\u00f6nnen g\u00fcnstig und preiswert<\/h3>\n<p>Bauelemente m\u00fcssen h\u00f6chsten Erwartungen standhalten. Gleichwohl soll es g\u00fcnstig und preiswert sein. Das muss generell kein Widerspruch sein. <\/p>\n<p>Als Fachunternehmen f\u00fcr Sonnenschutz und Sicherheit verarbeiten wir ausschlie\u00dflich hochwertige Produkte. Nichtsdestotrotz schauen wir grunds\u00e4tzlich auf ein gutes Preis-Leistungsverh\u00e4ltnis. Wir m\u00f6chten Ihnen Qualit\u00e4t anbieten, die gleichzeitig auch g\u00fcnstig und preiswert ist. Verleihen Sie Ihrem Heim g\u00fcnstig und preiswert das gewisse Plus an Qualit\u00e4t. Markisen und Rolll\u00e4den oder andere Sonnenschutzl\u00f6sungen sehen nicht nur h\u00fcbsch aus, sie leisten auch einen bedeutenden Anteil zur W\u00e4rmed\u00e4mmung.  <\/p>\n<h3>G\u00fcnstig und preiswert \u2013 es muss wirklich nicht immer teuer sein<\/h3>\n<p>D\u00fcrfen wir Sie informieren, wie Sie g\u00fcnstig und preiswert einen optimalen Sonnenschutz f\u00fcr Ihr Zuhause umsetzen? Super, dann z\u00f6gern Sie bitte nicht und nehmen am besten sofort heute noch Verbindung mit uns auf. Ein kurzer Telefonanruf oder eine kurze Mail gen\u00fcgen. Mit Vergn\u00fcgen informieren Sie unsere gut ausgebildeten Fachleute \u00fcber die diversen Optionen, wie Sie Ihr Haus g\u00fcnstig und preiswert mit Rolll\u00e4den und Markisen oder anderen Sonnenschutzprodukten versehen. Wir freuen uns auf das Gespr\u00e4ch mit Ihnen. <\/p>\n<h4>G\u00fcnstig und preiswert \u2013 manchmal macht auch der Preis den Unterschied<\/h4>\n<p>Z\u00e4hlen Sie beim Thema Sonnenschutz und Sicherheit auf den Experten. Nur ein Spezialbetrieb kennt die verschiedenen Optionen, wie Sie g\u00fcnstig und preiswert, trotzdem qualitativ spitze einen optimalen Sonnenschutz verwirklichen. Qualit\u00e4tsbewusst, g\u00fcnstig und preiswert: Wir empfehlen uns als spezialisiertes Fachunternehmen im n\u00f6rdlichen Raum. Unsere jahrelange Erfahrung zeichnet uns aus.<\/p>","popseo_links":"<a href=\"https:\/\/www.kaduk-bauelemente.de\/leistungen\/terrassenueberdachungen-aus-holz-bergedorf-wentorf\/\">Terrassen\u00fcberdachungen aus Holz Bergedorf Wentorf<\/a>, <a href=\"https:\/\/www.kaduk-bauelemente.de\/leistungen\/garagen-geesthacht\/\">Garagen Geesthacht<\/a>, <a href=\"https:\/\/www.kaduk-bauelemente.de\/leistungen\/fliegengitter-ebstorf\/\">Fliegengitter Ebstorf<\/a>, <a href=\"https:\/\/www.kaduk-bauelemente.de\/leistungen\/terrassendaecher-aus-aluminium-reppenstedt\/\">Terrassend\u00e4cher aus Aluminium Reppenstedt<\/a>, <a href=\"https:\/\/www.kaduk-bauelemente.de\/leistungen\/terrassenueberdachungen-aus-holz-maschen\/\">Terrassen\u00fcberdachungen aus Holz Maschen<\/a>, <a href=\"https:\/\/www.kaduk-bauelemente.de\/leistungen\/holzfenster-bienenbuettel\/\">Holzfenster Bienenb\u00fcttel<\/a>, <a href=\"https:\/\/www.kaduk-bauelemente.de\/leistungen\/terrassenueberdachungen-aus-holz-buechen\/\">Terrassen\u00fcberdachungen aus Holz B\u00fcchen<\/a>, <a href=\"https:\/\/www.kaduk-bauelemente.de\/leistungen\/terrassenueberdachungen-aus-holz-boizenburg\/\">Terrassen\u00fcberdachungen aus Holz Boizenburg<\/a>, <a href=\"https:\/\/www.kaduk-bauelemente.de\/leistungen\/zaeune-salzhausen\/\">Z\u00e4une Salzhausen<\/a>, <a href=\"https:\/\/www.kaduk-bauelemente.de\/leistungen\/tueren-bardowick\/\">T\u00fcren Bardowick<\/a>, <a href=\"https:\/\/www.kaduk-bauelemente.de\/leistungen\/garagen-ebstorf\/\">Garagen Ebstorf<\/a>, <a href=\"https:\/\/www.kaduk-bauelemente.de\/leistungen\/rolllaeden-reinbek-glinde\/\">Rolll\u00e4den Reinbek Glinde<\/a>, <a href=\"https:\/\/www.kaduk-bauelemente.de\/leistungen\/terrassendaecher-aus-aluminium-geesthacht\/\">Terrassend\u00e4cher aus Aluminium Geesthacht<\/a>, <a href=\"https:\/\/www.kaduk-bauelemente.de\/leistungen\/terrassenueberdachungen-aus-holz-uelzen\/\">Terrassen\u00fcberdachungen aus Holz Uelzen<\/a>, <a href=\"https:\/\/www.kaduk-bauelemente.de\/leistungen\/terrassendaecher-aus-holz-bienenbuettel\/\">Terrassend\u00e4cher aus Holz Bienenb\u00fcttel<\/a>, <a href=\"https:\/\/www.kaduk-bauelemente.de\/leistungen\/carports-bardowick\/\">Carports Bardowick<\/a>, <a href=\"https:\/\/www.kaduk-bauelemente.de\/leistungen\/terrassendaecher-aus-aluminium-amt-neuhaus\/\">Terrassend\u00e4cher aus Aluminium Amt Neuhaus<\/a>, <a href=\"https:\/\/www.kaduk-bauelemente.de\/leistungen\/garagentore-seevetal-rosengarten\/\">Garagentore Seevetal Rosengarten<\/a>, <a href=\"https:\/\/www.kaduk-bauelemente.de\/leistungen\/terrassendaecher-aus-holz-reppenstedt\/\">Terrassend\u00e4cher aus Holz Reppenstedt<\/a>, <a href=\"https:\/\/www.kaduk-bauelemente.de\/leistungen\/holzfenster-winsen-luhe\/\">Holzfenster Winsen Luhe<\/a>, <a href=\"https:\/\/www.kaduk-bauelemente.de\/leistungen\/garagen-herzogtum-lauenburg\/\">Garagen Herzogtum Lauenburg<\/a>, <a href=\"https:\/\/www.kaduk-bauelemente.de\/leistungen\/zaunbau-buchholz\/\">Zaunbau Buchholz<\/a>, <a href=\"https:\/\/www.kaduk-bauelemente.de\/leistungen\/carports-hanstedt\/\">Carports Hanstedt<\/a>, <a href=\"https:\/\/www.kaduk-bauelemente.de\/leistungen\/kunststofffenster-schwarzenbek\/\">Kunststofffenster Schwarzenbek<\/a>, <a href=\"https:\/\/www.kaduk-bauelemente.de\/leistungen\/rolltore-geesthacht\/\">Rolltore Geesthacht<\/a>, <a href=\"https:\/\/www.kaduk-bauelemente.de\/leistungen\/markisen-maschen\/\">Markisen Maschen<\/a>"},"_links":{"self":[{"href":"https:\/\/www.kaduk-bauelemente.de\/leistungen\/wp-json\/wp\/v2\/pages\/4381","targetHints":{"allow":["GET"]}}],"collection":[{"href":"https:\/\/www.kaduk-bauelemente.de\/leistungen\/wp-json\/wp\/v2\/pages"}],"about":[{"href":"https:\/\/www.kaduk-bauelemente.de\/leistungen\/wp-json\/wp\/v2\/types\/page"}],"author":[{"embeddable":true,"href":"https:\/\/www.kaduk-bauelemente.de\/leistungen\/wp-json\/wp\/v2\/users\/1"}],"replies":[{"embeddable":true,"href":"https:\/\/www.kaduk-bauelemente.de\/leistungen\/wp-json\/wp\/v2\/comments?post=4381"}],"version-history":[{"count":0,"href":"https:\/\/www.kaduk-bauelemente.de\/leistungen\/wp-json\/wp\/v2\/pages\/4381\/revisions"}],"wp:attachment":[{"href":"https:\/\/www.kaduk-bauelemente.de\/leistungen\/wp-json\/wp\/v2\/media?parent=4381"}],"curies":[{"name":"wp","href":"https:\/\/api.w.org\/{rel}","templated":true}]}}