{"id":4379,"date":"2021-08-25T12:19:04","date_gmt":"2021-08-25T10:19:04","guid":{"rendered":"https:\/\/www.kaduk-bauelemente.de\/leistungen\/insektenschutz-tostedt-sittensen\/"},"modified":"2021-08-25T12:19:04","modified_gmt":"2021-08-25T10:19:04","slug":"insektenschutz-tostedt-sittensen","status":"publish","type":"page","link":"https:\/\/www.kaduk-bauelemente.de\/leistungen\/insektenschutz-tostedt-sittensen\/","title":{"rendered":"Insektenschutz &#8211; Tostedt Sittensen"},"content":{"rendered":"<h3>Insektenschutz: Stoppen Sie die l\u00e4stigen Plagegeister<\/h3>\n<p>Sie lieben Ihren Garten und genie\u00dfen es, des Sommers auf Ihrer Terrasse zu sitzen. W\u00e4ren da nur nicht immer diese hinderlichen Insekten. Jedoch nicht nur im Garten, auch im Haus sind Insekten sehr l\u00e4stige G\u00e4ste. Mit einem zweckdienlichen und zuverl\u00e4ssigen Insektenschutz halten Sie sich die kleinen Qu\u00e4lgeister best\u00e4ndig vom Leibe.<\/p>\n<p>Wir bieten Ihnen zahlreiche Artikel f\u00fcr einen durchgreifenden Insektenschutz. Schiebet\u00fcren, Rollos oder Spannrahmen k\u00f6nnen \u2013 sachgerecht befestigt &#8211; wertvolle Dienste f\u00fcr einen nachhaltigen Insektenschutz bieten. Fragen Sie unsere Profis! <\/p>\n<h3>Unser Kundenservice informiert Sie \u00fcber Insektenschutz<\/h3>\n<p>Insektenschutz f\u00fcr T\u00fcren und Fenster ist integraler Bestandteil von unserem Leistungskatalog. Wir bieten Ihnen eine gro\u00dfe Angebotspalette f\u00fcr einen dauerhaften Insektenschutz: Neben einfachen Fliegengittern entdecken Sie bei uns auch besondere L\u00f6sungen f\u00fcr Dachfenster und Au\u00dfent\u00fcren. Nat\u00fcrlich l\u00e4sst sich der dauerhafte Insektenschutz in unterschiedlichen Ma\u00dfen und Ausf\u00fchrungen in die Tat umsetzen.<\/p>\n","protected":false},"excerpt":{"rendered":"<p>Insektenschutz: Stoppen Sie die l\u00e4stigen Plagegeister Sie lieben Ihren Garten und genie\u00dfen es, des Sommers auf Ihrer Terrasse zu sitzen. W\u00e4ren da nur nicht immer diese hinderlichen Insekten. Jedoch nicht nur im Garten, auch im Haus sind Insekten sehr l\u00e4stige G\u00e4ste. Mit einem zweckdienlichen und zuverl\u00e4ssigen Insektenschutz halten Sie sich die kleinen Qu\u00e4lgeister best\u00e4ndig vom [&hellip;]<\/p>\n","protected":false},"author":1,"featured_media":0,"parent":0,"menu_order":0,"comment_status":"closed","ping_status":"closed","template":"","meta":{"footnotes":""},"class_list":["post-4379","page","type-page","status-publish","hentry"],"meta_box":{"popseo_subtitel":"Wir sind Ihr Experte f\u00fcr Insektenschutz in Tostedt Sittensen","popseo_subtitel2":"Insektenschutz - Qualit\u00e4t vom Fachbetrieb","popseo_lasttitel":"Insektenschutz: F\u00fcr weitere Informationen sprechen Sie uns bitte an","popseo_region":"Tostedt Sittensen","popseo_sachwort":"Insektenschutz","popseo_noupdate":"","popseo_einleitungstext":"<p>Wenn es um Sicherheit und Sonnenschutz geht, sind Sie bei der Firma Dirk Kaduk Bauelemte genau an der richtigen Adresse. Seit Firmengr\u00fcndung sind wir Ihr lokaler Fachbetrieb f\u00fcr hochwertige Bauelemente. Zu unserem Produktsortiment geh\u00f6ren unter anderem Terrassend\u00e4cher, Markisen, Rolltore, Au\u00dfenjalousien, Fenster, T\u00fcren, Carports und Rolll\u00e4den. Wir erledigen Montage- und Reparaturarbeiten und zeigen Ihnen, wie Sie Ihre Wohn- oder Gesch\u00e4ftsgeb\u00e4ude mit modernen Bauelementen ausr\u00fcsten k\u00f6nnen. Im Folgenden haben wir erste Informationen f\u00fcr Sie zusammengestellt.<\/p>","popseo_schlusstext":"<p>Wenn Sie einen qualifizierten Fachbetrieb f\u00fcr hochwertige Sonnenschutz- und Sicherheitsprodukte suchen, sind Sie bei uns an der richtigen Adresse. Sie m\u00f6chten mehr \u00fcber uns wissen? Als auf Bauelemente spezialisierte Fachfirma sind wir f\u00fcr die Realisierung Ihres Vorhabens der optimale Dienstleister und freuen uns \u00fcber Ihre Kontaktaufnahme, egal ob durch Telefonanruf oder Nachricht per E-Mail. Worauf Sie neben Fachwissen setzen d\u00fcrfen: Unser Team arbeitet absolut zuverl\u00e4ssig und wird mit Elan und Schwung f\u00fcr Sie t\u00e4tig. Wir freuen uns, wenn wir ihnen helfen k\u00f6nnen!<\/p>","popseo_stadttext":"<h3>Unser Produktsortiment f\u00fcr Kunden aus Tostedt und Sittensen<\/h3>\n<p>Durch unsere Gesch\u00e4ftst\u00e4tigkeit haben wir uns einen sehr guten \u00dcberblick \u00fcber die Stadtarchitektur der Gemeinden und St\u00e4dte unseres Einzugsbereiches erarbeiten k\u00f6nnen. Selbstverst\u00e4ndlich z\u00e4hlen auch Tostedt und Sittensen zu unserem unmittelbaren Wirkungskreis. Wir freuen uns darauf, mit Ihnen in Kontakt zu kommen. <\/p>\n<h3>Ein paar Hintergrundinformationen zu Tostedt und Sittensen<\/h3>\n<p>Wer in Tostedt lebt, wohnt in einem eher l\u00e4ndlichen Umfeld, ohne auf die Angebote und Abwechslungen der nahen Metropole Hamburg zu verzichten. Die Hansestadt ist lediglich ein paar Kilometer entfernt. Als Wohnort bietet Tostedt Gr\u00fcnde genug f\u00fcr die etwa 13.000 Anwohner. Tostedt begeistert durch seine vielen Wohnviertel. Wer gerne im Gr\u00fcnen lebt, jedoch urbanes Treiben sch\u00e4tzt, ist in Tostedt genau richtig. Eine gut ausgebaute Infrastruktur mit abwechslungsreichen Einkaufsm\u00f6glichkeiten sowie  attraktiven Sport- und Freizeitm\u00f6glichkeiten, verleihen Tostedt eine sehr gute Wohn- und Lebensqualit\u00e4t. <\/p>\n<h3>Tostedt und Sittensen \u2013 hier l\u00e4sst es sich leben!<\/h3>\n<p>Gerade einmal 20 Kilometer von Tostedt entfernt liegt der Ort Sittensen. Das St\u00e4dtchen z\u00e4hlt verwaltungstechnisch zum nieders\u00e4chsischen Kreis Harburg. In Sittensen leben momentan knapp 5.600 B\u00fcrger auf einem Areal von nicht ganz 18 Quadratkilometern. Auch Sittensen gef\u00e4llt durch eine attraktive Lage: Geografisch befindet sich Sittensen in der Zevener Geest, einem Landstrich am Elbe-Weser-Dreieck zwischen Hamburg. <\/p>\n<p>Die lebenswerte Gemeinde ist Verwaltungssitz der Samtgemeinde Sittensen, einem Zusammenschluss von neun kleineren Orten, n\u00e4mlich Kalbe, Hamersen, Klein und Gro\u00df Meckelsen, Sittensen, Tiste, Lengenbostel, Wohnste und Vierden. Die Samtgemeinde z\u00e4hlt in Summe rund 11.000 B\u00fcrger und streckt sich \u00fcber ein Areal von zirka 138 qkm. Als Wohnort verbindet Sittensen st\u00e4dtisches Leben mit dem Wohnen in der Peripherie auf lobenswerte Art und Weise. Die beiden norddeutschen Hansest\u00e4dte Hamburg und Bremen sind von Sittensen aus in knapp 45 Minuten erreichbar. <\/p>\n<h4>Privat- und Gesch\u00e4ftskunden aus Sittensen und Tostedt sch\u00e4tzen unsere Leistungen!<\/h4>\n<p>Sie interessieren sich f\u00fcr unser Leistungsangebot und sind hier im World Wide Web auf unsere Website gesto\u00dfen? Dar\u00fcber freuen wir uns sehr. Gerne pr\u00e4sentieren wir Ihnen unser komplettes Leistungsspektrum und beantworten Ihre Fragen. Unser egagiertes Team freut sich auf Sie.<\/p>","popseo_zusatztext":"<h3>Gute Produkte g\u00fcnstig und preiswert<\/h3>\n<p>Bauelemente m\u00fcssen hohen Anforderungen gerecht werden. Gleichwohl darf es g\u00fcnstig und preiswert sein. Das muss absolut kein Widerspruch sein. <\/p>\n<p>Als Fachbetrieb f\u00fcr Sonnenschutz- und Sicherheitssysteme verwenden wir nur ausgezeichnete Erzeugnisse. Trotzdem achten wir immer auf ein passendes Preis-Leistungsverh\u00e4ltnis. Wir m\u00f6chten Ihnen Qualit\u00e4t anbieten, die gleichzeitig auch g\u00fcnstig und preiswert ist. Verleihen Sie Ihrem Haus g\u00fcnstig und preiswert das gewisse Plus an Qualit\u00e4t. Markisen und Rolll\u00e4den oder andere Sonnenschutzl\u00f6sungen sehen nicht nur schick aus, sie leisten auch einen bedeutsamen Beitrag zur W\u00e4rmed\u00e4mmung.  <\/p>\n<h3>G\u00fcnstig und preiswert \u2013 es muss wirklich nicht immer teuer sein<\/h3>\n<p>D\u00fcrfen wir Sie informieren, wie Sie g\u00fcnstig und preiswert einen perfekten Sonnenschutz f\u00fcr Ihr Haus umsetzen? Toll, dann warten Sie bitte nicht und nehmen am besten gleich heute noch Verbindung mit uns auf. Ein kurzer Telefonanruf oder eine kurze Mail gen\u00fcgen. Gern beraten Sie unsere perfekt geschulten Fachleute \u00fcber die diversen Optionen, wie Sie Ihr Haus g\u00fcnstig und preiswert mit Rolll\u00e4den und Markisen oder anderen Sonnenschutzprodukten versehen. Wir freuen uns auf den Austausch mit Ihnen. <\/p>\n<h4>G\u00fcnstig und preiswert \u2013 manchmal macht auch der Preis den Unterschied<\/h4>\n<p>Z\u00e4hlen Sie beim Thema Sonnenschutz und Sicherheit auf den Fachmann. Nur ein Spezialbetrieb kennt die diversen Optionen, wie Sie g\u00fcnstig und preiswert, trotzdem qualitativ spitze einen perfekten Sonnenschutz erreichen. Qualit\u00e4tsbewusst, g\u00fcnstig und preiswert: Wir empfehlen uns als spezialisiertes Unternehmen im norddeutschen Gebiet. Unsere langj\u00e4hrige Erfahrung zeichnet uns aus.<\/p>","popseo_links":"<a href=\"https:\/\/www.kaduk-bauelemente.de\/leistungen\/terrassendaecher-aus-aluminium-amt-neuhaus\/\">Terrassend\u00e4cher aus Aluminium Amt Neuhaus<\/a>, <a href=\"https:\/\/www.kaduk-bauelemente.de\/leistungen\/zaeune-bad-bevensen\/\">Z\u00e4une Bad Bevensen<\/a>, <a href=\"https:\/\/www.kaduk-bauelemente.de\/leistungen\/fenster-bienenbuettel\/\">Fenster Bienenb\u00fcttel<\/a>, <a href=\"https:\/\/www.kaduk-bauelemente.de\/leistungen\/haustueren-bad-bevensen\/\">Haust\u00fcren Bad Bevensen<\/a>, <a href=\"https:\/\/www.kaduk-bauelemente.de\/leistungen\/rolltore-ebstorf\/\">Rolltore Ebstorf<\/a>, <a href=\"https:\/\/www.kaduk-bauelemente.de\/leistungen\/raffstores-bergedorf-wentorf\/\">Raffstores Bergedorf Wentorf<\/a>, <a href=\"https:\/\/www.kaduk-bauelemente.de\/leistungen\/fenster-amt-neuhaus\/\">Fenster Amt Neuhaus<\/a>, <a href=\"https:\/\/www.kaduk-bauelemente.de\/leistungen\/holzfenster-seevetal-rosengarten\/\">Holzfenster Seevetal Rosengarten<\/a>, <a href=\"https:\/\/www.kaduk-bauelemente.de\/leistungen\/terrassenueberdachungen-aus-holz-uelzen\/\">Terrassen\u00fcberdachungen aus Holz Uelzen<\/a>, <a href=\"https:\/\/www.kaduk-bauelemente.de\/leistungen\/terrassenueberdachungen-aus-aluminium-boizenburg\/\">Terrassen\u00fcberdachungen aus Aluminium Boizenburg<\/a>, <a href=\"https:\/\/www.kaduk-bauelemente.de\/leistungen\/terrassendaecher-aus-holz-amt-neuhaus\/\">Terrassend\u00e4cher aus Holz Amt Neuhaus<\/a>, <a href=\"https:\/\/www.kaduk-bauelemente.de\/leistungen\/terrassendaecher-aus-aluminium-ebstorf\/\">Terrassend\u00e4cher aus Aluminium Ebstorf<\/a>, <a href=\"https:\/\/www.kaduk-bauelemente.de\/leistungen\/rolltore-geesthacht\/\">Rolltore Geesthacht<\/a>, <a href=\"https:\/\/www.kaduk-bauelemente.de\/leistungen\/terrassendaecher-aus-holz-buchholz\/\">Terrassend\u00e4cher aus Holz Buchholz<\/a>, <a href=\"https:\/\/www.kaduk-bauelemente.de\/leistungen\/terrassendaecher-aus-holz-stelle\/\">Terrassend\u00e4cher aus Holz Stelle<\/a>, <a href=\"https:\/\/www.kaduk-bauelemente.de\/leistungen\/rolltore-hanstedt\/\">Rolltore Hanstedt<\/a>, <a href=\"https:\/\/www.kaduk-bauelemente.de\/leistungen\/aussenjalousien-buchholz\/\">Au\u00dfenjalousien Buchholz<\/a>, <a href=\"https:\/\/www.kaduk-bauelemente.de\/leistungen\/fenster-maschen\/\">Fenster Maschen<\/a>, <a href=\"https:\/\/www.kaduk-bauelemente.de\/leistungen\/tueren-geesthacht\/\">T\u00fcren Geesthacht<\/a>, <a href=\"https:\/\/www.kaduk-bauelemente.de\/leistungen\/haustueren-seevetal-rosengarten\/\">Haust\u00fcren Seevetal Rosengarten<\/a>, <a href=\"https:\/\/www.kaduk-bauelemente.de\/leistungen\/haustueren-buchholz\/\">Haust\u00fcren Buchholz<\/a>, <a href=\"https:\/\/www.kaduk-bauelemente.de\/leistungen\/garagen-lueneburg\/\">Garagen L\u00fcneburg<\/a>, <a href=\"https:\/\/www.kaduk-bauelemente.de\/leistungen\/terrassenueberdachungen-aus-aluminium-reppenstedt\/\">Terrassen\u00fcberdachungen aus Aluminium Reppenstedt<\/a>, <a href=\"https:\/\/www.kaduk-bauelemente.de\/leistungen\/rollladen-salzhausen\/\">Rollladen Salzhausen<\/a>, <a href=\"https:\/\/www.kaduk-bauelemente.de\/leistungen\/terrassenueberdachungen-aus-holz-jesteburg\/\">Terrassen\u00fcberdachungen aus Holz Jesteburg<\/a>, <a href=\"https:\/\/www.kaduk-bauelemente.de\/leistungen\/rolltore-bergedorf-wentorf\/\">Rolltore Bergedorf Wentorf<\/a>"},"_links":{"self":[{"href":"https:\/\/www.kaduk-bauelemente.de\/leistungen\/wp-json\/wp\/v2\/pages\/4379","targetHints":{"allow":["GET"]}}],"collection":[{"href":"https:\/\/www.kaduk-bauelemente.de\/leistungen\/wp-json\/wp\/v2\/pages"}],"about":[{"href":"https:\/\/www.kaduk-bauelemente.de\/leistungen\/wp-json\/wp\/v2\/types\/page"}],"author":[{"embeddable":true,"href":"https:\/\/www.kaduk-bauelemente.de\/leistungen\/wp-json\/wp\/v2\/users\/1"}],"replies":[{"embeddable":true,"href":"https:\/\/www.kaduk-bauelemente.de\/leistungen\/wp-json\/wp\/v2\/comments?post=4379"}],"version-history":[{"count":0,"href":"https:\/\/www.kaduk-bauelemente.de\/leistungen\/wp-json\/wp\/v2\/pages\/4379\/revisions"}],"wp:attachment":[{"href":"https:\/\/www.kaduk-bauelemente.de\/leistungen\/wp-json\/wp\/v2\/media?parent=4379"}],"curies":[{"name":"wp","href":"https:\/\/api.w.org\/{rel}","templated":true}]}}