{"id":4377,"date":"2021-08-25T12:19:04","date_gmt":"2021-08-25T10:19:04","guid":{"rendered":"https:\/\/www.kaduk-bauelemente.de\/leistungen\/insektenschutz-seevetal-rosengarten\/"},"modified":"2021-08-25T12:19:04","modified_gmt":"2021-08-25T10:19:04","slug":"insektenschutz-seevetal-rosengarten","status":"publish","type":"page","link":"https:\/\/www.kaduk-bauelemente.de\/leistungen\/insektenschutz-seevetal-rosengarten\/","title":{"rendered":"Insektenschutz &#8211; Seevetal Rosengarten"},"content":{"rendered":"<h3>Insektenschutz \u2013 wir beraten Sie!<\/h3>\n<p>Sie m\u00f6gen Ihren Garten und genie\u00dfen es, des Sommers auf Ihrer Terrasse zu sitzen. W\u00e4ren da nur nicht immerzu diese ungelegenen Insekten. Jedoch nicht nur im Garten, ebenso in den vier W\u00e4nden sind Insekten definitiv unerw\u00fcnschte G\u00e4ste. Mit einem zweckdienlichen und zuverl\u00e4ssigen Insektenschutz halten Sie sich die kleinen Qu\u00e4lgeister dauerhaft vom Leibe.<\/p>\n<p>Wir bieten Ihnen zahlreiche M\u00f6glichkeiten f\u00fcr einen durchgreifenden Insektenschutz. Spannrahmen, Rollos oder Schiebet\u00fcren k\u00f6nnen \u2013 korrekt angebaut &#8211; wertvolle Dienste f\u00fcr einen wirkungsm\u00e4chtigen Insektenschutz bieten. Fragen Sie unsere Mitarbeiter! <\/p>\n<h3>Wir beantworten Ihre Fragen zum Insektenschutz<\/h3>\n<p>Insektenschutz f\u00fcr Fenster und T\u00fcren ist wichtiger Teil von unserem Leistungskatalog. Wir bieten Ihnen eine betr\u00e4chtliche Palette f\u00fcr einen nachhaltigen Insektenschutz: Neben einfachen Fliegengittern entdecken Sie bei uns auch spezielle L\u00f6sungen f\u00fcr Au\u00dfent\u00fcren und Dachfenster. Nat\u00fcrlich l\u00e4sst sich der dauerhafte Insektenschutz in unterschiedlichen Ausf\u00fchrungen und Ma\u00dfen umsetzen.<\/p>\n","protected":false},"excerpt":{"rendered":"<p>Insektenschutz \u2013 wir beraten Sie! Sie m\u00f6gen Ihren Garten und genie\u00dfen es, des Sommers auf Ihrer Terrasse zu sitzen. W\u00e4ren da nur nicht immerzu diese ungelegenen Insekten. Jedoch nicht nur im Garten, ebenso in den vier W\u00e4nden sind Insekten definitiv unerw\u00fcnschte G\u00e4ste. Mit einem zweckdienlichen und zuverl\u00e4ssigen Insektenschutz halten Sie sich die kleinen Qu\u00e4lgeister dauerhaft [&hellip;]<\/p>\n","protected":false},"author":1,"featured_media":0,"parent":0,"menu_order":0,"comment_status":"closed","ping_status":"closed","template":"","meta":{"footnotes":""},"class_list":["post-4377","page","type-page","status-publish","hentry"],"meta_box":{"popseo_subtitel":"Kaduk Bauelemente ist Ihr Fachunternehmen f\u00fcr Insektenschutz im Raum Seevetal Rosengarten","popseo_subtitel2":"Insektenschutz - Qualit\u00e4t vom Fachbetrieb","popseo_lasttitel":"Insektenschutz: Sie haben Fragen? Dann melden Sie sich bei uns","popseo_region":"Seevetal Rosengarten","popseo_sachwort":"Insektenschutz","popseo_noupdate":"","popseo_einleitungstext":"<p>Gerne informieren wir Sie n\u00e4her \u00fcber unsere Produkte und unser Aufgabenfeld. Wir pr\u00e4sentieren Ihnen mit Vergn\u00fcgen auch ein paar Projekte, die Ihnen einen Einblick in unsere Firment\u00e4tigkeit geben.<br \/>\nWir sind f\u00fcr Sie da. Rufen Sie uns doch rasch einmal an oder senden Sie uns eine kurze E-Mail. Wir freuen uns auf Sie.<\/p>","popseo_schlusstext":"<p>Sie ben\u00f6tigen einen Spezialisten f\u00fcr hochwertige Sicherheits- und Sonnenschutzl\u00f6sungen. Dann rufen Sie uns bitte rasch an. Wir freuen uns auf Ihren Anruf oder Ihre E-Mail. Wenn es um Bauelemente geht, sind wir Ihr kompetenter Handwerks- und Handelspartner. Wir stehen f\u00fcr hochwertige Produkte und eine fachm\u00e4nnisch durchgef\u00fchrte Arbeit nach dem immer derzeitigen Stand der Technik.<\/p>","popseo_stadttext":"<h3>Unsere Leistung auch in Rosengarten und Seevetal<\/h2>\n<p>Unser Gesch\u00e4ftsbereich umfasst auch Seevetal und Rosengarten. Durch unsere T\u00e4tigkeit haben wir uns einen sehr guten \u00dcberblick \u00fcber die Architektur der Gemeinden und St\u00e4dte unseres Vertriebsgebietes erarbeiten k\u00f6nnen. Wir f\u00fchlen uns der Region verpflichtet und freuen uns dar\u00fcber, unseren Teil zur guten Infrastruktur der Gemeinden beizusteuern zu k\u00f6nnen.  <\/p>\n<h3>Seevetal und Rosengarten \u2013 ein paar Fakten \u00fcber die Gemeinden<\/h3>\n<p>Die Gemeinde Seevetal liegt im S\u00fcden von Hamburg im nieders\u00e4chsischen Landkreis Harburg. Anno 1972 schlossen sich in Summe 19 ehemals selbst\u00e4ndige Orte zur Gesamtgemeinde Seevetal zusammen. Durch die Zusammenf\u00fchrung gilt Seevetal mit etwa 42.000 B\u00fcrgern als die gr\u00f6\u00dfte Gemeinde in Deutschland. Trotz der noch jungen Geschichte, blicken einige der ehedem selbstst\u00e4ndigen Gemeindeteile auf eine \u00e4u\u00dferst lange Historie zur\u00fcck. Die Stadtchronik von Seevetal erz\u00e4hlt dar\u00fcber, dass der Gemeindeteil Ramelsloh schon anno 845 erstmalig urkundlich erw\u00e4hnt wurde. Die gute Bev\u00f6lkerungsentwicklung des Ortes Seevetal erkl\u00e4rt sich nicht zuletzt durch die verkehrstechnisch g\u00fcnstige Lage. Die N\u00e4he zur Metropole Hamburg macht Seevetal f\u00fcr Berufspendler attraktiv. Das Arbeiten in der Metropole und das Leben im eher l\u00e4ndlich wirkenden Bereich, gehen in Seevetal eine gute Verbindung ein. <\/p>\n<h4>Seevetal und Rosengarten \u2013 beliebt bei jungen Familien<\/h4>\n<p>Der Wirtschaftsstandort Seevetal ist f\u00fcr eine gro\u00dfe Anzahl von Firmen von gro\u00dfer Anziehungskraft. Seevetal liegt zwischen f\u00fcnf Schnellstra\u00dfen. Die verkehrstechnisch gute Lage gew\u00e4hrleistet sowohl eine sehr gute Erreichbarkeit als auch einen raschen G\u00fcterumschlag. Wirtschaftsf\u00f6rderung ist den Gemeindeverantwortlichen von Seevetal wichtig. Die Gemeinde f\u00f6rdert breitfl\u00e4chig und unb\u00fcrokratisch die Gewerbeansiedlung. Seevetal ist Mitglied im Hamburger Verkehrsverbund (HVV). Auf dem Schienenweg erreicht man den Ortsteil Hittfeld mit dem Metronom \u00fcber die Verbindung HH-Harburg-Buchholz-Tostedt. Die zu Seevetal z\u00e4hlenden Gemeindeteile Meckelfeld und Maschen sind an das Streckennetz HH-Harburg-Winsen-L\u00fcneburg angebunden.  <\/p>\n<p>Die Region Seevetal zeichnet sich durch einen hohen Wohnwert aus. Eine exquisite Infrastruktur macht das Wohnen in Seevetal insbesondere f\u00fcr junge Familien attraktiv. Durch die starke und wachstumsorientierte Wirtschaft in Seevetal wird von den Gemeindeverantwortlichen auch besondere Priorit\u00e4t auf die Attraktivit\u00e4t des Wohnortes Seevetal gelegt. In den 19 Einzelgemeinden von Seevetal findet sich gen\u00fcgend Baugrund f\u00fcr private Bauherren.<\/p>\n<p>\u00c4hnlich attraktiv zeigt sich Rosengarten. Die Gemeinde liegt rund rund 15 Kilometer von Seevetal entfernt. \u00dcber 13.000 Menschen wohnen in dem l\u00e4ndlichen Ort, der sich \u00fcber ein Gebiet von gut 63 km\u00b2 erstreckt. Rosengarten grenzt an die Hamburger Stadtteile Marmstorf, Heimfeld und Hausbruch. Das eher ruhige Leben auf dem Lande verkn\u00fcpft sich in Rosengarten auf ideale Weise mit den Vorteilen der nahen Metropole. Seevetal und Rosengarten verf\u00fcgen \u00fcber zahlreiche beruhigte Wohnquartiere, die besonders von einer angenehmen Einzelhausbebauung gepr\u00e4gt sind. <\/p>\n<h4>Unsere Leistung f\u00fcr qualit\u00e4tsbewusste Kunden aus Seevetal und Rosengarten<\/h4>\n<p>Sie leben in Seevetal oder Rosengarten und interessieren sich f\u00fcr unser Leistungsangebot. Klasse, dass Sie diese Seite gefunden haben. F\u00fcr R\u00fcckfragen stehen wir Ihnen jederzeit zur Verf\u00fcgung. Unser freundliches Team freut sich auf Sie.<\/p>","popseo_zusatztext":"<h3>Kaduk Bauelemente \u2013 Ihr Fachbetrieb f\u00fcr Sicht- und Sonnenschutz<\/h3>\n<p>Setzen Sie in Sachen Sonnenschutz und Sicherheit unbedingt auf die fachliche Leistung vom Fachbetrieb. Nur ein Fachbetrieb wei\u00df von den M\u00f6glichkeiten, wie man zu einem sehr guten Ergebnis kommt. Um sich mit Fug und Recht als Fachbetrieb bezeichnen zu d\u00fcrfen, braucht es eine anerkannte Ausbildung der Mitarbeiter und eine jahrelange Fachkenntnis.  <\/p>\n<p>Unsere Unternehmung empfiehlt sich als Ihr qualifizierter Fachbetrieb f\u00fcr Sonnenschutz und Sicherheit. Erreichen Sie Ihr Ziel und schenken Sie unserem Fachbetrieb Ihr Vertrauen. Wir bieten Ihnen beispielsweise qualitativ ausgezeichnete Rolll\u00e4den und Markisen und legen h\u00f6chsten Wert auf einen perfekten Service. Schon seit vielen Jahren sind wir sachkundiger Fachbetrieb f\u00fcr Terrassend\u00e4cher, Markisen, Rolll\u00e4den und Au\u00dfenjalousien im Raum L\u00fcneburg. Es ist uns ein Anliegen, dass Sie lange Jahre viel Freude an Ihrem Sicht und Sonnenschutz haben. Von einem Fachbetrieb d\u00fcrfen Sie ohne Frage eine absolute Top-Leistung erwarten.<\/p>\n<h3>Ein Fachbetrieb wei\u00df Rat!<\/h3>\n<p>Als Fachbetrieb darf sich ein Unternehmen bezeichnen, deren Angestellte \u00fcber dokumentierte Qualifikationen verf\u00fcgen. Dies ist zum Beispiel eine entsprechende Ausbildung oder ein Meisterbrief. Des Weiteren zeichnet eine langj\u00e4hrige praktische Erfahrung einen Fachbetrieb aus. Bereits seit vielen Jahren konzentrieren wir uns als spezialisiertes Unternehmen auf Sonnenschutz und Sicherheit von Wohn- und Gesch\u00e4ftsgeb\u00e4uden. In diesen langen Jahren haben wir uns das Attribut Fachbetrieb sicher verdient. Wir verwenden ausschlie\u00dflich hervorragende Produkte. Dabei achten wir stets auf ein faires Preis-Leistungsverh\u00e4ltnis. Unser Credo als Fachbetrieb: Wir bieten Ihnen 1a-Qualit\u00e4t zu einem erstaunlichen Preis.<\/p>","popseo_links":"<a href=\"https:\/\/www.kaduk-bauelemente.de\/leistungen\/sektionaltore-maschen\/\">Sektionaltore Maschen<\/a>, <a href=\"https:\/\/www.kaduk-bauelemente.de\/leistungen\/carports-winsen-luhe\/\">Carports Winsen Luhe<\/a>, <a href=\"https:\/\/www.kaduk-bauelemente.de\/leistungen\/rolltore-bienenbuettel\/\">Rolltore Bienenb\u00fcttel<\/a>, <a href=\"https:\/\/www.kaduk-bauelemente.de\/leistungen\/raffstores-tostedt-sittensen\/\">Raffstores Tostedt Sittensen<\/a>, <a href=\"https:\/\/www.kaduk-bauelemente.de\/leistungen\/kunststofffenster-amt-neuhaus\/\">Kunststofffenster Amt Neuhaus<\/a>, <a href=\"https:\/\/www.kaduk-bauelemente.de\/leistungen\/garagen-reinbek-glinde\/\">Garagen Reinbek Glinde<\/a>, <a href=\"https:\/\/www.kaduk-bauelemente.de\/leistungen\/terrassendaecher-aus-holz-stelle\/\">Terrassend\u00e4cher aus Holz Stelle<\/a>, <a href=\"https:\/\/www.kaduk-bauelemente.de\/leistungen\/rollladen-amelinghausen\/\">Rollladen Amelinghausen<\/a>, <a href=\"https:\/\/www.kaduk-bauelemente.de\/leistungen\/fliegengitter-bispingen\/\">Fliegengitter Bispingen<\/a>, <a href=\"https:\/\/www.kaduk-bauelemente.de\/leistungen\/zaunbau-lueneburg\/\">Zaunbau L\u00fcneburg<\/a>, <a href=\"https:\/\/www.kaduk-bauelemente.de\/leistungen\/fenster-bad-bevensen\/\">Fenster Bad Bevensen<\/a>, <a href=\"https:\/\/www.kaduk-bauelemente.de\/leistungen\/garagen-bienenbuettel\/\">Garagen Bienenb\u00fcttel<\/a>, <a href=\"https:\/\/www.kaduk-bauelemente.de\/leistungen\/raffstores-reppenstedt\/\">Raffstores Reppenstedt<\/a>, <a href=\"https:\/\/www.kaduk-bauelemente.de\/leistungen\/terrassendaecher-aus-aluminium-bad-bevensen\/\">Terrassend\u00e4cher aus Aluminium Bad Bevensen<\/a>, <a href=\"https:\/\/www.kaduk-bauelemente.de\/leistungen\/terrassenueberdachungen-aus-aluminium-herzogtum-lauenburg\/\">Terrassen\u00fcberdachungen aus Aluminium Herzogtum Lauenburg<\/a>, <a href=\"https:\/\/www.kaduk-bauelemente.de\/leistungen\/markisen-herzogtum-lauenburg\/\">Markisen Herzogtum Lauenburg<\/a>, <a href=\"https:\/\/www.kaduk-bauelemente.de\/leistungen\/haustueren-herzogtum-lauenburg\/\">Haust\u00fcren Herzogtum Lauenburg<\/a>, <a href=\"https:\/\/www.kaduk-bauelemente.de\/leistungen\/carports-bergedorf-wentorf\/\">Carports Bergedorf Wentorf<\/a>, <a href=\"https:\/\/www.kaduk-bauelemente.de\/leistungen\/terrassendaecher-aus-aluminium-reppenstedt\/\">Terrassend\u00e4cher aus Aluminium Reppenstedt<\/a>, <a href=\"https:\/\/www.kaduk-bauelemente.de\/leistungen\/kunststofffenster-seevetal-rosengarten\/\">Kunststofffenster Seevetal Rosengarten<\/a>, <a href=\"https:\/\/www.kaduk-bauelemente.de\/leistungen\/holzfenster-geesthacht\/\">Holzfenster Geesthacht<\/a>, <a href=\"https:\/\/www.kaduk-bauelemente.de\/leistungen\/raffstores-herzogtum-lauenburg\/\">Raffstores Herzogtum Lauenburg<\/a>, <a href=\"https:\/\/www.kaduk-bauelemente.de\/leistungen\/markisen-harburg\/\">Markisen Harburg<\/a>, <a href=\"https:\/\/www.kaduk-bauelemente.de\/leistungen\/aussenjalousien-buechen\/\">Au\u00dfenjalousien B\u00fcchen<\/a>, <a href=\"https:\/\/www.kaduk-bauelemente.de\/leistungen\/fliegengitter-reinbek-glinde\/\">Fliegengitter Reinbek Glinde<\/a>, <a href=\"https:\/\/www.kaduk-bauelemente.de\/leistungen\/tueren-hanstedt\/\">T\u00fcren Hanstedt<\/a>"},"_links":{"self":[{"href":"https:\/\/www.kaduk-bauelemente.de\/leistungen\/wp-json\/wp\/v2\/pages\/4377","targetHints":{"allow":["GET"]}}],"collection":[{"href":"https:\/\/www.kaduk-bauelemente.de\/leistungen\/wp-json\/wp\/v2\/pages"}],"about":[{"href":"https:\/\/www.kaduk-bauelemente.de\/leistungen\/wp-json\/wp\/v2\/types\/page"}],"author":[{"embeddable":true,"href":"https:\/\/www.kaduk-bauelemente.de\/leistungen\/wp-json\/wp\/v2\/users\/1"}],"replies":[{"embeddable":true,"href":"https:\/\/www.kaduk-bauelemente.de\/leistungen\/wp-json\/wp\/v2\/comments?post=4377"}],"version-history":[{"count":0,"href":"https:\/\/www.kaduk-bauelemente.de\/leistungen\/wp-json\/wp\/v2\/pages\/4377\/revisions"}],"wp:attachment":[{"href":"https:\/\/www.kaduk-bauelemente.de\/leistungen\/wp-json\/wp\/v2\/media?parent=4377"}],"curies":[{"name":"wp","href":"https:\/\/api.w.org\/{rel}","templated":true}]}}