{"id":4376,"date":"2021-08-25T12:19:04","date_gmt":"2021-08-25T10:19:04","guid":{"rendered":"https:\/\/www.kaduk-bauelemente.de\/leistungen\/insektenschutz-schwarzenbek\/"},"modified":"2021-08-25T12:19:04","modified_gmt":"2021-08-25T10:19:04","slug":"insektenschutz-schwarzenbek","status":"publish","type":"page","link":"https:\/\/www.kaduk-bauelemente.de\/leistungen\/insektenschutz-schwarzenbek\/","title":{"rendered":"Insektenschutz &#8211; Schwarzenbek"},"content":{"rendered":"<h3>Insektenschutz: Stoppen Sie die l\u00e4stigen Plagegeister<\/h3>\n<p>Sie m\u00f6gen Ihren Garten und genie\u00dfen es, des Sommers auf der Terrasse zu sitzen. W\u00e4ren da nur nicht immerzu diese st\u00f6renden Insekten. Aber nicht nur im Garten, auch in den vier W\u00e4nden sind Insekten mehr als nur st\u00f6rende G\u00e4ste. Mit einem zuverl\u00e4ssigen und zweckdienlichen Insektenschutz halten Sie sich die kleinen Qu\u00e4lgeister auf Dauer vom Leibe.<\/p>\n<p>Wir bieten Ihnen zahlreiche M\u00f6glichkeiten f\u00fcr einen nachhaltigen Insektenschutz. Schiebet\u00fcren, Rollos oder Spannrahmen k\u00f6nnen \u2013 fachgerecht befestigt &#8211; wertvolle Dienste f\u00fcr einen nachhaltigen Insektenschutz bieten. Fragen Sie unsere Profis! <\/p>\n<h3>Wir informieren Sie \u00fcber Insektenschutz<\/h3>\n<p>Insektenschutz f\u00fcr T\u00fcren und Fenster ist integraler Bestandteil von unserem Angebot. Wir bieten Ihnen eine betr\u00e4chtliche Palette f\u00fcr einen wirkungsvollen Insektenschutz: Neben einfachen Fliegengittern entdecken Sie bei uns auch besondere L\u00f6sungen f\u00fcr Dachfenster und Au\u00dfent\u00fcren. Selbstverst\u00e4ndlich l\u00e4sst sich der wirkungsvolle Insektenschutz in unterschiedlichen Ausf\u00fchrungen und Ma\u00dfen realisieren.<\/p>\n","protected":false},"excerpt":{"rendered":"<p>Insektenschutz: Stoppen Sie die l\u00e4stigen Plagegeister Sie m\u00f6gen Ihren Garten und genie\u00dfen es, des Sommers auf der Terrasse zu sitzen. W\u00e4ren da nur nicht immerzu diese st\u00f6renden Insekten. Aber nicht nur im Garten, auch in den vier W\u00e4nden sind Insekten mehr als nur st\u00f6rende G\u00e4ste. Mit einem zuverl\u00e4ssigen und zweckdienlichen Insektenschutz halten Sie sich die [&hellip;]<\/p>\n","protected":false},"author":1,"featured_media":0,"parent":0,"menu_order":0,"comment_status":"closed","ping_status":"closed","template":"","meta":{"footnotes":""},"class_list":["post-4376","page","type-page","status-publish","hentry"],"meta_box":{"popseo_subtitel":"Kaduk Bauelemente ist Ihr erfahrener Fachbetrieb f\u00fcr Insektenschutz im Raum Schwarzenbek","popseo_subtitel2":"Insektenschutz - hohe Qualit\u00e4t, perfekte Beratung","popseo_lasttitel":"Insektenschutz: Unsere Mitarbeiter beantworten gerne Ihre Fragen","popseo_region":"Schwarzenbek","popseo_sachwort":"Insektenschutz","popseo_noupdate":"","popseo_einleitungstext":"<p>Gerne informieren wir Sie n\u00e4her \u00fcber unser Produkt- und T\u00e4tigkeitsspektrum. Wir zeigen Ihnen mit Vergn\u00fcgen auch ein paar Referenzen, die Ihnen einen Einblick in unsere Arbeit geben.<br \/>\nSchenken Sie uns Ihr Vertrauen. Rufen Sie uns doch einfach einmal an oder schicken Sie uns eine kurze E-Mail. Wir freuen uns auf Sie.<\/p>","popseo_schlusstext":"<p>Auf Wunsch informieren wir Sie n\u00e4her \u00fcber unser Produkt- und T\u00e4tigkeitsspektrum. Wir pr\u00e4sentieren Ihnen mit Vergn\u00fcgen auch einige Projekte, die Ihnen einen Einblick in unsere Unternehmenst\u00e4tigkeit geben.<br \/>\nVertrauen Sie den Spezialisten der Firma Kaduk. Rufen Sie uns doch rasch einmal an oder schicken Sie uns eine kurze E-Mail. Wir freuen uns auf Ihre Kontaktaufnahme.<\/p>","popseo_stadttext":"<h3>Die Stadt Schwarzenbek<\/h3>\n<p>Unser Einzugsbereich umfasst auch Schwarzenbek. Durch unsere Gesch\u00e4ftst\u00e4tigkeit haben wir uns einen guten \u00dcberblick \u00fcber die Stadtarchitektur der Gemeinden und St\u00e4dte unseres Vertriebsgebietes machen k\u00f6nnen. Wir f\u00fchlen uns der Region verpflichtet und freuen uns dar\u00fcber, auch unseren Teil zur gesunden Infrastruktur der Stadt Schwarzenbek beizusteuern zu k\u00f6nnen.  <\/p>\n<h3>Lebensmittelpunkt Schwarzenbek<\/h3>\n<p>Die Stadt Schwarzenbek z\u00e4hlt formaljuristisch zum schleswig-holsteinischen Kreis Herzogtum Lauenburg. In Schwarzenbek leben \u00fcber 15.000 B\u00fcrger auf einer Fl\u00e4che von in etwa 11 qkm. Schwarzenbek fungiert als Sitz des Amtes Schwarzenbek-Land. Schwarzenbek begeistert Bauherren insbesondere durch seine ansprechenden Wohngebiete. Die Einzelhausbebauung dominiert in der lauenburgischen Gemeinde ganz eindeutig. Vielgeschossige Wohnhaussiedlungen sind in Schwarzenbek deutlich in der Minderheit.<\/p>\n<p>Die geringe Entfernung zur Gro\u00dfstadt Hamburg ist ein entscheidender Standortfaktor der Gemeinde. Lediglich ungef\u00e4hr 35 km ist die norddeutsche Gro\u00dfstadt von Schwarzenbek entfernt. Eine ideale Situation f\u00fcr Pendler: Wer seinen Arbeitgeber in Hamburg hat, hat nur einen kurzen Weg bis zu seinem Wohnort Schwarzenbek. Das vorrangig ruhige Leben auf dem Lande kombiniert sich auf ideale Weise mit den Vorteilen der Gro\u00dfstadt.<br \/>\nEine gute Infrastruktur macht das Wohnen in Schwarzenbek insbesondere f\u00fcr junge Familien attraktiv. Die Stadt ist Mitglied im Hamburger Verkehrsverbund (HVV). Mit der Bahn erreicht man Schwarzenbek \u00fcber die Verbindung Hamburg-Berlin. Zum Hamburger Hauptbahnhof braucht man rund 20 Minuten. <\/p>\n<h3>Schwarzenbek - lebenswert und attraktiv<\/h3>\n<p>Die Stadt Schwarzenbek wurde vor einiger Zeit mit dem sog. Europapreis ausgezeichnet. Der Preis wird St\u00e4dten verliehen, die sich sich besonders intensiv f\u00fcr die Ausbreitung des europ\u00e4ischen Einigungsgedankens stark gemacht haben. Schwarzenbek tr\u00e4gt den Titel \u201eEuropastadt\u201c mit Stolz.<br \/>\nWegen der zentralen Lage im Kreis Herzogtum-Lauenburg wird Schwarzenbek zuweilen auch als \u201eStadt der Mitte\u201c bezeichnet. Schwarzenbek war \u00fcbrigens eine der ersten St\u00e4dte in in Schleswig-Holstein, die auf der Stadtbeschilderung den Namen auch auf Plattdeutsch vermerkt haben. Eine sch\u00f6ne Idee, die inzwischen viele Nachahmer gefunden hat. <\/p>\n<h4>Unsere Leistung f\u00fcr qualit\u00e4tsbewusste Kunden aus Schwarzenbek<\/h4>\n<p>Gerne werden wir auch f\u00fcr Sie im Raum Schwarzenbek t\u00e4tig. D\u00fcrfen wir Sie detailliert beraten? Sie erreichen uns telefonisch oder senden Sie uns eine Mail. Wir freuen uns, wenn wir ihnen helfen k\u00f6nnen! Das perfekt eingespielte Team unseres Unternehmens zeichnet sich durch eine zielgerichtete Arbeit aus.<\/p>","popseo_zusatztext":"<h3>Kaduk Bauelemente \u2013 Ihr Fachbetrieb f\u00fcr Sicht- und Sonnenschutz<\/h3>\n<p>Vertrauen Sie in Sachen Sonnenschutz und Sicherheit auf jeden Fall auf die sachspezifische Leistung vom Fachbetrieb. Nur ein Fachbetrieb kennt die Tipps und Tricks, wie man zu einem \u00fcberzeugenden Ergebnis kommt. Um sich mit Fug und Recht Fachbetrieb nennen zu d\u00fcrfen, braucht es eine anerkannte Ausbildung der Mitarbeiter und eine jahrelange Berufserfahrung.  <\/p>\n<p>Unsere Unternehmung empfiehlt sich als Ihr sachkundiger Fachbetrieb f\u00fcr Sonnenschutz und Sicherheit. Erreichen Sie Ihr Ziel und schenken Sie unserem Fachbetrieb Ihr Vertrauen. Wir bieten Ihnen z.B. qualitativ ausgezeichnete Markisen und Rolll\u00e4den und legen allerh\u00f6chsten Wert auf einen perfekten Service. Schon seit vielen Jahren sind wir fachkundiger Fachbetrieb f\u00fcr Terrassend\u00e4cher, Au\u00dfenjalousien, Rolll\u00e4den im Raum L\u00fcneburg. Es ist uns wichtig, dass Sie lange Jahre viel Freude an Ihrem Sicht und Sonnenschutz haben. Von einem Fachbetrieb d\u00fcrfen Sie nat\u00fcrlich eine absolute Top-Leistung erwarten.<\/p>\n<h3>Auf einen Fachbetrieb ist Verlass<\/h3>\n<p>Als Fachbetrieb darf sich ein Unternehmen bezeichnen, deren Mitarbeiter \u00fcber dokumentierte Qualifikationen verf\u00fcgen. Dies ist zum Beispiel eine entsprechende Ausbildung oder ein Meisterbrief. Des Weiteren zeichnet eine intensive praktische Erfahrung einen Fachbetrieb aus. Bereits seit vielen Jahren konzentrieren wir uns als spezialisiertes Unternehmen auf Sonnenschutz und Sicherheit von Wohn- und Gesch\u00e4ftsh\u00e4usern. In diesen langen Jahren haben wir uns die Bezeichnung Fachbetrieb sicher verdient. Wir verarbeiten ausnahmslos hervorragende Materialien. Dabei achten wir immer auf ein sehr gutes Preis-Leistungsverh\u00e4ltnis. Unser Motto als Fachbetrieb: Wir bieten Ihnen hervorragende Qualit\u00e4t zu einem 1a- Preis.<\/p>","popseo_links":"<a href=\"https:\/\/www.kaduk-bauelemente.de\/leistungen\/terrassenueberdachungen-aus-holz-maschen\/\">Terrassen\u00fcberdachungen aus Holz Maschen<\/a>, <a href=\"https:\/\/www.kaduk-bauelemente.de\/leistungen\/carports-salzhausen\/\">Carports Salzhausen<\/a>, <a href=\"https:\/\/www.kaduk-bauelemente.de\/leistungen\/rolllaeden-bad-bevensen\/\">Rolll\u00e4den Bad Bevensen<\/a>, <a href=\"https:\/\/www.kaduk-bauelemente.de\/leistungen\/rolllaeden-winsen-luhe\/\">Rolll\u00e4den Winsen Luhe<\/a>, <a href=\"https:\/\/www.kaduk-bauelemente.de\/leistungen\/holzfenster-reppenstedt\/\">Holzfenster Reppenstedt<\/a>, <a href=\"https:\/\/www.kaduk-bauelemente.de\/leistungen\/carports-reinbek-glinde\/\">Carports Reinbek Glinde<\/a>, <a href=\"https:\/\/www.kaduk-bauelemente.de\/leistungen\/terrassendaecher-aus-holz-bispingen\/\">Terrassend\u00e4cher aus Holz Bispingen<\/a>, <a href=\"https:\/\/www.kaduk-bauelemente.de\/leistungen\/aussenjalousien-adendorf\/\">Au\u00dfenjalousien Adendorf<\/a>, <a href=\"https:\/\/www.kaduk-bauelemente.de\/leistungen\/holzfenster-stelle\/\">Holzfenster Stelle<\/a>, <a href=\"https:\/\/www.kaduk-bauelemente.de\/leistungen\/fenster-adendorf\/\">Fenster Adendorf<\/a>, <a href=\"https:\/\/www.kaduk-bauelemente.de\/leistungen\/terrassendaecher-aus-aluminium-uelzen\/\">Terrassend\u00e4cher aus Aluminium Uelzen<\/a>, <a href=\"https:\/\/www.kaduk-bauelemente.de\/leistungen\/carports-bad-bevensen\/\">Carports Bad Bevensen<\/a>, <a href=\"https:\/\/www.kaduk-bauelemente.de\/leistungen\/kunststofffenster-geesthacht\/\">Kunststofffenster Geesthacht<\/a>, <a href=\"https:\/\/www.kaduk-bauelemente.de\/leistungen\/terrassenueberdachungen-aus-holz-ebstorf\/\">Terrassen\u00fcberdachungen aus Holz Ebstorf<\/a>, <a href=\"https:\/\/www.kaduk-bauelemente.de\/leistungen\/garagen-buchholz\/\">Garagen Buchholz<\/a>, <a href=\"https:\/\/www.kaduk-bauelemente.de\/leistungen\/terrassendaecher-aus-holz-bad-bevensen\/\">Terrassend\u00e4cher aus Holz Bad Bevensen<\/a>, <a href=\"https:\/\/www.kaduk-bauelemente.de\/leistungen\/rolllaeden-bienenbuettel\/\">Rolll\u00e4den Bienenb\u00fcttel<\/a>, <a href=\"https:\/\/www.kaduk-bauelemente.de\/leistungen\/garagentore-harburg\/\">Garagentore Harburg<\/a>, <a href=\"https:\/\/www.kaduk-bauelemente.de\/leistungen\/rolltore-stelle\/\">Rolltore Stelle<\/a>, <a href=\"https:\/\/www.kaduk-bauelemente.de\/leistungen\/raffstores-buechen\/\">Raffstores B\u00fcchen<\/a>, <a href=\"https:\/\/www.kaduk-bauelemente.de\/leistungen\/garagentore-bispingen\/\">Garagentore Bispingen<\/a>, <a href=\"https:\/\/www.kaduk-bauelemente.de\/leistungen\/kunststofffenster-harburg\/\">Kunststofffenster Harburg<\/a>, <a href=\"https:\/\/www.kaduk-bauelemente.de\/leistungen\/sektionaltore-geesthacht\/\">Sektionaltore Geesthacht<\/a>, <a href=\"https:\/\/www.kaduk-bauelemente.de\/leistungen\/carports-jesteburg\/\">Carports Jesteburg<\/a>, <a href=\"https:\/\/www.kaduk-bauelemente.de\/leistungen\/aussenjalousien-tostedt-sittensen\/\">Au\u00dfenjalousien Tostedt Sittensen<\/a>, <a href=\"https:\/\/www.kaduk-bauelemente.de\/leistungen\/rolllaeden-amt-neuhaus\/\">Rolll\u00e4den Amt Neuhaus<\/a>"},"_links":{"self":[{"href":"https:\/\/www.kaduk-bauelemente.de\/leistungen\/wp-json\/wp\/v2\/pages\/4376","targetHints":{"allow":["GET"]}}],"collection":[{"href":"https:\/\/www.kaduk-bauelemente.de\/leistungen\/wp-json\/wp\/v2\/pages"}],"about":[{"href":"https:\/\/www.kaduk-bauelemente.de\/leistungen\/wp-json\/wp\/v2\/types\/page"}],"author":[{"embeddable":true,"href":"https:\/\/www.kaduk-bauelemente.de\/leistungen\/wp-json\/wp\/v2\/users\/1"}],"replies":[{"embeddable":true,"href":"https:\/\/www.kaduk-bauelemente.de\/leistungen\/wp-json\/wp\/v2\/comments?post=4376"}],"version-history":[{"count":0,"href":"https:\/\/www.kaduk-bauelemente.de\/leistungen\/wp-json\/wp\/v2\/pages\/4376\/revisions"}],"wp:attachment":[{"href":"https:\/\/www.kaduk-bauelemente.de\/leistungen\/wp-json\/wp\/v2\/media?parent=4376"}],"curies":[{"name":"wp","href":"https:\/\/api.w.org\/{rel}","templated":true}]}}