{"id":4369,"date":"2021-08-25T12:19:04","date_gmt":"2021-08-25T10:19:04","guid":{"rendered":"https:\/\/www.kaduk-bauelemente.de\/leistungen\/insektenschutz-herzogtum-lauenburg\/"},"modified":"2021-08-25T12:19:04","modified_gmt":"2021-08-25T10:19:04","slug":"insektenschutz-herzogtum-lauenburg","status":"publish","type":"page","link":"https:\/\/www.kaduk-bauelemente.de\/leistungen\/insektenschutz-herzogtum-lauenburg\/","title":{"rendered":"Insektenschutz &#8211; Herzogtum Lauenburg"},"content":{"rendered":"<h3>Insektenschutz in gro\u00dfer Auswahl!<\/h3>\n<p>Sie m\u00f6gen Ihren Garten und genie\u00dfen es, des Sommers auf der Terrasse zu sitzen. W\u00e4ren da blo\u00df nicht immer diese l\u00e4stigen Insekten. Jedoch nicht nur im Garten, ebenso in den vier W\u00e4nden sind Insekten definitiv st\u00f6rende G\u00e4ste. Mit einem zweckdienlichen und zuverl\u00e4ssigen Insektenschutz halten Sie sich die kleinen Qu\u00e4lgeister best\u00e4ndig vom Leibe.<\/p>\n<p>Wir bieten Ihnen eine Menge Produkte f\u00fcr einen dauerhaften Insektenschutz. Rollos, Schiebet\u00fcren oder Spannrahmen k\u00f6nnen \u2013 solide befestigt &#8211; n\u00fctzliche Dienste f\u00fcr einen wirkungsvollen Insektenschutz bieten. Fragen Sie unsere Profis! <\/p>\n<h3>Wir informieren Sie \u00fcber Insektenschutz<\/h3>\n<p>Insektenschutz f\u00fcr Fenster und T\u00fcren geh\u00f6rt zu unserem Angebotsportfolio. Wir bieten Ihnen eine gro\u00dfe Angebotspalette f\u00fcr einen effektiven Insektenschutz: Neben simplen Fliegengittern entdecken Sie bei uns auch spezielle L\u00f6sungen f\u00fcr Au\u00dfent\u00fcren und Dachfenster. Selbstverst\u00e4ndlich l\u00e4sst sich der durchgreifende Insektenschutz in unterschiedlichen Ausf\u00fchrungen und Ma\u00dfen umsetzen.<\/p>\n","protected":false},"excerpt":{"rendered":"<p>Insektenschutz in gro\u00dfer Auswahl! Sie m\u00f6gen Ihren Garten und genie\u00dfen es, des Sommers auf der Terrasse zu sitzen. W\u00e4ren da blo\u00df nicht immer diese l\u00e4stigen Insekten. Jedoch nicht nur im Garten, ebenso in den vier W\u00e4nden sind Insekten definitiv st\u00f6rende G\u00e4ste. Mit einem zweckdienlichen und zuverl\u00e4ssigen Insektenschutz halten Sie sich die kleinen Qu\u00e4lgeister best\u00e4ndig vom [&hellip;]<\/p>\n","protected":false},"author":1,"featured_media":0,"parent":0,"menu_order":0,"comment_status":"closed","ping_status":"closed","template":"","meta":{"footnotes":""},"class_list":["post-4369","page","type-page","status-publish","hentry"],"meta_box":{"popseo_subtitel":"Kaduk Bauelemente ist Ihr erfahrener Fachbetrieb f\u00fcr Insektenschutz in Herzogtum Lauenburg","popseo_subtitel2":"Insektenschutz - setzen Sie auf unsere Expertise","popseo_lasttitel":"Insektenschutz: Gerne beantworten wir Ihre Fragen!","popseo_region":"Herzogtum Lauenburg","popseo_sachwort":"Insektenschutz","popseo_noupdate":"","popseo_einleitungstext":"<p>Wenn es um Sicherheit und Sonnenschutz geht, sind Sie bei der Firma Kaduk exakt an der richtigen Adresse. Seit unserer Gr\u00fcndung sind wir Ihre lokalen Spezialisten f\u00fcr qualitativ hochwertige Bauelemente. Zu unserem Produktangebot z\u00e4hlen unter anderem Terrassend\u00e4cher, Markisen, Rolltore, Au\u00dfenjalousien, Fenster, T\u00fcren, Carports und Rolll\u00e4den. Wir erledigen Montage- und Reparaturarbeiten und zeigen Ihnen M\u00f6glichkeiten auf, wie Sie Ihr Gesch\u00e4fts- oder Wohnhaus mit zeitgem\u00e4\u00dfen Bauelementen ausstatten k\u00f6nnen. Nachfolgend haben wir erste Informationen f\u00fcr Sie zusammengetragen.<\/p>","popseo_schlusstext":"<p>Wenn Sie ein erfahrenes Unternehmen f\u00fcr moderne Sicherheits- und Sonnenschutzprodukte ben\u00f6tigen, sind Sie bei uns genau richtig. Sie m\u00f6chten mehr \u00fcber uns wissen? Als auf Bauelemente spezialisierte Fachfirma sind wir f\u00fcr Ihr Vorhaben der richtige Partner und freuen uns \u00fcber Ihre Kontaktaufnahme, gleichg\u00fcltig ob durch Anruf oder E-Mail. Worauf Sie neben Fachwissen setzen d\u00fcrfen: Unser Expertenteam ist immer mit Elan und viel Motivation bei der Sache. Wir freuen uns, wenn wir ihnen helfen k\u00f6nnen!<\/p>","popseo_stadttext":"<h3>Zu Ihren Diensten im Kreis Herzogtum Lauenburg<\/h3>\n<p>Durch unsere Vertriebst\u00e4tigkeit haben wir uns einen sehr guten \u00dcberblick \u00fcber die Stadtarchitektur der St\u00e4dte und Gemeinden unseres Einzugsbereiches erarbeiten k\u00f6nnen. Nat\u00fcrlich z\u00e4hlt auch der Landkreis Herzogtum Lauenburg zu unserem unmittelbaren Gesch\u00e4ftsgebiet. Wir freuen uns darauf, mit Ihnen in Kontakt zu treten. <\/p>\n<h3>Lebensmittelpunkt Kreis Herzogtum Lauenburg<\/h3>\n<p>Der Landkreis Herzogtum Lauenburg erstreckt sich \u00fcber ungef\u00e4hr 1200 qkm und ist Heimat von circa 190.000 Menschen. Die gr\u00f6\u00dfen St\u00e4dte im Kreis Herzogtum Lauenburg sind neben der Kreisstadt Lauenburg die Orte Geesthacht, M\u00f6lln und Ratzeburg. <\/p>\n<p>Das Kreisgebiet von Herzogtum Lauenburg geh\u00f6rt zum Einzugsbereich der Freien und Hansestadt Hamburg. Der schleswig-holsteinische Landkreis ist verkehrstechnisch gut angebunden, was sich auch daran zeigt, dass das eher l\u00e4ndlich gepr\u00e4gte Gebiet dem Hamburger Verkehrsverbund angeschlossen ist. Mit dem Auto kommt man \u00fcber die Autobahnen 1, 24 und 25 in den Landkreis Herzogtum Lauenburg. Die deutsche Bahn steuert das Kreisgebiet von Herzogtum Lauenburg zum Beispiel \u00fcber die Linien nach Ratzeburg, M\u00f6lln sowie Schwarzenbek an.<\/p>\n<h3>Herzogtum Lauenburg: Hohe Wohnqualit\u00e4t, beste Infrastruktur!<\/h3>\n<p>Der Landkreis Herzogtum Lauenburg ist au\u00dferordentlich gesch\u00e4tzt bei Pendlern. Wer in der Metropole \u201cseine Br\u00f6tchen verdient\u201c, erreicht seine Wohnst\u00e4tte im Landkreis Herzogtum Lauenburg meistens in ungef\u00e4hr 45 Minuten. Arbeiten in der Gro\u00dfstadt, leben im Gr\u00fcnen: Ein Weg, der vor allem f\u00fcr heutige Familien attraktiv ist. <\/p>\n<p>Der Kreis Herzogtum Lauenburg besticht durch einen gro\u00dfen Freizeitwert und eine gute Lebensqualit\u00e4t aus. Das Kreisgebiet verf\u00fcgt \u00fcber wunderbare Naherholungsgebiete, die sich sehr gut zu Fu\u00df oder bei einer Radtour erobern lassen.<\/p>\n<h4>Wir f\u00fcr Sie im Kreis Herzogtum Lauenburg!<\/h4>\n<p>Wir finden es prima, dass Sie unsere Internetseite entdeckt haben. Ob Geesthacht, M\u00f6lln oder Ratzeburg: Unser Fachunternehmen steht f\u00fcr ein sehr gutes Preis-Leistungs-Verh\u00e4ltnis. Sie m\u00f6chten mehr \u00fcber uns erfahren? F\u00fcr R\u00fcckfragen stehen wir Ihnen jederzeit zur Verf\u00fcgung. Auf Ihre Anfragen freuen wir uns.<\/p>","popseo_zusatztext":"<h3>In Sachen Sicht- und Sonnenschutz sind wir Ihr qualifizierter Fachbetrieb<\/h3>\n<p>Vertrauen Sie in Sachen Sonnenschutz und Sicherheit auf alle F\u00e4lle auf die sachliche Leistung vom Fachbetrieb. Nur ein Fachbetrieb wei\u00df von den M\u00f6glichkeiten, wie man zu einem sehr guten Ergebnis kommt. Um sich mit Fug und Recht Fachbetrieb nennen zu d\u00fcrfen, braucht man eine gute Ausbildung der Mitarbeiter und eine jahrelange Erfahrung.  <\/p>\n<p>Unsere Unternehmung empfiehlt sich als Ihr fachkundiger Fachbetrieb f\u00fcr Sonnenschutz und Sicherheit. Erreichen Sie Ihr Ziel und schenken Sie unserem Fachbetrieb Ihr Vertrauen. Wir bieten Ihnen u.a. schicke Rolll\u00e4den und Markisen und legen allergr\u00f6\u00dften Wert auf einen sehr guten Service. Schon seit vielen Jahren sind wir fachkundiger Fachbetrieb f\u00fcr Au\u00dfenjalousien, Rolll\u00e4den, Markisen und Terrassend\u00e4cher im Raum L\u00fcneburg. Es ist uns wichtig, dass Sie lange Jahre viel Freude an Ihrem Sicht und Sonnenschutz haben. Von einem Fachbetrieb d\u00fcrfen Sie selbstverst\u00e4ndlich eine absolute Top-Leistung erwarten.<\/p>\n<h3>Sicht- und Sonnenschutz\u2013 ein Thema f\u00fcr den Fachbetrieb<\/h3>\n<p>Als Fachbetrieb darf sich eine Unternehmung bezeichnen, deren Mitarbeiter \u00fcber dokumentierte Qualifikationen verf\u00fcgen. Dies ist zum Beispiel eine entsprechende Berufsausbildung oder ein Meisterbrief. Auch zeichnet eine intensive praktische Erfahrung einen Fachbetrieb aus. Bereits seit vielen Jahren konzentrieren wir uns als spezialisiertes Unternehmen auf Sonnenschutz und Sicherheit von Geb\u00e4uden. In diesen langen Jahren haben wir uns die Bezeichnung Fachbetrieb ganz sicher verdient. Wir benutzen uneingeschr\u00e4nkt hochwertige Materialien. Hierbei achten wir immer auf ein sehr gutes Preis-Leistungsverh\u00e4ltnis. Unsere \u00dcberzeugung als Fachbetrieb: Wir bieten Ihnen Top-Leistung zu einem 1a- Preis.<\/p>","popseo_links":"<a href=\"https:\/\/www.kaduk-bauelemente.de\/leistungen\/garagentore-buechen\/\">Garagentore B\u00fcchen<\/a>, <a href=\"https:\/\/www.kaduk-bauelemente.de\/leistungen\/rolllaeden-reppenstedt\/\">Rolll\u00e4den Reppenstedt<\/a>, <a href=\"https:\/\/www.kaduk-bauelemente.de\/leistungen\/fliegengitter-buechen\/\">Fliegengitter B\u00fcchen<\/a>, <a href=\"https:\/\/www.kaduk-bauelemente.de\/leistungen\/rolllaeden-bienenbuettel\/\">Rolll\u00e4den Bienenb\u00fcttel<\/a>, <a href=\"https:\/\/www.kaduk-bauelemente.de\/leistungen\/garagentore-bispingen\/\">Garagentore Bispingen<\/a>, <a href=\"https:\/\/www.kaduk-bauelemente.de\/leistungen\/zaunbau-lueneburg\/\">Zaunbau L\u00fcneburg<\/a>, <a href=\"https:\/\/www.kaduk-bauelemente.de\/leistungen\/fenster-geesthacht\/\">Fenster Geesthacht<\/a>, <a href=\"https:\/\/www.kaduk-bauelemente.de\/leistungen\/terrassenueberdachungen-aus-aluminium-hanstedt\/\">Terrassen\u00fcberdachungen aus Aluminium Hanstedt<\/a>, <a href=\"https:\/\/www.kaduk-bauelemente.de\/leistungen\/kunststofffenster-herzogtum-lauenburg\/\">Kunststofffenster Herzogtum Lauenburg<\/a>, <a href=\"https:\/\/www.kaduk-bauelemente.de\/leistungen\/garagentore-boizenburg\/\">Garagentore Boizenburg<\/a>, <a href=\"https:\/\/www.kaduk-bauelemente.de\/leistungen\/zaunbau-geesthacht\/\">Zaunbau Geesthacht<\/a>, <a href=\"https:\/\/www.kaduk-bauelemente.de\/leistungen\/garagen-amelinghausen\/\">Garagen Amelinghausen<\/a>, <a href=\"https:\/\/www.kaduk-bauelemente.de\/leistungen\/sektionaltore-buchholz\/\">Sektionaltore Buchholz<\/a>, <a href=\"https:\/\/www.kaduk-bauelemente.de\/leistungen\/rollladen-ebstorf\/\">Rollladen Ebstorf<\/a>, <a href=\"https:\/\/www.kaduk-bauelemente.de\/leistungen\/haustueren-bardowick\/\">Haust\u00fcren Bardowick<\/a>, <a href=\"https:\/\/www.kaduk-bauelemente.de\/leistungen\/zaunbau-boizenburg\/\">Zaunbau Boizenburg<\/a>, <a href=\"https:\/\/www.kaduk-bauelemente.de\/leistungen\/kunststofffenster-reppenstedt\/\">Kunststofffenster Reppenstedt<\/a>, <a href=\"https:\/\/www.kaduk-bauelemente.de\/leistungen\/kunststofffenster-lueneburg\/\">Kunststofffenster L\u00fcneburg<\/a>, <a href=\"https:\/\/www.kaduk-bauelemente.de\/leistungen\/tueren-boizenburg\/\">T\u00fcren Boizenburg<\/a>, <a href=\"https:\/\/www.kaduk-bauelemente.de\/leistungen\/aussenjalousien-bad-bevensen\/\">Au\u00dfenjalousien Bad Bevensen<\/a>, <a href=\"https:\/\/www.kaduk-bauelemente.de\/leistungen\/holzfenster-reinbek-glinde\/\">Holzfenster Reinbek Glinde<\/a>, <a href=\"https:\/\/www.kaduk-bauelemente.de\/leistungen\/fliegengitter-boizenburg\/\">Fliegengitter Boizenburg<\/a>, <a href=\"https:\/\/www.kaduk-bauelemente.de\/leistungen\/terrassendaecher-aus-aluminium-tostedt-sittensen\/\">Terrassend\u00e4cher aus Aluminium Tostedt Sittensen<\/a>, <a href=\"https:\/\/www.kaduk-bauelemente.de\/leistungen\/haustueren-bad-bevensen\/\">Haust\u00fcren Bad Bevensen<\/a>, <a href=\"https:\/\/www.kaduk-bauelemente.de\/leistungen\/sektionaltore-reppenstedt\/\">Sektionaltore Reppenstedt<\/a>, <a href=\"https:\/\/www.kaduk-bauelemente.de\/leistungen\/rollladen-stelle\/\">Rollladen Stelle<\/a>"},"_links":{"self":[{"href":"https:\/\/www.kaduk-bauelemente.de\/leistungen\/wp-json\/wp\/v2\/pages\/4369","targetHints":{"allow":["GET"]}}],"collection":[{"href":"https:\/\/www.kaduk-bauelemente.de\/leistungen\/wp-json\/wp\/v2\/pages"}],"about":[{"href":"https:\/\/www.kaduk-bauelemente.de\/leistungen\/wp-json\/wp\/v2\/types\/page"}],"author":[{"embeddable":true,"href":"https:\/\/www.kaduk-bauelemente.de\/leistungen\/wp-json\/wp\/v2\/users\/1"}],"replies":[{"embeddable":true,"href":"https:\/\/www.kaduk-bauelemente.de\/leistungen\/wp-json\/wp\/v2\/comments?post=4369"}],"version-history":[{"count":0,"href":"https:\/\/www.kaduk-bauelemente.de\/leistungen\/wp-json\/wp\/v2\/pages\/4369\/revisions"}],"wp:attachment":[{"href":"https:\/\/www.kaduk-bauelemente.de\/leistungen\/wp-json\/wp\/v2\/media?parent=4369"}],"curies":[{"name":"wp","href":"https:\/\/api.w.org\/{rel}","templated":true}]}}