{"id":4366,"date":"2021-08-25T12:19:04","date_gmt":"2021-08-25T10:19:04","guid":{"rendered":"https:\/\/www.kaduk-bauelemente.de\/leistungen\/insektenschutz-geesthacht\/"},"modified":"2021-08-25T12:19:04","modified_gmt":"2021-08-25T10:19:04","slug":"insektenschutz-geesthacht","status":"publish","type":"page","link":"https:\/\/www.kaduk-bauelemente.de\/leistungen\/insektenschutz-geesthacht\/","title":{"rendered":"Insektenschutz &#8211; Geesthacht"},"content":{"rendered":"<h3>Insektenschutz: Schluss mit den kleinen Qu\u00e4lgeistern<\/h3>\n<p>Sie m\u00f6gen Ihren Garten und sch\u00e4tzen es, des Sommers auf der Terrasse zu sitzen. W\u00e4ren da nur nicht immerzu diese hinderlichen Insekten. Jedoch nicht nur im Garten, auch im Haus sind Insekten sehr unerw\u00fcnschte G\u00e4ste. Mit einem zweckdienlichen und zuverl\u00e4ssigen Insektenschutz halten Sie sich die kleinen Qu\u00e4lgeister auf Dauer vom Leibe.<\/p>\n<p>Wir bieten Ihnen eine Menge Artikel f\u00fcr einen nachhaltigen Insektenschutz. Rollos, Spannrahmen oder Schiebet\u00fcren k\u00f6nnen \u2013 korrekt angebracht &#8211; wertvolle Dienste f\u00fcr einen erfolgreichen Insektenschutz bieten. Fragen Sie unsere Kollegen! <\/p>\n<h3>Unser Kundenservice informiert Sie \u00fcber Insektenschutz<\/h3>\n<p>Insektenschutz f\u00fcr T\u00fcren und Fenster ist Teil von unserem Angebotsportfolio. Wir bieten Ihnen eine betr\u00e4chtliche Angebotspalette f\u00fcr einen wirkungsvollen Insektenschutz: Neben einfachen Fliegengittern finden Sie bei uns auch spezielle L\u00f6sungen f\u00fcr Dachfenster und Au\u00dfent\u00fcren. Selbstverst\u00e4ndlich l\u00e4sst sich der effiziente Insektenschutz in unterschiedlichen Ma\u00dfen und Ausf\u00fchrungen realisieren.<\/p>\n","protected":false},"excerpt":{"rendered":"<p>Insektenschutz: Schluss mit den kleinen Qu\u00e4lgeistern Sie m\u00f6gen Ihren Garten und sch\u00e4tzen es, des Sommers auf der Terrasse zu sitzen. W\u00e4ren da nur nicht immerzu diese hinderlichen Insekten. Jedoch nicht nur im Garten, auch im Haus sind Insekten sehr unerw\u00fcnschte G\u00e4ste. Mit einem zweckdienlichen und zuverl\u00e4ssigen Insektenschutz halten Sie sich die kleinen Qu\u00e4lgeister auf Dauer [&hellip;]<\/p>\n","protected":false},"author":1,"featured_media":0,"parent":0,"menu_order":0,"comment_status":"closed","ping_status":"closed","template":"","meta":{"footnotes":""},"class_list":["post-4366","page","type-page","status-publish","hentry"],"meta_box":{"popseo_subtitel":"Kaduk Bauelemente ist Ihr Spezialist f\u00fcr Insektenschutz in Geesthacht","popseo_subtitel2":"Insektenschutz - unsere Fachkr\u00e4fte beraten Sie gerne","popseo_lasttitel":"Insektenschutz: F\u00fcr weitere Informationen sprechen Sie uns bitte an","popseo_region":"Geesthacht","popseo_sachwort":"Insektenschutz","popseo_noupdate":"","popseo_einleitungstext":"<p>Wenn es um Sonnenschutz und Sicherheit geht, sind Sie bei der Firma Dirk Kaduk Bauelemte genau an der richtigen Adresse. Seit Unternehmensgr\u00fcndung sind wir Ihre lokalen Experten f\u00fcr qualitativ hochwertige Bauelemente. Zu unserem Produktangebot z\u00e4hlen zum Beispiel Rolltore, Markisen, Terrassend\u00e4cher, Fenster, T\u00fcren, Au\u00dfenjalousien, Rolll\u00e4den und Carports. Unsere Fachleute \u00fcbernehmen Reparatur- und Montagearbeiten und zeigen Ihnen Wege auf, wie Sie Ihre Wohn- oder Gesch\u00e4ftsgeb\u00e4ude mit zeitgem\u00e4\u00dfen Bauelementen ausr\u00fcsten k\u00f6nnen. Nachfolgend haben wir einige erste Informationen f\u00fcr Sie zusammengestellt.<\/p>","popseo_schlusstext":"<p>Wenn Sie mehr wissen m\u00f6chten, informieren wir Sie n\u00e4her \u00fcber unser Produkt- und T\u00e4tigkeitsspektrum. Wir nennen Ihnen mit Vergn\u00fcgen auch ein paar Referenzen, die Ihnen einen Einblick in unsere Unternehmenst\u00e4tigkeit geben.<br \/>\nVertrauen Sie auf das Urteil eines erfahrenen Fachbetriebes. Rufen Sie uns doch einfach einmal an oder schreiben Sie uns eine kurze E-Mail. Wir freuen uns auf Sie.<\/p>","popseo_stadttext":"<h3>F\u00fcr Sie da in Geesthacht<\/h3>\n<p>Wir arbeiten f\u00fcr Kunden aus Geesthacht. Durch unsere Vertriebst\u00e4tigkeit haben wir uns einen guten \u00dcberblick \u00fcber die Architektur der St\u00e4dte und Gemeinden unseres Einzugsbereiches erarbeiten k\u00f6nnen. Nat\u00fcrlich geh\u00f6rt auch Ihre Region zu unserem unmittelbaren Vertriebsgebiet. Wir freuen uns darauf, mit Ihnen in Kontakt zu treten. <\/p>\n<h3>Einige Details \u00fcber Geesthacht<\/h3>\n<p>Im S\u00fcdosten von Hamburg, direkt am Elbufer befindet sich Geesthacht, die gr\u00f6\u00dfte Stadt des Kreises Herzogtum Lauenburg in Schleswig-Holstein. Geesthacht liegt innerhalb der Metropolregion Hamburg. Zum Stadtzentrum von Hamburg sind es circa 30 Kilometer, bis zum n\u00e4chstgelegenen Stadtteil Hamburg-Bergedorf gut 12 Kilometer.<br \/>\nInnovationen und Fortschritt sind wichtig f\u00fcr den Ort Geesthacht. Exemplarisch hierf\u00fcr sind der Forschungsreaktor Geesthacht, das Kernkraftwerk Kr\u00fcmmel und das Pumpspeicherwerk. Sie machen Geesthacht zu dem gr\u00f6\u00dften Nuklear- und Energiestandort in Norddeutschland. Kein Wunder, dass Geesthacht mit ungef\u00e4hr 50 Mio EUR R\u00fccklagen den ersten Platz unter den reichsten St\u00e4dten Schleswig-Holsteins belegt. Entscheidend hief\u00fcr sind jedoch die Zahlungen des KKW.<\/p>\n<p>Nach Geesthacht gelangt man mit dem Auto aus s\u00fcdlicher Richtung \u00fcber die Bundesstra\u00dfe 404. \u00dcber diese Bundesstra\u00dfe hat man auch Verbindung zur A25, \u00fcber die man direkt nach Hamburg kommt. Parallel zur Autobahn verl\u00e4uft die Bundesstra\u00dfe B5, die geradewegs von Hamburg-Bergedorf durch die Innenstadt von Geesthacht f\u00fchrt und in Lauenburg endet.<br \/>\nAuch mit dem \u00f6ffentlichen Personennahverkehr kann man, dank der Vernetzung mit dem HVV, Geesthacht schnell erreichen. Aufgrund der geringen N\u00e4he zum Hamburger Stadtgebiet bringt Sie der Bus bequem, innerhalb von 20 Minuten nach Hamburg.<\/p>\n<h4>Privat- und Gesch\u00e4ftskunden aus Geesthacht sch\u00e4tzen unsere Leistungen!<\/h4>\n<p>Klasse, dass Sie diese Website gefunden haben. Wenn Sie eine erfahrene Fachfirma suchen, sind Sie bei uns an der richtigen Adresse. Sie m\u00f6chten mehr \u00fcber uns wissen? F\u00fcr R\u00fcckfragen stehen wir Ihnen jederzeit zur Verf\u00fcgung. Auf den Kontakt zu Ihnen freuen wir uns.<\/p>","popseo_zusatztext":"<h3>Gute Qualit\u00e4t \u2013 g\u00fcnstig und preiswert<\/h3>\n<p>Bauelemente m\u00fcssen gehobenen Anforderungen standhalten. Trotzdem darf es g\u00fcnstig und preiswert sein. Das muss durchaus kein Widerspruch sein. <\/p>\n<p>Als Fachunternehmen f\u00fcr Sonnenschutz und Sicherheit verarbeiten wir ausschlie\u00dflich hochwertige Erzeugnisse. Nichtsdestotrotz schauen wir stets auf ein gutes Preis-Leistungsverh\u00e4ltnis. Wir m\u00f6chten Ihnen Spitzenqualit\u00e4t bieten, die zugleich auch g\u00fcnstig und preiswert ist. Verleihen Sie Ihrem Zuhause g\u00fcnstig und preiswert das besondere Mehr an Qualit\u00e4t. Markisen und Rolll\u00e4den oder andere Sonnenschutzl\u00f6sungen sehen nicht nur h\u00fcbsch aus, sie leisten auch einen bedeutenden Anteil zur W\u00e4rmed\u00e4mmung.  <\/p>\n<h3>G\u00fcnstig und preiswert \u2013 es muss wirklich nicht immer teuer sein<\/h3>\n<p>D\u00fcrfen wir Sie informieren, wie Sie g\u00fcnstig und preiswert einen perfekten Sonnenschutz f\u00fcr Ihr Zuhause umsetzen? Klasse, dann z\u00f6gern Sie bitte nicht und nehmen am besten gleich heute noch Verbindung mit uns auf. Ein kurzer Telefonanruf oder auch eine kurze Mail gen\u00fcgen. Sehr gerne informieren Sie unsere perfekt geschulten Fachleute \u00fcber die diversen M\u00f6glichkeiten, wie Sie Ihr Zuhause g\u00fcnstig und preiswert mit Markisen und Rolll\u00e4den oder anderen Sonnenschutzprodukten versehen. Wir freuen uns auf den Austausch mit Ihnen. <\/p>\n<h4>Top-Qualit\u00e4t g\u00fcnstig und preiswert<\/h4>\n<p>Z\u00e4hlen Sie beim Thema Sonnenschutz und Sicherheit auf den Spezialisten. Nur ein Fachbetrieb kennt die verschiedenen Optionen, wie Sie g\u00fcnstig und preiswert, gleichzeitig qualitativ spitze einen perfekten Sonnenschutz verwirklichen. Qualit\u00e4tsbewusst, g\u00fcnstig und preiswert: Wir empfehlen uns als spezialisiertes Fachunternehmen im Norden. Unsere jahrelange Erfahrung zeichnet uns aus.<\/p>","popseo_links":"<a href=\"https:\/\/www.kaduk-bauelemente.de\/leistungen\/terrassenueberdachungen-aus-aluminium-maschen\/\">Terrassen\u00fcberdachungen aus Aluminium Maschen<\/a>, <a href=\"https:\/\/www.kaduk-bauelemente.de\/leistungen\/sektionaltore-jesteburg\/\">Sektionaltore Jesteburg<\/a>, <a href=\"https:\/\/www.kaduk-bauelemente.de\/leistungen\/zaeune-bardowick\/\">Z\u00e4une Bardowick<\/a>, <a href=\"https:\/\/www.kaduk-bauelemente.de\/leistungen\/fenster-geesthacht\/\">Fenster Geesthacht<\/a>, <a href=\"https:\/\/www.kaduk-bauelemente.de\/leistungen\/garagen-ebstorf\/\">Garagen Ebstorf<\/a>, <a href=\"https:\/\/www.kaduk-bauelemente.de\/leistungen\/garagen-bergedorf-wentorf\/\">Garagen Bergedorf Wentorf<\/a>, <a href=\"https:\/\/www.kaduk-bauelemente.de\/leistungen\/terrassendaecher-aus-aluminium-jesteburg\/\">Terrassend\u00e4cher aus Aluminium Jesteburg<\/a>, <a href=\"https:\/\/www.kaduk-bauelemente.de\/leistungen\/rolllaeden-herzogtum-lauenburg\/\">Rolll\u00e4den Herzogtum Lauenburg<\/a>, <a href=\"https:\/\/www.kaduk-bauelemente.de\/leistungen\/carports-salzhausen\/\">Carports Salzhausen<\/a>, <a href=\"https:\/\/www.kaduk-bauelemente.de\/leistungen\/rolllaeden-seevetal-rosengarten\/\">Rolll\u00e4den Seevetal Rosengarten<\/a>, <a href=\"https:\/\/www.kaduk-bauelemente.de\/leistungen\/carports-lueneburg\/\">Carports L\u00fcneburg<\/a>, <a href=\"https:\/\/www.kaduk-bauelemente.de\/leistungen\/aussenjalousien-winsen-luhe\/\">Au\u00dfenjalousien Winsen Luhe<\/a>, <a href=\"https:\/\/www.kaduk-bauelemente.de\/leistungen\/holzfenster-amt-neuhaus\/\">Holzfenster Amt Neuhaus<\/a>, <a href=\"https:\/\/www.kaduk-bauelemente.de\/leistungen\/fliegengitter-amt-neuhaus\/\">Fliegengitter Amt Neuhaus<\/a>, <a href=\"https:\/\/www.kaduk-bauelemente.de\/leistungen\/aussenjalousien-schwarzenbek\/\">Au\u00dfenjalousien Schwarzenbek<\/a>, <a href=\"https:\/\/www.kaduk-bauelemente.de\/leistungen\/fenster-maschen\/\">Fenster Maschen<\/a>, <a href=\"https:\/\/www.kaduk-bauelemente.de\/leistungen\/terrassendaecher-aus-holz-bienenbuettel\/\">Terrassend\u00e4cher aus Holz Bienenb\u00fcttel<\/a>, <a href=\"https:\/\/www.kaduk-bauelemente.de\/leistungen\/terrassenueberdachungen-aus-holz-boizenburg\/\">Terrassen\u00fcberdachungen aus Holz Boizenburg<\/a>, <a href=\"https:\/\/www.kaduk-bauelemente.de\/leistungen\/holzfenster-bienenbuettel\/\">Holzfenster Bienenb\u00fcttel<\/a>, <a href=\"https:\/\/www.kaduk-bauelemente.de\/leistungen\/kunststofffenster-tostedt-sittensen\/\">Kunststofffenster Tostedt Sittensen<\/a>, <a href=\"https:\/\/www.kaduk-bauelemente.de\/leistungen\/terrassenueberdachungen-aus-aluminium-herzogtum-lauenburg\/\">Terrassen\u00fcberdachungen aus Aluminium Herzogtum Lauenburg<\/a>, <a href=\"https:\/\/www.kaduk-bauelemente.de\/leistungen\/terrassenueberdachungen-aus-holz-bienenbuettel\/\">Terrassen\u00fcberdachungen aus Holz Bienenb\u00fcttel<\/a>, <a href=\"https:\/\/www.kaduk-bauelemente.de\/leistungen\/carports-seevetal-rosengarten\/\">Carports Seevetal Rosengarten<\/a>, <a href=\"https:\/\/www.kaduk-bauelemente.de\/leistungen\/tueren-bergedorf-wentorf\/\">T\u00fcren Bergedorf Wentorf<\/a>, <a href=\"https:\/\/www.kaduk-bauelemente.de\/leistungen\/zaeune-winsen-luhe\/\">Z\u00e4une Winsen Luhe<\/a>, <a href=\"https:\/\/www.kaduk-bauelemente.de\/leistungen\/raffstores-amt-neuhaus\/\">Raffstores Amt Neuhaus<\/a>"},"_links":{"self":[{"href":"https:\/\/www.kaduk-bauelemente.de\/leistungen\/wp-json\/wp\/v2\/pages\/4366","targetHints":{"allow":["GET"]}}],"collection":[{"href":"https:\/\/www.kaduk-bauelemente.de\/leistungen\/wp-json\/wp\/v2\/pages"}],"about":[{"href":"https:\/\/www.kaduk-bauelemente.de\/leistungen\/wp-json\/wp\/v2\/types\/page"}],"author":[{"embeddable":true,"href":"https:\/\/www.kaduk-bauelemente.de\/leistungen\/wp-json\/wp\/v2\/users\/1"}],"replies":[{"embeddable":true,"href":"https:\/\/www.kaduk-bauelemente.de\/leistungen\/wp-json\/wp\/v2\/comments?post=4366"}],"version-history":[{"count":0,"href":"https:\/\/www.kaduk-bauelemente.de\/leistungen\/wp-json\/wp\/v2\/pages\/4366\/revisions"}],"wp:attachment":[{"href":"https:\/\/www.kaduk-bauelemente.de\/leistungen\/wp-json\/wp\/v2\/media?parent=4366"}],"curies":[{"name":"wp","href":"https:\/\/api.w.org\/{rel}","templated":true}]}}