{"id":4357,"date":"2021-08-25T12:19:04","date_gmt":"2021-08-25T10:19:04","guid":{"rendered":"https:\/\/www.kaduk-bauelemente.de\/leistungen\/insektenschutz-bad-bevensen\/"},"modified":"2021-08-25T12:19:04","modified_gmt":"2021-08-25T10:19:04","slug":"insektenschutz-bad-bevensen","status":"publish","type":"page","link":"https:\/\/www.kaduk-bauelemente.de\/leistungen\/insektenschutz-bad-bevensen\/","title":{"rendered":"Insektenschutz &#8211; Bad Bevensen"},"content":{"rendered":"<h3>Insektenschutz \u2013 wir beraten Sie!<\/h3>\n<p>Sie m\u00f6gen Ihren Garten und genie\u00dfen es, bei sch\u00f6nem Wetter auf Ihrer Terrasse zu sitzen. W\u00e4ren da nur nicht st\u00e4ndig diese hinderlichen Insekten. Aber nicht nur im Garten, ebenso in den vier W\u00e4nden sind Insekten sehr ungelegene G\u00e4ste. Mit einem zuverl\u00e4ssigen und zweckdienlichen Insektenschutz halten Sie sich die Plagegeister best\u00e4ndig vom Leibe.<\/p>\n<p>Wir bieten Ihnen zahlreiche M\u00f6glichkeiten f\u00fcr einen wikungsvollen Insektenschutz. Rollos, Spannrahmen oder Schiebet\u00fcren k\u00f6nnen \u2013 korrekt angebracht &#8211; wertvolle Dienste f\u00fcr einen wirkungsm\u00e4chtigen Insektenschutz bieten. Fragen Sie unsere Mitarbeiter! <\/p>\n<h3>Insektenschutz &#8211; wir informieren Sie gerne<\/h3>\n<p>Insektenschutz f\u00fcr Fenster und T\u00fcren ist wichtiger Teil von unserem Angebotsportfolio. Wir bieten Ihnen eine gro\u00dfe Palette f\u00fcr einen effektiven Insektenschutz: Neben simplen Fliegengittern finden Sie bei uns auch besondere L\u00f6sungen f\u00fcr Au\u00dfent\u00fcren und Dachfenster. Nat\u00fcrlich l\u00e4sst sich der dauerhafte Insektenschutz in verschiedenen Ma\u00dfen und Ausf\u00fchrungen umsetzen.<\/p>\n","protected":false},"excerpt":{"rendered":"<p>Insektenschutz \u2013 wir beraten Sie! Sie m\u00f6gen Ihren Garten und genie\u00dfen es, bei sch\u00f6nem Wetter auf Ihrer Terrasse zu sitzen. W\u00e4ren da nur nicht st\u00e4ndig diese hinderlichen Insekten. Aber nicht nur im Garten, ebenso in den vier W\u00e4nden sind Insekten sehr ungelegene G\u00e4ste. Mit einem zuverl\u00e4ssigen und zweckdienlichen Insektenschutz halten Sie sich die Plagegeister best\u00e4ndig [&hellip;]<\/p>\n","protected":false},"author":1,"featured_media":0,"parent":0,"menu_order":0,"comment_status":"closed","ping_status":"closed","template":"","meta":{"footnotes":""},"class_list":["post-4357","page","type-page","status-publish","hentry"],"meta_box":{"popseo_subtitel":"Wir sind Ihr Partner f\u00fcr Insektenschutz im Raum Bad Bevensen","popseo_subtitel2":"Insektenschutz - unsere Spezialisten kennen sich aus","popseo_lasttitel":"Insektenschutz: Unsere Experten beantworten Ihre Fragen","popseo_region":"Bad Bevensen","popseo_sachwort":"Insektenschutz","popseo_noupdate":"","popseo_einleitungstext":"<p>Sie wollen Ihr Wohn- oder Gesch\u00e4ftshaus mit modernen Bauelementen ausstatten lassen interessieren sich f\u00fcr unser Leistungs- und Produktangebot? Klasse, dann sind Sie auf dieser Seite goldrichtig. Unser Produktsortiment umfasst unter anderem Rolltore, Terrassend\u00e4cher, Markisen, T\u00fcren, Au\u00dfenjalousien, Fenster, Carports und Rolll\u00e4den. Als auf Sonnenschutz und Sicherheit spezialisiertes Unternehmen \u00fcbernehmen wir insbesondere auch Reparatur- und Montagearbeiten. Erfahren Sie auf dieser und den nachfolgenden Seiten mehr \u00fcber uns und unser Angebot. Ihr Interesse freut uns sehr.<\/p>","popseo_schlusstext":"<p>Wenn Sie mehr wissen m\u00f6chten, informieren wir Sie n\u00e4her \u00fcber unsere Produkte und unser Aufgabenfeld. Wir zeigen Ihnen mit Vergn\u00fcgen auch einige Referenzen, die Ihnen einen Einblick in unsere T\u00e4tigkeit geben.<br \/>\nWir sind f\u00fcr Sie da. Rufen Sie uns doch rasch einmal an oder schreiben Sie uns eine schnelle E-Mail. Wir freuen uns auf den Kontakt zu Ihnen.<\/p>","popseo_stadttext":"<h3>Unsere Leistung auch in Bad Bevensen<\/h3>\n<p>Durch unsere Vertriebst\u00e4tigkeit haben wir uns einen sehr guten \u00dcberblick \u00fcber die Architektur der Gemeinden und St\u00e4dte unseres Einzugsbereiches machen k\u00f6nnen. Nat\u00fcrlich z\u00e4hlt auch Bad Bevensen zu unserem unmittelbaren Wirkungskreis. Sie kommen aus der Region und sind hier im World Wide Web auf unsere Website gesto\u00dfen? Das finden wir klasse. Sehr gerne pr\u00e4sentieren wir Ihnen unser gesamtes Leistungsspektrum und beantworten Ihre Fragen. Wir freuen uns darauf, mit Ihnen ins Gespr\u00e4ch zu kommen. <\/p>\n<h3>Ein paar Fakten \u00fcber Bad Bevensen<\/h3>\n<p>Bad Bevensen hat rund 9.000 Einwohner und erstreckt sich \u00fcber eine Gesamtfl\u00e4che von knapp 48 km\u00b2. Hinsichtlich der Verkehrssituation ist die Kleinstadt gut zu erreichen: In unmittelbarer N\u00e4he des Gemeindegebietes befindet sich eine Zufahrt zur Autobahn B4. Des Weiteren erreicht man Bad Bevensen \u00fcber die L252 und mit der Bahn auf der Streckenverbindung Hannover-Hamburg.<\/p>\n<p>Bad Bevensee befindet sich in der L\u00fcneburger Heide und geh\u00f6rt juristisch zum Kreis Uelzen. Die Gemeinde ist Verwaltungssitz der Samtgemeinde Bevensen-Ebstorf, einer Vereinigung von 13 kleineren Orten. Die Samtgemeinde z\u00e4hlt in Summe knapp 26.000 B\u00fcrger und erstreckt sich \u00fcber ein Areal von etwas mehr als 479 km\u00b2.<\/p>\n<p>Bad Bevensen ist ganz sicher ein reizvoller Platz zum Leben. Die charmante Kleinstadt verf\u00fcgt \u00fcber eine gute Infrastruktur und attraktiv ausgebaute Wohnquartiere.    <\/p>\n<h4>Wir f\u00fcr Sie in Bad Bevensen!<\/h4>\n<p>Sie wohnen in Bad Bevensen oder einem anderen Ort der Samtgemeinde und interessieren sich f\u00fcr unser Angebot. Klasse, dass Sie diese Website gefunden haben. F\u00fcr R\u00fcckfragen stehen wir Ihnen jederzeit zur Verf\u00fcgung. Auf den Kontakt zu Ihnen freuen wir uns.<\/p>","popseo_zusatztext":"<h3>G\u00fcnstig und preiswert \u2013 testen Sie uns!<\/h3>\n<p>Bauelemente m\u00fcssen h\u00f6chsten Erwartungen standhalten. Nichtsdestrotrotz soll es g\u00fcnstig und preiswert sein. Das muss generell kein Widerspruch sein. <\/p>\n<p>Als Fachunternehmen f\u00fcr Sonnenschutz- und Sicherheitsl\u00f6sungen verwenden wir nur qualitativ hochwertige Erzeugnisse. Trotzdem achten wir immer auf ein passendes Preis-Leistungsverh\u00e4ltnis. Wir m\u00f6chten Ihnen Spitzenqualit\u00e4t bieten, die zugleich auch g\u00fcnstig und preiswert ist. Verleihen Sie Ihrem Haus g\u00fcnstig und preiswert das gewisse Mehr an Qualit\u00e4t. Markisen und Rolll\u00e4den oder andere Sonnenschutzl\u00f6sungen sehen nicht nur h\u00fcbsch aus, sie leisten auch einen bedeutsamen Anteil zur W\u00e4rmed\u00e4mmung.  <\/p>\n<h3>G\u00fcnstig und preiswert ohne Abstriche bei der Qualit\u00e4t<\/h3>\n<p>D\u00fcrfen wir Sie informieren, wie Sie g\u00fcnstig und preiswert einen perfekten Sonnenschutz f\u00fcr Ihr Zuhause realisieren? Klasse, dann warten Sie bitte nicht und nehmen am besten sofort heute noch Verbindung mit uns auf. Ein kurzer Telefonanruf oder auch eine schnelle Mail gen\u00fcgen. Sehr gerne informieren Sie unsere perfekt geschulten Profis \u00fcber die verschiedenen Optionen, wie Sie Ihr Zuhause g\u00fcnstig und preiswert mit Markisen und Rolll\u00e4den oder anderen Sonnenschutzprodukten versehen. Wir freuen uns auf den Austausch mit Ihnen. <\/p>\n<h4>Top-Qualit\u00e4t g\u00fcnstig und preiswert<\/h4>\n<p>Setzen Sie beim Thema Sonnenschutz und Sicherheit auf den Experten. Nur ein Fachbetrieb kennt die unterschiedlichen M\u00f6glichkeiten, wie Sie g\u00fcnstig und preiswert, gleichzeitig qualitativ spitze einen tadellosen Sonnenschutz erreichen. Qualit\u00e4tsbewusst, g\u00fcnstig und preiswert: Wir empfehlen uns als spezialisiertes Fachunternehmen im Norden. Unsere gro\u00dfe Erfahrung spricht f\u00fcr uns.<\/p>","popseo_links":"<a href=\"https:\/\/www.kaduk-bauelemente.de\/leistungen\/markisen-schwarzenbek\/\">Markisen Schwarzenbek<\/a>, <a href=\"https:\/\/www.kaduk-bauelemente.de\/leistungen\/terrassenueberdachungen-aus-aluminium-reinbek-glinde\/\">Terrassen\u00fcberdachungen aus Aluminium Reinbek Glinde<\/a>, <a href=\"https:\/\/www.kaduk-bauelemente.de\/leistungen\/terrassendaecher-aus-aluminium-amelinghausen\/\">Terrassend\u00e4cher aus Aluminium Amelinghausen<\/a>, <a href=\"https:\/\/www.kaduk-bauelemente.de\/leistungen\/sektionaltore-geesthacht\/\">Sektionaltore Geesthacht<\/a>, <a href=\"https:\/\/www.kaduk-bauelemente.de\/leistungen\/sektionaltore-salzhausen\/\">Sektionaltore Salzhausen<\/a>, <a href=\"https:\/\/www.kaduk-bauelemente.de\/leistungen\/tueren-bienenbuettel\/\">T\u00fcren Bienenb\u00fcttel<\/a>, <a href=\"https:\/\/www.kaduk-bauelemente.de\/leistungen\/rolltore-schwarzenbek\/\">Rolltore Schwarzenbek<\/a>, <a href=\"https:\/\/www.kaduk-bauelemente.de\/leistungen\/raffstores-bienenbuettel\/\">Raffstores Bienenb\u00fcttel<\/a>, <a href=\"https:\/\/www.kaduk-bauelemente.de\/leistungen\/terrassenueberdachungen-aus-aluminium-lueneburg\/\">Terrassen\u00fcberdachungen aus Aluminium L\u00fcneburg<\/a>, <a href=\"https:\/\/www.kaduk-bauelemente.de\/leistungen\/zaeune-bispingen\/\">Z\u00e4une Bispingen<\/a>, <a href=\"https:\/\/www.kaduk-bauelemente.de\/leistungen\/terrassendaecher-aus-aluminium-uelzen\/\">Terrassend\u00e4cher aus Aluminium Uelzen<\/a>, <a href=\"https:\/\/www.kaduk-bauelemente.de\/leistungen\/kunststofffenster-bergedorf-wentorf\/\">Kunststofffenster Bergedorf Wentorf<\/a>, <a href=\"https:\/\/www.kaduk-bauelemente.de\/leistungen\/haustueren-bardowick\/\">Haust\u00fcren Bardowick<\/a>, <a href=\"https:\/\/www.kaduk-bauelemente.de\/leistungen\/rollladen-hanstedt\/\">Rollladen Hanstedt<\/a>, <a href=\"https:\/\/www.kaduk-bauelemente.de\/leistungen\/holzfenster-uelzen\/\">Holzfenster Uelzen<\/a>, <a href=\"https:\/\/www.kaduk-bauelemente.de\/leistungen\/haustueren-bispingen\/\">Haust\u00fcren Bispingen<\/a>, <a href=\"https:\/\/www.kaduk-bauelemente.de\/leistungen\/tueren-bardowick\/\">T\u00fcren Bardowick<\/a>, <a href=\"https:\/\/www.kaduk-bauelemente.de\/leistungen\/terrassendaecher-aus-aluminium-adendorf\/\">Terrassend\u00e4cher aus Aluminium Adendorf<\/a>, <a href=\"https:\/\/www.kaduk-bauelemente.de\/leistungen\/rollladen-bergedorf-wentorf\/\">Rollladen Bergedorf Wentorf<\/a>, <a href=\"https:\/\/www.kaduk-bauelemente.de\/leistungen\/holzfenster-reinbek-glinde\/\">Holzfenster Reinbek Glinde<\/a>, <a href=\"https:\/\/www.kaduk-bauelemente.de\/leistungen\/fliegengitter-amt-neuhaus\/\">Fliegengitter Amt Neuhaus<\/a>, <a href=\"https:\/\/www.kaduk-bauelemente.de\/leistungen\/zaeune-hanstedt\/\">Z\u00e4une Hanstedt<\/a>, <a href=\"https:\/\/www.kaduk-bauelemente.de\/leistungen\/terrassenueberdachungen-aus-holz-bardowick\/\">Terrassen\u00fcberdachungen aus Holz Bardowick<\/a>, <a href=\"https:\/\/www.kaduk-bauelemente.de\/leistungen\/rolltore-herzogtum-lauenburg\/\">Rolltore Herzogtum Lauenburg<\/a>, <a href=\"https:\/\/www.kaduk-bauelemente.de\/leistungen\/garagentore-jesteburg\/\">Garagentore Jesteburg<\/a>, <a href=\"https:\/\/www.kaduk-bauelemente.de\/leistungen\/terrassendaecher-aus-holz-salzhausen\/\">Terrassend\u00e4cher aus Holz Salzhausen<\/a>"},"_links":{"self":[{"href":"https:\/\/www.kaduk-bauelemente.de\/leistungen\/wp-json\/wp\/v2\/pages\/4357","targetHints":{"allow":["GET"]}}],"collection":[{"href":"https:\/\/www.kaduk-bauelemente.de\/leistungen\/wp-json\/wp\/v2\/pages"}],"about":[{"href":"https:\/\/www.kaduk-bauelemente.de\/leistungen\/wp-json\/wp\/v2\/types\/page"}],"author":[{"embeddable":true,"href":"https:\/\/www.kaduk-bauelemente.de\/leistungen\/wp-json\/wp\/v2\/users\/1"}],"replies":[{"embeddable":true,"href":"https:\/\/www.kaduk-bauelemente.de\/leistungen\/wp-json\/wp\/v2\/comments?post=4357"}],"version-history":[{"count":0,"href":"https:\/\/www.kaduk-bauelemente.de\/leistungen\/wp-json\/wp\/v2\/pages\/4357\/revisions"}],"wp:attachment":[{"href":"https:\/\/www.kaduk-bauelemente.de\/leistungen\/wp-json\/wp\/v2\/media?parent=4357"}],"curies":[{"name":"wp","href":"https:\/\/api.w.org\/{rel}","templated":true}]}}