{"id":4348,"date":"2021-08-25T12:19:04","date_gmt":"2021-08-25T10:19:04","guid":{"rendered":"https:\/\/www.kaduk-bauelemente.de\/leistungen\/holzfenster-schwarzenbek\/"},"modified":"2021-08-25T12:19:04","modified_gmt":"2021-08-25T10:19:04","slug":"holzfenster-schwarzenbek","status":"publish","type":"page","link":"https:\/\/www.kaduk-bauelemente.de\/leistungen\/holzfenster-schwarzenbek\/","title":{"rendered":"Holzfenster &#8211; Schwarzenbek"},"content":{"rendered":"<h3>Holzfenster sind eine gute Wahl!<\/h3>\n<p>Unser Angebot beinhaltet ein breites Spektrum. Ein Holzfenster ist eine ansehnliche, dennoch ausgezeichnete Verbindung aus Natur und Technik. Nat\u00fcrliches Material ist immer ein Merkmal f\u00fcr einen besonderen Stil. Gleichzeitig bietet Ihnen das Holzfenster eine hohe Energieeffizienz.  <\/p>\n<p>Holzfenster erfreuen sich einer gro\u00dfen Beliebtheit. Als Rohmaterial ist Holz besonders nachhaltig. Auch beeindrucken Holzfenster durch ihre lange Haltbarkeit. Bedenken, Holzfenster w\u00e4ren im Vergleich zu Kunststofffenstern anf\u00e4lliger, kann man rundum verneinen. Ausgezeichnete und gut behandelte Holzfenster bieten einen sehr guten Schutz gegen schlechte Witterung.<\/p>\n<h3>Holzfenster sind besonders vorteilhaft!<\/h3>\n<p>Ein Holzfenster wirkt sich positiv auf das Wohngef\u00fchl aus. In unserem Portfolio bieten wir Ihnen Produkte mit einem speziellen Farbaufbau. Und selbstverst\u00e4ndlich erf\u00fcllen zeitgem\u00e4\u00dfe Holzfenster auch alle Anforderungen eines zeitgem\u00e4\u00dfen Energiehaushaltes. Sie sehen: Ein exquisites Holzfenster l\u00e4sst keine W\u00fcnsche unerf\u00fcllt. Mit einem schmucken Fenster in naturbelassener Optik betonen Sie die Architektur Ihrer Immobilie besonders nachhaltig. Die Investition in Holzfenster lohnt sich!<\/p>\n","protected":false},"excerpt":{"rendered":"<p>Holzfenster sind eine gute Wahl! Unser Angebot beinhaltet ein breites Spektrum. Ein Holzfenster ist eine ansehnliche, dennoch ausgezeichnete Verbindung aus Natur und Technik. Nat\u00fcrliches Material ist immer ein Merkmal f\u00fcr einen besonderen Stil. Gleichzeitig bietet Ihnen das Holzfenster eine hohe Energieeffizienz. Holzfenster erfreuen sich einer gro\u00dfen Beliebtheit. Als Rohmaterial ist Holz besonders nachhaltig. Auch beeindrucken [&hellip;]<\/p>\n","protected":false},"author":1,"featured_media":0,"parent":0,"menu_order":0,"comment_status":"closed","ping_status":"closed","template":"","meta":{"footnotes":""},"class_list":["post-4348","page","type-page","status-publish","hentry"],"meta_box":{"popseo_subtitel":"Wir sind Ihr Fachunternehmen f\u00fcr Holzfenster im Raum Schwarzenbek","popseo_subtitel2":"Holzfenster - wir haben die richtige L\u00f6sung f\u00fcr Sie","popseo_lasttitel":"Holzfenster: Wir informieren Sie gerne auch pers\u00f6nlich!","popseo_region":"Schwarzenbek","popseo_sachwort":"Holzfenster","popseo_noupdate":"","popseo_einleitungstext":"<p>Die Firma Kaduk ist Ihr qualifizierter und erfahrener Fachbetrieb f\u00fcr Sicherheit und Sonnenschutz im Norden. Mit unserem Unternehmensstandort in Adendorf bei L\u00fcneburg decken wir ein fl\u00e4chenm\u00e4\u00dfig gro\u00dfes Gebiet ab. Bei uns bekommen Sie hochwertige Bauelemente in erstaunlich gro\u00dfer Auswahl. Zu unserem Produktangebot z\u00e4hlen u.a. Fenster, Au\u00dfenjalousien, T\u00fcren, Rolltore, Terrassend\u00e4cher, Markisen, Rolll\u00e4den und Carports. Nat\u00fcrlich erledigen wir auch Reparatur- und Montagearbeiten f\u00fcr Sie. Auf unserer Website finden Sie unser gesamtes Dienstleistungs- und Produktportfolio ausf\u00fchrlich beschrieben. Kompetent und sachgerecht beraten wir Sie \u00fcber Ihre M\u00f6glichkeiten und f\u00fchren s\u00e4mtliche Arbeiten gewissenhaft und mit Sachverstand aus - so wie Sie es von einem kompetenten Fachbetrieb erwarten d\u00fcrfen.<\/p>","popseo_schlusstext":"<p>Wenn Sie ein erfahrenes Unternehmen f\u00fcr moderne Sicherheits- und Sonnenschutzprodukte suchen, sind Sie bei uns richtig. Sie m\u00f6chten mehr \u00fcber uns wissen? Als auf Bauelemente spezialisierte Handwerksfirma sind wir f\u00fcr Ihr Vorhaben der perfekte Partner und freuen uns \u00fcber Ihre Kontaktaufnahme, ganz egal ob per Anruf oder Nachricht per E-Mail. Worauf Sie neben Fachwissen setzen d\u00fcrfen: Unser Expertenteam ist immer mit Elan und viel Motivation bei der Sache. Wir freuen uns auf Sie!<\/p>","popseo_stadttext":"<h3>Wir sind Ihr Partner auch in Schwarzenbek<\/h3>\n<p>Unser Gesch\u00e4ftsbereich umfasst auch Schwarzenbek. Durch unsere T\u00e4tigkeit haben wir uns einen sehr guten \u00dcberblick \u00fcber die Stadtarchitektur der St\u00e4dte und Gemeinden unseres Vertriebsgebietes erarbeiten k\u00f6nnen. Wir f\u00fchlen uns der Region verpflichtet und freuen uns dar\u00fcber, auch einen Teil zur guten Infrastruktur der Stadt Schwarzenbek beizusteuern zu d\u00fcrfen.  <\/p>\n<h3>Leben und Arbeiten in Schwarzenbek<\/h3>\n<p>Die Gemeinde Schwarzenbek z\u00e4hlt organisatorisch zum schleswig-holsteinischen Kreis Herzogtum Lauenburg. In Schwarzenbek wohnen gut 15.000 Menschen auf einer Fl\u00e4che von ungef\u00e4hr 11 Quadratkilometern. Schwarzenbek ist Verwaltungssitz des Amtes Schwarzenbek-Land. Schwarzenbek begeistert besonders durch seine sch\u00f6n gelegenen Wohngebiete. Die Bebauung mit Ein- und Mehrfamilienh\u00e4usern dominiert in der lauenburgischen Gemeinde ganz unzweifelhaft. Vielgeschossige Wohnhaussiedlungen sind in Schwarzenbek erkennbar in der Minderheit.<\/p>\n<p>Die enge Nachbarschaft zur Gro\u00dfstadt Hamburg ist ein wichtiger Standortfaktor der Gemeinde. Kaum mehr als in etwa 35 km ist die gr\u00f6\u00dfte Stadt Norddeutschlands von Schwarzenbek entfernt. Viele Pendler genie\u00dfen die Vorteile von Schwarzenbek: Wer seinen Arbeitsplatz in der Gro\u00dfstadt hat, f\u00e4hrt nicht sehr lange bis zu seinem Wohnort Schwarzenbek. Das zumeist ruhige Leben auf dem Lande kombiniert sich auf exzellente Weise mit den Vorteilen der Gro\u00dfstadt.<br \/>\nEine hervorragende Infrastruktur macht das Leben in Schwarzenbek besonders f\u00fcr junge Familien attraktiv. Die Stadt ist Teil vom Hamburger Verkehrsverbund (HVV). Mit der Eisenbahn erreicht man Schwarzenbek \u00fcber die Bahnverbindung Hamburg-Berlin. Zum Hbf Hamburg braucht man rund 20 Minuten. <\/p>\n<h3>Schwarzenbek - lebenswert und attraktiv<\/h3>\n<p>Die Stadt Schwarzenbek wurde vor einigen Jahren mit dem sogenannten Europapreis ausgezeichnet. Die Auszeichnung wird St\u00e4dten und Gemeinden verliehen, die sich sich besonders intensiv f\u00fcr die Ausbreitung des europ\u00e4ischen Gedankens verdient gemacht haben. Schwarzenbek tr\u00e4gt die Auszeichnung \u201eEuropastadt\u201c mit Stolz.<br \/>\nAufgrund der exponierten Lage im Kreis Herzogtum Lauenburg wird Schwarzenbek zuweilen auch \u201eStadt der Mitte\u201c genannt. Schwarzenbek war nebenbei eine der ersten St\u00e4dte in in Schleswig-Holstein, die auf der Ortsbeschilderung den Namen auch auf Plattdeutsch vermerkt haben. Eine prima Idee, die mittlerweile zahllose Nachahmer gefunden hat. <\/p>\n<h4>Privat- und Gesch\u00e4ftskunden aus Schwarzenbek sch\u00e4tzen unsere Leistungen!<\/h4>\n<p>Gerne werden wir auch f\u00fcr Sie im Raum Schwarzenbek t\u00e4tig. D\u00fcrfen wir Sie n\u00e4her informieren? Kontaktieren sie uns per Telefon oder schreiben Sie uns eine E-Mail. Wir freuen uns auf Sie! Das Team unseres Fachbetriebes ist eingespielt und arbeitet perfekt \u201eHand in Hand\u201c.<\/p>","popseo_zusatztext":"<h3>G\u00fcnstig und preiswert \u2013 unser Leistung f\u00fcr Sie<\/h3>\n<p>Bauelemente m\u00fcssen h\u00f6chsten Anspr\u00fcchen gerecht werden. Nichtsdestrotrotz soll es g\u00fcnstig und preiswert sein. Das muss absolut kein Gegensatz sein. <\/p>\n<p>Als Fachunternehmen f\u00fcr Sonnenschutz- und Sicherheitssysteme verarbeiten wir ausnahmslos qualitativ hochwertige Produkte. Nichtsdestotrotz achten wir immer auf ein gutes Preis-Leistungsverh\u00e4ltnis. Wir m\u00f6chten Ihnen Spitzenqualit\u00e4t anbieten, die trotzdem auch g\u00fcnstig und preiswert ist. Verleihen Sie Ihrem Heim g\u00fcnstig und preiswert das besondere Plus an Qualit\u00e4t. Rolll\u00e4den und Markisen oder andere Sonnenschutzl\u00f6sungen sehen nicht nur toll aus, sie leisten auch einen bedeutsamen Anteil zur W\u00e4rmed\u00e4mmung.  <\/p>\n<h3>G\u00fcnstig und preiswert \u2013 es muss wirklich nicht immer teuer sein<\/h3>\n<p>D\u00fcrfen wir Sie beraten, wie Sie g\u00fcnstig und preiswert einen perfekten Sonnenschutz f\u00fcr Ihr Zuhause verwirklichen? Klasse, dann z\u00f6gern Sie bitte nicht und nehmen am besten gleich heute noch Kontakt mit uns auf. Ein kurzer Telefonanruf oder auch eine kurze Email gen\u00fcgen. Gerne beraten Sie unsere gut geschulten Mitarbeiter \u00fcber die verschiedenen M\u00f6glichkeiten, wie Sie Ihr Zuhause g\u00fcnstig und preiswert mit Markisen und Rolll\u00e4den oder anderen Sonnenschutzprodukten ausstatten. Wir freuen uns auf den Austausch mit Ihnen. <\/p>\n<h4>Hochwertige Arbeit g\u00fcnstig und preiswert<\/h4>\n<p>Vertrauen Sie beim Thema Sonnenschutz und Sicherheit auf den Spezialisten. Nur ein Spezialbetrieb kennt die unterschiedlichen Optionen, wie Sie g\u00fcnstig und preiswert, zugleich qualitativ spitze einen perfekten Sonnenschutz verwirklichen. Qualit\u00e4tsbewusst, g\u00fcnstig und preiswert: Wir empfehlen uns als spezialisiertes Fachunternehmen im n\u00f6rdlichen Raum. Unsere gro\u00dfe Erfahrung spricht f\u00fcr uns.<\/p>","popseo_links":"<a href=\"https:\/\/www.kaduk-bauelemente.de\/leistungen\/insektenschutz-amelinghausen\/\">Insektenschutz Amelinghausen<\/a>, <a href=\"https:\/\/www.kaduk-bauelemente.de\/leistungen\/garagen-boizenburg\/\">Garagen Boizenburg<\/a>, <a href=\"https:\/\/www.kaduk-bauelemente.de\/leistungen\/terrassendaecher-aus-aluminium-boizenburg\/\">Terrassend\u00e4cher aus Aluminium Boizenburg<\/a>, <a href=\"https:\/\/www.kaduk-bauelemente.de\/leistungen\/rolllaeden-ebstorf\/\">Rolll\u00e4den Ebstorf<\/a>, <a href=\"https:\/\/www.kaduk-bauelemente.de\/leistungen\/carports-amelinghausen\/\">Carports Amelinghausen<\/a>, <a href=\"https:\/\/www.kaduk-bauelemente.de\/leistungen\/tueren-bienenbuettel\/\">T\u00fcren Bienenb\u00fcttel<\/a>, <a href=\"https:\/\/www.kaduk-bauelemente.de\/leistungen\/haustueren-buechen\/\">Haust\u00fcren B\u00fcchen<\/a>, <a href=\"https:\/\/www.kaduk-bauelemente.de\/leistungen\/kunststofffenster-boizenburg\/\">Kunststofffenster Boizenburg<\/a>, <a href=\"https:\/\/www.kaduk-bauelemente.de\/leistungen\/garagentore-bergedorf-wentorf\/\">Garagentore Bergedorf Wentorf<\/a>, <a href=\"https:\/\/www.kaduk-bauelemente.de\/leistungen\/markisen-maschen\/\">Markisen Maschen<\/a>, <a href=\"https:\/\/www.kaduk-bauelemente.de\/leistungen\/zaeune-bienenbuettel\/\">Z\u00e4une Bienenb\u00fcttel<\/a>, <a href=\"https:\/\/www.kaduk-bauelemente.de\/leistungen\/rolllaeden-herzogtum-lauenburg\/\">Rolll\u00e4den Herzogtum Lauenburg<\/a>, <a href=\"https:\/\/www.kaduk-bauelemente.de\/leistungen\/terrassenueberdachungen-aus-aluminium-herzogtum-lauenburg\/\">Terrassen\u00fcberdachungen aus Aluminium Herzogtum Lauenburg<\/a>, <a href=\"https:\/\/www.kaduk-bauelemente.de\/leistungen\/garagentore-uelzen\/\">Garagentore Uelzen<\/a>, <a href=\"https:\/\/www.kaduk-bauelemente.de\/leistungen\/sektionaltore-harburg\/\">Sektionaltore Harburg<\/a>, <a href=\"https:\/\/www.kaduk-bauelemente.de\/leistungen\/markisen-amt-neuhaus\/\">Markisen Amt Neuhaus<\/a>, <a href=\"https:\/\/www.kaduk-bauelemente.de\/leistungen\/tueren-hanstedt\/\">T\u00fcren Hanstedt<\/a>, <a href=\"https:\/\/www.kaduk-bauelemente.de\/leistungen\/markisen-buchholz\/\">Markisen Buchholz<\/a>, <a href=\"https:\/\/www.kaduk-bauelemente.de\/leistungen\/raffstores-amt-neuhaus\/\">Raffstores Amt Neuhaus<\/a>, <a href=\"https:\/\/www.kaduk-bauelemente.de\/leistungen\/raffstores-ebstorf\/\">Raffstores Ebstorf<\/a>, <a href=\"https:\/\/www.kaduk-bauelemente.de\/leistungen\/zaunbau-salzhausen\/\">Zaunbau Salzhausen<\/a>, <a href=\"https:\/\/www.kaduk-bauelemente.de\/leistungen\/haustueren-bienenbuettel\/\">Haust\u00fcren Bienenb\u00fcttel<\/a>, <a href=\"https:\/\/www.kaduk-bauelemente.de\/leistungen\/carports-buchholz\/\">Carports Buchholz<\/a>, <a href=\"https:\/\/www.kaduk-bauelemente.de\/leistungen\/markisen-bergedorf-wentorf\/\">Markisen Bergedorf Wentorf<\/a>, <a href=\"https:\/\/www.kaduk-bauelemente.de\/leistungen\/terrassenueberdachungen-aus-holz-ebstorf\/\">Terrassen\u00fcberdachungen aus Holz Ebstorf<\/a>, <a href=\"https:\/\/www.kaduk-bauelemente.de\/leistungen\/tueren-lueneburg\/\">T\u00fcren L\u00fcneburg<\/a>"},"_links":{"self":[{"href":"https:\/\/www.kaduk-bauelemente.de\/leistungen\/wp-json\/wp\/v2\/pages\/4348","targetHints":{"allow":["GET"]}}],"collection":[{"href":"https:\/\/www.kaduk-bauelemente.de\/leistungen\/wp-json\/wp\/v2\/pages"}],"about":[{"href":"https:\/\/www.kaduk-bauelemente.de\/leistungen\/wp-json\/wp\/v2\/types\/page"}],"author":[{"embeddable":true,"href":"https:\/\/www.kaduk-bauelemente.de\/leistungen\/wp-json\/wp\/v2\/users\/1"}],"replies":[{"embeddable":true,"href":"https:\/\/www.kaduk-bauelemente.de\/leistungen\/wp-json\/wp\/v2\/comments?post=4348"}],"version-history":[{"count":0,"href":"https:\/\/www.kaduk-bauelemente.de\/leistungen\/wp-json\/wp\/v2\/pages\/4348\/revisions"}],"wp:attachment":[{"href":"https:\/\/www.kaduk-bauelemente.de\/leistungen\/wp-json\/wp\/v2\/media?parent=4348"}],"curies":[{"name":"wp","href":"https:\/\/api.w.org\/{rel}","templated":true}]}}