{"id":4346,"date":"2021-08-25T12:19:04","date_gmt":"2021-08-25T10:19:04","guid":{"rendered":"https:\/\/www.kaduk-bauelemente.de\/leistungen\/holzfenster-reppenstedt\/"},"modified":"2021-08-25T12:19:04","modified_gmt":"2021-08-25T10:19:04","slug":"holzfenster-reppenstedt","status":"publish","type":"page","link":"https:\/\/www.kaduk-bauelemente.de\/leistungen\/holzfenster-reppenstedt\/","title":{"rendered":"Holzfenster &#8211; Reppenstedt"},"content":{"rendered":"<h3>Holzfenster \u2013 auch optisch ein Highlight!<\/h3>\n<p>Unser Lieferprogramm beinhaltet ein gro\u00dfes Sortiment. Ein Holzfenster ist eine schmucke, trotzdem ausgezeichnete Kombination aus Natur und Technik. Nat\u00fcrliches Material ist fraglos ein Kennzeichen f\u00fcr einen individuellen Stil. Au\u00dferdem bietet Ihnen das Holzfenster eine hohe Energieeffizienz.  <\/p>\n<p>Holzfenster erfreuen sich einer zunehmenden Kundennachfrage. Als Rohstoff ist Holz besonders wertig. Auch \u00fcberzeugen Holzfenster durch ihre Langlebigkeit. Bedenken, Holzfenster w\u00e4ren im Vergleich zu Kunststofffenstern anf\u00e4lliger, kann man komplett verneinen. Ausgezeichnete und optimal behandelte Holzfenster bieten einen sehr guten Schutz gegen schlechte Witterungseinfl\u00fcsse.<\/p>\n<h3>Holzfenster sind besonders vorteilhaft!<\/h3>\n<p>Ein Holzfenster wirkt sich vorteilhaft auf das Wohngef\u00fchl aus. In unserem Portfolio bieten wir Ihnen Fabrikate mit einem speziellen Farbaufbau. Und nat\u00fcrlich erf\u00fcllen zeitgem\u00e4\u00dfe Holzfenster auch alle Anforderungen eines zeitgem\u00e4\u00dfen Energiehaushaltes. Sie sehen: Ein exquisites Holzfenster l\u00e4sst keine W\u00fcnsche unerf\u00fcllt. Mit einem schmucken Fenster in naturbelassener Optik betonen Sie die Architektur Ihrer Immobilie besonders nachhaltig. Die Investition in Holzfenster lohnt sich!<\/p>\n","protected":false},"excerpt":{"rendered":"<p>Holzfenster \u2013 auch optisch ein Highlight! Unser Lieferprogramm beinhaltet ein gro\u00dfes Sortiment. Ein Holzfenster ist eine schmucke, trotzdem ausgezeichnete Kombination aus Natur und Technik. Nat\u00fcrliches Material ist fraglos ein Kennzeichen f\u00fcr einen individuellen Stil. Au\u00dferdem bietet Ihnen das Holzfenster eine hohe Energieeffizienz. Holzfenster erfreuen sich einer zunehmenden Kundennachfrage. Als Rohstoff ist Holz besonders wertig. Auch [&hellip;]<\/p>\n","protected":false},"author":1,"featured_media":0,"parent":0,"menu_order":0,"comment_status":"closed","ping_status":"closed","template":"","meta":{"footnotes":""},"class_list":["post-4346","page","type-page","status-publish","hentry"],"meta_box":{"popseo_subtitel":"Kaduk Bauelemente ist Ihr erfahrener Fachbetrieb f\u00fcr Holzfenster im Raum Reppenstedt","popseo_subtitel2":"Holzfenster - bei uns in gro\u00dfer Auswahl","popseo_lasttitel":"Holzfenster: Wir beantworten Ihre Fragen!","popseo_region":"Reppenstedt","popseo_sachwort":"Holzfenster","popseo_noupdate":"","popseo_einleitungstext":"<p>Auf Wunsch informieren wir Sie n\u00e4her \u00fcber unser Produkt- und Leistungsprogramm. Wir pr\u00e4sentieren Ihnen mit Vergn\u00fcgen auch ein paar Referenzen, die Ihnen einen Einblick in unsere Firment\u00e4tigkeit geben.<br \/>\nVertrauen Sie auf das Urteil eines erfahrenen Fachbetriebes. Rufen Sie uns doch rasch einmal an oder senden Sie uns eine schnelle E-Mail. Wir freuen uns auf Ihre Kontaktaufnahme.<\/p>","popseo_schlusstext":"<p>Wir stellen uns h\u00f6chsten Anspr\u00fcchen und freuen uns \u00fcber die Zufriedenheit der Immobilienbesitzer. Know-how, Fachkompetenz und Zuverl\u00e4ssigkeit sorgen f\u00fcr erfolgreiche Sonnenschutz- und Sicherheitsprojekte zum Vorteil unserer Kunden. Die Zufriedenheit unserer Kunden steht f\u00fcr uns immer im Vordergrund}. Unsere Experten freuen sich \u00fcber Ihre Kontaktaufnahme, ganz egal ob per Griff zum Telefonh\u00f6rer oder Email.<\/p>","popseo_stadttext":"<h3>Wir sind Ihr Partner auch in Reppenstedt<\/h3>\n<p>Sie kommen aus Reppenstedt, Kirchgellersen, S\u00fcdergellersen oder Westergellersen und sind hier im World Wide Web auf unsere Website gesto\u00dfen? Das finden wir toll. Sehr gerne pr\u00e4sentieren wir Ihnen unser gesamtes Leistungsspektrum und beantworten Ihre Fragen. Durch unsere Gesch\u00e4ftst\u00e4tigkeit haben wir uns einen guten \u00dcberblick \u00fcber die Stadtarchitektur der St\u00e4dte und Gemeinden unseres Einzugsbereiches machen k\u00f6nnen. Nat\u00fcrlich geh\u00f6ren auch Reppenstedt und die anderen Orte der Samtgemeinde Gellersen zu unserem unmittelbaren Gesch\u00e4ftsgebiet. Wir freuen uns darauf, mit Ihnen in Kontakt zu kommen. <\/p>\n<h3>Leben und Arbeiten in Reppenstedt<\/h3>\n<p>Ungef\u00e4hr 7.600 Anwohner z\u00e4hlt Reppenstedt. Das Gemeindegebiet umfasst ein Gesamtareal von in etwa 14 km\u00b2. Reppenstedt ist Verwaltungssitz der Samtgemeinde Gellersen, einem Zusammenschluss von kleineren Orten, zu dem neben Reppenstedt selbst auch S\u00fcdergellersen, Westergellersen und Kirchgellersen geh\u00f6ren. Die Samtgemeinde z\u00e4hlt in Summe rund 14.000 Einwohner und erstreckt sich \u00fcber ein Areal von zirka 73 km\u00b2.<\/p>\n<p>Reppenstedt schlie\u00dft unmittelbar westlich an L\u00fcneburg an. \u00dcber die Landesstra\u00dfe 216 und die Kreisstra\u00dfe 50 ist die Gemeinde einfach und bequem mit dem Wagen zu erreichen. Au\u00dferdem gibt es eine Busverbindung nach L\u00fcneburg. Reppenstedt ist ein familiengerechter Ort. Die Gemeinde besitzt eine ausgezeichnete Infrastruktur \u2013 nicht zuletzt durch die Anbindung an die Stadt L\u00fcneburg. Reppenstedt ist ein Ort mit einer attraktiven naturnahen Umgebung. <\/p>\n<h4>Wir f\u00fcr Sie in Reppenstedt!<\/h4>\n<p>Das Leben in Reppenstedt, S\u00fcdergellersen, Westergellersen und Kirchgellersen ist beschaulich. Alle Orte der Samtgemeinde Gellersen verf\u00fcgen \u00fcber idyllische Wohnquartiere, die insbesondere von einer typischen Einzelhausbebauung gepr\u00e4gt sind. Sie interessieren sich f\u00fcr unser Angebot und haben deshalb unsere Homepage besucht? Dar\u00fcber freuen wir uns sehr. Unser engagiertes Spezialistenteam nimmt gerne Ihren Anruf entgegen oder beantwortet Ihre E-Mail.<\/p>","popseo_zusatztext":"<h3>Kaduk Bauelemente ist Ihr Fachbetrieb in Sachen Sicht- und Sonnenschutz<\/h3>\n<p>Vertrauen Sie in Sachen Sicherheit und Sonnenschutz unbedingt auf die fachspezifische Leistung vom Fachbetrieb. Nur ein Fachbetrieb kennt die Tricks und Tipps, wie man zu einem sehr guten Ergebnis kommt. Um sich mit Fug und Recht als Fachbetrieb zu titulieren, bedarf es einer qualifizierten Ausbildung der Mitarbeiter und einer jahrelangen Fachkenntnis.  <\/p>\n<p>Unsere Unternehmung empfiehlt sich als Ihr fachkundiger Fachbetrieb f\u00fcr Sicherheit und Sonnenschutz. Setzen Sie auf Qualit\u00e4t und schenken Sie unserem Fachbetrieb Ihr Vertrauen. Wir bieten Ihnen beispielsweise hochwertige Rolll\u00e4den und Markisen und legen allerh\u00f6chsten Wert auf einen perfekten Service. Schon seit vielen Jahren sind wir fachkundiger Fachbetrieb f\u00fcr Au\u00dfenjalousien, Rolll\u00e4den, Markisen und Terrassend\u00e4cher im Raum L\u00fcneburg. Es ist uns ein Anliegen, dass Sie dauerhaft viel Freude an Ihrem Sicht und Sonnenschutz haben. Von einem Fachbetrieb d\u00fcrfen Sie ohne Wenn und Aber eine absolute Top-Leistung erwarten.<\/p>\n<h3>Dirk Kaduk Bauelemente \u2013 Ihr Fachbetrieb f\u00fcr Sicherheit und Sonnenschutz<\/h3>\n<p>Als Fachbetrieb darf sich eine Firma bezeichnen, deren Mitarbeiter \u00fcber dokumentierte Qualifikationen verf\u00fcgen. Dies ist unter anderem eine entsprechende Ausbildung oder ein Meisterbrief. Au\u00dferdem zeichnet eine langj\u00e4hrige praktische Erfahrung einen Fachbetrieb aus. Bereits seit vielen Jahren konzentrieren wir uns als spezialisiertes Unternehmen auf Sonnenschutz und Sicherheit von Immobilien. In diesen langen Jahren haben wir uns die Bezeichnung Fachbetrieb sicherlich verdient. Wir nutzen ausnahmslos hervorragende Produkte. Hierbei achten wir immer auf ein ausgewogenes Preis-Leistungsverh\u00e4ltnis. Unsere \u00dcberzeugung als Fachbetrieb: Wir bieten Ihnen 1a-Leistung zu einem fairen Preis.<\/p>","popseo_links":"<a href=\"https:\/\/www.kaduk-bauelemente.de\/leistungen\/tueren-herzogtum-lauenburg\/\">T\u00fcren Herzogtum Lauenburg<\/a>, <a href=\"https:\/\/www.kaduk-bauelemente.de\/leistungen\/markisen-stelle\/\">Markisen Stelle<\/a>, <a href=\"https:\/\/www.kaduk-bauelemente.de\/leistungen\/fenster-tostedt-sittensen\/\">Fenster Tostedt Sittensen<\/a>, <a href=\"https:\/\/www.kaduk-bauelemente.de\/leistungen\/terrassendaecher-aus-aluminium-bergedorf-wentorf\/\">Terrassend\u00e4cher aus Aluminium Bergedorf Wentorf<\/a>, <a href=\"https:\/\/www.kaduk-bauelemente.de\/leistungen\/terrassenueberdachungen-aus-holz-adendorf\/\">Terrassen\u00fcberdachungen aus Holz Adendorf<\/a>, <a href=\"https:\/\/www.kaduk-bauelemente.de\/leistungen\/garagen-bad-bevensen\/\">Garagen Bad Bevensen<\/a>, <a href=\"https:\/\/www.kaduk-bauelemente.de\/leistungen\/rolllaeden-uelzen\/\">Rolll\u00e4den Uelzen<\/a>, <a href=\"https:\/\/www.kaduk-bauelemente.de\/leistungen\/raffstores-bispingen\/\">Raffstores Bispingen<\/a>, <a href=\"https:\/\/www.kaduk-bauelemente.de\/leistungen\/sektionaltore-reppenstedt\/\">Sektionaltore Reppenstedt<\/a>, <a href=\"https:\/\/www.kaduk-bauelemente.de\/leistungen\/terrassendaecher-aus-aluminium-tostedt-sittensen\/\">Terrassend\u00e4cher aus Aluminium Tostedt Sittensen<\/a>, <a href=\"https:\/\/www.kaduk-bauelemente.de\/leistungen\/haustueren-salzhausen\/\">Haust\u00fcren Salzhausen<\/a>, <a href=\"https:\/\/www.kaduk-bauelemente.de\/leistungen\/terrassenueberdachungen-aus-holz-boizenburg\/\">Terrassen\u00fcberdachungen aus Holz Boizenburg<\/a>, <a href=\"https:\/\/www.kaduk-bauelemente.de\/leistungen\/tueren-reppenstedt\/\">T\u00fcren Reppenstedt<\/a>, <a href=\"https:\/\/www.kaduk-bauelemente.de\/leistungen\/terrassendaecher-aus-holz-reinbek-glinde\/\">Terrassend\u00e4cher aus Holz Reinbek Glinde<\/a>, <a href=\"https:\/\/www.kaduk-bauelemente.de\/leistungen\/raffstores-uelzen\/\">Raffstores Uelzen<\/a>, <a href=\"https:\/\/www.kaduk-bauelemente.de\/leistungen\/insektenschutz-geesthacht\/\">Insektenschutz Geesthacht<\/a>, <a href=\"https:\/\/www.kaduk-bauelemente.de\/leistungen\/aussenjalousien-buchholz\/\">Au\u00dfenjalousien Buchholz<\/a>, <a href=\"https:\/\/www.kaduk-bauelemente.de\/leistungen\/aussenjalousien-jesteburg\/\">Au\u00dfenjalousien Jesteburg<\/a>, <a href=\"https:\/\/www.kaduk-bauelemente.de\/leistungen\/fliegengitter-hanstedt\/\">Fliegengitter Hanstedt<\/a>, <a href=\"https:\/\/www.kaduk-bauelemente.de\/leistungen\/rollladen-bad-bevensen\/\">Rollladen Bad Bevensen<\/a>, <a href=\"https:\/\/www.kaduk-bauelemente.de\/leistungen\/markisen-reinbek-glinde\/\">Markisen Reinbek Glinde<\/a>, <a href=\"https:\/\/www.kaduk-bauelemente.de\/leistungen\/rollladen-schwarzenbek\/\">Rollladen Schwarzenbek<\/a>, <a href=\"https:\/\/www.kaduk-bauelemente.de\/leistungen\/rolltore-lueneburg\/\">Rolltore L\u00fcneburg<\/a>, <a href=\"https:\/\/www.kaduk-bauelemente.de\/leistungen\/zaunbau-jesteburg\/\">Zaunbau Jesteburg<\/a>, <a href=\"https:\/\/www.kaduk-bauelemente.de\/leistungen\/kunststofffenster-amt-neuhaus\/\">Kunststofffenster Amt Neuhaus<\/a>, <a href=\"https:\/\/www.kaduk-bauelemente.de\/leistungen\/garagen-ebstorf\/\">Garagen Ebstorf<\/a>"},"_links":{"self":[{"href":"https:\/\/www.kaduk-bauelemente.de\/leistungen\/wp-json\/wp\/v2\/pages\/4346","targetHints":{"allow":["GET"]}}],"collection":[{"href":"https:\/\/www.kaduk-bauelemente.de\/leistungen\/wp-json\/wp\/v2\/pages"}],"about":[{"href":"https:\/\/www.kaduk-bauelemente.de\/leistungen\/wp-json\/wp\/v2\/types\/page"}],"author":[{"embeddable":true,"href":"https:\/\/www.kaduk-bauelemente.de\/leistungen\/wp-json\/wp\/v2\/users\/1"}],"replies":[{"embeddable":true,"href":"https:\/\/www.kaduk-bauelemente.de\/leistungen\/wp-json\/wp\/v2\/comments?post=4346"}],"version-history":[{"count":0,"href":"https:\/\/www.kaduk-bauelemente.de\/leistungen\/wp-json\/wp\/v2\/pages\/4346\/revisions"}],"wp:attachment":[{"href":"https:\/\/www.kaduk-bauelemente.de\/leistungen\/wp-json\/wp\/v2\/media?parent=4346"}],"curies":[{"name":"wp","href":"https:\/\/api.w.org\/{rel}","templated":true}]}}