{"id":4345,"date":"2021-08-25T12:19:04","date_gmt":"2021-08-25T10:19:04","guid":{"rendered":"https:\/\/www.kaduk-bauelemente.de\/leistungen\/holzfenster-reinbek-glinde\/"},"modified":"2021-08-25T12:19:04","modified_gmt":"2021-08-25T10:19:04","slug":"holzfenster-reinbek-glinde","status":"publish","type":"page","link":"https:\/\/www.kaduk-bauelemente.de\/leistungen\/holzfenster-reinbek-glinde\/","title":{"rendered":"Holzfenster &#8211; Reinbek Glinde"},"content":{"rendered":"<h3>Holzfenster \u2013 formsch\u00f6n und praktisch!<\/h3>\n<p>Unser Portfolio bietet ein gro\u00dfes Sortiment. Ein Holzfenster ist eine schmuckvolle, trotzdem erstklassige Kombination aus Natur und Technik. Nat\u00fcrliches Material ist fraglos ein Ausdruck f\u00fcr einen besonderen Geschmack. Obendrein bietet Ihnen das Holzfenster eine sehr hohe Energieeffizienz.  <\/p>\n<p>Holzfenster erfreuen sich einer gro\u00dfen Kundennachfrage. Als Werkstoff ist Holz besonders nachhaltig. Auch beeindrucken Holzfenster durch ihre lange Haltbarkeit. Zweifel, Holzfenster w\u00e4ren im Gegensatz zu Kunststofffenstern empfindlicher, kann man komplett verneinen. Hochwertige und optimal behandelte Holzfenster bieten einen optimalen Schutz gegen schlechte Witterungseinfl\u00fcsse.<\/p>\n<h3>Holzfenster \u2013 besuchen Sie unsere Ausstellung!<\/h3>\n<p>Ein Holzfenster wirkt sich positiv auf das Wohngef\u00fchl aus. In unserem Programm bieten wir Ihnen Produkte mit einem individuellen Farbaufbau. Und selbstverst\u00e4ndlich erf\u00fcllen heutige Holzfenster auch s\u00e4mtliche Anforderungen eines zeitgem\u00e4\u00dfen Energiehaushaltes. Sie sehen: Ein exquisites Holzfenster l\u00e4sst keine W\u00fcnsche offen. Mit einem schmucken Fenster in naturbelassener Optik betonen Sie die Architektur Ihres Hauses besonders eindrucksvoll. Die Investition in Holzfenster lohnt sich!<\/p>\n","protected":false},"excerpt":{"rendered":"<p>Holzfenster \u2013 formsch\u00f6n und praktisch! Unser Portfolio bietet ein gro\u00dfes Sortiment. Ein Holzfenster ist eine schmuckvolle, trotzdem erstklassige Kombination aus Natur und Technik. Nat\u00fcrliches Material ist fraglos ein Ausdruck f\u00fcr einen besonderen Geschmack. Obendrein bietet Ihnen das Holzfenster eine sehr hohe Energieeffizienz. Holzfenster erfreuen sich einer gro\u00dfen Kundennachfrage. Als Werkstoff ist Holz besonders nachhaltig. Auch [&hellip;]<\/p>\n","protected":false},"author":1,"featured_media":0,"parent":0,"menu_order":0,"comment_status":"closed","ping_status":"closed","template":"","meta":{"footnotes":""},"class_list":["post-4345","page","type-page","status-publish","hentry"],"meta_box":{"popseo_subtitel":"Kaduk Bauelemente ist Ihr Fachunternehmen f\u00fcr Holzfenster im Raum Reinbek Glinde","popseo_subtitel2":"Holzfenster - unsere Fachleute beraten Sie","popseo_lasttitel":"Holzfenster: Unsere Experten beantworten Ihre Fragen","popseo_region":"Reinbek Glinde","popseo_sachwort":"Holzfenster","popseo_noupdate":"","popseo_einleitungstext":"<p>Sie wollen Ihre Gesch\u00e4fts- oder Wohnimmobilie mit zeitgem\u00e4\u00dfen Bauelementen ausstatten lassen interessieren sich f\u00fcr unser Leistungs- und Produktangebot? Wunderbar, dann sind Sie auf dieser Seite an der richtigen Adresse. Unser Produktportfolio umfasst unter anderem Terrassend\u00e4cher, Markisen, Rolltore, T\u00fcren, Fenster, Au\u00dfenjalousien, Carports und Rolll\u00e4den. Als auf Sonnenschutz und Sicherheit spezialisiertes Unternehmen \u00fcbernehmen wir insbesondere auch Reparatur- und Montagearbeiten. Erfahren Sie nachfolgend mehr \u00fcber uns und unser Angebot. Ihr Interesse freut uns sehr.<\/p>","popseo_schlusstext":"<p>Wenn Sie ein erfahrenes Unternehmen f\u00fcr moderne Sicherheits- und Sonnenschutzprodukte suchen, sind Sie bei uns an der richtigen Adresse. Sie m\u00f6chten mehr \u00fcber uns wissen? Als auf Bauelemente spezialisierte Fachfirma sind wir f\u00fcr die Realisierung Ihres Vorhabens der optimale Partner und freuen uns \u00fcber Ihre Anfrage, ganz egal ob per Telefonanruf oder E-Mail. Worauf Sie neben Fachwissen setzen d\u00fcrfen: Unser Expertenteam ist immer mit Elan und viel Motivation bei der Sache. Wir freuen uns auf Sie!<\/p>","popseo_stadttext":"<h3>Unser Einzugsbereich umfasst auch Reinbek und Glinde<\/h3>\n<p>Wir arbeiten f\u00fcr Kunden aus Reinbek und Glinde. Durch unsere Vertriebst\u00e4tigkeit haben wir uns einen guten \u00dcberblick \u00fcber die Stadtarchitektur der St\u00e4dte und Gemeinden unseres Einzugsbereiches machen k\u00f6nnen. Nat\u00fcrlich z\u00e4hlt auch Reinbek zu unserem unmittelbaren Gesch\u00e4ftsgebiet. Wir freuen uns darauf, mit Ihnen ins Gespr\u00e4ch zu kommen. <\/p>\n<h3>Wissenswertes \u00fcber Reinbek und Glinde<\/h3>\n<p>Die schleswig-holsteinische Stadt Reinbek befindet sich im Landkreis Stormarn. Heute z\u00e4hlt Reinbek gut 26.000 Menschen. Die Gemeinde Reinbek umfasst ein Grundfl\u00e4che von ungef\u00e4hr 31 qkm. Reinbek rechnet man zur Metropolregion Hamburg und liegt rund 20 Kilometer \u00f6stlich der Freien und Hansestadt Hamburg. Die Stadt Reinbek verf\u00fcgt mit der S21 \u00fcber einen HVV-Anschluss. Der geringe Fahrweg von nicht mehr als 25 Minuten macht Reinbek vor allem reizvoll f\u00fcr Pendler. Wer seinen Arbeitsplatz in Hamburg hat, genie\u00dft in Reinbek eine optimale Kombination: Das Treiben der Gro\u00dfstadt findet in der idyllischen Wohnstatt von Reinbek seinen Gegenpol. <\/p>\n<p>Die Stadt Glinde liegt im S\u00fcden von Schleswig-Holstein, in der Metropolregion Hamburg, ungef\u00e4hr 20 Kilometer am \u00f6stlichen Rand von Hamburg. Aufgrund der ausgezeichneten Infrastruktur hat sich Glinde zu einem optimalen Wohnort entwickelt, obwohl weit \u00fcber die H\u00e4lfte des Stadtgebietes von Glinde aus Park- oder Wasserfl\u00e4chen besteht oder landwirtschaftlich genutzt wird. Rund 33 Prozent der gesamten Stadtfl\u00e4che stehen in Glinde f\u00fcr den Wohnungsbau und f\u00fcr die gewerbliche Nutzung bereit.  <\/p>\n<h3>Reizvolle Gemeinden Reinbek und Glinde!<\/h3>\n<p>Die Stadtstruktur Reinbeks besteht mehrheitlich aus vielen freistehenden Ein- und Mehrfamilienh\u00e4usern, die ihren Besitzern einen hohen Lebensstandard bieten. Reinbek zeichnet sich neben der hohen Wohnqualit\u00e4t auch durch seine gro\u00dfe Wirtschaftsleistung aus. Neben einer guten Anbindung \u00fcber den HVV, bietet Reinbek auch f\u00fcr den Autofahrer gute Bedingungen: Die Bundesautobahnen A1 und A24 sowie die Bundesstra\u00dfe B5 liegen in unmittelbarer N\u00e4he von Reinbek. Auf der Landstra\u00dfe kommt man \u00fcber Neusch\u00f6nningstedt nach Reinbek. <\/p>\n<h4>Wir f\u00fcr Sie in Reinbek und Glinde!<\/h4>\n<p>Toll, dass Sie uns hier auf dieser Website entdeckt haben. Wenn Sie ein Fachunternehmen ben\u00f6tigen, sind Sie bei uns richtig. Sie m\u00f6chten mehr \u00fcber uns erfahren? F\u00fcr R\u00fcckfragen stehen wir Ihnen jederzeit zur Verf\u00fcgung. Auf Ihre Anfragen freuen wir uns.<\/p>","popseo_zusatztext":"<h3>Sonnenschutz vom Fachbetrieb<\/h3>\n<p>Vertrauen Sie in Sachen Sicherheit und Sonnenschutz auf jeden Fall auf die fachspezifische Leistung vom Fachbetrieb. Nur ein Fachbetrieb kennt die Alternativen, wie man zu einem sachgerechten Ergebnis kommt. Um sich mit Fug und Recht Fachbetrieb nennen zu d\u00fcrfen, braucht es eine qualifizierte Ausbildung der Mitarbeiter und eine langj\u00e4hrige Berufserfahrung.  <\/p>\n<p>Unsere Unternehmung empfiehlt sich als Ihr fachkundiger Fachbetrieb f\u00fcr Sicherheit und Sonnenschutz. Setzen Sie auf Qualit\u00e4t und schenken Sie unserem Fachbetrieb Ihr Vertrauen. Wir bieten Ihnen u.a. qualitativ ausgezeichnete Rolll\u00e4den und Markisen und legen h\u00f6chsten Wert auf einen sehr guten Service. Schon seit vielen Jahren sind wir fachkundiger Fachbetrieb f\u00fcr Terrassend\u00e4cher, Au\u00dfenjalousien, Rolll\u00e4den im Raum L\u00fcneburg. Es ist unser Bestreben, dass Sie lange viel Freude an Ihrem Sicht und Sonnenschutz haben. Von einem Fachbetrieb d\u00fcrfen Sie zu Recht eine absolute Top-Leistung erwarten.<\/p>\n<h3>Sicht- und Sonnenschutz\u2013 ein Thema f\u00fcr den Fachbetrieb<\/h3>\n<p>Als Fachbetrieb darf sich eine Firma bezeichnen, deren Angestellte \u00fcber dokumentierte Qualifikationen verf\u00fcgen. Dies ist u.a. eine entsprechende Berufsausbildung oder ein Meisterbrief. Auch zeichnet eine intensive praktische Erfahrung einen Fachbetrieb aus. Bereits seit vielen Jahren konzentrieren wir uns als spezialisiertes Unternehmen auf Sicherheit und Sonnenschutz von Geb\u00e4uden. In diesen langen Jahren haben wir uns das Attribut Fachbetrieb redlich verdient. Wir benutzen nur hochwertige Materialien. Dabei achten wir immer auf ein faires Preis-Leistungsverh\u00e4ltnis. Unser Versprechen als Fachbetrieb: Wir bieten Ihnen beste Qualit\u00e4t zu einem sehr guten Preis.<\/p>","popseo_links":"<a href=\"https:\/\/www.kaduk-bauelemente.de\/leistungen\/tueren-bardowick\/\">T\u00fcren Bardowick<\/a>, <a href=\"https:\/\/www.kaduk-bauelemente.de\/leistungen\/garagen-boizenburg\/\">Garagen Boizenburg<\/a>, <a href=\"https:\/\/www.kaduk-bauelemente.de\/leistungen\/insektenschutz-tostedt-sittensen\/\">Insektenschutz Tostedt Sittensen<\/a>, <a href=\"https:\/\/www.kaduk-bauelemente.de\/leistungen\/rolltore-tostedt-sittensen\/\">Rolltore Tostedt Sittensen<\/a>, <a href=\"https:\/\/www.kaduk-bauelemente.de\/leistungen\/aussenjalousien-amelinghausen\/\">Au\u00dfenjalousien Amelinghausen<\/a>, <a href=\"https:\/\/www.kaduk-bauelemente.de\/leistungen\/kunststofffenster-jesteburg\/\">Kunststofffenster Jesteburg<\/a>, <a href=\"https:\/\/www.kaduk-bauelemente.de\/leistungen\/haustueren-amelinghausen\/\">Haust\u00fcren Amelinghausen<\/a>, <a href=\"https:\/\/www.kaduk-bauelemente.de\/leistungen\/zaunbau-boizenburg\/\">Zaunbau Boizenburg<\/a>, <a href=\"https:\/\/www.kaduk-bauelemente.de\/leistungen\/garagentore-maschen\/\">Garagentore Maschen<\/a>, <a href=\"https:\/\/www.kaduk-bauelemente.de\/leistungen\/terrassendaecher-aus-aluminium-buchholz\/\">Terrassend\u00e4cher aus Aluminium Buchholz<\/a>, <a href=\"https:\/\/www.kaduk-bauelemente.de\/leistungen\/zaunbau-bardowick\/\">Zaunbau Bardowick<\/a>, <a href=\"https:\/\/www.kaduk-bauelemente.de\/leistungen\/zaunbau-adendorf\/\">Zaunbau Adendorf<\/a>, <a href=\"https:\/\/www.kaduk-bauelemente.de\/leistungen\/haustueren-buchholz\/\">Haust\u00fcren Buchholz<\/a>, <a href=\"https:\/\/www.kaduk-bauelemente.de\/leistungen\/tueren-tostedt-sittensen\/\">T\u00fcren Tostedt Sittensen<\/a>, <a href=\"https:\/\/www.kaduk-bauelemente.de\/leistungen\/fenster-lueneburg\/\">Fenster L\u00fcneburg<\/a>, <a href=\"https:\/\/www.kaduk-bauelemente.de\/leistungen\/terrassendaecher-aus-holz-salzhausen\/\">Terrassend\u00e4cher aus Holz Salzhausen<\/a>, <a href=\"https:\/\/www.kaduk-bauelemente.de\/leistungen\/terrassendaecher-aus-aluminium-boizenburg\/\">Terrassend\u00e4cher aus Aluminium Boizenburg<\/a>, <a href=\"https:\/\/www.kaduk-bauelemente.de\/leistungen\/sektionaltore-seevetal-rosengarten\/\">Sektionaltore Seevetal Rosengarten<\/a>, <a href=\"https:\/\/www.kaduk-bauelemente.de\/leistungen\/insektenschutz-amelinghausen\/\">Insektenschutz Amelinghausen<\/a>, <a href=\"https:\/\/www.kaduk-bauelemente.de\/leistungen\/rolltore-adendorf\/\">Rolltore Adendorf<\/a>, <a href=\"https:\/\/www.kaduk-bauelemente.de\/leistungen\/terrassenueberdachungen-aus-aluminium-bispingen\/\">Terrassen\u00fcberdachungen aus Aluminium Bispingen<\/a>, <a href=\"https:\/\/www.kaduk-bauelemente.de\/leistungen\/insektenschutz-uelzen\/\">Insektenschutz Uelzen<\/a>, <a href=\"https:\/\/www.kaduk-bauelemente.de\/leistungen\/terrassendaecher-aus-aluminium-bienenbuettel\/\">Terrassend\u00e4cher aus Aluminium Bienenb\u00fcttel<\/a>, <a href=\"https:\/\/www.kaduk-bauelemente.de\/leistungen\/aussenjalousien-bispingen\/\">Au\u00dfenjalousien Bispingen<\/a>, <a href=\"https:\/\/www.kaduk-bauelemente.de\/leistungen\/sektionaltore-winsen-luhe\/\">Sektionaltore Winsen Luhe<\/a>, <a href=\"https:\/\/www.kaduk-bauelemente.de\/leistungen\/kunststofffenster-herzogtum-lauenburg\/\">Kunststofffenster Herzogtum Lauenburg<\/a>"},"_links":{"self":[{"href":"https:\/\/www.kaduk-bauelemente.de\/leistungen\/wp-json\/wp\/v2\/pages\/4345","targetHints":{"allow":["GET"]}}],"collection":[{"href":"https:\/\/www.kaduk-bauelemente.de\/leistungen\/wp-json\/wp\/v2\/pages"}],"about":[{"href":"https:\/\/www.kaduk-bauelemente.de\/leistungen\/wp-json\/wp\/v2\/types\/page"}],"author":[{"embeddable":true,"href":"https:\/\/www.kaduk-bauelemente.de\/leistungen\/wp-json\/wp\/v2\/users\/1"}],"replies":[{"embeddable":true,"href":"https:\/\/www.kaduk-bauelemente.de\/leistungen\/wp-json\/wp\/v2\/comments?post=4345"}],"version-history":[{"count":0,"href":"https:\/\/www.kaduk-bauelemente.de\/leistungen\/wp-json\/wp\/v2\/pages\/4345\/revisions"}],"wp:attachment":[{"href":"https:\/\/www.kaduk-bauelemente.de\/leistungen\/wp-json\/wp\/v2\/media?parent=4345"}],"curies":[{"name":"wp","href":"https:\/\/api.w.org\/{rel}","templated":true}]}}