{"id":4342,"date":"2021-08-25T12:19:04","date_gmt":"2021-08-25T10:19:04","guid":{"rendered":"https:\/\/www.kaduk-bauelemente.de\/leistungen\/holzfenster-jesteburg\/"},"modified":"2021-08-25T12:19:04","modified_gmt":"2021-08-25T10:19:04","slug":"holzfenster-jesteburg","status":"publish","type":"page","link":"https:\/\/www.kaduk-bauelemente.de\/leistungen\/holzfenster-jesteburg\/","title":{"rendered":"Holzfenster &#8211; Jesteburg"},"content":{"rendered":"<h3>Holzfenster &#8211; eine gute  Investition<\/h3>\n<p>Unser Portfolio umfasst ein breites Sortiment. Ein Holzfenster ist eine schmucke, dennoch erstklassige Verbindung aus Technik und Natur. Naturbelassenes Material ist grunds\u00e4tzlich ein Kennzeichen f\u00fcr einen individuellen Stil. Gleichzeitig bietet Ihnen das Holzfenster eine sehr hohe Energieeffizienz.  <\/p>\n<p>Holzfenster erfreuen sich einer gro\u00dfen Kundennachfrage. Als Werkstoff ist Holz besonders wertig. Auch \u00fcberzeugen Holzfenster durch ihre lange Lebensdauer. Bedenken, Holzfenster w\u00e4ren im Vergleich zu Kunststofffenstern empfindlicher, kann man rundum verneinen. Erstklassige und vern\u00fcnftig behandelte Holzfenster bieten einen sehr guten Schutz gegen sch\u00e4dliche Witterungseinfl\u00fcsse.<\/p>\n<h3>Holzfenster sind besonders vorteilhaft!<\/h3>\n<p>Ein Holzfenster wirkt sich positiv auf das Wohngef\u00fchl aus. In unserem Angebot bieten wir Ihnen Fabrikate mit einem individuellen Farbaufbau. Und selbstverst\u00e4ndlich erf\u00fcllen moderne Holzfenster auch s\u00e4mtliche Anforderungen eines zeitgem\u00e4\u00dfen Energiehaushaltes. Sie sehen: Ein erstklassiges Holzfenster l\u00e4sst keine W\u00fcnsche offen. Mit einem sch\u00f6nen  Fenster in naturbelassener Optik unterstreichen Sie die Architektur Ihres Hauses besonders eindrucksvoll. Die Investition in Holzfenster rechnet sich!<\/p>\n","protected":false},"excerpt":{"rendered":"<p>Holzfenster &#8211; eine gute Investition Unser Portfolio umfasst ein breites Sortiment. Ein Holzfenster ist eine schmucke, dennoch erstklassige Verbindung aus Technik und Natur. Naturbelassenes Material ist grunds\u00e4tzlich ein Kennzeichen f\u00fcr einen individuellen Stil. Gleichzeitig bietet Ihnen das Holzfenster eine sehr hohe Energieeffizienz. Holzfenster erfreuen sich einer gro\u00dfen Kundennachfrage. Als Werkstoff ist Holz besonders wertig. Auch [&hellip;]<\/p>\n","protected":false},"author":1,"featured_media":0,"parent":0,"menu_order":0,"comment_status":"closed","ping_status":"closed","template":"","meta":{"footnotes":""},"class_list":["post-4342","page","type-page","status-publish","hentry"],"meta_box":{"popseo_subtitel":"Wir sind Ihr Fachanbieter f\u00fcr Holzfenster im Raum Jesteburg","popseo_subtitel2":"Holzfenster - setzen Sie auf hochwertige L\u00f6sungen","popseo_lasttitel":"Holzfenster: Sie haben Fragen? Dann melden Sie sich bei uns","popseo_region":"Jesteburg","popseo_sachwort":"Holzfenster","popseo_noupdate":"","popseo_einleitungstext":"<p>Gerne informieren wir Sie n\u00e4her \u00fcber unser Produkt- und T\u00e4tigkeitsspektrum. Wir pr\u00e4sentieren Ihnen mit Vergn\u00fcgen auch einige Projekte, die Ihnen einen Einblick in unsere Unternehmenst\u00e4tigkeit geben.<br \/>\nWir sind f\u00fcr Sie da. Rufen Sie uns doch rasch einmal an oder schreiben Sie uns eine schnelle E-Mail. Wir freuen uns auf Sie.<\/p>","popseo_schlusstext":"<p>Sehr gerne informieren wir Sie n\u00e4her \u00fcber unser Produkt- und T\u00e4tigkeitsspektrum. Wir nennen Ihnen mit Vergn\u00fcgen auch ein paar Projekte, die Ihnen einen Einblick in unsere Firment\u00e4tigkeit geben.<br \/>\nVertrauen Sie den Spezialisten der Firma Kaduk. Rufen Sie uns doch einfach einmal an oder schicken Sie uns eine kurze E-Mail. Wir freuen uns auf Sie.<\/p>","popseo_stadttext":"<h3>Vor Ort in Jesteburg<\/h3>\n<p>Durch unsere Vertriebst\u00e4tigkeit haben wir uns einen sehr guten \u00dcberblick \u00fcber die Architektur der Gemeinden und St\u00e4dte unseres Einzugsbereiches erarbeiten k\u00f6nnen. Nat\u00fcrlich geh\u00f6rt auch Jesteburg zu unserem unmittelbaren Vertriebsgebiet. Wir freuen uns darauf, mit Ihnen in Kontakt zu treten. <\/p>\n<h3>Lebensmittelpunkt Jesteburg<\/h3>\n<p>Jesteburg liegt im n\u00f6rdlichen Niedersachsen und ist knapp 30 Kilometer von von der Freien und Hansestadt Hamburg entfernt. Auf einer Fl\u00e4che von zirka 28 km\u00b2 leben rund 8.000 B\u00fcrger. <\/p>\n<p>Organisatorisch z\u00e4hlt Jesteburg zum Kreis Harburg. Nur 10 Kilometer von Jesteburg entfernt beginnt die L\u00fcneburger Heide, ein nach wie vor wunderbarer Naturpark. Jesteburg hat insgesamt vier Gemeindeteile: Reindorfer Osterberg, Wiedenhof, Itzenb\u00fcttel und L\u00fcllau. Pendler bewerten an Jesteburg ganz besonders die zentrale Lage positiv. Wer seinen Arbeitsplatz z.B. in Hamburg hat, genie\u00dft sowohl die N\u00e4he zur Metropole als auch das ruhige Leben am Stadtrand. Jesteburg ist fraglos ein wunderbarer Ort zum Leben. \u00dcberregional bekannt ist Jesteburg durch die j\u00e4hrlich stattfindende Kunstwoche Jesteburg. An die 60 K\u00fcnstler stellen auf dem renommierten Kunstevent ihre Werke aus. In der Kunstst\u00e4tte Bossard werden dar\u00fcber hinaus Werke aus den Genres Malerei, Bildhauerei und Architektur pr\u00e4sentiert. <\/p>\n<h4>Hohe Qualit\u00e4t f\u00fcr Kunden aus Jesteburg<\/h4>\n<p>Sie interessieren sich f\u00fcr unser Leistungsprogramm und sind hier im Internet auf unsere Website gesto\u00dfen? Dar\u00fcber freuen wir uns sehr. Gerne pr\u00e4sentieren wir Ihnen unser gesamtes Leistungsspektrum und beantworten Ihre Fragen. Unser engagiertes Team freut sich auf Sie.<\/p>","popseo_zusatztext":"<h3>Kaduk Bauelemente ist Ihr Fachbetrieb f\u00fcr Sonnen- und Sichtschutz<\/h3>\n<p>Setzen Sie in Sachen Sonnenschutz und Sicherheit auf jeden Fall auf die fachliche Leistung vom Fachbetrieb. Nur ein Fachbetrieb kennt die Alternativen, wie man zu einem fachgerechten Ergebnis kommt. Um sich mit Fug und Recht Fachbetrieb nennen zu d\u00fcrfen, braucht es eine qualifizierte Ausbildung der Mitarbeiter und eine langj\u00e4hrige Berufserfahrung.  <\/p>\n<p>Unsere Firma empfiehlt sich als Ihr sachkundiger Fachbetrieb f\u00fcr Sonnenschutz und Sicherheit. Setzen Sie auf Qualit\u00e4t und schenken Sie unserem Fachbetrieb Ihr Vertrauen. Wir bieten Ihnen unter anderem schicke Markisen und Rolll\u00e4den und legen massiv Wert auf einen sehr guten Service. Schon seit vielen Jahren sind wir fachkundiger Fachbetrieb f\u00fcr Markisen, Terrassend\u00e4cher, Rolll\u00e4den und Au\u00dfenjalousien im Raum L\u00fcneburg. Es ist unser Bestreben, dass Sie viele Jahre viel Freude an Ihrem Sicht und Sonnenschutz haben. Von einem Fachbetrieb d\u00fcrfen Sie selbstverst\u00e4ndlich eine fehlerfreie Top-Leistung erwarten.<\/p>\n<h3>Sicht- und Sonnenschutz\u2013 ein Thema f\u00fcr den Fachbetrieb<\/h3>\n<p>Als Fachbetrieb darf sich ein Unternehmen bezeichnen, deren Angestellte \u00fcber nachweisbare Qualifikationen verf\u00fcgen. Dies ist unter anderem eine entsprechende Berufsausbildung oder ein Meisterbrief. Des Weiteren zeichnet eine intensive praktische Erfahrung einen Fachbetrieb aus. Schon seit vielen Jahren konzentrieren wir uns als spezialisiertes Unternehmen auf Sonnenschutz und Sicherheit von Geb\u00e4uden. In diesen langen Jahren haben wir uns das Attribut Fachbetrieb ganz sicher erarbeitet. Wir verarbeiten lediglich hervorragende Produkte. Hierbei achten wir stets auf ein sehr gutes Preis-Leistungsverh\u00e4ltnis. Unsere \u00dcberzeugung als Fachbetrieb: Wir bieten Ihnen 1a-Qualit\u00e4t zu einem fairen Preis.<\/p>","popseo_links":"<a href=\"https:\/\/www.kaduk-bauelemente.de\/leistungen\/zaunbau-ebstorf\/\">Zaunbau Ebstorf<\/a>, <a href=\"https:\/\/www.kaduk-bauelemente.de\/leistungen\/raffstores-ebstorf\/\">Raffstores Ebstorf<\/a>, <a href=\"https:\/\/www.kaduk-bauelemente.de\/leistungen\/rolltore-bardowick\/\">Rolltore Bardowick<\/a>, <a href=\"https:\/\/www.kaduk-bauelemente.de\/leistungen\/haustueren-herzogtum-lauenburg\/\">Haust\u00fcren Herzogtum Lauenburg<\/a>, <a href=\"https:\/\/www.kaduk-bauelemente.de\/leistungen\/markisen-geesthacht\/\">Markisen Geesthacht<\/a>, <a href=\"https:\/\/www.kaduk-bauelemente.de\/leistungen\/terrassendaecher-aus-holz-hanstedt\/\">Terrassend\u00e4cher aus Holz Hanstedt<\/a>, <a href=\"https:\/\/www.kaduk-bauelemente.de\/leistungen\/garagen-buchholz\/\">Garagen Buchholz<\/a>, <a href=\"https:\/\/www.kaduk-bauelemente.de\/leistungen\/aussenjalousien-reinbek-glinde\/\">Au\u00dfenjalousien Reinbek Glinde<\/a>, <a href=\"https:\/\/www.kaduk-bauelemente.de\/leistungen\/garagen-reppenstedt\/\">Garagen Reppenstedt<\/a>, <a href=\"https:\/\/www.kaduk-bauelemente.de\/leistungen\/aussenjalousien-adendorf\/\">Au\u00dfenjalousien Adendorf<\/a>, <a href=\"https:\/\/www.kaduk-bauelemente.de\/leistungen\/fenster-winsen-luhe\/\">Fenster Winsen Luhe<\/a>, <a href=\"https:\/\/www.kaduk-bauelemente.de\/leistungen\/zaunbau-harburg\/\">Zaunbau Harburg<\/a>, <a href=\"https:\/\/www.kaduk-bauelemente.de\/leistungen\/zaeune-uelzen\/\">Z\u00e4une Uelzen<\/a>, <a href=\"https:\/\/www.kaduk-bauelemente.de\/leistungen\/sektionaltore-bergedorf-wentorf\/\">Sektionaltore Bergedorf Wentorf<\/a>, <a href=\"https:\/\/www.kaduk-bauelemente.de\/leistungen\/carports-amt-neuhaus\/\">Carports Amt Neuhaus<\/a>, <a href=\"https:\/\/www.kaduk-bauelemente.de\/leistungen\/tueren-seevetal-rosengarten\/\">T\u00fcren Seevetal Rosengarten<\/a>, <a href=\"https:\/\/www.kaduk-bauelemente.de\/leistungen\/rolltore-reinbek-glinde\/\">Rolltore Reinbek Glinde<\/a>, <a href=\"https:\/\/www.kaduk-bauelemente.de\/leistungen\/aussenjalousien-uelzen\/\">Au\u00dfenjalousien Uelzen<\/a>, <a href=\"https:\/\/www.kaduk-bauelemente.de\/leistungen\/rolltore-buchholz\/\">Rolltore Buchholz<\/a>, <a href=\"https:\/\/www.kaduk-bauelemente.de\/leistungen\/insektenschutz-reinbek-glinde\/\">Insektenschutz Reinbek Glinde<\/a>, <a href=\"https:\/\/www.kaduk-bauelemente.de\/leistungen\/terrassendaecher-aus-holz-reppenstedt\/\">Terrassend\u00e4cher aus Holz Reppenstedt<\/a>, <a href=\"https:\/\/www.kaduk-bauelemente.de\/leistungen\/terrassenueberdachungen-aus-holz-uelzen\/\">Terrassen\u00fcberdachungen aus Holz Uelzen<\/a>, <a href=\"https:\/\/www.kaduk-bauelemente.de\/leistungen\/zaeune-lueneburg\/\">Z\u00e4une L\u00fcneburg<\/a>, <a href=\"https:\/\/www.kaduk-bauelemente.de\/leistungen\/terrassenueberdachungen-aus-holz-salzhausen\/\">Terrassen\u00fcberdachungen aus Holz Salzhausen<\/a>, <a href=\"https:\/\/www.kaduk-bauelemente.de\/leistungen\/kunststofffenster-reppenstedt\/\">Kunststofffenster Reppenstedt<\/a>, <a href=\"https:\/\/www.kaduk-bauelemente.de\/leistungen\/garagentore-bergedorf-wentorf\/\">Garagentore Bergedorf Wentorf<\/a>"},"_links":{"self":[{"href":"https:\/\/www.kaduk-bauelemente.de\/leistungen\/wp-json\/wp\/v2\/pages\/4342","targetHints":{"allow":["GET"]}}],"collection":[{"href":"https:\/\/www.kaduk-bauelemente.de\/leistungen\/wp-json\/wp\/v2\/pages"}],"about":[{"href":"https:\/\/www.kaduk-bauelemente.de\/leistungen\/wp-json\/wp\/v2\/types\/page"}],"author":[{"embeddable":true,"href":"https:\/\/www.kaduk-bauelemente.de\/leistungen\/wp-json\/wp\/v2\/users\/1"}],"replies":[{"embeddable":true,"href":"https:\/\/www.kaduk-bauelemente.de\/leistungen\/wp-json\/wp\/v2\/comments?post=4342"}],"version-history":[{"count":0,"href":"https:\/\/www.kaduk-bauelemente.de\/leistungen\/wp-json\/wp\/v2\/pages\/4342\/revisions"}],"wp:attachment":[{"href":"https:\/\/www.kaduk-bauelemente.de\/leistungen\/wp-json\/wp\/v2\/media?parent=4342"}],"curies":[{"name":"wp","href":"https:\/\/api.w.org\/{rel}","templated":true}]}}