{"id":4340,"date":"2021-08-25T12:19:04","date_gmt":"2021-08-25T10:19:04","guid":{"rendered":"https:\/\/www.kaduk-bauelemente.de\/leistungen\/holzfenster-harburg\/"},"modified":"2021-08-25T12:19:04","modified_gmt":"2021-08-25T10:19:04","slug":"holzfenster-harburg","status":"publish","type":"page","link":"https:\/\/www.kaduk-bauelemente.de\/leistungen\/holzfenster-harburg\/","title":{"rendered":"Holzfenster &#8211; Harburg"},"content":{"rendered":"<h3>Holzfenster \u2013 formsch\u00f6n und praktisch!<\/h3>\n<p>Unser Angebot bietet ein breites Spektrum. Ein Holzfenster ist eine h\u00fcbsche, dennoch ausgezeichnete Verbindung aus Natur und Technik. Nat\u00fcrliches Material ist fraglos ein Zeichen f\u00fcr einen besonderen Stil. Obendrein bietet Ihnen das Holzfenster eine sehr hohe Energieeffizienz.  <\/p>\n<p>Holzfenster erfreuen sich einer gro\u00dfen Beliebtheit. Als Rohmaterial ist Holz besonders nachhaltig. Auch beeindrucken Holzfenster durch ihre lange Haltbarkeit. Bedenken, Holzfenster w\u00e4ren im Gegensatz zu Kunststofffenstern empfindlicher, kann man komplett verneinen. Erstklassige und optimal behandelte Holzfenster bieten einen sehr guten Schutz gegen schlechte Witterungseinfl\u00fcsse.<\/p>\n<h3>Holzfenster \u2013 wir informieren Sie gerne!<\/h3>\n<p>Ein Holzfenster wirkt sich positiv auf das Wohnambiente aus. In unserem Lieferprogramm bieten wir Ihnen Produkte mit einem individuellen Farbaufbau. Und selbstverst\u00e4ndlich erf\u00fcllen heutige Holzfenster auch s\u00e4mtliche Anforderungen eines zeitgem\u00e4\u00dfen Energiehaushaltes. Sie sehen: Ein erstklassiges Holzfenster l\u00e4sst keine W\u00fcnsche unerf\u00fcllt. Mit einem schmucken Fenster in naturbelassener Optik unterstreichen Sie die Architektur Ihrer Immobilie besonders nachhaltig. Die Investition in Holzfenster rechnet sich!<\/p>\n","protected":false},"excerpt":{"rendered":"<p>Holzfenster \u2013 formsch\u00f6n und praktisch! Unser Angebot bietet ein breites Spektrum. Ein Holzfenster ist eine h\u00fcbsche, dennoch ausgezeichnete Verbindung aus Natur und Technik. Nat\u00fcrliches Material ist fraglos ein Zeichen f\u00fcr einen besonderen Stil. Obendrein bietet Ihnen das Holzfenster eine sehr hohe Energieeffizienz. Holzfenster erfreuen sich einer gro\u00dfen Beliebtheit. Als Rohmaterial ist Holz besonders nachhaltig. Auch [&hellip;]<\/p>\n","protected":false},"author":1,"featured_media":0,"parent":0,"menu_order":0,"comment_status":"closed","ping_status":"closed","template":"","meta":{"footnotes":""},"class_list":["post-4340","page","type-page","status-publish","hentry"],"meta_box":{"popseo_subtitel":"Kaduk Bauelemente ist Ihr Experte f\u00fcr Holzfenster im Raum Harburg","popseo_subtitel2":"Holzfenster - wir helfen Ihnen gerne!","popseo_lasttitel":"Holzfenster: Gerne beantworten wir Ihre Fragen!","popseo_region":"Harburg","popseo_sachwort":"Holzfenster","popseo_noupdate":"","popseo_einleitungstext":"<p>Sie wollen Ihre Immobilie mit modernen Bauelementen ausstatten lassen interessieren sich f\u00fcr unser Leistungs- und Produktangebot? Wunderbar, dann sind Sie auf dieser Seite goldrichtig. Unser Produktportfolio umfasst zum Beispiel Rolltore, Markisen, Terrassend\u00e4cher, T\u00fcren, Fenster, Au\u00dfenjalousien, Rolll\u00e4den und Carports. Als auf Sonnenschutz und Sicherheit fokussiertes Unternehmen \u00fcbernehmen wir sehr gerne auch Montage- und Reparaturarbeiten. Erfahren Sie auf dieser und den nachfolgenden Seiten mehr \u00fcber uns und unser Angebot. \u00dcber Ihr Interesse freuen wir uns sehr.<\/p>","popseo_schlusstext":"<p>Auf Wunsch informieren wir Sie n\u00e4her \u00fcber unsere Produkte und unser Aufgabengebiet. Wir nennen Ihnen mit Vergn\u00fcgen auch ein paar Projekte, die Ihnen einen Einblick in unsere Arbeit geben.<br \/>\nSchenken Sie uns Ihr Vertrauen. Rufen Sie uns doch rasch einmal an oder schicken Sie uns eine kurze E-Mail. Wir freuen uns auf Ihre Kontaktaufnahme.<\/p>","popseo_stadttext":"<h3>Wir freuen uns \u00fcber Anfragen aus Harburg<\/h2>\n<p>Durch unsere Gesch\u00e4ftst\u00e4tigkeit haben wir uns einen sehr guten \u00dcberblick \u00fcber die Stadtarchitektur der Gemeinden und St\u00e4dte unseres Einzugsbereiches erarbeiten k\u00f6nnen. Nat\u00fcrlich z\u00e4hlt auch Harburg zu unserem unmittelbaren Gesch\u00e4ftsgebiet. Wir freuen uns darauf, mit Ihnen in Kontakt zu kommen. <\/p>\n<h3>Ein paar Fakten \u00fcber Harburg<\/h3>\n<p>Harburg ist ein Stadtteil der Freien und Hansestadt Hamburg. Harburg war einstmals selbst\u00e4ndig. Im Jahre 1927 erfolgte zun\u00e4chst der Zusammenschluss mit Wilhelmsburg zur ehedem 110.000 Einwohner z\u00e4hlenden Stadt Harburg-Wilhelmsburg. Zehn Jahre danach ordnete die verantwortliche Beh\u00f6rde letztlich dieses neu gebildete Gro\u00dfstadtkonstrukt dem dem Land Hamburg zu. Harburg verlor damit seine Selbst\u00e4ndigkeit. Im Jahre 1951 entstand des Weiteren der Verwaltungsbezirk Harburg. Harburg ist an der S\u00fcderelbe gelegen. Der Stadtteil grenzt an Hamburg-Wilhemlsburg und Hamburg-Neuland sowie an die nieders\u00e4chsischen Kreise Harburg und Stade.  <\/p>\n<h3>Harburg hat Charme!<\/h3>\n<p>Speziell die Vergr\u00f6\u00dferung des Binnenhafens zur Mitte des 19. Jahrhunderts war f\u00fcr die Entwicklung von Harburg von Bedeutung. Die kautschuk- und \u00f6lverarbeitende Schwerindustrie sorgte in Harburg f\u00fcr best\u00e4ndiges Wachstum. Ab den 1960er Jahren zog sich die Hafenindustrie zu \u00fcberwiegenden Teilen aus Harburg zur\u00fcck. Zunehmend mehr Geb\u00e4ude und Industriegebiete lagen brach. Der Strukturwandel wirkte sich massiv auf das Leben im Stadtteil Harburg aus. <\/p>\n<p>In den vergangenen Dekaden hat sich Harburg sichtlich entwickelt und sich insbesondere als Wohngegend einen Namen erworben. Die Infrastruktur von Harburg ist exquisit: Die Innenstadt hat sich zu einem Shoppingeldorado entfaltet. Allein drei gro\u00dfe Shoppingcenter sind in Harburg ans\u00e4ssig. Der Stadtteil verf\u00fcgt dar\u00fcber hinaus \u00fcber viele ruhige und reizvoll gelegene Wohngebiete. Ein zus\u00e4tzlicher Pluspunkt: Mit der S-Bahn ben\u00f6tigt man nur rund 15 Minuten bis zum Hamburger Hauptbahnhof. In den vergangenen Jahren wurden zahlreiche Neubauprojekte in Harburg begonnen. Speziell der hafennahe Bereich um die Schlossinsel Harburg und das Gebiet um den Veritaskai wurden st\u00e4dtebaulich erneuert. Harburg ist f\u00fcr sein Bildungsangebot bekannt. Die Technische Universit\u00e4t Hamburg-Harburg, die K\u00fchne School of Logistics und das Northern Institut of Technology haben einen guten Ruf. <\/p>\n<h4>Wir f\u00fcr Sie in Harburg!<\/h4>\n<p>Sie interessieren sich f\u00fcr unser Leistungsprogramm und sind hier im World Wide Web auf unsere Website gesto\u00dfen? Das freut uns sehr. Gerne pr\u00e4sentieren wir Ihnen unser gesamtes Leistungsspektrum und beantworten Ihre Fragen. Auf Ihre Anfragen freuen wir uns.<\/p>","popseo_zusatztext":"<h3>G\u00fcnstig und preiswert ohne Abstriche bei der Qualit\u00e4t<\/h3>\n<p>Bauelemente m\u00fcssen gehobenen Anforderungen gerecht werden. Trotzdem darf es g\u00fcnstig und preiswert sein. Das muss durchaus kein Gegensatz sein. <\/p>\n<p>Als Fachunternehmen f\u00fcr Sonnenschutz und Sicherheit verwenden wir ausnahmslos ausgezeichnete Produkte. Gleichwohl schauen wir stets auf ein gutes Preis-Leistungsverh\u00e4ltnis. Wir m\u00f6chten Ihnen Spitzenqualit\u00e4t anbieten, die trotzdem auch g\u00fcnstig und preiswert ist. Verleihen Sie Ihrem Zuhause g\u00fcnstig und preiswert das besondere Mehr an Qualit\u00e4t. Markisen und Rolll\u00e4den oder andere Sonnenschutzl\u00f6sungen sehen nicht nur schmuck aus, sie leisten auch einen wichtigen Anteil zur W\u00e4rmed\u00e4mmung.  <\/p>\n<h3>G\u00fcnstig und preiswert \u2013 trotzdem individuell und schick<\/h3>\n<p>D\u00fcrfen wir Sie beraten, wie Sie g\u00fcnstig und preiswert einen optimalen Sonnenschutz f\u00fcr Ihr Heim verwirklichen? Prima, dann warten Sie bitte nicht und nehmen am besten gleich heute noch Verbindung mit uns auf. Ein kurzer Anruf oder eine schnelle E-Mail gen\u00fcgen. Gerne beraten Sie unsere perfekt geschulten Experten \u00fcber die verschiedenen M\u00f6glichkeiten, wie Sie Ihr Haus g\u00fcnstig und preiswert mit Markisen und Rolll\u00e4den oder anderen Sonnenschutzprodukten ausstatten. Wir freuen uns auf den Austausch mit Ihnen. <\/p>\n<h4>Hochwertige Arbeit g\u00fcnstig und preiswert<\/h4>\n<p>Z\u00e4hlen Sie beim Thema Sonnenschutz und Sicherheit auf den Spezialisten. Nur ein Fachbetrieb kennt die verschiedenen Optionen, wie Sie g\u00fcnstig und preiswert, gleichzeitig qualitativ hochwertig einen optimalen Sonnenschutz verwirklichen. Qualit\u00e4tsbewusst, g\u00fcnstig und preiswert: Wir empfehlen uns als spezialisiertes Unternehmen im norddeutschen Raum. Unsere jahrelange Erfahrung zeichnet uns aus.<\/p>","popseo_links":"<a href=\"https:\/\/www.kaduk-bauelemente.de\/leistungen\/carports-maschen\/\">Carports Maschen<\/a>, <a href=\"https:\/\/www.kaduk-bauelemente.de\/leistungen\/terrassenueberdachungen-aus-aluminium-adendorf\/\">Terrassen\u00fcberdachungen aus Aluminium Adendorf<\/a>, <a href=\"https:\/\/www.kaduk-bauelemente.de\/leistungen\/sektionaltore-maschen\/\">Sektionaltore Maschen<\/a>, <a href=\"https:\/\/www.kaduk-bauelemente.de\/leistungen\/rolltore-reinbek-glinde\/\">Rolltore Reinbek Glinde<\/a>, <a href=\"https:\/\/www.kaduk-bauelemente.de\/leistungen\/rolllaeden-amelinghausen\/\">Rolll\u00e4den Amelinghausen<\/a>, <a href=\"https:\/\/www.kaduk-bauelemente.de\/leistungen\/garagentore-reppenstedt\/\">Garagentore Reppenstedt<\/a>, <a href=\"https:\/\/www.kaduk-bauelemente.de\/leistungen\/haustueren-stelle\/\">Haust\u00fcren Stelle<\/a>, <a href=\"https:\/\/www.kaduk-bauelemente.de\/leistungen\/sektionaltore-bardowick\/\">Sektionaltore Bardowick<\/a>, <a href=\"https:\/\/www.kaduk-bauelemente.de\/leistungen\/markisen-amt-neuhaus\/\">Markisen Amt Neuhaus<\/a>, <a href=\"https:\/\/www.kaduk-bauelemente.de\/leistungen\/terrassenueberdachungen-aus-holz-adendorf\/\">Terrassen\u00fcberdachungen aus Holz Adendorf<\/a>, <a href=\"https:\/\/www.kaduk-bauelemente.de\/leistungen\/terrassendaecher-aus-holz-ebstorf\/\">Terrassend\u00e4cher aus Holz Ebstorf<\/a>, <a href=\"https:\/\/www.kaduk-bauelemente.de\/leistungen\/zaeune-amelinghausen\/\">Z\u00e4une Amelinghausen<\/a>, <a href=\"https:\/\/www.kaduk-bauelemente.de\/leistungen\/carports-stelle\/\">Carports Stelle<\/a>, <a href=\"https:\/\/www.kaduk-bauelemente.de\/leistungen\/raffstores-hanstedt\/\">Raffstores Hanstedt<\/a>, <a href=\"https:\/\/www.kaduk-bauelemente.de\/leistungen\/terrassendaecher-aus-holz-uelzen\/\">Terrassend\u00e4cher aus Holz Uelzen<\/a>, <a href=\"https:\/\/www.kaduk-bauelemente.de\/leistungen\/terrassenueberdachungen-aus-holz-tostedt-sittensen\/\">Terrassen\u00fcberdachungen aus Holz Tostedt Sittensen<\/a>, <a href=\"https:\/\/www.kaduk-bauelemente.de\/leistungen\/fenster-hanstedt\/\">Fenster Hanstedt<\/a>, <a href=\"https:\/\/www.kaduk-bauelemente.de\/leistungen\/terrassenueberdachungen-aus-aluminium-winsen-luhe\/\">Terrassen\u00fcberdachungen aus Aluminium Winsen Luhe<\/a>, <a href=\"https:\/\/www.kaduk-bauelemente.de\/leistungen\/terrassendaecher-aus-holz-maschen\/\">Terrassend\u00e4cher aus Holz Maschen<\/a>, <a href=\"https:\/\/www.kaduk-bauelemente.de\/leistungen\/fenster-bienenbuettel\/\">Fenster Bienenb\u00fcttel<\/a>, <a href=\"https:\/\/www.kaduk-bauelemente.de\/leistungen\/sektionaltore-jesteburg\/\">Sektionaltore Jesteburg<\/a>, <a href=\"https:\/\/www.kaduk-bauelemente.de\/leistungen\/terrassendaecher-aus-holz-amt-neuhaus\/\">Terrassend\u00e4cher aus Holz Amt Neuhaus<\/a>, <a href=\"https:\/\/www.kaduk-bauelemente.de\/leistungen\/zaeune-amt-neuhaus\/\">Z\u00e4une Amt Neuhaus<\/a>, <a href=\"https:\/\/www.kaduk-bauelemente.de\/leistungen\/garagen-schwarzenbek\/\">Garagen Schwarzenbek<\/a>, <a href=\"https:\/\/www.kaduk-bauelemente.de\/leistungen\/zaeune-uelzen\/\">Z\u00e4une Uelzen<\/a>, <a href=\"https:\/\/www.kaduk-bauelemente.de\/leistungen\/rolltore-seevetal-rosengarten\/\">Rolltore Seevetal Rosengarten<\/a>"},"_links":{"self":[{"href":"https:\/\/www.kaduk-bauelemente.de\/leistungen\/wp-json\/wp\/v2\/pages\/4340","targetHints":{"allow":["GET"]}}],"collection":[{"href":"https:\/\/www.kaduk-bauelemente.de\/leistungen\/wp-json\/wp\/v2\/pages"}],"about":[{"href":"https:\/\/www.kaduk-bauelemente.de\/leistungen\/wp-json\/wp\/v2\/types\/page"}],"author":[{"embeddable":true,"href":"https:\/\/www.kaduk-bauelemente.de\/leistungen\/wp-json\/wp\/v2\/users\/1"}],"replies":[{"embeddable":true,"href":"https:\/\/www.kaduk-bauelemente.de\/leistungen\/wp-json\/wp\/v2\/comments?post=4340"}],"version-history":[{"count":0,"href":"https:\/\/www.kaduk-bauelemente.de\/leistungen\/wp-json\/wp\/v2\/pages\/4340\/revisions"}],"wp:attachment":[{"href":"https:\/\/www.kaduk-bauelemente.de\/leistungen\/wp-json\/wp\/v2\/media?parent=4340"}],"curies":[{"name":"wp","href":"https:\/\/api.w.org\/{rel}","templated":true}]}}