{"id":4329,"date":"2021-08-25T12:18:53","date_gmt":"2021-08-25T10:18:53","guid":{"rendered":"https:\/\/www.kaduk-bauelemente.de\/leistungen\/holzfenster-bad-bevensen\/"},"modified":"2021-08-25T12:18:53","modified_gmt":"2021-08-25T10:18:53","slug":"holzfenster-bad-bevensen","status":"publish","type":"page","link":"https:\/\/www.kaduk-bauelemente.de\/leistungen\/holzfenster-bad-bevensen\/","title":{"rendered":"Holzfenster &#8211; Bad Bevensen"},"content":{"rendered":"<h3>Holzfenster &#8211; eine gute  Investition<\/h3>\n<p>Unser Lieferprogramm bietet ein gro\u00dfes Spektrum. Ein Holzfenster ist eine h\u00fcbsche, dennoch hochwertige Kombination aus Technik und Natur. Naturbelassenes Material ist stets ein Merkmal f\u00fcr einen besonderen Geschmack. Zugleich bietet Ihnen das Holzfenster eine sehr hohe Energieeffizienz.  <\/p>\n<p>Holzfenster erfreuen sich einer zunehmenden Kundennachfrage. Als Rohstoff ist Holz besonders hochwertig. Auch \u00fcberzeugen Holzfenster durch ihre Langlebigkeit. Bedenken, Holzfenster w\u00e4ren im Vergleich zu Kunststofffenstern empfindlicher, kann man rundum verneinen. Exquisite und gut behandelte Holzfenster bieten einen sehr guten Schutz gegen schlechte Witterung.<\/p>\n<h3>Holzfenster f\u00fcr Ihre Privat- oder Gesch\u00e4ftsimmobilie<\/h3>\n<p>Ein Holzfenster wirkt sich vorteilhaft auf das Wohnambiente aus. In unserem Lieferprogramm bieten wir Ihnen Fabrikate mit einem individuellen Farbaufbau. Und nat\u00fcrlich erf\u00fcllen heutige Holzfenster auch s\u00e4mtliche Anforderungen eines zeitgem\u00e4\u00dfen Energiehaushaltes. Sie sehen: Ein hochwertiges Holzfenster l\u00e4sst keine W\u00fcnsche offen. Mit einem sch\u00f6nen  Fenster in naturbelassener Optik betonen Sie die Architektur Ihrer Immobilie besonders eindrucksvoll. Die Investition in Holzfenster rechnet sich!<\/p>\n","protected":false},"excerpt":{"rendered":"<p>Holzfenster &#8211; eine gute Investition Unser Lieferprogramm bietet ein gro\u00dfes Spektrum. Ein Holzfenster ist eine h\u00fcbsche, dennoch hochwertige Kombination aus Technik und Natur. Naturbelassenes Material ist stets ein Merkmal f\u00fcr einen besonderen Geschmack. Zugleich bietet Ihnen das Holzfenster eine sehr hohe Energieeffizienz. Holzfenster erfreuen sich einer zunehmenden Kundennachfrage. Als Rohstoff ist Holz besonders hochwertig. Auch [&hellip;]<\/p>\n","protected":false},"author":1,"featured_media":0,"parent":0,"menu_order":0,"comment_status":"closed","ping_status":"closed","template":"","meta":{"footnotes":""},"class_list":["post-4329","page","type-page","status-publish","hentry"],"meta_box":{"popseo_subtitel":"Kaduk Bauelemente ist Ihr Partner f\u00fcr Holzfenster im Raum Bad Bevensen","popseo_subtitel2":"Holzfenster - unsere Spezialisten kennen sich aus!","popseo_lasttitel":"Holzfenster: Sie haben Fragen? Dann melden Sie sich bei uns","popseo_region":"Bad Bevensen","popseo_sachwort":"Holzfenster","popseo_noupdate":"","popseo_einleitungstext":"<p>Wenn es um Sonnenschutz und Sicherheit geht, sind Sie bei der Firma Kaduk genau an der richtigen Adresse. Seit unserer Gr\u00fcndung sind wir Ihre lokalen Spezialisten f\u00fcr hochwertige Bauelemente. Zu unserem Produktangebot geh\u00f6ren beispielsweise Markisen, Terrassend\u00e4cher, Rolltore, Au\u00dfenjalousien, T\u00fcren, Fenster, Rolll\u00e4den und Carports. Unsere Fachleute erledigen Reparatur- und Montagearbeiten und zeigen Ihnen M\u00f6glichkeiten auf, wie Sie Ihre Immobilie mit modernen Bauelementen ausstatten k\u00f6nnen. Auf diesen Seiten haben wir einige erste Informationen f\u00fcr Sie notiert.<\/p>","popseo_schlusstext":"<p>Sehr gerne informieren wir Sie n\u00e4her \u00fcber unsere Produkte und unser Aufgabenfeld. Wir zeigen Ihnen mit Vergn\u00fcgen auch ein paar Referenzen, die Ihnen einen Einblick in unsere Unternehmenst\u00e4tigkeit geben.<br \/>\nSetzen Sie auf die Expertise eines erfahrenen Fachbetriebes. Rufen Sie uns doch einfach einmal an oder schreiben Sie uns eine schnelle E-Mail. Wir freuen uns auf Sie.<\/p>","popseo_stadttext":"<h3>Wohn- und Gewerbestandort Bad Bevensen<\/h3>\n<p>Durch unsere Gesch\u00e4ftst\u00e4tigkeit haben wir uns einen ausgezeichneten \u00dcberblick \u00fcber die Architektur der Gemeinden und St\u00e4dte unseres Einzugsbereiches machen k\u00f6nnen. Selbstverst\u00e4ndlich geh\u00f6rt auch Bad Bevensen zu unserem unmittelbaren Gesch\u00e4ftsgebiet. Sie kommen aus der Region und sind hier im World Wide Web auf unsere Website gesto\u00dfen? Das finden wir toll. Sehr gerne pr\u00e4sentieren wir Ihnen unser gesamtes Leistungsspektrum und beantworten Ihre Fragen. Wir freuen uns darauf, mit Ihnen ins Gespr\u00e4ch zu kommen. <\/p>\n<h3>Gute Gr\u00fcnde sprechen f\u00fcr den Wohnort Bad Bevensen<\/h3>\n<p>Bad Bevensen hat rund 9.000 registrierte Einwohner und erstreckt sich \u00fcber ein Areal von etwa 48 Quadratkilometer. Verkehrstechnisch ist die Kleinstadt gut erreichbar: In direkter N\u00e4he des Gemeindegebietes befindet sich eine Zufahrt zur Autobahn B4. Des Weiteren erreicht man Bad Bevensen \u00fcber die L252 und mit der Bahn auf der Strecke Hamburg-Hannover.<\/p>\n<p>Bad Bevensee befindet sich in der L\u00fcneburger Heide und geh\u00f6rt juristisch zum Landkreis Uelzen. Die Gemeinde ist Amtssitz der Samtgemeinde Bevensen-Ebstorf, einer Vereinigung von 13 kleineren Orten. Die Samtgemeinde z\u00e4hlt in Summe etwa 26.000 B\u00fcrger und erstreckt sich \u00fcber ein Areal von etwas mehr als 479 Quadratkilometern.<\/p>\n<p>Bad Bevensen ist unbestritten ein reizvoller Platz zum Leben. Die charmante Kleinstadt verf\u00fcgt \u00fcber eine gute Infrastruktur und attraktiv ausgebaute Wohngebiete.    <\/p>\n<h4>Privat- und Gesch\u00e4ftskunden aus Bad Bevensen sch\u00e4tzen unsere Leistungen!<\/h4>\n<p>Sie wohnen in Bad Bevensen oder einem anderen Ort der Samtgemeinde und interessieren sich f\u00fcr unser Leistungsangebot. Toll, dass Sie diese Website gefunden haben. F\u00fcr R\u00fcckfragen sind wir jederzeit f\u00fcr Sie da. Auf den Kontakt zu Ihnen freuen wir uns.<\/p>","popseo_zusatztext":"<h3>Sonnenschutz vom Fachbetrieb<\/h3>\n<p>Setzen Sie bei Sicherheit und Sonnenschutz auf alle F\u00e4lle auf die sachliche Leistung vom Fachbetrieb. Nur ein Fachbetrieb kennt die Tricks und Tipps, wie man zu einem \u00fcberzeugenden Ergebnis kommt. Um sich mit Fug und Recht Fachbetrieb nennen zu k\u00f6nnen, braucht es eine anerkannte Ausbildung der Mitarbeiter und eine jahrelange Berufserfahrung.  <\/p>\n<p>Unsere Firma empfiehlt sich als Ihr sachkundiger Fachbetrieb f\u00fcr Sonnenschutz und Sicherheit. Erreichen Sie Ihr Ziel und schenken Sie unserem Fachbetrieb Ihr Vertrauen. Wir bieten Ihnen z.B. hochqualitative Markisen und Rolll\u00e4den und legen allerh\u00f6chsten Wert auf einen sehr guten Service. Schon seit vielen Jahren sind wir sachkundiger Fachbetrieb f\u00fcr Terrassend\u00e4cher, Au\u00dfenjalousien, Rolll\u00e4den im Raum L\u00fcneburg. Es ist unser Bestreben, dass Sie \u00fcber lange Zeit viel Freude an Ihrem Sicht und Sonnenschutz haben. Von einem Fachbetrieb d\u00fcrfen Sie nat\u00fcrlich eine fehlerfreie Top-Leistung erwarten.<\/p>\n<h3>Ein Fachbetrieb wei\u00df Rat!<\/h3>\n<p>Als Fachbetrieb darf sich eine Firma bezeichnen, deren Angestellte \u00fcber nachweisbare Qualifikationen verf\u00fcgen. Dies ist beispielsweise eine entsprechende Ausbildung oder ein Meisterbrief. Au\u00dferdem zeichnet eine intensive praktische Erfahrung einen Fachbetrieb aus. Schon seit vielen Jahren konzentrieren wir uns als spezialisiertes Unternehmen auf Sonnenschutz und Sicherheit von Geb\u00e4uden. In diesen vielen Jahren haben wir uns die Bezeichnung Fachbetrieb fraglos verdient. Wir verarbeiten uneingeschr\u00e4nkt hochwertige Produkte. Dabei achten wir stets auf ein sehr gutes Preis-Leistungsverh\u00e4ltnis. Unser Credo als Fachbetrieb: Wir bieten Ihnen 1a-Leistung zu einem sehr guten Preis.<\/p>","popseo_links":"<a href=\"https:\/\/www.kaduk-bauelemente.de\/leistungen\/tueren-jesteburg\/\">T\u00fcren Jesteburg<\/a>, <a href=\"https:\/\/www.kaduk-bauelemente.de\/leistungen\/insektenschutz-bardowick\/\">Insektenschutz Bardowick<\/a>, <a href=\"https:\/\/www.kaduk-bauelemente.de\/leistungen\/carports-stelle\/\">Carports Stelle<\/a>, <a href=\"https:\/\/www.kaduk-bauelemente.de\/leistungen\/rolltore-hanstedt\/\">Rolltore Hanstedt<\/a>, <a href=\"https:\/\/www.kaduk-bauelemente.de\/leistungen\/terrassendaecher-aus-holz-salzhausen\/\">Terrassend\u00e4cher aus Holz Salzhausen<\/a>, <a href=\"https:\/\/www.kaduk-bauelemente.de\/leistungen\/garagen-geesthacht\/\">Garagen Geesthacht<\/a>, <a href=\"https:\/\/www.kaduk-bauelemente.de\/leistungen\/fenster-tostedt-sittensen\/\">Fenster Tostedt Sittensen<\/a>, <a href=\"https:\/\/www.kaduk-bauelemente.de\/leistungen\/garagentore-maschen\/\">Garagentore Maschen<\/a>, <a href=\"https:\/\/www.kaduk-bauelemente.de\/leistungen\/aussenjalousien-lueneburg\/\">Au\u00dfenjalousien L\u00fcneburg<\/a>, <a href=\"https:\/\/www.kaduk-bauelemente.de\/leistungen\/fliegengitter-bad-bevensen\/\">Fliegengitter Bad Bevensen<\/a>, <a href=\"https:\/\/www.kaduk-bauelemente.de\/leistungen\/terrassenueberdachungen-aus-aluminium-tostedt-sittensen\/\">Terrassen\u00fcberdachungen aus Aluminium Tostedt Sittensen<\/a>, <a href=\"https:\/\/www.kaduk-bauelemente.de\/leistungen\/kunststofffenster-schwarzenbek\/\">Kunststofffenster Schwarzenbek<\/a>, <a href=\"https:\/\/www.kaduk-bauelemente.de\/leistungen\/garagen-lueneburg\/\">Garagen L\u00fcneburg<\/a>, <a href=\"https:\/\/www.kaduk-bauelemente.de\/leistungen\/terrassendaecher-aus-aluminium-reppenstedt\/\">Terrassend\u00e4cher aus Aluminium Reppenstedt<\/a>, <a href=\"https:\/\/www.kaduk-bauelemente.de\/leistungen\/raffstores-buchholz\/\">Raffstores Buchholz<\/a>, <a href=\"https:\/\/www.kaduk-bauelemente.de\/leistungen\/terrassendaecher-aus-holz-buechen\/\">Terrassend\u00e4cher aus Holz B\u00fcchen<\/a>, <a href=\"https:\/\/www.kaduk-bauelemente.de\/leistungen\/garagen-adendorf\/\">Garagen Adendorf<\/a>, <a href=\"https:\/\/www.kaduk-bauelemente.de\/leistungen\/terrassendaecher-aus-holz-bispingen\/\">Terrassend\u00e4cher aus Holz Bispingen<\/a>, <a href=\"https:\/\/www.kaduk-bauelemente.de\/leistungen\/sektionaltore-geesthacht\/\">Sektionaltore Geesthacht<\/a>, <a href=\"https:\/\/www.kaduk-bauelemente.de\/leistungen\/zaunbau-lueneburg\/\">Zaunbau L\u00fcneburg<\/a>, <a href=\"https:\/\/www.kaduk-bauelemente.de\/leistungen\/terrassendaecher-aus-holz-reppenstedt\/\">Terrassend\u00e4cher aus Holz Reppenstedt<\/a>, <a href=\"https:\/\/www.kaduk-bauelemente.de\/leistungen\/rollladen-stelle\/\">Rollladen Stelle<\/a>, <a href=\"https:\/\/www.kaduk-bauelemente.de\/leistungen\/terrassendaecher-aus-holz-boizenburg\/\">Terrassend\u00e4cher aus Holz Boizenburg<\/a>, <a href=\"https:\/\/www.kaduk-bauelemente.de\/leistungen\/kunststofffenster-lueneburg\/\">Kunststofffenster L\u00fcneburg<\/a>, <a href=\"https:\/\/www.kaduk-bauelemente.de\/leistungen\/terrassendaecher-aus-holz-jesteburg\/\">Terrassend\u00e4cher aus Holz Jesteburg<\/a>, <a href=\"https:\/\/www.kaduk-bauelemente.de\/leistungen\/tueren-geesthacht\/\">T\u00fcren Geesthacht<\/a>"},"_links":{"self":[{"href":"https:\/\/www.kaduk-bauelemente.de\/leistungen\/wp-json\/wp\/v2\/pages\/4329","targetHints":{"allow":["GET"]}}],"collection":[{"href":"https:\/\/www.kaduk-bauelemente.de\/leistungen\/wp-json\/wp\/v2\/pages"}],"about":[{"href":"https:\/\/www.kaduk-bauelemente.de\/leistungen\/wp-json\/wp\/v2\/types\/page"}],"author":[{"embeddable":true,"href":"https:\/\/www.kaduk-bauelemente.de\/leistungen\/wp-json\/wp\/v2\/users\/1"}],"replies":[{"embeddable":true,"href":"https:\/\/www.kaduk-bauelemente.de\/leistungen\/wp-json\/wp\/v2\/comments?post=4329"}],"version-history":[{"count":0,"href":"https:\/\/www.kaduk-bauelemente.de\/leistungen\/wp-json\/wp\/v2\/pages\/4329\/revisions"}],"wp:attachment":[{"href":"https:\/\/www.kaduk-bauelemente.de\/leistungen\/wp-json\/wp\/v2\/media?parent=4329"}],"curies":[{"name":"wp","href":"https:\/\/api.w.org\/{rel}","templated":true}]}}