{"id":4326,"date":"2021-08-25T12:18:53","date_gmt":"2021-08-25T10:18:53","guid":{"rendered":"https:\/\/www.kaduk-bauelemente.de\/leistungen\/holzfenster-adendorf\/"},"modified":"2021-08-25T12:18:53","modified_gmt":"2021-08-25T10:18:53","slug":"holzfenster-adendorf","status":"publish","type":"page","link":"https:\/\/www.kaduk-bauelemente.de\/leistungen\/holzfenster-adendorf\/","title":{"rendered":"Holzfenster &#8211; Adendorf"},"content":{"rendered":"<h3>Holzfenster \u2013 d\u00fcrfen wir Ihre Fragen beantworten?<\/h3>\n<p>Unser Portfolio bietet ein gro\u00dfes Spektrum. Ein Holzfenster ist eine h\u00fcbsche, gleichwohl hochwertige Kombination aus Natur und Technik. Naturbelassenes Material ist stets ein Merkmal f\u00fcr einen individuellen Geschmack. Au\u00dferdem bietet Ihnen das Holzfenster eine sehr hohe Energieeffizienz.  <\/p>\n<p>Holzfenster erfreuen sich einer besonderen Beliebtheit. Als Rohstoff ist Holz besonders hochwertig. Auch bestechen Holzfenster durch ihre lange Haltbarkeit. Zweifel, Holzfenster w\u00e4ren im Gegensatz zu Kunststofffenstern empfindlicher, kann man komplett verneinen. Ausgezeichnete und gut behandelte Holzfenster bieten einen optimalen Schutz gegen sch\u00e4dliche Witterungseinfl\u00fcsse.<\/p>\n<h3>Holzfenster sind besonders vorteilhaft!<\/h3>\n<p>Ein Holzfenster wirkt sich positiv auf das Wohngef\u00fchl aus. In unserem Programm bieten wir Ihnen Fabrikate mit einem individuellen Farbaufbau. Und nat\u00fcrlich erf\u00fcllen moderne Holzfenster auch alle Anforderungen eines zeitgem\u00e4\u00dfen Energiehaushaltes. Sie sehen: Ein exquisites Holzfenster l\u00e4sst keine W\u00fcnsche unerf\u00fcllt. Mit einem h\u00fcbschen Fenster in naturbelassener Optik betonen Sie die Architektur Ihrer Immobilie besonders eindrucksvoll. Die Investition in Holzfenster rechnet sich!<\/p>\n","protected":false},"excerpt":{"rendered":"<p>Holzfenster \u2013 d\u00fcrfen wir Ihre Fragen beantworten? Unser Portfolio bietet ein gro\u00dfes Spektrum. Ein Holzfenster ist eine h\u00fcbsche, gleichwohl hochwertige Kombination aus Natur und Technik. Naturbelassenes Material ist stets ein Merkmal f\u00fcr einen individuellen Geschmack. Au\u00dferdem bietet Ihnen das Holzfenster eine sehr hohe Energieeffizienz. Holzfenster erfreuen sich einer besonderen Beliebtheit. Als Rohstoff ist Holz besonders [&hellip;]<\/p>\n","protected":false},"author":1,"featured_media":0,"parent":0,"menu_order":0,"comment_status":"closed","ping_status":"closed","template":"","meta":{"footnotes":""},"class_list":["post-4326","page","type-page","status-publish","hentry"],"meta_box":{"popseo_subtitel":"Wir sind Ihr Partner f\u00fcr Holzfenster in Adendorf","popseo_subtitel2":"Holzfenster - von den Spezialisten unserer Firma","popseo_lasttitel":"Holzfenster: Sie haben Fragen? Dann melden Sie sich bei uns","popseo_region":"Adendorf","popseo_sachwort":"Holzfenster","popseo_noupdate":"","popseo_einleitungstext":"<p>Auf Wunsch informieren wir Sie n\u00e4her \u00fcber unser Produkt- und T\u00e4tigkeitsspektrum. Wir nennen Ihnen mit Vergn\u00fcgen auch ein paar Projekte, die Ihnen einen Einblick in unsere Arbeit geben.<br \/>\nWir sind f\u00fcr Sie da. Rufen Sie uns doch rasch einmal an oder schicken Sie uns eine kurze E-Mail. Wir freuen uns auf Ihre Kontaktaufnahme.<\/p>","popseo_schlusstext":"<p>Wir stellen uns h\u00f6chsten Anspr\u00fcchen und freuen uns \u00fcber die Zufriedenheit der Immobilienbesitzer. Know-how, Fachkompetenz und Zuverl\u00e4ssigkeit sorgen f\u00fcr erfolgreiche Sicherheits- und Sonnenschutzprojekte. Die Zufriedenheit unserer Kunden steht f\u00fcr uns immer im Vordergrund}. Unsere Experten freuen sich \u00fcber Ihre Kontaktaufnahme, unabh\u00e4ngig davon ob durch Griff zum Telefonh\u00f6rer oder Mail.<\/p>","popseo_stadttext":"<h3>Wir sind Ihr Partner auch in Adendorf<\/h3>\n<p>Unser Einzugsbereich umfasst auch Adendorf. Durch unsere Gesch\u00e4ftst\u00e4tigkeit haben wir uns einen ausgezeichneten \u00dcberblick \u00fcber die Architektur der St\u00e4dte und Gemeinden unseres Vertriebsgebietes machen k\u00f6nnen. Wir f\u00fchlen uns der Region verpflichtet und freuen uns dar\u00fcber, auch einen Teil zur guten Infrastruktur der Gemeinde beizusteuern zu d\u00fcrfen.  <\/p>\n<h3>Ein paar Fakten \u00fcber Adendorf<\/h3><br \/>\nAdendorf liegt rund vier Kilometer von L\u00fcneburg entfernt zwischen dem Elbe-Seitenkanal und der Illmenau. Etwas weniger als 11.000 Menschen wohnen in Aldendorf auf einem Areal von etwa 16 km\u00b2. Die Wirtschaft der Gemeinde wird dominiert von kleinen und mittelst\u00e4ndischen Firmen aus den Bereichen Handwerk und Dienstleistung. In den Ort gelangt man mit dem Auto \u00fcber die B209. Aldendorf verf\u00fcgt dar\u00fcber hinaus \u00fcber eine Zufahrt an die Autobahn 39. Der \u00f6ffentliche Personennahverkehr wird \u00fcber eine Reihe von Busverbindungen sichergestellt. Die Umgebung erm\u00f6glicht erlebnisreiche Ausfl\u00fcge. Die Baustruktur in der Region ist \u00fcberwiegend gepr\u00e4gt von einer ansprechenden Einzelhausbebauung. Gerade junge Familien sch\u00e4tzen das beschauliche Leben in Adendorf.<br \/>\n<h4>Privat- und Gesch\u00e4ftskunden aus Adendorf sch\u00e4tzen unsere Leistungen!<\/h4>\n<p>Sie leben in Adendorf und interessieren sich f\u00fcr unser Angebot. Toll, das Sie unsere Internetseite entdeckt haben. F\u00fcr R\u00fcckfragen sind wir jederzeit f\u00fcr Sie da. Unser freundliches Team freut sich auf Sie.<\/p>","popseo_zusatztext":"<h3>G\u00fcnstig und preiswert \u2013 unser Angebot f\u00fcr Sie<\/h3>\n<p>Bauelemente m\u00fcssen hohen Anforderungen standhalten. Gleichzeitig mu\u00df es g\u00fcnstig und preiswert sein. Das muss generell kein Gegensatz sein. <\/p>\n<p>Als Fachbetrieb f\u00fcr Sonnenschutz- und Sicherheitsl\u00f6sungen verwenden wir ausschlie\u00dflich hochwertige Erzeugnisse. Gleichwohl achten wir grunds\u00e4tzlich auf ein angemessenes Preis-Leistungsverh\u00e4ltnis. Wir m\u00f6chten Ihnen Qualit\u00e4t bieten, die gleichzeitig auch g\u00fcnstig und preiswert ist. Geben Sie Ihrem Heim g\u00fcnstig und preiswert das besondere Plus an Qualit\u00e4t. Rolll\u00e4den und Markisen oder andere Sonnenschutzl\u00f6sungen sehen nicht nur hervorragend aus, sie leisten auch einen bedeutenden Beitrag zur W\u00e4rmed\u00e4mmung.  <\/p>\n<h3>G\u00fcnstig und preiswert \u2013 es muss wirklich nicht immer teuer sein<\/h3>\n<p>D\u00fcrfen wir Sie beraten, wie Sie g\u00fcnstig und preiswert einen optimalen Sonnenschutz f\u00fcr Ihr Haus realisieren? Prima, dann z\u00f6gern Sie bitte nicht und nehmen am besten gleich heute noch Kontakt mit uns auf. Ein kurzer Anruf oder eine kurze Mail gen\u00fcgen. Mit Vergn\u00fcgen informieren Sie unsere perfekt ausgebildeten Fachleute \u00fcber die verschiedenen M\u00f6glichkeiten, wie Sie Ihr Zuhause g\u00fcnstig und preiswert mit Markisen und Rolll\u00e4den oder anderen Sonnenschutzprodukten versehen. Wir freuen uns auf das Gespr\u00e4ch mit Ihnen. <\/p>\n<h4>Hochwertige Arbeit g\u00fcnstig und preiswert<\/h4>\n<p>Setzen Sie beim Thema Sonnenschutz und Sicherheit auf den Experten. Nur ein Fachbetrieb kennt die verschiedenen Optionen, wie Sie g\u00fcnstig und preiswert, trotzdem qualitativ hochwertig einen optimalen Sonnenschutz erreichen. Qualit\u00e4tsbewusst, g\u00fcnstig und preiswert: Wir empfehlen uns als spezialisiertes Unternehmen im norddeutschen Raum. Unsere langj\u00e4hrige Erfahrung spricht f\u00fcr uns.<\/p>","popseo_links":"<a href=\"https:\/\/www.kaduk-bauelemente.de\/leistungen\/terrassendaecher-aus-aluminium-amelinghausen\/\">Terrassend\u00e4cher aus Aluminium Amelinghausen<\/a>, <a href=\"https:\/\/www.kaduk-bauelemente.de\/leistungen\/markisen-adendorf\/\">Markisen Adendorf<\/a>, <a href=\"https:\/\/www.kaduk-bauelemente.de\/leistungen\/carports-harburg\/\">Carports Harburg<\/a>, <a href=\"https:\/\/www.kaduk-bauelemente.de\/leistungen\/fliegengitter-stelle\/\">Fliegengitter Stelle<\/a>, <a href=\"https:\/\/www.kaduk-bauelemente.de\/leistungen\/fliegengitter-winsen-luhe\/\">Fliegengitter Winsen Luhe<\/a>, <a href=\"https:\/\/www.kaduk-bauelemente.de\/leistungen\/raffstores-bad-bevensen\/\">Raffstores Bad Bevensen<\/a>, <a href=\"https:\/\/www.kaduk-bauelemente.de\/leistungen\/terrassenueberdachungen-aus-holz-seevetal-rosengarten\/\">Terrassen\u00fcberdachungen aus Holz Seevetal Rosengarten<\/a>, <a href=\"https:\/\/www.kaduk-bauelemente.de\/leistungen\/rolllaeden-adendorf\/\">Rolll\u00e4den Adendorf<\/a>, <a href=\"https:\/\/www.kaduk-bauelemente.de\/leistungen\/garagen-boizenburg\/\">Garagen Boizenburg<\/a>, <a href=\"https:\/\/www.kaduk-bauelemente.de\/leistungen\/carports-bienenbuettel\/\">Carports Bienenb\u00fcttel<\/a>, <a href=\"https:\/\/www.kaduk-bauelemente.de\/leistungen\/garagentore-bienenbuettel\/\">Garagentore Bienenb\u00fcttel<\/a>, <a href=\"https:\/\/www.kaduk-bauelemente.de\/leistungen\/aussenjalousien-adendorf\/\">Au\u00dfenjalousien Adendorf<\/a>, <a href=\"https:\/\/www.kaduk-bauelemente.de\/leistungen\/terrassendaecher-aus-holz-jesteburg\/\">Terrassend\u00e4cher aus Holz Jesteburg<\/a>, <a href=\"https:\/\/www.kaduk-bauelemente.de\/leistungen\/insektenschutz-reppenstedt\/\">Insektenschutz Reppenstedt<\/a>, <a href=\"https:\/\/www.kaduk-bauelemente.de\/leistungen\/rollladen-amt-neuhaus\/\">Rollladen Amt Neuhaus<\/a>, <a href=\"https:\/\/www.kaduk-bauelemente.de\/leistungen\/rolltore-bienenbuettel\/\">Rolltore Bienenb\u00fcttel<\/a>, <a href=\"https:\/\/www.kaduk-bauelemente.de\/leistungen\/rollladen-harburg\/\">Rollladen Harburg<\/a>, <a href=\"https:\/\/www.kaduk-bauelemente.de\/leistungen\/terrassenueberdachungen-aus-holz-buechen\/\">Terrassen\u00fcberdachungen aus Holz B\u00fcchen<\/a>, <a href=\"https:\/\/www.kaduk-bauelemente.de\/leistungen\/terrassendaecher-aus-aluminium-geesthacht\/\">Terrassend\u00e4cher aus Aluminium Geesthacht<\/a>, <a href=\"https:\/\/www.kaduk-bauelemente.de\/leistungen\/rollladen-buechen\/\">Rollladen B\u00fcchen<\/a>, <a href=\"https:\/\/www.kaduk-bauelemente.de\/leistungen\/zaunbau-jesteburg\/\">Zaunbau Jesteburg<\/a>, <a href=\"https:\/\/www.kaduk-bauelemente.de\/leistungen\/garagentore-boizenburg\/\">Garagentore Boizenburg<\/a>, <a href=\"https:\/\/www.kaduk-bauelemente.de\/leistungen\/garagen-uelzen\/\">Garagen Uelzen<\/a>, <a href=\"https:\/\/www.kaduk-bauelemente.de\/leistungen\/terrassenueberdachungen-aus-holz-herzogtum-lauenburg\/\">Terrassen\u00fcberdachungen aus Holz Herzogtum Lauenburg<\/a>, <a href=\"https:\/\/www.kaduk-bauelemente.de\/leistungen\/insektenschutz-bispingen\/\">Insektenschutz Bispingen<\/a>, <a href=\"https:\/\/www.kaduk-bauelemente.de\/leistungen\/rolllaeden-bad-bevensen\/\">Rolll\u00e4den Bad Bevensen<\/a>"},"_links":{"self":[{"href":"https:\/\/www.kaduk-bauelemente.de\/leistungen\/wp-json\/wp\/v2\/pages\/4326","targetHints":{"allow":["GET"]}}],"collection":[{"href":"https:\/\/www.kaduk-bauelemente.de\/leistungen\/wp-json\/wp\/v2\/pages"}],"about":[{"href":"https:\/\/www.kaduk-bauelemente.de\/leistungen\/wp-json\/wp\/v2\/types\/page"}],"author":[{"embeddable":true,"href":"https:\/\/www.kaduk-bauelemente.de\/leistungen\/wp-json\/wp\/v2\/users\/1"}],"replies":[{"embeddable":true,"href":"https:\/\/www.kaduk-bauelemente.de\/leistungen\/wp-json\/wp\/v2\/comments?post=4326"}],"version-history":[{"count":0,"href":"https:\/\/www.kaduk-bauelemente.de\/leistungen\/wp-json\/wp\/v2\/pages\/4326\/revisions"}],"wp:attachment":[{"href":"https:\/\/www.kaduk-bauelemente.de\/leistungen\/wp-json\/wp\/v2\/media?parent=4326"}],"curies":[{"name":"wp","href":"https:\/\/api.w.org\/{rel}","templated":true}]}}