{"id":4325,"date":"2021-08-25T12:18:53","date_gmt":"2021-08-25T10:18:53","guid":{"rendered":"https:\/\/www.kaduk-bauelemente.de\/leistungen\/haustueren-winsen-luhe\/"},"modified":"2021-08-25T12:18:53","modified_gmt":"2021-08-25T10:18:53","slug":"haustueren-winsen-luhe","status":"publish","type":"page","link":"https:\/\/www.kaduk-bauelemente.de\/leistungen\/haustueren-winsen-luhe\/","title":{"rendered":"Haust\u00fcren &#8211; Winsen Luhe"},"content":{"rendered":"<h3>Neue Haust\u00fcren f\u00fcr Ihre Immobilie<\/h3>\n<p>Schmucke Haust\u00fcren sind gewisserma\u00dfen die Visitenkarte eines Hauses. T\u00fcren zeugen immer auch von Individualit\u00e4t, Stil und Qualit\u00e4tsbewusstsein. Nicht zuletzt unterstreichen moderne Haust\u00fcren das Erscheinungsbild eines Wohn- oder Gesch\u00e4ftsgeb\u00e4udes. Wertige Haust\u00fcren bieten neben einer attraktiven Optik nat\u00fcrlich noch deutlich mehr. Auch einen umfassenden Schutz vor Einbr\u00fcchen und einen Beitrag zum Energiesparen d\u00fcrfen Sie erwarten. <\/p>\n<p>Wer eine qualitativ hochwertige T\u00fcr sucht, darf w\u00e4hlen: Sie k\u00f6nnen bei Haust\u00fcren zwischen traditionellem und modernem Design ausw\u00e4hlen. Ebenso sind T\u00fcren in Kunststoff, Holz oder Aluminium im Handel erh\u00e4ltlich. <\/p>\n<h3>Wir beraten Sie zum Thema Haust\u00fcren!<\/h3>\n<p>Sie interessieren sich f\u00fcr neue Haust\u00fcren? Prima, dann sind Sie bei uns 100prozentig an der korrekten Adresse. Als spezialisiertes Fachunternehmen f\u00fchren wir sehr viele Haust\u00fcren f\u00fcr jedweden Geschmack und Zweck. F\u00fcr welche L\u00f6sung Sie sich letztendlich entscheiden: Exklusive T\u00fcren sind immer ein echter Hingucker. In unserer Ausstellung pr\u00e4sentieren wir Ihnen montags bis freitags zwischen 9.00 und 18.00 Uhr sowie am Samstag in der Zeit von 9:00 und 13:00 Uhr zahlreiche Umsetzungsm\u00f6glichkeiten. Die verschiedenen Gestaltungsoptionen geben modernen Haust\u00fcren einen sehr individuellen Anstrich.<\/p>\n","protected":false},"excerpt":{"rendered":"<p>Neue Haust\u00fcren f\u00fcr Ihre Immobilie Schmucke Haust\u00fcren sind gewisserma\u00dfen die Visitenkarte eines Hauses. T\u00fcren zeugen immer auch von Individualit\u00e4t, Stil und Qualit\u00e4tsbewusstsein. Nicht zuletzt unterstreichen moderne Haust\u00fcren das Erscheinungsbild eines Wohn- oder Gesch\u00e4ftsgeb\u00e4udes. Wertige Haust\u00fcren bieten neben einer attraktiven Optik nat\u00fcrlich noch deutlich mehr. Auch einen umfassenden Schutz vor Einbr\u00fcchen und einen Beitrag zum Energiesparen [&hellip;]<\/p>\n","protected":false},"author":1,"featured_media":0,"parent":0,"menu_order":0,"comment_status":"closed","ping_status":"closed","template":"","meta":{"footnotes":""},"class_list":["post-4325","page","type-page","status-publish","hentry"],"meta_box":{"popseo_subtitel":"Wir sind Ihr Fachanbieter f\u00fcr Haust\u00fcren in Winsen Luhe","popseo_subtitel2":"Haust\u00fcren - wir beraten Sie zu diesem Thema!","popseo_lasttitel":"Haust\u00fcren: Unsere Mitarbeiter beantworten gerne Ihre Fragen","popseo_region":"Winsen Luhe","popseo_sachwort":"Haust\u00fcren","popseo_noupdate":"","popseo_einleitungstext":"<p>Gerne informieren wir Sie n\u00e4her \u00fcber unser Produkt- und T\u00e4tigkeitsspektrum. Wir zeigen Ihnen mit Vergn\u00fcgen auch einige Referenzen, die Ihnen einen Einblick in unsere T\u00e4tigkeit geben.<br \/>\nDie Fachleute der Firma Kaduk sind gerne f\u00fcr Sie im Einsatz. Rufen Sie uns doch einfach einmal an oder schicken Sie uns eine kurze E-Mail. Wir freuen uns auf den Kontakt zu Ihnen.<\/p>","popseo_schlusstext":"<p>Sehr gerne informieren wir Sie n\u00e4her \u00fcber unser Produkt- und Leistungsprogramm. Wir pr\u00e4sentieren Ihnen mit Vergn\u00fcgen auch einige Referenzprojekte, die Ihnen einen Einblick in unsere Unternehmenst\u00e4tigkeit geben.<br \/>\nVertrauen Sie den Spezialisten der Firma Kaduk. Rufen Sie uns doch einfach einmal an oder senden Sie uns eine kurze E-Mail. Wir freuen uns auf Ihre Kontaktaufnahme.<\/p>","popseo_stadttext":"<h3>Vor Ort in Winsen (Luhe)<\/h3>\n<p>Winsen (Luhe) ist eine Stadt aus der Metropolregion Hamburg. Die Kreisstadt des Kreises Harburg hat 32.000 Einwohner und streckt sich \u00fcber ein Gebiet von 109 km\u00b2. Winsen (Luhe) ist zentral gelegen. In die norddeutsche Gro\u00dfstadt Hamburg sind es nur zirka 30 km, L\u00fcneburg erreicht man bereits nach knapp 20 Kilometern. Winsen (Luhe) besteht in der jetzigen Form seit 1972. Damals wurden 13 eigenst\u00e4ndige Ortschaften zur Gesamtgemeinde Winsen (Luhe) zusammengefasst.  <\/p>\n<p>Durch unsere Vertriebst\u00e4tigkeit haben wir uns einen guten \u00dcberblick \u00fcber die Architektur der Gemeinden und St\u00e4dte unseres Einzugsbereiches machen k\u00f6nnen. Nat\u00fcrlich z\u00e4hlt auch Winsen (Luhe) zu unserem unmittelbaren Gesch\u00e4ftsgebiet. Wir freuen uns darauf, mit Ihnen ins Gespr\u00e4ch zu treten. <\/p>\n<h3>Einige Details zu Winsen (Luhe)<\/h3>\n<p>Obwohl Winsen (Luhe) fraglos als eine Pendlerstadt gelten darf, ist das mittelstandsgepr\u00e4gte Wirtschaftsleben beachtlich. Viele Unternehmen unter anderem aus den Bereichen Maschinenbau, Pharma, Logistik und Bauwesen haben sich in Winsen (Luhe) angesiedelt. Wer von den B\u00fcrgern aus Winsen (Luhe) nicht in einer Firma seiner Heimatgemeinde besch\u00e4ftigt ist, pendelt in der Regel in die Gro\u00dfstadt Hamburg. Mit dem Wagen reist man \u00fcber die Autobahn A39 nach Winsen (Luhe). Die Schnellstra\u00dfe ist mit der A7 und der A1 verbunden. Wer den Zug vorzieht, erreicht Winsen (Luhe) \u00fcber die Schienenverbindung Hamburg-Hannover. Au\u00dferdem bietet der Metronom eine gerne genutzte Regionallinie an. <\/p>\n<h3>Winsen (Luhe) hat Charme!<\/h3>\n<p>Menschen, die das etwas ruhigere Leben in einer kleinen Ortschaft dem L\u00e4rm einer Gro\u00dfstadt vorziehen, finden in Winsen (Luhe) gute Bedingungen vor. Die Infrastruktur in Winsen (Luhe) haut hin! Ausgezeichnete Einkaufsm\u00f6glichkeiten, ein mehr als befriedigendes Sport- und Freizeitangebot sowie eine herrliche Umgebung sind Pluspunkte, die Winsen (Luhe) auf der Habenseite eintragen kann. Auch Familien wertsch\u00e4tzen die Stadt: Alle Schularten sowie eine befriedigende Anzahl an Kindertagesst\u00e4tten stehen in Winsen (Luhe) zur Verf\u00fcgung. <\/p>\n<h4>Privat- und Gesch\u00e4ftskunden aus Winsen (Luhe) sch\u00e4tzen unsere Leistungen!<\/h4>\n<p>Prima, dass Sie diese Website gefunden haben. Wenn Sie eine erfahrene Fachfirma ben\u00f6tigen, sind Sie bei uns genau richtig. Sie m\u00f6chten mehr \u00fcber uns wissen? F\u00fcr R\u00fcckfragen stehen wir Ihnen jederzeit zur Verf\u00fcgung. Unser engagiertes Team freut sich auf Sie.<\/p>","popseo_zusatztext":"<h3>G\u00fcnstig und preiswert \u2013 testen Sie uns!<\/h3>\n<p>Bauelemente m\u00fcssen h\u00f6chsten Erwartungen standhalten. Nichtsdestrotrotz soll es g\u00fcnstig und preiswert sein. Das muss generell kein Widerspruch sein. <\/p>\n<p>Als Fachunternehmen f\u00fcr Sonnenschutz- und Sicherheitsl\u00f6sungen verwenden wir nur qualitativ hochwertige Erzeugnisse. Trotzdem achten wir immer auf ein passendes Preis-Leistungsverh\u00e4ltnis. Wir m\u00f6chten Ihnen Spitzenqualit\u00e4t bieten, die zugleich auch g\u00fcnstig und preiswert ist. Verleihen Sie Ihrem Haus g\u00fcnstig und preiswert das gewisse Mehr an Qualit\u00e4t. Markisen und Rolll\u00e4den oder andere Sonnenschutzl\u00f6sungen sehen nicht nur h\u00fcbsch aus, sie leisten auch einen bedeutsamen Anteil zur W\u00e4rmed\u00e4mmung.  <\/p>\n<h3>G\u00fcnstig und preiswert ohne Abstriche bei der Qualit\u00e4t<\/h3>\n<p>D\u00fcrfen wir Sie informieren, wie Sie g\u00fcnstig und preiswert einen perfekten Sonnenschutz f\u00fcr Ihr Zuhause realisieren? Klasse, dann warten Sie bitte nicht und nehmen am besten sofort heute noch Verbindung mit uns auf. Ein kurzer Telefonanruf oder auch eine schnelle Mail gen\u00fcgen. Sehr gerne informieren Sie unsere perfekt geschulten Profis \u00fcber die verschiedenen Optionen, wie Sie Ihr Zuhause g\u00fcnstig und preiswert mit Markisen und Rolll\u00e4den oder anderen Sonnenschutzprodukten versehen. Wir freuen uns auf den Austausch mit Ihnen. <\/p>\n<h4>Top-Qualit\u00e4t g\u00fcnstig und preiswert<\/h4>\n<p>Setzen Sie beim Thema Sonnenschutz und Sicherheit auf den Experten. Nur ein Fachbetrieb kennt die unterschiedlichen M\u00f6glichkeiten, wie Sie g\u00fcnstig und preiswert, gleichzeitig qualitativ spitze einen tadellosen Sonnenschutz erreichen. Qualit\u00e4tsbewusst, g\u00fcnstig und preiswert: Wir empfehlen uns als spezialisiertes Fachunternehmen im Norden. Unsere gro\u00dfe Erfahrung spricht f\u00fcr uns.<\/p>","popseo_links":"<a href=\"https:\/\/www.kaduk-bauelemente.de\/leistungen\/garagen-jesteburg\/\">Garagen Jesteburg<\/a>, <a href=\"https:\/\/www.kaduk-bauelemente.de\/leistungen\/markisen-amt-neuhaus\/\">Markisen Amt Neuhaus<\/a>, <a href=\"https:\/\/www.kaduk-bauelemente.de\/leistungen\/zaunbau-reinbek-glinde\/\">Zaunbau Reinbek Glinde<\/a>, <a href=\"https:\/\/www.kaduk-bauelemente.de\/leistungen\/tueren-herzogtum-lauenburg\/\">T\u00fcren Herzogtum Lauenburg<\/a>, <a href=\"https:\/\/www.kaduk-bauelemente.de\/leistungen\/zaeune-ebstorf\/\">Z\u00e4une Ebstorf<\/a>, <a href=\"https:\/\/www.kaduk-bauelemente.de\/leistungen\/fenster-reppenstedt\/\">Fenster Reppenstedt<\/a>, <a href=\"https:\/\/www.kaduk-bauelemente.de\/leistungen\/garagen-hanstedt\/\">Garagen Hanstedt<\/a>, <a href=\"https:\/\/www.kaduk-bauelemente.de\/leistungen\/sektionaltore-boizenburg\/\">Sektionaltore Boizenburg<\/a>, <a href=\"https:\/\/www.kaduk-bauelemente.de\/leistungen\/aussenjalousien-geesthacht\/\">Au\u00dfenjalousien Geesthacht<\/a>, <a href=\"https:\/\/www.kaduk-bauelemente.de\/leistungen\/tueren-seevetal-rosengarten\/\">T\u00fcren Seevetal Rosengarten<\/a>, <a href=\"https:\/\/www.kaduk-bauelemente.de\/leistungen\/carports-buechen\/\">Carports B\u00fcchen<\/a>, <a href=\"https:\/\/www.kaduk-bauelemente.de\/leistungen\/aussenjalousien-bergedorf-wentorf\/\">Au\u00dfenjalousien Bergedorf Wentorf<\/a>, <a href=\"https:\/\/www.kaduk-bauelemente.de\/leistungen\/aussenjalousien-seevetal-rosengarten\/\">Au\u00dfenjalousien Seevetal Rosengarten<\/a>, <a href=\"https:\/\/www.kaduk-bauelemente.de\/leistungen\/garagentore-boizenburg\/\">Garagentore Boizenburg<\/a>, <a href=\"https:\/\/www.kaduk-bauelemente.de\/leistungen\/kunststofffenster-reppenstedt\/\">Kunststofffenster Reppenstedt<\/a>, <a href=\"https:\/\/www.kaduk-bauelemente.de\/leistungen\/zaeune-harburg\/\">Z\u00e4une Harburg<\/a>, <a href=\"https:\/\/www.kaduk-bauelemente.de\/leistungen\/aussenjalousien-herzogtum-lauenburg\/\">Au\u00dfenjalousien Herzogtum Lauenburg<\/a>, <a href=\"https:\/\/www.kaduk-bauelemente.de\/leistungen\/rollladen-winsen-luhe\/\">Rollladen Winsen Luhe<\/a>, <a href=\"https:\/\/www.kaduk-bauelemente.de\/leistungen\/terrassenueberdachungen-aus-aluminium-bad-bevensen\/\">Terrassen\u00fcberdachungen aus Aluminium Bad Bevensen<\/a>, <a href=\"https:\/\/www.kaduk-bauelemente.de\/leistungen\/rolltore-bergedorf-wentorf\/\">Rolltore Bergedorf Wentorf<\/a>, <a href=\"https:\/\/www.kaduk-bauelemente.de\/leistungen\/markisen-bienenbuettel\/\">Markisen Bienenb\u00fcttel<\/a>, <a href=\"https:\/\/www.kaduk-bauelemente.de\/leistungen\/carports-amt-neuhaus\/\">Carports Amt Neuhaus<\/a>, <a href=\"https:\/\/www.kaduk-bauelemente.de\/leistungen\/fenster-herzogtum-lauenburg\/\">Fenster Herzogtum Lauenburg<\/a>, <a href=\"https:\/\/www.kaduk-bauelemente.de\/leistungen\/insektenschutz-uelzen\/\">Insektenschutz Uelzen<\/a>, <a href=\"https:\/\/www.kaduk-bauelemente.de\/leistungen\/carports-maschen\/\">Carports Maschen<\/a>, <a href=\"https:\/\/www.kaduk-bauelemente.de\/leistungen\/tueren-tostedt-sittensen\/\">T\u00fcren Tostedt Sittensen<\/a>"},"_links":{"self":[{"href":"https:\/\/www.kaduk-bauelemente.de\/leistungen\/wp-json\/wp\/v2\/pages\/4325","targetHints":{"allow":["GET"]}}],"collection":[{"href":"https:\/\/www.kaduk-bauelemente.de\/leistungen\/wp-json\/wp\/v2\/pages"}],"about":[{"href":"https:\/\/www.kaduk-bauelemente.de\/leistungen\/wp-json\/wp\/v2\/types\/page"}],"author":[{"embeddable":true,"href":"https:\/\/www.kaduk-bauelemente.de\/leistungen\/wp-json\/wp\/v2\/users\/1"}],"replies":[{"embeddable":true,"href":"https:\/\/www.kaduk-bauelemente.de\/leistungen\/wp-json\/wp\/v2\/comments?post=4325"}],"version-history":[{"count":0,"href":"https:\/\/www.kaduk-bauelemente.de\/leistungen\/wp-json\/wp\/v2\/pages\/4325\/revisions"}],"wp:attachment":[{"href":"https:\/\/www.kaduk-bauelemente.de\/leistungen\/wp-json\/wp\/v2\/media?parent=4325"}],"curies":[{"name":"wp","href":"https:\/\/api.w.org\/{rel}","templated":true}]}}