{"id":4321,"date":"2021-08-25T12:18:53","date_gmt":"2021-08-25T10:18:53","guid":{"rendered":"https:\/\/www.kaduk-bauelemente.de\/leistungen\/haustueren-seevetal-rosengarten\/"},"modified":"2021-08-25T12:18:53","modified_gmt":"2021-08-25T10:18:53","slug":"haustueren-seevetal-rosengarten","status":"publish","type":"page","link":"https:\/\/www.kaduk-bauelemente.de\/leistungen\/haustueren-seevetal-rosengarten\/","title":{"rendered":"Haust\u00fcren &#8211; Seevetal Rosengarten"},"content":{"rendered":"<h3>Neue Haust\u00fcren sind immer eine gute Idee!<\/h3>\n<p>Sch\u00f6ne Haust\u00fcren sind in gewisser Weise die Visitenkarte eines Wohnhauses. T\u00fcren zeugen immer auch von Charakter, Geschmack und Qualit\u00e4tsbewusstsein. Nicht zuletzt betonen moderne Haust\u00fcren die Architektur eines Wohn- oder Gesch\u00e4ftsgeb\u00e4udes. Qualitativ hochwertige Haust\u00fcren bieten neben einer optimalen Optik selbstverst\u00e4ndlich noch etliches mehr. Auch der Schutz vor Einbrechern und einen Beitrag zum W\u00e4rmehaushalt d\u00fcrfen Sie erwarten. <\/p>\n<p>Wer eine ansprechende T\u00fcr sucht, hat die Qual der Wahl: Sie k\u00f6nnen bei Haust\u00fcren zwischen modernem und traditionellem Design w\u00e4hlen. Des Weiteren sind T\u00fcren in Kunststoff, Holz oder Aluminium vorr\u00e4tig. <\/p>\n<h3>Wir beraten Sie zum Thema Haust\u00fcren!<\/h3>\n<p>Sie interessieren sich f\u00fcr neue Haust\u00fcren? Super, in dem Fall sind Sie bei uns 100prozentig an der korrekten Adresse. Als spezialisiertes Unternehmen f\u00fchren wir eine gro\u00dfe Anzahl an Haust\u00fcren f\u00fcr jedweden Zweck und Geschmack. F\u00fcr welche Variante Sie sich letzlich entscheiden: Sch\u00f6ne T\u00fcren sind immer ein echter Hingucker. In unserem Ausstellungsraum zeigen wir Ihnen montags bis freitags zwischen 9.00 und 18.00 Uhr sowie samstags zwischen 9:00 und 13:00 Uhr eine gro\u00dfe Anzahl von Umsetzungsm\u00f6glichkeiten. Die unterschiedlichen Gestaltungsm\u00f6glichkeiten geben modernen Haust\u00fcren einen sehr individualisierten Anstrich.<\/p>\n","protected":false},"excerpt":{"rendered":"<p>Neue Haust\u00fcren sind immer eine gute Idee! Sch\u00f6ne Haust\u00fcren sind in gewisser Weise die Visitenkarte eines Wohnhauses. T\u00fcren zeugen immer auch von Charakter, Geschmack und Qualit\u00e4tsbewusstsein. Nicht zuletzt betonen moderne Haust\u00fcren die Architektur eines Wohn- oder Gesch\u00e4ftsgeb\u00e4udes. Qualitativ hochwertige Haust\u00fcren bieten neben einer optimalen Optik selbstverst\u00e4ndlich noch etliches mehr. Auch der Schutz vor Einbrechern und [&hellip;]<\/p>\n","protected":false},"author":1,"featured_media":0,"parent":0,"menu_order":0,"comment_status":"closed","ping_status":"closed","template":"","meta":{"footnotes":""},"class_list":["post-4321","page","type-page","status-publish","hentry"],"meta_box":{"popseo_subtitel":"Kaduk Bauelemente ist Ihr Spezialist f\u00fcr Haust\u00fcren im Raum Seevetal Rosengarten","popseo_subtitel2":"Haust\u00fcren - wir beraten Sie gerne!","popseo_lasttitel":"Haust\u00fcren: D\u00fcrfen wir Ihre Fragen beantworten?","popseo_region":"Seevetal Rosengarten","popseo_sachwort":"Haust\u00fcren","popseo_noupdate":"","popseo_einleitungstext":"<p>Wenn es um Sonnenschutz und Sicherheit geht, sind Sie bei der Firma Kaduk genau an der richtigen Adresse. Seit Unternehmensgr\u00fcndung sind wir Ihr lokaler Fachbetrieb f\u00fcr hochwertige Bauelemente. Zu unserem Produktsortiment z\u00e4hlen unter anderem Markisen, Rolltore, Terrassend\u00e4cher, Fenster, Au\u00dfenjalousien, T\u00fcren, Rolll\u00e4den und Carports. Unsere Fachleute erledigen Montage- und Reparaturarbeiten und zeigen Ihnen, wie Sie Ihre Wohn- oder Gesch\u00e4ftsgeb\u00e4ude mit modernen Bauelementen ausstatten k\u00f6nnen. Nachfolgend haben wir einige erste Informationen f\u00fcr Sie notiert.<\/p>","popseo_schlusstext":"<p>Sie ben\u00f6tigen einen Fachpartner f\u00fcr moderne Sonnenschutz- und Sicherheitsl\u00f6sungen. Dann kontaktieren Sie uns bitte schnell. Wir freuen uns auf Ihren Anruf oder Ihre E-Mail. Wenn es um Bauelemente geht, sind wir Ihr kompetenter Handels- und Handwerkspartner. Wir garantieren hochwertige Produkte und eine fachkundig durchgef\u00fchrte Arbeit nach dem stets derzeitigen Stand der Technik.<\/p>","popseo_stadttext":"<h3>F\u00fcr Sie da in Rosengarten und Seevetal<\/h2>\n<p>Unser Einzugsgebiet umfasst auch Rosengarten und Seevetal. Durch unsere T\u00e4tigkeit haben wir uns einen guten \u00dcberblick \u00fcber die Architektur der St\u00e4dte und Gemeinden unseres Vertriebsgebietes erarbeiten k\u00f6nnen. Wir f\u00fchlen uns der Region verpflichtet und sind stolz darauf, unseren Anteil zur guten Infrastruktur der Gemeinden beizusteuern zu d\u00fcrfen.  <\/p>\n<h3>Seevetal und Rosengarten \u2013 ein paar Fakten \u00fcber die Gemeinden<\/h3>\n<p>Die Gemeinde Seevetal liegt in s\u00fcdlicher Richtung von Hamburg im nieders\u00e4chsischen Landkreis Harburg. 1972 schlossen sich in Summe 19 ehemals eigenst\u00e4ndige Orte zur Gesamtgemeinde Seevetal zusammen. Durch die Zusammenf\u00fchrung gilt Seevetal mit \u00fcber 42.000 Anwohnern als die gr\u00f6\u00dfte Gemeinde in Deutschland. Trotz der noch jungen Geschichte, schauen einige der ehedem selbstst\u00e4ndigen Gemeindeteile auf eine au\u00dferordentliche lange Geschichte zur\u00fcck. Die Gemeindechronik von Seevetal informiert davon, dass der Gemeindeteil Ramelsloh schon im Jahre 845 erstmalig urkundlich genannt wurde. Die gute Bev\u00f6lkerungsentwicklung des Ortes Seevetal erkl\u00e4rt sich auch durch die verkehrstechnisch gute Lage. Die N\u00e4he zur Gro\u00dfstadt Hamburg macht Seevetal f\u00fcr Berufspendler reizvoll. Das Arbeiten in der Gro\u00dfstadt und das Leben im eher l\u00e4ndlich wirkenden Bereich, gehen in Seevetal eine gewinnbringende Verbindung ein. <\/p>\n<h4>Seevetal und Rosengarten \u2013 beliebt bei jungen Familien<\/h4>\n<p>Der Gewerbestandort Seevetal ist f\u00fcr eine gro\u00dfe Anzahl von Unternehmen von gro\u00dfer Anziehungskraft. Seevetal liegt in der Mitte von f\u00fcnf Schnellstra\u00dfen. Die verkehrstechnisch exellente Lage gew\u00e4hrleistet sowohl eine hervorragende Erreichbarkeit als auch einen schnellen G\u00fcterumschlag. Wirtschaftsf\u00f6rderung ist den Gemeindeverantwortlichen von Seevetal wichtig. Die Gemeinde f\u00f6rdert proaktiv und unkompliziert die Gewerbeansiedlung. Seevetal ist Teil vom Hamburger Verkehrsverbund (HVV). Mit der Eisenbahn erreicht man den Gemeindeteil Hittfeld mit dem Metronom \u00fcber die Streckenverbindung HH-Harburg-Buchholz-Tostedt. Die zu Seevetal geh\u00f6renden Gemeindeteile Meckelfeld und Maschen sind an die Strecke HH-Harburg-Winsen-L\u00fcneburg angebunden.  <\/p>\n<p>Die Region Seevetal zeichnet sich durch einen hohen Wohnwert aus. Eine hervorragende Infrastruktur macht das Wohnen in Seevetal insbesondere f\u00fcr junge Familien reizvoll. Durch die gesunde und best\u00e4ndig wachsende Wirtschaft in Seevetal wird von den Gemeindeverantwortlichen des Weiteren ein besonderer Schwerpunkt auf die Attraktivit\u00e4t des Wohnortes Seevetal gelegt. In den 19 Einzelgemeinden von Seevetal findet sich ausreichend Baugrund f\u00fcr private Bauherren.<\/p>\n<p>\u00c4hnlich anziehend zeigt sich Rosengarten. Die Gemeinde liegt etwa rund 15 Kilometer von Seevetal entfernt. Knapp 13.000 Einwohner z\u00e4hlt man in dem idyllischen Ort, der sich \u00fcber eine Fl\u00e4che von \u00fcber 63 qkm erstreckt. Rosengarten grenzt an die Hamburger Stadtteile Hausbruch, Heimfeld und Marmstorf. Das eher idyllische Leben auf dem Lande verkn\u00fcpft sich in Rosengarten auf optimale Weise mit den vielf\u00e4ltigen Angeboten der nahen Metropole. Rosengarten und Seevetal verf\u00fcgen \u00fcber zahlreiche beruhigte Wohnviertel, die vor allem von einer ansprechenden Einzelhausbebauung gepr\u00e4gt sind. <\/p>\n<h4>Privat- und Gesch\u00e4ftskunden aus Seevetal und Rosengarten sch\u00e4tzen unsere Leistungen!<\/h4>\n<p>Sie leben in Seevetal oder Rosengarten und interessieren sich f\u00fcr unser Leistungsangebot. Klasse, dass Sie diese Seite gefunden haben. F\u00fcr R\u00fcckfragen sind wir jederzeit f\u00fcr Sie da. Auf den Kontakt zu Ihnen freuen wir uns.<\/p>","popseo_zusatztext":"<h3>Sonnenschutz vom Fachbetrieb<\/h3>\n<p>Vertrauen Sie in Sachen Sicherheit und Sonnenschutz auf jeden Fall auf die fachspezifische Leistung vom Fachbetrieb. Nur ein Fachbetrieb kennt die Alternativen, wie man zu einem sachgerechten Ergebnis kommt. Um sich mit Fug und Recht Fachbetrieb nennen zu d\u00fcrfen, braucht es eine qualifizierte Ausbildung der Mitarbeiter und eine langj\u00e4hrige Berufserfahrung.  <\/p>\n<p>Unsere Unternehmung empfiehlt sich als Ihr fachkundiger Fachbetrieb f\u00fcr Sicherheit und Sonnenschutz. Setzen Sie auf Qualit\u00e4t und schenken Sie unserem Fachbetrieb Ihr Vertrauen. Wir bieten Ihnen u.a. qualitativ ausgezeichnete Rolll\u00e4den und Markisen und legen h\u00f6chsten Wert auf einen sehr guten Service. Schon seit vielen Jahren sind wir fachkundiger Fachbetrieb f\u00fcr Terrassend\u00e4cher, Au\u00dfenjalousien, Rolll\u00e4den im Raum L\u00fcneburg. Es ist unser Bestreben, dass Sie lange viel Freude an Ihrem Sicht und Sonnenschutz haben. Von einem Fachbetrieb d\u00fcrfen Sie zu Recht eine absolute Top-Leistung erwarten.<\/p>\n<h3>Sicht- und Sonnenschutz\u2013 ein Thema f\u00fcr den Fachbetrieb<\/h3>\n<p>Als Fachbetrieb darf sich eine Firma bezeichnen, deren Angestellte \u00fcber dokumentierte Qualifikationen verf\u00fcgen. Dies ist u.a. eine entsprechende Berufsausbildung oder ein Meisterbrief. Auch zeichnet eine intensive praktische Erfahrung einen Fachbetrieb aus. Bereits seit vielen Jahren konzentrieren wir uns als spezialisiertes Unternehmen auf Sicherheit und Sonnenschutz von Geb\u00e4uden. In diesen langen Jahren haben wir uns das Attribut Fachbetrieb redlich verdient. Wir benutzen nur hochwertige Materialien. Dabei achten wir immer auf ein faires Preis-Leistungsverh\u00e4ltnis. Unser Versprechen als Fachbetrieb: Wir bieten Ihnen beste Qualit\u00e4t zu einem sehr guten Preis.<\/p>","popseo_links":"<a href=\"https:\/\/www.kaduk-bauelemente.de\/leistungen\/garagen-bad-bevensen\/\">Garagen Bad Bevensen<\/a>, <a href=\"https:\/\/www.kaduk-bauelemente.de\/leistungen\/zaunbau-winsen-luhe\/\">Zaunbau Winsen Luhe<\/a>, <a href=\"https:\/\/www.kaduk-bauelemente.de\/leistungen\/carports-ebstorf\/\">Carports Ebstorf<\/a>, <a href=\"https:\/\/www.kaduk-bauelemente.de\/leistungen\/rollladen-reppenstedt\/\">Rollladen Reppenstedt<\/a>, <a href=\"https:\/\/www.kaduk-bauelemente.de\/leistungen\/sektionaltore-hanstedt\/\">Sektionaltore Hanstedt<\/a>, <a href=\"https:\/\/www.kaduk-bauelemente.de\/leistungen\/holzfenster-stelle\/\">Holzfenster Stelle<\/a>, <a href=\"https:\/\/www.kaduk-bauelemente.de\/leistungen\/raffstores-adendorf\/\">Raffstores Adendorf<\/a>, <a href=\"https:\/\/www.kaduk-bauelemente.de\/leistungen\/carports-seevetal-rosengarten\/\">Carports Seevetal Rosengarten<\/a>, <a href=\"https:\/\/www.kaduk-bauelemente.de\/leistungen\/rollladen-lueneburg\/\">Rollladen L\u00fcneburg<\/a>, <a href=\"https:\/\/www.kaduk-bauelemente.de\/leistungen\/terrassenueberdachungen-aus-holz-buchholz\/\">Terrassen\u00fcberdachungen aus Holz Buchholz<\/a>, <a href=\"https:\/\/www.kaduk-bauelemente.de\/leistungen\/insektenschutz-buchholz\/\">Insektenschutz Buchholz<\/a>, <a href=\"https:\/\/www.kaduk-bauelemente.de\/leistungen\/zaunbau-boizenburg\/\">Zaunbau Boizenburg<\/a>, <a href=\"https:\/\/www.kaduk-bauelemente.de\/leistungen\/holzfenster-hanstedt\/\">Holzfenster Hanstedt<\/a>, <a href=\"https:\/\/www.kaduk-bauelemente.de\/leistungen\/fenster-bad-bevensen\/\">Fenster Bad Bevensen<\/a>, <a href=\"https:\/\/www.kaduk-bauelemente.de\/leistungen\/garagen-winsen-luhe\/\">Garagen Winsen Luhe<\/a>, <a href=\"https:\/\/www.kaduk-bauelemente.de\/leistungen\/aussenjalousien-herzogtum-lauenburg\/\">Au\u00dfenjalousien Herzogtum Lauenburg<\/a>, <a href=\"https:\/\/www.kaduk-bauelemente.de\/leistungen\/garagen-bienenbuettel\/\">Garagen Bienenb\u00fcttel<\/a>, <a href=\"https:\/\/www.kaduk-bauelemente.de\/leistungen\/terrassenueberdachungen-aus-holz-tostedt-sittensen\/\">Terrassen\u00fcberdachungen aus Holz Tostedt Sittensen<\/a>, <a href=\"https:\/\/www.kaduk-bauelemente.de\/leistungen\/garagen-reppenstedt\/\">Garagen Reppenstedt<\/a>, <a href=\"https:\/\/www.kaduk-bauelemente.de\/leistungen\/fliegengitter-herzogtum-lauenburg\/\">Fliegengitter Herzogtum Lauenburg<\/a>, <a href=\"https:\/\/www.kaduk-bauelemente.de\/leistungen\/rollladen-harburg\/\">Rollladen Harburg<\/a>, <a href=\"https:\/\/www.kaduk-bauelemente.de\/leistungen\/tueren-lueneburg\/\">T\u00fcren L\u00fcneburg<\/a>, <a href=\"https:\/\/www.kaduk-bauelemente.de\/leistungen\/tueren-amt-neuhaus\/\">T\u00fcren Amt Neuhaus<\/a>, <a href=\"https:\/\/www.kaduk-bauelemente.de\/leistungen\/carports-winsen-luhe\/\">Carports Winsen Luhe<\/a>, <a href=\"https:\/\/www.kaduk-bauelemente.de\/leistungen\/rolltore-boizenburg\/\">Rolltore Boizenburg<\/a>, <a href=\"https:\/\/www.kaduk-bauelemente.de\/leistungen\/terrassendaecher-aus-aluminium-boizenburg\/\">Terrassend\u00e4cher aus Aluminium Boizenburg<\/a>"},"_links":{"self":[{"href":"https:\/\/www.kaduk-bauelemente.de\/leistungen\/wp-json\/wp\/v2\/pages\/4321","targetHints":{"allow":["GET"]}}],"collection":[{"href":"https:\/\/www.kaduk-bauelemente.de\/leistungen\/wp-json\/wp\/v2\/pages"}],"about":[{"href":"https:\/\/www.kaduk-bauelemente.de\/leistungen\/wp-json\/wp\/v2\/types\/page"}],"author":[{"embeddable":true,"href":"https:\/\/www.kaduk-bauelemente.de\/leistungen\/wp-json\/wp\/v2\/users\/1"}],"replies":[{"embeddable":true,"href":"https:\/\/www.kaduk-bauelemente.de\/leistungen\/wp-json\/wp\/v2\/comments?post=4321"}],"version-history":[{"count":0,"href":"https:\/\/www.kaduk-bauelemente.de\/leistungen\/wp-json\/wp\/v2\/pages\/4321\/revisions"}],"wp:attachment":[{"href":"https:\/\/www.kaduk-bauelemente.de\/leistungen\/wp-json\/wp\/v2\/media?parent=4321"}],"curies":[{"name":"wp","href":"https:\/\/api.w.org\/{rel}","templated":true}]}}