{"id":4317,"date":"2021-08-25T12:18:53","date_gmt":"2021-08-25T10:18:53","guid":{"rendered":"https:\/\/www.kaduk-bauelemente.de\/leistungen\/haustueren-reinbek-glinde\/"},"modified":"2021-08-25T12:18:53","modified_gmt":"2021-08-25T10:18:53","slug":"haustueren-reinbek-glinde","status":"publish","type":"page","link":"https:\/\/www.kaduk-bauelemente.de\/leistungen\/haustueren-reinbek-glinde\/","title":{"rendered":"Haust\u00fcren &#8211; Reinbek Glinde"},"content":{"rendered":"<h3>Sie interessieren sich f\u00fcr neue Haust\u00fcren? Dann besuchen Sie unsere Ausstellung!<\/h3>\n<p>Schmucke Haust\u00fcren sind in gewisser Weise die Visitenkarte eines Wohnhauses. T\u00fcren zeugen immer auch von Charakter, Stil und Qualit\u00e4tsbewusstsein. Nicht zuletzt unterstreichen moderne Haust\u00fcren das Erscheinungsbild eines Hauses. Hochwertige Haust\u00fcren bieten neben einer sch\u00f6nen Optik selbstverst\u00e4ndlich noch etliches mehr. Auch die Einbruchsvorsorge und einen Beitrag zum W\u00e4rmehaushalt k\u00f6nnen Sie erwarten. <\/p>\n<p>Wer eine sch\u00f6ne T\u00fcr sucht, steht vor der Wahl: Sie k\u00f6nnen bei Haust\u00fcren zwischen traditionellem und modernem Design entscheiden. Au\u00dferdem sind T\u00fcren in Holz, Aluminium oder Kunststoff erh\u00e4ltlich. <\/p>\n<h3>Neue Haust\u00fcren erh\u00f6hen den Wohnwert Ihrer Immobilie<\/h3>\n<p>Sie interessieren sich f\u00fcr neue Haust\u00fcren? Super, in dem Fall sind Sie bei uns absolut an der korrekten Adresse. Als spezialisiertes Unternehmen f\u00fchren wir zahllose Haust\u00fcren f\u00fcr jedweden Zweck und Geschmack. F\u00fcr welche Umsetzung Sie sich auch entscheiden: Exklusive T\u00fcren sind immer ein echter Hingucker. In unserer Ausstellung pr\u00e4sentieren wir Ihnen von Montag bis Freitag in der Zeit von 9.00 und 18.00 Uhr sowie am Samstag in der Zeit von 9:00 und 13:00 Uhr eine Menge L\u00f6sungsalternativen. Die verschiedenen Gestaltungsoptionen geben modernen Haust\u00fcren einen \u00e4u\u00dferst speziellen Anstrich.<\/p>\n","protected":false},"excerpt":{"rendered":"<p>Sie interessieren sich f\u00fcr neue Haust\u00fcren? Dann besuchen Sie unsere Ausstellung! Schmucke Haust\u00fcren sind in gewisser Weise die Visitenkarte eines Wohnhauses. T\u00fcren zeugen immer auch von Charakter, Stil und Qualit\u00e4tsbewusstsein. Nicht zuletzt unterstreichen moderne Haust\u00fcren das Erscheinungsbild eines Hauses. Hochwertige Haust\u00fcren bieten neben einer sch\u00f6nen Optik selbstverst\u00e4ndlich noch etliches mehr. Auch die Einbruchsvorsorge und einen [&hellip;]<\/p>\n","protected":false},"author":1,"featured_media":0,"parent":0,"menu_order":0,"comment_status":"closed","ping_status":"closed","template":"","meta":{"footnotes":""},"class_list":["post-4317","page","type-page","status-publish","hentry"],"meta_box":{"popseo_subtitel":"Kaduk Bauelemente ist Ihr Spezialist f\u00fcr Haust\u00fcren im Raum Reinbek Glinde","popseo_subtitel2":"Haust\u00fcren - von den Experten unserer Firma","popseo_lasttitel":"Haust\u00fcren: D\u00fcrfen wir Ihre Fragen beantworten?","popseo_region":"Reinbek Glinde","popseo_sachwort":"Haust\u00fcren","popseo_noupdate":"","popseo_einleitungstext":"<p>Sie wollen Ihr Wohn- oder Gesch\u00e4ftshaus mit modernen Bauelementen ausstatten lassen interessieren sich f\u00fcr unser Leistungs- und Produktangebot? Wunderbar, dann sind Sie auf dieser Seite goldrichtig. Unser Produktportfolio umfasst unter anderem Terrassend\u00e4cher, Markisen, Rolltore, Fenster, Au\u00dfenjalousien, T\u00fcren, Rolll\u00e4den und Carports. Als auf Sonnenschutz und Sicherheit fokussiertes Fachunternehmen \u00fcbernehmen wir sehr gerne auch Reparatur- und Montagearbeiten. Erfahren Sie nachfolgend mehr \u00fcber uns und unser Angebot. \u00dcber Ihr Interesse freuen wir uns sehr.<\/p>","popseo_schlusstext":"<p>Sehr gerne informieren wir Sie n\u00e4her \u00fcber unser Produkt- und T\u00e4tigkeitsspektrum. Wir pr\u00e4sentieren Ihnen mit Vergn\u00fcgen auch einige Referenzen, die Ihnen einen Einblick in unsere Unternehmenst\u00e4tigkeit geben.<br \/>\nVertrauen Sie den Spezialisten der Firma Kaduk. Rufen Sie uns doch einfach einmal an oder senden Sie uns eine kurze E-Mail. Wir freuen uns auf den Kontakt zu Ihnen.<\/p>","popseo_stadttext":"<h3>Unser Leistungskatalog f\u00fcr Kunden aus Reinbek und Glinde<\/h3>\n<p>Wir betreuen Kunden aus dem Raum Reinbek und Glinde. Durch unsere Vertriebst\u00e4tigkeit haben wir uns einen guten \u00dcberblick \u00fcber die Architektur der St\u00e4dte und Gemeinden unseres Einzugsbereiches machen k\u00f6nnen. Nat\u00fcrlich z\u00e4hlt auch Reinbek zu unserem unmittelbaren Vertriebsgebiet. Wir freuen uns darauf, mit Ihnen ins Gespr\u00e4ch zu kommen. <\/p>\n<h3>Einige Details zu Reinbek und Glinde<\/h3>\n<p>Die Schleswig-Holsteinische Kleinstadt Reinbek liegt im Kreis Stormarn. Zurzeit z\u00e4hlt Reinbek knapp 26.000 Einwohner. Das Stadtgebiet erstreckt sich \u00fcber eine Fl\u00e4che von in etwa 31 km\u00b2. Reinbek z\u00e4hlt zur Metropolregion Hamburg und liegt gut 20 Kilometer \u00f6stlich der Hansestadt. Die Stadt Reinbek geh\u00f6rt \u00fcber die S21 zum Hamburger Verkehrsverbund. Der kurze Fahrweg von nicht mehr als 25 Minuten macht Reinbek in erster Line reizvoll f\u00fcr Pendler nach Hamburg. Wer seinen Arbeitgeber in Gro\u00dfstadt Hamburg hat, genie\u00dft mit dem Wohnort Reinbek das Beste aus zwei Welten: Das hektische Leben der Gro\u00dfstadt findet in der idyllischen Wohnstatt von Reinbek seinen reizvollen Kontrast. <\/p>\n<p>Die Stadt Glinde liegt im S\u00fcden von Schleswig-Holstein, in der Metropolregion Hamburg, gut 20 Kilometer s\u00fcd\u00f6stlich vom Hamburger Stadtkern entfernt. Aufgrund der ausgezeichneten Infrastruktur hat sich Glinde zu einem optimalen Wohnort entwickelt, obwohl weit \u00fcber die H\u00e4lfte der Stadtfl\u00e4che von Glinde aus Park- oder Wasserfl\u00e4chen besteht oder landwirtschaftlich genutzt wird. Rund 33% der gesamten Stadtfl\u00e4che stehen in Glinde f\u00fcr Wohnzwecke zur Verf\u00fcgung.  <\/p>\n<h3>Reizvolle Gemeinden Reinbek und Glinde!<\/h3>\n<p>Das Stadtbild Reinbeks besteht mehrheitlich aus vielen Ein- und Mehrfamilienh\u00e4usern, welche ihren Bewohnern einen sehr hohen Lebenskomfort bieten. Reinbek zeichnet sich neben der hohen Wohnqualit\u00e4t zus\u00e4tzlich durch eine hohe Wirtschaftskraft aus. Wer auf den Individualverkehr setzt, findet in Reinbek gute Bedingungen: Die Autobahnen A24 und A1 sowie die Bundesstra\u00dfe B5 liegen nur unweit von Reinbek. Auf der Landstra\u00dfe gelangt man \u00fcber Neusch\u00f6nningstedt nach Reinbek. <\/p>\n<h4>Hohe Qualit\u00e4t f\u00fcr Kunden aus Reinbek und Glinde<\/h4>\n<p>Prima, dass Sie diese Website gefunden haben. Wenn Sie ein Fachunternehmen suchen, sind Sie bei uns an der richtigen Adresse. Sie m\u00f6chten mehr \u00fcber uns wissen? F\u00fcr R\u00fcckfragen stehen wir Ihnen jederzeit zur Verf\u00fcgung. Auf den Kontakt zu Ihnen freuen wir uns.<\/p>","popseo_zusatztext":"<h3>G\u00fcnstig und preiswert \u2013 unser Angebot f\u00fcr Sie<\/h3>\n<p>Bauelemente m\u00fcssen hohen Anforderungen standhalten. Gleichzeitig mu\u00df es g\u00fcnstig und preiswert sein. Das muss generell kein Gegensatz sein. <\/p>\n<p>Als Fachbetrieb f\u00fcr Sonnenschutz- und Sicherheitsl\u00f6sungen verwenden wir ausschlie\u00dflich hochwertige Erzeugnisse. Gleichwohl achten wir grunds\u00e4tzlich auf ein angemessenes Preis-Leistungsverh\u00e4ltnis. Wir m\u00f6chten Ihnen Qualit\u00e4t bieten, die gleichzeitig auch g\u00fcnstig und preiswert ist. Geben Sie Ihrem Heim g\u00fcnstig und preiswert das besondere Plus an Qualit\u00e4t. Rolll\u00e4den und Markisen oder andere Sonnenschutzl\u00f6sungen sehen nicht nur hervorragend aus, sie leisten auch einen bedeutenden Beitrag zur W\u00e4rmed\u00e4mmung.  <\/p>\n<h3>G\u00fcnstig und preiswert \u2013 es muss wirklich nicht immer teuer sein<\/h3>\n<p>D\u00fcrfen wir Sie beraten, wie Sie g\u00fcnstig und preiswert einen optimalen Sonnenschutz f\u00fcr Ihr Haus realisieren? Prima, dann z\u00f6gern Sie bitte nicht und nehmen am besten gleich heute noch Kontakt mit uns auf. Ein kurzer Anruf oder eine kurze Mail gen\u00fcgen. Mit Vergn\u00fcgen informieren Sie unsere perfekt ausgebildeten Fachleute \u00fcber die verschiedenen M\u00f6glichkeiten, wie Sie Ihr Zuhause g\u00fcnstig und preiswert mit Markisen und Rolll\u00e4den oder anderen Sonnenschutzprodukten versehen. Wir freuen uns auf das Gespr\u00e4ch mit Ihnen. <\/p>\n<h4>Hochwertige Arbeit g\u00fcnstig und preiswert<\/h4>\n<p>Setzen Sie beim Thema Sonnenschutz und Sicherheit auf den Experten. Nur ein Fachbetrieb kennt die verschiedenen Optionen, wie Sie g\u00fcnstig und preiswert, trotzdem qualitativ hochwertig einen optimalen Sonnenschutz erreichen. Qualit\u00e4tsbewusst, g\u00fcnstig und preiswert: Wir empfehlen uns als spezialisiertes Unternehmen im norddeutschen Raum. Unsere langj\u00e4hrige Erfahrung spricht f\u00fcr uns.<\/p>","popseo_links":"<a href=\"https:\/\/www.kaduk-bauelemente.de\/leistungen\/fenster-bispingen\/\">Fenster Bispingen<\/a>, <a href=\"https:\/\/www.kaduk-bauelemente.de\/leistungen\/garagen-bad-bevensen\/\">Garagen Bad Bevensen<\/a>, <a href=\"https:\/\/www.kaduk-bauelemente.de\/leistungen\/fliegengitter-geesthacht\/\">Fliegengitter Geesthacht<\/a>, <a href=\"https:\/\/www.kaduk-bauelemente.de\/leistungen\/zaeune-geesthacht\/\">Z\u00e4une Geesthacht<\/a>, <a href=\"https:\/\/www.kaduk-bauelemente.de\/leistungen\/rolltore-seevetal-rosengarten\/\">Rolltore Seevetal Rosengarten<\/a>, <a href=\"https:\/\/www.kaduk-bauelemente.de\/leistungen\/carports-maschen\/\">Carports Maschen<\/a>, <a href=\"https:\/\/www.kaduk-bauelemente.de\/leistungen\/markisen-bad-bevensen\/\">Markisen Bad Bevensen<\/a>, <a href=\"https:\/\/www.kaduk-bauelemente.de\/leistungen\/zaunbau-salzhausen\/\">Zaunbau Salzhausen<\/a>, <a href=\"https:\/\/www.kaduk-bauelemente.de\/leistungen\/holzfenster-amt-neuhaus\/\">Holzfenster Amt Neuhaus<\/a>, <a href=\"https:\/\/www.kaduk-bauelemente.de\/leistungen\/raffstores-winsen-luhe\/\">Raffstores Winsen Luhe<\/a>, <a href=\"https:\/\/www.kaduk-bauelemente.de\/leistungen\/zaunbau-boizenburg\/\">Zaunbau Boizenburg<\/a>, <a href=\"https:\/\/www.kaduk-bauelemente.de\/leistungen\/rolltore-bienenbuettel\/\">Rolltore Bienenb\u00fcttel<\/a>, <a href=\"https:\/\/www.kaduk-bauelemente.de\/leistungen\/insektenschutz-lueneburg\/\">Insektenschutz L\u00fcneburg<\/a>, <a href=\"https:\/\/www.kaduk-bauelemente.de\/leistungen\/garagen-buchholz\/\">Garagen Buchholz<\/a>, <a href=\"https:\/\/www.kaduk-bauelemente.de\/leistungen\/rolltore-herzogtum-lauenburg\/\">Rolltore Herzogtum Lauenburg<\/a>, <a href=\"https:\/\/www.kaduk-bauelemente.de\/leistungen\/rolltore-boizenburg\/\">Rolltore Boizenburg<\/a>, <a href=\"https:\/\/www.kaduk-bauelemente.de\/leistungen\/tueren-amt-neuhaus\/\">T\u00fcren Amt Neuhaus<\/a>, <a href=\"https:\/\/www.kaduk-bauelemente.de\/leistungen\/zaunbau-lueneburg\/\">Zaunbau L\u00fcneburg<\/a>, <a href=\"https:\/\/www.kaduk-bauelemente.de\/leistungen\/terrassendaecher-aus-holz-salzhausen\/\">Terrassend\u00e4cher aus Holz Salzhausen<\/a>, <a href=\"https:\/\/www.kaduk-bauelemente.de\/leistungen\/rollladen-amelinghausen\/\">Rollladen Amelinghausen<\/a>, <a href=\"https:\/\/www.kaduk-bauelemente.de\/leistungen\/terrassendaecher-aus-holz-amt-neuhaus\/\">Terrassend\u00e4cher aus Holz Amt Neuhaus<\/a>, <a href=\"https:\/\/www.kaduk-bauelemente.de\/leistungen\/fliegengitter-hanstedt\/\">Fliegengitter Hanstedt<\/a>, <a href=\"https:\/\/www.kaduk-bauelemente.de\/leistungen\/garagentore-bardowick\/\">Garagentore Bardowick<\/a>, <a href=\"https:\/\/www.kaduk-bauelemente.de\/leistungen\/carports-boizenburg\/\">Carports Boizenburg<\/a>, <a href=\"https:\/\/www.kaduk-bauelemente.de\/leistungen\/sektionaltore-schwarzenbek\/\">Sektionaltore Schwarzenbek<\/a>, <a href=\"https:\/\/www.kaduk-bauelemente.de\/leistungen\/aussenjalousien-tostedt-sittensen\/\">Au\u00dfenjalousien Tostedt Sittensen<\/a>"},"_links":{"self":[{"href":"https:\/\/www.kaduk-bauelemente.de\/leistungen\/wp-json\/wp\/v2\/pages\/4317","targetHints":{"allow":["GET"]}}],"collection":[{"href":"https:\/\/www.kaduk-bauelemente.de\/leistungen\/wp-json\/wp\/v2\/pages"}],"about":[{"href":"https:\/\/www.kaduk-bauelemente.de\/leistungen\/wp-json\/wp\/v2\/types\/page"}],"author":[{"embeddable":true,"href":"https:\/\/www.kaduk-bauelemente.de\/leistungen\/wp-json\/wp\/v2\/users\/1"}],"replies":[{"embeddable":true,"href":"https:\/\/www.kaduk-bauelemente.de\/leistungen\/wp-json\/wp\/v2\/comments?post=4317"}],"version-history":[{"count":0,"href":"https:\/\/www.kaduk-bauelemente.de\/leistungen\/wp-json\/wp\/v2\/pages\/4317\/revisions"}],"wp:attachment":[{"href":"https:\/\/www.kaduk-bauelemente.de\/leistungen\/wp-json\/wp\/v2\/media?parent=4317"}],"curies":[{"name":"wp","href":"https:\/\/api.w.org\/{rel}","templated":true}]}}