{"id":4315,"date":"2021-08-25T12:18:53","date_gmt":"2021-08-25T10:18:53","guid":{"rendered":"https:\/\/www.kaduk-bauelemente.de\/leistungen\/haustueren-lueneburg\/"},"modified":"2021-08-25T12:18:53","modified_gmt":"2021-08-25T10:18:53","slug":"haustueren-lueneburg","status":"publish","type":"page","link":"https:\/\/www.kaduk-bauelemente.de\/leistungen\/haustueren-lueneburg\/","title":{"rendered":"Haust\u00fcren &#8211; L\u00fcneburg"},"content":{"rendered":"<h3>Sie interessieren sich f\u00fcr neue Haust\u00fcren? Dann besuchen Sie unsere Ausstellung!<\/h3>\n<p>H\u00fcbsche Haust\u00fcren sind in gewisser Weise die Visitenkarte eines Wohn- oder Gesch\u00e4ftshauses. T\u00fcren zeugen immer auch von Individualit\u00e4t, Stil und Qualit\u00e4tsbewusstsein. Nicht zuletzt unterstreichen moderne Haust\u00fcren das Erscheinungsbild eines Hauses. Hochwertige Haust\u00fcren bieten neben einer optimalen Optik selbstverst\u00e4ndlich noch einiges mehr. Auch die Einbruchsvorsorge und einen Beitrag zum W\u00e4rmehaushalt k\u00f6nnen Sie erwarten. <\/p>\n<p>Wer eine qualitativ hochwertige T\u00fcr sucht, muss sich entscheiden: Sie m\u00fcssen bei Haust\u00fcren zwischen modernem und traditionellem Design w\u00e4hlen. Des Weiteren sind T\u00fcren in Aluminium, Holz oder Kunststoff erh\u00e4ltlich. <\/p>\n<h3>Neue Haust\u00fcren sind auch optisch ein Gewinn!<\/h3>\n<p>Sie reizen neue Haust\u00fcren? Prima, dann sind Sie bei uns exakt an der korrekten Adresse. Als spezialisiertes Unternehmen f\u00fchren wir eine gro\u00dfe Anzahl an Haust\u00fcren f\u00fcr jeden Geschmack und Zweck. F\u00fcr welche Version Sie sich letztendlich entscheiden: Sch\u00f6ne T\u00fcren sind immer ein echter Hingucker. In unserer Ausstellung pr\u00e4sentieren wir Ihnen von Montag bis Freitag zwischen 9.00 und 18.00 Uhr sowie am Samstag in der Zeit von 9:00 und 13:00 Uhr eine stattliche Anzahl von L\u00f6sungsalternativen. Die unterschiedlichen Anpassungsm\u00f6glichkeiten geben modernen Haust\u00fcren einen sehr speziellen Anstrich.<\/p>\n","protected":false},"excerpt":{"rendered":"<p>Sie interessieren sich f\u00fcr neue Haust\u00fcren? Dann besuchen Sie unsere Ausstellung! H\u00fcbsche Haust\u00fcren sind in gewisser Weise die Visitenkarte eines Wohn- oder Gesch\u00e4ftshauses. T\u00fcren zeugen immer auch von Individualit\u00e4t, Stil und Qualit\u00e4tsbewusstsein. Nicht zuletzt unterstreichen moderne Haust\u00fcren das Erscheinungsbild eines Hauses. Hochwertige Haust\u00fcren bieten neben einer optimalen Optik selbstverst\u00e4ndlich noch einiges mehr. Auch die Einbruchsvorsorge [&hellip;]<\/p>\n","protected":false},"author":1,"featured_media":0,"parent":0,"menu_order":0,"comment_status":"closed","ping_status":"closed","template":"","meta":{"footnotes":""},"class_list":["post-4315","page","type-page","status-publish","hentry"],"meta_box":{"popseo_subtitel":"Kaduk Bauelemente ist Ihr Experte f\u00fcr Haust\u00fcren im Raum L\u00fcneburg","popseo_subtitel2":"Haust\u00fcren - bei uns in gro\u00dfer Auswahl","popseo_lasttitel":"Haust\u00fcren: Unsere Mitarbeiter beantworten gerne Ihre Fragen","popseo_region":"L\u00fcneburg","popseo_sachwort":"Haust\u00fcren","popseo_noupdate":"","popseo_einleitungstext":"<p>Auf Wunsch informieren wir Sie n\u00e4her \u00fcber unser Produkt- und Leistungsprogramm. Wir zeigen Ihnen mit Vergn\u00fcgen auch einige Referenzprojekte, die Ihnen einen Einblick in unsere Arbeit geben.<br \/>\nSchenken Sie uns Ihr Vertrauen. Rufen Sie uns doch einfach einmal an oder senden Sie uns eine kurze E-Mail. Wir freuen uns auf den Kontakt zu Ihnen.<\/p>","popseo_schlusstext":"<p>Sie ben\u00f6tigen einen Fachpartner f\u00fcr moderne Sonnenschutz- und Sicherheitsl\u00f6sungen. Dann kontaktieren Sie uns bitte schnell. Wir freuen uns auf Ihren Anruf oder Ihre E-Mail. Wenn es um Bauelemente geht, sind wir Ihr verl\u00e4sslicher Handels- und Handwerkspartner. Wir bieten Ihnen hochwertige Produkte und eine fachm\u00e4nnisch durchgef\u00fchrte Arbeit nach dem jeweils neuesten Stand der Technik.<\/p>","popseo_stadttext":"<h3>Unser Leistungskatalog f\u00fcr Kunden aus L\u00fcneburg und Bleckede<\/h3>\n<p>Wir betreuen Kunden aus L\u00fcneburg und Bleckede. Durch unsere Vertriebst\u00e4tigkeit haben wir uns einen sehr guten \u00dcberblick \u00fcber die Stadtarchitektur der Gemeinden und St\u00e4dte unseres Einzugsbereiches erarbeiten k\u00f6nnen. Selbstverst\u00e4ndlich geh\u00f6rt auch Ihre Region zu unserem unmittelbaren Vertriebsgebiet. Wir freuen uns darauf, mit Ihnen ins Gespr\u00e4ch zu treten. <\/p>\n<h3>Wissenswertes \u00fcber L\u00fcneburg und Bleckede<\/h3>\n<p>In der nur 40 Kilometer s\u00fcdlich von der Metropole Hamburg gelegenen Stadt L\u00fcneburg wohnen zirka 70.000 Anwohner. Die Stadt erstreckt sich \u00fcber eine Gesamtfl\u00e4che von 70 qkm. L\u00fcneburg ist Kreisstadt des Kreises L\u00fcneburg und geh\u00f6rt zur Metropolregion Hamburg. Was viele nicht wissen: L\u00fcneburg ist eine historische Hansestadt. Malerisch an der Ilmenau gelegen, erfreut sich L\u00fcneburg gro\u00dfer Popularit\u00e4t bei Tagesbesuchern und Touristen. Die mehr als 300.000 \u00dcbernachtungen, die das nieders\u00e4chsische Landesamt f\u00fcr Statistik festgestellt hat, sprechen eine ganz klare Sprache. Insbesondere sehenswert ist die Innenstadt von L\u00fcneburg. Zahllose geschichtstr\u00e4chtige H\u00e4user verleihen der Stadt einen absolut einmaligen Charme. Bei einem Spaziergang durch das historische Zentrum von L\u00fcneburg sollte man ganz sicher die Kirche St. Nicolai im Wasserviertel, das Stadtschloss am Markt und den Stintmarkt am L\u00fcneburger Hafen besuchen. Wer ein wenig Zeit \u00fcbrig hat, macht Halt in einem der zahllosen sch\u00f6nen Caf\u00e9s am Marktplatz und l\u00e4sst einfach die wunderbare Stimmung von L\u00fcneburg auf sich wirken. Die zahlreichen Fachwerkgeb\u00e4ude geben dem st\u00e4dtischen Ensemble eine g\u00e4nzlich unverwechselbare Aura. Die beschauliche Universit\u00e4tsstadt ist bekannt f\u00fcr die Salzproduktion. In L\u00fcneburg liegt ein ein alter Salzstock. Dort wurde \u00fcber Jahrhunderte in gro\u00dfem Stile Salz abgebaut. Das Deutsche Salzmuseum L\u00fcneburg erinnert heute an diesen bedeutenden Teil der Stadtchronik. Au\u00dferdem ist der Stint eine ber\u00fchmte kulinarische K\u00f6stlichkeit. Dem kleinen Fisch begegnet man in L\u00fcneburg fast an jeder Ecke. Bei einem Besuch der nieders\u00e4chsischen Stadt sollte man ein Stint-Essen auf keinen Fall verpassen.      <\/p>\n<p>L\u00fcneburg liegt an der Schnellstra\u00dfe A39. Auch \u00fcber die Bundesstra\u00dfen B4, B209 und B216 gelangt man schnell und bequem in die nieders\u00e4chsische Mittelstadt. Auch das Umland \u2013 u.a. Salzhausen, Fleestedt, Hanstedt, Egestorf, Amelinghausen, Scharnebeck und Bienenb\u00fcttel - ist gut angebunden. Wer mit der Eisenbahn nach L\u00fcneburg fahren m\u00f6chte, kann dies \u00fcber die Streckenverbindung Hamburg-Hannover tun. Des Weiteren gibt es eine Regionalverbindung durch den Verkehrsbetrieb Metronom. Die Fahrdauer zwischen Hamburg und L\u00fcneburg betr\u00e4gt nur knapp 30 Minuten. <\/p>\n<h3>L\u00fcneburg und Bleckede: Hohe Wohnqualit\u00e4t, beste Infrastruktur!<\/h3>\n<p>Die Stadt Bleckede befindet sich im nieders\u00e4chsischen Landkreis L\u00fcneburg. Bleckede z\u00e4hlt etwas weniger als 10.000 Einwohner. Das st\u00e4dtische Areal streckt sich \u00fcber eine Gesamtfl\u00e4che von \u00fcber 139 Quadratkilometer. In unmittelbarer N\u00e4he liegen die Ortschaften Thomasburg, Dahlenburg, Vastorf und Amt Neuhaus. Zu Bleckede z\u00e4hlen insgesamt 15 Ortsteile. Die herrliche Lage direkt an der Elbe macht Bleckede interessant f\u00fcr Tagesbesucher und Touristen. Besonders auf zwei R\u00e4dern lohnt sich ein Ausflug nach Bleckede. Der Elbradweg sowie der Mecklenburgische Seen-Radweg laden zum entspannten Radfahren ein. Kennzeichnend f\u00fcr Bleckede sind die zahllosen Fachwerkbauten. Per pedes l\u00e4sst sich die eindrucksvolle Architektur besonders gut bewundern. Entsprechend stolz sind die Stadtv\u00e4ter von Bleckede darauf, dass der Ort Mitglied der Deutschen Fachwerkstra\u00dfe ist. Malerisch ist der Hafen von Bleckede. Bis heute machen viele Frachter hier Halt. Besucher sch\u00e4tzen ebenfalls den Fahrgastverkehr auf der Elbe. Eine touristische Besonderheit: Der altehrw\u00fcrdige Raddampfer Kaiser-Wilhelm legt turnusm\u00e4\u00dfig in Bleckede an. Prima ist der Hafen auch f\u00fcr die Sportschifffahrt. Die zahllosen Sportbootliegepl\u00e4tze zeigen die Anziehungskraft des Hafen eindrucksvoll. Bleckede ist bekannt f\u00fcr seine sch\u00f6ne Umgebung. Neben der schon genannten Deutschen Fachwerkstra\u00dfe f\u00fchrt ebenfalls die Deutsche Storchenstra\u00dfe durch Bleckede. Das innerst\u00e4dtisch zu bestaunende Storchennest ist eine ganz bedeutende Attraktion. Aus Richtung L\u00fcneburg kommend, kann man dar\u00fcber hinaus auch mit einer historischen Eisenbahn nach Bleckede fahren. Die Fahrt mit dem sogenannten Heide-Elbe-Express ist ein echter Tipp f\u00fcr Ausfl\u00fcgler in der Region.<\/p>\n<h4>Unsere Leistung f\u00fcr qualit\u00e4tsbewusste Kunden aus L\u00fcneburg und Bleckede<\/h4>\n<p>Klasse, dass Sie diese Seite gefunden haben. Wenn Sie ein Fachunternehmen ben\u00f6tigen, sind Sie bei uns an der richtigen Adresse. Sie m\u00f6chten mehr \u00fcber uns erfahren? F\u00fcr R\u00fcckfragen stehen wir Ihnen jederzeit zur Verf\u00fcgung. Auf den Kontakt zu Ihnen freuen wir uns.<\/p>","popseo_zusatztext":"<h3>Kaduk Bauelemente \u2013 Ihr Fachbetrieb f\u00fcr Sicht- und Sonnenschutz<\/h3>\n<p>Vertrauen Sie in Sachen Sonnenschutz und Sicherheit unbedingt auf die fachspezifische Leistung vom Fachbetrieb. Nur ein Fachbetrieb kennt die Tricks und Tipps, wie man zu einem sehr guten Ergebnis kommt. Um sich mit Fug und Recht als Fachbetrieb bezeichnen zu d\u00fcrfen, braucht es eine qualifizierte Ausbildung der Mitarbeiter und eine langj\u00e4hrige Berufserfahrung.  <\/p>\n<p>Unsere Firma empfiehlt sich als Ihr sachkundiger Fachbetrieb f\u00fcr Sicherheit und Sonnenschutz. Kommen Sie zum Ziel und schenken Sie unserem Fachbetrieb Ihr Vertrauen. Wir bieten Ihnen beispielsweise schicke Rolll\u00e4den und Markisen und legen allerh\u00f6chsten Wert auf einen perfekten Service. Schon seit vielen Jahren sind wir spezialisierter Fachbetrieb f\u00fcr Terrassend\u00e4cher, Markisen, Rolll\u00e4den und Au\u00dfenjalousien im Raum L\u00fcneburg. Es ist unser Bestreben, dass Sie lange Jahre viel Freude an Ihrem Sicht und Sonnenschutz haben. Von einem Fachbetrieb d\u00fcrfen Sie nat\u00fcrlich eine fehlerfreie Top-Leistung erwarten.<\/p>\n<h3>Dirk Kaduk Bauelemente \u2013 Ihr Fachbetrieb f\u00fcr Sicherheit und Sonnenschutz<\/h3>\n<p>Als Fachbetrieb darf sich ein Unternehmen bezeichnen, deren Mitarbeiter \u00fcber nachweisbare Qualifikationen verf\u00fcgen. Dies ist u.a. eine entsprechende Berufsausbildung oder ein Meisterbrief. Des Weiteren zeichnet eine intensive praktische Erfahrung einen Fachbetrieb aus. Schon seit vielen Jahren konzentrieren wir uns als spezialisiertes Unternehmen auf Sonnenschutz und Sicherheit von Geb\u00e4uden. In diesen vielen Jahren haben wir uns das Attribut Fachbetrieb fraglos erarbeitet. Wir verwenden ausnahmslos hochwertige Materialien. Hierbei achten wir stets auf ein faires Preis-Leistungsverh\u00e4ltnis. Unser Selbstverst\u00e4ndnis als Fachbetrieb: Wir bieten Ihnen 1a-Leistung zu einem sehr guten Preis.<\/p>","popseo_links":"<a href=\"https:\/\/www.kaduk-bauelemente.de\/leistungen\/kunststofffenster-geesthacht\/\">Kunststofffenster Geesthacht<\/a>, <a href=\"https:\/\/www.kaduk-bauelemente.de\/leistungen\/rollladen-jesteburg\/\">Rollladen Jesteburg<\/a>, <a href=\"https:\/\/www.kaduk-bauelemente.de\/leistungen\/terrassendaecher-aus-aluminium-adendorf\/\">Terrassend\u00e4cher aus Aluminium Adendorf<\/a>, <a href=\"https:\/\/www.kaduk-bauelemente.de\/leistungen\/rolllaeden-amelinghausen\/\">Rolll\u00e4den Amelinghausen<\/a>, <a href=\"https:\/\/www.kaduk-bauelemente.de\/leistungen\/markisen-buechen\/\">Markisen B\u00fcchen<\/a>, <a href=\"https:\/\/www.kaduk-bauelemente.de\/leistungen\/kunststofffenster-bergedorf-wentorf\/\">Kunststofffenster Bergedorf Wentorf<\/a>, <a href=\"https:\/\/www.kaduk-bauelemente.de\/leistungen\/garagen-winsen-luhe\/\">Garagen Winsen Luhe<\/a>, <a href=\"https:\/\/www.kaduk-bauelemente.de\/leistungen\/terrassendaecher-aus-aluminium-stelle\/\">Terrassend\u00e4cher aus Aluminium Stelle<\/a>, <a href=\"https:\/\/www.kaduk-bauelemente.de\/leistungen\/terrassenueberdachungen-aus-aluminium-bispingen\/\">Terrassen\u00fcberdachungen aus Aluminium Bispingen<\/a>, <a href=\"https:\/\/www.kaduk-bauelemente.de\/leistungen\/terrassenueberdachungen-aus-aluminium-harburg\/\">Terrassen\u00fcberdachungen aus Aluminium Harburg<\/a>, <a href=\"https:\/\/www.kaduk-bauelemente.de\/leistungen\/rolltore-salzhausen\/\">Rolltore Salzhausen<\/a>, <a href=\"https:\/\/www.kaduk-bauelemente.de\/leistungen\/insektenschutz-boizenburg\/\">Insektenschutz Boizenburg<\/a>, <a href=\"https:\/\/www.kaduk-bauelemente.de\/leistungen\/zaunbau-harburg\/\">Zaunbau Harburg<\/a>, <a href=\"https:\/\/www.kaduk-bauelemente.de\/leistungen\/kunststofffenster-harburg\/\">Kunststofffenster Harburg<\/a>, <a href=\"https:\/\/www.kaduk-bauelemente.de\/leistungen\/zaunbau-bardowick\/\">Zaunbau Bardowick<\/a>, <a href=\"https:\/\/www.kaduk-bauelemente.de\/leistungen\/markisen-jesteburg\/\">Markisen Jesteburg<\/a>, <a href=\"https:\/\/www.kaduk-bauelemente.de\/leistungen\/terrassenueberdachungen-aus-aluminium-buchholz\/\">Terrassen\u00fcberdachungen aus Aluminium Buchholz<\/a>, <a href=\"https:\/\/www.kaduk-bauelemente.de\/leistungen\/garagentore-buechen\/\">Garagentore B\u00fcchen<\/a>, <a href=\"https:\/\/www.kaduk-bauelemente.de\/leistungen\/garagentore-reppenstedt\/\">Garagentore Reppenstedt<\/a>, <a href=\"https:\/\/www.kaduk-bauelemente.de\/leistungen\/zaeune-herzogtum-lauenburg\/\">Z\u00e4une Herzogtum Lauenburg<\/a>, <a href=\"https:\/\/www.kaduk-bauelemente.de\/leistungen\/rolltore-lueneburg\/\">Rolltore L\u00fcneburg<\/a>, <a href=\"https:\/\/www.kaduk-bauelemente.de\/leistungen\/zaunbau-buechen\/\">Zaunbau B\u00fcchen<\/a>, <a href=\"https:\/\/www.kaduk-bauelemente.de\/leistungen\/zaeune-seevetal-rosengarten\/\">Z\u00e4une Seevetal Rosengarten<\/a>, <a href=\"https:\/\/www.kaduk-bauelemente.de\/leistungen\/sektionaltore-reppenstedt\/\">Sektionaltore Reppenstedt<\/a>, <a href=\"https:\/\/www.kaduk-bauelemente.de\/leistungen\/sektionaltore-winsen-luhe\/\">Sektionaltore Winsen Luhe<\/a>, <a href=\"https:\/\/www.kaduk-bauelemente.de\/leistungen\/rolllaeden-adendorf\/\">Rolll\u00e4den Adendorf<\/a>"},"_links":{"self":[{"href":"https:\/\/www.kaduk-bauelemente.de\/leistungen\/wp-json\/wp\/v2\/pages\/4315","targetHints":{"allow":["GET"]}}],"collection":[{"href":"https:\/\/www.kaduk-bauelemente.de\/leistungen\/wp-json\/wp\/v2\/pages"}],"about":[{"href":"https:\/\/www.kaduk-bauelemente.de\/leistungen\/wp-json\/wp\/v2\/types\/page"}],"author":[{"embeddable":true,"href":"https:\/\/www.kaduk-bauelemente.de\/leistungen\/wp-json\/wp\/v2\/users\/1"}],"replies":[{"embeddable":true,"href":"https:\/\/www.kaduk-bauelemente.de\/leistungen\/wp-json\/wp\/v2\/comments?post=4315"}],"version-history":[{"count":0,"href":"https:\/\/www.kaduk-bauelemente.de\/leistungen\/wp-json\/wp\/v2\/pages\/4315\/revisions"}],"wp:attachment":[{"href":"https:\/\/www.kaduk-bauelemente.de\/leistungen\/wp-json\/wp\/v2\/media?parent=4315"}],"curies":[{"name":"wp","href":"https:\/\/api.w.org\/{rel}","templated":true}]}}