{"id":4314,"date":"2021-08-25T12:18:53","date_gmt":"2021-08-25T10:18:53","guid":{"rendered":"https:\/\/www.kaduk-bauelemente.de\/leistungen\/haustueren-jesteburg\/"},"modified":"2021-08-25T12:18:53","modified_gmt":"2021-08-25T10:18:53","slug":"haustueren-jesteburg","status":"publish","type":"page","link":"https:\/\/www.kaduk-bauelemente.de\/leistungen\/haustueren-jesteburg\/","title":{"rendered":"Haust\u00fcren &#8211; Jesteburg"},"content":{"rendered":"<h3>Neue Haust\u00fcren f\u00fcr Ihre Immobilie<\/h3>\n<p>Sch\u00f6ne Haust\u00fcren sind gewisserma\u00dfen die Visitenkarte eines Geb\u00e4udes. T\u00fcren zeugen immer auch von Individualit\u00e4t, Geschmack und Qualit\u00e4tsbewusstsein. Nicht zuletzt betonen moderne Haust\u00fcren die Architektur eines Gesch\u00e4fts- und Wohnhauses. Ansprechende Haust\u00fcren bieten neben einer optimalen Optik nat\u00fcrlich noch einiges mehr. Auch die Einbruchsvorsorge und einen Beitrag zum Energiehaushalt k\u00f6nnen Sie erwarten. <\/p>\n<p>Wer eine hochwertige T\u00fcr sucht, steht vor der Wahl: Sie m\u00fcssen bei Haust\u00fcren zwischen traditionellem und modernem Design w\u00e4hlen. Au\u00dferdem sind T\u00fcren in Aluminium, Kunststoff oder Holz erh\u00e4ltlich. <\/p>\n<h3>Neue Haust\u00fcren sind auch optisch ein Gewinn!<\/h3>\n<p>Sie reizen neue Haust\u00fcren? Prima, in dem Fall sind Sie bei uns genau an der korrekten Adresse. Als spezialisiertes Fachunternehmen f\u00fchren wir zahllose Haust\u00fcren f\u00fcr jedweden Geschmack und Zweck. F\u00fcr welche Version Sie sich letzlich entscheiden: Exklusive T\u00fcren sind immer ein echter Hingucker. In unserer Ausstellung zeigen wir Ihnen montags bis freitags in der Zeit von 9.00 und 18.00 Uhr sowie samstags zwischen 9:00 und 13:00 Uhr eine gro\u00dfe Anzahl von L\u00f6sungsalternativen. Die unterschiedlichen Gestaltungsoptionen geben modernen Haust\u00fcren einen \u00e4u\u00dferst speziellen Anstrich.<\/p>\n","protected":false},"excerpt":{"rendered":"<p>Neue Haust\u00fcren f\u00fcr Ihre Immobilie Sch\u00f6ne Haust\u00fcren sind gewisserma\u00dfen die Visitenkarte eines Geb\u00e4udes. T\u00fcren zeugen immer auch von Individualit\u00e4t, Geschmack und Qualit\u00e4tsbewusstsein. Nicht zuletzt betonen moderne Haust\u00fcren die Architektur eines Gesch\u00e4fts- und Wohnhauses. Ansprechende Haust\u00fcren bieten neben einer optimalen Optik nat\u00fcrlich noch einiges mehr. Auch die Einbruchsvorsorge und einen Beitrag zum Energiehaushalt k\u00f6nnen Sie erwarten. [&hellip;]<\/p>\n","protected":false},"author":1,"featured_media":0,"parent":0,"menu_order":0,"comment_status":"closed","ping_status":"closed","template":"","meta":{"footnotes":""},"class_list":["post-4314","page","type-page","status-publish","hentry"],"meta_box":{"popseo_subtitel":"Wir sind Ihr erfahrener Fachbetrieb f\u00fcr Haust\u00fcren in Jesteburg","popseo_subtitel2":"Haust\u00fcren - wir haben die richtige L\u00f6sung f\u00fcr Sie","popseo_lasttitel":"Haust\u00fcren: Wir beantworten Ihre Fragen!","popseo_region":"Jesteburg","popseo_sachwort":"Haust\u00fcren","popseo_noupdate":"","popseo_einleitungstext":"<p>Sie wollen Ihre Gesch\u00e4fts- oder Wohnimmobilie mit modernen Bauelementen ausstatten lassen und m\u00f6chten sich \u00fcber unser Produkt- und Leistungsangebot informieren? Prima, dann sind Sie auf dieser Seite an der richtigen Adresse. Unser Produktportfolio umfasst beispielsweise Terrassend\u00e4cher, Markisen, Rolltore, T\u00fcren, Fenster, Au\u00dfenjalousien, Rolll\u00e4den und Carports. Als auf Sonnenschutz und Sicherheit spezialisiertes Unternehmen \u00fcbernehmen wir gerne auch Montage- und Reparaturarbeiten. Erfahren Sie auf dieser und den nachfolgenden Seiten mehr \u00fcber uns und unser Angebot. \u00dcber Ihr Interesse freuen wir uns sehr.<\/p>","popseo_schlusstext":"<p>Auf Wunsch informieren wir Sie n\u00e4her \u00fcber unser Produkt- und Leistungsprogramm. Wir nennen Ihnen mit Vergn\u00fcgen auch einige Referenzen, die Ihnen einen Einblick in unsere T\u00e4tigkeit geben.<br \/>\nWir sind f\u00fcr Sie da. Rufen Sie uns doch einfach einmal an oder schicken Sie uns eine kurze E-Mail. Wir freuen uns auf Ihre Kontaktaufnahme.<\/p>","popseo_stadttext":"<h3>Wohn- und Gewerbestandort Jesteburg<\/h3>\n<p>Durch unsere Vertriebst\u00e4tigkeit haben wir uns einen ausgezeichneten \u00dcberblick \u00fcber die Architektur der St\u00e4dte und Gemeinden unseres Einzugsbereiches erarbeiten k\u00f6nnen. Selbstverst\u00e4ndlich geh\u00f6rt auch Jesteburg zu unserem unmittelbaren Gesch\u00e4ftsgebiet. Wir freuen uns darauf, mit Ihnen ins Gespr\u00e4ch zu kommen. <\/p>\n<h3>Leben und Arbeiten in Jesteburg<\/h3>\n<p>Jesteburg liegt im Norden von Niedersachsen und ist in etwa 30 Kilometer von der Hansestadt Hamburg entfernt. Auf einer Gesamtfl\u00e4che von gut 28 Quadratkilometern leben rund 8.000 B\u00fcrger. <\/p>\n<p>Organisatorisch z\u00e4hlt Jesteburg zum Kreis Harburg. Nur 10 Kilometer von Jesteburg entfernt liegt die L\u00fcneburger Heide, ein immer wieder faszinierender Naturpark. Jesteburg hat insgesamt vier Gemeindeteile: Reindorfer Osterberg, Wiedenhof, Itzenb\u00fcttel und L\u00fcllau. Berufspendler bewerten an Jesteburg speziell die zentrale Lage positiv. Wer seinen Arbeitsplatz z.B. in der Freien und Hansestadt Hamburg hat, genie\u00dft sowohl die N\u00e4he zur Metropole als auch das ruhige Leben am Stadtrand. Jesteburg ist ohne Wenn und Aber ein ausgezeichneter Ort zum Leben. \u00dcber die Stadtmauern hinaus bekannt ist Jesteburg durch die alle 12 Monate stattfindende Kunstwoche Jesteburg. \u00dcber 60 K\u00fcnstler stellen auf dem renommierten Kunstevent ihre Werke aus. In der Kunstst\u00e4tte Bossard werden au\u00dferdem Arbeiten aus den Gattungen Malerei, Bildhauerei und Architektur pr\u00e4sentiert. <\/p>\n<h4>Privat- und Gesch\u00e4ftskunden aus Jesteburg sch\u00e4tzen unsere Leistungen!<\/h4>\n<p>Sie interessieren sich f\u00fcr unser Angebot und sind hier im World Wide Web auf unsere Website gesto\u00dfen? Dar\u00fcber freuen wir uns sehr. Sehr gerne pr\u00e4sentieren wir Ihnen unser komplettes Leistungsspektrum und beantworten Ihre Fragen. Auf den Kontakt zu Ihnen freuen wir uns.<\/p>","popseo_zusatztext":"<h3>Qualit\u00e4t kann auch g\u00fcnstig und preiswert sein<\/h3>\n<p>Bauelemente m\u00fcssen h\u00f6chsten Anforderungen gerecht werden. Gleichzeitig mu\u00df es g\u00fcnstig und preiswert sein. Das muss generell kein Gegensatz sein. <\/p>\n<p>Als Fachbetrieb f\u00fcr Sonnenschutz und Sicherheit verwenden wir ausnahmslos qualitativ hochwertige Produkte. Nichtsdestotrotz achten wir grunds\u00e4tzlich auf ein passendes Preis-Leistungsverh\u00e4ltnis. Wir m\u00f6chten Ihnen Qualit\u00e4t anbieten, die trotzdem auch g\u00fcnstig und preiswert ist. Geben Sie Ihrem Heim g\u00fcnstig und preiswert das gewisse Mehr an Qualit\u00e4t. Markisen und Rolll\u00e4den oder andere Sonnenschutzl\u00f6sungen sehen nicht nur hervorragend aus, sie leisten auch einen bedeutenden Anteil zur W\u00e4rmed\u00e4mmung.  <\/p>\n<h3>G\u00fcnstig und preiswert \u2013 trotzdem individuell und schick<\/h3>\n<p>D\u00fcrfen wir Sie beraten, wie Sie g\u00fcnstig und preiswert einen perfekten Sonnenschutz f\u00fcr Ihr Haus verwirklichen? Toll, dann z\u00f6gern Sie bitte nicht und nehmen am besten gleich heute noch Kontakt mit uns auf. Ein kurzer Anruf oder eine schnelle E-Mail gen\u00fcgen. Mit Vergn\u00fcgen informieren Sie unsere gut ausgebildeten Spezialisten \u00fcber die unterschiedlichen Optionen, wie Sie Ihr Haus g\u00fcnstig und preiswert mit Markisen und Rolll\u00e4den oder anderen Sonnenschutzprodukten versehen. Wir freuen uns auf das Gespr\u00e4ch mit Ihnen. <\/p>\n<h4>Hochwertige Arbeit g\u00fcnstig und preiswert<\/h4>\n<p>Vertrauen Sie beim Thema Sonnenschutz und Sicherheit auf den Profi. Nur ein Spezialbetrieb kennt die diversen M\u00f6glichkeiten, wie Sie g\u00fcnstig und preiswert, zugleich qualitativ spitze einen optimalen Sonnenschutz verwirklichen. Qualit\u00e4tsbewusst, g\u00fcnstig und preiswert: Wir empfehlen uns als spezialisiertes Unternehmen im norddeutschen Gebiet. Unsere gro\u00dfe Erfahrung spricht f\u00fcr uns.<\/p>","popseo_links":"<a href=\"https:\/\/www.kaduk-bauelemente.de\/leistungen\/garagentore-reppenstedt\/\">Garagentore Reppenstedt<\/a>, <a href=\"https:\/\/www.kaduk-bauelemente.de\/leistungen\/rolltore-amelinghausen\/\">Rolltore Amelinghausen<\/a>, <a href=\"https:\/\/www.kaduk-bauelemente.de\/leistungen\/insektenschutz-ebstorf\/\">Insektenschutz Ebstorf<\/a>, <a href=\"https:\/\/www.kaduk-bauelemente.de\/leistungen\/terrassendaecher-aus-holz-herzogtum-lauenburg\/\">Terrassend\u00e4cher aus Holz Herzogtum Lauenburg<\/a>, <a href=\"https:\/\/www.kaduk-bauelemente.de\/leistungen\/zaunbau-bergedorf-wentorf\/\">Zaunbau Bergedorf Wentorf<\/a>, <a href=\"https:\/\/www.kaduk-bauelemente.de\/leistungen\/zaunbau-stelle\/\">Zaunbau Stelle<\/a>, <a href=\"https:\/\/www.kaduk-bauelemente.de\/leistungen\/sektionaltore-hanstedt\/\">Sektionaltore Hanstedt<\/a>, <a href=\"https:\/\/www.kaduk-bauelemente.de\/leistungen\/rolllaeden-jesteburg\/\">Rolll\u00e4den Jesteburg<\/a>, <a href=\"https:\/\/www.kaduk-bauelemente.de\/leistungen\/terrassenueberdachungen-aus-aluminium-uelzen\/\">Terrassen\u00fcberdachungen aus Aluminium Uelzen<\/a>, <a href=\"https:\/\/www.kaduk-bauelemente.de\/leistungen\/tueren-uelzen\/\">T\u00fcren Uelzen<\/a>, <a href=\"https:\/\/www.kaduk-bauelemente.de\/leistungen\/fliegengitter-adendorf\/\">Fliegengitter Adendorf<\/a>, <a href=\"https:\/\/www.kaduk-bauelemente.de\/leistungen\/zaunbau-maschen\/\">Zaunbau Maschen<\/a>, <a href=\"https:\/\/www.kaduk-bauelemente.de\/leistungen\/rolltore-hanstedt\/\">Rolltore Hanstedt<\/a>, <a href=\"https:\/\/www.kaduk-bauelemente.de\/leistungen\/fliegengitter-bardowick\/\">Fliegengitter Bardowick<\/a>, <a href=\"https:\/\/www.kaduk-bauelemente.de\/leistungen\/terrassendaecher-aus-aluminium-herzogtum-lauenburg\/\">Terrassend\u00e4cher aus Aluminium Herzogtum Lauenburg<\/a>, <a href=\"https:\/\/www.kaduk-bauelemente.de\/leistungen\/garagen-bergedorf-wentorf\/\">Garagen Bergedorf Wentorf<\/a>, <a href=\"https:\/\/www.kaduk-bauelemente.de\/leistungen\/markisen-reinbek-glinde\/\">Markisen Reinbek Glinde<\/a>, <a href=\"https:\/\/www.kaduk-bauelemente.de\/leistungen\/holzfenster-lueneburg\/\">Holzfenster L\u00fcneburg<\/a>, <a href=\"https:\/\/www.kaduk-bauelemente.de\/leistungen\/holzfenster-tostedt-sittensen\/\">Holzfenster Tostedt Sittensen<\/a>, <a href=\"https:\/\/www.kaduk-bauelemente.de\/leistungen\/markisen-bardowick\/\">Markisen Bardowick<\/a>, <a href=\"https:\/\/www.kaduk-bauelemente.de\/leistungen\/markisen-uelzen\/\">Markisen Uelzen<\/a>, <a href=\"https:\/\/www.kaduk-bauelemente.de\/leistungen\/markisen-winsen-luhe\/\">Markisen Winsen Luhe<\/a>, <a href=\"https:\/\/www.kaduk-bauelemente.de\/leistungen\/carports-schwarzenbek\/\">Carports Schwarzenbek<\/a>, <a href=\"https:\/\/www.kaduk-bauelemente.de\/leistungen\/fliegengitter-bienenbuettel\/\">Fliegengitter Bienenb\u00fcttel<\/a>, <a href=\"https:\/\/www.kaduk-bauelemente.de\/leistungen\/zaeune-bad-bevensen\/\">Z\u00e4une Bad Bevensen<\/a>, <a href=\"https:\/\/www.kaduk-bauelemente.de\/leistungen\/terrassendaecher-aus-aluminium-tostedt-sittensen\/\">Terrassend\u00e4cher aus Aluminium Tostedt Sittensen<\/a>"},"_links":{"self":[{"href":"https:\/\/www.kaduk-bauelemente.de\/leistungen\/wp-json\/wp\/v2\/pages\/4314","targetHints":{"allow":["GET"]}}],"collection":[{"href":"https:\/\/www.kaduk-bauelemente.de\/leistungen\/wp-json\/wp\/v2\/pages"}],"about":[{"href":"https:\/\/www.kaduk-bauelemente.de\/leistungen\/wp-json\/wp\/v2\/types\/page"}],"author":[{"embeddable":true,"href":"https:\/\/www.kaduk-bauelemente.de\/leistungen\/wp-json\/wp\/v2\/users\/1"}],"replies":[{"embeddable":true,"href":"https:\/\/www.kaduk-bauelemente.de\/leistungen\/wp-json\/wp\/v2\/comments?post=4314"}],"version-history":[{"count":0,"href":"https:\/\/www.kaduk-bauelemente.de\/leistungen\/wp-json\/wp\/v2\/pages\/4314\/revisions"}],"wp:attachment":[{"href":"https:\/\/www.kaduk-bauelemente.de\/leistungen\/wp-json\/wp\/v2\/media?parent=4314"}],"curies":[{"name":"wp","href":"https:\/\/api.w.org\/{rel}","templated":true}]}}